{"id":20283,"date":"2024-09-09T06:24:59","date_gmt":"2024-09-09T06:24:59","guid":{"rendered":"https:\/\/aztex.ee\/pood\/unkategorisiert\/premium-voodipesukomplekt-100-bambus-heleroosa\/"},"modified":"2025-07-04T21:30:50","modified_gmt":"2025-07-04T21:30:50","slug":"premium-bettwaesche-set-100-bambus-hellrosa","status":"publish","type":"product","link":"https:\/\/aztex.ee\/de\/pood\/bettwaesche\/premium-bettwaesche-set-100-bambus-hellrosa\/","title":{"rendered":"Premium Bettw\u00e4sche-Set 100% Bambus | Hellrosa"},"content":{"rendered":"<p>Bambus-Bettw\u00e4sche-Sets sind hochwertige, weiche und atmungsaktive Textilprodukte aus nat\u00fcrlichen Bambusfasern. Diese Sets wurden speziell entwickelt, um einen angenehmen Schlaf zu gew\u00e4hrleisten. Bambusfasern sind von Natur aus atmungsaktiv und haben die F\u00e4higkeit, Feuchtigkeit abzuleiten, was Schwitzen verhindert und Sie l\u00e4nger sauber und frisch h\u00e4lt.<\/p>\n<p>Bei Bambus-Bettw\u00e4schesets werden in der Regel umweltfreundliche und nachhaltige Materialien verwendet. Die Bambuspflanze ist f\u00fcr ihr schnelles Wachstum und ihren geringen Wasserverbrauch bekannt, wodurch die Umweltbelastung durch den Produktionsprozess verringert wird. Dar\u00fcber hinaus sorgt die Bambusfaser mit ihrer weichen Textur f\u00fcr ein luxuri\u00f6ses Gef\u00fchl und ist sanft zur Haut, ohne sie zu sch\u00e4digen.<\/p>\n<p>Bettw\u00e4schesets aus Bambus verf\u00fcgen \u00fcber nat\u00fcrliche antibakterielle und antiallergische Eigenschaften, die f\u00fcr Hygiene sorgen und f\u00fcr Komfort beim Schlafen sorgen. Sie sind f\u00fcr ihre erfrischende und k\u00fchlende Wirkung bei hei\u00dfem Wetter bekannt.<\/p>\n<p>Daher sind Bambusbettw\u00e4sche-Sets umweltfreundliche und komfortable Produkte, die ihren Benutzern einen guten Schlaf bieten.<\/p>\n","protected":false},"excerpt":{"rendered":"<p>Bettw\u00e4sche aus 100 % nachhaltig angebautem Bambus ist hypoallergen und antibakteriell.<\/p>\n<ul>\n<li>Farbe: Hellrosa<\/li>\n<li>Material: 100% Bambus<\/li>\n<li>Fadenzahl: 300 TC<\/li>\n<li>Bettbezug: 200\u00d7220 cm<\/li>\n<li>Bettlaken: 220\u00d7240 cm<\/li>\n<li>Kissenbezug: 50&#215;70 cm (2 St\u00fcck)<\/li>\n<\/ul>\n<p>Hypoallergen und feuchtigkeitstransportierend.<br \/>\nEine ideale Wahl f\u00fcr empfindliche Haut oder Ekzeme, insbesondere f\u00fcr Menschen, die nachts zum Schwitzen neigen. Bambus-Bettw\u00e4sche-Sets sind in einer Tasche aus dem gleichen Stoff verpackt.<\/p>\n<p><img loading=\"lazy\" decoding=\"async\" class=\"alignnone wp-image-20226\" src=\"https:\/\/aztex.ee\/wp-content\/uploads\/2024\/09\/oekotex100.png\" alt=\"\" width=\"196\" height=\"69\" srcset=\"https:\/\/aztex.ee\/wp-content\/uploads\/2024\/09\/oekotex100.png 204w, https:\/\/aztex.ee\/wp-content\/uploads\/2024\/09\/oekotex100-150x53.png 150w\" sizes=\"auto, (max-width: 196px) 100vw, 196px\" \/><img loading=\"lazy\" decoding=\"async\" class=\"alignnone wp-image-20260\" src=\"https:\/\/aztex.ee\/wp-content\/uploads\/2024\/09\/bambuuss.png\" alt=\"\" width=\"75\" height=\"75\" srcset=\"https:\/\/aztex.ee\/wp-content\/uploads\/2024\/09\/bambuuss.png 204w, https:\/\/aztex.ee\/wp-content\/uploads\/2024\/09\/bambuuss-150x150.png 150w\" sizes=\"auto, (max-width: 75px) 100vw, 75px\" \/><\/p>\n","protected":false},"featured_media":106989,"comment_status":"open","ping_status":"closed","template":"","meta":[],"product_brand":[],"product_cat":[141,400,108,509],"product_tag":[],"class_list":{"0":"post-20283","1":"product","2":"type-product","3":"status-publish","4":"has-post-thumbnail","6":"product_cat-bambus-bettwasche","7":"product_cat-bambus-bettwasche-sets","8":"product_cat-bettwaesche","9":"product_cat-bettwasche-sets","11":"first","12":"instock","13":"sale","14":"shipping-taxable","15":"purchasable","16":"product-type-simple"},"yoast_head":"<!-- This site is optimized with the Yoast SEO plugin v27.4 - https:\/\/yoast.com\/product\/yoast-seo-wordpress\/ -->\n<title>Premium Bettw\u00e4sche-Set 100% Bambus - Hellrosa | AZTEX<\/title>\n<meta name=\"description\" content=\"Bambus Bettw\u00e4sche-Sets sind hochwertige, weiche und atmungsaktive Textilprodukte aus nat\u00fcrlichen Bambusfasern. Diese Sets wurden speziell entwickelt, ....\" \/>\n<meta name=\"robots\" content=\"index, follow, max-snippet:-1, max-image-preview:large, max-video-preview:-1\" \/>\n<link rel=\"canonical\" href=\"https:\/\/aztex.ee\/de\/pood\/bettwaesche\/premium-bettwaesche-set-100-bambus-hellrosa\/\" \/>\n<meta property=\"og:locale\" content=\"de_DE\" \/>\n<meta property=\"og:type\" content=\"article\" \/>\n<meta property=\"og:title\" content=\"Premium Bettw\u00e4sche-Set 100% Bambus - Hellrosa | AZTEX\" \/>\n<meta property=\"og:description\" content=\"Bambus Bettw\u00e4sche-Sets sind hochwertige, weiche und atmungsaktive Textilprodukte aus nat\u00fcrlichen Bambusfasern. Diese Sets wurden speziell entwickelt, ....\" \/>\n<meta property=\"og:url\" content=\"https:\/\/aztex.ee\/de\/pood\/bettwaesche\/premium-bettwaesche-set-100-bambus-hellrosa\/\" \/>\n<meta property=\"og:site_name\" content=\"AZTEX\" \/>\n<meta property=\"article:publisher\" content=\"https:\/\/www.facebook.com\/AztexEE\" \/>\n<meta property=\"article:modified_time\" content=\"2025-07-04T21:30:50+00:00\" \/>\n<meta property=\"og:image\" content=\"https:\/\/aztex.ee\/wp-content\/uploads\/2024\/09\/voodipesukomplekt-100-bambus-1.jpg\" \/>\n\t<meta property=\"og:image:width\" content=\"800\" \/>\n\t<meta property=\"og:image:height\" content=\"800\" \/>\n\t<meta property=\"og:image:type\" content=\"image\/jpeg\" \/>\n<meta name=\"twitter:card\" content=\"summary_large_image\" \/>\n<meta name=\"twitter:label1\" content=\"Gesch\u00e4tzte Lesezeit\" \/>\n\t<meta name=\"twitter:data1\" content=\"1\u00a0Minute\" \/>\n<script type=\"application\/ld+json\" class=\"yoast-schema-graph\">{\"@context\":\"https:\\\/\\\/schema.org\",\"@graph\":[{\"@type\":[\"WebPage\",\"ItemPage\"],\"@id\":\"https:\\\/\\\/aztex.ee\\\/de\\\/pood\\\/bettwaesche\\\/premium-bettwaesche-set-100-bambus-hellrosa\\\/\",\"url\":\"https:\\\/\\\/aztex.ee\\\/de\\\/pood\\\/bettwaesche\\\/premium-bettwaesche-set-100-bambus-hellrosa\\\/\",\"name\":\"Premium Bettw\u00e4sche-Set 100% Bambus - Hellrosa | AZTEX\",\"isPartOf\":{\"@id\":\"https:\\\/\\\/aztex.ee\\\/de\\\/#website\"},\"primaryImageOfPage\":{\"@id\":\"https:\\\/\\\/aztex.ee\\\/de\\\/pood\\\/bettwaesche\\\/premium-bettwaesche-set-100-bambus-hellrosa\\\/#primaryimage\"},\"image\":{\"@id\":\"https:\\\/\\\/aztex.ee\\\/de\\\/pood\\\/bettwaesche\\\/premium-bettwaesche-set-100-bambus-hellrosa\\\/#primaryimage\"},\"thumbnailUrl\":\"https:\\\/\\\/aztex.ee\\\/wp-content\\\/uploads\\\/2024\\\/09\\\/voodipesukomplekt-bambus-Heleroosa.jpg\",\"datePublished\":\"2024-09-09T06:24:59+00:00\",\"dateModified\":\"2025-07-04T21:30:50+00:00\",\"description\":\"Bambus Bettw\u00e4sche-Sets sind hochwertige, weiche und atmungsaktive Textilprodukte aus nat\u00fcrlichen Bambusfasern. Diese Sets wurden speziell entwickelt, ....\",\"breadcrumb\":{\"@id\":\"https:\\\/\\\/aztex.ee\\\/de\\\/pood\\\/bettwaesche\\\/premium-bettwaesche-set-100-bambus-hellrosa\\\/#breadcrumb\"},\"inLanguage\":\"de\",\"potentialAction\":[{\"@type\":\"ReadAction\",\"target\":[\"https:\\\/\\\/aztex.ee\\\/de\\\/pood\\\/bettwaesche\\\/premium-bettwaesche-set-100-bambus-hellrosa\\\/\"]}]},{\"@type\":\"ImageObject\",\"inLanguage\":\"de\",\"@id\":\"https:\\\/\\\/aztex.ee\\\/de\\\/pood\\\/bettwaesche\\\/premium-bettwaesche-set-100-bambus-hellrosa\\\/#primaryimage\",\"url\":\"https:\\\/\\\/aztex.ee\\\/wp-content\\\/uploads\\\/2024\\\/09\\\/voodipesukomplekt-bambus-Heleroosa.jpg\",\"contentUrl\":\"https:\\\/\\\/aztex.ee\\\/wp-content\\\/uploads\\\/2024\\\/09\\\/voodipesukomplekt-bambus-Heleroosa.jpg\",\"width\":800,\"height\":800,\"caption\":\"voodipesukomplekt bambus Heleroosa\"},{\"@type\":\"BreadcrumbList\",\"@id\":\"https:\\\/\\\/aztex.ee\\\/de\\\/pood\\\/bettwaesche\\\/premium-bettwaesche-set-100-bambus-hellrosa\\\/#breadcrumb\",\"itemListElement\":[{\"@type\":\"ListItem\",\"position\":1,\"name\":\"Startseite\",\"item\":\"https:\\\/\\\/aztex.ee\\\/de\\\/\"},{\"@type\":\"ListItem\",\"position\":2,\"name\":\"Shop\",\"item\":\"https:\\\/\\\/aztex.ee\\\/de\\\/shop\\\/\"},{\"@type\":\"ListItem\",\"position\":3,\"name\":\"Premium Bettw\u00e4sche-Set 100% Bambus | Hellrosa\"}]},{\"@type\":\"WebSite\",\"@id\":\"https:\\\/\\\/aztex.ee\\\/de\\\/#website\",\"url\":\"https:\\\/\\\/aztex.ee\\\/de\\\/\",\"name\":\"AZTEX\",\"description\":\"\",\"publisher\":{\"@id\":\"https:\\\/\\\/aztex.ee\\\/de\\\/#organization\"},\"potentialAction\":[{\"@type\":\"SearchAction\",\"target\":{\"@type\":\"EntryPoint\",\"urlTemplate\":\"https:\\\/\\\/aztex.ee\\\/de\\\/?s={search_term_string}\"},\"query-input\":{\"@type\":\"PropertyValueSpecification\",\"valueRequired\":true,\"valueName\":\"search_term_string\"}}],\"inLanguage\":\"de\"},{\"@type\":\"Organization\",\"@id\":\"https:\\\/\\\/aztex.ee\\\/de\\\/#organization\",\"name\":\"AZTEX\",\"url\":\"https:\\\/\\\/aztex.ee\\\/de\\\/\",\"logo\":{\"@type\":\"ImageObject\",\"inLanguage\":\"de\",\"@id\":\"https:\\\/\\\/aztex.ee\\\/de\\\/#\\\/schema\\\/logo\\\/image\\\/\",\"url\":\"https:\\\/\\\/aztex.ee\\\/wp-content\\\/uploads\\\/2026\\\/01\\\/AZTEX.png\",\"contentUrl\":\"https:\\\/\\\/aztex.ee\\\/wp-content\\\/uploads\\\/2026\\\/01\\\/AZTEX.png\",\"width\":500,\"height\":500,\"caption\":\"AZTEX\"},\"image\":{\"@id\":\"https:\\\/\\\/aztex.ee\\\/de\\\/#\\\/schema\\\/logo\\\/image\\\/\"},\"sameAs\":[\"https:\\\/\\\/www.facebook.com\\\/AztexEE\",\"https:\\\/\\\/www.instagram.com\\\/aztexeesti\\\/\",\"https:\\\/\\\/www.youtube.com\\\/@AZTEXEE\",\"https:\\\/\\\/www.pinterest.com\\\/aztex_eesti\\\/\",\"https:\\\/\\\/www.tiktok.com\\\/@aztexeesti\",\"https:\\\/\\\/www.trustpilot.com\\\/review\\\/aztex.ee\",\"https:\\\/\\\/www.linkedin.com\\\/company\\\/aztex-ee\\\/\",\"https:\\\/\\\/www.wikidata.org\\\/wiki\\\/Q137560182\"]}]}<\/script>\n<!-- \/ Yoast SEO plugin. -->","yoast_head_json":{"title":"Premium Bettw\u00e4sche-Set 100% Bambus - Hellrosa | AZTEX","description":"Bambus Bettw\u00e4sche-Sets sind hochwertige, weiche und atmungsaktive Textilprodukte aus nat\u00fcrlichen Bambusfasern. Diese Sets wurden speziell entwickelt, ....","robots":{"index":"index","follow":"follow","max-snippet":"max-snippet:-1","max-image-preview":"max-image-preview:large","max-video-preview":"max-video-preview:-1"},"canonical":"https:\/\/aztex.ee\/de\/pood\/bettwaesche\/premium-bettwaesche-set-100-bambus-hellrosa\/","og_locale":"de_DE","og_type":"article","og_title":"Premium Bettw\u00e4sche-Set 100% Bambus - Hellrosa | AZTEX","og_description":"Bambus Bettw\u00e4sche-Sets sind hochwertige, weiche und atmungsaktive Textilprodukte aus nat\u00fcrlichen Bambusfasern. Diese Sets wurden speziell entwickelt, ....","og_url":"https:\/\/aztex.ee\/de\/pood\/bettwaesche\/premium-bettwaesche-set-100-bambus-hellrosa\/","og_site_name":"AZTEX","article_publisher":"https:\/\/www.facebook.com\/AztexEE","article_modified_time":"2025-07-04T21:30:50+00:00","og_image":[{"width":800,"height":800,"url":"https:\/\/aztex.ee\/wp-content\/uploads\/2024\/09\/voodipesukomplekt-100-bambus-1.jpg","type":"image\/jpeg"}],"twitter_card":"summary_large_image","twitter_misc":{"Gesch\u00e4tzte Lesezeit":"1\u00a0Minute"},"schema":{"@context":"https:\/\/schema.org","@graph":[{"@type":["WebPage","ItemPage"],"@id":"https:\/\/aztex.ee\/de\/pood\/bettwaesche\/premium-bettwaesche-set-100-bambus-hellrosa\/","url":"https:\/\/aztex.ee\/de\/pood\/bettwaesche\/premium-bettwaesche-set-100-bambus-hellrosa\/","name":"Premium Bettw\u00e4sche-Set 100% Bambus - Hellrosa | AZTEX","isPartOf":{"@id":"https:\/\/aztex.ee\/de\/#website"},"primaryImageOfPage":{"@id":"https:\/\/aztex.ee\/de\/pood\/bettwaesche\/premium-bettwaesche-set-100-bambus-hellrosa\/#primaryimage"},"image":{"@id":"https:\/\/aztex.ee\/de\/pood\/bettwaesche\/premium-bettwaesche-set-100-bambus-hellrosa\/#primaryimage"},"thumbnailUrl":"https:\/\/aztex.ee\/wp-content\/uploads\/2024\/09\/voodipesukomplekt-bambus-Heleroosa.jpg","datePublished":"2024-09-09T06:24:59+00:00","dateModified":"2025-07-04T21:30:50+00:00","description":"Bambus Bettw\u00e4sche-Sets sind hochwertige, weiche und atmungsaktive Textilprodukte aus nat\u00fcrlichen Bambusfasern. Diese Sets wurden speziell entwickelt, ....","breadcrumb":{"@id":"https:\/\/aztex.ee\/de\/pood\/bettwaesche\/premium-bettwaesche-set-100-bambus-hellrosa\/#breadcrumb"},"inLanguage":"de","potentialAction":[{"@type":"ReadAction","target":["https:\/\/aztex.ee\/de\/pood\/bettwaesche\/premium-bettwaesche-set-100-bambus-hellrosa\/"]}]},{"@type":"ImageObject","inLanguage":"de","@id":"https:\/\/aztex.ee\/de\/pood\/bettwaesche\/premium-bettwaesche-set-100-bambus-hellrosa\/#primaryimage","url":"https:\/\/aztex.ee\/wp-content\/uploads\/2024\/09\/voodipesukomplekt-bambus-Heleroosa.jpg","contentUrl":"https:\/\/aztex.ee\/wp-content\/uploads\/2024\/09\/voodipesukomplekt-bambus-Heleroosa.jpg","width":800,"height":800,"caption":"voodipesukomplekt bambus Heleroosa"},{"@type":"BreadcrumbList","@id":"https:\/\/aztex.ee\/de\/pood\/bettwaesche\/premium-bettwaesche-set-100-bambus-hellrosa\/#breadcrumb","itemListElement":[{"@type":"ListItem","position":1,"name":"Startseite","item":"https:\/\/aztex.ee\/de\/"},{"@type":"ListItem","position":2,"name":"Shop","item":"https:\/\/aztex.ee\/de\/shop\/"},{"@type":"ListItem","position":3,"name":"Premium Bettw\u00e4sche-Set 100% Bambus | Hellrosa"}]},{"@type":"WebSite","@id":"https:\/\/aztex.ee\/de\/#website","url":"https:\/\/aztex.ee\/de\/","name":"AZTEX","description":"","publisher":{"@id":"https:\/\/aztex.ee\/de\/#organization"},"potentialAction":[{"@type":"SearchAction","target":{"@type":"EntryPoint","urlTemplate":"https:\/\/aztex.ee\/de\/?s={search_term_string}"},"query-input":{"@type":"PropertyValueSpecification","valueRequired":true,"valueName":"search_term_string"}}],"inLanguage":"de"},{"@type":"Organization","@id":"https:\/\/aztex.ee\/de\/#organization","name":"AZTEX","url":"https:\/\/aztex.ee\/de\/","logo":{"@type":"ImageObject","inLanguage":"de","@id":"https:\/\/aztex.ee\/de\/#\/schema\/logo\/image\/","url":"https:\/\/aztex.ee\/wp-content\/uploads\/2026\/01\/AZTEX.png","contentUrl":"https:\/\/aztex.ee\/wp-content\/uploads\/2026\/01\/AZTEX.png","width":500,"height":500,"caption":"AZTEX"},"image":{"@id":"https:\/\/aztex.ee\/de\/#\/schema\/logo\/image\/"},"sameAs":["https:\/\/www.facebook.com\/AztexEE","https:\/\/www.instagram.com\/aztexeesti\/","https:\/\/www.youtube.com\/@AZTEXEE","https:\/\/www.pinterest.com\/aztex_eesti\/","https:\/\/www.tiktok.com\/@aztexeesti","https:\/\/www.trustpilot.com\/review\/aztex.ee","https:\/\/www.linkedin.com\/company\/aztex-ee\/","https:\/\/www.wikidata.org\/wiki\/Q137560182"]}]}},"_links":{"self":[{"href":"https:\/\/aztex.ee\/de\/wp-json\/wp\/v2\/product\/20283","targetHints":{"allow":["GET"]}}],"collection":[{"href":"https:\/\/aztex.ee\/de\/wp-json\/wp\/v2\/product"}],"about":[{"href":"https:\/\/aztex.ee\/de\/wp-json\/wp\/v2\/types\/product"}],"replies":[{"embeddable":true,"href":"https:\/\/aztex.ee\/de\/wp-json\/wp\/v2\/comments?post=20283"}],"version-history":[{"count":0,"href":"https:\/\/aztex.ee\/de\/wp-json\/wp\/v2\/product\/20283\/revisions"}],"wp:featuredmedia":[{"embeddable":true,"href":"https:\/\/aztex.ee\/de\/wp-json\/wp\/v2\/media\/106989"}],"wp:attachment":[{"href":"https:\/\/aztex.ee\/de\/wp-json\/wp\/v2\/media?parent=20283"}],"wp:term":[{"taxonomy":"product_brand","embeddable":true,"href":"https:\/\/aztex.ee\/de\/wp-json\/wp\/v2\/product_brand?post=20283"},{"taxonomy":"product_cat","embeddable":true,"href":"https:\/\/aztex.ee\/de\/wp-json\/wp\/v2\/product_cat?post=20283"},{"taxonomy":"product_tag","embeddable":true,"href":"https:\/\/aztex.ee\/de\/wp-json\/wp\/v2\/product_tag?post=20283"}],"curies":[{"name":"wp","href":"https:\/\/api.w.org\/{rel}","templated":true}]}}