{"id":108460,"date":"2026-03-28T20:24:37","date_gmt":"2026-03-28T20:24:37","guid":{"rendered":"https:\/\/aztex.ee\/?post_type=product&#038;p=108460"},"modified":"2026-03-28T20:56:54","modified_gmt":"2026-03-28T20:56:54","slug":"bambus-flachbettlaken-nude-farbe","status":"publish","type":"product","link":"https:\/\/aztex.ee\/de\/pood\/bambus-bettlaken\/bambus-flachbettlaken-nude-farbe\/","title":{"rendered":"Bambus flachbettlaken \u2013 Nude-Farbe"},"content":{"rendered":"<p>Bambus ist von Natur aus weich, atmungsaktiv und strapazierf\u00e4hig und somit die ideale Wahl f\u00fcr Heimtextilien. Bambusfasern sind seidig glatt und liegen sanft auf der Haut, was ihnen im Alltag luxuri\u00f6sen Komfort bietet. Dar\u00fcber hinaus absorbiert das Material hervorragend Feuchtigkeit, h\u00e4lt die Haut trocken und sorgt f\u00fcr ein frisches Gef\u00fchl die ganze Nacht \u00fcber.<\/p>\n<p>Eine der besonderen Eigenschaften von Bambus ist seine nat\u00fcrliche antibakterielle und hypoallergene Wirkung. Dies tr\u00e4gt dazu bei, die Verbreitung unangenehmer Ger\u00fcche und Bakterien zu reduzieren, wodurch Bambusprodukte besonders f\u00fcr Menschen mit empfindlicher Haut geeignet sind. Dar\u00fcber hinaus wirken Bambusfasern temperaturregulierend und sorgen so im Sommer f\u00fcr K\u00fchle und im Winter f\u00fcr W\u00e4rme.<\/p>\n<p>Bambus ist au\u00dferdem ein nachhaltiges Material, das schnell w\u00e4chst und deutlich weniger Wasser ben\u00f6tigt als viele andere Fasern. Das macht Bambustextilien zu einer umweltfreundlichen Wahl, die einen naturnahen Lebensstil mit h\u00f6chstem Komfort verbindet.<\/p>\n","protected":false},"excerpt":{"rendered":"<p>Bambus Bettlaken sorgt f\u00fcr einen frischen Schlaf, ist antibakteriell und seidig weich.<\/p>\n<ul>\n<li>Farbe: Nude-Farbe<\/li>\n<li>Material: 100% Bambus<\/li>\n<li>Fadenzahl: 300 TC<\/li>\n<li>Gr\u00f6\u00dfe: 220&#215;240 cm \u00b13<\/li>\n<\/ul>\n<p><img loading=\"lazy\" decoding=\"async\" class=\"alignnone wp-image-20226\" src=\"https:\/\/aztex.ee\/wp-content\/uploads\/2024\/09\/oekotex100.png\" alt=\"\" width=\"196\" height=\"69\" srcset=\"https:\/\/aztex.ee\/wp-content\/uploads\/2024\/09\/oekotex100.png 204w, https:\/\/aztex.ee\/wp-content\/uploads\/2024\/09\/oekotex100-150x53.png 150w\" sizes=\"auto, (max-width: 196px) 100vw, 196px\" \/><img loading=\"lazy\" decoding=\"async\" class=\"alignnone wp-image-20260\" src=\"https:\/\/aztex.ee\/wp-content\/uploads\/2024\/09\/bambuuss.png\" alt=\"\" width=\"75\" height=\"75\" srcset=\"https:\/\/aztex.ee\/wp-content\/uploads\/2024\/09\/bambuuss.png 204w, https:\/\/aztex.ee\/wp-content\/uploads\/2024\/09\/bambuuss-150x150.png 150w\" sizes=\"auto, (max-width: 75px) 100vw, 75px\" \/><\/p>\n","protected":false},"featured_media":108481,"comment_status":"open","ping_status":"closed","template":"","meta":[],"product_brand":[],"product_cat":[549,1796],"product_tag":[],"class_list":{"0":"post-108460","1":"product","2":"type-product","3":"status-publish","4":"has-post-thumbnail","6":"product_cat-bambus-bettlaken","7":"product_cat-bettlaken-spannbettlaken","9":"first","10":"instock","11":"shipping-taxable","12":"purchasable","13":"product-type-simple"},"yoast_head":"<!-- This site is optimized with the Yoast SEO plugin v27.6 - https:\/\/yoast.com\/product\/yoast-seo-wordpress\/ -->\n<title>Bambus Lyocell Bettlaken | AZTEX<\/title>\n<meta name=\"description\" content=\"Umweltfreundliches Bambus-Bettlaken, glatt und sanft, l\u00e4sst die Haut atmen. Es sorgt f\u00fcr erholsamen Schlaf, langanhaltende Frische und verleiht dem Bett ein elegantes Aussehen.\" \/>\n<meta name=\"robots\" content=\"index, follow, max-snippet:-1, max-image-preview:large, max-video-preview:-1\" \/>\n<link rel=\"canonical\" href=\"https:\/\/aztex.ee\/de\/pood\/bambus-bettlaken\/bambus-flachbettlaken-nude-farbe\/\" \/>\n<meta property=\"og:locale\" content=\"de_DE\" \/>\n<meta property=\"og:type\" content=\"article\" \/>\n<meta property=\"og:title\" content=\"Bambus Lyocell Bettlaken | AZTEX\" \/>\n<meta property=\"og:description\" content=\"Umweltfreundliches Bambus-Bettlaken, glatt und sanft, l\u00e4sst die Haut atmen. Es sorgt f\u00fcr erholsamen Schlaf, langanhaltende Frische und verleiht dem Bett ein elegantes Aussehen.\" \/>\n<meta property=\"og:url\" content=\"https:\/\/aztex.ee\/de\/pood\/bambus-bettlaken\/bambus-flachbettlaken-nude-farbe\/\" \/>\n<meta property=\"og:site_name\" content=\"AZTEX\" \/>\n<meta property=\"article:publisher\" content=\"https:\/\/www.facebook.com\/AztexEE\" \/>\n<meta property=\"article:modified_time\" content=\"2026-03-28T20:56:54+00:00\" \/>\n<meta property=\"og:image\" content=\"https:\/\/aztex.ee\/wp-content\/uploads\/2026\/03\/Bambusest-lyocell-voodilina.jpg\" \/>\n\t<meta property=\"og:image:width\" content=\"800\" \/>\n\t<meta property=\"og:image:height\" content=\"800\" \/>\n\t<meta property=\"og:image:type\" content=\"image\/jpeg\" \/>\n<meta name=\"twitter:card\" content=\"summary_large_image\" \/>\n<meta name=\"twitter:label1\" content=\"Gesch\u00e4tzte Lesezeit\" \/>\n\t<meta name=\"twitter:data1\" content=\"1\u00a0Minute\" \/>\n<script type=\"application\/ld+json\" class=\"yoast-schema-graph\">{\"@context\":\"https:\\\/\\\/schema.org\",\"@graph\":[{\"@type\":[\"WebPage\",\"ItemPage\"],\"@id\":\"https:\\\/\\\/aztex.ee\\\/de\\\/pood\\\/bambus-bettlaken\\\/bambus-flachbettlaken-nude-farbe\\\/\",\"url\":\"https:\\\/\\\/aztex.ee\\\/de\\\/pood\\\/bambus-bettlaken\\\/bambus-flachbettlaken-nude-farbe\\\/\",\"name\":\"Bambus Lyocell Bettlaken | AZTEX\",\"isPartOf\":{\"@id\":\"https:\\\/\\\/aztex.ee\\\/de\\\/#website\"},\"primaryImageOfPage\":{\"@id\":\"https:\\\/\\\/aztex.ee\\\/de\\\/pood\\\/bambus-bettlaken\\\/bambus-flachbettlaken-nude-farbe\\\/#primaryimage\"},\"image\":{\"@id\":\"https:\\\/\\\/aztex.ee\\\/de\\\/pood\\\/bambus-bettlaken\\\/bambus-flachbettlaken-nude-farbe\\\/#primaryimage\"},\"thumbnailUrl\":\"https:\\\/\\\/aztex.ee\\\/wp-content\\\/uploads\\\/2026\\\/03\\\/Bambusest-lyocell-voodilina.jpg\",\"datePublished\":\"2026-03-28T20:24:37+00:00\",\"dateModified\":\"2026-03-28T20:56:54+00:00\",\"description\":\"Umweltfreundliches Bambus-Bettlaken, glatt und sanft, l\u00e4sst die Haut atmen. Es sorgt f\u00fcr erholsamen Schlaf, langanhaltende Frische und verleiht dem Bett ein elegantes Aussehen.\",\"breadcrumb\":{\"@id\":\"https:\\\/\\\/aztex.ee\\\/de\\\/pood\\\/bambus-bettlaken\\\/bambus-flachbettlaken-nude-farbe\\\/#breadcrumb\"},\"inLanguage\":\"de\",\"potentialAction\":[{\"@type\":\"ReadAction\",\"target\":[\"https:\\\/\\\/aztex.ee\\\/de\\\/pood\\\/bambus-bettlaken\\\/bambus-flachbettlaken-nude-farbe\\\/\"]}]},{\"@type\":\"ImageObject\",\"inLanguage\":\"de\",\"@id\":\"https:\\\/\\\/aztex.ee\\\/de\\\/pood\\\/bambus-bettlaken\\\/bambus-flachbettlaken-nude-farbe\\\/#primaryimage\",\"url\":\"https:\\\/\\\/aztex.ee\\\/wp-content\\\/uploads\\\/2026\\\/03\\\/Bambusest-lyocell-voodilina.jpg\",\"contentUrl\":\"https:\\\/\\\/aztex.ee\\\/wp-content\\\/uploads\\\/2026\\\/03\\\/Bambusest-lyocell-voodilina.jpg\",\"width\":800,\"height\":800,\"caption\":\"Bambusest lyocell voodilina\"},{\"@type\":\"BreadcrumbList\",\"@id\":\"https:\\\/\\\/aztex.ee\\\/de\\\/pood\\\/bambus-bettlaken\\\/bambus-flachbettlaken-nude-farbe\\\/#breadcrumb\",\"itemListElement\":[{\"@type\":\"ListItem\",\"position\":1,\"name\":\"Startseite\",\"item\":\"https:\\\/\\\/aztex.ee\\\/de\\\/\"},{\"@type\":\"ListItem\",\"position\":2,\"name\":\"Shop\",\"item\":\"https:\\\/\\\/aztex.ee\\\/de\\\/shop\\\/\"},{\"@type\":\"ListItem\",\"position\":3,\"name\":\"Bambus flachbettlaken \u2013 Nude-Farbe\"}]},{\"@type\":\"WebSite\",\"@id\":\"https:\\\/\\\/aztex.ee\\\/de\\\/#website\",\"url\":\"https:\\\/\\\/aztex.ee\\\/de\\\/\",\"name\":\"AZTEX\",\"description\":\"\",\"publisher\":{\"@id\":\"https:\\\/\\\/aztex.ee\\\/de\\\/#organization\"},\"potentialAction\":[{\"@type\":\"SearchAction\",\"target\":{\"@type\":\"EntryPoint\",\"urlTemplate\":\"https:\\\/\\\/aztex.ee\\\/de\\\/?s={search_term_string}\"},\"query-input\":{\"@type\":\"PropertyValueSpecification\",\"valueRequired\":true,\"valueName\":\"search_term_string\"}}],\"inLanguage\":\"de\"},{\"@type\":\"Organization\",\"@id\":\"https:\\\/\\\/aztex.ee\\\/de\\\/#organization\",\"name\":\"AZTEX\",\"url\":\"https:\\\/\\\/aztex.ee\\\/de\\\/\",\"logo\":{\"@type\":\"ImageObject\",\"inLanguage\":\"de\",\"@id\":\"https:\\\/\\\/aztex.ee\\\/de\\\/#\\\/schema\\\/logo\\\/image\\\/\",\"url\":\"https:\\\/\\\/aztex.ee\\\/wp-content\\\/uploads\\\/2026\\\/01\\\/AZTEX.png\",\"contentUrl\":\"https:\\\/\\\/aztex.ee\\\/wp-content\\\/uploads\\\/2026\\\/01\\\/AZTEX.png\",\"width\":500,\"height\":500,\"caption\":\"AZTEX\"},\"image\":{\"@id\":\"https:\\\/\\\/aztex.ee\\\/de\\\/#\\\/schema\\\/logo\\\/image\\\/\"},\"sameAs\":[\"https:\\\/\\\/www.facebook.com\\\/AztexEE\",\"https:\\\/\\\/www.instagram.com\\\/aztexeesti\\\/\",\"https:\\\/\\\/www.youtube.com\\\/@AZTEXEE\",\"https:\\\/\\\/www.pinterest.com\\\/aztex_eesti\\\/\",\"https:\\\/\\\/www.tiktok.com\\\/@aztexeesti\",\"https:\\\/\\\/www.trustpilot.com\\\/review\\\/aztex.ee\",\"https:\\\/\\\/www.linkedin.com\\\/company\\\/aztex-ee\\\/\",\"https:\\\/\\\/www.wikidata.org\\\/wiki\\\/Q137560182\"]}]}<\/script>\n<!-- \/ Yoast SEO plugin. -->","yoast_head_json":{"title":"Bambus Lyocell Bettlaken | AZTEX","description":"Umweltfreundliches Bambus-Bettlaken, glatt und sanft, l\u00e4sst die Haut atmen. Es sorgt f\u00fcr erholsamen Schlaf, langanhaltende Frische und verleiht dem Bett ein elegantes Aussehen.","robots":{"index":"index","follow":"follow","max-snippet":"max-snippet:-1","max-image-preview":"max-image-preview:large","max-video-preview":"max-video-preview:-1"},"canonical":"https:\/\/aztex.ee\/de\/pood\/bambus-bettlaken\/bambus-flachbettlaken-nude-farbe\/","og_locale":"de_DE","og_type":"article","og_title":"Bambus Lyocell Bettlaken | AZTEX","og_description":"Umweltfreundliches Bambus-Bettlaken, glatt und sanft, l\u00e4sst die Haut atmen. Es sorgt f\u00fcr erholsamen Schlaf, langanhaltende Frische und verleiht dem Bett ein elegantes Aussehen.","og_url":"https:\/\/aztex.ee\/de\/pood\/bambus-bettlaken\/bambus-flachbettlaken-nude-farbe\/","og_site_name":"AZTEX","article_publisher":"https:\/\/www.facebook.com\/AztexEE","article_modified_time":"2026-03-28T20:56:54+00:00","og_image":[{"width":800,"height":800,"url":"https:\/\/aztex.ee\/wp-content\/uploads\/2026\/03\/Bambusest-lyocell-voodilina.jpg","type":"image\/jpeg"}],"twitter_card":"summary_large_image","twitter_misc":{"Gesch\u00e4tzte Lesezeit":"1\u00a0Minute"},"schema":{"@context":"https:\/\/schema.org","@graph":[{"@type":["WebPage","ItemPage"],"@id":"https:\/\/aztex.ee\/de\/pood\/bambus-bettlaken\/bambus-flachbettlaken-nude-farbe\/","url":"https:\/\/aztex.ee\/de\/pood\/bambus-bettlaken\/bambus-flachbettlaken-nude-farbe\/","name":"Bambus Lyocell Bettlaken | AZTEX","isPartOf":{"@id":"https:\/\/aztex.ee\/de\/#website"},"primaryImageOfPage":{"@id":"https:\/\/aztex.ee\/de\/pood\/bambus-bettlaken\/bambus-flachbettlaken-nude-farbe\/#primaryimage"},"image":{"@id":"https:\/\/aztex.ee\/de\/pood\/bambus-bettlaken\/bambus-flachbettlaken-nude-farbe\/#primaryimage"},"thumbnailUrl":"https:\/\/aztex.ee\/wp-content\/uploads\/2026\/03\/Bambusest-lyocell-voodilina.jpg","datePublished":"2026-03-28T20:24:37+00:00","dateModified":"2026-03-28T20:56:54+00:00","description":"Umweltfreundliches Bambus-Bettlaken, glatt und sanft, l\u00e4sst die Haut atmen. Es sorgt f\u00fcr erholsamen Schlaf, langanhaltende Frische und verleiht dem Bett ein elegantes Aussehen.","breadcrumb":{"@id":"https:\/\/aztex.ee\/de\/pood\/bambus-bettlaken\/bambus-flachbettlaken-nude-farbe\/#breadcrumb"},"inLanguage":"de","potentialAction":[{"@type":"ReadAction","target":["https:\/\/aztex.ee\/de\/pood\/bambus-bettlaken\/bambus-flachbettlaken-nude-farbe\/"]}]},{"@type":"ImageObject","inLanguage":"de","@id":"https:\/\/aztex.ee\/de\/pood\/bambus-bettlaken\/bambus-flachbettlaken-nude-farbe\/#primaryimage","url":"https:\/\/aztex.ee\/wp-content\/uploads\/2026\/03\/Bambusest-lyocell-voodilina.jpg","contentUrl":"https:\/\/aztex.ee\/wp-content\/uploads\/2026\/03\/Bambusest-lyocell-voodilina.jpg","width":800,"height":800,"caption":"Bambusest lyocell voodilina"},{"@type":"BreadcrumbList","@id":"https:\/\/aztex.ee\/de\/pood\/bambus-bettlaken\/bambus-flachbettlaken-nude-farbe\/#breadcrumb","itemListElement":[{"@type":"ListItem","position":1,"name":"Startseite","item":"https:\/\/aztex.ee\/de\/"},{"@type":"ListItem","position":2,"name":"Shop","item":"https:\/\/aztex.ee\/de\/shop\/"},{"@type":"ListItem","position":3,"name":"Bambus flachbettlaken \u2013 Nude-Farbe"}]},{"@type":"WebSite","@id":"https:\/\/aztex.ee\/de\/#website","url":"https:\/\/aztex.ee\/de\/","name":"AZTEX","description":"","publisher":{"@id":"https:\/\/aztex.ee\/de\/#organization"},"potentialAction":[{"@type":"SearchAction","target":{"@type":"EntryPoint","urlTemplate":"https:\/\/aztex.ee\/de\/?s={search_term_string}"},"query-input":{"@type":"PropertyValueSpecification","valueRequired":true,"valueName":"search_term_string"}}],"inLanguage":"de"},{"@type":"Organization","@id":"https:\/\/aztex.ee\/de\/#organization","name":"AZTEX","url":"https:\/\/aztex.ee\/de\/","logo":{"@type":"ImageObject","inLanguage":"de","@id":"https:\/\/aztex.ee\/de\/#\/schema\/logo\/image\/","url":"https:\/\/aztex.ee\/wp-content\/uploads\/2026\/01\/AZTEX.png","contentUrl":"https:\/\/aztex.ee\/wp-content\/uploads\/2026\/01\/AZTEX.png","width":500,"height":500,"caption":"AZTEX"},"image":{"@id":"https:\/\/aztex.ee\/de\/#\/schema\/logo\/image\/"},"sameAs":["https:\/\/www.facebook.com\/AztexEE","https:\/\/www.instagram.com\/aztexeesti\/","https:\/\/www.youtube.com\/@AZTEXEE","https:\/\/www.pinterest.com\/aztex_eesti\/","https:\/\/www.tiktok.com\/@aztexeesti","https:\/\/www.trustpilot.com\/review\/aztex.ee","https:\/\/www.linkedin.com\/company\/aztex-ee\/","https:\/\/www.wikidata.org\/wiki\/Q137560182"]}]}},"_links":{"self":[{"href":"https:\/\/aztex.ee\/de\/wp-json\/wp\/v2\/product\/108460","targetHints":{"allow":["GET"]}}],"collection":[{"href":"https:\/\/aztex.ee\/de\/wp-json\/wp\/v2\/product"}],"about":[{"href":"https:\/\/aztex.ee\/de\/wp-json\/wp\/v2\/types\/product"}],"replies":[{"embeddable":true,"href":"https:\/\/aztex.ee\/de\/wp-json\/wp\/v2\/comments?post=108460"}],"version-history":[{"count":2,"href":"https:\/\/aztex.ee\/de\/wp-json\/wp\/v2\/product\/108460\/revisions"}],"predecessor-version":[{"id":108559,"href":"https:\/\/aztex.ee\/de\/wp-json\/wp\/v2\/product\/108460\/revisions\/108559"}],"wp:featuredmedia":[{"embeddable":true,"href":"https:\/\/aztex.ee\/de\/wp-json\/wp\/v2\/media\/108481"}],"wp:attachment":[{"href":"https:\/\/aztex.ee\/de\/wp-json\/wp\/v2\/media?parent=108460"}],"wp:term":[{"taxonomy":"product_brand","embeddable":true,"href":"https:\/\/aztex.ee\/de\/wp-json\/wp\/v2\/product_brand?post=108460"},{"taxonomy":"product_cat","embeddable":true,"href":"https:\/\/aztex.ee\/de\/wp-json\/wp\/v2\/product_cat?post=108460"},{"taxonomy":"product_tag","embeddable":true,"href":"https:\/\/aztex.ee\/de\/wp-json\/wp\/v2\/product_tag?post=108460"}],"curies":[{"name":"wp","href":"https:\/\/api.w.org\/{rel}","templated":true}]}}