{"id":19023,"date":"2024-08-15T14:44:36","date_gmt":"2024-08-15T14:44:36","guid":{"rendered":"https:\/\/aztex.ee\/info\/"},"modified":"2024-08-20T09:29:12","modified_gmt":"2024-08-20T09:29:12","slug":"information","status":"publish","type":"page","link":"https:\/\/aztex.ee\/de\/information\/","title":{"rendered":"Information"},"content":{"rendered":"\n<p><strong>AZTEX<\/strong> \u2013 Qualit\u00e4t, Komfort und Eleganz in Ihrem Alltag<\/p>\n\n\n\n<p>Willkommen in der wunderbaren Welt von <strong>AZTEX<\/strong>, wo wir das Zuhause schaffen, von dem Sie immer getr\u00e4umt haben! Wir sind stolz, Ihnen unser Unternehmen vorzustellen, das sich dem Verkauf hochwertiger Textilien verschrieben hat.<\/p>\n\n\n\n<p>Unser Angebot an Decken, Kinderdecken, Handt\u00fcchern und Bettw\u00e4sche ist reichhaltig und vielf\u00e4ltig, und alle unsere Produkte haben Qualit\u00e4t gemeinsam. Decken w\u00e4rmen Sie in kalten N\u00e4chten und bringen Farbe und Stil in Ihr Schlafzimmer. Kinderdecken sind angenehm und weich und bieten den Komfort, den Kinder brauchen, um sich wohlzuf\u00fchlen. Handt\u00fccher sind weich und saugf\u00e4hig und machen jede Morgen- und Abendroutine zu einem Moment des Gl\u00fccks. Bettw\u00e4sche ist weich und strapazierf\u00e4hig und schafft eine einzigartige Atmosph\u00e4re in Ihrem Schlafzimmer.<\/p>\n\n\n\n<p>Die Mission von <strong>AZTEX<\/strong> ist es, Ihnen mehr als nur Textilien anzubieten. Wir m\u00f6chten Komfort, W\u00e4rme und Stil in Ihr Leben bringen. Wir m\u00f6chten Ihnen helfen, ein Zuhause zu schaffen, das Ihre Pers\u00f6nlichkeit und Ihren Geschmack widerspiegelt, in dem Sie sich immer willkommen und wohl f\u00fchlen.<\/p>\n\n\n\n<p>Zus\u00e4tzlich zu unseren Produkten verf\u00fcgen wir auch \u00fcber ein hilfsbereites Team, das Ihnen jederzeit mit Rat und Tat zur Seite steht. Wir sind hier, um unser Wissen und unsere Erfahrung mit Ihnen zu teilen, damit Sie die perfekten Textilien finden, die Ihren Bed\u00fcrfnissen und W\u00fcnschen entsprechen.<\/p>\n\n\n\n<p>Vielen Dank, dass Sie uns als Ihren Designpartner gew\u00e4hlt haben. Wir sind bestrebt, Ihre Erwartungen weiterhin in jeder Hinsicht zu \u00fcbertreffen. Vielen Dank, dass Sie ein Teil unserer Familie sind und uns erlauben, ein Teil Ihres Zuhauses zu sein.<\/p>\n","protected":false},"excerpt":{"rendered":"<p>AZTEX \u2013 Qualit\u00e4t, Komfort und Eleganz in Ihrem Alltag Willkommen in der wunderbaren Welt von AZTEX, wo wir das Zuhause<\/p>\n","protected":false},"author":1,"featured_media":0,"parent":0,"menu_order":0,"comment_status":"closed","ping_status":"closed","template":"","meta":{"footnotes":""},"class_list":["post-19023","page","type-page","status-publish","hentry"],"yoast_head":"<!-- This site is optimized with the Yoast SEO plugin v27.4 - https:\/\/yoast.com\/product\/yoast-seo-wordpress\/ -->\n<title>Information | AZTEX<\/title>\n<meta name=\"description\" content=\"Unser Angebot an Decken, Kinderdecken, Handt\u00fcchern und Bettw\u00e4sche ist reichhaltig und vielf\u00e4ltig, und alle unsere Produkte haben Qualit\u00e4...\" \/>\n<meta name=\"robots\" content=\"index, follow, max-snippet:-1, max-image-preview:large, max-video-preview:-1\" \/>\n<link rel=\"canonical\" href=\"https:\/\/aztex.ee\/de\/information\/\" \/>\n<meta property=\"og:locale\" content=\"de_DE\" \/>\n<meta property=\"og:type\" content=\"article\" \/>\n<meta property=\"og:title\" content=\"Information | AZTEX\" \/>\n<meta property=\"og:description\" content=\"Unser Angebot an Decken, Kinderdecken, Handt\u00fcchern und Bettw\u00e4sche ist reichhaltig und vielf\u00e4ltig, und alle unsere Produkte haben Qualit\u00e4...\" \/>\n<meta property=\"og:url\" content=\"https:\/\/aztex.ee\/de\/information\/\" \/>\n<meta property=\"og:site_name\" content=\"AZTEX\" \/>\n<meta property=\"article:publisher\" content=\"https:\/\/www.facebook.com\/AztexEE\" \/>\n<meta property=\"article:modified_time\" content=\"2024-08-20T09:29:12+00:00\" \/>\n<meta name=\"twitter:card\" content=\"summary_large_image\" \/>\n<meta name=\"twitter:label1\" content=\"Gesch\u00e4tzte Lesezeit\" \/>\n\t<meta name=\"twitter:data1\" content=\"2\u00a0Minuten\" \/>\n<script type=\"application\/ld+json\" class=\"yoast-schema-graph\">{\"@context\":\"https:\\\/\\\/schema.org\",\"@graph\":[{\"@type\":\"WebPage\",\"@id\":\"https:\\\/\\\/aztex.ee\\\/de\\\/information\\\/\",\"url\":\"https:\\\/\\\/aztex.ee\\\/de\\\/information\\\/\",\"name\":\"Information | AZTEX\",\"isPartOf\":{\"@id\":\"https:\\\/\\\/aztex.ee\\\/de\\\/#website\"},\"datePublished\":\"2024-08-15T14:44:36+00:00\",\"dateModified\":\"2024-08-20T09:29:12+00:00\",\"description\":\"Unser Angebot an Decken, Kinderdecken, Handt\u00fcchern und Bettw\u00e4sche ist reichhaltig und vielf\u00e4ltig, und alle unsere Produkte haben Qualit\u00e4...\",\"breadcrumb\":{\"@id\":\"https:\\\/\\\/aztex.ee\\\/de\\\/information\\\/#breadcrumb\"},\"inLanguage\":\"de\",\"potentialAction\":[{\"@type\":\"ReadAction\",\"target\":[\"https:\\\/\\\/aztex.ee\\\/de\\\/information\\\/\"]}]},{\"@type\":\"BreadcrumbList\",\"@id\":\"https:\\\/\\\/aztex.ee\\\/de\\\/information\\\/#breadcrumb\",\"itemListElement\":[{\"@type\":\"ListItem\",\"position\":1,\"name\":\"Startseite\",\"item\":\"https:\\\/\\\/aztex.ee\\\/de\\\/\"},{\"@type\":\"ListItem\",\"position\":2,\"name\":\"Information\"}]},{\"@type\":\"WebSite\",\"@id\":\"https:\\\/\\\/aztex.ee\\\/de\\\/#website\",\"url\":\"https:\\\/\\\/aztex.ee\\\/de\\\/\",\"name\":\"AZTEX\",\"description\":\"\",\"publisher\":{\"@id\":\"https:\\\/\\\/aztex.ee\\\/de\\\/#organization\"},\"potentialAction\":[{\"@type\":\"SearchAction\",\"target\":{\"@type\":\"EntryPoint\",\"urlTemplate\":\"https:\\\/\\\/aztex.ee\\\/de\\\/?s={search_term_string}\"},\"query-input\":{\"@type\":\"PropertyValueSpecification\",\"valueRequired\":true,\"valueName\":\"search_term_string\"}}],\"inLanguage\":\"de\"},{\"@type\":\"Organization\",\"@id\":\"https:\\\/\\\/aztex.ee\\\/de\\\/#organization\",\"name\":\"AZTEX\",\"url\":\"https:\\\/\\\/aztex.ee\\\/de\\\/\",\"logo\":{\"@type\":\"ImageObject\",\"inLanguage\":\"de\",\"@id\":\"https:\\\/\\\/aztex.ee\\\/de\\\/#\\\/schema\\\/logo\\\/image\\\/\",\"url\":\"https:\\\/\\\/aztex.ee\\\/wp-content\\\/uploads\\\/2026\\\/01\\\/AZTEX.png\",\"contentUrl\":\"https:\\\/\\\/aztex.ee\\\/wp-content\\\/uploads\\\/2026\\\/01\\\/AZTEX.png\",\"width\":500,\"height\":500,\"caption\":\"AZTEX\"},\"image\":{\"@id\":\"https:\\\/\\\/aztex.ee\\\/de\\\/#\\\/schema\\\/logo\\\/image\\\/\"},\"sameAs\":[\"https:\\\/\\\/www.facebook.com\\\/AztexEE\",\"https:\\\/\\\/www.instagram.com\\\/aztexeesti\\\/\",\"https:\\\/\\\/www.youtube.com\\\/@AZTEXEE\",\"https:\\\/\\\/www.pinterest.com\\\/aztex_eesti\\\/\",\"https:\\\/\\\/www.tiktok.com\\\/@aztexeesti\",\"https:\\\/\\\/www.trustpilot.com\\\/review\\\/aztex.ee\",\"https:\\\/\\\/www.linkedin.com\\\/company\\\/aztex-ee\\\/\",\"https:\\\/\\\/www.wikidata.org\\\/wiki\\\/Q137560182\"]}]}<\/script>\n<!-- \/ Yoast SEO plugin. -->","yoast_head_json":{"title":"Information | AZTEX","description":"Unser Angebot an Decken, Kinderdecken, Handt\u00fcchern und Bettw\u00e4sche ist reichhaltig und vielf\u00e4ltig, und alle unsere Produkte haben Qualit\u00e4...","robots":{"index":"index","follow":"follow","max-snippet":"max-snippet:-1","max-image-preview":"max-image-preview:large","max-video-preview":"max-video-preview:-1"},"canonical":"https:\/\/aztex.ee\/de\/information\/","og_locale":"de_DE","og_type":"article","og_title":"Information | AZTEX","og_description":"Unser Angebot an Decken, Kinderdecken, Handt\u00fcchern und Bettw\u00e4sche ist reichhaltig und vielf\u00e4ltig, und alle unsere Produkte haben Qualit\u00e4...","og_url":"https:\/\/aztex.ee\/de\/information\/","og_site_name":"AZTEX","article_publisher":"https:\/\/www.facebook.com\/AztexEE","article_modified_time":"2024-08-20T09:29:12+00:00","twitter_card":"summary_large_image","twitter_misc":{"Gesch\u00e4tzte Lesezeit":"2\u00a0Minuten"},"schema":{"@context":"https:\/\/schema.org","@graph":[{"@type":"WebPage","@id":"https:\/\/aztex.ee\/de\/information\/","url":"https:\/\/aztex.ee\/de\/information\/","name":"Information | AZTEX","isPartOf":{"@id":"https:\/\/aztex.ee\/de\/#website"},"datePublished":"2024-08-15T14:44:36+00:00","dateModified":"2024-08-20T09:29:12+00:00","description":"Unser Angebot an Decken, Kinderdecken, Handt\u00fcchern und Bettw\u00e4sche ist reichhaltig und vielf\u00e4ltig, und alle unsere Produkte haben Qualit\u00e4...","breadcrumb":{"@id":"https:\/\/aztex.ee\/de\/information\/#breadcrumb"},"inLanguage":"de","potentialAction":[{"@type":"ReadAction","target":["https:\/\/aztex.ee\/de\/information\/"]}]},{"@type":"BreadcrumbList","@id":"https:\/\/aztex.ee\/de\/information\/#breadcrumb","itemListElement":[{"@type":"ListItem","position":1,"name":"Startseite","item":"https:\/\/aztex.ee\/de\/"},{"@type":"ListItem","position":2,"name":"Information"}]},{"@type":"WebSite","@id":"https:\/\/aztex.ee\/de\/#website","url":"https:\/\/aztex.ee\/de\/","name":"AZTEX","description":"","publisher":{"@id":"https:\/\/aztex.ee\/de\/#organization"},"potentialAction":[{"@type":"SearchAction","target":{"@type":"EntryPoint","urlTemplate":"https:\/\/aztex.ee\/de\/?s={search_term_string}"},"query-input":{"@type":"PropertyValueSpecification","valueRequired":true,"valueName":"search_term_string"}}],"inLanguage":"de"},{"@type":"Organization","@id":"https:\/\/aztex.ee\/de\/#organization","name":"AZTEX","url":"https:\/\/aztex.ee\/de\/","logo":{"@type":"ImageObject","inLanguage":"de","@id":"https:\/\/aztex.ee\/de\/#\/schema\/logo\/image\/","url":"https:\/\/aztex.ee\/wp-content\/uploads\/2026\/01\/AZTEX.png","contentUrl":"https:\/\/aztex.ee\/wp-content\/uploads\/2026\/01\/AZTEX.png","width":500,"height":500,"caption":"AZTEX"},"image":{"@id":"https:\/\/aztex.ee\/de\/#\/schema\/logo\/image\/"},"sameAs":["https:\/\/www.facebook.com\/AztexEE","https:\/\/www.instagram.com\/aztexeesti\/","https:\/\/www.youtube.com\/@AZTEXEE","https:\/\/www.pinterest.com\/aztex_eesti\/","https:\/\/www.tiktok.com\/@aztexeesti","https:\/\/www.trustpilot.com\/review\/aztex.ee","https:\/\/www.linkedin.com\/company\/aztex-ee\/","https:\/\/www.wikidata.org\/wiki\/Q137560182"]}]}},"_links":{"self":[{"href":"https:\/\/aztex.ee\/de\/wp-json\/wp\/v2\/pages\/19023","targetHints":{"allow":["GET"]}}],"collection":[{"href":"https:\/\/aztex.ee\/de\/wp-json\/wp\/v2\/pages"}],"about":[{"href":"https:\/\/aztex.ee\/de\/wp-json\/wp\/v2\/types\/page"}],"author":[{"embeddable":true,"href":"https:\/\/aztex.ee\/de\/wp-json\/wp\/v2\/users\/1"}],"replies":[{"embeddable":true,"href":"https:\/\/aztex.ee\/de\/wp-json\/wp\/v2\/comments?post=19023"}],"version-history":[{"count":0,"href":"https:\/\/aztex.ee\/de\/wp-json\/wp\/v2\/pages\/19023\/revisions"}],"wp:attachment":[{"href":"https:\/\/aztex.ee\/de\/wp-json\/wp\/v2\/media?parent=19023"}],"curies":[{"name":"wp","href":"https:\/\/api.w.org\/{rel}","templated":true}]}}