{"id":107149,"date":"2026-03-16T07:17:40","date_gmt":"2026-03-16T07:17:40","guid":{"rendered":"https:\/\/aztex.ee\/meist\/"},"modified":"2026-03-16T10:10:31","modified_gmt":"2026-03-16T10:10:31","slug":"ueber-aztex","status":"publish","type":"page","link":"https:\/\/aztex.ee\/de\/ueber-aztex\/","title":{"rendered":"\u00dcber AZTEX"},"content":{"rendered":"\n<p class=\"wp-block-wd-paragraph wd-15e03181\"><strong>AZTEX<\/strong> ist eine internationale <strong>Heimtextilmarke<\/strong>, die hochwertige Bettw\u00e4sche und Textilprodukte f\u00fcr Kunden weltweit anbietet. Die Marke wird unter der <strong>AZTEX Eesti O\u00dc<\/strong> gef\u00fchrt, einem Tochterunternehmen der <strong>Minu Baltic O\u00dc<\/strong>. Gr\u00fcnder von AZTEX ist der Unternehmer <strong>Farid Ismayilov<\/strong>.<\/p>\n\n\n\n<p class=\"wp-block-wd-paragraph wd-f59b5ea9\">Unser Ziel ist es, qualitativ hochwertige und zuverl\u00e4ssige Heimtextilien anzubieten, die zu einer <strong>komfortablen und gesunden Wohnumgebung<\/strong> beitragen. Wir sind davon \u00fcberzeugt, dass ein guter Schlaf und ein gem\u00fctliches Zuhause mit erstklassigen Materialien und sorgf\u00e4ltig ausgew\u00e4hlten Produkten beginnen.<\/p>\n\n\n\n<p class=\"wp-block-wd-paragraph wd-61b22d43\">Heute vertreibt AZTEX seine Produkte in <strong>mehr als 35 L\u00e4ndern<\/strong> weltweit, darunter <strong>Deutschland, \u00d6sterreich, Schweiz, Estland, Schweden, D\u00e4nemark, Norwegen, Finnland, Polen, Tschechien, Ungarn, Niederlande, Slowakei, Island, F\u00e4r\u00f6er-Inseln, Lettland, Litauen, Kosovo, Bulgarien, Rum\u00e4nien, Frankreich, Gro\u00dfbritannien, Slowenien, Nordmazedonien, Kroatien, Italien, Spanien, Bosnien und Herzegowina, Serbien, Montenegro, Griechenland, Albanien, Malta, Portugal, Irland, USA, Kanada und Mexiko.<\/strong><\/p>\n\n\n\n<p class=\"wp-block-wd-paragraph wd-abc99e56\">AZTEX konzentriert sich auf Qualit\u00e4t, Komfort und nat\u00fcrliche Materialien. Unser Sortiment umfasst sorgf\u00e4ltig ausgew\u00e4hlte Stoffe wie <strong>Baumwolle, Leinen, Bambus, Tencel (Lyocell), Hanf und Seide.<\/strong> Diese Materialien sind atmungsaktiv, hautfreundlich und langlebig und sorgen f\u00fcr ein komfortables und hochwertiges Schlaferlebnis.<\/p>\n\n\n\n<p class=\"wp-block-wd-paragraph wd-3398c862\">F\u00fcr uns ist es entscheidend, dass Heimtextilien nicht nur praktisch, sondern auch \u00e4sthetisch und langlebig sind. Daher legen wir gro\u00dfen Wert auf die Qualit\u00e4t der Materialien sowie auf das Design unserer Produkte.<\/p>\n\n\n\n<h3 class=\"wp-block-wd-title title wd-1c569f05\"><strong>Warum vertrauen uns unsere Kunden?<\/strong><\/h3>\n\n\n\n<p class=\"wp-block-wd-paragraph wd-9c84eab2\"><strong>Hochwertige Materialien<\/strong> Wir w\u00e4hlen unsere Produkte mit gr\u00f6\u00dfter Sorgfalt aus, um deren Langlebigkeit und Komfort zu garantieren.<\/p>\n\n\n\n<p class=\"wp-block-wd-paragraph wd-e4edc811\"><strong>Internationale Erfahrung<\/strong> Wir bedienen Kunden weltweit und bieten unseren Service in <strong>19 verschiedenen Sprachen<\/strong> an.<\/p>\n\n\n\n<p class=\"wp-block-wd-paragraph wd-b9dd5f50\"><strong>Kundenzufriedenheit<\/strong> Unsere Bewertung von <strong><a href=\"https:\/\/www.trustpilot.com\/review\/aztex.ee\" type=\"link\" id=\"https:\/\/www.trustpilot.com\/review\/aztex.ee\" target=\"_blank\" rel=\"noreferrer noopener\">4.8 \/ 5 auf Trustpilot<\/a><\/strong> beweist, dass unsere Kunden die Qualit\u00e4t unserer Produkte und unseren Service sch\u00e4tzen.<\/p>\n\n\n\n<p class=\"wp-block-wd-paragraph wd-b823fc89\">Vielen Dank, dass Sie sich f\u00fcr <strong>AZTEX<\/strong> f\u00fcr Ihr Zuhause entschieden haben. Unsere Mission ist es, eine vertrauensw\u00fcrdige und qualitativ hochwertige Wahl in der Welt der Heimtextilien zu bieten.<\/p>\n","protected":false},"excerpt":{"rendered":"","protected":false},"author":1,"featured_media":0,"parent":0,"menu_order":0,"comment_status":"closed","ping_status":"closed","template":"","meta":{"footnotes":""},"class_list":["post-107149","page","type-page","status-publish","hentry"],"yoast_head":"<!-- This site is optimized with the Yoast SEO plugin v27.6 - https:\/\/yoast.com\/product\/yoast-seo-wordpress\/ -->\n<title>\u00dcber AZTEX | Hochwertige Heimtextilien und Bettw\u00e4sche<\/title>\n<meta name=\"description\" content=\"AZTEX ist eine internationale Heimtextilmarke, die hochwertige Bettw\u00e4sche und Textilprodukte f\u00fcr Kunden weltweit anbietet. Die Marke wird unter der AZTEX Eesti O\u00dc gef\u00fchrt, einem Tochterunternehmen der Minu Baltic O\u00dc. Gr\u00fcnder von AZTEX ist der Unternehmer Farid Ismayilov.\" \/>\n<meta name=\"robots\" content=\"index, follow, max-snippet:-1, max-image-preview:large, max-video-preview:-1\" \/>\n<link rel=\"canonical\" href=\"https:\/\/aztex.ee\/de\/ueber-aztex\/\" \/>\n<meta property=\"og:locale\" content=\"de_DE\" \/>\n<meta property=\"og:type\" content=\"article\" \/>\n<meta property=\"og:title\" content=\"\u00dcber AZTEX | Hochwertige Heimtextilien und Bettw\u00e4sche\" \/>\n<meta property=\"og:description\" content=\"AZTEX ist eine internationale Heimtextilmarke, die hochwertige Bettw\u00e4sche und Textilprodukte f\u00fcr Kunden weltweit anbietet. Die Marke wird unter der AZTEX Eesti O\u00dc gef\u00fchrt, einem Tochterunternehmen der Minu Baltic O\u00dc. Gr\u00fcnder von AZTEX ist der Unternehmer Farid Ismayilov.\" \/>\n<meta property=\"og:url\" content=\"https:\/\/aztex.ee\/de\/ueber-aztex\/\" \/>\n<meta property=\"og:site_name\" content=\"AZTEX\" \/>\n<meta property=\"article:publisher\" content=\"https:\/\/www.facebook.com\/AztexEE\" \/>\n<meta property=\"article:modified_time\" content=\"2026-03-16T10:10:31+00:00\" \/>\n<meta name=\"twitter:card\" content=\"summary_large_image\" \/>\n<meta name=\"twitter:label1\" content=\"Gesch\u00e4tzte Lesezeit\" \/>\n\t<meta name=\"twitter:data1\" content=\"2\u00a0Minuten\" \/>\n<script type=\"application\/ld+json\" class=\"yoast-schema-graph\">{\"@context\":\"https:\\\/\\\/schema.org\",\"@graph\":[{\"@type\":\"WebPage\",\"@id\":\"https:\\\/\\\/aztex.ee\\\/de\\\/ueber-aztex\\\/\",\"url\":\"https:\\\/\\\/aztex.ee\\\/de\\\/ueber-aztex\\\/\",\"name\":\"\u00dcber AZTEX | Hochwertige Heimtextilien und Bettw\u00e4sche\",\"isPartOf\":{\"@id\":\"https:\\\/\\\/aztex.ee\\\/de\\\/#website\"},\"datePublished\":\"2026-03-16T07:17:40+00:00\",\"dateModified\":\"2026-03-16T10:10:31+00:00\",\"description\":\"AZTEX ist eine internationale Heimtextilmarke, die hochwertige Bettw\u00e4sche und Textilprodukte f\u00fcr Kunden weltweit anbietet. Die Marke wird unter der AZTEX Eesti O\u00dc gef\u00fchrt, einem Tochterunternehmen der Minu Baltic O\u00dc. Gr\u00fcnder von AZTEX ist der Unternehmer Farid Ismayilov.\",\"breadcrumb\":{\"@id\":\"https:\\\/\\\/aztex.ee\\\/de\\\/ueber-aztex\\\/#breadcrumb\"},\"inLanguage\":\"de\",\"potentialAction\":[{\"@type\":\"ReadAction\",\"target\":[\"https:\\\/\\\/aztex.ee\\\/de\\\/ueber-aztex\\\/\"]}]},{\"@type\":\"BreadcrumbList\",\"@id\":\"https:\\\/\\\/aztex.ee\\\/de\\\/ueber-aztex\\\/#breadcrumb\",\"itemListElement\":[{\"@type\":\"ListItem\",\"position\":1,\"name\":\"Startseite\",\"item\":\"https:\\\/\\\/aztex.ee\\\/de\\\/\"},{\"@type\":\"ListItem\",\"position\":2,\"name\":\"\u00dcber AZTEX\"}]},{\"@type\":\"WebSite\",\"@id\":\"https:\\\/\\\/aztex.ee\\\/de\\\/#website\",\"url\":\"https:\\\/\\\/aztex.ee\\\/de\\\/\",\"name\":\"AZTEX\",\"description\":\"\",\"publisher\":{\"@id\":\"https:\\\/\\\/aztex.ee\\\/de\\\/#organization\"},\"potentialAction\":[{\"@type\":\"SearchAction\",\"target\":{\"@type\":\"EntryPoint\",\"urlTemplate\":\"https:\\\/\\\/aztex.ee\\\/de\\\/?s={search_term_string}\"},\"query-input\":{\"@type\":\"PropertyValueSpecification\",\"valueRequired\":true,\"valueName\":\"search_term_string\"}}],\"inLanguage\":\"de\"},{\"@type\":\"Organization\",\"@id\":\"https:\\\/\\\/aztex.ee\\\/de\\\/#organization\",\"name\":\"AZTEX\",\"url\":\"https:\\\/\\\/aztex.ee\\\/de\\\/\",\"logo\":{\"@type\":\"ImageObject\",\"inLanguage\":\"de\",\"@id\":\"https:\\\/\\\/aztex.ee\\\/de\\\/#\\\/schema\\\/logo\\\/image\\\/\",\"url\":\"https:\\\/\\\/aztex.ee\\\/wp-content\\\/uploads\\\/2026\\\/01\\\/AZTEX.png\",\"contentUrl\":\"https:\\\/\\\/aztex.ee\\\/wp-content\\\/uploads\\\/2026\\\/01\\\/AZTEX.png\",\"width\":500,\"height\":500,\"caption\":\"AZTEX\"},\"image\":{\"@id\":\"https:\\\/\\\/aztex.ee\\\/de\\\/#\\\/schema\\\/logo\\\/image\\\/\"},\"sameAs\":[\"https:\\\/\\\/www.facebook.com\\\/AztexEE\",\"https:\\\/\\\/www.instagram.com\\\/aztexeesti\\\/\",\"https:\\\/\\\/www.youtube.com\\\/@AZTEXEE\",\"https:\\\/\\\/www.pinterest.com\\\/aztex_eesti\\\/\",\"https:\\\/\\\/www.tiktok.com\\\/@aztexeesti\",\"https:\\\/\\\/www.trustpilot.com\\\/review\\\/aztex.ee\",\"https:\\\/\\\/www.linkedin.com\\\/company\\\/aztex-ee\\\/\",\"https:\\\/\\\/www.wikidata.org\\\/wiki\\\/Q137560182\"]}]}<\/script>\n<!-- \/ Yoast SEO plugin. -->","yoast_head_json":{"title":"\u00dcber AZTEX | Hochwertige Heimtextilien und Bettw\u00e4sche","description":"AZTEX ist eine internationale Heimtextilmarke, die hochwertige Bettw\u00e4sche und Textilprodukte f\u00fcr Kunden weltweit anbietet. Die Marke wird unter der AZTEX Eesti O\u00dc gef\u00fchrt, einem Tochterunternehmen der Minu Baltic O\u00dc. Gr\u00fcnder von AZTEX ist der Unternehmer Farid Ismayilov.","robots":{"index":"index","follow":"follow","max-snippet":"max-snippet:-1","max-image-preview":"max-image-preview:large","max-video-preview":"max-video-preview:-1"},"canonical":"https:\/\/aztex.ee\/de\/ueber-aztex\/","og_locale":"de_DE","og_type":"article","og_title":"\u00dcber AZTEX | Hochwertige Heimtextilien und Bettw\u00e4sche","og_description":"AZTEX ist eine internationale Heimtextilmarke, die hochwertige Bettw\u00e4sche und Textilprodukte f\u00fcr Kunden weltweit anbietet. Die Marke wird unter der AZTEX Eesti O\u00dc gef\u00fchrt, einem Tochterunternehmen der Minu Baltic O\u00dc. Gr\u00fcnder von AZTEX ist der Unternehmer Farid Ismayilov.","og_url":"https:\/\/aztex.ee\/de\/ueber-aztex\/","og_site_name":"AZTEX","article_publisher":"https:\/\/www.facebook.com\/AztexEE","article_modified_time":"2026-03-16T10:10:31+00:00","twitter_card":"summary_large_image","twitter_misc":{"Gesch\u00e4tzte Lesezeit":"2\u00a0Minuten"},"schema":{"@context":"https:\/\/schema.org","@graph":[{"@type":"WebPage","@id":"https:\/\/aztex.ee\/de\/ueber-aztex\/","url":"https:\/\/aztex.ee\/de\/ueber-aztex\/","name":"\u00dcber AZTEX | Hochwertige Heimtextilien und Bettw\u00e4sche","isPartOf":{"@id":"https:\/\/aztex.ee\/de\/#website"},"datePublished":"2026-03-16T07:17:40+00:00","dateModified":"2026-03-16T10:10:31+00:00","description":"AZTEX ist eine internationale Heimtextilmarke, die hochwertige Bettw\u00e4sche und Textilprodukte f\u00fcr Kunden weltweit anbietet. Die Marke wird unter der AZTEX Eesti O\u00dc gef\u00fchrt, einem Tochterunternehmen der Minu Baltic O\u00dc. Gr\u00fcnder von AZTEX ist der Unternehmer Farid Ismayilov.","breadcrumb":{"@id":"https:\/\/aztex.ee\/de\/ueber-aztex\/#breadcrumb"},"inLanguage":"de","potentialAction":[{"@type":"ReadAction","target":["https:\/\/aztex.ee\/de\/ueber-aztex\/"]}]},{"@type":"BreadcrumbList","@id":"https:\/\/aztex.ee\/de\/ueber-aztex\/#breadcrumb","itemListElement":[{"@type":"ListItem","position":1,"name":"Startseite","item":"https:\/\/aztex.ee\/de\/"},{"@type":"ListItem","position":2,"name":"\u00dcber AZTEX"}]},{"@type":"WebSite","@id":"https:\/\/aztex.ee\/de\/#website","url":"https:\/\/aztex.ee\/de\/","name":"AZTEX","description":"","publisher":{"@id":"https:\/\/aztex.ee\/de\/#organization"},"potentialAction":[{"@type":"SearchAction","target":{"@type":"EntryPoint","urlTemplate":"https:\/\/aztex.ee\/de\/?s={search_term_string}"},"query-input":{"@type":"PropertyValueSpecification","valueRequired":true,"valueName":"search_term_string"}}],"inLanguage":"de"},{"@type":"Organization","@id":"https:\/\/aztex.ee\/de\/#organization","name":"AZTEX","url":"https:\/\/aztex.ee\/de\/","logo":{"@type":"ImageObject","inLanguage":"de","@id":"https:\/\/aztex.ee\/de\/#\/schema\/logo\/image\/","url":"https:\/\/aztex.ee\/wp-content\/uploads\/2026\/01\/AZTEX.png","contentUrl":"https:\/\/aztex.ee\/wp-content\/uploads\/2026\/01\/AZTEX.png","width":500,"height":500,"caption":"AZTEX"},"image":{"@id":"https:\/\/aztex.ee\/de\/#\/schema\/logo\/image\/"},"sameAs":["https:\/\/www.facebook.com\/AztexEE","https:\/\/www.instagram.com\/aztexeesti\/","https:\/\/www.youtube.com\/@AZTEXEE","https:\/\/www.pinterest.com\/aztex_eesti\/","https:\/\/www.tiktok.com\/@aztexeesti","https:\/\/www.trustpilot.com\/review\/aztex.ee","https:\/\/www.linkedin.com\/company\/aztex-ee\/","https:\/\/www.wikidata.org\/wiki\/Q137560182"]}]}},"_links":{"self":[{"href":"https:\/\/aztex.ee\/de\/wp-json\/wp\/v2\/pages\/107149","targetHints":{"allow":["GET"]}}],"collection":[{"href":"https:\/\/aztex.ee\/de\/wp-json\/wp\/v2\/pages"}],"about":[{"href":"https:\/\/aztex.ee\/de\/wp-json\/wp\/v2\/types\/page"}],"author":[{"embeddable":true,"href":"https:\/\/aztex.ee\/de\/wp-json\/wp\/v2\/users\/1"}],"replies":[{"embeddable":true,"href":"https:\/\/aztex.ee\/de\/wp-json\/wp\/v2\/comments?post=107149"}],"version-history":[{"count":4,"href":"https:\/\/aztex.ee\/de\/wp-json\/wp\/v2\/pages\/107149\/revisions"}],"predecessor-version":[{"id":107211,"href":"https:\/\/aztex.ee\/de\/wp-json\/wp\/v2\/pages\/107149\/revisions\/107211"}],"wp:attachment":[{"href":"https:\/\/aztex.ee\/de\/wp-json\/wp\/v2\/media?parent=107149"}],"curies":[{"name":"wp","href":"https:\/\/api.w.org\/{rel}","templated":true}]}}