{"id":94464,"date":"2025-09-15T09:06:50","date_gmt":"2025-09-15T09:06:50","guid":{"rendered":"https:\/\/aztex.ee\/?post_type=product&#038;p=94464"},"modified":"2026-04-08T10:43:53","modified_gmt":"2026-04-08T10:43:53","slug":"andefjerspude","status":"publish","type":"product","link":"https:\/\/aztex.ee\/da\/pood\/hovedpuder\/andefjerspude\/","title":{"rendered":"Andefjerspude"},"content":{"rendered":"<p><strong>Bl\u00f8d og luksuri\u00f8s fornemmelse<\/strong><\/p>\n<p>Andefjerspude er us\u00e6dvanlig bl\u00f8d og sk\u00e5nsom og st\u00f8tter naturligt hoved og nakke. Fyldet bevarer sin form og elasticitet, hvilket sikrer komfort og stabilitet til enhver tid. Takket v\u00e6re materialer af h\u00f8j kvalitet er denne andefjerspude velegnet til ethvert sovev\u00e6relse og giver en p\u00e5lidelig og komfortabel l\u00f8sning til daglig brug.<\/p>\n<p><strong>\u00c5ndbar og komfortabel<\/strong><\/p>\n<p>Den \u00f8kologiske andefjerspude tillader luften at cirkulere frit og holder puden frisk og t\u00f8r. Takket v\u00e6re dens \u00e5ndbarhed overophedes den ikke eller akkumuleres fugt, hvilket opretholder komfort b\u00e5de om natten og om dagen. Denne egenskab g\u00f8r puden velegnet til dem, der v\u00e6rds\u00e6tter god luftcirkulation og behagelig st\u00f8tte.<\/p>\n<p><strong>Holdbar og formbevarende<\/strong><\/p>\n<p>De naturlige materialer af h\u00f8j kvalitet sikrer, at denne andefjerspude bevarer sin form og elasticitet selv efter \u00e5r. Selv ved hyppig brug kollapser puden ikke eller mister den sin komfort, hvilket giver stabil og p\u00e5lidelig st\u00f8tte p\u00e5 lang sigt. Dette g\u00f8r puden til en langsigtet og praktisk investering, der er velegnet til daglig brug.<\/p>\n<p><strong>\u00d8kologisk og t\u00e6t p\u00e5 naturen<\/strong><\/p>\n<p>Puden er lavet af \u00f8kologisk fremskaffede andefjer, som er naturlige og milj\u00f8venlige. Det er et sundt og b\u00e6redygtigt valg, der er sk\u00e5nsomt for b\u00e5de mennesker og milj\u00f8. Den \u00f8kologiske pude sikrer kvalitet og komfort og opretholder en balance mellem praktisk anvendelighed og milj\u00f8venlighed.<\/p>\n<p><strong>Overkommeligt og h\u00f8jkvalitetsvalg<\/strong><\/p>\n<p>Denne overkommelige pude kombinerer en overkommelig pris og h\u00f8j kvalitet. Den overkommelige andefjerpude sikrer komfort, holdbarhed og \u00f8kologiske egenskaber uden kompromis. Det er et praktisk og fornuftigt valg til ethvert hjem, der tilbyder en balance mellem pris og kvalitet, der g\u00f8r k\u00f8bet tilfredsstillende og fordelagtigt i det lange l\u00f8b.<\/p>\n","protected":false},"excerpt":{"rendered":"<p>Andefjerspude lavet af naturlige andefjer, som er b\u00e5de bl\u00f8d, \u00e5ndbar og holdbar, sikrer maksimal komfort.<\/p>\n<ul>\n<li>Fyld: 90% andefjer \/ 10% andedun<\/li>\n<li>Betr\u00e6k: 100% Egyptisk bomuld<\/li>\n<li>Maskinvaskbar: Ja<\/li>\n<li>Hovedpude h\u00f8jde: Medium<\/li>\n<\/ul>\n<p><img loading=\"lazy\" decoding=\"async\" class=\"alignnone wp-image-94116\" src=\"https:\/\/aztex.ee\/wp-content\/uploads\/2025\/09\/globalrecyled-400x201.png\" alt=\"\" width=\"111\" height=\"56\" srcset=\"https:\/\/aztex.ee\/wp-content\/uploads\/2025\/09\/globalrecyled-400x201.png 400w, https:\/\/aztex.ee\/wp-content\/uploads\/2025\/09\/globalrecyled-430x216.png 430w, https:\/\/aztex.ee\/wp-content\/uploads\/2025\/09\/globalrecyled-150x75.png 150w, https:\/\/aztex.ee\/wp-content\/uploads\/2025\/09\/globalrecyled.png 600w\" sizes=\"auto, (max-width: 111px) 100vw, 111px\" \/><img loading=\"lazy\" decoding=\"async\" class=\"alignnone wp-image-94119\" src=\"https:\/\/aztex.ee\/wp-content\/uploads\/2025\/09\/oeko100ser.png\" alt=\"\" width=\"53\" height=\"50\" srcset=\"https:\/\/aztex.ee\/wp-content\/uploads\/2025\/09\/oeko100ser.png 200w, https:\/\/aztex.ee\/wp-content\/uploads\/2025\/09\/oeko100ser-150x142.png 150w\" sizes=\"auto, (max-width: 53px) 100vw, 53px\" \/><img loading=\"lazy\" decoding=\"async\" class=\"alignnone wp-image-94114\" src=\"https:\/\/aztex.ee\/wp-content\/uploads\/2025\/09\/RDS.png\" alt=\"\" width=\"55\" height=\"55\" srcset=\"https:\/\/aztex.ee\/wp-content\/uploads\/2025\/09\/RDS.png 200w, https:\/\/aztex.ee\/wp-content\/uploads\/2025\/09\/RDS-150x150.png 150w\" sizes=\"auto, (max-width: 55px) 100vw, 55px\" \/><img loading=\"lazy\" decoding=\"async\" class=\"alignnone wp-image-94115\" src=\"https:\/\/aztex.ee\/wp-content\/uploads\/2025\/09\/BSCI.png\" alt=\"\" width=\"55\" height=\"55\" srcset=\"https:\/\/aztex.ee\/wp-content\/uploads\/2025\/09\/BSCI.png 200w, https:\/\/aztex.ee\/wp-content\/uploads\/2025\/09\/BSCI-150x150.png 150w\" sizes=\"auto, (max-width: 55px) 100vw, 55px\" \/><img loading=\"lazy\" decoding=\"async\" class=\"alignnone wp-image-94112\" src=\"https:\/\/aztex.ee\/wp-content\/uploads\/2025\/09\/logo_downpass_en.png\" alt=\"\" width=\"49\" height=\"53\" srcset=\"https:\/\/aztex.ee\/wp-content\/uploads\/2025\/09\/logo_downpass_en.png 240w, https:\/\/aztex.ee\/wp-content\/uploads\/2025\/09\/logo_downpass_en-150x163.png 150w\" sizes=\"auto, (max-width: 49px) 100vw, 49px\" \/><\/p>\n","protected":false},"featured_media":94554,"comment_status":"open","ping_status":"closed","template":"","meta":[],"product_brand":[],"product_cat":[6142,6095],"product_tag":[],"class_list":{"0":"post-94464","1":"product","2":"type-product","3":"status-publish","4":"has-post-thumbnail","6":"product_cat-fjer-puder","7":"product_cat-hovedpuder","9":"first","10":"instock","11":"shipping-taxable","12":"purchasable","13":"product-type-variable"},"yoast_head":"<!-- This site is optimized with the Yoast SEO plugin v27.3 - https:\/\/yoast.com\/product\/yoast-seo-wordpress\/ -->\n<title>Andefjerspude | AZTEX<\/title>\n<meta name=\"description\" content=\"Denne andefjerspude er bl\u00f8d, \u00e5ndbar og slidst\u00e6rk og sikrer en fredelig og behagelig s\u00f8vn hver nat. Det \u00f8kologiske og naturlige materiale er bl\u00f8dt, bevarer sin form og er slidst\u00e6rkt.\" \/>\n<meta name=\"robots\" content=\"index, follow, max-snippet:-1, max-image-preview:large, max-video-preview:-1\" \/>\n<link rel=\"canonical\" href=\"https:\/\/aztex.ee\/da\/pood\/hovedpuder\/andefjerspude\/\" \/>\n<meta property=\"og:locale\" content=\"da_DK\" \/>\n<meta property=\"og:type\" content=\"article\" \/>\n<meta property=\"og:title\" content=\"Andefjerspude | AZTEX\" \/>\n<meta property=\"og:description\" content=\"Denne andefjerspude er bl\u00f8d, \u00e5ndbar og slidst\u00e6rk og sikrer en fredelig og behagelig s\u00f8vn hver nat. Det \u00f8kologiske og naturlige materiale er bl\u00f8dt, bevarer sin form og er slidst\u00e6rkt.\" \/>\n<meta property=\"og:url\" content=\"https:\/\/aztex.ee\/da\/pood\/hovedpuder\/andefjerspude\/\" \/>\n<meta property=\"og:site_name\" content=\"AZTEX\" \/>\n<meta property=\"article:publisher\" content=\"https:\/\/www.facebook.com\/AztexEE\" \/>\n<meta property=\"article:modified_time\" content=\"2026-04-08T10:43:53+00:00\" \/>\n<meta property=\"og:image\" content=\"https:\/\/aztex.ee\/wp-content\/uploads\/2025\/09\/Pardisulgedest-padi.jpg\" \/>\n\t<meta property=\"og:image:width\" content=\"800\" \/>\n\t<meta property=\"og:image:height\" content=\"800\" \/>\n\t<meta property=\"og:image:type\" content=\"image\/jpeg\" \/>\n<meta name=\"twitter:card\" content=\"summary_large_image\" \/>\n<meta name=\"twitter:label1\" content=\"Estimeret l\u00e6setid\" \/>\n\t<meta name=\"twitter:data1\" content=\"2 minutter\" \/>\n<script type=\"application\/ld+json\" class=\"yoast-schema-graph\">{\"@context\":\"https:\\\/\\\/schema.org\",\"@graph\":[{\"@type\":[\"WebPage\",\"ItemPage\"],\"@id\":\"https:\\\/\\\/aztex.ee\\\/da\\\/pood\\\/hovedpuder\\\/andefjerspude\\\/\",\"url\":\"https:\\\/\\\/aztex.ee\\\/da\\\/pood\\\/hovedpuder\\\/andefjerspude\\\/\",\"name\":\"Andefjerspude | AZTEX\",\"isPartOf\":{\"@id\":\"https:\\\/\\\/aztex.ee\\\/da\\\/#website\"},\"primaryImageOfPage\":{\"@id\":\"https:\\\/\\\/aztex.ee\\\/da\\\/pood\\\/hovedpuder\\\/andefjerspude\\\/#primaryimage\"},\"image\":{\"@id\":\"https:\\\/\\\/aztex.ee\\\/da\\\/pood\\\/hovedpuder\\\/andefjerspude\\\/#primaryimage\"},\"thumbnailUrl\":\"https:\\\/\\\/aztex.ee\\\/wp-content\\\/uploads\\\/2025\\\/09\\\/Pardisulgedest-padi.jpg\",\"datePublished\":\"2025-09-15T09:06:50+00:00\",\"dateModified\":\"2026-04-08T10:43:53+00:00\",\"description\":\"Denne andefjerspude er bl\u00f8d, \u00e5ndbar og slidst\u00e6rk og sikrer en fredelig og behagelig s\u00f8vn hver nat. Det \u00f8kologiske og naturlige materiale er bl\u00f8dt, bevarer sin form og er slidst\u00e6rkt.\",\"breadcrumb\":{\"@id\":\"https:\\\/\\\/aztex.ee\\\/da\\\/pood\\\/hovedpuder\\\/andefjerspude\\\/#breadcrumb\"},\"inLanguage\":\"da-DK\",\"potentialAction\":[{\"@type\":\"ReadAction\",\"target\":[\"https:\\\/\\\/aztex.ee\\\/da\\\/pood\\\/hovedpuder\\\/andefjerspude\\\/\"]}]},{\"@type\":\"ImageObject\",\"inLanguage\":\"da-DK\",\"@id\":\"https:\\\/\\\/aztex.ee\\\/da\\\/pood\\\/hovedpuder\\\/andefjerspude\\\/#primaryimage\",\"url\":\"https:\\\/\\\/aztex.ee\\\/wp-content\\\/uploads\\\/2025\\\/09\\\/Pardisulgedest-padi.jpg\",\"contentUrl\":\"https:\\\/\\\/aztex.ee\\\/wp-content\\\/uploads\\\/2025\\\/09\\\/Pardisulgedest-padi.jpg\",\"width\":800,\"height\":800,\"caption\":\"Pardisulgedest padi\"},{\"@type\":\"BreadcrumbList\",\"@id\":\"https:\\\/\\\/aztex.ee\\\/da\\\/pood\\\/hovedpuder\\\/andefjerspude\\\/#breadcrumb\",\"itemListElement\":[{\"@type\":\"ListItem\",\"position\":1,\"name\":\"Forside\",\"item\":\"https:\\\/\\\/aztex.ee\\\/da\\\/\"},{\"@type\":\"ListItem\",\"position\":2,\"name\":\"Butik\",\"item\":\"https:\\\/\\\/aztex.ee\\\/da\\\/butik\\\/\"},{\"@type\":\"ListItem\",\"position\":3,\"name\":\"Andefjerspude\"}]},{\"@type\":\"WebSite\",\"@id\":\"https:\\\/\\\/aztex.ee\\\/da\\\/#website\",\"url\":\"https:\\\/\\\/aztex.ee\\\/da\\\/\",\"name\":\"AZTEX\",\"description\":\"\",\"publisher\":{\"@id\":\"https:\\\/\\\/aztex.ee\\\/da\\\/#organization\"},\"potentialAction\":[{\"@type\":\"SearchAction\",\"target\":{\"@type\":\"EntryPoint\",\"urlTemplate\":\"https:\\\/\\\/aztex.ee\\\/da\\\/?s={search_term_string}\"},\"query-input\":{\"@type\":\"PropertyValueSpecification\",\"valueRequired\":true,\"valueName\":\"search_term_string\"}}],\"inLanguage\":\"da-DK\"},{\"@type\":\"Organization\",\"@id\":\"https:\\\/\\\/aztex.ee\\\/da\\\/#organization\",\"name\":\"AZTEX\",\"url\":\"https:\\\/\\\/aztex.ee\\\/da\\\/\",\"logo\":{\"@type\":\"ImageObject\",\"inLanguage\":\"da-DK\",\"@id\":\"https:\\\/\\\/aztex.ee\\\/da\\\/#\\\/schema\\\/logo\\\/image\\\/\",\"url\":\"https:\\\/\\\/aztex.ee\\\/wp-content\\\/uploads\\\/2026\\\/01\\\/AZTEX.png\",\"contentUrl\":\"https:\\\/\\\/aztex.ee\\\/wp-content\\\/uploads\\\/2026\\\/01\\\/AZTEX.png\",\"width\":500,\"height\":500,\"caption\":\"AZTEX\"},\"image\":{\"@id\":\"https:\\\/\\\/aztex.ee\\\/da\\\/#\\\/schema\\\/logo\\\/image\\\/\"},\"sameAs\":[\"https:\\\/\\\/www.facebook.com\\\/AztexEE\",\"https:\\\/\\\/www.instagram.com\\\/aztexeesti\\\/\",\"https:\\\/\\\/www.youtube.com\\\/@AZTEXEE\",\"https:\\\/\\\/www.pinterest.com\\\/aztex_eesti\\\/\",\"https:\\\/\\\/www.tiktok.com\\\/@aztexeesti\",\"https:\\\/\\\/www.trustpilot.com\\\/review\\\/aztex.ee\",\"https:\\\/\\\/www.linkedin.com\\\/company\\\/aztex-ee\\\/\",\"https:\\\/\\\/www.wikidata.org\\\/wiki\\\/Q137560182\"]}]}<\/script>\n<!-- \/ Yoast SEO plugin. -->","yoast_head_json":{"title":"Andefjerspude | AZTEX","description":"Denne andefjerspude er bl\u00f8d, \u00e5ndbar og slidst\u00e6rk og sikrer en fredelig og behagelig s\u00f8vn hver nat. Det \u00f8kologiske og naturlige materiale er bl\u00f8dt, bevarer sin form og er slidst\u00e6rkt.","robots":{"index":"index","follow":"follow","max-snippet":"max-snippet:-1","max-image-preview":"max-image-preview:large","max-video-preview":"max-video-preview:-1"},"canonical":"https:\/\/aztex.ee\/da\/pood\/hovedpuder\/andefjerspude\/","og_locale":"da_DK","og_type":"article","og_title":"Andefjerspude | AZTEX","og_description":"Denne andefjerspude er bl\u00f8d, \u00e5ndbar og slidst\u00e6rk og sikrer en fredelig og behagelig s\u00f8vn hver nat. Det \u00f8kologiske og naturlige materiale er bl\u00f8dt, bevarer sin form og er slidst\u00e6rkt.","og_url":"https:\/\/aztex.ee\/da\/pood\/hovedpuder\/andefjerspude\/","og_site_name":"AZTEX","article_publisher":"https:\/\/www.facebook.com\/AztexEE","article_modified_time":"2026-04-08T10:43:53+00:00","og_image":[{"width":800,"height":800,"url":"https:\/\/aztex.ee\/wp-content\/uploads\/2025\/09\/Pardisulgedest-padi.jpg","type":"image\/jpeg"}],"twitter_card":"summary_large_image","twitter_misc":{"Estimeret l\u00e6setid":"2 minutter"},"schema":{"@context":"https:\/\/schema.org","@graph":[{"@type":["WebPage","ItemPage"],"@id":"https:\/\/aztex.ee\/da\/pood\/hovedpuder\/andefjerspude\/","url":"https:\/\/aztex.ee\/da\/pood\/hovedpuder\/andefjerspude\/","name":"Andefjerspude | AZTEX","isPartOf":{"@id":"https:\/\/aztex.ee\/da\/#website"},"primaryImageOfPage":{"@id":"https:\/\/aztex.ee\/da\/pood\/hovedpuder\/andefjerspude\/#primaryimage"},"image":{"@id":"https:\/\/aztex.ee\/da\/pood\/hovedpuder\/andefjerspude\/#primaryimage"},"thumbnailUrl":"https:\/\/aztex.ee\/wp-content\/uploads\/2025\/09\/Pardisulgedest-padi.jpg","datePublished":"2025-09-15T09:06:50+00:00","dateModified":"2026-04-08T10:43:53+00:00","description":"Denne andefjerspude er bl\u00f8d, \u00e5ndbar og slidst\u00e6rk og sikrer en fredelig og behagelig s\u00f8vn hver nat. Det \u00f8kologiske og naturlige materiale er bl\u00f8dt, bevarer sin form og er slidst\u00e6rkt.","breadcrumb":{"@id":"https:\/\/aztex.ee\/da\/pood\/hovedpuder\/andefjerspude\/#breadcrumb"},"inLanguage":"da-DK","potentialAction":[{"@type":"ReadAction","target":["https:\/\/aztex.ee\/da\/pood\/hovedpuder\/andefjerspude\/"]}]},{"@type":"ImageObject","inLanguage":"da-DK","@id":"https:\/\/aztex.ee\/da\/pood\/hovedpuder\/andefjerspude\/#primaryimage","url":"https:\/\/aztex.ee\/wp-content\/uploads\/2025\/09\/Pardisulgedest-padi.jpg","contentUrl":"https:\/\/aztex.ee\/wp-content\/uploads\/2025\/09\/Pardisulgedest-padi.jpg","width":800,"height":800,"caption":"Pardisulgedest padi"},{"@type":"BreadcrumbList","@id":"https:\/\/aztex.ee\/da\/pood\/hovedpuder\/andefjerspude\/#breadcrumb","itemListElement":[{"@type":"ListItem","position":1,"name":"Forside","item":"https:\/\/aztex.ee\/da\/"},{"@type":"ListItem","position":2,"name":"Butik","item":"https:\/\/aztex.ee\/da\/butik\/"},{"@type":"ListItem","position":3,"name":"Andefjerspude"}]},{"@type":"WebSite","@id":"https:\/\/aztex.ee\/da\/#website","url":"https:\/\/aztex.ee\/da\/","name":"AZTEX","description":"","publisher":{"@id":"https:\/\/aztex.ee\/da\/#organization"},"potentialAction":[{"@type":"SearchAction","target":{"@type":"EntryPoint","urlTemplate":"https:\/\/aztex.ee\/da\/?s={search_term_string}"},"query-input":{"@type":"PropertyValueSpecification","valueRequired":true,"valueName":"search_term_string"}}],"inLanguage":"da-DK"},{"@type":"Organization","@id":"https:\/\/aztex.ee\/da\/#organization","name":"AZTEX","url":"https:\/\/aztex.ee\/da\/","logo":{"@type":"ImageObject","inLanguage":"da-DK","@id":"https:\/\/aztex.ee\/da\/#\/schema\/logo\/image\/","url":"https:\/\/aztex.ee\/wp-content\/uploads\/2026\/01\/AZTEX.png","contentUrl":"https:\/\/aztex.ee\/wp-content\/uploads\/2026\/01\/AZTEX.png","width":500,"height":500,"caption":"AZTEX"},"image":{"@id":"https:\/\/aztex.ee\/da\/#\/schema\/logo\/image\/"},"sameAs":["https:\/\/www.facebook.com\/AztexEE","https:\/\/www.instagram.com\/aztexeesti\/","https:\/\/www.youtube.com\/@AZTEXEE","https:\/\/www.pinterest.com\/aztex_eesti\/","https:\/\/www.tiktok.com\/@aztexeesti","https:\/\/www.trustpilot.com\/review\/aztex.ee","https:\/\/www.linkedin.com\/company\/aztex-ee\/","https:\/\/www.wikidata.org\/wiki\/Q137560182"]}]}},"_links":{"self":[{"href":"https:\/\/aztex.ee\/da\/wp-json\/wp\/v2\/product\/94464","targetHints":{"allow":["GET"]}}],"collection":[{"href":"https:\/\/aztex.ee\/da\/wp-json\/wp\/v2\/product"}],"about":[{"href":"https:\/\/aztex.ee\/da\/wp-json\/wp\/v2\/types\/product"}],"replies":[{"embeddable":true,"href":"https:\/\/aztex.ee\/da\/wp-json\/wp\/v2\/comments?post=94464"}],"version-history":[{"count":0,"href":"https:\/\/aztex.ee\/da\/wp-json\/wp\/v2\/product\/94464\/revisions"}],"wp:featuredmedia":[{"embeddable":true,"href":"https:\/\/aztex.ee\/da\/wp-json\/wp\/v2\/media\/94554"}],"wp:attachment":[{"href":"https:\/\/aztex.ee\/da\/wp-json\/wp\/v2\/media?parent=94464"}],"wp:term":[{"taxonomy":"product_brand","embeddable":true,"href":"https:\/\/aztex.ee\/da\/wp-json\/wp\/v2\/product_brand?post=94464"},{"taxonomy":"product_cat","embeddable":true,"href":"https:\/\/aztex.ee\/da\/wp-json\/wp\/v2\/product_cat?post=94464"},{"taxonomy":"product_tag","embeddable":true,"href":"https:\/\/aztex.ee\/da\/wp-json\/wp\/v2\/product_tag?post=94464"}],"curies":[{"name":"wp","href":"https:\/\/api.w.org\/{rel}","templated":true}]}}