{"id":92488,"date":"2025-08-19T22:48:27","date_gmt":"2025-08-19T22:48:27","guid":{"rendered":"https:\/\/aztex.ee\/?post_type=product&#038;p=92488"},"modified":"2026-01-14T15:27:33","modified_gmt":"2026-01-14T15:27:33","slug":"hamp-pudebetraek-bordeaux","status":"publish","type":"product","link":"https:\/\/aztex.ee\/da\/pood\/pudebetraek-i-hamp\/hamp-pudebetraek-bordeaux\/","title":{"rendered":"Hamp pudebetr\u00e6k | Bordeaux"},"content":{"rendered":"<p>Hamp pudebetr\u00e6k tilf\u00f8jer et luksuri\u00f8st og moderne look til ethvert sovev\u00e6relse takket v\u00e6re hampens naturlighed. Dette materiale giver pudebetr\u00e6k holdbarhed og lang levetid, hvilket g\u00f8r det til et godt valg for dem, der foretr\u00e6kker en milj\u00f8venlig livsstil.<\/p>\n<p>Brug af hamppudebetr\u00e6k underst\u00f8tter god s\u00f8vn og forbedrer det generelle velv\u00e6re. Hampens antibakterielle og allergifrie egenskaber g\u00f8r den til et ideelt valg for b\u00e5de allergikere og astmatikere, da hamp afviser bakterier og holder pudebetr\u00e6k ren i l\u00e6ngere tid.<\/p>\n","protected":false},"excerpt":{"rendered":"<p>Hamp pudebetr\u00e6k er et holdbart, \u00e5ndbart og hudvenligt valg til en behagelig s\u00f8vn.<\/p>\n<ul>\n<li>Farve: Bordeaux<\/li>\n<li>Materiale: 100% hamp, 180 g\/m2<\/li>\n<\/ul>\n<p><img loading=\"lazy\" decoding=\"async\" class=\"alignnone size-full wp-image-20226\" src=\"https:\/\/aztex.ee\/wp-content\/uploads\/2024\/09\/oekotex100.png\" alt=\"\" width=\"204\" height=\"72\" srcset=\"https:\/\/aztex.ee\/wp-content\/uploads\/2024\/09\/oekotex100.png 204w, https:\/\/aztex.ee\/wp-content\/uploads\/2024\/09\/oekotex100-150x53.png 150w\" sizes=\"auto, (max-width: 204px) 100vw, 204px\" \/><img loading=\"lazy\" decoding=\"async\" class=\"alignnone wp-image-20896\" src=\"https:\/\/aztex.ee\/wp-content\/uploads\/2024\/09\/NATURALHEMP.png\" alt=\"\" width=\"79\" height=\"79\" srcset=\"https:\/\/aztex.ee\/wp-content\/uploads\/2024\/09\/NATURALHEMP.png 300w, https:\/\/aztex.ee\/wp-content\/uploads\/2024\/09\/NATURALHEMP-150x150.png 150w\" sizes=\"auto, (max-width: 79px) 100vw, 79px\" \/><\/p>\n","protected":false},"featured_media":92586,"comment_status":"open","ping_status":"closed","template":"","meta":[],"product_brand":[],"product_cat":[1771,455],"product_tag":[],"class_list":{"0":"post-92488","1":"product","2":"type-product","3":"status-publish","4":"has-post-thumbnail","6":"product_cat-pudebetraek","7":"product_cat-pudebetraek-i-hamp","9":"first","10":"instock","11":"shipping-taxable","12":"purchasable","13":"product-type-variable"},"yoast_head":"<!-- This site is optimized with the Yoast SEO plugin v27.3 - https:\/\/yoast.com\/product\/yoast-seo-wordpress\/ -->\n<title>\u00d8kologisk hamp pudebetr\u00e6k - Bordeaux | AZTEX<\/title>\n<meta name=\"description\" content=\"Hamp pudebetr\u00e6k er naturligt, bl\u00f8dt, \u00e5ndbart og slidst\u00e6rkt. Det bringer elegance og naturlig komfort til sovev\u00e6relset og g\u00f8r hvert \u00f8jeblik af s\u00f8vn forfriskende.\" \/>\n<meta name=\"robots\" content=\"index, follow, max-snippet:-1, max-image-preview:large, max-video-preview:-1\" \/>\n<link rel=\"canonical\" href=\"https:\/\/aztex.ee\/da\/pood\/pudebetraek-i-hamp\/hamp-pudebetraek-bordeaux\/\" \/>\n<meta property=\"og:locale\" content=\"da_DK\" \/>\n<meta property=\"og:type\" content=\"article\" \/>\n<meta property=\"og:title\" content=\"\u00d8kologisk hamp pudebetr\u00e6k - Bordeaux | AZTEX\" \/>\n<meta property=\"og:description\" content=\"Hamp pudebetr\u00e6k er naturligt, bl\u00f8dt, \u00e5ndbart og slidst\u00e6rkt. Det bringer elegance og naturlig komfort til sovev\u00e6relset og g\u00f8r hvert \u00f8jeblik af s\u00f8vn forfriskende.\" \/>\n<meta property=\"og:url\" content=\"https:\/\/aztex.ee\/da\/pood\/pudebetraek-i-hamp\/hamp-pudebetraek-bordeaux\/\" \/>\n<meta property=\"og:site_name\" content=\"AZTEX\" \/>\n<meta property=\"article:publisher\" content=\"https:\/\/www.facebook.com\/AztexEE\" \/>\n<meta property=\"article:modified_time\" content=\"2026-01-14T15:27:33+00:00\" \/>\n<meta property=\"og:image\" content=\"https:\/\/aztex.ee\/wp-content\/uploads\/2025\/08\/Kanepist-padjapuur-Burgundia.jpg\" \/>\n\t<meta property=\"og:image:width\" content=\"800\" \/>\n\t<meta property=\"og:image:height\" content=\"800\" \/>\n\t<meta property=\"og:image:type\" content=\"image\/jpeg\" \/>\n<meta name=\"twitter:card\" content=\"summary_large_image\" \/>\n<meta name=\"twitter:label1\" content=\"Estimeret l\u00e6setid\" \/>\n\t<meta name=\"twitter:data1\" content=\"1 minut\" \/>\n<script type=\"application\/ld+json\" class=\"yoast-schema-graph\">{\"@context\":\"https:\\\/\\\/schema.org\",\"@graph\":[{\"@type\":[\"WebPage\",\"ItemPage\"],\"@id\":\"https:\\\/\\\/aztex.ee\\\/da\\\/pood\\\/pudebetraek-i-hamp\\\/hamp-pudebetraek-bordeaux\\\/\",\"url\":\"https:\\\/\\\/aztex.ee\\\/da\\\/pood\\\/pudebetraek-i-hamp\\\/hamp-pudebetraek-bordeaux\\\/\",\"name\":\"\u00d8kologisk hamp pudebetr\u00e6k - Bordeaux | AZTEX\",\"isPartOf\":{\"@id\":\"https:\\\/\\\/aztex.ee\\\/da\\\/#website\"},\"primaryImageOfPage\":{\"@id\":\"https:\\\/\\\/aztex.ee\\\/da\\\/pood\\\/pudebetraek-i-hamp\\\/hamp-pudebetraek-bordeaux\\\/#primaryimage\"},\"image\":{\"@id\":\"https:\\\/\\\/aztex.ee\\\/da\\\/pood\\\/pudebetraek-i-hamp\\\/hamp-pudebetraek-bordeaux\\\/#primaryimage\"},\"thumbnailUrl\":\"https:\\\/\\\/aztex.ee\\\/wp-content\\\/uploads\\\/2025\\\/08\\\/Kanepist-padjapuur-Burgundia.jpg\",\"datePublished\":\"2025-08-19T22:48:27+00:00\",\"dateModified\":\"2026-01-14T15:27:33+00:00\",\"description\":\"Hamp pudebetr\u00e6k er naturligt, bl\u00f8dt, \u00e5ndbart og slidst\u00e6rkt. Det bringer elegance og naturlig komfort til sovev\u00e6relset og g\u00f8r hvert \u00f8jeblik af s\u00f8vn forfriskende.\",\"breadcrumb\":{\"@id\":\"https:\\\/\\\/aztex.ee\\\/da\\\/pood\\\/pudebetraek-i-hamp\\\/hamp-pudebetraek-bordeaux\\\/#breadcrumb\"},\"inLanguage\":\"da-DK\",\"potentialAction\":[{\"@type\":\"ReadAction\",\"target\":[\"https:\\\/\\\/aztex.ee\\\/da\\\/pood\\\/pudebetraek-i-hamp\\\/hamp-pudebetraek-bordeaux\\\/\"]}]},{\"@type\":\"ImageObject\",\"inLanguage\":\"da-DK\",\"@id\":\"https:\\\/\\\/aztex.ee\\\/da\\\/pood\\\/pudebetraek-i-hamp\\\/hamp-pudebetraek-bordeaux\\\/#primaryimage\",\"url\":\"https:\\\/\\\/aztex.ee\\\/wp-content\\\/uploads\\\/2025\\\/08\\\/Kanepist-padjapuur-Burgundia.jpg\",\"contentUrl\":\"https:\\\/\\\/aztex.ee\\\/wp-content\\\/uploads\\\/2025\\\/08\\\/Kanepist-padjapuur-Burgundia.jpg\",\"width\":800,\"height\":800,\"caption\":\"Kanepist padjap\u00fc\u00fcr Burgundia\"},{\"@type\":\"BreadcrumbList\",\"@id\":\"https:\\\/\\\/aztex.ee\\\/da\\\/pood\\\/pudebetraek-i-hamp\\\/hamp-pudebetraek-bordeaux\\\/#breadcrumb\",\"itemListElement\":[{\"@type\":\"ListItem\",\"position\":1,\"name\":\"Forside\",\"item\":\"https:\\\/\\\/aztex.ee\\\/da\\\/\"},{\"@type\":\"ListItem\",\"position\":2,\"name\":\"Butik\",\"item\":\"https:\\\/\\\/aztex.ee\\\/da\\\/butik\\\/\"},{\"@type\":\"ListItem\",\"position\":3,\"name\":\"Hamp pudebetr\u00e6k | Bordeaux\"}]},{\"@type\":\"WebSite\",\"@id\":\"https:\\\/\\\/aztex.ee\\\/da\\\/#website\",\"url\":\"https:\\\/\\\/aztex.ee\\\/da\\\/\",\"name\":\"AZTEX\",\"description\":\"\",\"publisher\":{\"@id\":\"https:\\\/\\\/aztex.ee\\\/da\\\/#organization\"},\"potentialAction\":[{\"@type\":\"SearchAction\",\"target\":{\"@type\":\"EntryPoint\",\"urlTemplate\":\"https:\\\/\\\/aztex.ee\\\/da\\\/?s={search_term_string}\"},\"query-input\":{\"@type\":\"PropertyValueSpecification\",\"valueRequired\":true,\"valueName\":\"search_term_string\"}}],\"inLanguage\":\"da-DK\"},{\"@type\":\"Organization\",\"@id\":\"https:\\\/\\\/aztex.ee\\\/da\\\/#organization\",\"name\":\"AZTEX\",\"url\":\"https:\\\/\\\/aztex.ee\\\/da\\\/\",\"logo\":{\"@type\":\"ImageObject\",\"inLanguage\":\"da-DK\",\"@id\":\"https:\\\/\\\/aztex.ee\\\/da\\\/#\\\/schema\\\/logo\\\/image\\\/\",\"url\":\"https:\\\/\\\/aztex.ee\\\/wp-content\\\/uploads\\\/2026\\\/01\\\/AZTEX.png\",\"contentUrl\":\"https:\\\/\\\/aztex.ee\\\/wp-content\\\/uploads\\\/2026\\\/01\\\/AZTEX.png\",\"width\":500,\"height\":500,\"caption\":\"AZTEX\"},\"image\":{\"@id\":\"https:\\\/\\\/aztex.ee\\\/da\\\/#\\\/schema\\\/logo\\\/image\\\/\"},\"sameAs\":[\"https:\\\/\\\/www.facebook.com\\\/AztexEE\",\"https:\\\/\\\/www.instagram.com\\\/aztexeesti\\\/\",\"https:\\\/\\\/www.youtube.com\\\/@AZTEXEE\",\"https:\\\/\\\/www.pinterest.com\\\/aztex_eesti\\\/\",\"https:\\\/\\\/www.tiktok.com\\\/@aztexeesti\",\"https:\\\/\\\/www.trustpilot.com\\\/review\\\/aztex.ee\",\"https:\\\/\\\/www.linkedin.com\\\/company\\\/aztex-ee\\\/\",\"https:\\\/\\\/www.wikidata.org\\\/wiki\\\/Q137560182\"]}]}<\/script>\n<!-- \/ Yoast SEO plugin. -->","yoast_head_json":{"title":"\u00d8kologisk hamp pudebetr\u00e6k - Bordeaux | AZTEX","description":"Hamp pudebetr\u00e6k er naturligt, bl\u00f8dt, \u00e5ndbart og slidst\u00e6rkt. Det bringer elegance og naturlig komfort til sovev\u00e6relset og g\u00f8r hvert \u00f8jeblik af s\u00f8vn forfriskende.","robots":{"index":"index","follow":"follow","max-snippet":"max-snippet:-1","max-image-preview":"max-image-preview:large","max-video-preview":"max-video-preview:-1"},"canonical":"https:\/\/aztex.ee\/da\/pood\/pudebetraek-i-hamp\/hamp-pudebetraek-bordeaux\/","og_locale":"da_DK","og_type":"article","og_title":"\u00d8kologisk hamp pudebetr\u00e6k - Bordeaux | AZTEX","og_description":"Hamp pudebetr\u00e6k er naturligt, bl\u00f8dt, \u00e5ndbart og slidst\u00e6rkt. Det bringer elegance og naturlig komfort til sovev\u00e6relset og g\u00f8r hvert \u00f8jeblik af s\u00f8vn forfriskende.","og_url":"https:\/\/aztex.ee\/da\/pood\/pudebetraek-i-hamp\/hamp-pudebetraek-bordeaux\/","og_site_name":"AZTEX","article_publisher":"https:\/\/www.facebook.com\/AztexEE","article_modified_time":"2026-01-14T15:27:33+00:00","og_image":[{"width":800,"height":800,"url":"https:\/\/aztex.ee\/wp-content\/uploads\/2025\/08\/Kanepist-padjapuur-Burgundia.jpg","type":"image\/jpeg"}],"twitter_card":"summary_large_image","twitter_misc":{"Estimeret l\u00e6setid":"1 minut"},"schema":{"@context":"https:\/\/schema.org","@graph":[{"@type":["WebPage","ItemPage"],"@id":"https:\/\/aztex.ee\/da\/pood\/pudebetraek-i-hamp\/hamp-pudebetraek-bordeaux\/","url":"https:\/\/aztex.ee\/da\/pood\/pudebetraek-i-hamp\/hamp-pudebetraek-bordeaux\/","name":"\u00d8kologisk hamp pudebetr\u00e6k - Bordeaux | AZTEX","isPartOf":{"@id":"https:\/\/aztex.ee\/da\/#website"},"primaryImageOfPage":{"@id":"https:\/\/aztex.ee\/da\/pood\/pudebetraek-i-hamp\/hamp-pudebetraek-bordeaux\/#primaryimage"},"image":{"@id":"https:\/\/aztex.ee\/da\/pood\/pudebetraek-i-hamp\/hamp-pudebetraek-bordeaux\/#primaryimage"},"thumbnailUrl":"https:\/\/aztex.ee\/wp-content\/uploads\/2025\/08\/Kanepist-padjapuur-Burgundia.jpg","datePublished":"2025-08-19T22:48:27+00:00","dateModified":"2026-01-14T15:27:33+00:00","description":"Hamp pudebetr\u00e6k er naturligt, bl\u00f8dt, \u00e5ndbart og slidst\u00e6rkt. Det bringer elegance og naturlig komfort til sovev\u00e6relset og g\u00f8r hvert \u00f8jeblik af s\u00f8vn forfriskende.","breadcrumb":{"@id":"https:\/\/aztex.ee\/da\/pood\/pudebetraek-i-hamp\/hamp-pudebetraek-bordeaux\/#breadcrumb"},"inLanguage":"da-DK","potentialAction":[{"@type":"ReadAction","target":["https:\/\/aztex.ee\/da\/pood\/pudebetraek-i-hamp\/hamp-pudebetraek-bordeaux\/"]}]},{"@type":"ImageObject","inLanguage":"da-DK","@id":"https:\/\/aztex.ee\/da\/pood\/pudebetraek-i-hamp\/hamp-pudebetraek-bordeaux\/#primaryimage","url":"https:\/\/aztex.ee\/wp-content\/uploads\/2025\/08\/Kanepist-padjapuur-Burgundia.jpg","contentUrl":"https:\/\/aztex.ee\/wp-content\/uploads\/2025\/08\/Kanepist-padjapuur-Burgundia.jpg","width":800,"height":800,"caption":"Kanepist padjap\u00fc\u00fcr Burgundia"},{"@type":"BreadcrumbList","@id":"https:\/\/aztex.ee\/da\/pood\/pudebetraek-i-hamp\/hamp-pudebetraek-bordeaux\/#breadcrumb","itemListElement":[{"@type":"ListItem","position":1,"name":"Forside","item":"https:\/\/aztex.ee\/da\/"},{"@type":"ListItem","position":2,"name":"Butik","item":"https:\/\/aztex.ee\/da\/butik\/"},{"@type":"ListItem","position":3,"name":"Hamp pudebetr\u00e6k | Bordeaux"}]},{"@type":"WebSite","@id":"https:\/\/aztex.ee\/da\/#website","url":"https:\/\/aztex.ee\/da\/","name":"AZTEX","description":"","publisher":{"@id":"https:\/\/aztex.ee\/da\/#organization"},"potentialAction":[{"@type":"SearchAction","target":{"@type":"EntryPoint","urlTemplate":"https:\/\/aztex.ee\/da\/?s={search_term_string}"},"query-input":{"@type":"PropertyValueSpecification","valueRequired":true,"valueName":"search_term_string"}}],"inLanguage":"da-DK"},{"@type":"Organization","@id":"https:\/\/aztex.ee\/da\/#organization","name":"AZTEX","url":"https:\/\/aztex.ee\/da\/","logo":{"@type":"ImageObject","inLanguage":"da-DK","@id":"https:\/\/aztex.ee\/da\/#\/schema\/logo\/image\/","url":"https:\/\/aztex.ee\/wp-content\/uploads\/2026\/01\/AZTEX.png","contentUrl":"https:\/\/aztex.ee\/wp-content\/uploads\/2026\/01\/AZTEX.png","width":500,"height":500,"caption":"AZTEX"},"image":{"@id":"https:\/\/aztex.ee\/da\/#\/schema\/logo\/image\/"},"sameAs":["https:\/\/www.facebook.com\/AztexEE","https:\/\/www.instagram.com\/aztexeesti\/","https:\/\/www.youtube.com\/@AZTEXEE","https:\/\/www.pinterest.com\/aztex_eesti\/","https:\/\/www.tiktok.com\/@aztexeesti","https:\/\/www.trustpilot.com\/review\/aztex.ee","https:\/\/www.linkedin.com\/company\/aztex-ee\/","https:\/\/www.wikidata.org\/wiki\/Q137560182"]}]}},"_links":{"self":[{"href":"https:\/\/aztex.ee\/da\/wp-json\/wp\/v2\/product\/92488","targetHints":{"allow":["GET"]}}],"collection":[{"href":"https:\/\/aztex.ee\/da\/wp-json\/wp\/v2\/product"}],"about":[{"href":"https:\/\/aztex.ee\/da\/wp-json\/wp\/v2\/types\/product"}],"replies":[{"embeddable":true,"href":"https:\/\/aztex.ee\/da\/wp-json\/wp\/v2\/comments?post=92488"}],"version-history":[{"count":0,"href":"https:\/\/aztex.ee\/da\/wp-json\/wp\/v2\/product\/92488\/revisions"}],"wp:featuredmedia":[{"embeddable":true,"href":"https:\/\/aztex.ee\/da\/wp-json\/wp\/v2\/media\/92586"}],"wp:attachment":[{"href":"https:\/\/aztex.ee\/da\/wp-json\/wp\/v2\/media?parent=92488"}],"wp:term":[{"taxonomy":"product_brand","embeddable":true,"href":"https:\/\/aztex.ee\/da\/wp-json\/wp\/v2\/product_brand?post=92488"},{"taxonomy":"product_cat","embeddable":true,"href":"https:\/\/aztex.ee\/da\/wp-json\/wp\/v2\/product_cat?post=92488"},{"taxonomy":"product_tag","embeddable":true,"href":"https:\/\/aztex.ee\/da\/wp-json\/wp\/v2\/product_tag?post=92488"}],"curies":[{"name":"wp","href":"https:\/\/api.w.org\/{rel}","templated":true}]}}