{"id":91639,"date":"2025-08-16T16:03:53","date_gmt":"2025-08-16T16:03:53","guid":{"rendered":"https:\/\/aztex.ee\/?post_type=product&#038;p=91639"},"modified":"2025-08-16T16:20:10","modified_gmt":"2025-08-16T16:20:10","slug":"fladt-lagen-af-hamp-graa","status":"publish","type":"product","link":"https:\/\/aztex.ee\/da\/pood\/hamp-lagner\/fladt-lagen-af-hamp-graa\/","title":{"rendered":"Fladt lagen af hamp | Gr\u00e5"},"content":{"rendered":"<p>Hamp fladt lagen er det perfekte valg, der kombinerer praktisk, holdbarhed og stil i ethvert sovev\u00e6relse. Hampstoffets naturlige tekstur og neutrale farve skaber en elegant og rustik atmosf\u00e6re, der komplementerer forskellige interi\u00f8rstilarter. Ud over komfort er hamp-senget\u00f8jet ogs\u00e5 allergifrit og antibakterielt, hvilket giver en \u00e5ndbar og sund s\u00f8vn hele natten.<\/p>\n<p>Hamp senget\u00f8j er let at passe &#8211; det kan maskinvaskes og bevarer kvaliteten selv efter adskillige vaske. Hampfibre t\u00f8rrer hurtigt, hvilket er en ideel funktion for dem, der v\u00e6rds\u00e6tter praktisk og komfort. Derudover er hamp et milj\u00f8venligt materiale, fordi dets dyrkning er milj\u00f8venlig og b\u00e6redygtig, hvilket g\u00f8r hamp senget\u00f8j til et milj\u00f8- og naturvenligt valg.<\/p>\n","protected":false},"excerpt":{"rendered":"<p>100% hamp fladt lagen er allergivenligt og antibakterielt.<\/p>\n<ul>\n<li>Farve: Gr\u00e5<\/li>\n<li>Materiale: 100% hamp, 180 g\/m2<\/li>\n<li>St\u00f8rrelse: 220\u00d7240 cm<\/li>\n<\/ul>\n<p><img loading=\"lazy\" decoding=\"async\" class=\"alignnone size-full wp-image-20226\" src=\"https:\/\/aztex.ee\/wp-content\/uploads\/2024\/09\/oekotex100.png\" alt=\"\" width=\"204\" height=\"72\" srcset=\"https:\/\/aztex.ee\/wp-content\/uploads\/2024\/09\/oekotex100.png 204w, https:\/\/aztex.ee\/wp-content\/uploads\/2024\/09\/oekotex100-150x53.png 150w\" sizes=\"auto, (max-width: 204px) 100vw, 204px\" \/><img loading=\"lazy\" decoding=\"async\" class=\"alignnone wp-image-20896\" src=\"https:\/\/aztex.ee\/wp-content\/uploads\/2024\/09\/NATURALHEMP.png\" alt=\"\" width=\"79\" height=\"79\" srcset=\"https:\/\/aztex.ee\/wp-content\/uploads\/2024\/09\/NATURALHEMP.png 300w, https:\/\/aztex.ee\/wp-content\/uploads\/2024\/09\/NATURALHEMP-150x150.png 150w\" sizes=\"auto, (max-width: 79px) 100vw, 79px\" \/><\/p>\n","protected":false},"featured_media":91661,"comment_status":"open","ping_status":"closed","template":"","meta":[],"product_brand":[],"product_cat":[437,1793],"product_tag":[],"class_list":{"0":"post-91639","1":"product","2":"type-product","3":"status-publish","4":"has-post-thumbnail","6":"product_cat-hamp-lagner","7":"product_cat-lagner","9":"first","10":"instock","11":"shipping-taxable","12":"purchasable","13":"product-type-simple"},"yoast_head":"<!-- This site is optimized with the Yoast SEO plugin v27.3 - https:\/\/yoast.com\/product\/yoast-seo-wordpress\/ -->\n<title>Fladt lagen af hamp - Gr\u00e5 | AZTEX<\/title>\n<meta name=\"description\" content=\"Hamp senget\u00f8j er naturligt, \u00e5ndbart, antibakterielt og holdbart. Milj\u00f8venligt senget\u00f8j af h\u00f8j kvalitet sikrer komfort, friskhed, fredelig s\u00f8vn og en sund s\u00f8vnoplevelse hver nat.\" \/>\n<meta name=\"robots\" content=\"index, follow, max-snippet:-1, max-image-preview:large, max-video-preview:-1\" \/>\n<link rel=\"canonical\" href=\"https:\/\/aztex.ee\/da\/pood\/hamp-lagner\/fladt-lagen-af-hamp-graa\/\" \/>\n<meta property=\"og:locale\" content=\"da_DK\" \/>\n<meta property=\"og:type\" content=\"article\" \/>\n<meta property=\"og:title\" content=\"Fladt lagen af hamp - Gr\u00e5 | AZTEX\" \/>\n<meta property=\"og:description\" content=\"Hamp senget\u00f8j er naturligt, \u00e5ndbart, antibakterielt og holdbart. Milj\u00f8venligt senget\u00f8j af h\u00f8j kvalitet sikrer komfort, friskhed, fredelig s\u00f8vn og en sund s\u00f8vnoplevelse hver nat.\" \/>\n<meta property=\"og:url\" content=\"https:\/\/aztex.ee\/da\/pood\/hamp-lagner\/fladt-lagen-af-hamp-graa\/\" \/>\n<meta property=\"og:site_name\" content=\"AZTEX\" \/>\n<meta property=\"article:publisher\" content=\"https:\/\/www.facebook.com\/AztexEE\" \/>\n<meta property=\"article:modified_time\" content=\"2025-08-16T16:20:10+00:00\" \/>\n<meta property=\"og:image\" content=\"https:\/\/aztex.ee\/wp-content\/uploads\/2025\/08\/Kanepist-voodilina-Hall.jpg\" \/>\n\t<meta property=\"og:image:width\" content=\"800\" \/>\n\t<meta property=\"og:image:height\" content=\"800\" \/>\n\t<meta property=\"og:image:type\" content=\"image\/jpeg\" \/>\n<meta name=\"twitter:card\" content=\"summary_large_image\" \/>\n<meta name=\"twitter:label1\" content=\"Estimeret l\u00e6setid\" \/>\n\t<meta name=\"twitter:data1\" content=\"1 minut\" \/>\n<script type=\"application\/ld+json\" class=\"yoast-schema-graph\">{\"@context\":\"https:\\\/\\\/schema.org\",\"@graph\":[{\"@type\":[\"WebPage\",\"ItemPage\"],\"@id\":\"https:\\\/\\\/aztex.ee\\\/da\\\/pood\\\/hamp-lagner\\\/fladt-lagen-af-hamp-graa\\\/\",\"url\":\"https:\\\/\\\/aztex.ee\\\/da\\\/pood\\\/hamp-lagner\\\/fladt-lagen-af-hamp-graa\\\/\",\"name\":\"Fladt lagen af hamp - Gr\u00e5 | AZTEX\",\"isPartOf\":{\"@id\":\"https:\\\/\\\/aztex.ee\\\/da\\\/#website\"},\"primaryImageOfPage\":{\"@id\":\"https:\\\/\\\/aztex.ee\\\/da\\\/pood\\\/hamp-lagner\\\/fladt-lagen-af-hamp-graa\\\/#primaryimage\"},\"image\":{\"@id\":\"https:\\\/\\\/aztex.ee\\\/da\\\/pood\\\/hamp-lagner\\\/fladt-lagen-af-hamp-graa\\\/#primaryimage\"},\"thumbnailUrl\":\"https:\\\/\\\/aztex.ee\\\/wp-content\\\/uploads\\\/2025\\\/08\\\/Kanepist-voodilina-Hall.jpg\",\"datePublished\":\"2025-08-16T16:03:53+00:00\",\"dateModified\":\"2025-08-16T16:20:10+00:00\",\"description\":\"Hamp senget\u00f8j er naturligt, \u00e5ndbart, antibakterielt og holdbart. Milj\u00f8venligt senget\u00f8j af h\u00f8j kvalitet sikrer komfort, friskhed, fredelig s\u00f8vn og en sund s\u00f8vnoplevelse hver nat.\",\"breadcrumb\":{\"@id\":\"https:\\\/\\\/aztex.ee\\\/da\\\/pood\\\/hamp-lagner\\\/fladt-lagen-af-hamp-graa\\\/#breadcrumb\"},\"inLanguage\":\"da-DK\",\"potentialAction\":[{\"@type\":\"ReadAction\",\"target\":[\"https:\\\/\\\/aztex.ee\\\/da\\\/pood\\\/hamp-lagner\\\/fladt-lagen-af-hamp-graa\\\/\"]}]},{\"@type\":\"ImageObject\",\"inLanguage\":\"da-DK\",\"@id\":\"https:\\\/\\\/aztex.ee\\\/da\\\/pood\\\/hamp-lagner\\\/fladt-lagen-af-hamp-graa\\\/#primaryimage\",\"url\":\"https:\\\/\\\/aztex.ee\\\/wp-content\\\/uploads\\\/2025\\\/08\\\/Kanepist-voodilina-Hall.jpg\",\"contentUrl\":\"https:\\\/\\\/aztex.ee\\\/wp-content\\\/uploads\\\/2025\\\/08\\\/Kanepist-voodilina-Hall.jpg\",\"width\":800,\"height\":800,\"caption\":\"Kanepist voodilina Hall\"},{\"@type\":\"BreadcrumbList\",\"@id\":\"https:\\\/\\\/aztex.ee\\\/da\\\/pood\\\/hamp-lagner\\\/fladt-lagen-af-hamp-graa\\\/#breadcrumb\",\"itemListElement\":[{\"@type\":\"ListItem\",\"position\":1,\"name\":\"Forside\",\"item\":\"https:\\\/\\\/aztex.ee\\\/da\\\/\"},{\"@type\":\"ListItem\",\"position\":2,\"name\":\"Butik\",\"item\":\"https:\\\/\\\/aztex.ee\\\/da\\\/butik\\\/\"},{\"@type\":\"ListItem\",\"position\":3,\"name\":\"Fladt lagen af hamp | Gr\u00e5\"}]},{\"@type\":\"WebSite\",\"@id\":\"https:\\\/\\\/aztex.ee\\\/da\\\/#website\",\"url\":\"https:\\\/\\\/aztex.ee\\\/da\\\/\",\"name\":\"AZTEX\",\"description\":\"\",\"publisher\":{\"@id\":\"https:\\\/\\\/aztex.ee\\\/da\\\/#organization\"},\"potentialAction\":[{\"@type\":\"SearchAction\",\"target\":{\"@type\":\"EntryPoint\",\"urlTemplate\":\"https:\\\/\\\/aztex.ee\\\/da\\\/?s={search_term_string}\"},\"query-input\":{\"@type\":\"PropertyValueSpecification\",\"valueRequired\":true,\"valueName\":\"search_term_string\"}}],\"inLanguage\":\"da-DK\"},{\"@type\":\"Organization\",\"@id\":\"https:\\\/\\\/aztex.ee\\\/da\\\/#organization\",\"name\":\"AZTEX\",\"url\":\"https:\\\/\\\/aztex.ee\\\/da\\\/\",\"logo\":{\"@type\":\"ImageObject\",\"inLanguage\":\"da-DK\",\"@id\":\"https:\\\/\\\/aztex.ee\\\/da\\\/#\\\/schema\\\/logo\\\/image\\\/\",\"url\":\"https:\\\/\\\/aztex.ee\\\/wp-content\\\/uploads\\\/2026\\\/01\\\/AZTEX.png\",\"contentUrl\":\"https:\\\/\\\/aztex.ee\\\/wp-content\\\/uploads\\\/2026\\\/01\\\/AZTEX.png\",\"width\":500,\"height\":500,\"caption\":\"AZTEX\"},\"image\":{\"@id\":\"https:\\\/\\\/aztex.ee\\\/da\\\/#\\\/schema\\\/logo\\\/image\\\/\"},\"sameAs\":[\"https:\\\/\\\/www.facebook.com\\\/AztexEE\",\"https:\\\/\\\/www.instagram.com\\\/aztexeesti\\\/\",\"https:\\\/\\\/www.youtube.com\\\/@AZTEXEE\",\"https:\\\/\\\/www.pinterest.com\\\/aztex_eesti\\\/\",\"https:\\\/\\\/www.tiktok.com\\\/@aztexeesti\",\"https:\\\/\\\/www.trustpilot.com\\\/review\\\/aztex.ee\",\"https:\\\/\\\/www.linkedin.com\\\/company\\\/aztex-ee\\\/\",\"https:\\\/\\\/www.wikidata.org\\\/wiki\\\/Q137560182\"]}]}<\/script>\n<!-- \/ Yoast SEO plugin. -->","yoast_head_json":{"title":"Fladt lagen af hamp - Gr\u00e5 | AZTEX","description":"Hamp senget\u00f8j er naturligt, \u00e5ndbart, antibakterielt og holdbart. Milj\u00f8venligt senget\u00f8j af h\u00f8j kvalitet sikrer komfort, friskhed, fredelig s\u00f8vn og en sund s\u00f8vnoplevelse hver nat.","robots":{"index":"index","follow":"follow","max-snippet":"max-snippet:-1","max-image-preview":"max-image-preview:large","max-video-preview":"max-video-preview:-1"},"canonical":"https:\/\/aztex.ee\/da\/pood\/hamp-lagner\/fladt-lagen-af-hamp-graa\/","og_locale":"da_DK","og_type":"article","og_title":"Fladt lagen af hamp - Gr\u00e5 | AZTEX","og_description":"Hamp senget\u00f8j er naturligt, \u00e5ndbart, antibakterielt og holdbart. Milj\u00f8venligt senget\u00f8j af h\u00f8j kvalitet sikrer komfort, friskhed, fredelig s\u00f8vn og en sund s\u00f8vnoplevelse hver nat.","og_url":"https:\/\/aztex.ee\/da\/pood\/hamp-lagner\/fladt-lagen-af-hamp-graa\/","og_site_name":"AZTEX","article_publisher":"https:\/\/www.facebook.com\/AztexEE","article_modified_time":"2025-08-16T16:20:10+00:00","og_image":[{"width":800,"height":800,"url":"https:\/\/aztex.ee\/wp-content\/uploads\/2025\/08\/Kanepist-voodilina-Hall.jpg","type":"image\/jpeg"}],"twitter_card":"summary_large_image","twitter_misc":{"Estimeret l\u00e6setid":"1 minut"},"schema":{"@context":"https:\/\/schema.org","@graph":[{"@type":["WebPage","ItemPage"],"@id":"https:\/\/aztex.ee\/da\/pood\/hamp-lagner\/fladt-lagen-af-hamp-graa\/","url":"https:\/\/aztex.ee\/da\/pood\/hamp-lagner\/fladt-lagen-af-hamp-graa\/","name":"Fladt lagen af hamp - Gr\u00e5 | AZTEX","isPartOf":{"@id":"https:\/\/aztex.ee\/da\/#website"},"primaryImageOfPage":{"@id":"https:\/\/aztex.ee\/da\/pood\/hamp-lagner\/fladt-lagen-af-hamp-graa\/#primaryimage"},"image":{"@id":"https:\/\/aztex.ee\/da\/pood\/hamp-lagner\/fladt-lagen-af-hamp-graa\/#primaryimage"},"thumbnailUrl":"https:\/\/aztex.ee\/wp-content\/uploads\/2025\/08\/Kanepist-voodilina-Hall.jpg","datePublished":"2025-08-16T16:03:53+00:00","dateModified":"2025-08-16T16:20:10+00:00","description":"Hamp senget\u00f8j er naturligt, \u00e5ndbart, antibakterielt og holdbart. Milj\u00f8venligt senget\u00f8j af h\u00f8j kvalitet sikrer komfort, friskhed, fredelig s\u00f8vn og en sund s\u00f8vnoplevelse hver nat.","breadcrumb":{"@id":"https:\/\/aztex.ee\/da\/pood\/hamp-lagner\/fladt-lagen-af-hamp-graa\/#breadcrumb"},"inLanguage":"da-DK","potentialAction":[{"@type":"ReadAction","target":["https:\/\/aztex.ee\/da\/pood\/hamp-lagner\/fladt-lagen-af-hamp-graa\/"]}]},{"@type":"ImageObject","inLanguage":"da-DK","@id":"https:\/\/aztex.ee\/da\/pood\/hamp-lagner\/fladt-lagen-af-hamp-graa\/#primaryimage","url":"https:\/\/aztex.ee\/wp-content\/uploads\/2025\/08\/Kanepist-voodilina-Hall.jpg","contentUrl":"https:\/\/aztex.ee\/wp-content\/uploads\/2025\/08\/Kanepist-voodilina-Hall.jpg","width":800,"height":800,"caption":"Kanepist voodilina Hall"},{"@type":"BreadcrumbList","@id":"https:\/\/aztex.ee\/da\/pood\/hamp-lagner\/fladt-lagen-af-hamp-graa\/#breadcrumb","itemListElement":[{"@type":"ListItem","position":1,"name":"Forside","item":"https:\/\/aztex.ee\/da\/"},{"@type":"ListItem","position":2,"name":"Butik","item":"https:\/\/aztex.ee\/da\/butik\/"},{"@type":"ListItem","position":3,"name":"Fladt lagen af hamp | Gr\u00e5"}]},{"@type":"WebSite","@id":"https:\/\/aztex.ee\/da\/#website","url":"https:\/\/aztex.ee\/da\/","name":"AZTEX","description":"","publisher":{"@id":"https:\/\/aztex.ee\/da\/#organization"},"potentialAction":[{"@type":"SearchAction","target":{"@type":"EntryPoint","urlTemplate":"https:\/\/aztex.ee\/da\/?s={search_term_string}"},"query-input":{"@type":"PropertyValueSpecification","valueRequired":true,"valueName":"search_term_string"}}],"inLanguage":"da-DK"},{"@type":"Organization","@id":"https:\/\/aztex.ee\/da\/#organization","name":"AZTEX","url":"https:\/\/aztex.ee\/da\/","logo":{"@type":"ImageObject","inLanguage":"da-DK","@id":"https:\/\/aztex.ee\/da\/#\/schema\/logo\/image\/","url":"https:\/\/aztex.ee\/wp-content\/uploads\/2026\/01\/AZTEX.png","contentUrl":"https:\/\/aztex.ee\/wp-content\/uploads\/2026\/01\/AZTEX.png","width":500,"height":500,"caption":"AZTEX"},"image":{"@id":"https:\/\/aztex.ee\/da\/#\/schema\/logo\/image\/"},"sameAs":["https:\/\/www.facebook.com\/AztexEE","https:\/\/www.instagram.com\/aztexeesti\/","https:\/\/www.youtube.com\/@AZTEXEE","https:\/\/www.pinterest.com\/aztex_eesti\/","https:\/\/www.tiktok.com\/@aztexeesti","https:\/\/www.trustpilot.com\/review\/aztex.ee","https:\/\/www.linkedin.com\/company\/aztex-ee\/","https:\/\/www.wikidata.org\/wiki\/Q137560182"]}]}},"_links":{"self":[{"href":"https:\/\/aztex.ee\/da\/wp-json\/wp\/v2\/product\/91639","targetHints":{"allow":["GET"]}}],"collection":[{"href":"https:\/\/aztex.ee\/da\/wp-json\/wp\/v2\/product"}],"about":[{"href":"https:\/\/aztex.ee\/da\/wp-json\/wp\/v2\/types\/product"}],"replies":[{"embeddable":true,"href":"https:\/\/aztex.ee\/da\/wp-json\/wp\/v2\/comments?post=91639"}],"version-history":[{"count":0,"href":"https:\/\/aztex.ee\/da\/wp-json\/wp\/v2\/product\/91639\/revisions"}],"wp:featuredmedia":[{"embeddable":true,"href":"https:\/\/aztex.ee\/da\/wp-json\/wp\/v2\/media\/91661"}],"wp:attachment":[{"href":"https:\/\/aztex.ee\/da\/wp-json\/wp\/v2\/media?parent=91639"}],"wp:term":[{"taxonomy":"product_brand","embeddable":true,"href":"https:\/\/aztex.ee\/da\/wp-json\/wp\/v2\/product_brand?post=91639"},{"taxonomy":"product_cat","embeddable":true,"href":"https:\/\/aztex.ee\/da\/wp-json\/wp\/v2\/product_cat?post=91639"},{"taxonomy":"product_tag","embeddable":true,"href":"https:\/\/aztex.ee\/da\/wp-json\/wp\/v2\/product_tag?post=91639"}],"curies":[{"name":"wp","href":"https:\/\/api.w.org\/{rel}","templated":true}]}}