{"id":91463,"date":"2025-08-16T00:37:50","date_gmt":"2025-08-16T00:37:50","guid":{"rendered":"https:\/\/aztex.ee\/?post_type=product&#038;p=91463"},"modified":"2025-12-17T01:19:42","modified_gmt":"2025-12-17T01:19:42","slug":"hamp-sengetoej-saet-graa","status":"publish","type":"product","link":"https:\/\/aztex.ee\/da\/pood\/sengetoej\/hamp-sengetoej-saet-graa\/","title":{"rendered":"Hamp senget\u00f8j s\u00e6t | Gr\u00e5"},"content":{"rendered":"<p>Hamp senget\u00f8j er et milj\u00f8venligt og holdbart valg. Den er lavet af hampplantens naturlige fibre, som har forskellige fordele. Hampfibre er meget st\u00e6rke og holdbare, s\u00e5 hampdynebetr\u00e6k holder l\u00e6ngere end de fleste andre stoffer og bliver bl\u00f8dere og mere behagelige ved hver vask.<\/p>\n<p>Hamp har naturlige antibakterielle egenskaber, der g\u00f8r senget\u00f8j hygiejnisk og hj\u00e6lper med at reducere m\u00e6ngden af \u200b\u200bbakterier og allergener i dit senget\u00f8j. Dette senget\u00f8j er perfekt til allergi eller hudsygdomme og sikrer en mere hygiejnisk s\u00f8vn. Fordi hamp betragtes som et hypoallergent materiale, for\u00e5rsager hampstr\u00f8else generelt ikke allergiske reaktioner.<\/p>\n<p>-Hamp senges\u00e6t er let at passe, hamp kan maskinvaskes og t\u00f8rrer hurtigt.<br \/>\n-Det er bedst at vaske hamp senget\u00f8j i varmt vand, s\u00e5 senget\u00f8jet holder sig frisk og smukt l\u00e6ngere. Vandtemperaturen skal v\u00e6re 30-40 \u2103 grader.<br \/>\n-T\u00f8rring ved lav hastighed anbefales for at forhindre, at stoffet rives i stykker.<br \/>\n-Hampens naturlige udseende er let rynket. Men hvis du vil have pladerne glatte, kan du stryge dem ved svag varme.<\/p>\n<p>Hamp senget\u00f8jss\u00e6t er pakket i en pose lavet af samme stof.<\/p>\n","protected":false},"excerpt":{"rendered":"<p>Senges\u00e6t af 100% hamp er allergivenligt og antibakterielt.<\/p>\n<ul>\n<li>Farve: Gr\u00e5<\/li>\n<li>Materiale: 100% hamp, 180 g\/m2<\/li>\n<li>Dynebetr\u00e6k: 200\u00d7220 cm<\/li>\n<li>Pudebetr\u00e6k: 50\u00d770 cm (2 stk.)<\/li>\n<\/ul>\n<p><img loading=\"lazy\" decoding=\"async\" class=\"alignnone size-full wp-image-20226\" src=\"https:\/\/aztex.ee\/wp-content\/uploads\/2024\/09\/oekotex100.png\" alt=\"\" width=\"204\" height=\"72\" srcset=\"https:\/\/aztex.ee\/wp-content\/uploads\/2024\/09\/oekotex100.png 204w, https:\/\/aztex.ee\/wp-content\/uploads\/2024\/09\/oekotex100-150x53.png 150w\" sizes=\"auto, (max-width: 204px) 100vw, 204px\" \/><img loading=\"lazy\" decoding=\"async\" class=\"alignnone wp-image-20896\" src=\"https:\/\/aztex.ee\/wp-content\/uploads\/2024\/09\/NATURALHEMP.png\" alt=\"\" width=\"79\" height=\"79\" srcset=\"https:\/\/aztex.ee\/wp-content\/uploads\/2024\/09\/NATURALHEMP.png 300w, https:\/\/aztex.ee\/wp-content\/uploads\/2024\/09\/NATURALHEMP-150x150.png 150w\" sizes=\"auto, (max-width: 79px) 100vw, 79px\" \/><\/p>\n","protected":false},"featured_media":91485,"comment_status":"open","ping_status":"closed","template":"","meta":[],"product_brand":[],"product_cat":[150,418,130,495],"product_tag":[],"class_list":{"0":"post-91463","1":"product","2":"type-product","3":"status-publish","4":"has-post-thumbnail","6":"product_cat-hamp-sengetoj","7":"product_cat-hamp-sengetoj-saet","8":"product_cat-sengetoej","9":"product_cat-sengetoj-saet","11":"first","12":"outofstock","13":"sale","14":"shipping-taxable","15":"purchasable","16":"product-type-simple"},"yoast_head":"<!-- This site is optimized with the Yoast SEO plugin v27.3 - https:\/\/yoast.com\/product\/yoast-seo-wordpress\/ -->\n<title>Hamp senget\u00f8j - Gr\u00e5 | AZTEX<\/title>\n<meta name=\"description\" content=\"\u00d8kologisk hamp senget\u00f8j skaber et s\u00e6rligt luksuri\u00f8st og naturligt sovemilj\u00f8 i enhver s\u00e6son med antibakterielle egenskaber og en bl\u00f8d, \u00e5ndbar tekstur.\" \/>\n<meta name=\"robots\" content=\"index, follow, max-snippet:-1, max-image-preview:large, max-video-preview:-1\" \/>\n<link rel=\"canonical\" href=\"https:\/\/aztex.ee\/da\/pood\/sengetoej\/hamp-sengetoej-saet-graa\/\" \/>\n<meta property=\"og:locale\" content=\"da_DK\" \/>\n<meta property=\"og:type\" content=\"article\" \/>\n<meta property=\"og:title\" content=\"Hamp senget\u00f8j - Gr\u00e5 | AZTEX\" \/>\n<meta property=\"og:description\" content=\"\u00d8kologisk hamp senget\u00f8j skaber et s\u00e6rligt luksuri\u00f8st og naturligt sovemilj\u00f8 i enhver s\u00e6son med antibakterielle egenskaber og en bl\u00f8d, \u00e5ndbar tekstur.\" \/>\n<meta property=\"og:url\" content=\"https:\/\/aztex.ee\/da\/pood\/sengetoej\/hamp-sengetoej-saet-graa\/\" \/>\n<meta property=\"og:site_name\" content=\"AZTEX\" \/>\n<meta property=\"article:publisher\" content=\"https:\/\/www.facebook.com\/AztexEE\" \/>\n<meta property=\"article:modified_time\" content=\"2025-12-17T01:19:42+00:00\" \/>\n<meta property=\"og:image\" content=\"https:\/\/aztex.ee\/wp-content\/uploads\/2025\/08\/Kanepist-voodipesukomplekt-Hall.jpg\" \/>\n\t<meta property=\"og:image:width\" content=\"800\" \/>\n\t<meta property=\"og:image:height\" content=\"800\" \/>\n\t<meta property=\"og:image:type\" content=\"image\/jpeg\" \/>\n<meta name=\"twitter:card\" content=\"summary_large_image\" \/>\n<meta name=\"twitter:label1\" content=\"Estimeret l\u00e6setid\" \/>\n\t<meta name=\"twitter:data1\" content=\"2 minutter\" \/>\n<script type=\"application\/ld+json\" class=\"yoast-schema-graph\">{\"@context\":\"https:\\\/\\\/schema.org\",\"@graph\":[{\"@type\":[\"WebPage\",\"ItemPage\"],\"@id\":\"https:\\\/\\\/aztex.ee\\\/da\\\/pood\\\/sengetoej\\\/hamp-sengetoej-saet-graa\\\/\",\"url\":\"https:\\\/\\\/aztex.ee\\\/da\\\/pood\\\/sengetoej\\\/hamp-sengetoej-saet-graa\\\/\",\"name\":\"Hamp senget\u00f8j - Gr\u00e5 | AZTEX\",\"isPartOf\":{\"@id\":\"https:\\\/\\\/aztex.ee\\\/da\\\/#website\"},\"primaryImageOfPage\":{\"@id\":\"https:\\\/\\\/aztex.ee\\\/da\\\/pood\\\/sengetoej\\\/hamp-sengetoej-saet-graa\\\/#primaryimage\"},\"image\":{\"@id\":\"https:\\\/\\\/aztex.ee\\\/da\\\/pood\\\/sengetoej\\\/hamp-sengetoej-saet-graa\\\/#primaryimage\"},\"thumbnailUrl\":\"https:\\\/\\\/aztex.ee\\\/wp-content\\\/uploads\\\/2025\\\/08\\\/Kanepist-voodipesukomplekt-Hall.jpg\",\"datePublished\":\"2025-08-16T00:37:50+00:00\",\"dateModified\":\"2025-12-17T01:19:42+00:00\",\"description\":\"\u00d8kologisk hamp senget\u00f8j skaber et s\u00e6rligt luksuri\u00f8st og naturligt sovemilj\u00f8 i enhver s\u00e6son med antibakterielle egenskaber og en bl\u00f8d, \u00e5ndbar tekstur.\",\"breadcrumb\":{\"@id\":\"https:\\\/\\\/aztex.ee\\\/da\\\/pood\\\/sengetoej\\\/hamp-sengetoej-saet-graa\\\/#breadcrumb\"},\"inLanguage\":\"da-DK\",\"potentialAction\":[{\"@type\":\"ReadAction\",\"target\":[\"https:\\\/\\\/aztex.ee\\\/da\\\/pood\\\/sengetoej\\\/hamp-sengetoej-saet-graa\\\/\"]}]},{\"@type\":\"ImageObject\",\"inLanguage\":\"da-DK\",\"@id\":\"https:\\\/\\\/aztex.ee\\\/da\\\/pood\\\/sengetoej\\\/hamp-sengetoej-saet-graa\\\/#primaryimage\",\"url\":\"https:\\\/\\\/aztex.ee\\\/wp-content\\\/uploads\\\/2025\\\/08\\\/Kanepist-voodipesukomplekt-Hall.jpg\",\"contentUrl\":\"https:\\\/\\\/aztex.ee\\\/wp-content\\\/uploads\\\/2025\\\/08\\\/Kanepist-voodipesukomplekt-Hall.jpg\",\"width\":800,\"height\":800,\"caption\":\"Kanepist voodipesukomplekt Hall\"},{\"@type\":\"BreadcrumbList\",\"@id\":\"https:\\\/\\\/aztex.ee\\\/da\\\/pood\\\/sengetoej\\\/hamp-sengetoej-saet-graa\\\/#breadcrumb\",\"itemListElement\":[{\"@type\":\"ListItem\",\"position\":1,\"name\":\"Forside\",\"item\":\"https:\\\/\\\/aztex.ee\\\/da\\\/\"},{\"@type\":\"ListItem\",\"position\":2,\"name\":\"Butik\",\"item\":\"https:\\\/\\\/aztex.ee\\\/da\\\/butik\\\/\"},{\"@type\":\"ListItem\",\"position\":3,\"name\":\"Hamp senget\u00f8j s\u00e6t | Gr\u00e5\"}]},{\"@type\":\"WebSite\",\"@id\":\"https:\\\/\\\/aztex.ee\\\/da\\\/#website\",\"url\":\"https:\\\/\\\/aztex.ee\\\/da\\\/\",\"name\":\"AZTEX\",\"description\":\"\",\"publisher\":{\"@id\":\"https:\\\/\\\/aztex.ee\\\/da\\\/#organization\"},\"potentialAction\":[{\"@type\":\"SearchAction\",\"target\":{\"@type\":\"EntryPoint\",\"urlTemplate\":\"https:\\\/\\\/aztex.ee\\\/da\\\/?s={search_term_string}\"},\"query-input\":{\"@type\":\"PropertyValueSpecification\",\"valueRequired\":true,\"valueName\":\"search_term_string\"}}],\"inLanguage\":\"da-DK\"},{\"@type\":\"Organization\",\"@id\":\"https:\\\/\\\/aztex.ee\\\/da\\\/#organization\",\"name\":\"AZTEX\",\"url\":\"https:\\\/\\\/aztex.ee\\\/da\\\/\",\"logo\":{\"@type\":\"ImageObject\",\"inLanguage\":\"da-DK\",\"@id\":\"https:\\\/\\\/aztex.ee\\\/da\\\/#\\\/schema\\\/logo\\\/image\\\/\",\"url\":\"https:\\\/\\\/aztex.ee\\\/wp-content\\\/uploads\\\/2026\\\/01\\\/AZTEX.png\",\"contentUrl\":\"https:\\\/\\\/aztex.ee\\\/wp-content\\\/uploads\\\/2026\\\/01\\\/AZTEX.png\",\"width\":500,\"height\":500,\"caption\":\"AZTEX\"},\"image\":{\"@id\":\"https:\\\/\\\/aztex.ee\\\/da\\\/#\\\/schema\\\/logo\\\/image\\\/\"},\"sameAs\":[\"https:\\\/\\\/www.facebook.com\\\/AztexEE\",\"https:\\\/\\\/www.instagram.com\\\/aztexeesti\\\/\",\"https:\\\/\\\/www.youtube.com\\\/@AZTEXEE\",\"https:\\\/\\\/www.pinterest.com\\\/aztex_eesti\\\/\",\"https:\\\/\\\/www.tiktok.com\\\/@aztexeesti\",\"https:\\\/\\\/www.trustpilot.com\\\/review\\\/aztex.ee\",\"https:\\\/\\\/www.linkedin.com\\\/company\\\/aztex-ee\\\/\",\"https:\\\/\\\/www.wikidata.org\\\/wiki\\\/Q137560182\"]}]}<\/script>\n<!-- \/ Yoast SEO plugin. -->","yoast_head_json":{"title":"Hamp senget\u00f8j - Gr\u00e5 | AZTEX","description":"\u00d8kologisk hamp senget\u00f8j skaber et s\u00e6rligt luksuri\u00f8st og naturligt sovemilj\u00f8 i enhver s\u00e6son med antibakterielle egenskaber og en bl\u00f8d, \u00e5ndbar tekstur.","robots":{"index":"index","follow":"follow","max-snippet":"max-snippet:-1","max-image-preview":"max-image-preview:large","max-video-preview":"max-video-preview:-1"},"canonical":"https:\/\/aztex.ee\/da\/pood\/sengetoej\/hamp-sengetoej-saet-graa\/","og_locale":"da_DK","og_type":"article","og_title":"Hamp senget\u00f8j - Gr\u00e5 | AZTEX","og_description":"\u00d8kologisk hamp senget\u00f8j skaber et s\u00e6rligt luksuri\u00f8st og naturligt sovemilj\u00f8 i enhver s\u00e6son med antibakterielle egenskaber og en bl\u00f8d, \u00e5ndbar tekstur.","og_url":"https:\/\/aztex.ee\/da\/pood\/sengetoej\/hamp-sengetoej-saet-graa\/","og_site_name":"AZTEX","article_publisher":"https:\/\/www.facebook.com\/AztexEE","article_modified_time":"2025-12-17T01:19:42+00:00","og_image":[{"width":800,"height":800,"url":"https:\/\/aztex.ee\/wp-content\/uploads\/2025\/08\/Kanepist-voodipesukomplekt-Hall.jpg","type":"image\/jpeg"}],"twitter_card":"summary_large_image","twitter_misc":{"Estimeret l\u00e6setid":"2 minutter"},"schema":{"@context":"https:\/\/schema.org","@graph":[{"@type":["WebPage","ItemPage"],"@id":"https:\/\/aztex.ee\/da\/pood\/sengetoej\/hamp-sengetoej-saet-graa\/","url":"https:\/\/aztex.ee\/da\/pood\/sengetoej\/hamp-sengetoej-saet-graa\/","name":"Hamp senget\u00f8j - Gr\u00e5 | AZTEX","isPartOf":{"@id":"https:\/\/aztex.ee\/da\/#website"},"primaryImageOfPage":{"@id":"https:\/\/aztex.ee\/da\/pood\/sengetoej\/hamp-sengetoej-saet-graa\/#primaryimage"},"image":{"@id":"https:\/\/aztex.ee\/da\/pood\/sengetoej\/hamp-sengetoej-saet-graa\/#primaryimage"},"thumbnailUrl":"https:\/\/aztex.ee\/wp-content\/uploads\/2025\/08\/Kanepist-voodipesukomplekt-Hall.jpg","datePublished":"2025-08-16T00:37:50+00:00","dateModified":"2025-12-17T01:19:42+00:00","description":"\u00d8kologisk hamp senget\u00f8j skaber et s\u00e6rligt luksuri\u00f8st og naturligt sovemilj\u00f8 i enhver s\u00e6son med antibakterielle egenskaber og en bl\u00f8d, \u00e5ndbar tekstur.","breadcrumb":{"@id":"https:\/\/aztex.ee\/da\/pood\/sengetoej\/hamp-sengetoej-saet-graa\/#breadcrumb"},"inLanguage":"da-DK","potentialAction":[{"@type":"ReadAction","target":["https:\/\/aztex.ee\/da\/pood\/sengetoej\/hamp-sengetoej-saet-graa\/"]}]},{"@type":"ImageObject","inLanguage":"da-DK","@id":"https:\/\/aztex.ee\/da\/pood\/sengetoej\/hamp-sengetoej-saet-graa\/#primaryimage","url":"https:\/\/aztex.ee\/wp-content\/uploads\/2025\/08\/Kanepist-voodipesukomplekt-Hall.jpg","contentUrl":"https:\/\/aztex.ee\/wp-content\/uploads\/2025\/08\/Kanepist-voodipesukomplekt-Hall.jpg","width":800,"height":800,"caption":"Kanepist voodipesukomplekt Hall"},{"@type":"BreadcrumbList","@id":"https:\/\/aztex.ee\/da\/pood\/sengetoej\/hamp-sengetoej-saet-graa\/#breadcrumb","itemListElement":[{"@type":"ListItem","position":1,"name":"Forside","item":"https:\/\/aztex.ee\/da\/"},{"@type":"ListItem","position":2,"name":"Butik","item":"https:\/\/aztex.ee\/da\/butik\/"},{"@type":"ListItem","position":3,"name":"Hamp senget\u00f8j s\u00e6t | Gr\u00e5"}]},{"@type":"WebSite","@id":"https:\/\/aztex.ee\/da\/#website","url":"https:\/\/aztex.ee\/da\/","name":"AZTEX","description":"","publisher":{"@id":"https:\/\/aztex.ee\/da\/#organization"},"potentialAction":[{"@type":"SearchAction","target":{"@type":"EntryPoint","urlTemplate":"https:\/\/aztex.ee\/da\/?s={search_term_string}"},"query-input":{"@type":"PropertyValueSpecification","valueRequired":true,"valueName":"search_term_string"}}],"inLanguage":"da-DK"},{"@type":"Organization","@id":"https:\/\/aztex.ee\/da\/#organization","name":"AZTEX","url":"https:\/\/aztex.ee\/da\/","logo":{"@type":"ImageObject","inLanguage":"da-DK","@id":"https:\/\/aztex.ee\/da\/#\/schema\/logo\/image\/","url":"https:\/\/aztex.ee\/wp-content\/uploads\/2026\/01\/AZTEX.png","contentUrl":"https:\/\/aztex.ee\/wp-content\/uploads\/2026\/01\/AZTEX.png","width":500,"height":500,"caption":"AZTEX"},"image":{"@id":"https:\/\/aztex.ee\/da\/#\/schema\/logo\/image\/"},"sameAs":["https:\/\/www.facebook.com\/AztexEE","https:\/\/www.instagram.com\/aztexeesti\/","https:\/\/www.youtube.com\/@AZTEXEE","https:\/\/www.pinterest.com\/aztex_eesti\/","https:\/\/www.tiktok.com\/@aztexeesti","https:\/\/www.trustpilot.com\/review\/aztex.ee","https:\/\/www.linkedin.com\/company\/aztex-ee\/","https:\/\/www.wikidata.org\/wiki\/Q137560182"]}]}},"_links":{"self":[{"href":"https:\/\/aztex.ee\/da\/wp-json\/wp\/v2\/product\/91463","targetHints":{"allow":["GET"]}}],"collection":[{"href":"https:\/\/aztex.ee\/da\/wp-json\/wp\/v2\/product"}],"about":[{"href":"https:\/\/aztex.ee\/da\/wp-json\/wp\/v2\/types\/product"}],"replies":[{"embeddable":true,"href":"https:\/\/aztex.ee\/da\/wp-json\/wp\/v2\/comments?post=91463"}],"version-history":[{"count":0,"href":"https:\/\/aztex.ee\/da\/wp-json\/wp\/v2\/product\/91463\/revisions"}],"wp:featuredmedia":[{"embeddable":true,"href":"https:\/\/aztex.ee\/da\/wp-json\/wp\/v2\/media\/91485"}],"wp:attachment":[{"href":"https:\/\/aztex.ee\/da\/wp-json\/wp\/v2\/media?parent=91463"}],"wp:term":[{"taxonomy":"product_brand","embeddable":true,"href":"https:\/\/aztex.ee\/da\/wp-json\/wp\/v2\/product_brand?post=91463"},{"taxonomy":"product_cat","embeddable":true,"href":"https:\/\/aztex.ee\/da\/wp-json\/wp\/v2\/product_cat?post=91463"},{"taxonomy":"product_tag","embeddable":true,"href":"https:\/\/aztex.ee\/da\/wp-json\/wp\/v2\/product_tag?post=91463"}],"curies":[{"name":"wp","href":"https:\/\/api.w.org\/{rel}","templated":true}]}}