{"id":86854,"date":"2025-05-16T22:11:01","date_gmt":"2025-05-16T22:11:01","guid":{"rendered":"https:\/\/aztex.ee\/?post_type=product&#038;p=86854"},"modified":"2026-03-23T09:16:41","modified_gmt":"2026-03-23T09:16:41","slug":"premium-sengetoejssaet-bambus-lysegraa","status":"publish","type":"product","link":"https:\/\/aztex.ee\/da\/pood\/sengetoej\/premium-sengetoejssaet-bambus-lysegraa\/","title":{"rendered":"Premium senget\u00f8jss\u00e6t 100% bambus | Lysegr\u00e5"},"content":{"rendered":"<p>Bambus senges\u00e6t er h\u00f8jkvalitets, bl\u00f8de og \u00e5ndbare tekstilprodukter fremstillet af naturlige bambusfibre. Disse s\u00e6t er specielt designet til at give brugerne en behagelig soveoplevelse. Bambusfiber er naturligt \u00e5ndbart og har evnen til at transportere fugt v\u00e6k, hvilket forhindrer sved og holder dig ren og frisk i l\u00e6ngere tid.<\/p>\n<p>Milj\u00f8venlige og b\u00e6redygtige materialer bruges normalt i produktionen af \u200b\u200bbambus senges\u00e6t. Bambusplanten er kendt for sin hurtige v\u00e6kst og lave vandforbrug, hvilket reducerer milj\u00f8belastningen fra produktionsprocessen. Derudover giver bambusfiber en luksuri\u00f8s f\u00f8lelse med sin bl\u00f8de tekstur og r\u00f8rer blidt huden uden at skade den.<\/p>\n<p>Bambus senget\u00f8jss\u00e6t har naturligt antibakterielle og anti-allergiske egenskaber, der opretholder hygiejnen og giver komfort under s\u00f8vn. De er kendt for deres forfriskende og k\u00f8lende effekt i varme vejrforhold.<\/p>\n<p>Som et resultat er bambus senget\u00f8jss\u00e6t milj\u00f8venlige og komfortable produkter, der tilbyder deres brugere en kvalitetssoveoplevelse.<\/p>\n","protected":false},"excerpt":{"rendered":"<p>Senget\u00f8j lavet af 100 % b\u00e6redygtigt dyrket bambus er allergivenligt og antibakterielt.<\/p>\n<ul>\n<li>Farve: Lysegr\u00e5<\/li>\n<li>Materiale: 100% bambus<\/li>\n<li>Tr\u00e5dantal: 300 TC<\/li>\n<li>Dynebetr\u00e6k: 200\u00d7220 cm<\/li>\n<li>Pudebetr\u00e6k: 50\u00d770 cm (2 stk.)<\/li>\n<li>Lagen: 220\u00d7240 cm<\/li>\n<\/ul>\n<p><img loading=\"lazy\" decoding=\"async\" class=\"alignnone wp-image-20226\" src=\"https:\/\/aztex.ee\/wp-content\/uploads\/2024\/09\/oekotex100.png\" alt=\"\" width=\"196\" height=\"69\" srcset=\"https:\/\/aztex.ee\/wp-content\/uploads\/2024\/09\/oekotex100.png 204w, https:\/\/aztex.ee\/wp-content\/uploads\/2024\/09\/oekotex100-150x53.png 150w\" sizes=\"auto, (max-width: 196px) 100vw, 196px\" \/><img loading=\"lazy\" decoding=\"async\" class=\"alignnone wp-image-20260\" src=\"https:\/\/aztex.ee\/wp-content\/uploads\/2024\/09\/bambuuss.png\" alt=\"\" width=\"75\" height=\"75\" srcset=\"https:\/\/aztex.ee\/wp-content\/uploads\/2024\/09\/bambuuss.png 204w, https:\/\/aztex.ee\/wp-content\/uploads\/2024\/09\/bambuuss-150x150.png 150w\" sizes=\"auto, (max-width: 75px) 100vw, 75px\" \/><\/p>\n<p>Hypoallergen og fugttransporterende.<br \/>\nEt ideelt valg til f\u00f8lsom hud eller eksem, is\u00e6r for folk, der har tendens til at svede om natten.<br \/>\nBambus senges\u00e6t er pakket i en taske lavet af samme stof.<\/p>\n","protected":false},"featured_media":106738,"comment_status":"open","ping_status":"closed","template":"","meta":[],"product_brand":[],"product_cat":[137,395,130,495],"product_tag":[],"class_list":{"0":"post-86854","1":"product","2":"type-product","3":"status-publish","4":"has-post-thumbnail","6":"product_cat-bambus-sengetoj","7":"product_cat-bambus-sengetoj-saet","8":"product_cat-sengetoej","9":"product_cat-sengetoj-saet","11":"first","12":"instock","13":"sale","14":"shipping-taxable","15":"purchasable","16":"product-type-simple"},"yoast_head":"<!-- This site is optimized with the Yoast SEO plugin v27.3 - https:\/\/yoast.com\/product\/yoast-seo-wordpress\/ -->\n<title>Bambus Senget\u00f8j - Lysegr\u00e5 | AZTEX<\/title>\n<meta name=\"description\" content=\"Bl\u00f8dt og delikat bambus senget\u00f8j s\u00e6t holder huden t\u00f8r og kroppen k\u00f8lig, hvilket g\u00f8r det perfekt til f\u00f8lsom hud og varme rum.\" \/>\n<meta name=\"robots\" content=\"index, follow, max-snippet:-1, max-image-preview:large, max-video-preview:-1\" \/>\n<link rel=\"canonical\" href=\"https:\/\/aztex.ee\/da\/pood\/sengetoej\/premium-sengetoejssaet-bambus-lysegraa\/\" \/>\n<meta property=\"og:locale\" content=\"da_DK\" \/>\n<meta property=\"og:type\" content=\"article\" \/>\n<meta property=\"og:title\" content=\"Bambus Senget\u00f8j - Lysegr\u00e5 | AZTEX\" \/>\n<meta property=\"og:description\" content=\"Bl\u00f8dt og delikat bambus senget\u00f8j s\u00e6t holder huden t\u00f8r og kroppen k\u00f8lig, hvilket g\u00f8r det perfekt til f\u00f8lsom hud og varme rum.\" \/>\n<meta property=\"og:url\" content=\"https:\/\/aztex.ee\/da\/pood\/sengetoej\/premium-sengetoejssaet-bambus-lysegraa\/\" \/>\n<meta property=\"og:site_name\" content=\"AZTEX\" \/>\n<meta property=\"article:publisher\" content=\"https:\/\/www.facebook.com\/AztexEE\" \/>\n<meta property=\"article:modified_time\" content=\"2026-03-23T09:16:41+00:00\" \/>\n<meta property=\"og:image\" content=\"https:\/\/aztex.ee\/wp-content\/uploads\/2025\/05\/voodipesukomplekt-bambus-Helehall.jpg\" \/>\n\t<meta property=\"og:image:width\" content=\"800\" \/>\n\t<meta property=\"og:image:height\" content=\"800\" \/>\n\t<meta property=\"og:image:type\" content=\"image\/jpeg\" \/>\n<meta name=\"twitter:card\" content=\"summary_large_image\" \/>\n<meta name=\"twitter:label1\" content=\"Estimeret l\u00e6setid\" \/>\n\t<meta name=\"twitter:data1\" content=\"1 minut\" \/>\n<script type=\"application\/ld+json\" class=\"yoast-schema-graph\">{\"@context\":\"https:\\\/\\\/schema.org\",\"@graph\":[{\"@type\":[\"WebPage\",\"ItemPage\"],\"@id\":\"https:\\\/\\\/aztex.ee\\\/da\\\/pood\\\/sengetoej\\\/premium-sengetoejssaet-bambus-lysegraa\\\/\",\"url\":\"https:\\\/\\\/aztex.ee\\\/da\\\/pood\\\/sengetoej\\\/premium-sengetoejssaet-bambus-lysegraa\\\/\",\"name\":\"Bambus Senget\u00f8j - Lysegr\u00e5 | AZTEX\",\"isPartOf\":{\"@id\":\"https:\\\/\\\/aztex.ee\\\/da\\\/#website\"},\"primaryImageOfPage\":{\"@id\":\"https:\\\/\\\/aztex.ee\\\/da\\\/pood\\\/sengetoej\\\/premium-sengetoejssaet-bambus-lysegraa\\\/#primaryimage\"},\"image\":{\"@id\":\"https:\\\/\\\/aztex.ee\\\/da\\\/pood\\\/sengetoej\\\/premium-sengetoejssaet-bambus-lysegraa\\\/#primaryimage\"},\"thumbnailUrl\":\"https:\\\/\\\/aztex.ee\\\/wp-content\\\/uploads\\\/2025\\\/05\\\/voodipesukomplekt-bambus-Helehall.jpg\",\"datePublished\":\"2025-05-16T22:11:01+00:00\",\"dateModified\":\"2026-03-23T09:16:41+00:00\",\"description\":\"Bl\u00f8dt og delikat bambus senget\u00f8j s\u00e6t holder huden t\u00f8r og kroppen k\u00f8lig, hvilket g\u00f8r det perfekt til f\u00f8lsom hud og varme rum.\",\"breadcrumb\":{\"@id\":\"https:\\\/\\\/aztex.ee\\\/da\\\/pood\\\/sengetoej\\\/premium-sengetoejssaet-bambus-lysegraa\\\/#breadcrumb\"},\"inLanguage\":\"da-DK\",\"potentialAction\":[{\"@type\":\"ReadAction\",\"target\":[\"https:\\\/\\\/aztex.ee\\\/da\\\/pood\\\/sengetoej\\\/premium-sengetoejssaet-bambus-lysegraa\\\/\"]}]},{\"@type\":\"ImageObject\",\"inLanguage\":\"da-DK\",\"@id\":\"https:\\\/\\\/aztex.ee\\\/da\\\/pood\\\/sengetoej\\\/premium-sengetoejssaet-bambus-lysegraa\\\/#primaryimage\",\"url\":\"https:\\\/\\\/aztex.ee\\\/wp-content\\\/uploads\\\/2025\\\/05\\\/voodipesukomplekt-bambus-Helehall.jpg\",\"contentUrl\":\"https:\\\/\\\/aztex.ee\\\/wp-content\\\/uploads\\\/2025\\\/05\\\/voodipesukomplekt-bambus-Helehall.jpg\",\"width\":800,\"height\":800,\"caption\":\"voodipesukomplekt bambus Helehall\"},{\"@type\":\"BreadcrumbList\",\"@id\":\"https:\\\/\\\/aztex.ee\\\/da\\\/pood\\\/sengetoej\\\/premium-sengetoejssaet-bambus-lysegraa\\\/#breadcrumb\",\"itemListElement\":[{\"@type\":\"ListItem\",\"position\":1,\"name\":\"Forside\",\"item\":\"https:\\\/\\\/aztex.ee\\\/da\\\/\"},{\"@type\":\"ListItem\",\"position\":2,\"name\":\"Butik\",\"item\":\"https:\\\/\\\/aztex.ee\\\/da\\\/butik\\\/\"},{\"@type\":\"ListItem\",\"position\":3,\"name\":\"Premium senget\u00f8jss\u00e6t 100% bambus | Lysegr\u00e5\"}]},{\"@type\":\"WebSite\",\"@id\":\"https:\\\/\\\/aztex.ee\\\/da\\\/#website\",\"url\":\"https:\\\/\\\/aztex.ee\\\/da\\\/\",\"name\":\"AZTEX\",\"description\":\"\",\"publisher\":{\"@id\":\"https:\\\/\\\/aztex.ee\\\/da\\\/#organization\"},\"potentialAction\":[{\"@type\":\"SearchAction\",\"target\":{\"@type\":\"EntryPoint\",\"urlTemplate\":\"https:\\\/\\\/aztex.ee\\\/da\\\/?s={search_term_string}\"},\"query-input\":{\"@type\":\"PropertyValueSpecification\",\"valueRequired\":true,\"valueName\":\"search_term_string\"}}],\"inLanguage\":\"da-DK\"},{\"@type\":\"Organization\",\"@id\":\"https:\\\/\\\/aztex.ee\\\/da\\\/#organization\",\"name\":\"AZTEX\",\"url\":\"https:\\\/\\\/aztex.ee\\\/da\\\/\",\"logo\":{\"@type\":\"ImageObject\",\"inLanguage\":\"da-DK\",\"@id\":\"https:\\\/\\\/aztex.ee\\\/da\\\/#\\\/schema\\\/logo\\\/image\\\/\",\"url\":\"https:\\\/\\\/aztex.ee\\\/wp-content\\\/uploads\\\/2026\\\/01\\\/AZTEX.png\",\"contentUrl\":\"https:\\\/\\\/aztex.ee\\\/wp-content\\\/uploads\\\/2026\\\/01\\\/AZTEX.png\",\"width\":500,\"height\":500,\"caption\":\"AZTEX\"},\"image\":{\"@id\":\"https:\\\/\\\/aztex.ee\\\/da\\\/#\\\/schema\\\/logo\\\/image\\\/\"},\"sameAs\":[\"https:\\\/\\\/www.facebook.com\\\/AztexEE\",\"https:\\\/\\\/www.instagram.com\\\/aztexeesti\\\/\",\"https:\\\/\\\/www.youtube.com\\\/@AZTEXEE\",\"https:\\\/\\\/www.pinterest.com\\\/aztex_eesti\\\/\",\"https:\\\/\\\/www.tiktok.com\\\/@aztexeesti\",\"https:\\\/\\\/www.trustpilot.com\\\/review\\\/aztex.ee\",\"https:\\\/\\\/www.linkedin.com\\\/company\\\/aztex-ee\\\/\",\"https:\\\/\\\/www.wikidata.org\\\/wiki\\\/Q137560182\"]}]}<\/script>\n<!-- \/ Yoast SEO plugin. -->","yoast_head_json":{"title":"Bambus Senget\u00f8j - Lysegr\u00e5 | AZTEX","description":"Bl\u00f8dt og delikat bambus senget\u00f8j s\u00e6t holder huden t\u00f8r og kroppen k\u00f8lig, hvilket g\u00f8r det perfekt til f\u00f8lsom hud og varme rum.","robots":{"index":"index","follow":"follow","max-snippet":"max-snippet:-1","max-image-preview":"max-image-preview:large","max-video-preview":"max-video-preview:-1"},"canonical":"https:\/\/aztex.ee\/da\/pood\/sengetoej\/premium-sengetoejssaet-bambus-lysegraa\/","og_locale":"da_DK","og_type":"article","og_title":"Bambus Senget\u00f8j - Lysegr\u00e5 | AZTEX","og_description":"Bl\u00f8dt og delikat bambus senget\u00f8j s\u00e6t holder huden t\u00f8r og kroppen k\u00f8lig, hvilket g\u00f8r det perfekt til f\u00f8lsom hud og varme rum.","og_url":"https:\/\/aztex.ee\/da\/pood\/sengetoej\/premium-sengetoejssaet-bambus-lysegraa\/","og_site_name":"AZTEX","article_publisher":"https:\/\/www.facebook.com\/AztexEE","article_modified_time":"2026-03-23T09:16:41+00:00","og_image":[{"width":800,"height":800,"url":"https:\/\/aztex.ee\/wp-content\/uploads\/2025\/05\/voodipesukomplekt-bambus-Helehall.jpg","type":"image\/jpeg"}],"twitter_card":"summary_large_image","twitter_misc":{"Estimeret l\u00e6setid":"1 minut"},"schema":{"@context":"https:\/\/schema.org","@graph":[{"@type":["WebPage","ItemPage"],"@id":"https:\/\/aztex.ee\/da\/pood\/sengetoej\/premium-sengetoejssaet-bambus-lysegraa\/","url":"https:\/\/aztex.ee\/da\/pood\/sengetoej\/premium-sengetoejssaet-bambus-lysegraa\/","name":"Bambus Senget\u00f8j - Lysegr\u00e5 | AZTEX","isPartOf":{"@id":"https:\/\/aztex.ee\/da\/#website"},"primaryImageOfPage":{"@id":"https:\/\/aztex.ee\/da\/pood\/sengetoej\/premium-sengetoejssaet-bambus-lysegraa\/#primaryimage"},"image":{"@id":"https:\/\/aztex.ee\/da\/pood\/sengetoej\/premium-sengetoejssaet-bambus-lysegraa\/#primaryimage"},"thumbnailUrl":"https:\/\/aztex.ee\/wp-content\/uploads\/2025\/05\/voodipesukomplekt-bambus-Helehall.jpg","datePublished":"2025-05-16T22:11:01+00:00","dateModified":"2026-03-23T09:16:41+00:00","description":"Bl\u00f8dt og delikat bambus senget\u00f8j s\u00e6t holder huden t\u00f8r og kroppen k\u00f8lig, hvilket g\u00f8r det perfekt til f\u00f8lsom hud og varme rum.","breadcrumb":{"@id":"https:\/\/aztex.ee\/da\/pood\/sengetoej\/premium-sengetoejssaet-bambus-lysegraa\/#breadcrumb"},"inLanguage":"da-DK","potentialAction":[{"@type":"ReadAction","target":["https:\/\/aztex.ee\/da\/pood\/sengetoej\/premium-sengetoejssaet-bambus-lysegraa\/"]}]},{"@type":"ImageObject","inLanguage":"da-DK","@id":"https:\/\/aztex.ee\/da\/pood\/sengetoej\/premium-sengetoejssaet-bambus-lysegraa\/#primaryimage","url":"https:\/\/aztex.ee\/wp-content\/uploads\/2025\/05\/voodipesukomplekt-bambus-Helehall.jpg","contentUrl":"https:\/\/aztex.ee\/wp-content\/uploads\/2025\/05\/voodipesukomplekt-bambus-Helehall.jpg","width":800,"height":800,"caption":"voodipesukomplekt bambus Helehall"},{"@type":"BreadcrumbList","@id":"https:\/\/aztex.ee\/da\/pood\/sengetoej\/premium-sengetoejssaet-bambus-lysegraa\/#breadcrumb","itemListElement":[{"@type":"ListItem","position":1,"name":"Forside","item":"https:\/\/aztex.ee\/da\/"},{"@type":"ListItem","position":2,"name":"Butik","item":"https:\/\/aztex.ee\/da\/butik\/"},{"@type":"ListItem","position":3,"name":"Premium senget\u00f8jss\u00e6t 100% bambus | Lysegr\u00e5"}]},{"@type":"WebSite","@id":"https:\/\/aztex.ee\/da\/#website","url":"https:\/\/aztex.ee\/da\/","name":"AZTEX","description":"","publisher":{"@id":"https:\/\/aztex.ee\/da\/#organization"},"potentialAction":[{"@type":"SearchAction","target":{"@type":"EntryPoint","urlTemplate":"https:\/\/aztex.ee\/da\/?s={search_term_string}"},"query-input":{"@type":"PropertyValueSpecification","valueRequired":true,"valueName":"search_term_string"}}],"inLanguage":"da-DK"},{"@type":"Organization","@id":"https:\/\/aztex.ee\/da\/#organization","name":"AZTEX","url":"https:\/\/aztex.ee\/da\/","logo":{"@type":"ImageObject","inLanguage":"da-DK","@id":"https:\/\/aztex.ee\/da\/#\/schema\/logo\/image\/","url":"https:\/\/aztex.ee\/wp-content\/uploads\/2026\/01\/AZTEX.png","contentUrl":"https:\/\/aztex.ee\/wp-content\/uploads\/2026\/01\/AZTEX.png","width":500,"height":500,"caption":"AZTEX"},"image":{"@id":"https:\/\/aztex.ee\/da\/#\/schema\/logo\/image\/"},"sameAs":["https:\/\/www.facebook.com\/AztexEE","https:\/\/www.instagram.com\/aztexeesti\/","https:\/\/www.youtube.com\/@AZTEXEE","https:\/\/www.pinterest.com\/aztex_eesti\/","https:\/\/www.tiktok.com\/@aztexeesti","https:\/\/www.trustpilot.com\/review\/aztex.ee","https:\/\/www.linkedin.com\/company\/aztex-ee\/","https:\/\/www.wikidata.org\/wiki\/Q137560182"]}]}},"_links":{"self":[{"href":"https:\/\/aztex.ee\/da\/wp-json\/wp\/v2\/product\/86854","targetHints":{"allow":["GET"]}}],"collection":[{"href":"https:\/\/aztex.ee\/da\/wp-json\/wp\/v2\/product"}],"about":[{"href":"https:\/\/aztex.ee\/da\/wp-json\/wp\/v2\/types\/product"}],"replies":[{"embeddable":true,"href":"https:\/\/aztex.ee\/da\/wp-json\/wp\/v2\/comments?post=86854"}],"version-history":[{"count":0,"href":"https:\/\/aztex.ee\/da\/wp-json\/wp\/v2\/product\/86854\/revisions"}],"wp:featuredmedia":[{"embeddable":true,"href":"https:\/\/aztex.ee\/da\/wp-json\/wp\/v2\/media\/106738"}],"wp:attachment":[{"href":"https:\/\/aztex.ee\/da\/wp-json\/wp\/v2\/media?parent=86854"}],"wp:term":[{"taxonomy":"product_brand","embeddable":true,"href":"https:\/\/aztex.ee\/da\/wp-json\/wp\/v2\/product_brand?post=86854"},{"taxonomy":"product_cat","embeddable":true,"href":"https:\/\/aztex.ee\/da\/wp-json\/wp\/v2\/product_cat?post=86854"},{"taxonomy":"product_tag","embeddable":true,"href":"https:\/\/aztex.ee\/da\/wp-json\/wp\/v2\/product_tag?post=86854"}],"curies":[{"name":"wp","href":"https:\/\/api.w.org\/{rel}","templated":true}]}}