{"id":80830,"date":"2025-04-23T21:25:19","date_gmt":"2025-04-23T21:25:19","guid":{"rendered":"https:\/\/aztex.ee\/?post_type=product&#038;p=80830"},"modified":"2026-03-09T16:18:55","modified_gmt":"2026-03-09T16:18:55","slug":"tencel-pudebetraek-hvid","status":"publish","type":"product","link":"https:\/\/aztex.ee\/da\/pood\/pudebetraek\/tencel-pudebetraek-hvid\/","title":{"rendered":"Tencel pudebetr\u00e6k \u2013 Hvid"},"content":{"rendered":"<p><strong>Naturlig bl\u00f8d<\/strong><\/p>\n<p>Tencel stof er lavet af eukalyptuscellulose, som er forarbejdet ved hj\u00e6lp af den milj\u00f8venlige Lyocell-proces. Cellulosen opl\u00f8ses i et ikke-giftigt opl\u00f8sningsmiddel, presses derefter til fibre og forarbejdes til garn, hvilket g\u00f8r stoffet bl\u00f8dt, \u00e5ndbart, st\u00e6rkt og et \u00f8kologisk b\u00e6redygtigt valg.<\/p>\n<p><strong>Hudvenlig<\/strong><\/p>\n<p>Tencel er et ideelt valg til f\u00f8lsom hud, da det er hypoallergen. Dens glatte overflade reducerer irritation for\u00e5rsaget af friktion og hj\u00e6lper med at opretholde hudens naturlige fugtbalance. Et Tencel pudebetr\u00e6k sikrer kvalitetss\u00f8vn samtidig med, at det plejer huden.<\/p>\n<p><strong>Elegant udseende<\/strong><\/p>\n<p>Et Tencel pudebetr\u00e6k passer godt til alle senges\u00e6t og tilf\u00f8jer et enkelt og elegant look til sovev\u00e6relset, der komplementerer enhver boligindretning. Dens klassiske og stilfulde udseende passer til alle typer interi\u00f8r &#8211; fra moderne til traditionelle sovev\u00e6relser. Et Tencel pudebetr\u00e6k har et luksuri\u00f8st og elegant udseende, der g\u00f8r hvert \u00f8jebliks s\u00f8vn mere behageligt.<\/p>\n<p><strong>Omsorg<\/strong><\/p>\n<p>Nem at passe &#8211; maskinvask ved lav temperatur for at bevare stoffets egenskaber. Vi anbefaler luftt\u00f8rring for at sikre langvarig holdbarhed og bl\u00f8dhed.<\/p>\n","protected":false},"excerpt":{"rendered":"<p>Tencel pudebetr\u00e6k er lavet af eukalyptus fibre.<\/p>\n<ul>\n<li>Farve: Hvid<\/li>\n<li>Materiale: 100% Tencel<\/li>\n<li>Tr\u00e5dantal: 60S \/ 300TC<\/li>\n<\/ul>\n<p><img loading=\"lazy\" decoding=\"async\" class=\"alignnone wp-image-63145\" src=\"https:\/\/aztex.ee\/wp-content\/uploads\/2025\/03\/tencel-certified-400x129.png\" alt=\"\" width=\"131\" height=\"42\" srcset=\"https:\/\/aztex.ee\/wp-content\/uploads\/2025\/03\/tencel-certified-400x129.png 400w, https:\/\/aztex.ee\/wp-content\/uploads\/2025\/03\/tencel-certified-430x139.png 430w, https:\/\/aztex.ee\/wp-content\/uploads\/2025\/03\/tencel-certified-150x49.png 150w, https:\/\/aztex.ee\/wp-content\/uploads\/2025\/03\/tencel-certified.png 516w\" sizes=\"auto, (max-width: 131px) 100vw, 131px\" \/><img loading=\"lazy\" decoding=\"async\" class=\"alignnone wp-image-63168\" src=\"https:\/\/aztex.ee\/wp-content\/uploads\/2025\/03\/oeko-tex-standard-100.png\" alt=\"\" width=\"130\" height=\"43\" srcset=\"https:\/\/aztex.ee\/wp-content\/uploads\/2025\/03\/oeko-tex-standard-100.png 200w, https:\/\/aztex.ee\/wp-content\/uploads\/2025\/03\/oeko-tex-standard-100-150x50.png 150w\" sizes=\"auto, (max-width: 130px) 100vw, 130px\" \/><\/p>\n","protected":false},"featured_media":80934,"comment_status":"open","ping_status":"closed","template":"","meta":[],"product_brand":[],"product_cat":[1771,6026],"product_tag":[],"class_list":{"0":"post-80830","1":"product","2":"type-product","3":"status-publish","4":"has-post-thumbnail","6":"product_cat-pudebetraek","7":"product_cat-tencel-pudebetraek","9":"first","10":"instock","11":"shipping-taxable","12":"purchasable","13":"product-type-variable"},"yoast_head":"<!-- This site is optimized with the Yoast SEO plugin v27.6 - https:\/\/yoast.com\/product\/yoast-seo-wordpress\/ -->\n<title>Tencel pudebetr\u00e6k - Hvid | AZTEX<\/title>\n<meta name=\"description\" content=\"Hvidt Tencel pudebetr\u00e6k er et hudvenligt og holdbart valg, der giver en behagelig f\u00f8lelse af k\u00f8lighed, mens du sover og tilf\u00f8jer et elegant look til sovev\u00e6relset.\" \/>\n<meta name=\"robots\" content=\"index, follow, max-snippet:-1, max-image-preview:large, max-video-preview:-1\" \/>\n<link rel=\"canonical\" href=\"https:\/\/aztex.ee\/da\/pood\/pudebetraek\/tencel-pudebetraek-hvid\/\" \/>\n<meta property=\"og:locale\" content=\"da_DK\" \/>\n<meta property=\"og:type\" content=\"article\" \/>\n<meta property=\"og:title\" content=\"Tencel pudebetr\u00e6k - Hvid | AZTEX\" \/>\n<meta property=\"og:description\" content=\"Hvidt Tencel pudebetr\u00e6k er et hudvenligt og holdbart valg, der giver en behagelig f\u00f8lelse af k\u00f8lighed, mens du sover og tilf\u00f8jer et elegant look til sovev\u00e6relset.\" \/>\n<meta property=\"og:url\" content=\"https:\/\/aztex.ee\/da\/pood\/pudebetraek\/tencel-pudebetraek-hvid\/\" \/>\n<meta property=\"og:site_name\" content=\"AZTEX\" \/>\n<meta property=\"article:publisher\" content=\"https:\/\/www.facebook.com\/AztexEE\" \/>\n<meta property=\"article:modified_time\" content=\"2026-03-09T16:18:55+00:00\" \/>\n<meta property=\"og:image\" content=\"https:\/\/aztex.ee\/wp-content\/uploads\/2025\/04\/Tencel-padjapuur-Valge.jpg\" \/>\n\t<meta property=\"og:image:width\" content=\"800\" \/>\n\t<meta property=\"og:image:height\" content=\"800\" \/>\n\t<meta property=\"og:image:type\" content=\"image\/jpeg\" \/>\n<meta name=\"twitter:card\" content=\"summary_large_image\" \/>\n<meta name=\"twitter:label1\" content=\"Estimeret l\u00e6setid\" \/>\n\t<meta name=\"twitter:data1\" content=\"2 minutter\" \/>\n<script type=\"application\/ld+json\" class=\"yoast-schema-graph\">{\"@context\":\"https:\\\/\\\/schema.org\",\"@graph\":[{\"@type\":[\"WebPage\",\"ItemPage\"],\"@id\":\"https:\\\/\\\/aztex.ee\\\/da\\\/pood\\\/pudebetraek\\\/tencel-pudebetraek-hvid\\\/\",\"url\":\"https:\\\/\\\/aztex.ee\\\/da\\\/pood\\\/pudebetraek\\\/tencel-pudebetraek-hvid\\\/\",\"name\":\"Tencel pudebetr\u00e6k - Hvid | AZTEX\",\"isPartOf\":{\"@id\":\"https:\\\/\\\/aztex.ee\\\/da\\\/#website\"},\"primaryImageOfPage\":{\"@id\":\"https:\\\/\\\/aztex.ee\\\/da\\\/pood\\\/pudebetraek\\\/tencel-pudebetraek-hvid\\\/#primaryimage\"},\"image\":{\"@id\":\"https:\\\/\\\/aztex.ee\\\/da\\\/pood\\\/pudebetraek\\\/tencel-pudebetraek-hvid\\\/#primaryimage\"},\"thumbnailUrl\":\"https:\\\/\\\/aztex.ee\\\/wp-content\\\/uploads\\\/2025\\\/04\\\/Tencel-padjapuur-Valge.jpg\",\"datePublished\":\"2025-04-23T21:25:19+00:00\",\"dateModified\":\"2026-03-09T16:18:55+00:00\",\"description\":\"Hvidt Tencel pudebetr\u00e6k er et hudvenligt og holdbart valg, der giver en behagelig f\u00f8lelse af k\u00f8lighed, mens du sover og tilf\u00f8jer et elegant look til sovev\u00e6relset.\",\"breadcrumb\":{\"@id\":\"https:\\\/\\\/aztex.ee\\\/da\\\/pood\\\/pudebetraek\\\/tencel-pudebetraek-hvid\\\/#breadcrumb\"},\"inLanguage\":\"da-DK\",\"potentialAction\":[{\"@type\":\"ReadAction\",\"target\":[\"https:\\\/\\\/aztex.ee\\\/da\\\/pood\\\/pudebetraek\\\/tencel-pudebetraek-hvid\\\/\"]}]},{\"@type\":\"ImageObject\",\"inLanguage\":\"da-DK\",\"@id\":\"https:\\\/\\\/aztex.ee\\\/da\\\/pood\\\/pudebetraek\\\/tencel-pudebetraek-hvid\\\/#primaryimage\",\"url\":\"https:\\\/\\\/aztex.ee\\\/wp-content\\\/uploads\\\/2025\\\/04\\\/Tencel-padjapuur-Valge.jpg\",\"contentUrl\":\"https:\\\/\\\/aztex.ee\\\/wp-content\\\/uploads\\\/2025\\\/04\\\/Tencel-padjapuur-Valge.jpg\",\"width\":800,\"height\":800,\"caption\":\"Tencel padjap\u00fc\u00fcr Valge\"},{\"@type\":\"BreadcrumbList\",\"@id\":\"https:\\\/\\\/aztex.ee\\\/da\\\/pood\\\/pudebetraek\\\/tencel-pudebetraek-hvid\\\/#breadcrumb\",\"itemListElement\":[{\"@type\":\"ListItem\",\"position\":1,\"name\":\"Forside\",\"item\":\"https:\\\/\\\/aztex.ee\\\/da\\\/\"},{\"@type\":\"ListItem\",\"position\":2,\"name\":\"Butik\",\"item\":\"https:\\\/\\\/aztex.ee\\\/da\\\/butik\\\/\"},{\"@type\":\"ListItem\",\"position\":3,\"name\":\"Tencel pudebetr\u00e6k \u2013 Hvid\"}]},{\"@type\":\"WebSite\",\"@id\":\"https:\\\/\\\/aztex.ee\\\/da\\\/#website\",\"url\":\"https:\\\/\\\/aztex.ee\\\/da\\\/\",\"name\":\"AZTEX\",\"description\":\"\",\"publisher\":{\"@id\":\"https:\\\/\\\/aztex.ee\\\/da\\\/#organization\"},\"potentialAction\":[{\"@type\":\"SearchAction\",\"target\":{\"@type\":\"EntryPoint\",\"urlTemplate\":\"https:\\\/\\\/aztex.ee\\\/da\\\/?s={search_term_string}\"},\"query-input\":{\"@type\":\"PropertyValueSpecification\",\"valueRequired\":true,\"valueName\":\"search_term_string\"}}],\"inLanguage\":\"da-DK\"},{\"@type\":\"Organization\",\"@id\":\"https:\\\/\\\/aztex.ee\\\/da\\\/#organization\",\"name\":\"AZTEX\",\"url\":\"https:\\\/\\\/aztex.ee\\\/da\\\/\",\"logo\":{\"@type\":\"ImageObject\",\"inLanguage\":\"da-DK\",\"@id\":\"https:\\\/\\\/aztex.ee\\\/da\\\/#\\\/schema\\\/logo\\\/image\\\/\",\"url\":\"https:\\\/\\\/aztex.ee\\\/wp-content\\\/uploads\\\/2026\\\/01\\\/AZTEX.png\",\"contentUrl\":\"https:\\\/\\\/aztex.ee\\\/wp-content\\\/uploads\\\/2026\\\/01\\\/AZTEX.png\",\"width\":500,\"height\":500,\"caption\":\"AZTEX\"},\"image\":{\"@id\":\"https:\\\/\\\/aztex.ee\\\/da\\\/#\\\/schema\\\/logo\\\/image\\\/\"},\"sameAs\":[\"https:\\\/\\\/www.facebook.com\\\/AztexEE\",\"https:\\\/\\\/www.instagram.com\\\/aztexeesti\\\/\",\"https:\\\/\\\/www.youtube.com\\\/@AZTEXEE\",\"https:\\\/\\\/www.pinterest.com\\\/aztex_eesti\\\/\",\"https:\\\/\\\/www.tiktok.com\\\/@aztexeesti\",\"https:\\\/\\\/www.trustpilot.com\\\/review\\\/aztex.ee\",\"https:\\\/\\\/www.linkedin.com\\\/company\\\/aztex-ee\\\/\",\"https:\\\/\\\/www.wikidata.org\\\/wiki\\\/Q137560182\"]}]}<\/script>\n<!-- \/ Yoast SEO plugin. -->","yoast_head_json":{"title":"Tencel pudebetr\u00e6k - Hvid | AZTEX","description":"Hvidt Tencel pudebetr\u00e6k er et hudvenligt og holdbart valg, der giver en behagelig f\u00f8lelse af k\u00f8lighed, mens du sover og tilf\u00f8jer et elegant look til sovev\u00e6relset.","robots":{"index":"index","follow":"follow","max-snippet":"max-snippet:-1","max-image-preview":"max-image-preview:large","max-video-preview":"max-video-preview:-1"},"canonical":"https:\/\/aztex.ee\/da\/pood\/pudebetraek\/tencel-pudebetraek-hvid\/","og_locale":"da_DK","og_type":"article","og_title":"Tencel pudebetr\u00e6k - Hvid | AZTEX","og_description":"Hvidt Tencel pudebetr\u00e6k er et hudvenligt og holdbart valg, der giver en behagelig f\u00f8lelse af k\u00f8lighed, mens du sover og tilf\u00f8jer et elegant look til sovev\u00e6relset.","og_url":"https:\/\/aztex.ee\/da\/pood\/pudebetraek\/tencel-pudebetraek-hvid\/","og_site_name":"AZTEX","article_publisher":"https:\/\/www.facebook.com\/AztexEE","article_modified_time":"2026-03-09T16:18:55+00:00","og_image":[{"width":800,"height":800,"url":"https:\/\/aztex.ee\/wp-content\/uploads\/2025\/04\/Tencel-padjapuur-Valge.jpg","type":"image\/jpeg"}],"twitter_card":"summary_large_image","twitter_misc":{"Estimeret l\u00e6setid":"2 minutter"},"schema":{"@context":"https:\/\/schema.org","@graph":[{"@type":["WebPage","ItemPage"],"@id":"https:\/\/aztex.ee\/da\/pood\/pudebetraek\/tencel-pudebetraek-hvid\/","url":"https:\/\/aztex.ee\/da\/pood\/pudebetraek\/tencel-pudebetraek-hvid\/","name":"Tencel pudebetr\u00e6k - Hvid | AZTEX","isPartOf":{"@id":"https:\/\/aztex.ee\/da\/#website"},"primaryImageOfPage":{"@id":"https:\/\/aztex.ee\/da\/pood\/pudebetraek\/tencel-pudebetraek-hvid\/#primaryimage"},"image":{"@id":"https:\/\/aztex.ee\/da\/pood\/pudebetraek\/tencel-pudebetraek-hvid\/#primaryimage"},"thumbnailUrl":"https:\/\/aztex.ee\/wp-content\/uploads\/2025\/04\/Tencel-padjapuur-Valge.jpg","datePublished":"2025-04-23T21:25:19+00:00","dateModified":"2026-03-09T16:18:55+00:00","description":"Hvidt Tencel pudebetr\u00e6k er et hudvenligt og holdbart valg, der giver en behagelig f\u00f8lelse af k\u00f8lighed, mens du sover og tilf\u00f8jer et elegant look til sovev\u00e6relset.","breadcrumb":{"@id":"https:\/\/aztex.ee\/da\/pood\/pudebetraek\/tencel-pudebetraek-hvid\/#breadcrumb"},"inLanguage":"da-DK","potentialAction":[{"@type":"ReadAction","target":["https:\/\/aztex.ee\/da\/pood\/pudebetraek\/tencel-pudebetraek-hvid\/"]}]},{"@type":"ImageObject","inLanguage":"da-DK","@id":"https:\/\/aztex.ee\/da\/pood\/pudebetraek\/tencel-pudebetraek-hvid\/#primaryimage","url":"https:\/\/aztex.ee\/wp-content\/uploads\/2025\/04\/Tencel-padjapuur-Valge.jpg","contentUrl":"https:\/\/aztex.ee\/wp-content\/uploads\/2025\/04\/Tencel-padjapuur-Valge.jpg","width":800,"height":800,"caption":"Tencel padjap\u00fc\u00fcr Valge"},{"@type":"BreadcrumbList","@id":"https:\/\/aztex.ee\/da\/pood\/pudebetraek\/tencel-pudebetraek-hvid\/#breadcrumb","itemListElement":[{"@type":"ListItem","position":1,"name":"Forside","item":"https:\/\/aztex.ee\/da\/"},{"@type":"ListItem","position":2,"name":"Butik","item":"https:\/\/aztex.ee\/da\/butik\/"},{"@type":"ListItem","position":3,"name":"Tencel pudebetr\u00e6k \u2013 Hvid"}]},{"@type":"WebSite","@id":"https:\/\/aztex.ee\/da\/#website","url":"https:\/\/aztex.ee\/da\/","name":"AZTEX","description":"","publisher":{"@id":"https:\/\/aztex.ee\/da\/#organization"},"potentialAction":[{"@type":"SearchAction","target":{"@type":"EntryPoint","urlTemplate":"https:\/\/aztex.ee\/da\/?s={search_term_string}"},"query-input":{"@type":"PropertyValueSpecification","valueRequired":true,"valueName":"search_term_string"}}],"inLanguage":"da-DK"},{"@type":"Organization","@id":"https:\/\/aztex.ee\/da\/#organization","name":"AZTEX","url":"https:\/\/aztex.ee\/da\/","logo":{"@type":"ImageObject","inLanguage":"da-DK","@id":"https:\/\/aztex.ee\/da\/#\/schema\/logo\/image\/","url":"https:\/\/aztex.ee\/wp-content\/uploads\/2026\/01\/AZTEX.png","contentUrl":"https:\/\/aztex.ee\/wp-content\/uploads\/2026\/01\/AZTEX.png","width":500,"height":500,"caption":"AZTEX"},"image":{"@id":"https:\/\/aztex.ee\/da\/#\/schema\/logo\/image\/"},"sameAs":["https:\/\/www.facebook.com\/AztexEE","https:\/\/www.instagram.com\/aztexeesti\/","https:\/\/www.youtube.com\/@AZTEXEE","https:\/\/www.pinterest.com\/aztex_eesti\/","https:\/\/www.tiktok.com\/@aztexeesti","https:\/\/www.trustpilot.com\/review\/aztex.ee","https:\/\/www.linkedin.com\/company\/aztex-ee\/","https:\/\/www.wikidata.org\/wiki\/Q137560182"]}]}},"_links":{"self":[{"href":"https:\/\/aztex.ee\/da\/wp-json\/wp\/v2\/product\/80830","targetHints":{"allow":["GET"]}}],"collection":[{"href":"https:\/\/aztex.ee\/da\/wp-json\/wp\/v2\/product"}],"about":[{"href":"https:\/\/aztex.ee\/da\/wp-json\/wp\/v2\/types\/product"}],"replies":[{"embeddable":true,"href":"https:\/\/aztex.ee\/da\/wp-json\/wp\/v2\/comments?post=80830"}],"version-history":[{"count":0,"href":"https:\/\/aztex.ee\/da\/wp-json\/wp\/v2\/product\/80830\/revisions"}],"wp:featuredmedia":[{"embeddable":true,"href":"https:\/\/aztex.ee\/da\/wp-json\/wp\/v2\/media\/80934"}],"wp:attachment":[{"href":"https:\/\/aztex.ee\/da\/wp-json\/wp\/v2\/media?parent=80830"}],"wp:term":[{"taxonomy":"product_brand","embeddable":true,"href":"https:\/\/aztex.ee\/da\/wp-json\/wp\/v2\/product_brand?post=80830"},{"taxonomy":"product_cat","embeddable":true,"href":"https:\/\/aztex.ee\/da\/wp-json\/wp\/v2\/product_cat?post=80830"},{"taxonomy":"product_tag","embeddable":true,"href":"https:\/\/aztex.ee\/da\/wp-json\/wp\/v2\/product_tag?post=80830"}],"curies":[{"name":"wp","href":"https:\/\/api.w.org\/{rel}","templated":true}]}}