{"id":79648,"date":"2025-04-15T07:42:29","date_gmt":"2025-04-15T07:42:29","guid":{"rendered":"https:\/\/aztex.ee\/?post_type=product&#038;p=79648"},"modified":"2025-04-15T07:56:27","modified_gmt":"2025-04-15T07:56:27","slug":"bambus-pudebetraek-sahara","status":"publish","type":"product","link":"https:\/\/aztex.ee\/da\/pood\/bambus-pudebetraek\/bambus-pudebetraek-sahara\/","title":{"rendered":"Bambus pudebetr\u00e6k \u2013 Sahara"},"content":{"rendered":"<p>Bambus pudebetr\u00e6k er \u00e5ndbart og hudvenligt, hvilket giver en behagelig og forfriskende s\u00f8vn. Bambusfibrenes naturlige egenskaber hj\u00e6lper med at regulere temperaturen og absorbere fugt og holde pudebetr\u00e6k t\u00f8rt og rent. Derudover er den antibakteriel og hypoallergen, hvilket g\u00f8r den perfekt til f\u00f8lsom hud.<\/p>\n<p>Det glatte og sarte stof f\u00f8les behageligt at r\u00f8re ved og er nemt at pleje &#8211; maskinvaskbart og slidst\u00e6rkt. Den bl\u00f8de tekstur bevarer sin kvalitet selv efter gentagne vask, hvilket giver en behagelig hvile hver nat.<\/p>\n<p>Bambus pudebetr\u00e6k er perfekt til ethvert sovev\u00e6relse og tilbyder b\u00e5de praktisk og elegant look. Dens neutrale og naturlige toner skaber en rolig og hyggelig atmosf\u00e6re, der nemt matcher forskellige senges\u00e6t. Nyd en bl\u00f8d og frisk f\u00f8lelse hver nat, hvilket g\u00f8r s\u00f8vnen virkelig forfriskende.<\/p>\n","protected":false},"excerpt":{"rendered":"<p>Bambus pudebetr\u00e6k er naturligt, bl\u00f8dt og \u00e5ndbart, hvilket sikrer kvalitetss\u00f8vn.<\/p>\n<ul>\n<li>Farve: Sahara<\/li>\n<li>Materiale: 100% bambus<\/li>\n<li>Tr\u00e5dantal: 300 TC<\/li>\n<\/ul>\n<p><img loading=\"lazy\" decoding=\"async\" class=\"alignnone wp-image-20226\" src=\"https:\/\/aztex.ee\/wp-content\/uploads\/2024\/09\/oekotex100.png\" alt=\"\" width=\"196\" height=\"69\" srcset=\"https:\/\/aztex.ee\/wp-content\/uploads\/2024\/09\/oekotex100.png 204w, https:\/\/aztex.ee\/wp-content\/uploads\/2024\/09\/oekotex100-150x53.png 150w\" sizes=\"auto, (max-width: 196px) 100vw, 196px\" \/><img loading=\"lazy\" decoding=\"async\" class=\"alignnone wp-image-20260\" src=\"https:\/\/aztex.ee\/wp-content\/uploads\/2024\/09\/bambuuss.png\" alt=\"\" width=\"75\" height=\"75\" srcset=\"https:\/\/aztex.ee\/wp-content\/uploads\/2024\/09\/bambuuss.png 204w, https:\/\/aztex.ee\/wp-content\/uploads\/2024\/09\/bambuuss-150x150.png 150w\" sizes=\"auto, (max-width: 75px) 100vw, 75px\" \/><\/p>\n","protected":false},"featured_media":79752,"comment_status":"open","ping_status":"closed","template":"","meta":[],"product_brand":[],"product_cat":[516,1771],"product_tag":[],"class_list":{"0":"post-79648","1":"product","2":"type-product","3":"status-publish","4":"has-post-thumbnail","6":"product_cat-bambus-pudebetraek","7":"product_cat-pudebetraek","9":"first","10":"instock","11":"shipping-taxable","12":"purchasable","13":"product-type-variable"},"yoast_head":"<!-- This site is optimized with the Yoast SEO plugin v27.6 - https:\/\/yoast.com\/product\/yoast-seo-wordpress\/ -->\n<title>Bambus pudebetr\u00e6k - Sahara | AZTEX<\/title>\n<meta name=\"description\" content=\"Sahara farvet bambus pudebetr\u00e6k er bl\u00f8de, \u00e5ndbare, hudvenlige og antibakterielle. Det er et ideelt valg til f\u00f8lsom hud og giver en forfriskende og ...\" \/>\n<meta name=\"robots\" content=\"index, follow, max-snippet:-1, max-image-preview:large, max-video-preview:-1\" \/>\n<link rel=\"canonical\" href=\"https:\/\/aztex.ee\/da\/pood\/bambus-pudebetraek\/bambus-pudebetraek-sahara\/\" \/>\n<meta property=\"og:locale\" content=\"da_DK\" \/>\n<meta property=\"og:type\" content=\"article\" \/>\n<meta property=\"og:title\" content=\"Bambus pudebetr\u00e6k - Sahara | AZTEX\" \/>\n<meta property=\"og:description\" content=\"Sahara farvet bambus pudebetr\u00e6k er bl\u00f8de, \u00e5ndbare, hudvenlige og antibakterielle. Det er et ideelt valg til f\u00f8lsom hud og giver en forfriskende og ...\" \/>\n<meta property=\"og:url\" content=\"https:\/\/aztex.ee\/da\/pood\/bambus-pudebetraek\/bambus-pudebetraek-sahara\/\" \/>\n<meta property=\"og:site_name\" content=\"AZTEX\" \/>\n<meta property=\"article:publisher\" content=\"https:\/\/www.facebook.com\/AztexEE\" \/>\n<meta property=\"article:modified_time\" content=\"2025-04-15T07:56:27+00:00\" \/>\n<meta property=\"og:image\" content=\"https:\/\/aztex.ee\/wp-content\/uploads\/2025\/04\/Bambusest-padjapuur-Sahara.jpg\" \/>\n\t<meta property=\"og:image:width\" content=\"800\" \/>\n\t<meta property=\"og:image:height\" content=\"800\" \/>\n\t<meta property=\"og:image:type\" content=\"image\/jpeg\" \/>\n<meta name=\"twitter:card\" content=\"summary_large_image\" \/>\n<meta name=\"twitter:label1\" content=\"Estimeret l\u00e6setid\" \/>\n\t<meta name=\"twitter:data1\" content=\"1 minut\" \/>\n<script type=\"application\/ld+json\" class=\"yoast-schema-graph\">{\"@context\":\"https:\\\/\\\/schema.org\",\"@graph\":[{\"@type\":[\"WebPage\",\"ItemPage\"],\"@id\":\"https:\\\/\\\/aztex.ee\\\/da\\\/pood\\\/bambus-pudebetraek\\\/bambus-pudebetraek-sahara\\\/\",\"url\":\"https:\\\/\\\/aztex.ee\\\/da\\\/pood\\\/bambus-pudebetraek\\\/bambus-pudebetraek-sahara\\\/\",\"name\":\"Bambus pudebetr\u00e6k - Sahara | AZTEX\",\"isPartOf\":{\"@id\":\"https:\\\/\\\/aztex.ee\\\/da\\\/#website\"},\"primaryImageOfPage\":{\"@id\":\"https:\\\/\\\/aztex.ee\\\/da\\\/pood\\\/bambus-pudebetraek\\\/bambus-pudebetraek-sahara\\\/#primaryimage\"},\"image\":{\"@id\":\"https:\\\/\\\/aztex.ee\\\/da\\\/pood\\\/bambus-pudebetraek\\\/bambus-pudebetraek-sahara\\\/#primaryimage\"},\"thumbnailUrl\":\"https:\\\/\\\/aztex.ee\\\/wp-content\\\/uploads\\\/2025\\\/04\\\/Bambusest-padjapuur-Sahara.jpg\",\"datePublished\":\"2025-04-15T07:42:29+00:00\",\"dateModified\":\"2025-04-15T07:56:27+00:00\",\"description\":\"Sahara farvet bambus pudebetr\u00e6k er bl\u00f8de, \u00e5ndbare, hudvenlige og antibakterielle. Det er et ideelt valg til f\u00f8lsom hud og giver en forfriskende og ...\",\"breadcrumb\":{\"@id\":\"https:\\\/\\\/aztex.ee\\\/da\\\/pood\\\/bambus-pudebetraek\\\/bambus-pudebetraek-sahara\\\/#breadcrumb\"},\"inLanguage\":\"da-DK\",\"potentialAction\":[{\"@type\":\"ReadAction\",\"target\":[\"https:\\\/\\\/aztex.ee\\\/da\\\/pood\\\/bambus-pudebetraek\\\/bambus-pudebetraek-sahara\\\/\"]}]},{\"@type\":\"ImageObject\",\"inLanguage\":\"da-DK\",\"@id\":\"https:\\\/\\\/aztex.ee\\\/da\\\/pood\\\/bambus-pudebetraek\\\/bambus-pudebetraek-sahara\\\/#primaryimage\",\"url\":\"https:\\\/\\\/aztex.ee\\\/wp-content\\\/uploads\\\/2025\\\/04\\\/Bambusest-padjapuur-Sahara.jpg\",\"contentUrl\":\"https:\\\/\\\/aztex.ee\\\/wp-content\\\/uploads\\\/2025\\\/04\\\/Bambusest-padjapuur-Sahara.jpg\",\"width\":800,\"height\":800,\"caption\":\"Bambusest padjap\u00fc\u00fcr Sahara\"},{\"@type\":\"BreadcrumbList\",\"@id\":\"https:\\\/\\\/aztex.ee\\\/da\\\/pood\\\/bambus-pudebetraek\\\/bambus-pudebetraek-sahara\\\/#breadcrumb\",\"itemListElement\":[{\"@type\":\"ListItem\",\"position\":1,\"name\":\"Forside\",\"item\":\"https:\\\/\\\/aztex.ee\\\/da\\\/\"},{\"@type\":\"ListItem\",\"position\":2,\"name\":\"Butik\",\"item\":\"https:\\\/\\\/aztex.ee\\\/da\\\/butik\\\/\"},{\"@type\":\"ListItem\",\"position\":3,\"name\":\"Bambus pudebetr\u00e6k \u2013 Sahara\"}]},{\"@type\":\"WebSite\",\"@id\":\"https:\\\/\\\/aztex.ee\\\/da\\\/#website\",\"url\":\"https:\\\/\\\/aztex.ee\\\/da\\\/\",\"name\":\"AZTEX\",\"description\":\"\",\"publisher\":{\"@id\":\"https:\\\/\\\/aztex.ee\\\/da\\\/#organization\"},\"potentialAction\":[{\"@type\":\"SearchAction\",\"target\":{\"@type\":\"EntryPoint\",\"urlTemplate\":\"https:\\\/\\\/aztex.ee\\\/da\\\/?s={search_term_string}\"},\"query-input\":{\"@type\":\"PropertyValueSpecification\",\"valueRequired\":true,\"valueName\":\"search_term_string\"}}],\"inLanguage\":\"da-DK\"},{\"@type\":\"Organization\",\"@id\":\"https:\\\/\\\/aztex.ee\\\/da\\\/#organization\",\"name\":\"AZTEX\",\"url\":\"https:\\\/\\\/aztex.ee\\\/da\\\/\",\"logo\":{\"@type\":\"ImageObject\",\"inLanguage\":\"da-DK\",\"@id\":\"https:\\\/\\\/aztex.ee\\\/da\\\/#\\\/schema\\\/logo\\\/image\\\/\",\"url\":\"https:\\\/\\\/aztex.ee\\\/wp-content\\\/uploads\\\/2026\\\/01\\\/AZTEX.png\",\"contentUrl\":\"https:\\\/\\\/aztex.ee\\\/wp-content\\\/uploads\\\/2026\\\/01\\\/AZTEX.png\",\"width\":500,\"height\":500,\"caption\":\"AZTEX\"},\"image\":{\"@id\":\"https:\\\/\\\/aztex.ee\\\/da\\\/#\\\/schema\\\/logo\\\/image\\\/\"},\"sameAs\":[\"https:\\\/\\\/www.facebook.com\\\/AztexEE\",\"https:\\\/\\\/www.instagram.com\\\/aztexeesti\\\/\",\"https:\\\/\\\/www.youtube.com\\\/@AZTEXEE\",\"https:\\\/\\\/www.pinterest.com\\\/aztex_eesti\\\/\",\"https:\\\/\\\/www.tiktok.com\\\/@aztexeesti\",\"https:\\\/\\\/www.trustpilot.com\\\/review\\\/aztex.ee\",\"https:\\\/\\\/www.linkedin.com\\\/company\\\/aztex-ee\\\/\",\"https:\\\/\\\/www.wikidata.org\\\/wiki\\\/Q137560182\"]}]}<\/script>\n<!-- \/ Yoast SEO plugin. -->","yoast_head_json":{"title":"Bambus pudebetr\u00e6k - Sahara | AZTEX","description":"Sahara farvet bambus pudebetr\u00e6k er bl\u00f8de, \u00e5ndbare, hudvenlige og antibakterielle. Det er et ideelt valg til f\u00f8lsom hud og giver en forfriskende og ...","robots":{"index":"index","follow":"follow","max-snippet":"max-snippet:-1","max-image-preview":"max-image-preview:large","max-video-preview":"max-video-preview:-1"},"canonical":"https:\/\/aztex.ee\/da\/pood\/bambus-pudebetraek\/bambus-pudebetraek-sahara\/","og_locale":"da_DK","og_type":"article","og_title":"Bambus pudebetr\u00e6k - Sahara | AZTEX","og_description":"Sahara farvet bambus pudebetr\u00e6k er bl\u00f8de, \u00e5ndbare, hudvenlige og antibakterielle. Det er et ideelt valg til f\u00f8lsom hud og giver en forfriskende og ...","og_url":"https:\/\/aztex.ee\/da\/pood\/bambus-pudebetraek\/bambus-pudebetraek-sahara\/","og_site_name":"AZTEX","article_publisher":"https:\/\/www.facebook.com\/AztexEE","article_modified_time":"2025-04-15T07:56:27+00:00","og_image":[{"width":800,"height":800,"url":"https:\/\/aztex.ee\/wp-content\/uploads\/2025\/04\/Bambusest-padjapuur-Sahara.jpg","type":"image\/jpeg"}],"twitter_card":"summary_large_image","twitter_misc":{"Estimeret l\u00e6setid":"1 minut"},"schema":{"@context":"https:\/\/schema.org","@graph":[{"@type":["WebPage","ItemPage"],"@id":"https:\/\/aztex.ee\/da\/pood\/bambus-pudebetraek\/bambus-pudebetraek-sahara\/","url":"https:\/\/aztex.ee\/da\/pood\/bambus-pudebetraek\/bambus-pudebetraek-sahara\/","name":"Bambus pudebetr\u00e6k - Sahara | AZTEX","isPartOf":{"@id":"https:\/\/aztex.ee\/da\/#website"},"primaryImageOfPage":{"@id":"https:\/\/aztex.ee\/da\/pood\/bambus-pudebetraek\/bambus-pudebetraek-sahara\/#primaryimage"},"image":{"@id":"https:\/\/aztex.ee\/da\/pood\/bambus-pudebetraek\/bambus-pudebetraek-sahara\/#primaryimage"},"thumbnailUrl":"https:\/\/aztex.ee\/wp-content\/uploads\/2025\/04\/Bambusest-padjapuur-Sahara.jpg","datePublished":"2025-04-15T07:42:29+00:00","dateModified":"2025-04-15T07:56:27+00:00","description":"Sahara farvet bambus pudebetr\u00e6k er bl\u00f8de, \u00e5ndbare, hudvenlige og antibakterielle. Det er et ideelt valg til f\u00f8lsom hud og giver en forfriskende og ...","breadcrumb":{"@id":"https:\/\/aztex.ee\/da\/pood\/bambus-pudebetraek\/bambus-pudebetraek-sahara\/#breadcrumb"},"inLanguage":"da-DK","potentialAction":[{"@type":"ReadAction","target":["https:\/\/aztex.ee\/da\/pood\/bambus-pudebetraek\/bambus-pudebetraek-sahara\/"]}]},{"@type":"ImageObject","inLanguage":"da-DK","@id":"https:\/\/aztex.ee\/da\/pood\/bambus-pudebetraek\/bambus-pudebetraek-sahara\/#primaryimage","url":"https:\/\/aztex.ee\/wp-content\/uploads\/2025\/04\/Bambusest-padjapuur-Sahara.jpg","contentUrl":"https:\/\/aztex.ee\/wp-content\/uploads\/2025\/04\/Bambusest-padjapuur-Sahara.jpg","width":800,"height":800,"caption":"Bambusest padjap\u00fc\u00fcr Sahara"},{"@type":"BreadcrumbList","@id":"https:\/\/aztex.ee\/da\/pood\/bambus-pudebetraek\/bambus-pudebetraek-sahara\/#breadcrumb","itemListElement":[{"@type":"ListItem","position":1,"name":"Forside","item":"https:\/\/aztex.ee\/da\/"},{"@type":"ListItem","position":2,"name":"Butik","item":"https:\/\/aztex.ee\/da\/butik\/"},{"@type":"ListItem","position":3,"name":"Bambus pudebetr\u00e6k \u2013 Sahara"}]},{"@type":"WebSite","@id":"https:\/\/aztex.ee\/da\/#website","url":"https:\/\/aztex.ee\/da\/","name":"AZTEX","description":"","publisher":{"@id":"https:\/\/aztex.ee\/da\/#organization"},"potentialAction":[{"@type":"SearchAction","target":{"@type":"EntryPoint","urlTemplate":"https:\/\/aztex.ee\/da\/?s={search_term_string}"},"query-input":{"@type":"PropertyValueSpecification","valueRequired":true,"valueName":"search_term_string"}}],"inLanguage":"da-DK"},{"@type":"Organization","@id":"https:\/\/aztex.ee\/da\/#organization","name":"AZTEX","url":"https:\/\/aztex.ee\/da\/","logo":{"@type":"ImageObject","inLanguage":"da-DK","@id":"https:\/\/aztex.ee\/da\/#\/schema\/logo\/image\/","url":"https:\/\/aztex.ee\/wp-content\/uploads\/2026\/01\/AZTEX.png","contentUrl":"https:\/\/aztex.ee\/wp-content\/uploads\/2026\/01\/AZTEX.png","width":500,"height":500,"caption":"AZTEX"},"image":{"@id":"https:\/\/aztex.ee\/da\/#\/schema\/logo\/image\/"},"sameAs":["https:\/\/www.facebook.com\/AztexEE","https:\/\/www.instagram.com\/aztexeesti\/","https:\/\/www.youtube.com\/@AZTEXEE","https:\/\/www.pinterest.com\/aztex_eesti\/","https:\/\/www.tiktok.com\/@aztexeesti","https:\/\/www.trustpilot.com\/review\/aztex.ee","https:\/\/www.linkedin.com\/company\/aztex-ee\/","https:\/\/www.wikidata.org\/wiki\/Q137560182"]}]}},"_links":{"self":[{"href":"https:\/\/aztex.ee\/da\/wp-json\/wp\/v2\/product\/79648","targetHints":{"allow":["GET"]}}],"collection":[{"href":"https:\/\/aztex.ee\/da\/wp-json\/wp\/v2\/product"}],"about":[{"href":"https:\/\/aztex.ee\/da\/wp-json\/wp\/v2\/types\/product"}],"replies":[{"embeddable":true,"href":"https:\/\/aztex.ee\/da\/wp-json\/wp\/v2\/comments?post=79648"}],"version-history":[{"count":0,"href":"https:\/\/aztex.ee\/da\/wp-json\/wp\/v2\/product\/79648\/revisions"}],"wp:featuredmedia":[{"embeddable":true,"href":"https:\/\/aztex.ee\/da\/wp-json\/wp\/v2\/media\/79752"}],"wp:attachment":[{"href":"https:\/\/aztex.ee\/da\/wp-json\/wp\/v2\/media?parent=79648"}],"wp:term":[{"taxonomy":"product_brand","embeddable":true,"href":"https:\/\/aztex.ee\/da\/wp-json\/wp\/v2\/product_brand?post=79648"},{"taxonomy":"product_cat","embeddable":true,"href":"https:\/\/aztex.ee\/da\/wp-json\/wp\/v2\/product_cat?post=79648"},{"taxonomy":"product_tag","embeddable":true,"href":"https:\/\/aztex.ee\/da\/wp-json\/wp\/v2\/product_tag?post=79648"}],"curies":[{"name":"wp","href":"https:\/\/api.w.org\/{rel}","templated":true}]}}