{"id":73126,"date":"2025-03-26T23:20:05","date_gmt":"2025-03-26T23:20:05","guid":{"rendered":"https:\/\/aztex.ee\/?post_type=product&#038;p=73126"},"modified":"2026-04-08T10:48:37","modified_gmt":"2026-04-08T10:48:37","slug":"haandklaede-35x75-cm","status":"publish","type":"product","link":"https:\/\/aztex.ee\/da\/pood\/haandklaeder-og-badehaandklaeder\/haandklaede-35x75-cm\/","title":{"rendered":"H\u00e5ndkl\u00e6de 35&#215;75 cm"},"content":{"rendered":"<p><strong>Bomulds h\u00e5ndkl\u00e6de \u2013 bl\u00f8dhed og langtidsholdbar kvalitet<\/strong><\/p>\n<p>Bomuld er et af de mest popul\u00e6re materialer til fremstilling af h\u00e5ndkl\u00e6der, da det er naturligt bl\u00f8dt, \u00e5ndbart og hudvenligt. Dette h\u00e5ndkl\u00e6de er lavet af h\u00f8jkvalitets bomuld, som f\u00f8les behageligt sk\u00e5nsomt mod huden og er ogs\u00e5 velegnet til f\u00f8lsom hud. Den naturlige fiber tillader luft at passere igennem, hj\u00e6lper h\u00e5ndkl\u00e6det med at t\u00f8rre hurtigt og giver maksimal komfort i hverdagen.<\/p>\n<p><strong>Fremragende sugeevne og hurtigt\u00f8rrende<\/strong><\/p>\n<p>Et bomulds h\u00e5ndkl\u00e6de absorberer fugt hurtigt og effektivt, hvilket g\u00f8r t\u00f8rringen s\u00e6rlig behagelig og behagelig. Takket v\u00e6re dette er den perfekt til badev\u00e6relset, saunaen og stranden. Derudover t\u00f8rrer et bomulds h\u00e5ndkl\u00e6de hurtigt, hvilket hj\u00e6lper med at forhindre ubehagelige lugte og holder det friskt i lang tid.<\/p>\n<p><strong>Holdbar og h\u00f8j kvalitet<\/strong><\/p>\n<p>Omhyggeligt udvalgt materiale og st\u00e6rke s\u00f8mme sikrer, at h\u00e5ndkl\u00e6det t\u00e5ler hyppig vask og bevarer sin bl\u00f8dhed og gode sugeevne i lang tid. Takket v\u00e6re den h\u00f8jkvalitets v\u00e6veteknik bliver h\u00e5ndkl\u00e6det ikke hurtigt indelukket eller mister sin oprindelige form. Det betyder, at den altid vil forblive bl\u00f8d og en p\u00e5lidelig f\u00f8lgesvend i \u00e5revis.<\/p>\n<p><strong>Stilfuld og alsidig<\/strong><\/p>\n<p>Bomulds h\u00e5ndkl\u00e6det f\u00e5s i flere smukke farver, der passer til ethvert badev\u00e6relse. Det klassiske og tidl\u00f8se design g\u00f8r det nemt at kombinere med andre badev\u00e6relsestekstiler.<\/p>\n<p><strong>Nem pleje og langvarig friskhed<\/strong><\/p>\n<p>Bomulds h\u00e5ndkl\u00e6det er nemt at passe, maskinvaskes og bevarer sin farve og bl\u00f8dhed selv efter flere vaske. For det bedste resultat anbefales det at vaske h\u00e5ndkl\u00e6det ved en lavere temperatur og undg\u00e5 overdreven brug af skyllemiddel, som kan p\u00e5virke sugeevnen. Med ordentlig pleje forbliver h\u00e5ndkl\u00e6det bl\u00f8dt, absorberende og behageligt friskt i lang tid.<\/p>\n<p>Bomulds h\u00e5ndkl\u00e6det tilbyder naturlig bl\u00f8dhed, fremragende sugeevne og holdbarhed, hvilket g\u00f8r det til et p\u00e5lideligt og langtidsholdbart valg til daglig brug.<\/p>\n","protected":false},"excerpt":{"rendered":"<ul>\n<li>Materiale: 100% bomuld<\/li>\n<li>St\u00f8rrelse: 35\u00d775 cm \u00b13<\/li>\n<li>V\u00e6gt: 450g\/m2<\/li>\n<\/ul>\n","protected":false},"featured_media":73262,"comment_status":"open","ping_status":"closed","template":"","meta":[],"product_brand":[],"product_cat":[1729,769,475],"product_tag":[],"class_list":{"0":"post-73126","1":"product","2":"type-product","3":"status-publish","4":"has-post-thumbnail","6":"product_cat-handklaeder","7":"product_cat-handklaeder-35x75-cm","8":"product_cat-haandklaeder-og-badehaandklaeder","10":"first","11":"instock","12":"shipping-taxable","13":"purchasable","14":"product-type-variable"},"yoast_head":"<!-- This site is optimized with the Yoast SEO plugin v27.4 - https:\/\/yoast.com\/product\/yoast-seo-wordpress\/ -->\n<title>H\u00e5ndkl\u00e6de 35x75 cm Naturlig og Bl\u00f8d | AZTEX<\/title>\n<meta name=\"description\" content=\"Det bl\u00f8de og meget absorberende bomulds h\u00e5ndkl\u00e6de er det perfekte valg til hverdagsbrug og tilbyder enest\u00e5ende kvalitet, langvarig komfort og ...\" \/>\n<meta name=\"robots\" content=\"index, follow, max-snippet:-1, max-image-preview:large, max-video-preview:-1\" \/>\n<link rel=\"canonical\" href=\"https:\/\/aztex.ee\/da\/pood\/haandklaeder-og-badehaandklaeder\/haandklaede-35x75-cm\/\" \/>\n<meta property=\"og:locale\" content=\"da_DK\" \/>\n<meta property=\"og:type\" content=\"article\" \/>\n<meta property=\"og:title\" content=\"H\u00e5ndkl\u00e6de 35x75 cm Naturlig og Bl\u00f8d | AZTEX\" \/>\n<meta property=\"og:description\" content=\"Det bl\u00f8de og meget absorberende bomulds h\u00e5ndkl\u00e6de er det perfekte valg til hverdagsbrug og tilbyder enest\u00e5ende kvalitet, langvarig komfort og ...\" \/>\n<meta property=\"og:url\" content=\"https:\/\/aztex.ee\/da\/pood\/haandklaeder-og-badehaandklaeder\/haandklaede-35x75-cm\/\" \/>\n<meta property=\"og:site_name\" content=\"AZTEX\" \/>\n<meta property=\"article:publisher\" content=\"https:\/\/www.facebook.com\/AztexEE\" \/>\n<meta property=\"article:modified_time\" content=\"2026-04-08T10:48:37+00:00\" \/>\n<meta property=\"og:image\" content=\"https:\/\/aztex.ee\/wp-content\/uploads\/2025\/03\/Puuvillane-ratik-35x75-cm.jpg\" \/>\n\t<meta property=\"og:image:width\" content=\"800\" \/>\n\t<meta property=\"og:image:height\" content=\"800\" \/>\n\t<meta property=\"og:image:type\" content=\"image\/jpeg\" \/>\n<meta name=\"twitter:card\" content=\"summary_large_image\" \/>\n<meta name=\"twitter:label1\" content=\"Estimeret l\u00e6setid\" \/>\n\t<meta name=\"twitter:data1\" content=\"2 minutter\" \/>\n<script type=\"application\/ld+json\" class=\"yoast-schema-graph\">{\"@context\":\"https:\\\/\\\/schema.org\",\"@graph\":[{\"@type\":[\"WebPage\",\"ItemPage\"],\"@id\":\"https:\\\/\\\/aztex.ee\\\/da\\\/pood\\\/haandklaeder-og-badehaandklaeder\\\/haandklaede-35x75-cm\\\/\",\"url\":\"https:\\\/\\\/aztex.ee\\\/da\\\/pood\\\/haandklaeder-og-badehaandklaeder\\\/haandklaede-35x75-cm\\\/\",\"name\":\"H\u00e5ndkl\u00e6de 35x75 cm Naturlig og Bl\u00f8d | AZTEX\",\"isPartOf\":{\"@id\":\"https:\\\/\\\/aztex.ee\\\/da\\\/#website\"},\"primaryImageOfPage\":{\"@id\":\"https:\\\/\\\/aztex.ee\\\/da\\\/pood\\\/haandklaeder-og-badehaandklaeder\\\/haandklaede-35x75-cm\\\/#primaryimage\"},\"image\":{\"@id\":\"https:\\\/\\\/aztex.ee\\\/da\\\/pood\\\/haandklaeder-og-badehaandklaeder\\\/haandklaede-35x75-cm\\\/#primaryimage\"},\"thumbnailUrl\":\"https:\\\/\\\/aztex.ee\\\/wp-content\\\/uploads\\\/2025\\\/03\\\/Puuvillane-ratik-35x75-cm.jpg\",\"datePublished\":\"2025-03-26T23:20:05+00:00\",\"dateModified\":\"2026-04-08T10:48:37+00:00\",\"description\":\"Det bl\u00f8de og meget absorberende bomulds h\u00e5ndkl\u00e6de er det perfekte valg til hverdagsbrug og tilbyder enest\u00e5ende kvalitet, langvarig komfort og ...\",\"breadcrumb\":{\"@id\":\"https:\\\/\\\/aztex.ee\\\/da\\\/pood\\\/haandklaeder-og-badehaandklaeder\\\/haandklaede-35x75-cm\\\/#breadcrumb\"},\"inLanguage\":\"da-DK\",\"potentialAction\":[{\"@type\":\"ReadAction\",\"target\":[\"https:\\\/\\\/aztex.ee\\\/da\\\/pood\\\/haandklaeder-og-badehaandklaeder\\\/haandklaede-35x75-cm\\\/\"]}]},{\"@type\":\"ImageObject\",\"inLanguage\":\"da-DK\",\"@id\":\"https:\\\/\\\/aztex.ee\\\/da\\\/pood\\\/haandklaeder-og-badehaandklaeder\\\/haandklaede-35x75-cm\\\/#primaryimage\",\"url\":\"https:\\\/\\\/aztex.ee\\\/wp-content\\\/uploads\\\/2025\\\/03\\\/Puuvillane-ratik-35x75-cm.jpg\",\"contentUrl\":\"https:\\\/\\\/aztex.ee\\\/wp-content\\\/uploads\\\/2025\\\/03\\\/Puuvillane-ratik-35x75-cm.jpg\",\"width\":800,\"height\":800,\"caption\":\"Puuvillane r\u00e4tik 35x75 cm\"},{\"@type\":\"BreadcrumbList\",\"@id\":\"https:\\\/\\\/aztex.ee\\\/da\\\/pood\\\/haandklaeder-og-badehaandklaeder\\\/haandklaede-35x75-cm\\\/#breadcrumb\",\"itemListElement\":[{\"@type\":\"ListItem\",\"position\":1,\"name\":\"Forside\",\"item\":\"https:\\\/\\\/aztex.ee\\\/da\\\/\"},{\"@type\":\"ListItem\",\"position\":2,\"name\":\"Butik\",\"item\":\"https:\\\/\\\/aztex.ee\\\/da\\\/butik\\\/\"},{\"@type\":\"ListItem\",\"position\":3,\"name\":\"H\u00e5ndkl\u00e6de 35&#215;75 cm\"}]},{\"@type\":\"WebSite\",\"@id\":\"https:\\\/\\\/aztex.ee\\\/da\\\/#website\",\"url\":\"https:\\\/\\\/aztex.ee\\\/da\\\/\",\"name\":\"AZTEX\",\"description\":\"\",\"publisher\":{\"@id\":\"https:\\\/\\\/aztex.ee\\\/da\\\/#organization\"},\"potentialAction\":[{\"@type\":\"SearchAction\",\"target\":{\"@type\":\"EntryPoint\",\"urlTemplate\":\"https:\\\/\\\/aztex.ee\\\/da\\\/?s={search_term_string}\"},\"query-input\":{\"@type\":\"PropertyValueSpecification\",\"valueRequired\":true,\"valueName\":\"search_term_string\"}}],\"inLanguage\":\"da-DK\"},{\"@type\":\"Organization\",\"@id\":\"https:\\\/\\\/aztex.ee\\\/da\\\/#organization\",\"name\":\"AZTEX\",\"url\":\"https:\\\/\\\/aztex.ee\\\/da\\\/\",\"logo\":{\"@type\":\"ImageObject\",\"inLanguage\":\"da-DK\",\"@id\":\"https:\\\/\\\/aztex.ee\\\/da\\\/#\\\/schema\\\/logo\\\/image\\\/\",\"url\":\"https:\\\/\\\/aztex.ee\\\/wp-content\\\/uploads\\\/2026\\\/01\\\/AZTEX.png\",\"contentUrl\":\"https:\\\/\\\/aztex.ee\\\/wp-content\\\/uploads\\\/2026\\\/01\\\/AZTEX.png\",\"width\":500,\"height\":500,\"caption\":\"AZTEX\"},\"image\":{\"@id\":\"https:\\\/\\\/aztex.ee\\\/da\\\/#\\\/schema\\\/logo\\\/image\\\/\"},\"sameAs\":[\"https:\\\/\\\/www.facebook.com\\\/AztexEE\",\"https:\\\/\\\/www.instagram.com\\\/aztexeesti\\\/\",\"https:\\\/\\\/www.youtube.com\\\/@AZTEXEE\",\"https:\\\/\\\/www.pinterest.com\\\/aztex_eesti\\\/\",\"https:\\\/\\\/www.tiktok.com\\\/@aztexeesti\",\"https:\\\/\\\/www.trustpilot.com\\\/review\\\/aztex.ee\",\"https:\\\/\\\/www.linkedin.com\\\/company\\\/aztex-ee\\\/\",\"https:\\\/\\\/www.wikidata.org\\\/wiki\\\/Q137560182\"]}]}<\/script>\n<!-- \/ Yoast SEO plugin. -->","yoast_head_json":{"title":"H\u00e5ndkl\u00e6de 35x75 cm Naturlig og Bl\u00f8d | AZTEX","description":"Det bl\u00f8de og meget absorberende bomulds h\u00e5ndkl\u00e6de er det perfekte valg til hverdagsbrug og tilbyder enest\u00e5ende kvalitet, langvarig komfort og ...","robots":{"index":"index","follow":"follow","max-snippet":"max-snippet:-1","max-image-preview":"max-image-preview:large","max-video-preview":"max-video-preview:-1"},"canonical":"https:\/\/aztex.ee\/da\/pood\/haandklaeder-og-badehaandklaeder\/haandklaede-35x75-cm\/","og_locale":"da_DK","og_type":"article","og_title":"H\u00e5ndkl\u00e6de 35x75 cm Naturlig og Bl\u00f8d | AZTEX","og_description":"Det bl\u00f8de og meget absorberende bomulds h\u00e5ndkl\u00e6de er det perfekte valg til hverdagsbrug og tilbyder enest\u00e5ende kvalitet, langvarig komfort og ...","og_url":"https:\/\/aztex.ee\/da\/pood\/haandklaeder-og-badehaandklaeder\/haandklaede-35x75-cm\/","og_site_name":"AZTEX","article_publisher":"https:\/\/www.facebook.com\/AztexEE","article_modified_time":"2026-04-08T10:48:37+00:00","og_image":[{"width":800,"height":800,"url":"https:\/\/aztex.ee\/wp-content\/uploads\/2025\/03\/Puuvillane-ratik-35x75-cm.jpg","type":"image\/jpeg"}],"twitter_card":"summary_large_image","twitter_misc":{"Estimeret l\u00e6setid":"2 minutter"},"schema":{"@context":"https:\/\/schema.org","@graph":[{"@type":["WebPage","ItemPage"],"@id":"https:\/\/aztex.ee\/da\/pood\/haandklaeder-og-badehaandklaeder\/haandklaede-35x75-cm\/","url":"https:\/\/aztex.ee\/da\/pood\/haandklaeder-og-badehaandklaeder\/haandklaede-35x75-cm\/","name":"H\u00e5ndkl\u00e6de 35x75 cm Naturlig og Bl\u00f8d | AZTEX","isPartOf":{"@id":"https:\/\/aztex.ee\/da\/#website"},"primaryImageOfPage":{"@id":"https:\/\/aztex.ee\/da\/pood\/haandklaeder-og-badehaandklaeder\/haandklaede-35x75-cm\/#primaryimage"},"image":{"@id":"https:\/\/aztex.ee\/da\/pood\/haandklaeder-og-badehaandklaeder\/haandklaede-35x75-cm\/#primaryimage"},"thumbnailUrl":"https:\/\/aztex.ee\/wp-content\/uploads\/2025\/03\/Puuvillane-ratik-35x75-cm.jpg","datePublished":"2025-03-26T23:20:05+00:00","dateModified":"2026-04-08T10:48:37+00:00","description":"Det bl\u00f8de og meget absorberende bomulds h\u00e5ndkl\u00e6de er det perfekte valg til hverdagsbrug og tilbyder enest\u00e5ende kvalitet, langvarig komfort og ...","breadcrumb":{"@id":"https:\/\/aztex.ee\/da\/pood\/haandklaeder-og-badehaandklaeder\/haandklaede-35x75-cm\/#breadcrumb"},"inLanguage":"da-DK","potentialAction":[{"@type":"ReadAction","target":["https:\/\/aztex.ee\/da\/pood\/haandklaeder-og-badehaandklaeder\/haandklaede-35x75-cm\/"]}]},{"@type":"ImageObject","inLanguage":"da-DK","@id":"https:\/\/aztex.ee\/da\/pood\/haandklaeder-og-badehaandklaeder\/haandklaede-35x75-cm\/#primaryimage","url":"https:\/\/aztex.ee\/wp-content\/uploads\/2025\/03\/Puuvillane-ratik-35x75-cm.jpg","contentUrl":"https:\/\/aztex.ee\/wp-content\/uploads\/2025\/03\/Puuvillane-ratik-35x75-cm.jpg","width":800,"height":800,"caption":"Puuvillane r\u00e4tik 35x75 cm"},{"@type":"BreadcrumbList","@id":"https:\/\/aztex.ee\/da\/pood\/haandklaeder-og-badehaandklaeder\/haandklaede-35x75-cm\/#breadcrumb","itemListElement":[{"@type":"ListItem","position":1,"name":"Forside","item":"https:\/\/aztex.ee\/da\/"},{"@type":"ListItem","position":2,"name":"Butik","item":"https:\/\/aztex.ee\/da\/butik\/"},{"@type":"ListItem","position":3,"name":"H\u00e5ndkl\u00e6de 35&#215;75 cm"}]},{"@type":"WebSite","@id":"https:\/\/aztex.ee\/da\/#website","url":"https:\/\/aztex.ee\/da\/","name":"AZTEX","description":"","publisher":{"@id":"https:\/\/aztex.ee\/da\/#organization"},"potentialAction":[{"@type":"SearchAction","target":{"@type":"EntryPoint","urlTemplate":"https:\/\/aztex.ee\/da\/?s={search_term_string}"},"query-input":{"@type":"PropertyValueSpecification","valueRequired":true,"valueName":"search_term_string"}}],"inLanguage":"da-DK"},{"@type":"Organization","@id":"https:\/\/aztex.ee\/da\/#organization","name":"AZTEX","url":"https:\/\/aztex.ee\/da\/","logo":{"@type":"ImageObject","inLanguage":"da-DK","@id":"https:\/\/aztex.ee\/da\/#\/schema\/logo\/image\/","url":"https:\/\/aztex.ee\/wp-content\/uploads\/2026\/01\/AZTEX.png","contentUrl":"https:\/\/aztex.ee\/wp-content\/uploads\/2026\/01\/AZTEX.png","width":500,"height":500,"caption":"AZTEX"},"image":{"@id":"https:\/\/aztex.ee\/da\/#\/schema\/logo\/image\/"},"sameAs":["https:\/\/www.facebook.com\/AztexEE","https:\/\/www.instagram.com\/aztexeesti\/","https:\/\/www.youtube.com\/@AZTEXEE","https:\/\/www.pinterest.com\/aztex_eesti\/","https:\/\/www.tiktok.com\/@aztexeesti","https:\/\/www.trustpilot.com\/review\/aztex.ee","https:\/\/www.linkedin.com\/company\/aztex-ee\/","https:\/\/www.wikidata.org\/wiki\/Q137560182"]}]}},"_links":{"self":[{"href":"https:\/\/aztex.ee\/da\/wp-json\/wp\/v2\/product\/73126","targetHints":{"allow":["GET"]}}],"collection":[{"href":"https:\/\/aztex.ee\/da\/wp-json\/wp\/v2\/product"}],"about":[{"href":"https:\/\/aztex.ee\/da\/wp-json\/wp\/v2\/types\/product"}],"replies":[{"embeddable":true,"href":"https:\/\/aztex.ee\/da\/wp-json\/wp\/v2\/comments?post=73126"}],"version-history":[{"count":0,"href":"https:\/\/aztex.ee\/da\/wp-json\/wp\/v2\/product\/73126\/revisions"}],"wp:featuredmedia":[{"embeddable":true,"href":"https:\/\/aztex.ee\/da\/wp-json\/wp\/v2\/media\/73262"}],"wp:attachment":[{"href":"https:\/\/aztex.ee\/da\/wp-json\/wp\/v2\/media?parent=73126"}],"wp:term":[{"taxonomy":"product_brand","embeddable":true,"href":"https:\/\/aztex.ee\/da\/wp-json\/wp\/v2\/product_brand?post=73126"},{"taxonomy":"product_cat","embeddable":true,"href":"https:\/\/aztex.ee\/da\/wp-json\/wp\/v2\/product_cat?post=73126"},{"taxonomy":"product_tag","embeddable":true,"href":"https:\/\/aztex.ee\/da\/wp-json\/wp\/v2\/product_tag?post=73126"}],"curies":[{"name":"wp","href":"https:\/\/api.w.org\/{rel}","templated":true}]}}