{"id":69126,"date":"2025-03-20T07:14:30","date_gmt":"2025-03-20T07:14:30","guid":{"rendered":"https:\/\/aztex.ee\/?post_type=product&#038;p=69126"},"modified":"2026-03-27T14:59:29","modified_gmt":"2026-03-27T14:59:29","slug":"pude-taeppe-2-i-1","status":"publish","type":"product","link":"https:\/\/aztex.ee\/da\/pood\/bornenes-verden\/pude-taeppe-2-i-1\/","title":{"rendered":"Pude t\u00e6ppe 2 i 1"},"content":{"rendered":"<p><strong>B\u00f8rnepude og t\u00e6ppe 2 i 1 &#8211; perfekt komfort og praktisk i enhver situation<\/strong><\/p>\n<p><strong>En kompakt og pladsbesparende l\u00f8sning til ethvert milj\u00f8<\/strong><\/p>\n<p>B\u00f8rnepuden og t\u00e6ppet 2 i 1 er den ideelle l\u00f8sning til b\u00f8rn, der har brug for komfort og varme i enhver situation. Det kompakte og let at b\u00e6re design g\u00f8r det til et godt valg til hjemmet, rejser eller b\u00f8rnev\u00e6relser. Det exceptionelle pladsbesparende design sikrer, at produktet ogs\u00e5 passer perfekt i bilen, og giver b\u00f8rnene varme og komfort til enhver tid, n\u00e5r de har mest brug for det. Det er lige meget om du er hjemme eller p\u00e5 farten &#8211; denne 2 i 1 l\u00f8sning sikrer en behagelig ferie overalt.<\/p>\n<p><strong>Alsidig og praktisk i enhver situation<\/strong><\/p>\n<p>Dette alsidige produkt er velegnet til enhver lejlighed, inklusive b\u00f8rns hverdag. Uanset om det er at slappe af derhjemme efter skole eller p\u00e5 rejse &#8211; dette produkt tilbyder pr\u00e6cis, hvad dit barn har brug for til enhver tid. Kompakt og nem at bruge, den er ogs\u00e5 perfekt til camping, ferier og endda bilture. Dette produkt giver varme og komfort til b\u00f8rn, hvor end de har brug for det.<\/p>\n<p><strong>Nem at bruge og vedligeholde<\/strong><\/p>\n<p>2 i 1 b\u00f8rnepuden og t\u00e6ppet er lavet af de bedste materialer for at sikre langvarig holdbarhed. Den er designet til at v\u00e6re nem ikke kun at bruge, men ogs\u00e5 at vedligeholde. For familier med b\u00f8rn, hvor hurtighed og enkelhed er vigtigt, tilbyder dette produkt stor komfort og praktisk anvendelighed. Takket v\u00e6re den nemme pleje kan den let vaskes for at sikre hygiejne og friskhed i daglig brug.<\/p>\n<p><strong>Den perfekte rejseledsager og hjemmetilskud til b\u00f8rn<\/strong><\/p>\n<p>Denne 2 i 1 pude og t\u00e6ppe er den ideelle rejseledsager, da den er let, kompakt og praktisk. Tag den med dig til enhver tid for at sikre afslapning og varme til b\u00f8rn til enhver tid. Derhjemme vil det perfekt komplementere b\u00f8rnev\u00e6relset og give perfekt komfort for hver bruger. Uanset om du rejser eller slapper af derhjemme &#8211; 2 i 1 puden og t\u00e6ppet vil g\u00f8re hvert \u00f8jeblik mere behageligt, og v\u00e6re den perfekte ledsager til hvert lille eventyr.<\/p>\n","protected":false},"excerpt":{"rendered":"<ul>\n<li>Materiale: Koral fleece<\/li>\n<li>St\u00f8rrelse: 40&#215;40 cm \u2013 \u00e5bnet 105&#215;155 cm<\/li>\n<li>V\u00e6gt: 1,1 kg<\/li>\n<\/ul>\n","protected":false},"featured_media":69300,"comment_status":"open","ping_status":"closed","template":"","meta":[],"product_brand":[],"product_cat":[2209,2231],"product_tag":[],"class_list":{"0":"post-69126","1":"product","2":"type-product","3":"status-publish","4":"has-post-thumbnail","6":"product_cat-bornenes-verden","7":"product_cat-bornetaepper","9":"first","10":"instock","11":"shipping-taxable","12":"purchasable","13":"product-type-variable"},"yoast_head":"<!-- This site is optimized with the Yoast SEO plugin v27.3 - https:\/\/yoast.com\/product\/yoast-seo-wordpress\/ -->\n<title>Pude t\u00e6ppe 2 i 1 | AZTEX<\/title>\n<meta name=\"description\" content=\"2-i-1 b\u00f8rnepude og -t\u00e6ppet er en kompakt, h\u00f8jkvalitets og pladsbesparende l\u00f8sning, der er ideel til at slappe af derhjemme eller p\u00e5 rejsen.\" \/>\n<meta name=\"robots\" content=\"index, follow, max-snippet:-1, max-image-preview:large, max-video-preview:-1\" \/>\n<link rel=\"canonical\" href=\"https:\/\/aztex.ee\/da\/pood\/bornenes-verden\/pude-taeppe-2-i-1\/\" \/>\n<meta property=\"og:locale\" content=\"da_DK\" \/>\n<meta property=\"og:type\" content=\"article\" \/>\n<meta property=\"og:title\" content=\"Pude t\u00e6ppe 2 i 1 | AZTEX\" \/>\n<meta property=\"og:description\" content=\"2-i-1 b\u00f8rnepude og -t\u00e6ppet er en kompakt, h\u00f8jkvalitets og pladsbesparende l\u00f8sning, der er ideel til at slappe af derhjemme eller p\u00e5 rejsen.\" \/>\n<meta property=\"og:url\" content=\"https:\/\/aztex.ee\/da\/pood\/bornenes-verden\/pude-taeppe-2-i-1\/\" \/>\n<meta property=\"og:site_name\" content=\"AZTEX\" \/>\n<meta property=\"article:publisher\" content=\"https:\/\/www.facebook.com\/AztexEE\" \/>\n<meta property=\"article:modified_time\" content=\"2026-03-27T14:59:29+00:00\" \/>\n<meta property=\"og:image\" content=\"https:\/\/aztex.ee\/wp-content\/uploads\/2025\/03\/Padi-ja-tekk-2-in-1.jpg\" \/>\n\t<meta property=\"og:image:width\" content=\"800\" \/>\n\t<meta property=\"og:image:height\" content=\"800\" \/>\n\t<meta property=\"og:image:type\" content=\"image\/jpeg\" \/>\n<meta name=\"twitter:card\" content=\"summary_large_image\" \/>\n<meta name=\"twitter:label1\" content=\"Estimeret l\u00e6setid\" \/>\n\t<meta name=\"twitter:data1\" content=\"3 minutter\" \/>\n<script type=\"application\/ld+json\" class=\"yoast-schema-graph\">{\"@context\":\"https:\\\/\\\/schema.org\",\"@graph\":[{\"@type\":[\"WebPage\",\"ItemPage\"],\"@id\":\"https:\\\/\\\/aztex.ee\\\/da\\\/pood\\\/bornenes-verden\\\/pude-taeppe-2-i-1\\\/\",\"url\":\"https:\\\/\\\/aztex.ee\\\/da\\\/pood\\\/bornenes-verden\\\/pude-taeppe-2-i-1\\\/\",\"name\":\"Pude t\u00e6ppe 2 i 1 | AZTEX\",\"isPartOf\":{\"@id\":\"https:\\\/\\\/aztex.ee\\\/da\\\/#website\"},\"primaryImageOfPage\":{\"@id\":\"https:\\\/\\\/aztex.ee\\\/da\\\/pood\\\/bornenes-verden\\\/pude-taeppe-2-i-1\\\/#primaryimage\"},\"image\":{\"@id\":\"https:\\\/\\\/aztex.ee\\\/da\\\/pood\\\/bornenes-verden\\\/pude-taeppe-2-i-1\\\/#primaryimage\"},\"thumbnailUrl\":\"https:\\\/\\\/aztex.ee\\\/wp-content\\\/uploads\\\/2025\\\/03\\\/Padi-ja-tekk-2-in-1.jpg\",\"datePublished\":\"2025-03-20T07:14:30+00:00\",\"dateModified\":\"2026-03-27T14:59:29+00:00\",\"description\":\"2-i-1 b\u00f8rnepude og -t\u00e6ppet er en kompakt, h\u00f8jkvalitets og pladsbesparende l\u00f8sning, der er ideel til at slappe af derhjemme eller p\u00e5 rejsen.\",\"breadcrumb\":{\"@id\":\"https:\\\/\\\/aztex.ee\\\/da\\\/pood\\\/bornenes-verden\\\/pude-taeppe-2-i-1\\\/#breadcrumb\"},\"inLanguage\":\"da-DK\",\"potentialAction\":[{\"@type\":\"ReadAction\",\"target\":[\"https:\\\/\\\/aztex.ee\\\/da\\\/pood\\\/bornenes-verden\\\/pude-taeppe-2-i-1\\\/\"]}]},{\"@type\":\"ImageObject\",\"inLanguage\":\"da-DK\",\"@id\":\"https:\\\/\\\/aztex.ee\\\/da\\\/pood\\\/bornenes-verden\\\/pude-taeppe-2-i-1\\\/#primaryimage\",\"url\":\"https:\\\/\\\/aztex.ee\\\/wp-content\\\/uploads\\\/2025\\\/03\\\/Padi-ja-tekk-2-in-1.jpg\",\"contentUrl\":\"https:\\\/\\\/aztex.ee\\\/wp-content\\\/uploads\\\/2025\\\/03\\\/Padi-ja-tekk-2-in-1.jpg\",\"width\":800,\"height\":800,\"caption\":\"Padi ja tekk 2 in 1\"},{\"@type\":\"BreadcrumbList\",\"@id\":\"https:\\\/\\\/aztex.ee\\\/da\\\/pood\\\/bornenes-verden\\\/pude-taeppe-2-i-1\\\/#breadcrumb\",\"itemListElement\":[{\"@type\":\"ListItem\",\"position\":1,\"name\":\"Forside\",\"item\":\"https:\\\/\\\/aztex.ee\\\/da\\\/\"},{\"@type\":\"ListItem\",\"position\":2,\"name\":\"Butik\",\"item\":\"https:\\\/\\\/aztex.ee\\\/da\\\/butik\\\/\"},{\"@type\":\"ListItem\",\"position\":3,\"name\":\"Pude t\u00e6ppe 2 i 1\"}]},{\"@type\":\"WebSite\",\"@id\":\"https:\\\/\\\/aztex.ee\\\/da\\\/#website\",\"url\":\"https:\\\/\\\/aztex.ee\\\/da\\\/\",\"name\":\"AZTEX\",\"description\":\"\",\"publisher\":{\"@id\":\"https:\\\/\\\/aztex.ee\\\/da\\\/#organization\"},\"potentialAction\":[{\"@type\":\"SearchAction\",\"target\":{\"@type\":\"EntryPoint\",\"urlTemplate\":\"https:\\\/\\\/aztex.ee\\\/da\\\/?s={search_term_string}\"},\"query-input\":{\"@type\":\"PropertyValueSpecification\",\"valueRequired\":true,\"valueName\":\"search_term_string\"}}],\"inLanguage\":\"da-DK\"},{\"@type\":\"Organization\",\"@id\":\"https:\\\/\\\/aztex.ee\\\/da\\\/#organization\",\"name\":\"AZTEX\",\"url\":\"https:\\\/\\\/aztex.ee\\\/da\\\/\",\"logo\":{\"@type\":\"ImageObject\",\"inLanguage\":\"da-DK\",\"@id\":\"https:\\\/\\\/aztex.ee\\\/da\\\/#\\\/schema\\\/logo\\\/image\\\/\",\"url\":\"https:\\\/\\\/aztex.ee\\\/wp-content\\\/uploads\\\/2026\\\/01\\\/AZTEX.png\",\"contentUrl\":\"https:\\\/\\\/aztex.ee\\\/wp-content\\\/uploads\\\/2026\\\/01\\\/AZTEX.png\",\"width\":500,\"height\":500,\"caption\":\"AZTEX\"},\"image\":{\"@id\":\"https:\\\/\\\/aztex.ee\\\/da\\\/#\\\/schema\\\/logo\\\/image\\\/\"},\"sameAs\":[\"https:\\\/\\\/www.facebook.com\\\/AztexEE\",\"https:\\\/\\\/www.instagram.com\\\/aztexeesti\\\/\",\"https:\\\/\\\/www.youtube.com\\\/@AZTEXEE\",\"https:\\\/\\\/www.pinterest.com\\\/aztex_eesti\\\/\",\"https:\\\/\\\/www.tiktok.com\\\/@aztexeesti\",\"https:\\\/\\\/www.trustpilot.com\\\/review\\\/aztex.ee\",\"https:\\\/\\\/www.linkedin.com\\\/company\\\/aztex-ee\\\/\",\"https:\\\/\\\/www.wikidata.org\\\/wiki\\\/Q137560182\"]}]}<\/script>\n<!-- \/ Yoast SEO plugin. -->","yoast_head_json":{"title":"Pude t\u00e6ppe 2 i 1 | AZTEX","description":"2-i-1 b\u00f8rnepude og -t\u00e6ppet er en kompakt, h\u00f8jkvalitets og pladsbesparende l\u00f8sning, der er ideel til at slappe af derhjemme eller p\u00e5 rejsen.","robots":{"index":"index","follow":"follow","max-snippet":"max-snippet:-1","max-image-preview":"max-image-preview:large","max-video-preview":"max-video-preview:-1"},"canonical":"https:\/\/aztex.ee\/da\/pood\/bornenes-verden\/pude-taeppe-2-i-1\/","og_locale":"da_DK","og_type":"article","og_title":"Pude t\u00e6ppe 2 i 1 | AZTEX","og_description":"2-i-1 b\u00f8rnepude og -t\u00e6ppet er en kompakt, h\u00f8jkvalitets og pladsbesparende l\u00f8sning, der er ideel til at slappe af derhjemme eller p\u00e5 rejsen.","og_url":"https:\/\/aztex.ee\/da\/pood\/bornenes-verden\/pude-taeppe-2-i-1\/","og_site_name":"AZTEX","article_publisher":"https:\/\/www.facebook.com\/AztexEE","article_modified_time":"2026-03-27T14:59:29+00:00","og_image":[{"width":800,"height":800,"url":"https:\/\/aztex.ee\/wp-content\/uploads\/2025\/03\/Padi-ja-tekk-2-in-1.jpg","type":"image\/jpeg"}],"twitter_card":"summary_large_image","twitter_misc":{"Estimeret l\u00e6setid":"3 minutter"},"schema":{"@context":"https:\/\/schema.org","@graph":[{"@type":["WebPage","ItemPage"],"@id":"https:\/\/aztex.ee\/da\/pood\/bornenes-verden\/pude-taeppe-2-i-1\/","url":"https:\/\/aztex.ee\/da\/pood\/bornenes-verden\/pude-taeppe-2-i-1\/","name":"Pude t\u00e6ppe 2 i 1 | AZTEX","isPartOf":{"@id":"https:\/\/aztex.ee\/da\/#website"},"primaryImageOfPage":{"@id":"https:\/\/aztex.ee\/da\/pood\/bornenes-verden\/pude-taeppe-2-i-1\/#primaryimage"},"image":{"@id":"https:\/\/aztex.ee\/da\/pood\/bornenes-verden\/pude-taeppe-2-i-1\/#primaryimage"},"thumbnailUrl":"https:\/\/aztex.ee\/wp-content\/uploads\/2025\/03\/Padi-ja-tekk-2-in-1.jpg","datePublished":"2025-03-20T07:14:30+00:00","dateModified":"2026-03-27T14:59:29+00:00","description":"2-i-1 b\u00f8rnepude og -t\u00e6ppet er en kompakt, h\u00f8jkvalitets og pladsbesparende l\u00f8sning, der er ideel til at slappe af derhjemme eller p\u00e5 rejsen.","breadcrumb":{"@id":"https:\/\/aztex.ee\/da\/pood\/bornenes-verden\/pude-taeppe-2-i-1\/#breadcrumb"},"inLanguage":"da-DK","potentialAction":[{"@type":"ReadAction","target":["https:\/\/aztex.ee\/da\/pood\/bornenes-verden\/pude-taeppe-2-i-1\/"]}]},{"@type":"ImageObject","inLanguage":"da-DK","@id":"https:\/\/aztex.ee\/da\/pood\/bornenes-verden\/pude-taeppe-2-i-1\/#primaryimage","url":"https:\/\/aztex.ee\/wp-content\/uploads\/2025\/03\/Padi-ja-tekk-2-in-1.jpg","contentUrl":"https:\/\/aztex.ee\/wp-content\/uploads\/2025\/03\/Padi-ja-tekk-2-in-1.jpg","width":800,"height":800,"caption":"Padi ja tekk 2 in 1"},{"@type":"BreadcrumbList","@id":"https:\/\/aztex.ee\/da\/pood\/bornenes-verden\/pude-taeppe-2-i-1\/#breadcrumb","itemListElement":[{"@type":"ListItem","position":1,"name":"Forside","item":"https:\/\/aztex.ee\/da\/"},{"@type":"ListItem","position":2,"name":"Butik","item":"https:\/\/aztex.ee\/da\/butik\/"},{"@type":"ListItem","position":3,"name":"Pude t\u00e6ppe 2 i 1"}]},{"@type":"WebSite","@id":"https:\/\/aztex.ee\/da\/#website","url":"https:\/\/aztex.ee\/da\/","name":"AZTEX","description":"","publisher":{"@id":"https:\/\/aztex.ee\/da\/#organization"},"potentialAction":[{"@type":"SearchAction","target":{"@type":"EntryPoint","urlTemplate":"https:\/\/aztex.ee\/da\/?s={search_term_string}"},"query-input":{"@type":"PropertyValueSpecification","valueRequired":true,"valueName":"search_term_string"}}],"inLanguage":"da-DK"},{"@type":"Organization","@id":"https:\/\/aztex.ee\/da\/#organization","name":"AZTEX","url":"https:\/\/aztex.ee\/da\/","logo":{"@type":"ImageObject","inLanguage":"da-DK","@id":"https:\/\/aztex.ee\/da\/#\/schema\/logo\/image\/","url":"https:\/\/aztex.ee\/wp-content\/uploads\/2026\/01\/AZTEX.png","contentUrl":"https:\/\/aztex.ee\/wp-content\/uploads\/2026\/01\/AZTEX.png","width":500,"height":500,"caption":"AZTEX"},"image":{"@id":"https:\/\/aztex.ee\/da\/#\/schema\/logo\/image\/"},"sameAs":["https:\/\/www.facebook.com\/AztexEE","https:\/\/www.instagram.com\/aztexeesti\/","https:\/\/www.youtube.com\/@AZTEXEE","https:\/\/www.pinterest.com\/aztex_eesti\/","https:\/\/www.tiktok.com\/@aztexeesti","https:\/\/www.trustpilot.com\/review\/aztex.ee","https:\/\/www.linkedin.com\/company\/aztex-ee\/","https:\/\/www.wikidata.org\/wiki\/Q137560182"]}]}},"_links":{"self":[{"href":"https:\/\/aztex.ee\/da\/wp-json\/wp\/v2\/product\/69126","targetHints":{"allow":["GET"]}}],"collection":[{"href":"https:\/\/aztex.ee\/da\/wp-json\/wp\/v2\/product"}],"about":[{"href":"https:\/\/aztex.ee\/da\/wp-json\/wp\/v2\/types\/product"}],"replies":[{"embeddable":true,"href":"https:\/\/aztex.ee\/da\/wp-json\/wp\/v2\/comments?post=69126"}],"version-history":[{"count":0,"href":"https:\/\/aztex.ee\/da\/wp-json\/wp\/v2\/product\/69126\/revisions"}],"wp:featuredmedia":[{"embeddable":true,"href":"https:\/\/aztex.ee\/da\/wp-json\/wp\/v2\/media\/69300"}],"wp:attachment":[{"href":"https:\/\/aztex.ee\/da\/wp-json\/wp\/v2\/media?parent=69126"}],"wp:term":[{"taxonomy":"product_brand","embeddable":true,"href":"https:\/\/aztex.ee\/da\/wp-json\/wp\/v2\/product_brand?post=69126"},{"taxonomy":"product_cat","embeddable":true,"href":"https:\/\/aztex.ee\/da\/wp-json\/wp\/v2\/product_cat?post=69126"},{"taxonomy":"product_tag","embeddable":true,"href":"https:\/\/aztex.ee\/da\/wp-json\/wp\/v2\/product_tag?post=69126"}],"curies":[{"name":"wp","href":"https:\/\/api.w.org\/{rel}","templated":true}]}}