{"id":64371,"date":"2025-03-08T22:43:38","date_gmt":"2025-03-08T22:43:38","guid":{"rendered":"https:\/\/aztex.ee\/?post_type=product&#038;p=64371"},"modified":"2025-03-09T19:09:46","modified_gmt":"2025-03-09T19:09:46","slug":"tencel-sengesaet-lysegroen","status":"publish","type":"product","link":"https:\/\/aztex.ee\/da\/pood\/sengetoej\/tencel-sengesaet-lysegroen\/","title":{"rendered":"Tencel senges\u00e6t | Lysegr\u00f8n"},"content":{"rendered":"<p><strong>Luksuri\u00f8st Eucalyptus Tencel senges\u00e6t \u2013 silkebl\u00f8dt, \u00e5ndbart og us\u00e6dvanligt behageligt<\/strong><\/p>\n<p><strong>Ekstraordin\u00e6r komfort og kvalitet<\/strong><br \/>\nTencel-senges\u00e6ttet er designet til at sikre den mest afslappende og genoprettende s\u00f8vn og tilbyder enest\u00e5ende komfort og kvalitet. Den er lavet af Tencel-stof, som er afledt af eukalyptustr\u00e6et, som er kendt for sin silkebl\u00f8dhed, \u00e5ndbarhed og fugttransporterende egenskaber. Tencel senget\u00f8j holder dig k\u00f8lig om sommeren og varm om vinteren, s\u00e5 din s\u00f8vn hele tiden er forfriskende og genopbyggende.<\/p>\n<p><strong>Luksuri\u00f8s tekstur og elegant udseende<\/strong><br \/>\nStoffet er glat, delikat og behageligt p\u00e5 huden, hvilket giver en virkelig luksuri\u00f8s oplevelse under s\u00f8vn. Tencel senget\u00f8j drapererer smukt og giver sengen et elegant og indbydende udtryk, hvilket g\u00f8r sovev\u00e6relset til et stilfuldt sted. Luftigheden og letheden er med til at sikre konstant luftbev\u00e6gelse for at forhindre nattesved og holde senget\u00f8jet altid friskt.<\/p>\n<p><strong>Holdbarhed og holdbarhed<\/strong><br \/>\nTencel senget\u00f8j er slidst\u00e6rkt og langtidsholdbart \u2013 selv efter flere vaske bevarer det sin bl\u00f8dhed, smukke drapering og kvalitet. At g\u00e5 i seng hver nat bliver en sand forn\u00f8jelse, da senget\u00f8jet forbliver frisk og behageligt, hvilket giver den bedste soveoplevelse.<\/p>\n<p><strong>Det ideelle valg for elskere af natur og komfort<\/strong><br \/>\nTencel senges\u00e6t er det ideelle valg for dem, der s\u00e6tter pris p\u00e5 naturlige materialer og \u00f8nsker at nyde h\u00f8jere kvalitet, luksuri\u00f8s komfort og perfekt s\u00f8vn.<\/p>\n","protected":false},"excerpt":{"rendered":"<p>100% \u00f8kologisk eucalyptus Tencel senget\u00f8j er us\u00e6dvanligt bl\u00f8dt, \u00e5ndbart og luksuri\u00f8st.<\/p>\n<ul>\n<li>Materiale: 100% Tencel<\/li>\n<li>Tr\u00e5dantal: 60S \/ 300TC<\/li>\n<li>Dynebetr\u00e6k: 200\u00d7220 cm<\/li>\n<li>Pudebetr\u00e6k: 50\u00d770 cm (2 stk.)<\/li>\n<li>Lagen: 220\u00d7240 cm<\/li>\n<\/ul>\n<p><img loading=\"lazy\" decoding=\"async\" class=\"alignnone wp-image-63145\" src=\"https:\/\/aztex.ee\/wp-content\/uploads\/2025\/03\/tencel-certified-400x129.png\" alt=\"\" width=\"131\" height=\"42\" srcset=\"https:\/\/aztex.ee\/wp-content\/uploads\/2025\/03\/tencel-certified-400x129.png 400w, https:\/\/aztex.ee\/wp-content\/uploads\/2025\/03\/tencel-certified-430x139.png 430w, https:\/\/aztex.ee\/wp-content\/uploads\/2025\/03\/tencel-certified-150x49.png 150w, https:\/\/aztex.ee\/wp-content\/uploads\/2025\/03\/tencel-certified.png 516w\" sizes=\"auto, (max-width: 131px) 100vw, 131px\" \/><img loading=\"lazy\" decoding=\"async\" class=\"alignnone wp-image-63168\" src=\"https:\/\/aztex.ee\/wp-content\/uploads\/2025\/03\/oeko-tex-standard-100.png\" alt=\"\" width=\"130\" height=\"43\" srcset=\"https:\/\/aztex.ee\/wp-content\/uploads\/2025\/03\/oeko-tex-standard-100.png 200w, https:\/\/aztex.ee\/wp-content\/uploads\/2025\/03\/oeko-tex-standard-100-150x50.png 150w\" sizes=\"auto, (max-width: 130px) 100vw, 130px\" \/><\/p>\n<p>Tencel senget\u00f8j er pakket i en taske lavet af samme Tencel stof, som tilf\u00f8jer ekstra elegance til produktet og g\u00f8r det endnu mere specielt.<\/p>\n","protected":false},"featured_media":64396,"comment_status":"open","ping_status":"closed","template":"","meta":[],"product_brand":[],"product_cat":[130,495,177,4557],"product_tag":[],"class_list":{"0":"post-64371","1":"product","2":"type-product","3":"status-publish","4":"has-post-thumbnail","6":"product_cat-sengetoej","7":"product_cat-sengetoj-saet","8":"product_cat-tencel-sengetoej","9":"product_cat-tencel-sengetoj-saet","11":"first","12":"outofstock","13":"shipping-taxable","14":"purchasable","15":"product-type-simple"},"yoast_head":"<!-- This site is optimized with the Yoast SEO plugin v27.4 - https:\/\/yoast.com\/product\/yoast-seo-wordpress\/ -->\n<title>Tencel senges\u00e6t - Lysegr\u00f8n | AZTEX<\/title>\n<meta name=\"description\" content=\"Luksuri\u00f8st Lysegr\u00f8n Tencel senget\u00f8j er silkebl\u00f8dt, \u00e5ndbart og sk\u00e5nsomt mod huden. Dens lette og glatte tekstur sikrer en frisk og behagelig\" \/>\n<meta name=\"robots\" content=\"index, follow, max-snippet:-1, max-image-preview:large, max-video-preview:-1\" \/>\n<link rel=\"canonical\" href=\"https:\/\/aztex.ee\/da\/pood\/sengetoej\/tencel-sengesaet-lysegroen\/\" \/>\n<meta property=\"og:locale\" content=\"da_DK\" \/>\n<meta property=\"og:type\" content=\"article\" \/>\n<meta property=\"og:title\" content=\"Tencel senges\u00e6t - Lysegr\u00f8n | AZTEX\" \/>\n<meta property=\"og:description\" content=\"Luksuri\u00f8st Lysegr\u00f8n Tencel senget\u00f8j er silkebl\u00f8dt, \u00e5ndbart og sk\u00e5nsomt mod huden. Dens lette og glatte tekstur sikrer en frisk og behagelig\" \/>\n<meta property=\"og:url\" content=\"https:\/\/aztex.ee\/da\/pood\/sengetoej\/tencel-sengesaet-lysegroen\/\" \/>\n<meta property=\"og:site_name\" content=\"AZTEX\" \/>\n<meta property=\"article:publisher\" content=\"https:\/\/www.facebook.com\/AztexEE\" \/>\n<meta property=\"article:modified_time\" content=\"2025-03-09T19:09:46+00:00\" \/>\n<meta property=\"og:image\" content=\"https:\/\/aztex.ee\/wp-content\/uploads\/2025\/03\/Tencel-voodipesukomplekt-Heleroheline.jpg\" \/>\n\t<meta property=\"og:image:width\" content=\"800\" \/>\n\t<meta property=\"og:image:height\" content=\"800\" \/>\n\t<meta property=\"og:image:type\" content=\"image\/jpeg\" \/>\n<meta name=\"twitter:card\" content=\"summary_large_image\" \/>\n<meta name=\"twitter:label1\" content=\"Estimeret l\u00e6setid\" \/>\n\t<meta name=\"twitter:data1\" content=\"2 minutter\" \/>\n<script type=\"application\/ld+json\" class=\"yoast-schema-graph\">{\"@context\":\"https:\\\/\\\/schema.org\",\"@graph\":[{\"@type\":[\"WebPage\",\"ItemPage\"],\"@id\":\"https:\\\/\\\/aztex.ee\\\/da\\\/pood\\\/sengetoej\\\/tencel-sengesaet-lysegroen\\\/\",\"url\":\"https:\\\/\\\/aztex.ee\\\/da\\\/pood\\\/sengetoej\\\/tencel-sengesaet-lysegroen\\\/\",\"name\":\"Tencel senges\u00e6t - Lysegr\u00f8n | AZTEX\",\"isPartOf\":{\"@id\":\"https:\\\/\\\/aztex.ee\\\/da\\\/#website\"},\"primaryImageOfPage\":{\"@id\":\"https:\\\/\\\/aztex.ee\\\/da\\\/pood\\\/sengetoej\\\/tencel-sengesaet-lysegroen\\\/#primaryimage\"},\"image\":{\"@id\":\"https:\\\/\\\/aztex.ee\\\/da\\\/pood\\\/sengetoej\\\/tencel-sengesaet-lysegroen\\\/#primaryimage\"},\"thumbnailUrl\":\"https:\\\/\\\/aztex.ee\\\/wp-content\\\/uploads\\\/2025\\\/03\\\/Tencel-voodipesukomplekt-Heleroheline.jpg\",\"datePublished\":\"2025-03-08T22:43:38+00:00\",\"dateModified\":\"2025-03-09T19:09:46+00:00\",\"description\":\"Luksuri\u00f8st Lysegr\u00f8n Tencel senget\u00f8j er silkebl\u00f8dt, \u00e5ndbart og sk\u00e5nsomt mod huden. Dens lette og glatte tekstur sikrer en frisk og behagelig\",\"breadcrumb\":{\"@id\":\"https:\\\/\\\/aztex.ee\\\/da\\\/pood\\\/sengetoej\\\/tencel-sengesaet-lysegroen\\\/#breadcrumb\"},\"inLanguage\":\"da-DK\",\"potentialAction\":[{\"@type\":\"ReadAction\",\"target\":[\"https:\\\/\\\/aztex.ee\\\/da\\\/pood\\\/sengetoej\\\/tencel-sengesaet-lysegroen\\\/\"]}]},{\"@type\":\"ImageObject\",\"inLanguage\":\"da-DK\",\"@id\":\"https:\\\/\\\/aztex.ee\\\/da\\\/pood\\\/sengetoej\\\/tencel-sengesaet-lysegroen\\\/#primaryimage\",\"url\":\"https:\\\/\\\/aztex.ee\\\/wp-content\\\/uploads\\\/2025\\\/03\\\/Tencel-voodipesukomplekt-Heleroheline.jpg\",\"contentUrl\":\"https:\\\/\\\/aztex.ee\\\/wp-content\\\/uploads\\\/2025\\\/03\\\/Tencel-voodipesukomplekt-Heleroheline.jpg\",\"width\":800,\"height\":800,\"caption\":\"Tencel voodipesukomplekt Heleroheline\"},{\"@type\":\"BreadcrumbList\",\"@id\":\"https:\\\/\\\/aztex.ee\\\/da\\\/pood\\\/sengetoej\\\/tencel-sengesaet-lysegroen\\\/#breadcrumb\",\"itemListElement\":[{\"@type\":\"ListItem\",\"position\":1,\"name\":\"Forside\",\"item\":\"https:\\\/\\\/aztex.ee\\\/da\\\/\"},{\"@type\":\"ListItem\",\"position\":2,\"name\":\"Butik\",\"item\":\"https:\\\/\\\/aztex.ee\\\/da\\\/butik\\\/\"},{\"@type\":\"ListItem\",\"position\":3,\"name\":\"Tencel senges\u00e6t | Lysegr\u00f8n\"}]},{\"@type\":\"WebSite\",\"@id\":\"https:\\\/\\\/aztex.ee\\\/da\\\/#website\",\"url\":\"https:\\\/\\\/aztex.ee\\\/da\\\/\",\"name\":\"AZTEX\",\"description\":\"\",\"publisher\":{\"@id\":\"https:\\\/\\\/aztex.ee\\\/da\\\/#organization\"},\"potentialAction\":[{\"@type\":\"SearchAction\",\"target\":{\"@type\":\"EntryPoint\",\"urlTemplate\":\"https:\\\/\\\/aztex.ee\\\/da\\\/?s={search_term_string}\"},\"query-input\":{\"@type\":\"PropertyValueSpecification\",\"valueRequired\":true,\"valueName\":\"search_term_string\"}}],\"inLanguage\":\"da-DK\"},{\"@type\":\"Organization\",\"@id\":\"https:\\\/\\\/aztex.ee\\\/da\\\/#organization\",\"name\":\"AZTEX\",\"url\":\"https:\\\/\\\/aztex.ee\\\/da\\\/\",\"logo\":{\"@type\":\"ImageObject\",\"inLanguage\":\"da-DK\",\"@id\":\"https:\\\/\\\/aztex.ee\\\/da\\\/#\\\/schema\\\/logo\\\/image\\\/\",\"url\":\"https:\\\/\\\/aztex.ee\\\/wp-content\\\/uploads\\\/2026\\\/01\\\/AZTEX.png\",\"contentUrl\":\"https:\\\/\\\/aztex.ee\\\/wp-content\\\/uploads\\\/2026\\\/01\\\/AZTEX.png\",\"width\":500,\"height\":500,\"caption\":\"AZTEX\"},\"image\":{\"@id\":\"https:\\\/\\\/aztex.ee\\\/da\\\/#\\\/schema\\\/logo\\\/image\\\/\"},\"sameAs\":[\"https:\\\/\\\/www.facebook.com\\\/AztexEE\",\"https:\\\/\\\/www.instagram.com\\\/aztexeesti\\\/\",\"https:\\\/\\\/www.youtube.com\\\/@AZTEXEE\",\"https:\\\/\\\/www.pinterest.com\\\/aztex_eesti\\\/\",\"https:\\\/\\\/www.tiktok.com\\\/@aztexeesti\",\"https:\\\/\\\/www.trustpilot.com\\\/review\\\/aztex.ee\",\"https:\\\/\\\/www.linkedin.com\\\/company\\\/aztex-ee\\\/\",\"https:\\\/\\\/www.wikidata.org\\\/wiki\\\/Q137560182\"]}]}<\/script>\n<!-- \/ Yoast SEO plugin. -->","yoast_head_json":{"title":"Tencel senges\u00e6t - Lysegr\u00f8n | AZTEX","description":"Luksuri\u00f8st Lysegr\u00f8n Tencel senget\u00f8j er silkebl\u00f8dt, \u00e5ndbart og sk\u00e5nsomt mod huden. Dens lette og glatte tekstur sikrer en frisk og behagelig","robots":{"index":"index","follow":"follow","max-snippet":"max-snippet:-1","max-image-preview":"max-image-preview:large","max-video-preview":"max-video-preview:-1"},"canonical":"https:\/\/aztex.ee\/da\/pood\/sengetoej\/tencel-sengesaet-lysegroen\/","og_locale":"da_DK","og_type":"article","og_title":"Tencel senges\u00e6t - Lysegr\u00f8n | AZTEX","og_description":"Luksuri\u00f8st Lysegr\u00f8n Tencel senget\u00f8j er silkebl\u00f8dt, \u00e5ndbart og sk\u00e5nsomt mod huden. Dens lette og glatte tekstur sikrer en frisk og behagelig","og_url":"https:\/\/aztex.ee\/da\/pood\/sengetoej\/tencel-sengesaet-lysegroen\/","og_site_name":"AZTEX","article_publisher":"https:\/\/www.facebook.com\/AztexEE","article_modified_time":"2025-03-09T19:09:46+00:00","og_image":[{"width":800,"height":800,"url":"https:\/\/aztex.ee\/wp-content\/uploads\/2025\/03\/Tencel-voodipesukomplekt-Heleroheline.jpg","type":"image\/jpeg"}],"twitter_card":"summary_large_image","twitter_misc":{"Estimeret l\u00e6setid":"2 minutter"},"schema":{"@context":"https:\/\/schema.org","@graph":[{"@type":["WebPage","ItemPage"],"@id":"https:\/\/aztex.ee\/da\/pood\/sengetoej\/tencel-sengesaet-lysegroen\/","url":"https:\/\/aztex.ee\/da\/pood\/sengetoej\/tencel-sengesaet-lysegroen\/","name":"Tencel senges\u00e6t - Lysegr\u00f8n | AZTEX","isPartOf":{"@id":"https:\/\/aztex.ee\/da\/#website"},"primaryImageOfPage":{"@id":"https:\/\/aztex.ee\/da\/pood\/sengetoej\/tencel-sengesaet-lysegroen\/#primaryimage"},"image":{"@id":"https:\/\/aztex.ee\/da\/pood\/sengetoej\/tencel-sengesaet-lysegroen\/#primaryimage"},"thumbnailUrl":"https:\/\/aztex.ee\/wp-content\/uploads\/2025\/03\/Tencel-voodipesukomplekt-Heleroheline.jpg","datePublished":"2025-03-08T22:43:38+00:00","dateModified":"2025-03-09T19:09:46+00:00","description":"Luksuri\u00f8st Lysegr\u00f8n Tencel senget\u00f8j er silkebl\u00f8dt, \u00e5ndbart og sk\u00e5nsomt mod huden. Dens lette og glatte tekstur sikrer en frisk og behagelig","breadcrumb":{"@id":"https:\/\/aztex.ee\/da\/pood\/sengetoej\/tencel-sengesaet-lysegroen\/#breadcrumb"},"inLanguage":"da-DK","potentialAction":[{"@type":"ReadAction","target":["https:\/\/aztex.ee\/da\/pood\/sengetoej\/tencel-sengesaet-lysegroen\/"]}]},{"@type":"ImageObject","inLanguage":"da-DK","@id":"https:\/\/aztex.ee\/da\/pood\/sengetoej\/tencel-sengesaet-lysegroen\/#primaryimage","url":"https:\/\/aztex.ee\/wp-content\/uploads\/2025\/03\/Tencel-voodipesukomplekt-Heleroheline.jpg","contentUrl":"https:\/\/aztex.ee\/wp-content\/uploads\/2025\/03\/Tencel-voodipesukomplekt-Heleroheline.jpg","width":800,"height":800,"caption":"Tencel voodipesukomplekt Heleroheline"},{"@type":"BreadcrumbList","@id":"https:\/\/aztex.ee\/da\/pood\/sengetoej\/tencel-sengesaet-lysegroen\/#breadcrumb","itemListElement":[{"@type":"ListItem","position":1,"name":"Forside","item":"https:\/\/aztex.ee\/da\/"},{"@type":"ListItem","position":2,"name":"Butik","item":"https:\/\/aztex.ee\/da\/butik\/"},{"@type":"ListItem","position":3,"name":"Tencel senges\u00e6t | Lysegr\u00f8n"}]},{"@type":"WebSite","@id":"https:\/\/aztex.ee\/da\/#website","url":"https:\/\/aztex.ee\/da\/","name":"AZTEX","description":"","publisher":{"@id":"https:\/\/aztex.ee\/da\/#organization"},"potentialAction":[{"@type":"SearchAction","target":{"@type":"EntryPoint","urlTemplate":"https:\/\/aztex.ee\/da\/?s={search_term_string}"},"query-input":{"@type":"PropertyValueSpecification","valueRequired":true,"valueName":"search_term_string"}}],"inLanguage":"da-DK"},{"@type":"Organization","@id":"https:\/\/aztex.ee\/da\/#organization","name":"AZTEX","url":"https:\/\/aztex.ee\/da\/","logo":{"@type":"ImageObject","inLanguage":"da-DK","@id":"https:\/\/aztex.ee\/da\/#\/schema\/logo\/image\/","url":"https:\/\/aztex.ee\/wp-content\/uploads\/2026\/01\/AZTEX.png","contentUrl":"https:\/\/aztex.ee\/wp-content\/uploads\/2026\/01\/AZTEX.png","width":500,"height":500,"caption":"AZTEX"},"image":{"@id":"https:\/\/aztex.ee\/da\/#\/schema\/logo\/image\/"},"sameAs":["https:\/\/www.facebook.com\/AztexEE","https:\/\/www.instagram.com\/aztexeesti\/","https:\/\/www.youtube.com\/@AZTEXEE","https:\/\/www.pinterest.com\/aztex_eesti\/","https:\/\/www.tiktok.com\/@aztexeesti","https:\/\/www.trustpilot.com\/review\/aztex.ee","https:\/\/www.linkedin.com\/company\/aztex-ee\/","https:\/\/www.wikidata.org\/wiki\/Q137560182"]}]}},"_links":{"self":[{"href":"https:\/\/aztex.ee\/da\/wp-json\/wp\/v2\/product\/64371","targetHints":{"allow":["GET"]}}],"collection":[{"href":"https:\/\/aztex.ee\/da\/wp-json\/wp\/v2\/product"}],"about":[{"href":"https:\/\/aztex.ee\/da\/wp-json\/wp\/v2\/types\/product"}],"replies":[{"embeddable":true,"href":"https:\/\/aztex.ee\/da\/wp-json\/wp\/v2\/comments?post=64371"}],"version-history":[{"count":0,"href":"https:\/\/aztex.ee\/da\/wp-json\/wp\/v2\/product\/64371\/revisions"}],"wp:featuredmedia":[{"embeddable":true,"href":"https:\/\/aztex.ee\/da\/wp-json\/wp\/v2\/media\/64396"}],"wp:attachment":[{"href":"https:\/\/aztex.ee\/da\/wp-json\/wp\/v2\/media?parent=64371"}],"wp:term":[{"taxonomy":"product_brand","embeddable":true,"href":"https:\/\/aztex.ee\/da\/wp-json\/wp\/v2\/product_brand?post=64371"},{"taxonomy":"product_cat","embeddable":true,"href":"https:\/\/aztex.ee\/da\/wp-json\/wp\/v2\/product_cat?post=64371"},{"taxonomy":"product_tag","embeddable":true,"href":"https:\/\/aztex.ee\/da\/wp-json\/wp\/v2\/product_tag?post=64371"}],"curies":[{"name":"wp","href":"https:\/\/api.w.org\/{rel}","templated":true}]}}