{"id":60901,"date":"2025-02-26T10:54:14","date_gmt":"2025-02-26T10:54:14","guid":{"rendered":"https:\/\/aztex.ee\/?post_type=product&#038;p=60901"},"modified":"2026-04-30T16:47:04","modified_gmt":"2026-04-30T16:47:04","slug":"sherpa-taeppe","status":"publish","type":"product","link":"https:\/\/aztex.ee\/da\/pood\/plaider-taepper\/sherpa-taeppe\/","title":{"rendered":"Sherpa T\u00e6ppe 180&#215;200 cm"},"content":{"rendered":"<p><strong>Sherpa fleece t\u00e6ppe 180\u00d7200 cm \u2013 Bl\u00f8dhed og komfort til ethvert \u00f8jeblik<\/strong><\/p>\n<p>Sherpa Fleece t\u00e6ppet 180\u00d7200 cm tilbyder enest\u00e5ende bl\u00f8dhed og varme, hvilket g\u00f8r hverdagen meget mere behagelig. Dens bl\u00f8de tekstur og bl\u00f8de materiale skaber den perfekte hygge til at nyde afslappende \u00f8jeblikke. T\u00e6ppet er perfekt til b\u00e5de sovev\u00e6relset og stuen og giver en varm og behagelig oplevelse under alle forhold.<\/p>\n<p><strong>Stil og funktionalitet<\/strong><br \/>\nSherpa Fleece-t\u00e6ppet kan bruges som en elegant tilf\u00f8jelse til interi\u00f8ret eller som et praktisk t\u00e6ppe, der tilbyder den perfekte balance mellem stil og komfort. T\u00e6ppet har et klassisk og stilrent look, der passer ind i enhver boligindretning.<\/p>\n<p><strong>Alsidig og praktisk<\/strong><br \/>\nSherpa Fleece t\u00e6ppet er et godt valg til hverdagsbrug, da det er stort nok til at d\u00e6kke sengen eller bruge det p\u00e5 sofaen. Sherpa fleece t\u00e6pper er nemme at pleje og bevarer deres bl\u00f8dhed selv efter flere vaske, hvilket g\u00f8r dem til et praktisk valg til hverdagsbrug.<\/p>\n<p><strong>Perfekt gavevalg<\/strong><br \/>\nHvis du leder efter den perfekte gave til dine k\u00e6re, er et Sherpa fleece t\u00e6ppe et godt valg. Dens luksuri\u00f8se bl\u00f8dhed og funktionalitet g\u00f8r den til den perfekte gave til enhver lejlighed &#8211; hvad enten det er en f\u00f8dselsdag eller bare en dejlig overraskelse.<\/p>\n","protected":false},"excerpt":{"rendered":"<ul>\n<li>Materiale: Koral fleece<\/li>\n<li>St\u00f8rrelse: 180&#215;200 cm \u00b13<\/li>\n<li>V\u00e6gt: 1,4 kg<\/li>\n<\/ul>\n","protected":false},"featured_media":61084,"comment_status":"open","ping_status":"closed","template":"","meta":[],"product_brand":[],"product_cat":[1863,4464,4518],"product_tag":[],"class_list":{"0":"post-60901","1":"product","2":"type-product","3":"status-publish","4":"has-post-thumbnail","6":"product_cat-plaider-taepper","7":"product_cat-sherpa-fleece-taepper","8":"product_cat-sherpa-fleece-taepper-180x200-cm","10":"first","11":"instock","12":"shipping-taxable","13":"purchasable","14":"product-type-variable"},"yoast_head":"<!-- This site is optimized with the Yoast SEO plugin v27.6 - https:\/\/yoast.com\/product\/yoast-seo-wordpress\/ -->\n<title>Sherpa T\u00e6ppe 180x200 cm | AZTEX<\/title>\n<meta name=\"description\" content=\"Sherpa fleece t\u00e6ppe 180x200 cm er us\u00e6dvanligt bl\u00f8dt, behageligt varmt og luftigt. Et stilfuldt og praktisk interi\u00f8relement, der bringer varme til rummet\" \/>\n<meta name=\"robots\" content=\"index, follow, max-snippet:-1, max-image-preview:large, max-video-preview:-1\" \/>\n<link rel=\"canonical\" href=\"https:\/\/aztex.ee\/da\/pood\/plaider-taepper\/sherpa-taeppe\/\" \/>\n<meta property=\"og:locale\" content=\"da_DK\" \/>\n<meta property=\"og:type\" content=\"article\" \/>\n<meta property=\"og:title\" content=\"Sherpa T\u00e6ppe 180x200 cm | AZTEX\" \/>\n<meta property=\"og:description\" content=\"Sherpa fleece t\u00e6ppe 180x200 cm er us\u00e6dvanligt bl\u00f8dt, behageligt varmt og luftigt. Et stilfuldt og praktisk interi\u00f8relement, der bringer varme til rummet\" \/>\n<meta property=\"og:url\" content=\"https:\/\/aztex.ee\/da\/pood\/plaider-taepper\/sherpa-taeppe\/\" \/>\n<meta property=\"og:site_name\" content=\"AZTEX\" \/>\n<meta property=\"article:publisher\" content=\"https:\/\/www.facebook.com\/AztexEE\" \/>\n<meta property=\"article:modified_time\" content=\"2026-04-30T16:47:04+00:00\" \/>\n<meta property=\"og:image\" content=\"https:\/\/aztex.ee\/wp-content\/uploads\/2025\/02\/Sherpa-fliis-tekk-180x200-1.jpg\" \/>\n\t<meta property=\"og:image:width\" content=\"800\" \/>\n\t<meta property=\"og:image:height\" content=\"800\" \/>\n\t<meta property=\"og:image:type\" content=\"image\/jpeg\" \/>\n<meta name=\"twitter:card\" content=\"summary_large_image\" \/>\n<meta name=\"twitter:label1\" content=\"Estimeret l\u00e6setid\" \/>\n\t<meta name=\"twitter:data1\" content=\"2 minutter\" \/>\n<script type=\"application\/ld+json\" class=\"yoast-schema-graph\">{\"@context\":\"https:\\\/\\\/schema.org\",\"@graph\":[{\"@type\":[\"WebPage\",\"ItemPage\"],\"@id\":\"https:\\\/\\\/aztex.ee\\\/da\\\/pood\\\/plaider-taepper\\\/sherpa-taeppe\\\/\",\"url\":\"https:\\\/\\\/aztex.ee\\\/da\\\/pood\\\/plaider-taepper\\\/sherpa-taeppe\\\/\",\"name\":\"Sherpa T\u00e6ppe 180x200 cm | AZTEX\",\"isPartOf\":{\"@id\":\"https:\\\/\\\/aztex.ee\\\/da\\\/#website\"},\"primaryImageOfPage\":{\"@id\":\"https:\\\/\\\/aztex.ee\\\/da\\\/pood\\\/plaider-taepper\\\/sherpa-taeppe\\\/#primaryimage\"},\"image\":{\"@id\":\"https:\\\/\\\/aztex.ee\\\/da\\\/pood\\\/plaider-taepper\\\/sherpa-taeppe\\\/#primaryimage\"},\"thumbnailUrl\":\"https:\\\/\\\/aztex.ee\\\/wp-content\\\/uploads\\\/2025\\\/02\\\/Sherpa-fliis-tekk-180x200-1.jpg\",\"datePublished\":\"2025-02-26T10:54:14+00:00\",\"dateModified\":\"2026-04-30T16:47:04+00:00\",\"description\":\"Sherpa fleece t\u00e6ppe 180x200 cm er us\u00e6dvanligt bl\u00f8dt, behageligt varmt og luftigt. Et stilfuldt og praktisk interi\u00f8relement, der bringer varme til rummet\",\"breadcrumb\":{\"@id\":\"https:\\\/\\\/aztex.ee\\\/da\\\/pood\\\/plaider-taepper\\\/sherpa-taeppe\\\/#breadcrumb\"},\"inLanguage\":\"da-DK\",\"potentialAction\":[{\"@type\":\"ReadAction\",\"target\":[\"https:\\\/\\\/aztex.ee\\\/da\\\/pood\\\/plaider-taepper\\\/sherpa-taeppe\\\/\"]}]},{\"@type\":\"ImageObject\",\"inLanguage\":\"da-DK\",\"@id\":\"https:\\\/\\\/aztex.ee\\\/da\\\/pood\\\/plaider-taepper\\\/sherpa-taeppe\\\/#primaryimage\",\"url\":\"https:\\\/\\\/aztex.ee\\\/wp-content\\\/uploads\\\/2025\\\/02\\\/Sherpa-fliis-tekk-180x200-1.jpg\",\"contentUrl\":\"https:\\\/\\\/aztex.ee\\\/wp-content\\\/uploads\\\/2025\\\/02\\\/Sherpa-fliis-tekk-180x200-1.jpg\",\"width\":800,\"height\":800,\"caption\":\"Sherpa fliis tekk 180x200\"},{\"@type\":\"BreadcrumbList\",\"@id\":\"https:\\\/\\\/aztex.ee\\\/da\\\/pood\\\/plaider-taepper\\\/sherpa-taeppe\\\/#breadcrumb\",\"itemListElement\":[{\"@type\":\"ListItem\",\"position\":1,\"name\":\"Forside\",\"item\":\"https:\\\/\\\/aztex.ee\\\/da\\\/\"},{\"@type\":\"ListItem\",\"position\":2,\"name\":\"Butik\",\"item\":\"https:\\\/\\\/aztex.ee\\\/da\\\/butik\\\/\"},{\"@type\":\"ListItem\",\"position\":3,\"name\":\"Sherpa T\u00e6ppe 180&#215;200 cm\"}]},{\"@type\":\"WebSite\",\"@id\":\"https:\\\/\\\/aztex.ee\\\/da\\\/#website\",\"url\":\"https:\\\/\\\/aztex.ee\\\/da\\\/\",\"name\":\"AZTEX\",\"description\":\"\",\"publisher\":{\"@id\":\"https:\\\/\\\/aztex.ee\\\/da\\\/#organization\"},\"potentialAction\":[{\"@type\":\"SearchAction\",\"target\":{\"@type\":\"EntryPoint\",\"urlTemplate\":\"https:\\\/\\\/aztex.ee\\\/da\\\/?s={search_term_string}\"},\"query-input\":{\"@type\":\"PropertyValueSpecification\",\"valueRequired\":true,\"valueName\":\"search_term_string\"}}],\"inLanguage\":\"da-DK\"},{\"@type\":\"Organization\",\"@id\":\"https:\\\/\\\/aztex.ee\\\/da\\\/#organization\",\"name\":\"AZTEX\",\"url\":\"https:\\\/\\\/aztex.ee\\\/da\\\/\",\"logo\":{\"@type\":\"ImageObject\",\"inLanguage\":\"da-DK\",\"@id\":\"https:\\\/\\\/aztex.ee\\\/da\\\/#\\\/schema\\\/logo\\\/image\\\/\",\"url\":\"https:\\\/\\\/aztex.ee\\\/wp-content\\\/uploads\\\/2026\\\/01\\\/AZTEX.png\",\"contentUrl\":\"https:\\\/\\\/aztex.ee\\\/wp-content\\\/uploads\\\/2026\\\/01\\\/AZTEX.png\",\"width\":500,\"height\":500,\"caption\":\"AZTEX\"},\"image\":{\"@id\":\"https:\\\/\\\/aztex.ee\\\/da\\\/#\\\/schema\\\/logo\\\/image\\\/\"},\"sameAs\":[\"https:\\\/\\\/www.facebook.com\\\/AztexEE\",\"https:\\\/\\\/www.instagram.com\\\/aztexeesti\\\/\",\"https:\\\/\\\/www.youtube.com\\\/@AZTEXEE\",\"https:\\\/\\\/www.pinterest.com\\\/aztex_eesti\\\/\",\"https:\\\/\\\/www.tiktok.com\\\/@aztexeesti\",\"https:\\\/\\\/www.trustpilot.com\\\/review\\\/aztex.ee\",\"https:\\\/\\\/www.linkedin.com\\\/company\\\/aztex-ee\\\/\",\"https:\\\/\\\/www.wikidata.org\\\/wiki\\\/Q137560182\"]}]}<\/script>\n<!-- \/ Yoast SEO plugin. -->","yoast_head_json":{"title":"Sherpa T\u00e6ppe 180x200 cm | AZTEX","description":"Sherpa fleece t\u00e6ppe 180x200 cm er us\u00e6dvanligt bl\u00f8dt, behageligt varmt og luftigt. Et stilfuldt og praktisk interi\u00f8relement, der bringer varme til rummet","robots":{"index":"index","follow":"follow","max-snippet":"max-snippet:-1","max-image-preview":"max-image-preview:large","max-video-preview":"max-video-preview:-1"},"canonical":"https:\/\/aztex.ee\/da\/pood\/plaider-taepper\/sherpa-taeppe\/","og_locale":"da_DK","og_type":"article","og_title":"Sherpa T\u00e6ppe 180x200 cm | AZTEX","og_description":"Sherpa fleece t\u00e6ppe 180x200 cm er us\u00e6dvanligt bl\u00f8dt, behageligt varmt og luftigt. Et stilfuldt og praktisk interi\u00f8relement, der bringer varme til rummet","og_url":"https:\/\/aztex.ee\/da\/pood\/plaider-taepper\/sherpa-taeppe\/","og_site_name":"AZTEX","article_publisher":"https:\/\/www.facebook.com\/AztexEE","article_modified_time":"2026-04-30T16:47:04+00:00","og_image":[{"width":800,"height":800,"url":"https:\/\/aztex.ee\/wp-content\/uploads\/2025\/02\/Sherpa-fliis-tekk-180x200-1.jpg","type":"image\/jpeg"}],"twitter_card":"summary_large_image","twitter_misc":{"Estimeret l\u00e6setid":"2 minutter"},"schema":{"@context":"https:\/\/schema.org","@graph":[{"@type":["WebPage","ItemPage"],"@id":"https:\/\/aztex.ee\/da\/pood\/plaider-taepper\/sherpa-taeppe\/","url":"https:\/\/aztex.ee\/da\/pood\/plaider-taepper\/sherpa-taeppe\/","name":"Sherpa T\u00e6ppe 180x200 cm | AZTEX","isPartOf":{"@id":"https:\/\/aztex.ee\/da\/#website"},"primaryImageOfPage":{"@id":"https:\/\/aztex.ee\/da\/pood\/plaider-taepper\/sherpa-taeppe\/#primaryimage"},"image":{"@id":"https:\/\/aztex.ee\/da\/pood\/plaider-taepper\/sherpa-taeppe\/#primaryimage"},"thumbnailUrl":"https:\/\/aztex.ee\/wp-content\/uploads\/2025\/02\/Sherpa-fliis-tekk-180x200-1.jpg","datePublished":"2025-02-26T10:54:14+00:00","dateModified":"2026-04-30T16:47:04+00:00","description":"Sherpa fleece t\u00e6ppe 180x200 cm er us\u00e6dvanligt bl\u00f8dt, behageligt varmt og luftigt. Et stilfuldt og praktisk interi\u00f8relement, der bringer varme til rummet","breadcrumb":{"@id":"https:\/\/aztex.ee\/da\/pood\/plaider-taepper\/sherpa-taeppe\/#breadcrumb"},"inLanguage":"da-DK","potentialAction":[{"@type":"ReadAction","target":["https:\/\/aztex.ee\/da\/pood\/plaider-taepper\/sherpa-taeppe\/"]}]},{"@type":"ImageObject","inLanguage":"da-DK","@id":"https:\/\/aztex.ee\/da\/pood\/plaider-taepper\/sherpa-taeppe\/#primaryimage","url":"https:\/\/aztex.ee\/wp-content\/uploads\/2025\/02\/Sherpa-fliis-tekk-180x200-1.jpg","contentUrl":"https:\/\/aztex.ee\/wp-content\/uploads\/2025\/02\/Sherpa-fliis-tekk-180x200-1.jpg","width":800,"height":800,"caption":"Sherpa fliis tekk 180x200"},{"@type":"BreadcrumbList","@id":"https:\/\/aztex.ee\/da\/pood\/plaider-taepper\/sherpa-taeppe\/#breadcrumb","itemListElement":[{"@type":"ListItem","position":1,"name":"Forside","item":"https:\/\/aztex.ee\/da\/"},{"@type":"ListItem","position":2,"name":"Butik","item":"https:\/\/aztex.ee\/da\/butik\/"},{"@type":"ListItem","position":3,"name":"Sherpa T\u00e6ppe 180&#215;200 cm"}]},{"@type":"WebSite","@id":"https:\/\/aztex.ee\/da\/#website","url":"https:\/\/aztex.ee\/da\/","name":"AZTEX","description":"","publisher":{"@id":"https:\/\/aztex.ee\/da\/#organization"},"potentialAction":[{"@type":"SearchAction","target":{"@type":"EntryPoint","urlTemplate":"https:\/\/aztex.ee\/da\/?s={search_term_string}"},"query-input":{"@type":"PropertyValueSpecification","valueRequired":true,"valueName":"search_term_string"}}],"inLanguage":"da-DK"},{"@type":"Organization","@id":"https:\/\/aztex.ee\/da\/#organization","name":"AZTEX","url":"https:\/\/aztex.ee\/da\/","logo":{"@type":"ImageObject","inLanguage":"da-DK","@id":"https:\/\/aztex.ee\/da\/#\/schema\/logo\/image\/","url":"https:\/\/aztex.ee\/wp-content\/uploads\/2026\/01\/AZTEX.png","contentUrl":"https:\/\/aztex.ee\/wp-content\/uploads\/2026\/01\/AZTEX.png","width":500,"height":500,"caption":"AZTEX"},"image":{"@id":"https:\/\/aztex.ee\/da\/#\/schema\/logo\/image\/"},"sameAs":["https:\/\/www.facebook.com\/AztexEE","https:\/\/www.instagram.com\/aztexeesti\/","https:\/\/www.youtube.com\/@AZTEXEE","https:\/\/www.pinterest.com\/aztex_eesti\/","https:\/\/www.tiktok.com\/@aztexeesti","https:\/\/www.trustpilot.com\/review\/aztex.ee","https:\/\/www.linkedin.com\/company\/aztex-ee\/","https:\/\/www.wikidata.org\/wiki\/Q137560182"]}]}},"_links":{"self":[{"href":"https:\/\/aztex.ee\/da\/wp-json\/wp\/v2\/product\/60901","targetHints":{"allow":["GET"]}}],"collection":[{"href":"https:\/\/aztex.ee\/da\/wp-json\/wp\/v2\/product"}],"about":[{"href":"https:\/\/aztex.ee\/da\/wp-json\/wp\/v2\/types\/product"}],"replies":[{"embeddable":true,"href":"https:\/\/aztex.ee\/da\/wp-json\/wp\/v2\/comments?post=60901"}],"version-history":[{"count":0,"href":"https:\/\/aztex.ee\/da\/wp-json\/wp\/v2\/product\/60901\/revisions"}],"wp:featuredmedia":[{"embeddable":true,"href":"https:\/\/aztex.ee\/da\/wp-json\/wp\/v2\/media\/61084"}],"wp:attachment":[{"href":"https:\/\/aztex.ee\/da\/wp-json\/wp\/v2\/media?parent=60901"}],"wp:term":[{"taxonomy":"product_brand","embeddable":true,"href":"https:\/\/aztex.ee\/da\/wp-json\/wp\/v2\/product_brand?post=60901"},{"taxonomy":"product_cat","embeddable":true,"href":"https:\/\/aztex.ee\/da\/wp-json\/wp\/v2\/product_cat?post=60901"},{"taxonomy":"product_tag","embeddable":true,"href":"https:\/\/aztex.ee\/da\/wp-json\/wp\/v2\/product_tag?post=60901"}],"curies":[{"name":"wp","href":"https:\/\/api.w.org\/{rel}","templated":true}]}}