{"id":59772,"date":"2025-02-26T09:58:55","date_gmt":"2025-02-26T09:58:55","guid":{"rendered":"https:\/\/aztex.ee\/?post_type=product&#038;p=59772"},"modified":"2026-02-01T16:43:44","modified_gmt":"2026-02-01T16:43:44","slug":"sherpa-taeppe-150x200-cm","status":"publish","type":"product","link":"https:\/\/aztex.ee\/da\/pood\/plaider-taepper\/sherpa-taeppe-150x200-cm\/","title":{"rendered":"Sherpa T\u00e6ppe 150&#215;200 cm"},"content":{"rendered":"<p><strong>Sherpa fleece t\u00e6ppe 150\u00d7200 cm \u2013 Bl\u00f8dt og varmt<\/strong><\/p>\n<p>F\u00f8l dig altid godt tilpas og varm derhjemme med dette Sherpa-fleecet\u00e6ppe af h\u00f8j kvalitet. Dette t\u00e6ppe er designet til at give den bedste varme og hygge for at g\u00f8re hverdagens \u00f8jeblikke endnu mere behagelige.<\/p>\n<p><strong>Komfort i enhver situation<\/strong><br \/>\nM\u00e5lene p\u00e5 Sherpa fleece t\u00e6ppet 150\u00d7200 cm g\u00f8r det perfekt til enhver situation. Uanset om det er at slappe af i sofaen, give ekstra varme p\u00e5 sengen eller sove &#8211; Sherpa fleece t\u00e6ppet tilbyder perfekt lethed og varme ved enhver brug. St\u00f8rrelsen er ogs\u00e5 velegnet til g\u00e6ster eller som et ekstra t\u00e6ppe p\u00e5 sengen for at g\u00f8re hver dag fuld af varme.<\/p>\n<p><strong>Nem at pleje og holdbar<\/strong><br \/>\nPleje af Sherpa fleece t\u00e6ppet er nemt og bekvemt, da det kan maskinvaskes. Efter vask forbliver den bl\u00f8d og giver varig varme og kvalitet. Vi anbefaler vask ved lave temperaturer for at bevare produktets sk\u00f8nhed og holdbarhed. Fleecet\u00e6ppet t\u00f8rrer hurtigt og kr\u00e6ver ikke separat t\u00f8rring, hvilket g\u00f8r det endnu mere praktisk i hverdagen.<\/p>\n<p><strong>Hygge og varme i hvert \u00f8jeblik<\/strong><br \/>\nEt Sherpa-fleecet\u00e6ppe er ikke bare varmt \u2013 det giver ogs\u00e5 perfekt hverdagsafslapning. Uanset om det er en hyggelig aften derhjemme, l\u00e6se en bog eller lave huslige pligter &#8211; et Sherpa fleece t\u00e6ppe g\u00f8r hvert \u00f8jeblik specielt.<\/p>\n","protected":false},"excerpt":{"rendered":"<ul>\n<li>Materiale: Koral fleece<\/li>\n<li>St\u00f8rrelse: 150&#215;200 cm \u00b13<\/li>\n<li>V\u00e6gt: 1,1 kg<\/li>\n<\/ul>\n","protected":false},"featured_media":59955,"comment_status":"open","ping_status":"closed","template":"","meta":[],"product_brand":[],"product_cat":[1863,4464,4502],"product_tag":[],"class_list":{"0":"post-59772","1":"product","2":"type-product","3":"status-publish","4":"has-post-thumbnail","6":"product_cat-plaider-taepper","7":"product_cat-sherpa-fleece-taepper","8":"product_cat-sherpa-fleece-taepper-150x200-cm","10":"first","11":"instock","12":"shipping-taxable","13":"purchasable","14":"product-type-variable"},"yoast_head":"<!-- This site is optimized with the Yoast SEO plugin v27.4 - https:\/\/yoast.com\/product\/yoast-seo-wordpress\/ -->\n<title>Sherpa T\u00e6ppe 150x200 cm | AZTEX<\/title>\n<meta name=\"description\" content=\"Et ultra bl\u00f8dt og varmt 150x200 cm sherpa fleece t\u00e6ppe, der giver maksimal komfort. Den perfekte ledsager til koldere aftener og afslapning.\" \/>\n<meta name=\"robots\" content=\"index, follow, max-snippet:-1, max-image-preview:large, max-video-preview:-1\" \/>\n<link rel=\"canonical\" href=\"https:\/\/aztex.ee\/da\/pood\/plaider-taepper\/sherpa-taeppe-150x200-cm\/\" \/>\n<meta property=\"og:locale\" content=\"da_DK\" \/>\n<meta property=\"og:type\" content=\"article\" \/>\n<meta property=\"og:title\" content=\"Sherpa T\u00e6ppe 150x200 cm | AZTEX\" \/>\n<meta property=\"og:description\" content=\"Et ultra bl\u00f8dt og varmt 150x200 cm sherpa fleece t\u00e6ppe, der giver maksimal komfort. Den perfekte ledsager til koldere aftener og afslapning.\" \/>\n<meta property=\"og:url\" content=\"https:\/\/aztex.ee\/da\/pood\/plaider-taepper\/sherpa-taeppe-150x200-cm\/\" \/>\n<meta property=\"og:site_name\" content=\"AZTEX\" \/>\n<meta property=\"article:publisher\" content=\"https:\/\/www.facebook.com\/AztexEE\" \/>\n<meta property=\"article:modified_time\" content=\"2026-02-01T16:43:44+00:00\" \/>\n<meta property=\"og:image\" content=\"https:\/\/aztex.ee\/wp-content\/uploads\/2025\/02\/Sherpa-fliis-tekk-150x200-cm.jpg\" \/>\n\t<meta property=\"og:image:width\" content=\"800\" \/>\n\t<meta property=\"og:image:height\" content=\"800\" \/>\n\t<meta property=\"og:image:type\" content=\"image\/jpeg\" \/>\n<meta name=\"twitter:card\" content=\"summary_large_image\" \/>\n<meta name=\"twitter:label1\" content=\"Estimeret l\u00e6setid\" \/>\n\t<meta name=\"twitter:data1\" content=\"2 minutter\" \/>\n<script type=\"application\/ld+json\" class=\"yoast-schema-graph\">{\"@context\":\"https:\\\/\\\/schema.org\",\"@graph\":[{\"@type\":[\"WebPage\",\"ItemPage\"],\"@id\":\"https:\\\/\\\/aztex.ee\\\/da\\\/pood\\\/plaider-taepper\\\/sherpa-taeppe-150x200-cm\\\/\",\"url\":\"https:\\\/\\\/aztex.ee\\\/da\\\/pood\\\/plaider-taepper\\\/sherpa-taeppe-150x200-cm\\\/\",\"name\":\"Sherpa T\u00e6ppe 150x200 cm | AZTEX\",\"isPartOf\":{\"@id\":\"https:\\\/\\\/aztex.ee\\\/da\\\/#website\"},\"primaryImageOfPage\":{\"@id\":\"https:\\\/\\\/aztex.ee\\\/da\\\/pood\\\/plaider-taepper\\\/sherpa-taeppe-150x200-cm\\\/#primaryimage\"},\"image\":{\"@id\":\"https:\\\/\\\/aztex.ee\\\/da\\\/pood\\\/plaider-taepper\\\/sherpa-taeppe-150x200-cm\\\/#primaryimage\"},\"thumbnailUrl\":\"https:\\\/\\\/aztex.ee\\\/wp-content\\\/uploads\\\/2025\\\/02\\\/Sherpa-fliis-tekk-150x200-cm.jpg\",\"datePublished\":\"2025-02-26T09:58:55+00:00\",\"dateModified\":\"2026-02-01T16:43:44+00:00\",\"description\":\"Et ultra bl\u00f8dt og varmt 150x200 cm sherpa fleece t\u00e6ppe, der giver maksimal komfort. Den perfekte ledsager til koldere aftener og afslapning.\",\"breadcrumb\":{\"@id\":\"https:\\\/\\\/aztex.ee\\\/da\\\/pood\\\/plaider-taepper\\\/sherpa-taeppe-150x200-cm\\\/#breadcrumb\"},\"inLanguage\":\"da-DK\",\"potentialAction\":[{\"@type\":\"ReadAction\",\"target\":[\"https:\\\/\\\/aztex.ee\\\/da\\\/pood\\\/plaider-taepper\\\/sherpa-taeppe-150x200-cm\\\/\"]}]},{\"@type\":\"ImageObject\",\"inLanguage\":\"da-DK\",\"@id\":\"https:\\\/\\\/aztex.ee\\\/da\\\/pood\\\/plaider-taepper\\\/sherpa-taeppe-150x200-cm\\\/#primaryimage\",\"url\":\"https:\\\/\\\/aztex.ee\\\/wp-content\\\/uploads\\\/2025\\\/02\\\/Sherpa-fliis-tekk-150x200-cm.jpg\",\"contentUrl\":\"https:\\\/\\\/aztex.ee\\\/wp-content\\\/uploads\\\/2025\\\/02\\\/Sherpa-fliis-tekk-150x200-cm.jpg\",\"width\":800,\"height\":800,\"caption\":\"Sherpa fliis tekk 150x200 cm\"},{\"@type\":\"BreadcrumbList\",\"@id\":\"https:\\\/\\\/aztex.ee\\\/da\\\/pood\\\/plaider-taepper\\\/sherpa-taeppe-150x200-cm\\\/#breadcrumb\",\"itemListElement\":[{\"@type\":\"ListItem\",\"position\":1,\"name\":\"Forside\",\"item\":\"https:\\\/\\\/aztex.ee\\\/da\\\/\"},{\"@type\":\"ListItem\",\"position\":2,\"name\":\"Butik\",\"item\":\"https:\\\/\\\/aztex.ee\\\/da\\\/butik\\\/\"},{\"@type\":\"ListItem\",\"position\":3,\"name\":\"Sherpa T\u00e6ppe 150&#215;200 cm\"}]},{\"@type\":\"WebSite\",\"@id\":\"https:\\\/\\\/aztex.ee\\\/da\\\/#website\",\"url\":\"https:\\\/\\\/aztex.ee\\\/da\\\/\",\"name\":\"AZTEX\",\"description\":\"\",\"publisher\":{\"@id\":\"https:\\\/\\\/aztex.ee\\\/da\\\/#organization\"},\"potentialAction\":[{\"@type\":\"SearchAction\",\"target\":{\"@type\":\"EntryPoint\",\"urlTemplate\":\"https:\\\/\\\/aztex.ee\\\/da\\\/?s={search_term_string}\"},\"query-input\":{\"@type\":\"PropertyValueSpecification\",\"valueRequired\":true,\"valueName\":\"search_term_string\"}}],\"inLanguage\":\"da-DK\"},{\"@type\":\"Organization\",\"@id\":\"https:\\\/\\\/aztex.ee\\\/da\\\/#organization\",\"name\":\"AZTEX\",\"url\":\"https:\\\/\\\/aztex.ee\\\/da\\\/\",\"logo\":{\"@type\":\"ImageObject\",\"inLanguage\":\"da-DK\",\"@id\":\"https:\\\/\\\/aztex.ee\\\/da\\\/#\\\/schema\\\/logo\\\/image\\\/\",\"url\":\"https:\\\/\\\/aztex.ee\\\/wp-content\\\/uploads\\\/2026\\\/01\\\/AZTEX.png\",\"contentUrl\":\"https:\\\/\\\/aztex.ee\\\/wp-content\\\/uploads\\\/2026\\\/01\\\/AZTEX.png\",\"width\":500,\"height\":500,\"caption\":\"AZTEX\"},\"image\":{\"@id\":\"https:\\\/\\\/aztex.ee\\\/da\\\/#\\\/schema\\\/logo\\\/image\\\/\"},\"sameAs\":[\"https:\\\/\\\/www.facebook.com\\\/AztexEE\",\"https:\\\/\\\/www.instagram.com\\\/aztexeesti\\\/\",\"https:\\\/\\\/www.youtube.com\\\/@AZTEXEE\",\"https:\\\/\\\/www.pinterest.com\\\/aztex_eesti\\\/\",\"https:\\\/\\\/www.tiktok.com\\\/@aztexeesti\",\"https:\\\/\\\/www.trustpilot.com\\\/review\\\/aztex.ee\",\"https:\\\/\\\/www.linkedin.com\\\/company\\\/aztex-ee\\\/\",\"https:\\\/\\\/www.wikidata.org\\\/wiki\\\/Q137560182\"]}]}<\/script>\n<!-- \/ Yoast SEO plugin. -->","yoast_head_json":{"title":"Sherpa T\u00e6ppe 150x200 cm | AZTEX","description":"Et ultra bl\u00f8dt og varmt 150x200 cm sherpa fleece t\u00e6ppe, der giver maksimal komfort. Den perfekte ledsager til koldere aftener og afslapning.","robots":{"index":"index","follow":"follow","max-snippet":"max-snippet:-1","max-image-preview":"max-image-preview:large","max-video-preview":"max-video-preview:-1"},"canonical":"https:\/\/aztex.ee\/da\/pood\/plaider-taepper\/sherpa-taeppe-150x200-cm\/","og_locale":"da_DK","og_type":"article","og_title":"Sherpa T\u00e6ppe 150x200 cm | AZTEX","og_description":"Et ultra bl\u00f8dt og varmt 150x200 cm sherpa fleece t\u00e6ppe, der giver maksimal komfort. Den perfekte ledsager til koldere aftener og afslapning.","og_url":"https:\/\/aztex.ee\/da\/pood\/plaider-taepper\/sherpa-taeppe-150x200-cm\/","og_site_name":"AZTEX","article_publisher":"https:\/\/www.facebook.com\/AztexEE","article_modified_time":"2026-02-01T16:43:44+00:00","og_image":[{"width":800,"height":800,"url":"https:\/\/aztex.ee\/wp-content\/uploads\/2025\/02\/Sherpa-fliis-tekk-150x200-cm.jpg","type":"image\/jpeg"}],"twitter_card":"summary_large_image","twitter_misc":{"Estimeret l\u00e6setid":"2 minutter"},"schema":{"@context":"https:\/\/schema.org","@graph":[{"@type":["WebPage","ItemPage"],"@id":"https:\/\/aztex.ee\/da\/pood\/plaider-taepper\/sherpa-taeppe-150x200-cm\/","url":"https:\/\/aztex.ee\/da\/pood\/plaider-taepper\/sherpa-taeppe-150x200-cm\/","name":"Sherpa T\u00e6ppe 150x200 cm | AZTEX","isPartOf":{"@id":"https:\/\/aztex.ee\/da\/#website"},"primaryImageOfPage":{"@id":"https:\/\/aztex.ee\/da\/pood\/plaider-taepper\/sherpa-taeppe-150x200-cm\/#primaryimage"},"image":{"@id":"https:\/\/aztex.ee\/da\/pood\/plaider-taepper\/sherpa-taeppe-150x200-cm\/#primaryimage"},"thumbnailUrl":"https:\/\/aztex.ee\/wp-content\/uploads\/2025\/02\/Sherpa-fliis-tekk-150x200-cm.jpg","datePublished":"2025-02-26T09:58:55+00:00","dateModified":"2026-02-01T16:43:44+00:00","description":"Et ultra bl\u00f8dt og varmt 150x200 cm sherpa fleece t\u00e6ppe, der giver maksimal komfort. Den perfekte ledsager til koldere aftener og afslapning.","breadcrumb":{"@id":"https:\/\/aztex.ee\/da\/pood\/plaider-taepper\/sherpa-taeppe-150x200-cm\/#breadcrumb"},"inLanguage":"da-DK","potentialAction":[{"@type":"ReadAction","target":["https:\/\/aztex.ee\/da\/pood\/plaider-taepper\/sherpa-taeppe-150x200-cm\/"]}]},{"@type":"ImageObject","inLanguage":"da-DK","@id":"https:\/\/aztex.ee\/da\/pood\/plaider-taepper\/sherpa-taeppe-150x200-cm\/#primaryimage","url":"https:\/\/aztex.ee\/wp-content\/uploads\/2025\/02\/Sherpa-fliis-tekk-150x200-cm.jpg","contentUrl":"https:\/\/aztex.ee\/wp-content\/uploads\/2025\/02\/Sherpa-fliis-tekk-150x200-cm.jpg","width":800,"height":800,"caption":"Sherpa fliis tekk 150x200 cm"},{"@type":"BreadcrumbList","@id":"https:\/\/aztex.ee\/da\/pood\/plaider-taepper\/sherpa-taeppe-150x200-cm\/#breadcrumb","itemListElement":[{"@type":"ListItem","position":1,"name":"Forside","item":"https:\/\/aztex.ee\/da\/"},{"@type":"ListItem","position":2,"name":"Butik","item":"https:\/\/aztex.ee\/da\/butik\/"},{"@type":"ListItem","position":3,"name":"Sherpa T\u00e6ppe 150&#215;200 cm"}]},{"@type":"WebSite","@id":"https:\/\/aztex.ee\/da\/#website","url":"https:\/\/aztex.ee\/da\/","name":"AZTEX","description":"","publisher":{"@id":"https:\/\/aztex.ee\/da\/#organization"},"potentialAction":[{"@type":"SearchAction","target":{"@type":"EntryPoint","urlTemplate":"https:\/\/aztex.ee\/da\/?s={search_term_string}"},"query-input":{"@type":"PropertyValueSpecification","valueRequired":true,"valueName":"search_term_string"}}],"inLanguage":"da-DK"},{"@type":"Organization","@id":"https:\/\/aztex.ee\/da\/#organization","name":"AZTEX","url":"https:\/\/aztex.ee\/da\/","logo":{"@type":"ImageObject","inLanguage":"da-DK","@id":"https:\/\/aztex.ee\/da\/#\/schema\/logo\/image\/","url":"https:\/\/aztex.ee\/wp-content\/uploads\/2026\/01\/AZTEX.png","contentUrl":"https:\/\/aztex.ee\/wp-content\/uploads\/2026\/01\/AZTEX.png","width":500,"height":500,"caption":"AZTEX"},"image":{"@id":"https:\/\/aztex.ee\/da\/#\/schema\/logo\/image\/"},"sameAs":["https:\/\/www.facebook.com\/AztexEE","https:\/\/www.instagram.com\/aztexeesti\/","https:\/\/www.youtube.com\/@AZTEXEE","https:\/\/www.pinterest.com\/aztex_eesti\/","https:\/\/www.tiktok.com\/@aztexeesti","https:\/\/www.trustpilot.com\/review\/aztex.ee","https:\/\/www.linkedin.com\/company\/aztex-ee\/","https:\/\/www.wikidata.org\/wiki\/Q137560182"]}]}},"_links":{"self":[{"href":"https:\/\/aztex.ee\/da\/wp-json\/wp\/v2\/product\/59772","targetHints":{"allow":["GET"]}}],"collection":[{"href":"https:\/\/aztex.ee\/da\/wp-json\/wp\/v2\/product"}],"about":[{"href":"https:\/\/aztex.ee\/da\/wp-json\/wp\/v2\/types\/product"}],"replies":[{"embeddable":true,"href":"https:\/\/aztex.ee\/da\/wp-json\/wp\/v2\/comments?post=59772"}],"version-history":[{"count":0,"href":"https:\/\/aztex.ee\/da\/wp-json\/wp\/v2\/product\/59772\/revisions"}],"wp:featuredmedia":[{"embeddable":true,"href":"https:\/\/aztex.ee\/da\/wp-json\/wp\/v2\/media\/59955"}],"wp:attachment":[{"href":"https:\/\/aztex.ee\/da\/wp-json\/wp\/v2\/media?parent=59772"}],"wp:term":[{"taxonomy":"product_brand","embeddable":true,"href":"https:\/\/aztex.ee\/da\/wp-json\/wp\/v2\/product_brand?post=59772"},{"taxonomy":"product_cat","embeddable":true,"href":"https:\/\/aztex.ee\/da\/wp-json\/wp\/v2\/product_cat?post=59772"},{"taxonomy":"product_tag","embeddable":true,"href":"https:\/\/aztex.ee\/da\/wp-json\/wp\/v2\/product_tag?post=59772"}],"curies":[{"name":"wp","href":"https:\/\/api.w.org\/{rel}","templated":true}]}}