{"id":58537,"date":"2025-02-21T17:50:38","date_gmt":"2025-02-21T17:50:38","guid":{"rendered":"https:\/\/aztex.ee\/?post_type=product&#038;p=58537"},"modified":"2026-04-03T15:10:34","modified_gmt":"2026-04-03T15:10:34","slug":"plaid","status":"publish","type":"product","link":"https:\/\/aztex.ee\/da\/pood\/plaider-taepper\/plaid\/","title":{"rendered":"Plaid 130&#215;180 cm"},"content":{"rendered":"<p><strong>En bl\u00f8d og varm plaid, der giver varme og komfort til enhver tid.<\/strong><\/p>\n<p>Den dejlige plaid er designet til at give varme og komfort, samtidig med at den er stilfuld og praktisk. Dens smukke tekstur og farve g\u00f8r den til det perfekte tilbeh\u00f8r til ethvert rum, der tilf\u00f8jer varme og hygge. Det ideelle valg til at slappe af efter en lang dag eller falde i s\u00f8vn for at f\u00f8le dig helt komfortabel.<\/p>\n<p><strong>Alsidig brug<\/strong><br \/>\nPlaidens st\u00f8rrelse og design g\u00f8r den ideel \u2013 uanset om m\u00e5let er at give ekstra varme p\u00e5 en kold aften eller at indrette dit hjem. Plaiden tilbyder den perfekte balance mellem komfort og stil, hvilket g\u00f8r ethvert rum endnu mere behageligt.<\/p>\n<p><strong>Nem at passe<\/strong><br \/>\nPlaiden er nem og bekvem at passe, da den kan maskinvaskes. Den er ideel til hverdagsbrug, er holdbar og nem at vedligeholde.<\/p>\n<p><strong>Stilfuldt design<\/strong><br \/>\nDet elegante og tidl\u00f8se design g\u00f8r plaiden til en passende tilf\u00f8jelse til ethvert interi\u00f8r. Det minimalistiske look og fine detaljer skaber en varm og indbydende atmosf\u00e6re, der tilf\u00f8jer ekstra stil til ethvert rum. Dette kast vil forbedre dit hjem og tilf\u00f8je varme.<\/p>\n<p>Uanset om du bruger det selv eller giver det i gave, er det et praktisk og stilfuldt tilbeh\u00f8r, der vil g\u00f8re hverdagen endnu mere behagelig. Dette kast er det perfekte valg til at bringe varme, komfort og stil til ethvert hjem.<\/p>\n","protected":false},"excerpt":{"rendered":"<ul>\n<li>Materiale: Akryl<\/li>\n<li>St\u00f8rrelse: 130&#215;180 cm \u00b13<\/li>\n<li>V\u00e6gt: 0,560 kg<\/li>\n<\/ul>\n","protected":false},"featured_media":58800,"comment_status":"open","ping_status":"closed","template":"","meta":[],"product_brand":[],"product_cat":[3474,1863],"product_tag":[],"class_list":{"0":"post-58537","1":"product","2":"type-product","3":"status-publish","4":"has-post-thumbnail","6":"product_cat-plaider","7":"product_cat-plaider-taepper","9":"first","10":"instock","11":"shipping-taxable","12":"purchasable","13":"product-type-variable"},"yoast_head":"<!-- This site is optimized with the Yoast SEO plugin v27.4 - https:\/\/yoast.com\/product\/yoast-seo-wordpress\/ -->\n<title>Bl\u00f8dt t\u00e6ppe til sofaen | AZTEX<\/title>\n<meta name=\"description\" content=\"En bl\u00f8d og varm plaid, der tilf\u00f8jer komfort til hver dag. Perfekt til afslappende, k\u00f8lige aftener eller afslappende \u00f8jeblikke. | AZTEX boligtekstiler\" \/>\n<meta name=\"robots\" content=\"index, follow, max-snippet:-1, max-image-preview:large, max-video-preview:-1\" \/>\n<link rel=\"canonical\" href=\"https:\/\/aztex.ee\/da\/pood\/plaider-taepper\/plaid\/\" \/>\n<meta property=\"og:locale\" content=\"da_DK\" \/>\n<meta property=\"og:type\" content=\"article\" \/>\n<meta property=\"og:title\" content=\"Bl\u00f8dt t\u00e6ppe til sofaen | AZTEX\" \/>\n<meta property=\"og:description\" content=\"En bl\u00f8d og varm plaid, der tilf\u00f8jer komfort til hver dag. Perfekt til afslappende, k\u00f8lige aftener eller afslappende \u00f8jeblikke. | AZTEX boligtekstiler\" \/>\n<meta property=\"og:url\" content=\"https:\/\/aztex.ee\/da\/pood\/plaider-taepper\/plaid\/\" \/>\n<meta property=\"og:site_name\" content=\"AZTEX\" \/>\n<meta property=\"article:publisher\" content=\"https:\/\/www.facebook.com\/AztexEE\" \/>\n<meta property=\"article:modified_time\" content=\"2026-04-03T15:10:34+00:00\" \/>\n<meta property=\"og:image\" content=\"https:\/\/aztex.ee\/wp-content\/uploads\/2025\/02\/Pleed-130x180-cm-1.jpg\" \/>\n\t<meta property=\"og:image:width\" content=\"800\" \/>\n\t<meta property=\"og:image:height\" content=\"800\" \/>\n\t<meta property=\"og:image:type\" content=\"image\/jpeg\" \/>\n<meta name=\"twitter:card\" content=\"summary_large_image\" \/>\n<meta name=\"twitter:label1\" content=\"Estimeret l\u00e6setid\" \/>\n\t<meta name=\"twitter:data1\" content=\"2 minutter\" \/>\n<script type=\"application\/ld+json\" class=\"yoast-schema-graph\">{\"@context\":\"https:\\\/\\\/schema.org\",\"@graph\":[{\"@type\":[\"WebPage\",\"ItemPage\"],\"@id\":\"https:\\\/\\\/aztex.ee\\\/da\\\/pood\\\/plaider-taepper\\\/plaid\\\/\",\"url\":\"https:\\\/\\\/aztex.ee\\\/da\\\/pood\\\/plaider-taepper\\\/plaid\\\/\",\"name\":\"Bl\u00f8dt t\u00e6ppe til sofaen | AZTEX\",\"isPartOf\":{\"@id\":\"https:\\\/\\\/aztex.ee\\\/da\\\/#website\"},\"primaryImageOfPage\":{\"@id\":\"https:\\\/\\\/aztex.ee\\\/da\\\/pood\\\/plaider-taepper\\\/plaid\\\/#primaryimage\"},\"image\":{\"@id\":\"https:\\\/\\\/aztex.ee\\\/da\\\/pood\\\/plaider-taepper\\\/plaid\\\/#primaryimage\"},\"thumbnailUrl\":\"https:\\\/\\\/aztex.ee\\\/wp-content\\\/uploads\\\/2025\\\/02\\\/Pleed-130x180-cm-1.jpg\",\"datePublished\":\"2025-02-21T17:50:38+00:00\",\"dateModified\":\"2026-04-03T15:10:34+00:00\",\"description\":\"En bl\u00f8d og varm plaid, der tilf\u00f8jer komfort til hver dag. Perfekt til afslappende, k\u00f8lige aftener eller afslappende \u00f8jeblikke. | AZTEX boligtekstiler\",\"breadcrumb\":{\"@id\":\"https:\\\/\\\/aztex.ee\\\/da\\\/pood\\\/plaider-taepper\\\/plaid\\\/#breadcrumb\"},\"inLanguage\":\"da-DK\",\"potentialAction\":[{\"@type\":\"ReadAction\",\"target\":[\"https:\\\/\\\/aztex.ee\\\/da\\\/pood\\\/plaider-taepper\\\/plaid\\\/\"]}]},{\"@type\":\"ImageObject\",\"inLanguage\":\"da-DK\",\"@id\":\"https:\\\/\\\/aztex.ee\\\/da\\\/pood\\\/plaider-taepper\\\/plaid\\\/#primaryimage\",\"url\":\"https:\\\/\\\/aztex.ee\\\/wp-content\\\/uploads\\\/2025\\\/02\\\/Pleed-130x180-cm-1.jpg\",\"contentUrl\":\"https:\\\/\\\/aztex.ee\\\/wp-content\\\/uploads\\\/2025\\\/02\\\/Pleed-130x180-cm-1.jpg\",\"width\":800,\"height\":800,\"caption\":\"Pleed 130x180 cm\"},{\"@type\":\"BreadcrumbList\",\"@id\":\"https:\\\/\\\/aztex.ee\\\/da\\\/pood\\\/plaider-taepper\\\/plaid\\\/#breadcrumb\",\"itemListElement\":[{\"@type\":\"ListItem\",\"position\":1,\"name\":\"Forside\",\"item\":\"https:\\\/\\\/aztex.ee\\\/da\\\/\"},{\"@type\":\"ListItem\",\"position\":2,\"name\":\"Butik\",\"item\":\"https:\\\/\\\/aztex.ee\\\/da\\\/butik\\\/\"},{\"@type\":\"ListItem\",\"position\":3,\"name\":\"Plaid 130&#215;180 cm\"}]},{\"@type\":\"WebSite\",\"@id\":\"https:\\\/\\\/aztex.ee\\\/da\\\/#website\",\"url\":\"https:\\\/\\\/aztex.ee\\\/da\\\/\",\"name\":\"AZTEX\",\"description\":\"\",\"publisher\":{\"@id\":\"https:\\\/\\\/aztex.ee\\\/da\\\/#organization\"},\"potentialAction\":[{\"@type\":\"SearchAction\",\"target\":{\"@type\":\"EntryPoint\",\"urlTemplate\":\"https:\\\/\\\/aztex.ee\\\/da\\\/?s={search_term_string}\"},\"query-input\":{\"@type\":\"PropertyValueSpecification\",\"valueRequired\":true,\"valueName\":\"search_term_string\"}}],\"inLanguage\":\"da-DK\"},{\"@type\":\"Organization\",\"@id\":\"https:\\\/\\\/aztex.ee\\\/da\\\/#organization\",\"name\":\"AZTEX\",\"url\":\"https:\\\/\\\/aztex.ee\\\/da\\\/\",\"logo\":{\"@type\":\"ImageObject\",\"inLanguage\":\"da-DK\",\"@id\":\"https:\\\/\\\/aztex.ee\\\/da\\\/#\\\/schema\\\/logo\\\/image\\\/\",\"url\":\"https:\\\/\\\/aztex.ee\\\/wp-content\\\/uploads\\\/2026\\\/01\\\/AZTEX.png\",\"contentUrl\":\"https:\\\/\\\/aztex.ee\\\/wp-content\\\/uploads\\\/2026\\\/01\\\/AZTEX.png\",\"width\":500,\"height\":500,\"caption\":\"AZTEX\"},\"image\":{\"@id\":\"https:\\\/\\\/aztex.ee\\\/da\\\/#\\\/schema\\\/logo\\\/image\\\/\"},\"sameAs\":[\"https:\\\/\\\/www.facebook.com\\\/AztexEE\",\"https:\\\/\\\/www.instagram.com\\\/aztexeesti\\\/\",\"https:\\\/\\\/www.youtube.com\\\/@AZTEXEE\",\"https:\\\/\\\/www.pinterest.com\\\/aztex_eesti\\\/\",\"https:\\\/\\\/www.tiktok.com\\\/@aztexeesti\",\"https:\\\/\\\/www.trustpilot.com\\\/review\\\/aztex.ee\",\"https:\\\/\\\/www.linkedin.com\\\/company\\\/aztex-ee\\\/\",\"https:\\\/\\\/www.wikidata.org\\\/wiki\\\/Q137560182\"]}]}<\/script>\n<!-- \/ Yoast SEO plugin. -->","yoast_head_json":{"title":"Bl\u00f8dt t\u00e6ppe til sofaen | AZTEX","description":"En bl\u00f8d og varm plaid, der tilf\u00f8jer komfort til hver dag. Perfekt til afslappende, k\u00f8lige aftener eller afslappende \u00f8jeblikke. | AZTEX boligtekstiler","robots":{"index":"index","follow":"follow","max-snippet":"max-snippet:-1","max-image-preview":"max-image-preview:large","max-video-preview":"max-video-preview:-1"},"canonical":"https:\/\/aztex.ee\/da\/pood\/plaider-taepper\/plaid\/","og_locale":"da_DK","og_type":"article","og_title":"Bl\u00f8dt t\u00e6ppe til sofaen | AZTEX","og_description":"En bl\u00f8d og varm plaid, der tilf\u00f8jer komfort til hver dag. Perfekt til afslappende, k\u00f8lige aftener eller afslappende \u00f8jeblikke. | AZTEX boligtekstiler","og_url":"https:\/\/aztex.ee\/da\/pood\/plaider-taepper\/plaid\/","og_site_name":"AZTEX","article_publisher":"https:\/\/www.facebook.com\/AztexEE","article_modified_time":"2026-04-03T15:10:34+00:00","og_image":[{"width":800,"height":800,"url":"https:\/\/aztex.ee\/wp-content\/uploads\/2025\/02\/Pleed-130x180-cm-1.jpg","type":"image\/jpeg"}],"twitter_card":"summary_large_image","twitter_misc":{"Estimeret l\u00e6setid":"2 minutter"},"schema":{"@context":"https:\/\/schema.org","@graph":[{"@type":["WebPage","ItemPage"],"@id":"https:\/\/aztex.ee\/da\/pood\/plaider-taepper\/plaid\/","url":"https:\/\/aztex.ee\/da\/pood\/plaider-taepper\/plaid\/","name":"Bl\u00f8dt t\u00e6ppe til sofaen | AZTEX","isPartOf":{"@id":"https:\/\/aztex.ee\/da\/#website"},"primaryImageOfPage":{"@id":"https:\/\/aztex.ee\/da\/pood\/plaider-taepper\/plaid\/#primaryimage"},"image":{"@id":"https:\/\/aztex.ee\/da\/pood\/plaider-taepper\/plaid\/#primaryimage"},"thumbnailUrl":"https:\/\/aztex.ee\/wp-content\/uploads\/2025\/02\/Pleed-130x180-cm-1.jpg","datePublished":"2025-02-21T17:50:38+00:00","dateModified":"2026-04-03T15:10:34+00:00","description":"En bl\u00f8d og varm plaid, der tilf\u00f8jer komfort til hver dag. Perfekt til afslappende, k\u00f8lige aftener eller afslappende \u00f8jeblikke. | AZTEX boligtekstiler","breadcrumb":{"@id":"https:\/\/aztex.ee\/da\/pood\/plaider-taepper\/plaid\/#breadcrumb"},"inLanguage":"da-DK","potentialAction":[{"@type":"ReadAction","target":["https:\/\/aztex.ee\/da\/pood\/plaider-taepper\/plaid\/"]}]},{"@type":"ImageObject","inLanguage":"da-DK","@id":"https:\/\/aztex.ee\/da\/pood\/plaider-taepper\/plaid\/#primaryimage","url":"https:\/\/aztex.ee\/wp-content\/uploads\/2025\/02\/Pleed-130x180-cm-1.jpg","contentUrl":"https:\/\/aztex.ee\/wp-content\/uploads\/2025\/02\/Pleed-130x180-cm-1.jpg","width":800,"height":800,"caption":"Pleed 130x180 cm"},{"@type":"BreadcrumbList","@id":"https:\/\/aztex.ee\/da\/pood\/plaider-taepper\/plaid\/#breadcrumb","itemListElement":[{"@type":"ListItem","position":1,"name":"Forside","item":"https:\/\/aztex.ee\/da\/"},{"@type":"ListItem","position":2,"name":"Butik","item":"https:\/\/aztex.ee\/da\/butik\/"},{"@type":"ListItem","position":3,"name":"Plaid 130&#215;180 cm"}]},{"@type":"WebSite","@id":"https:\/\/aztex.ee\/da\/#website","url":"https:\/\/aztex.ee\/da\/","name":"AZTEX","description":"","publisher":{"@id":"https:\/\/aztex.ee\/da\/#organization"},"potentialAction":[{"@type":"SearchAction","target":{"@type":"EntryPoint","urlTemplate":"https:\/\/aztex.ee\/da\/?s={search_term_string}"},"query-input":{"@type":"PropertyValueSpecification","valueRequired":true,"valueName":"search_term_string"}}],"inLanguage":"da-DK"},{"@type":"Organization","@id":"https:\/\/aztex.ee\/da\/#organization","name":"AZTEX","url":"https:\/\/aztex.ee\/da\/","logo":{"@type":"ImageObject","inLanguage":"da-DK","@id":"https:\/\/aztex.ee\/da\/#\/schema\/logo\/image\/","url":"https:\/\/aztex.ee\/wp-content\/uploads\/2026\/01\/AZTEX.png","contentUrl":"https:\/\/aztex.ee\/wp-content\/uploads\/2026\/01\/AZTEX.png","width":500,"height":500,"caption":"AZTEX"},"image":{"@id":"https:\/\/aztex.ee\/da\/#\/schema\/logo\/image\/"},"sameAs":["https:\/\/www.facebook.com\/AztexEE","https:\/\/www.instagram.com\/aztexeesti\/","https:\/\/www.youtube.com\/@AZTEXEE","https:\/\/www.pinterest.com\/aztex_eesti\/","https:\/\/www.tiktok.com\/@aztexeesti","https:\/\/www.trustpilot.com\/review\/aztex.ee","https:\/\/www.linkedin.com\/company\/aztex-ee\/","https:\/\/www.wikidata.org\/wiki\/Q137560182"]}]}},"_links":{"self":[{"href":"https:\/\/aztex.ee\/da\/wp-json\/wp\/v2\/product\/58537","targetHints":{"allow":["GET"]}}],"collection":[{"href":"https:\/\/aztex.ee\/da\/wp-json\/wp\/v2\/product"}],"about":[{"href":"https:\/\/aztex.ee\/da\/wp-json\/wp\/v2\/types\/product"}],"replies":[{"embeddable":true,"href":"https:\/\/aztex.ee\/da\/wp-json\/wp\/v2\/comments?post=58537"}],"version-history":[{"count":0,"href":"https:\/\/aztex.ee\/da\/wp-json\/wp\/v2\/product\/58537\/revisions"}],"wp:featuredmedia":[{"embeddable":true,"href":"https:\/\/aztex.ee\/da\/wp-json\/wp\/v2\/media\/58800"}],"wp:attachment":[{"href":"https:\/\/aztex.ee\/da\/wp-json\/wp\/v2\/media?parent=58537"}],"wp:term":[{"taxonomy":"product_brand","embeddable":true,"href":"https:\/\/aztex.ee\/da\/wp-json\/wp\/v2\/product_brand?post=58537"},{"taxonomy":"product_cat","embeddable":true,"href":"https:\/\/aztex.ee\/da\/wp-json\/wp\/v2\/product_cat?post=58537"},{"taxonomy":"product_tag","embeddable":true,"href":"https:\/\/aztex.ee\/da\/wp-json\/wp\/v2\/product_tag?post=58537"}],"curies":[{"name":"wp","href":"https:\/\/api.w.org\/{rel}","templated":true}]}}