{"id":55146,"date":"2025-02-13T18:53:53","date_gmt":"2025-02-13T18:53:53","guid":{"rendered":"https:\/\/aztex.ee\/?post_type=product&#038;p=55146"},"modified":"2026-04-24T09:14:55","modified_gmt":"2026-04-24T09:14:55","slug":"bloedt-fleece-taeppe-180x200-cm","status":"publish","type":"product","link":"https:\/\/aztex.ee\/da\/pood\/plaider-taepper\/bloedt-fleece-taeppe-180x200-cm\/","title":{"rendered":"Bl\u00f8dt fleece t\u00e6ppe 180&#215;200 cm"},"content":{"rendered":"<p><strong>Bl\u00f8dt og varmt fleecet\u00e6ppe 180&#215;200 cm \u2013 hygge til hver dag<\/strong><\/p>\n<p>Nyd maksimal komfort med et bl\u00f8dt fleecet\u00e6ppe af h\u00f8j kvalitet! Det store 180&#215;200 cm t\u00e6ppe er perfekt til b\u00e5de sengen og sofaen og giver varme og hygge til enhver \u00e5rstid. Dets lette, \u00e5ndbare og holdbare materiale g\u00f8r hvert hvilemoment endnu mere behageligt.<\/p>\n<p><strong>H\u00f8jkvalitets og holdbart materiale<\/strong><br \/>\nFleece materialet sikrer den perfekte balance mellem varme og luftbev\u00e6gelse. T\u00e6ppet er let, men varmt og giver komfort selv p\u00e5 k\u00f8ligere aftener. Det slidst\u00e6rke stof bevarer sin form og farve selv efter gentagen vask, hvilket g\u00f8r det til et langtidsholdbart valg.<\/p>\n<p><strong>Nem pleje og praktisk<\/strong><br \/>\nFleecet\u00e6ppet er designet til hverdagsbrug og er nemt at pleje. Det maskinvaskbare materiale mister ikke sin bl\u00f8dhed eller farve selv efter flere vaske. Derudover t\u00f8rrer t\u00e6ppet hurtigt, hvilket g\u00f8r det ideelt for dem, der v\u00e6rds\u00e6tter praktisk og komfort.<\/p>\n<p><strong>Alsidig brug<\/strong><br \/>\nT\u00e6ppet er perfekt til b\u00e5de seng og sofa og giver ekstra varme og bl\u00f8dhed. Takket v\u00e6re dens lethed er den en god f\u00f8lgesvend til ture, camping og picnic &#8211; den er nem at folde sammen og tage med. P\u00e5 k\u00f8lige aftener giver t\u00e6ppet ogs\u00e5 varme, mens du sidder p\u00e5 terrassen eller altanen.<\/p>\n<p><strong>Fantastisk gaveide<\/strong><br \/>\nEt fleecet\u00e6ppe er den perfekte gave til dem der holder af, der kan lide at nyde hygge og varme. Dens bl\u00f8de og luksuri\u00f8se materiale g\u00f8r den til en elsket f\u00f8lgesvend i ethvert hjem.<\/p>\n<p>Tilf\u00f8j mere komfort og varme til dit liv med dette bl\u00f8de fleecet\u00e6ppe, og nyd hyggelige stunder i enhver \u00e5rstid!<\/p>\n","protected":false},"excerpt":{"rendered":"<ul>\n<li>Materiale: Koral fleece<\/li>\n<li>St\u00f8rrelse: 180&#215;200 cm \u00b13<\/li>\n<li>V\u00e6gt: 1,2 kg<\/li>\n<\/ul>\n","protected":false},"featured_media":55352,"comment_status":"open","ping_status":"closed","template":"","meta":[],"product_brand":[],"product_cat":[3128,3414,1863],"product_tag":[],"class_list":{"0":"post-55146","1":"product","2":"type-product","3":"status-publish","4":"has-post-thumbnail","6":"product_cat-fleece-taepper","7":"product_cat-fleece-taepper-180x200-cm","8":"product_cat-plaider-taepper","10":"first","11":"instock","12":"shipping-taxable","13":"purchasable","14":"product-type-variable"},"yoast_head":"<!-- This site is optimized with the Yoast SEO plugin v27.6 - https:\/\/yoast.com\/product\/yoast-seo-wordpress\/ -->\n<title>Bl\u00f8dt fleece t\u00e6ppe 180x200 cm | AZTEX<\/title>\n<meta name=\"description\" content=\"Behageligt og varmt fleece t\u00e6ppe i st\u00f8rrelse 180x200 cm. Ideel til hverdagsbrug, der giver en behagelig bl\u00f8dhed mod huden, der skaber en god f\u00f8lelse.\" \/>\n<meta name=\"robots\" content=\"index, follow, max-snippet:-1, max-image-preview:large, max-video-preview:-1\" \/>\n<link rel=\"canonical\" href=\"https:\/\/aztex.ee\/da\/pood\/plaider-taepper\/bloedt-fleece-taeppe-180x200-cm\/\" \/>\n<meta property=\"og:locale\" content=\"da_DK\" \/>\n<meta property=\"og:type\" content=\"article\" \/>\n<meta property=\"og:title\" content=\"Bl\u00f8dt fleece t\u00e6ppe 180x200 cm | AZTEX\" \/>\n<meta property=\"og:description\" content=\"Behageligt og varmt fleece t\u00e6ppe i st\u00f8rrelse 180x200 cm. Ideel til hverdagsbrug, der giver en behagelig bl\u00f8dhed mod huden, der skaber en god f\u00f8lelse.\" \/>\n<meta property=\"og:url\" content=\"https:\/\/aztex.ee\/da\/pood\/plaider-taepper\/bloedt-fleece-taeppe-180x200-cm\/\" \/>\n<meta property=\"og:site_name\" content=\"AZTEX\" \/>\n<meta property=\"article:publisher\" content=\"https:\/\/www.facebook.com\/AztexEE\" \/>\n<meta property=\"article:modified_time\" content=\"2026-04-24T09:14:55+00:00\" \/>\n<meta property=\"og:image\" content=\"https:\/\/aztex.ee\/wp-content\/uploads\/2025\/02\/Pehme-fliistekk-180\u00d7200-cm.jpg\" \/>\n\t<meta property=\"og:image:width\" content=\"800\" \/>\n\t<meta property=\"og:image:height\" content=\"800\" \/>\n\t<meta property=\"og:image:type\" content=\"image\/jpeg\" \/>\n<meta name=\"twitter:card\" content=\"summary_large_image\" \/>\n<meta name=\"twitter:label1\" content=\"Estimeret l\u00e6setid\" \/>\n\t<meta name=\"twitter:data1\" content=\"2 minutter\" \/>\n<script type=\"application\/ld+json\" class=\"yoast-schema-graph\">{\"@context\":\"https:\\\/\\\/schema.org\",\"@graph\":[{\"@type\":[\"WebPage\",\"ItemPage\"],\"@id\":\"https:\\\/\\\/aztex.ee\\\/da\\\/pood\\\/plaider-taepper\\\/bloedt-fleece-taeppe-180x200-cm\\\/\",\"url\":\"https:\\\/\\\/aztex.ee\\\/da\\\/pood\\\/plaider-taepper\\\/bloedt-fleece-taeppe-180x200-cm\\\/\",\"name\":\"Bl\u00f8dt fleece t\u00e6ppe 180x200 cm | AZTEX\",\"isPartOf\":{\"@id\":\"https:\\\/\\\/aztex.ee\\\/da\\\/#website\"},\"primaryImageOfPage\":{\"@id\":\"https:\\\/\\\/aztex.ee\\\/da\\\/pood\\\/plaider-taepper\\\/bloedt-fleece-taeppe-180x200-cm\\\/#primaryimage\"},\"image\":{\"@id\":\"https:\\\/\\\/aztex.ee\\\/da\\\/pood\\\/plaider-taepper\\\/bloedt-fleece-taeppe-180x200-cm\\\/#primaryimage\"},\"thumbnailUrl\":\"https:\\\/\\\/aztex.ee\\\/wp-content\\\/uploads\\\/2025\\\/02\\\/Pehme-fliistekk-180\u00d7200-cm.jpg\",\"datePublished\":\"2025-02-13T18:53:53+00:00\",\"dateModified\":\"2026-04-24T09:14:55+00:00\",\"description\":\"Behageligt og varmt fleece t\u00e6ppe i st\u00f8rrelse 180x200 cm. Ideel til hverdagsbrug, der giver en behagelig bl\u00f8dhed mod huden, der skaber en god f\u00f8lelse.\",\"breadcrumb\":{\"@id\":\"https:\\\/\\\/aztex.ee\\\/da\\\/pood\\\/plaider-taepper\\\/bloedt-fleece-taeppe-180x200-cm\\\/#breadcrumb\"},\"inLanguage\":\"da-DK\",\"potentialAction\":[{\"@type\":\"ReadAction\",\"target\":[\"https:\\\/\\\/aztex.ee\\\/da\\\/pood\\\/plaider-taepper\\\/bloedt-fleece-taeppe-180x200-cm\\\/\"]}]},{\"@type\":\"ImageObject\",\"inLanguage\":\"da-DK\",\"@id\":\"https:\\\/\\\/aztex.ee\\\/da\\\/pood\\\/plaider-taepper\\\/bloedt-fleece-taeppe-180x200-cm\\\/#primaryimage\",\"url\":\"https:\\\/\\\/aztex.ee\\\/wp-content\\\/uploads\\\/2025\\\/02\\\/Pehme-fliistekk-180\u00d7200-cm.jpg\",\"contentUrl\":\"https:\\\/\\\/aztex.ee\\\/wp-content\\\/uploads\\\/2025\\\/02\\\/Pehme-fliistekk-180\u00d7200-cm.jpg\",\"width\":800,\"height\":800,\"caption\":\"Pehme fliistekk 180\u00d7200 cm\"},{\"@type\":\"BreadcrumbList\",\"@id\":\"https:\\\/\\\/aztex.ee\\\/da\\\/pood\\\/plaider-taepper\\\/bloedt-fleece-taeppe-180x200-cm\\\/#breadcrumb\",\"itemListElement\":[{\"@type\":\"ListItem\",\"position\":1,\"name\":\"Forside\",\"item\":\"https:\\\/\\\/aztex.ee\\\/da\\\/\"},{\"@type\":\"ListItem\",\"position\":2,\"name\":\"Butik\",\"item\":\"https:\\\/\\\/aztex.ee\\\/da\\\/butik\\\/\"},{\"@type\":\"ListItem\",\"position\":3,\"name\":\"Bl\u00f8dt fleece t\u00e6ppe 180&#215;200 cm\"}]},{\"@type\":\"WebSite\",\"@id\":\"https:\\\/\\\/aztex.ee\\\/da\\\/#website\",\"url\":\"https:\\\/\\\/aztex.ee\\\/da\\\/\",\"name\":\"AZTEX\",\"description\":\"\",\"publisher\":{\"@id\":\"https:\\\/\\\/aztex.ee\\\/da\\\/#organization\"},\"potentialAction\":[{\"@type\":\"SearchAction\",\"target\":{\"@type\":\"EntryPoint\",\"urlTemplate\":\"https:\\\/\\\/aztex.ee\\\/da\\\/?s={search_term_string}\"},\"query-input\":{\"@type\":\"PropertyValueSpecification\",\"valueRequired\":true,\"valueName\":\"search_term_string\"}}],\"inLanguage\":\"da-DK\"},{\"@type\":\"Organization\",\"@id\":\"https:\\\/\\\/aztex.ee\\\/da\\\/#organization\",\"name\":\"AZTEX\",\"url\":\"https:\\\/\\\/aztex.ee\\\/da\\\/\",\"logo\":{\"@type\":\"ImageObject\",\"inLanguage\":\"da-DK\",\"@id\":\"https:\\\/\\\/aztex.ee\\\/da\\\/#\\\/schema\\\/logo\\\/image\\\/\",\"url\":\"https:\\\/\\\/aztex.ee\\\/wp-content\\\/uploads\\\/2026\\\/01\\\/AZTEX.png\",\"contentUrl\":\"https:\\\/\\\/aztex.ee\\\/wp-content\\\/uploads\\\/2026\\\/01\\\/AZTEX.png\",\"width\":500,\"height\":500,\"caption\":\"AZTEX\"},\"image\":{\"@id\":\"https:\\\/\\\/aztex.ee\\\/da\\\/#\\\/schema\\\/logo\\\/image\\\/\"},\"sameAs\":[\"https:\\\/\\\/www.facebook.com\\\/AztexEE\",\"https:\\\/\\\/www.instagram.com\\\/aztexeesti\\\/\",\"https:\\\/\\\/www.youtube.com\\\/@AZTEXEE\",\"https:\\\/\\\/www.pinterest.com\\\/aztex_eesti\\\/\",\"https:\\\/\\\/www.tiktok.com\\\/@aztexeesti\",\"https:\\\/\\\/www.trustpilot.com\\\/review\\\/aztex.ee\",\"https:\\\/\\\/www.linkedin.com\\\/company\\\/aztex-ee\\\/\",\"https:\\\/\\\/www.wikidata.org\\\/wiki\\\/Q137560182\"]}]}<\/script>\n<!-- \/ Yoast SEO plugin. -->","yoast_head_json":{"title":"Bl\u00f8dt fleece t\u00e6ppe 180x200 cm | AZTEX","description":"Behageligt og varmt fleece t\u00e6ppe i st\u00f8rrelse 180x200 cm. Ideel til hverdagsbrug, der giver en behagelig bl\u00f8dhed mod huden, der skaber en god f\u00f8lelse.","robots":{"index":"index","follow":"follow","max-snippet":"max-snippet:-1","max-image-preview":"max-image-preview:large","max-video-preview":"max-video-preview:-1"},"canonical":"https:\/\/aztex.ee\/da\/pood\/plaider-taepper\/bloedt-fleece-taeppe-180x200-cm\/","og_locale":"da_DK","og_type":"article","og_title":"Bl\u00f8dt fleece t\u00e6ppe 180x200 cm | AZTEX","og_description":"Behageligt og varmt fleece t\u00e6ppe i st\u00f8rrelse 180x200 cm. Ideel til hverdagsbrug, der giver en behagelig bl\u00f8dhed mod huden, der skaber en god f\u00f8lelse.","og_url":"https:\/\/aztex.ee\/da\/pood\/plaider-taepper\/bloedt-fleece-taeppe-180x200-cm\/","og_site_name":"AZTEX","article_publisher":"https:\/\/www.facebook.com\/AztexEE","article_modified_time":"2026-04-24T09:14:55+00:00","og_image":[{"width":800,"height":800,"url":"https:\/\/aztex.ee\/wp-content\/uploads\/2025\/02\/Pehme-fliistekk-180\u00d7200-cm.jpg","type":"image\/jpeg"}],"twitter_card":"summary_large_image","twitter_misc":{"Estimeret l\u00e6setid":"2 minutter"},"schema":{"@context":"https:\/\/schema.org","@graph":[{"@type":["WebPage","ItemPage"],"@id":"https:\/\/aztex.ee\/da\/pood\/plaider-taepper\/bloedt-fleece-taeppe-180x200-cm\/","url":"https:\/\/aztex.ee\/da\/pood\/plaider-taepper\/bloedt-fleece-taeppe-180x200-cm\/","name":"Bl\u00f8dt fleece t\u00e6ppe 180x200 cm | AZTEX","isPartOf":{"@id":"https:\/\/aztex.ee\/da\/#website"},"primaryImageOfPage":{"@id":"https:\/\/aztex.ee\/da\/pood\/plaider-taepper\/bloedt-fleece-taeppe-180x200-cm\/#primaryimage"},"image":{"@id":"https:\/\/aztex.ee\/da\/pood\/plaider-taepper\/bloedt-fleece-taeppe-180x200-cm\/#primaryimage"},"thumbnailUrl":"https:\/\/aztex.ee\/wp-content\/uploads\/2025\/02\/Pehme-fliistekk-180\u00d7200-cm.jpg","datePublished":"2025-02-13T18:53:53+00:00","dateModified":"2026-04-24T09:14:55+00:00","description":"Behageligt og varmt fleece t\u00e6ppe i st\u00f8rrelse 180x200 cm. Ideel til hverdagsbrug, der giver en behagelig bl\u00f8dhed mod huden, der skaber en god f\u00f8lelse.","breadcrumb":{"@id":"https:\/\/aztex.ee\/da\/pood\/plaider-taepper\/bloedt-fleece-taeppe-180x200-cm\/#breadcrumb"},"inLanguage":"da-DK","potentialAction":[{"@type":"ReadAction","target":["https:\/\/aztex.ee\/da\/pood\/plaider-taepper\/bloedt-fleece-taeppe-180x200-cm\/"]}]},{"@type":"ImageObject","inLanguage":"da-DK","@id":"https:\/\/aztex.ee\/da\/pood\/plaider-taepper\/bloedt-fleece-taeppe-180x200-cm\/#primaryimage","url":"https:\/\/aztex.ee\/wp-content\/uploads\/2025\/02\/Pehme-fliistekk-180\u00d7200-cm.jpg","contentUrl":"https:\/\/aztex.ee\/wp-content\/uploads\/2025\/02\/Pehme-fliistekk-180\u00d7200-cm.jpg","width":800,"height":800,"caption":"Pehme fliistekk 180\u00d7200 cm"},{"@type":"BreadcrumbList","@id":"https:\/\/aztex.ee\/da\/pood\/plaider-taepper\/bloedt-fleece-taeppe-180x200-cm\/#breadcrumb","itemListElement":[{"@type":"ListItem","position":1,"name":"Forside","item":"https:\/\/aztex.ee\/da\/"},{"@type":"ListItem","position":2,"name":"Butik","item":"https:\/\/aztex.ee\/da\/butik\/"},{"@type":"ListItem","position":3,"name":"Bl\u00f8dt fleece t\u00e6ppe 180&#215;200 cm"}]},{"@type":"WebSite","@id":"https:\/\/aztex.ee\/da\/#website","url":"https:\/\/aztex.ee\/da\/","name":"AZTEX","description":"","publisher":{"@id":"https:\/\/aztex.ee\/da\/#organization"},"potentialAction":[{"@type":"SearchAction","target":{"@type":"EntryPoint","urlTemplate":"https:\/\/aztex.ee\/da\/?s={search_term_string}"},"query-input":{"@type":"PropertyValueSpecification","valueRequired":true,"valueName":"search_term_string"}}],"inLanguage":"da-DK"},{"@type":"Organization","@id":"https:\/\/aztex.ee\/da\/#organization","name":"AZTEX","url":"https:\/\/aztex.ee\/da\/","logo":{"@type":"ImageObject","inLanguage":"da-DK","@id":"https:\/\/aztex.ee\/da\/#\/schema\/logo\/image\/","url":"https:\/\/aztex.ee\/wp-content\/uploads\/2026\/01\/AZTEX.png","contentUrl":"https:\/\/aztex.ee\/wp-content\/uploads\/2026\/01\/AZTEX.png","width":500,"height":500,"caption":"AZTEX"},"image":{"@id":"https:\/\/aztex.ee\/da\/#\/schema\/logo\/image\/"},"sameAs":["https:\/\/www.facebook.com\/AztexEE","https:\/\/www.instagram.com\/aztexeesti\/","https:\/\/www.youtube.com\/@AZTEXEE","https:\/\/www.pinterest.com\/aztex_eesti\/","https:\/\/www.tiktok.com\/@aztexeesti","https:\/\/www.trustpilot.com\/review\/aztex.ee","https:\/\/www.linkedin.com\/company\/aztex-ee\/","https:\/\/www.wikidata.org\/wiki\/Q137560182"]}]}},"_links":{"self":[{"href":"https:\/\/aztex.ee\/da\/wp-json\/wp\/v2\/product\/55146","targetHints":{"allow":["GET"]}}],"collection":[{"href":"https:\/\/aztex.ee\/da\/wp-json\/wp\/v2\/product"}],"about":[{"href":"https:\/\/aztex.ee\/da\/wp-json\/wp\/v2\/types\/product"}],"replies":[{"embeddable":true,"href":"https:\/\/aztex.ee\/da\/wp-json\/wp\/v2\/comments?post=55146"}],"version-history":[{"count":0,"href":"https:\/\/aztex.ee\/da\/wp-json\/wp\/v2\/product\/55146\/revisions"}],"wp:featuredmedia":[{"embeddable":true,"href":"https:\/\/aztex.ee\/da\/wp-json\/wp\/v2\/media\/55352"}],"wp:attachment":[{"href":"https:\/\/aztex.ee\/da\/wp-json\/wp\/v2\/media?parent=55146"}],"wp:term":[{"taxonomy":"product_brand","embeddable":true,"href":"https:\/\/aztex.ee\/da\/wp-json\/wp\/v2\/product_brand?post=55146"},{"taxonomy":"product_cat","embeddable":true,"href":"https:\/\/aztex.ee\/da\/wp-json\/wp\/v2\/product_cat?post=55146"},{"taxonomy":"product_tag","embeddable":true,"href":"https:\/\/aztex.ee\/da\/wp-json\/wp\/v2\/product_tag?post=55146"}],"curies":[{"name":"wp","href":"https:\/\/api.w.org\/{rel}","templated":true}]}}