{"id":54060,"date":"2025-02-11T19:48:51","date_gmt":"2025-02-11T19:48:51","guid":{"rendered":"https:\/\/aztex.ee\/?post_type=product&#038;p=54060"},"modified":"2026-04-11T12:19:43","modified_gmt":"2026-04-11T12:19:43","slug":"bloedt-fleece-taeppe-150x200-cm","status":"publish","type":"product","link":"https:\/\/aztex.ee\/da\/pood\/plaider-taepper\/bloedt-fleece-taeppe-150x200-cm\/","title":{"rendered":"Bl\u00f8dt fleece t\u00e6ppe 150&#215;200 cm"},"content":{"rendered":"<p><strong>Bl\u00f8dt og varmt fleece t\u00e6ppe i st\u00f8rrelsen 150\u00d7200 cm<\/strong><\/p>\n<p><strong>Afslappende komfort til hver dag<\/strong><br \/>\nFleece t\u00e6ppet er designet til hverdagsbrug og giver varme og komfort til enhver tid. Materialet er behageligt for huden og sikrer en bl\u00f8d og beroligende oplevelse, hvilket g\u00f8r hvert \u00f8jeblik af afslapning endnu mere behageligt.<\/p>\n<p><strong>Kvalitet og langvarig holdbarhed<\/strong><br \/>\nFremstillet af h\u00f8jkvalitets fleece materiale, der er designet til at holde. Fleecet\u00e6ppet bevarer sin bl\u00f8dhed og varme selv efter flere vaske, hvilket giver p\u00e5lidelig varme og komfort hver gang.<\/p>\n<p><strong>Alsidig og praktisk brug<\/strong><br \/>\nFleece t\u00e6ppet kan bruges overalt &#8211; uanset om det er i sengen, p\u00e5 sofaen eller afslapning derhjemme, hvilket giver varme og hygge til enhver tid. Det er den ideelle ledsager til alle \u00f8jeblikke af afslapning, da det er det perfekte produkt til hverdagskomfort.<\/p>\n<p><strong>Nem pleje og et p\u00e5lideligt valg<\/strong><br \/>\nFleecet\u00e6ppet er nemt og ubesv\u00e6ret at pleje &#8211; det bevarer sin bl\u00f8dhed selv efter flere vaske. Det slidst\u00e6rke materiale g\u00f8r et fleecet\u00e6ppe til et praktisk og godt valg.<\/p>\n<p>Oplev varme, komfort og kvalitet \u2013 et fleecet\u00e6ppe er det perfekte valg til ethvert hjem, der giver varme og hygge til enhver tid.<\/p>\n","protected":false},"excerpt":{"rendered":"<ul>\n<li>Materiale: Koral fleece<\/li>\n<li>St\u00f8rrelse: 150&#215;200 cm \u00b13<\/li>\n<li>V\u00e6gt: 1 kg<\/li>\n<\/ul>\n","protected":false},"featured_media":54203,"comment_status":"open","ping_status":"closed","template":"","meta":[],"product_brand":[],"product_cat":[3128,3413,1863],"product_tag":[],"class_list":{"0":"post-54060","1":"product","2":"type-product","3":"status-publish","4":"has-post-thumbnail","6":"product_cat-fleece-taepper","7":"product_cat-fleece-taepper-150x200-cm","8":"product_cat-plaider-taepper","10":"first","11":"instock","12":"shipping-taxable","13":"purchasable","14":"product-type-variable"},"yoast_head":"<!-- This site is optimized with the Yoast SEO plugin v27.3 - https:\/\/yoast.com\/product\/yoast-seo-wordpress\/ -->\n<title>Bl\u00f8dt fleece t\u00e6ppe 150x200 cm | AZTEX<\/title>\n<meta name=\"description\" content=\"Bl\u00f8dt og varmt fleece t\u00e6ppe i st\u00f8rrelsen 150x200 cm er behageligt mod huden og giver perfekt varme og komfort til hverdagsbrug.\" \/>\n<meta name=\"robots\" content=\"index, follow, max-snippet:-1, max-image-preview:large, max-video-preview:-1\" \/>\n<link rel=\"canonical\" href=\"https:\/\/aztex.ee\/da\/pood\/plaider-taepper\/bloedt-fleece-taeppe-150x200-cm\/\" \/>\n<meta property=\"og:locale\" content=\"da_DK\" \/>\n<meta property=\"og:type\" content=\"article\" \/>\n<meta property=\"og:title\" content=\"Bl\u00f8dt fleece t\u00e6ppe 150x200 cm | AZTEX\" \/>\n<meta property=\"og:description\" content=\"Bl\u00f8dt og varmt fleece t\u00e6ppe i st\u00f8rrelsen 150x200 cm er behageligt mod huden og giver perfekt varme og komfort til hverdagsbrug.\" \/>\n<meta property=\"og:url\" content=\"https:\/\/aztex.ee\/da\/pood\/plaider-taepper\/bloedt-fleece-taeppe-150x200-cm\/\" \/>\n<meta property=\"og:site_name\" content=\"AZTEX\" \/>\n<meta property=\"article:publisher\" content=\"https:\/\/www.facebook.com\/AztexEE\" \/>\n<meta property=\"article:modified_time\" content=\"2026-04-11T12:19:43+00:00\" \/>\n<meta property=\"og:image\" content=\"https:\/\/aztex.ee\/wp-content\/uploads\/2025\/02\/Fliisist-tekk-150x200-cm.jpg\" \/>\n\t<meta property=\"og:image:width\" content=\"800\" \/>\n\t<meta property=\"og:image:height\" content=\"800\" \/>\n\t<meta property=\"og:image:type\" content=\"image\/jpeg\" \/>\n<meta name=\"twitter:card\" content=\"summary_large_image\" \/>\n<meta name=\"twitter:label1\" content=\"Estimeret l\u00e6setid\" \/>\n\t<meta name=\"twitter:data1\" content=\"2 minutter\" \/>\n<script type=\"application\/ld+json\" class=\"yoast-schema-graph\">{\"@context\":\"https:\\\/\\\/schema.org\",\"@graph\":[{\"@type\":[\"WebPage\",\"ItemPage\"],\"@id\":\"https:\\\/\\\/aztex.ee\\\/da\\\/pood\\\/plaider-taepper\\\/bloedt-fleece-taeppe-150x200-cm\\\/\",\"url\":\"https:\\\/\\\/aztex.ee\\\/da\\\/pood\\\/plaider-taepper\\\/bloedt-fleece-taeppe-150x200-cm\\\/\",\"name\":\"Bl\u00f8dt fleece t\u00e6ppe 150x200 cm | AZTEX\",\"isPartOf\":{\"@id\":\"https:\\\/\\\/aztex.ee\\\/da\\\/#website\"},\"primaryImageOfPage\":{\"@id\":\"https:\\\/\\\/aztex.ee\\\/da\\\/pood\\\/plaider-taepper\\\/bloedt-fleece-taeppe-150x200-cm\\\/#primaryimage\"},\"image\":{\"@id\":\"https:\\\/\\\/aztex.ee\\\/da\\\/pood\\\/plaider-taepper\\\/bloedt-fleece-taeppe-150x200-cm\\\/#primaryimage\"},\"thumbnailUrl\":\"https:\\\/\\\/aztex.ee\\\/wp-content\\\/uploads\\\/2025\\\/02\\\/Fliisist-tekk-150x200-cm.jpg\",\"datePublished\":\"2025-02-11T19:48:51+00:00\",\"dateModified\":\"2026-04-11T12:19:43+00:00\",\"description\":\"Bl\u00f8dt og varmt fleece t\u00e6ppe i st\u00f8rrelsen 150x200 cm er behageligt mod huden og giver perfekt varme og komfort til hverdagsbrug.\",\"breadcrumb\":{\"@id\":\"https:\\\/\\\/aztex.ee\\\/da\\\/pood\\\/plaider-taepper\\\/bloedt-fleece-taeppe-150x200-cm\\\/#breadcrumb\"},\"inLanguage\":\"da-DK\",\"potentialAction\":[{\"@type\":\"ReadAction\",\"target\":[\"https:\\\/\\\/aztex.ee\\\/da\\\/pood\\\/plaider-taepper\\\/bloedt-fleece-taeppe-150x200-cm\\\/\"]}]},{\"@type\":\"ImageObject\",\"inLanguage\":\"da-DK\",\"@id\":\"https:\\\/\\\/aztex.ee\\\/da\\\/pood\\\/plaider-taepper\\\/bloedt-fleece-taeppe-150x200-cm\\\/#primaryimage\",\"url\":\"https:\\\/\\\/aztex.ee\\\/wp-content\\\/uploads\\\/2025\\\/02\\\/Fliisist-tekk-150x200-cm.jpg\",\"contentUrl\":\"https:\\\/\\\/aztex.ee\\\/wp-content\\\/uploads\\\/2025\\\/02\\\/Fliisist-tekk-150x200-cm.jpg\",\"width\":800,\"height\":800,\"caption\":\"Fliisist tekk 150x200 cm\"},{\"@type\":\"BreadcrumbList\",\"@id\":\"https:\\\/\\\/aztex.ee\\\/da\\\/pood\\\/plaider-taepper\\\/bloedt-fleece-taeppe-150x200-cm\\\/#breadcrumb\",\"itemListElement\":[{\"@type\":\"ListItem\",\"position\":1,\"name\":\"Forside\",\"item\":\"https:\\\/\\\/aztex.ee\\\/da\\\/\"},{\"@type\":\"ListItem\",\"position\":2,\"name\":\"Butik\",\"item\":\"https:\\\/\\\/aztex.ee\\\/da\\\/butik\\\/\"},{\"@type\":\"ListItem\",\"position\":3,\"name\":\"Bl\u00f8dt fleece t\u00e6ppe 150&#215;200 cm\"}]},{\"@type\":\"WebSite\",\"@id\":\"https:\\\/\\\/aztex.ee\\\/da\\\/#website\",\"url\":\"https:\\\/\\\/aztex.ee\\\/da\\\/\",\"name\":\"AZTEX\",\"description\":\"\",\"publisher\":{\"@id\":\"https:\\\/\\\/aztex.ee\\\/da\\\/#organization\"},\"potentialAction\":[{\"@type\":\"SearchAction\",\"target\":{\"@type\":\"EntryPoint\",\"urlTemplate\":\"https:\\\/\\\/aztex.ee\\\/da\\\/?s={search_term_string}\"},\"query-input\":{\"@type\":\"PropertyValueSpecification\",\"valueRequired\":true,\"valueName\":\"search_term_string\"}}],\"inLanguage\":\"da-DK\"},{\"@type\":\"Organization\",\"@id\":\"https:\\\/\\\/aztex.ee\\\/da\\\/#organization\",\"name\":\"AZTEX\",\"url\":\"https:\\\/\\\/aztex.ee\\\/da\\\/\",\"logo\":{\"@type\":\"ImageObject\",\"inLanguage\":\"da-DK\",\"@id\":\"https:\\\/\\\/aztex.ee\\\/da\\\/#\\\/schema\\\/logo\\\/image\\\/\",\"url\":\"https:\\\/\\\/aztex.ee\\\/wp-content\\\/uploads\\\/2026\\\/01\\\/AZTEX.png\",\"contentUrl\":\"https:\\\/\\\/aztex.ee\\\/wp-content\\\/uploads\\\/2026\\\/01\\\/AZTEX.png\",\"width\":500,\"height\":500,\"caption\":\"AZTEX\"},\"image\":{\"@id\":\"https:\\\/\\\/aztex.ee\\\/da\\\/#\\\/schema\\\/logo\\\/image\\\/\"},\"sameAs\":[\"https:\\\/\\\/www.facebook.com\\\/AztexEE\",\"https:\\\/\\\/www.instagram.com\\\/aztexeesti\\\/\",\"https:\\\/\\\/www.youtube.com\\\/@AZTEXEE\",\"https:\\\/\\\/www.pinterest.com\\\/aztex_eesti\\\/\",\"https:\\\/\\\/www.tiktok.com\\\/@aztexeesti\",\"https:\\\/\\\/www.trustpilot.com\\\/review\\\/aztex.ee\",\"https:\\\/\\\/www.linkedin.com\\\/company\\\/aztex-ee\\\/\",\"https:\\\/\\\/www.wikidata.org\\\/wiki\\\/Q137560182\"]}]}<\/script>\n<!-- \/ Yoast SEO plugin. -->","yoast_head_json":{"title":"Bl\u00f8dt fleece t\u00e6ppe 150x200 cm | AZTEX","description":"Bl\u00f8dt og varmt fleece t\u00e6ppe i st\u00f8rrelsen 150x200 cm er behageligt mod huden og giver perfekt varme og komfort til hverdagsbrug.","robots":{"index":"index","follow":"follow","max-snippet":"max-snippet:-1","max-image-preview":"max-image-preview:large","max-video-preview":"max-video-preview:-1"},"canonical":"https:\/\/aztex.ee\/da\/pood\/plaider-taepper\/bloedt-fleece-taeppe-150x200-cm\/","og_locale":"da_DK","og_type":"article","og_title":"Bl\u00f8dt fleece t\u00e6ppe 150x200 cm | AZTEX","og_description":"Bl\u00f8dt og varmt fleece t\u00e6ppe i st\u00f8rrelsen 150x200 cm er behageligt mod huden og giver perfekt varme og komfort til hverdagsbrug.","og_url":"https:\/\/aztex.ee\/da\/pood\/plaider-taepper\/bloedt-fleece-taeppe-150x200-cm\/","og_site_name":"AZTEX","article_publisher":"https:\/\/www.facebook.com\/AztexEE","article_modified_time":"2026-04-11T12:19:43+00:00","og_image":[{"width":800,"height":800,"url":"https:\/\/aztex.ee\/wp-content\/uploads\/2025\/02\/Fliisist-tekk-150x200-cm.jpg","type":"image\/jpeg"}],"twitter_card":"summary_large_image","twitter_misc":{"Estimeret l\u00e6setid":"2 minutter"},"schema":{"@context":"https:\/\/schema.org","@graph":[{"@type":["WebPage","ItemPage"],"@id":"https:\/\/aztex.ee\/da\/pood\/plaider-taepper\/bloedt-fleece-taeppe-150x200-cm\/","url":"https:\/\/aztex.ee\/da\/pood\/plaider-taepper\/bloedt-fleece-taeppe-150x200-cm\/","name":"Bl\u00f8dt fleece t\u00e6ppe 150x200 cm | AZTEX","isPartOf":{"@id":"https:\/\/aztex.ee\/da\/#website"},"primaryImageOfPage":{"@id":"https:\/\/aztex.ee\/da\/pood\/plaider-taepper\/bloedt-fleece-taeppe-150x200-cm\/#primaryimage"},"image":{"@id":"https:\/\/aztex.ee\/da\/pood\/plaider-taepper\/bloedt-fleece-taeppe-150x200-cm\/#primaryimage"},"thumbnailUrl":"https:\/\/aztex.ee\/wp-content\/uploads\/2025\/02\/Fliisist-tekk-150x200-cm.jpg","datePublished":"2025-02-11T19:48:51+00:00","dateModified":"2026-04-11T12:19:43+00:00","description":"Bl\u00f8dt og varmt fleece t\u00e6ppe i st\u00f8rrelsen 150x200 cm er behageligt mod huden og giver perfekt varme og komfort til hverdagsbrug.","breadcrumb":{"@id":"https:\/\/aztex.ee\/da\/pood\/plaider-taepper\/bloedt-fleece-taeppe-150x200-cm\/#breadcrumb"},"inLanguage":"da-DK","potentialAction":[{"@type":"ReadAction","target":["https:\/\/aztex.ee\/da\/pood\/plaider-taepper\/bloedt-fleece-taeppe-150x200-cm\/"]}]},{"@type":"ImageObject","inLanguage":"da-DK","@id":"https:\/\/aztex.ee\/da\/pood\/plaider-taepper\/bloedt-fleece-taeppe-150x200-cm\/#primaryimage","url":"https:\/\/aztex.ee\/wp-content\/uploads\/2025\/02\/Fliisist-tekk-150x200-cm.jpg","contentUrl":"https:\/\/aztex.ee\/wp-content\/uploads\/2025\/02\/Fliisist-tekk-150x200-cm.jpg","width":800,"height":800,"caption":"Fliisist tekk 150x200 cm"},{"@type":"BreadcrumbList","@id":"https:\/\/aztex.ee\/da\/pood\/plaider-taepper\/bloedt-fleece-taeppe-150x200-cm\/#breadcrumb","itemListElement":[{"@type":"ListItem","position":1,"name":"Forside","item":"https:\/\/aztex.ee\/da\/"},{"@type":"ListItem","position":2,"name":"Butik","item":"https:\/\/aztex.ee\/da\/butik\/"},{"@type":"ListItem","position":3,"name":"Bl\u00f8dt fleece t\u00e6ppe 150&#215;200 cm"}]},{"@type":"WebSite","@id":"https:\/\/aztex.ee\/da\/#website","url":"https:\/\/aztex.ee\/da\/","name":"AZTEX","description":"","publisher":{"@id":"https:\/\/aztex.ee\/da\/#organization"},"potentialAction":[{"@type":"SearchAction","target":{"@type":"EntryPoint","urlTemplate":"https:\/\/aztex.ee\/da\/?s={search_term_string}"},"query-input":{"@type":"PropertyValueSpecification","valueRequired":true,"valueName":"search_term_string"}}],"inLanguage":"da-DK"},{"@type":"Organization","@id":"https:\/\/aztex.ee\/da\/#organization","name":"AZTEX","url":"https:\/\/aztex.ee\/da\/","logo":{"@type":"ImageObject","inLanguage":"da-DK","@id":"https:\/\/aztex.ee\/da\/#\/schema\/logo\/image\/","url":"https:\/\/aztex.ee\/wp-content\/uploads\/2026\/01\/AZTEX.png","contentUrl":"https:\/\/aztex.ee\/wp-content\/uploads\/2026\/01\/AZTEX.png","width":500,"height":500,"caption":"AZTEX"},"image":{"@id":"https:\/\/aztex.ee\/da\/#\/schema\/logo\/image\/"},"sameAs":["https:\/\/www.facebook.com\/AztexEE","https:\/\/www.instagram.com\/aztexeesti\/","https:\/\/www.youtube.com\/@AZTEXEE","https:\/\/www.pinterest.com\/aztex_eesti\/","https:\/\/www.tiktok.com\/@aztexeesti","https:\/\/www.trustpilot.com\/review\/aztex.ee","https:\/\/www.linkedin.com\/company\/aztex-ee\/","https:\/\/www.wikidata.org\/wiki\/Q137560182"]}]}},"_links":{"self":[{"href":"https:\/\/aztex.ee\/da\/wp-json\/wp\/v2\/product\/54060","targetHints":{"allow":["GET"]}}],"collection":[{"href":"https:\/\/aztex.ee\/da\/wp-json\/wp\/v2\/product"}],"about":[{"href":"https:\/\/aztex.ee\/da\/wp-json\/wp\/v2\/types\/product"}],"replies":[{"embeddable":true,"href":"https:\/\/aztex.ee\/da\/wp-json\/wp\/v2\/comments?post=54060"}],"version-history":[{"count":0,"href":"https:\/\/aztex.ee\/da\/wp-json\/wp\/v2\/product\/54060\/revisions"}],"wp:featuredmedia":[{"embeddable":true,"href":"https:\/\/aztex.ee\/da\/wp-json\/wp\/v2\/media\/54203"}],"wp:attachment":[{"href":"https:\/\/aztex.ee\/da\/wp-json\/wp\/v2\/media?parent=54060"}],"wp:term":[{"taxonomy":"product_brand","embeddable":true,"href":"https:\/\/aztex.ee\/da\/wp-json\/wp\/v2\/product_brand?post=54060"},{"taxonomy":"product_cat","embeddable":true,"href":"https:\/\/aztex.ee\/da\/wp-json\/wp\/v2\/product_cat?post=54060"},{"taxonomy":"product_tag","embeddable":true,"href":"https:\/\/aztex.ee\/da\/wp-json\/wp\/v2\/product_tag?post=54060"}],"curies":[{"name":"wp","href":"https:\/\/api.w.org\/{rel}","templated":true}]}}