{"id":50096,"date":"2025-02-05T22:02:46","date_gmt":"2025-02-05T22:02:46","guid":{"rendered":"https:\/\/aztex.ee\/?post_type=product&#038;p=50096"},"modified":"2026-04-09T15:49:45","modified_gmt":"2026-04-09T15:49:45","slug":"raschel-sengetaeppe-200x230-cm","status":"publish","type":"product","link":"https:\/\/aztex.ee\/da\/pood\/plaider-taepper\/raschel-sengetaeppe-200x230-cm\/","title":{"rendered":"Raschel senget\u00e6ppe 200\u00d7230 cm | 3,5 kg"},"content":{"rendered":"<p><strong>Raschel senget\u00e6ppe \u2013 luksuri\u00f8s bl\u00f8dhed og stil<\/strong><\/p>\n<p>Et Raschel senget\u00e6ppe kombinerer varme, komfort og stil i \u00e9t produkt. Luksuri\u00f8s bl\u00f8dhed g\u00f8r hverdagen hyggelig og behagelig. Senget\u00e6ppets tekstur giver en behagelig oplevelse, idet den er bl\u00f8d og samtidig holdbar nok til at sikre langtidsbrug. Forskellige farvetoner og smukke m\u00f8nstre passer ind i ethvert interi\u00f8rdesign, hvilket giver rummene varme, elegance og stil.<\/p>\n<p>Et Raschel senget\u00e6ppe er designet til at blive brugt ikke kun i sengen, men ogs\u00e5 p\u00e5 sofaen eller i andre rum, hvor der er et \u00f8nske om at tilf\u00f8je varme og en luksuri\u00f8s atmosf\u00e6re. Tykkelsen af \u200b\u200bRaschel senget\u00e6ppet sikrer en varmebevarende effekt, mens den bl\u00f8de tekstur g\u00f8r enhver brug speciel og behagelig.<\/p>\n<p><strong>Varme og komfort<\/strong><\/p>\n<p>Et Raschel senget\u00e6ppe tilbyder enest\u00e5ende varme og komfort, og er det perfekte valg til koldere dage. Dens varmebevarende egenskaber sikrer et behageligt og hyggeligt milj\u00f8, hvilket giver ekstra komfort, n\u00e5r der er brug for varme og hyggelige omgivelser. Senget\u00e6ppets design er designet til at give en ekstra varmef\u00f8lelse, uden at v\u00e6re for tung eller ubehagelig.<\/p>\n<p><strong>Elegance og stil i alle rum<\/strong><\/p>\n<p>Senget\u00e6ppets design er enkelt og elegant og passer ind i ethvert interi\u00f8r. Variationen af \u200b\u200bfarver, fra klassiske neutrale til dristigere toner, g\u00f8r Raschel senget\u00e6ppet velegnet til ethvert rum, hvad enten det er klassisk, moderne eller minimalistisk. Senget\u00e6ppet tilf\u00f8jer varme og stil til ethvert rum og er den perfekte tilf\u00f8jelse til ethvert interi\u00f8rdesign. Senget\u00e6ppets design komplementerer ethvert rum og tilf\u00f8jer varme og et luksuri\u00f8st hum\u00f8r. Raschel senget\u00e6ppet er det ideelle produkt, der kombinerer varme, komfort og stil i \u00e9n luksuri\u00f8s oplevelse.<\/p>\n","protected":false},"excerpt":{"rendered":"<ul>\n<li>Materiale: Polyester<\/li>\n<li>St\u00f8rrelse: 200&#215;230 cm \u00b13<\/li>\n<li>V\u00e6gt: 3,5 kg<\/li>\n<\/ul>\n","protected":false},"featured_media":50239,"comment_status":"open","ping_status":"closed","template":"","meta":[],"product_brand":[],"product_cat":[1863,3038,3086],"product_tag":[],"class_list":{"0":"post-50096","1":"product","2":"type-product","3":"status-publish","4":"has-post-thumbnail","6":"product_cat-plaider-taepper","7":"product_cat-raschel-sengetaepper","8":"product_cat-raschel-sengetaepper-200x230-cm","10":"first","11":"instock","12":"shipping-taxable","13":"purchasable","14":"product-type-variable"},"yoast_head":"<!-- This site is optimized with the Yoast SEO plugin v27.4 - https:\/\/yoast.com\/product\/yoast-seo-wordpress\/ -->\n<title>Bl\u00f8de senget\u00e6ppe 200x230 cm | AZTEX<\/title>\n<meta name=\"description\" content=\"Raschel senget\u00e6ppe kombinerer bl\u00f8dhed og elegance, og passer ind i ethvert interi\u00f8r. Tilbyder varme og luksuri\u00f8s komfort, det er det perfekte valg for ...\" \/>\n<meta name=\"robots\" content=\"index, follow, max-snippet:-1, max-image-preview:large, max-video-preview:-1\" \/>\n<link rel=\"canonical\" href=\"https:\/\/aztex.ee\/da\/pood\/plaider-taepper\/raschel-sengetaeppe-200x230-cm\/\" \/>\n<meta property=\"og:locale\" content=\"da_DK\" \/>\n<meta property=\"og:type\" content=\"article\" \/>\n<meta property=\"og:title\" content=\"Bl\u00f8de senget\u00e6ppe 200x230 cm | AZTEX\" \/>\n<meta property=\"og:description\" content=\"Raschel senget\u00e6ppe kombinerer bl\u00f8dhed og elegance, og passer ind i ethvert interi\u00f8r. Tilbyder varme og luksuri\u00f8s komfort, det er det perfekte valg for ...\" \/>\n<meta property=\"og:url\" content=\"https:\/\/aztex.ee\/da\/pood\/plaider-taepper\/raschel-sengetaeppe-200x230-cm\/\" \/>\n<meta property=\"og:site_name\" content=\"AZTEX\" \/>\n<meta property=\"article:publisher\" content=\"https:\/\/www.facebook.com\/AztexEE\" \/>\n<meta property=\"article:modified_time\" content=\"2026-04-09T15:49:45+00:00\" \/>\n<meta property=\"og:image\" content=\"https:\/\/aztex.ee\/wp-content\/uploads\/2025\/02\/Raschel-tekk.jpg\" \/>\n\t<meta property=\"og:image:width\" content=\"800\" \/>\n\t<meta property=\"og:image:height\" content=\"800\" \/>\n\t<meta property=\"og:image:type\" content=\"image\/jpeg\" \/>\n<meta name=\"twitter:card\" content=\"summary_large_image\" \/>\n<meta name=\"twitter:label1\" content=\"Estimeret l\u00e6setid\" \/>\n\t<meta name=\"twitter:data1\" content=\"2 minutter\" \/>\n<script type=\"application\/ld+json\" class=\"yoast-schema-graph\">{\"@context\":\"https:\\\/\\\/schema.org\",\"@graph\":[{\"@type\":[\"WebPage\",\"ItemPage\"],\"@id\":\"https:\\\/\\\/aztex.ee\\\/da\\\/pood\\\/plaider-taepper\\\/raschel-sengetaeppe-200x230-cm\\\/\",\"url\":\"https:\\\/\\\/aztex.ee\\\/da\\\/pood\\\/plaider-taepper\\\/raschel-sengetaeppe-200x230-cm\\\/\",\"name\":\"Bl\u00f8de senget\u00e6ppe 200x230 cm | AZTEX\",\"isPartOf\":{\"@id\":\"https:\\\/\\\/aztex.ee\\\/da\\\/#website\"},\"primaryImageOfPage\":{\"@id\":\"https:\\\/\\\/aztex.ee\\\/da\\\/pood\\\/plaider-taepper\\\/raschel-sengetaeppe-200x230-cm\\\/#primaryimage\"},\"image\":{\"@id\":\"https:\\\/\\\/aztex.ee\\\/da\\\/pood\\\/plaider-taepper\\\/raschel-sengetaeppe-200x230-cm\\\/#primaryimage\"},\"thumbnailUrl\":\"https:\\\/\\\/aztex.ee\\\/wp-content\\\/uploads\\\/2025\\\/02\\\/Raschel-tekk.jpg\",\"datePublished\":\"2025-02-05T22:02:46+00:00\",\"dateModified\":\"2026-04-09T15:49:45+00:00\",\"description\":\"Raschel senget\u00e6ppe kombinerer bl\u00f8dhed og elegance, og passer ind i ethvert interi\u00f8r. Tilbyder varme og luksuri\u00f8s komfort, det er det perfekte valg for ...\",\"breadcrumb\":{\"@id\":\"https:\\\/\\\/aztex.ee\\\/da\\\/pood\\\/plaider-taepper\\\/raschel-sengetaeppe-200x230-cm\\\/#breadcrumb\"},\"inLanguage\":\"da-DK\",\"potentialAction\":[{\"@type\":\"ReadAction\",\"target\":[\"https:\\\/\\\/aztex.ee\\\/da\\\/pood\\\/plaider-taepper\\\/raschel-sengetaeppe-200x230-cm\\\/\"]}]},{\"@type\":\"ImageObject\",\"inLanguage\":\"da-DK\",\"@id\":\"https:\\\/\\\/aztex.ee\\\/da\\\/pood\\\/plaider-taepper\\\/raschel-sengetaeppe-200x230-cm\\\/#primaryimage\",\"url\":\"https:\\\/\\\/aztex.ee\\\/wp-content\\\/uploads\\\/2025\\\/02\\\/Raschel-tekk.jpg\",\"contentUrl\":\"https:\\\/\\\/aztex.ee\\\/wp-content\\\/uploads\\\/2025\\\/02\\\/Raschel-tekk.jpg\",\"width\":800,\"height\":800,\"caption\":\"Raschel tekk\"},{\"@type\":\"BreadcrumbList\",\"@id\":\"https:\\\/\\\/aztex.ee\\\/da\\\/pood\\\/plaider-taepper\\\/raschel-sengetaeppe-200x230-cm\\\/#breadcrumb\",\"itemListElement\":[{\"@type\":\"ListItem\",\"position\":1,\"name\":\"Forside\",\"item\":\"https:\\\/\\\/aztex.ee\\\/da\\\/\"},{\"@type\":\"ListItem\",\"position\":2,\"name\":\"Butik\",\"item\":\"https:\\\/\\\/aztex.ee\\\/da\\\/butik\\\/\"},{\"@type\":\"ListItem\",\"position\":3,\"name\":\"Raschel senget\u00e6ppe 200\u00d7230 cm | 3,5 kg\"}]},{\"@type\":\"WebSite\",\"@id\":\"https:\\\/\\\/aztex.ee\\\/da\\\/#website\",\"url\":\"https:\\\/\\\/aztex.ee\\\/da\\\/\",\"name\":\"AZTEX\",\"description\":\"\",\"publisher\":{\"@id\":\"https:\\\/\\\/aztex.ee\\\/da\\\/#organization\"},\"potentialAction\":[{\"@type\":\"SearchAction\",\"target\":{\"@type\":\"EntryPoint\",\"urlTemplate\":\"https:\\\/\\\/aztex.ee\\\/da\\\/?s={search_term_string}\"},\"query-input\":{\"@type\":\"PropertyValueSpecification\",\"valueRequired\":true,\"valueName\":\"search_term_string\"}}],\"inLanguage\":\"da-DK\"},{\"@type\":\"Organization\",\"@id\":\"https:\\\/\\\/aztex.ee\\\/da\\\/#organization\",\"name\":\"AZTEX\",\"url\":\"https:\\\/\\\/aztex.ee\\\/da\\\/\",\"logo\":{\"@type\":\"ImageObject\",\"inLanguage\":\"da-DK\",\"@id\":\"https:\\\/\\\/aztex.ee\\\/da\\\/#\\\/schema\\\/logo\\\/image\\\/\",\"url\":\"https:\\\/\\\/aztex.ee\\\/wp-content\\\/uploads\\\/2026\\\/01\\\/AZTEX.png\",\"contentUrl\":\"https:\\\/\\\/aztex.ee\\\/wp-content\\\/uploads\\\/2026\\\/01\\\/AZTEX.png\",\"width\":500,\"height\":500,\"caption\":\"AZTEX\"},\"image\":{\"@id\":\"https:\\\/\\\/aztex.ee\\\/da\\\/#\\\/schema\\\/logo\\\/image\\\/\"},\"sameAs\":[\"https:\\\/\\\/www.facebook.com\\\/AztexEE\",\"https:\\\/\\\/www.instagram.com\\\/aztexeesti\\\/\",\"https:\\\/\\\/www.youtube.com\\\/@AZTEXEE\",\"https:\\\/\\\/www.pinterest.com\\\/aztex_eesti\\\/\",\"https:\\\/\\\/www.tiktok.com\\\/@aztexeesti\",\"https:\\\/\\\/www.trustpilot.com\\\/review\\\/aztex.ee\",\"https:\\\/\\\/www.linkedin.com\\\/company\\\/aztex-ee\\\/\",\"https:\\\/\\\/www.wikidata.org\\\/wiki\\\/Q137560182\"]}]}<\/script>\n<!-- \/ Yoast SEO plugin. -->","yoast_head_json":{"title":"Bl\u00f8de senget\u00e6ppe 200x230 cm | AZTEX","description":"Raschel senget\u00e6ppe kombinerer bl\u00f8dhed og elegance, og passer ind i ethvert interi\u00f8r. Tilbyder varme og luksuri\u00f8s komfort, det er det perfekte valg for ...","robots":{"index":"index","follow":"follow","max-snippet":"max-snippet:-1","max-image-preview":"max-image-preview:large","max-video-preview":"max-video-preview:-1"},"canonical":"https:\/\/aztex.ee\/da\/pood\/plaider-taepper\/raschel-sengetaeppe-200x230-cm\/","og_locale":"da_DK","og_type":"article","og_title":"Bl\u00f8de senget\u00e6ppe 200x230 cm | AZTEX","og_description":"Raschel senget\u00e6ppe kombinerer bl\u00f8dhed og elegance, og passer ind i ethvert interi\u00f8r. Tilbyder varme og luksuri\u00f8s komfort, det er det perfekte valg for ...","og_url":"https:\/\/aztex.ee\/da\/pood\/plaider-taepper\/raschel-sengetaeppe-200x230-cm\/","og_site_name":"AZTEX","article_publisher":"https:\/\/www.facebook.com\/AztexEE","article_modified_time":"2026-04-09T15:49:45+00:00","og_image":[{"width":800,"height":800,"url":"https:\/\/aztex.ee\/wp-content\/uploads\/2025\/02\/Raschel-tekk.jpg","type":"image\/jpeg"}],"twitter_card":"summary_large_image","twitter_misc":{"Estimeret l\u00e6setid":"2 minutter"},"schema":{"@context":"https:\/\/schema.org","@graph":[{"@type":["WebPage","ItemPage"],"@id":"https:\/\/aztex.ee\/da\/pood\/plaider-taepper\/raschel-sengetaeppe-200x230-cm\/","url":"https:\/\/aztex.ee\/da\/pood\/plaider-taepper\/raschel-sengetaeppe-200x230-cm\/","name":"Bl\u00f8de senget\u00e6ppe 200x230 cm | AZTEX","isPartOf":{"@id":"https:\/\/aztex.ee\/da\/#website"},"primaryImageOfPage":{"@id":"https:\/\/aztex.ee\/da\/pood\/plaider-taepper\/raschel-sengetaeppe-200x230-cm\/#primaryimage"},"image":{"@id":"https:\/\/aztex.ee\/da\/pood\/plaider-taepper\/raschel-sengetaeppe-200x230-cm\/#primaryimage"},"thumbnailUrl":"https:\/\/aztex.ee\/wp-content\/uploads\/2025\/02\/Raschel-tekk.jpg","datePublished":"2025-02-05T22:02:46+00:00","dateModified":"2026-04-09T15:49:45+00:00","description":"Raschel senget\u00e6ppe kombinerer bl\u00f8dhed og elegance, og passer ind i ethvert interi\u00f8r. Tilbyder varme og luksuri\u00f8s komfort, det er det perfekte valg for ...","breadcrumb":{"@id":"https:\/\/aztex.ee\/da\/pood\/plaider-taepper\/raschel-sengetaeppe-200x230-cm\/#breadcrumb"},"inLanguage":"da-DK","potentialAction":[{"@type":"ReadAction","target":["https:\/\/aztex.ee\/da\/pood\/plaider-taepper\/raschel-sengetaeppe-200x230-cm\/"]}]},{"@type":"ImageObject","inLanguage":"da-DK","@id":"https:\/\/aztex.ee\/da\/pood\/plaider-taepper\/raschel-sengetaeppe-200x230-cm\/#primaryimage","url":"https:\/\/aztex.ee\/wp-content\/uploads\/2025\/02\/Raschel-tekk.jpg","contentUrl":"https:\/\/aztex.ee\/wp-content\/uploads\/2025\/02\/Raschel-tekk.jpg","width":800,"height":800,"caption":"Raschel tekk"},{"@type":"BreadcrumbList","@id":"https:\/\/aztex.ee\/da\/pood\/plaider-taepper\/raschel-sengetaeppe-200x230-cm\/#breadcrumb","itemListElement":[{"@type":"ListItem","position":1,"name":"Forside","item":"https:\/\/aztex.ee\/da\/"},{"@type":"ListItem","position":2,"name":"Butik","item":"https:\/\/aztex.ee\/da\/butik\/"},{"@type":"ListItem","position":3,"name":"Raschel senget\u00e6ppe 200\u00d7230 cm | 3,5 kg"}]},{"@type":"WebSite","@id":"https:\/\/aztex.ee\/da\/#website","url":"https:\/\/aztex.ee\/da\/","name":"AZTEX","description":"","publisher":{"@id":"https:\/\/aztex.ee\/da\/#organization"},"potentialAction":[{"@type":"SearchAction","target":{"@type":"EntryPoint","urlTemplate":"https:\/\/aztex.ee\/da\/?s={search_term_string}"},"query-input":{"@type":"PropertyValueSpecification","valueRequired":true,"valueName":"search_term_string"}}],"inLanguage":"da-DK"},{"@type":"Organization","@id":"https:\/\/aztex.ee\/da\/#organization","name":"AZTEX","url":"https:\/\/aztex.ee\/da\/","logo":{"@type":"ImageObject","inLanguage":"da-DK","@id":"https:\/\/aztex.ee\/da\/#\/schema\/logo\/image\/","url":"https:\/\/aztex.ee\/wp-content\/uploads\/2026\/01\/AZTEX.png","contentUrl":"https:\/\/aztex.ee\/wp-content\/uploads\/2026\/01\/AZTEX.png","width":500,"height":500,"caption":"AZTEX"},"image":{"@id":"https:\/\/aztex.ee\/da\/#\/schema\/logo\/image\/"},"sameAs":["https:\/\/www.facebook.com\/AztexEE","https:\/\/www.instagram.com\/aztexeesti\/","https:\/\/www.youtube.com\/@AZTEXEE","https:\/\/www.pinterest.com\/aztex_eesti\/","https:\/\/www.tiktok.com\/@aztexeesti","https:\/\/www.trustpilot.com\/review\/aztex.ee","https:\/\/www.linkedin.com\/company\/aztex-ee\/","https:\/\/www.wikidata.org\/wiki\/Q137560182"]}]}},"_links":{"self":[{"href":"https:\/\/aztex.ee\/da\/wp-json\/wp\/v2\/product\/50096","targetHints":{"allow":["GET"]}}],"collection":[{"href":"https:\/\/aztex.ee\/da\/wp-json\/wp\/v2\/product"}],"about":[{"href":"https:\/\/aztex.ee\/da\/wp-json\/wp\/v2\/types\/product"}],"replies":[{"embeddable":true,"href":"https:\/\/aztex.ee\/da\/wp-json\/wp\/v2\/comments?post=50096"}],"version-history":[{"count":0,"href":"https:\/\/aztex.ee\/da\/wp-json\/wp\/v2\/product\/50096\/revisions"}],"wp:featuredmedia":[{"embeddable":true,"href":"https:\/\/aztex.ee\/da\/wp-json\/wp\/v2\/media\/50239"}],"wp:attachment":[{"href":"https:\/\/aztex.ee\/da\/wp-json\/wp\/v2\/media?parent=50096"}],"wp:term":[{"taxonomy":"product_brand","embeddable":true,"href":"https:\/\/aztex.ee\/da\/wp-json\/wp\/v2\/product_brand?post=50096"},{"taxonomy":"product_cat","embeddable":true,"href":"https:\/\/aztex.ee\/da\/wp-json\/wp\/v2\/product_cat?post=50096"},{"taxonomy":"product_tag","embeddable":true,"href":"https:\/\/aztex.ee\/da\/wp-json\/wp\/v2\/product_tag?post=50096"}],"curies":[{"name":"wp","href":"https:\/\/api.w.org\/{rel}","templated":true}]}}