{"id":47594,"date":"2025-01-28T08:48:05","date_gmt":"2025-01-28T08:48:05","guid":{"rendered":"https:\/\/aztex.ee\/?post_type=product&#038;p=47594"},"modified":"2026-04-12T12:51:05","modified_gmt":"2026-04-12T12:51:05","slug":"haandklaede-i-oekologisk-bomuld","status":"publish","type":"product","link":"https:\/\/aztex.ee\/da\/pood\/haandklaeder-og-badehaandklaeder\/haandklaede-i-oekologisk-bomuld\/","title":{"rendered":"H\u00e5ndkl\u00e6de i \u00f8kologisk bomuld"},"content":{"rendered":"<p><strong>Bomuldsh\u00e5ndkl\u00e6de \u2013 et praktisk og stilfuldt valg til hverdagsbrug<\/strong><\/p>\n<p>Et bomuldsh\u00e5ndkl\u00e6de af h\u00f8j kvalitet kombinerer komfort, holdbarhed og \u00e6stetisk udseende. Den er lavet af 100% naturlig bomuld, s\u00e5 h\u00e5ndkl\u00e6det er bl\u00f8dt og absorberende, ideelt til hverdagsbrug. Det alsidige design komplementerer interi\u00f8ret i dit hjem og er et praktisk valg til enhver lejlighed.<\/p>\n<p><strong>Hovedtr\u00e6k:<\/strong><\/p>\n<p><strong>Materiale<\/strong><br \/>\nH\u00e5ndkl\u00e6det er lavet af 100% ren bomuld, hvilket sikrer dets s\u00e6rlige bl\u00f8dhed og \u00e5ndbarhed. Takket v\u00e6re det naturlige materiale f\u00f8les det behageligt p\u00e5 huden og er ogs\u00e5 velegnet til personer med f\u00f8lsom hud.<\/p>\n<p><strong>Absorberingsevne<\/strong><br \/>\nBomuldsstof absorberer effektivt fugt og giver hurtig og behagelig t\u00f8rring. Dette g\u00f8r h\u00e5ndkl\u00e6det velegnet til hverdagsbrug.<\/p>\n<p><strong>Holdbarhed<\/strong><br \/>\nEt bomuldsh\u00e5ndkl\u00e6de er slidst\u00e6rkt og bevarer sine egenskaber selv efter gentagen vask. Dens st\u00e6rke fibre forhindrer slitage og sikrer en lang levetid.<\/p>\n<p><strong>Design<\/strong><br \/>\nH\u00e5ndkl\u00e6det f\u00e5s i forskellige farver, der matcher forskellige stilarter og interi\u00f8rer. Uanset om det er en minimalistisk eller klassisk stil, vil dette h\u00e5ndkl\u00e6de fremh\u00e6ve ethvert rum.<\/p>\n<p><strong>Omsorg<\/strong><br \/>\nH\u00e5ndkl\u00e6det er nemt at passe &#8211; det kan maskinvaskes og t\u00f8rrer hurtigt. Materialet bevarer sin bl\u00f8dhed og farvelysstyrke selv efter hyppig vask, hvilket altid giver en behagelig oplevelse.<\/p>\n<p>Bomuldsh\u00e5ndkl\u00e6det er ideelt til b\u00e5de hverdagsbrug og som en praktisk gave. Dets h\u00f8jkvalitetsmateriale og stilfulde design sikrer fremragende brugskomfort.<\/p>\n","protected":false},"excerpt":{"rendered":"<ul>\n<li>Materiale: 100% bomuld<\/li>\n<li>St\u00f8rrelse: 35\u00d775 cm \u00b13<\/li>\n<li>V\u00e6gt: 450g\/m2<\/li>\n<\/ul>\n","protected":false},"featured_media":47968,"comment_status":"open","ping_status":"closed","template":"","meta":[],"product_brand":[],"product_cat":[1729,769,475],"product_tag":[],"class_list":{"0":"post-47594","1":"product","2":"type-product","3":"status-publish","4":"has-post-thumbnail","6":"product_cat-handklaeder","7":"product_cat-handklaeder-35x75-cm","8":"product_cat-haandklaeder-og-badehaandklaeder","10":"first","11":"instock","12":"sale","13":"shipping-taxable","14":"purchasable","15":"product-type-variable"},"yoast_head":"<!-- This site is optimized with the Yoast SEO plugin v27.4 - https:\/\/yoast.com\/product\/yoast-seo-wordpress\/ -->\n<title>H\u00e5ndkl\u00e6de i \u00f8kologisk bomuld | Naturlig og Bl\u00f8d - AZTEX<\/title>\n<meta name=\"description\" content=\"Slidst\u00e6rkt, stilfuldt og let at pleje, bl\u00f8dt og h\u00f8jkvalitets bomuldsh\u00e5ndkl\u00e6de. Bomuldsh\u00e5ndkl\u00e6det er lavet af 100% bomuld, bl\u00f8dt og absorberende.\" \/>\n<meta name=\"robots\" content=\"index, follow, max-snippet:-1, max-image-preview:large, max-video-preview:-1\" \/>\n<link rel=\"canonical\" href=\"https:\/\/aztex.ee\/da\/pood\/haandklaeder-og-badehaandklaeder\/haandklaede-i-oekologisk-bomuld\/\" \/>\n<meta property=\"og:locale\" content=\"da_DK\" \/>\n<meta property=\"og:type\" content=\"article\" \/>\n<meta property=\"og:title\" content=\"H\u00e5ndkl\u00e6de i \u00f8kologisk bomuld | Naturlig og Bl\u00f8d - AZTEX\" \/>\n<meta property=\"og:description\" content=\"Slidst\u00e6rkt, stilfuldt og let at pleje, bl\u00f8dt og h\u00f8jkvalitets bomuldsh\u00e5ndkl\u00e6de. Bomuldsh\u00e5ndkl\u00e6det er lavet af 100% bomuld, bl\u00f8dt og absorberende.\" \/>\n<meta property=\"og:url\" content=\"https:\/\/aztex.ee\/da\/pood\/haandklaeder-og-badehaandklaeder\/haandklaede-i-oekologisk-bomuld\/\" \/>\n<meta property=\"og:site_name\" content=\"AZTEX\" \/>\n<meta property=\"article:publisher\" content=\"https:\/\/www.facebook.com\/AztexEE\" \/>\n<meta property=\"article:modified_time\" content=\"2026-04-12T12:51:05+00:00\" \/>\n<meta property=\"og:image\" content=\"https:\/\/aztex.ee\/wp-content\/uploads\/2025\/01\/Puuvillane-ratik.jpg\" \/>\n\t<meta property=\"og:image:width\" content=\"800\" \/>\n\t<meta property=\"og:image:height\" content=\"800\" \/>\n\t<meta property=\"og:image:type\" content=\"image\/jpeg\" \/>\n<meta name=\"twitter:card\" content=\"summary_large_image\" \/>\n<meta name=\"twitter:label1\" content=\"Estimeret l\u00e6setid\" \/>\n\t<meta name=\"twitter:data1\" content=\"2 minutter\" \/>\n<script type=\"application\/ld+json\" class=\"yoast-schema-graph\">{\"@context\":\"https:\\\/\\\/schema.org\",\"@graph\":[{\"@type\":[\"WebPage\",\"ItemPage\"],\"@id\":\"https:\\\/\\\/aztex.ee\\\/da\\\/pood\\\/haandklaeder-og-badehaandklaeder\\\/haandklaede-i-oekologisk-bomuld\\\/\",\"url\":\"https:\\\/\\\/aztex.ee\\\/da\\\/pood\\\/haandklaeder-og-badehaandklaeder\\\/haandklaede-i-oekologisk-bomuld\\\/\",\"name\":\"H\u00e5ndkl\u00e6de i \u00f8kologisk bomuld | Naturlig og Bl\u00f8d - AZTEX\",\"isPartOf\":{\"@id\":\"https:\\\/\\\/aztex.ee\\\/da\\\/#website\"},\"primaryImageOfPage\":{\"@id\":\"https:\\\/\\\/aztex.ee\\\/da\\\/pood\\\/haandklaeder-og-badehaandklaeder\\\/haandklaede-i-oekologisk-bomuld\\\/#primaryimage\"},\"image\":{\"@id\":\"https:\\\/\\\/aztex.ee\\\/da\\\/pood\\\/haandklaeder-og-badehaandklaeder\\\/haandklaede-i-oekologisk-bomuld\\\/#primaryimage\"},\"thumbnailUrl\":\"https:\\\/\\\/aztex.ee\\\/wp-content\\\/uploads\\\/2025\\\/01\\\/Puuvillane-ratik.jpg\",\"datePublished\":\"2025-01-28T08:48:05+00:00\",\"dateModified\":\"2026-04-12T12:51:05+00:00\",\"description\":\"Slidst\u00e6rkt, stilfuldt og let at pleje, bl\u00f8dt og h\u00f8jkvalitets bomuldsh\u00e5ndkl\u00e6de. Bomuldsh\u00e5ndkl\u00e6det er lavet af 100% bomuld, bl\u00f8dt og absorberende.\",\"breadcrumb\":{\"@id\":\"https:\\\/\\\/aztex.ee\\\/da\\\/pood\\\/haandklaeder-og-badehaandklaeder\\\/haandklaede-i-oekologisk-bomuld\\\/#breadcrumb\"},\"inLanguage\":\"da-DK\",\"potentialAction\":[{\"@type\":\"ReadAction\",\"target\":[\"https:\\\/\\\/aztex.ee\\\/da\\\/pood\\\/haandklaeder-og-badehaandklaeder\\\/haandklaede-i-oekologisk-bomuld\\\/\"]}]},{\"@type\":\"ImageObject\",\"inLanguage\":\"da-DK\",\"@id\":\"https:\\\/\\\/aztex.ee\\\/da\\\/pood\\\/haandklaeder-og-badehaandklaeder\\\/haandklaede-i-oekologisk-bomuld\\\/#primaryimage\",\"url\":\"https:\\\/\\\/aztex.ee\\\/wp-content\\\/uploads\\\/2025\\\/01\\\/Puuvillane-ratik.jpg\",\"contentUrl\":\"https:\\\/\\\/aztex.ee\\\/wp-content\\\/uploads\\\/2025\\\/01\\\/Puuvillane-ratik.jpg\",\"width\":800,\"height\":800,\"caption\":\"Puuvillane r\u00e4tik\"},{\"@type\":\"BreadcrumbList\",\"@id\":\"https:\\\/\\\/aztex.ee\\\/da\\\/pood\\\/haandklaeder-og-badehaandklaeder\\\/haandklaede-i-oekologisk-bomuld\\\/#breadcrumb\",\"itemListElement\":[{\"@type\":\"ListItem\",\"position\":1,\"name\":\"Forside\",\"item\":\"https:\\\/\\\/aztex.ee\\\/da\\\/\"},{\"@type\":\"ListItem\",\"position\":2,\"name\":\"Butik\",\"item\":\"https:\\\/\\\/aztex.ee\\\/da\\\/butik\\\/\"},{\"@type\":\"ListItem\",\"position\":3,\"name\":\"H\u00e5ndkl\u00e6de i \u00f8kologisk bomuld\"}]},{\"@type\":\"WebSite\",\"@id\":\"https:\\\/\\\/aztex.ee\\\/da\\\/#website\",\"url\":\"https:\\\/\\\/aztex.ee\\\/da\\\/\",\"name\":\"AZTEX\",\"description\":\"\",\"publisher\":{\"@id\":\"https:\\\/\\\/aztex.ee\\\/da\\\/#organization\"},\"potentialAction\":[{\"@type\":\"SearchAction\",\"target\":{\"@type\":\"EntryPoint\",\"urlTemplate\":\"https:\\\/\\\/aztex.ee\\\/da\\\/?s={search_term_string}\"},\"query-input\":{\"@type\":\"PropertyValueSpecification\",\"valueRequired\":true,\"valueName\":\"search_term_string\"}}],\"inLanguage\":\"da-DK\"},{\"@type\":\"Organization\",\"@id\":\"https:\\\/\\\/aztex.ee\\\/da\\\/#organization\",\"name\":\"AZTEX\",\"url\":\"https:\\\/\\\/aztex.ee\\\/da\\\/\",\"logo\":{\"@type\":\"ImageObject\",\"inLanguage\":\"da-DK\",\"@id\":\"https:\\\/\\\/aztex.ee\\\/da\\\/#\\\/schema\\\/logo\\\/image\\\/\",\"url\":\"https:\\\/\\\/aztex.ee\\\/wp-content\\\/uploads\\\/2026\\\/01\\\/AZTEX.png\",\"contentUrl\":\"https:\\\/\\\/aztex.ee\\\/wp-content\\\/uploads\\\/2026\\\/01\\\/AZTEX.png\",\"width\":500,\"height\":500,\"caption\":\"AZTEX\"},\"image\":{\"@id\":\"https:\\\/\\\/aztex.ee\\\/da\\\/#\\\/schema\\\/logo\\\/image\\\/\"},\"sameAs\":[\"https:\\\/\\\/www.facebook.com\\\/AztexEE\",\"https:\\\/\\\/www.instagram.com\\\/aztexeesti\\\/\",\"https:\\\/\\\/www.youtube.com\\\/@AZTEXEE\",\"https:\\\/\\\/www.pinterest.com\\\/aztex_eesti\\\/\",\"https:\\\/\\\/www.tiktok.com\\\/@aztexeesti\",\"https:\\\/\\\/www.trustpilot.com\\\/review\\\/aztex.ee\",\"https:\\\/\\\/www.linkedin.com\\\/company\\\/aztex-ee\\\/\",\"https:\\\/\\\/www.wikidata.org\\\/wiki\\\/Q137560182\"]}]}<\/script>\n<!-- \/ Yoast SEO plugin. -->","yoast_head_json":{"title":"H\u00e5ndkl\u00e6de i \u00f8kologisk bomuld | Naturlig og Bl\u00f8d - AZTEX","description":"Slidst\u00e6rkt, stilfuldt og let at pleje, bl\u00f8dt og h\u00f8jkvalitets bomuldsh\u00e5ndkl\u00e6de. Bomuldsh\u00e5ndkl\u00e6det er lavet af 100% bomuld, bl\u00f8dt og absorberende.","robots":{"index":"index","follow":"follow","max-snippet":"max-snippet:-1","max-image-preview":"max-image-preview:large","max-video-preview":"max-video-preview:-1"},"canonical":"https:\/\/aztex.ee\/da\/pood\/haandklaeder-og-badehaandklaeder\/haandklaede-i-oekologisk-bomuld\/","og_locale":"da_DK","og_type":"article","og_title":"H\u00e5ndkl\u00e6de i \u00f8kologisk bomuld | Naturlig og Bl\u00f8d - AZTEX","og_description":"Slidst\u00e6rkt, stilfuldt og let at pleje, bl\u00f8dt og h\u00f8jkvalitets bomuldsh\u00e5ndkl\u00e6de. Bomuldsh\u00e5ndkl\u00e6det er lavet af 100% bomuld, bl\u00f8dt og absorberende.","og_url":"https:\/\/aztex.ee\/da\/pood\/haandklaeder-og-badehaandklaeder\/haandklaede-i-oekologisk-bomuld\/","og_site_name":"AZTEX","article_publisher":"https:\/\/www.facebook.com\/AztexEE","article_modified_time":"2026-04-12T12:51:05+00:00","og_image":[{"width":800,"height":800,"url":"https:\/\/aztex.ee\/wp-content\/uploads\/2025\/01\/Puuvillane-ratik.jpg","type":"image\/jpeg"}],"twitter_card":"summary_large_image","twitter_misc":{"Estimeret l\u00e6setid":"2 minutter"},"schema":{"@context":"https:\/\/schema.org","@graph":[{"@type":["WebPage","ItemPage"],"@id":"https:\/\/aztex.ee\/da\/pood\/haandklaeder-og-badehaandklaeder\/haandklaede-i-oekologisk-bomuld\/","url":"https:\/\/aztex.ee\/da\/pood\/haandklaeder-og-badehaandklaeder\/haandklaede-i-oekologisk-bomuld\/","name":"H\u00e5ndkl\u00e6de i \u00f8kologisk bomuld | Naturlig og Bl\u00f8d - AZTEX","isPartOf":{"@id":"https:\/\/aztex.ee\/da\/#website"},"primaryImageOfPage":{"@id":"https:\/\/aztex.ee\/da\/pood\/haandklaeder-og-badehaandklaeder\/haandklaede-i-oekologisk-bomuld\/#primaryimage"},"image":{"@id":"https:\/\/aztex.ee\/da\/pood\/haandklaeder-og-badehaandklaeder\/haandklaede-i-oekologisk-bomuld\/#primaryimage"},"thumbnailUrl":"https:\/\/aztex.ee\/wp-content\/uploads\/2025\/01\/Puuvillane-ratik.jpg","datePublished":"2025-01-28T08:48:05+00:00","dateModified":"2026-04-12T12:51:05+00:00","description":"Slidst\u00e6rkt, stilfuldt og let at pleje, bl\u00f8dt og h\u00f8jkvalitets bomuldsh\u00e5ndkl\u00e6de. Bomuldsh\u00e5ndkl\u00e6det er lavet af 100% bomuld, bl\u00f8dt og absorberende.","breadcrumb":{"@id":"https:\/\/aztex.ee\/da\/pood\/haandklaeder-og-badehaandklaeder\/haandklaede-i-oekologisk-bomuld\/#breadcrumb"},"inLanguage":"da-DK","potentialAction":[{"@type":"ReadAction","target":["https:\/\/aztex.ee\/da\/pood\/haandklaeder-og-badehaandklaeder\/haandklaede-i-oekologisk-bomuld\/"]}]},{"@type":"ImageObject","inLanguage":"da-DK","@id":"https:\/\/aztex.ee\/da\/pood\/haandklaeder-og-badehaandklaeder\/haandklaede-i-oekologisk-bomuld\/#primaryimage","url":"https:\/\/aztex.ee\/wp-content\/uploads\/2025\/01\/Puuvillane-ratik.jpg","contentUrl":"https:\/\/aztex.ee\/wp-content\/uploads\/2025\/01\/Puuvillane-ratik.jpg","width":800,"height":800,"caption":"Puuvillane r\u00e4tik"},{"@type":"BreadcrumbList","@id":"https:\/\/aztex.ee\/da\/pood\/haandklaeder-og-badehaandklaeder\/haandklaede-i-oekologisk-bomuld\/#breadcrumb","itemListElement":[{"@type":"ListItem","position":1,"name":"Forside","item":"https:\/\/aztex.ee\/da\/"},{"@type":"ListItem","position":2,"name":"Butik","item":"https:\/\/aztex.ee\/da\/butik\/"},{"@type":"ListItem","position":3,"name":"H\u00e5ndkl\u00e6de i \u00f8kologisk bomuld"}]},{"@type":"WebSite","@id":"https:\/\/aztex.ee\/da\/#website","url":"https:\/\/aztex.ee\/da\/","name":"AZTEX","description":"","publisher":{"@id":"https:\/\/aztex.ee\/da\/#organization"},"potentialAction":[{"@type":"SearchAction","target":{"@type":"EntryPoint","urlTemplate":"https:\/\/aztex.ee\/da\/?s={search_term_string}"},"query-input":{"@type":"PropertyValueSpecification","valueRequired":true,"valueName":"search_term_string"}}],"inLanguage":"da-DK"},{"@type":"Organization","@id":"https:\/\/aztex.ee\/da\/#organization","name":"AZTEX","url":"https:\/\/aztex.ee\/da\/","logo":{"@type":"ImageObject","inLanguage":"da-DK","@id":"https:\/\/aztex.ee\/da\/#\/schema\/logo\/image\/","url":"https:\/\/aztex.ee\/wp-content\/uploads\/2026\/01\/AZTEX.png","contentUrl":"https:\/\/aztex.ee\/wp-content\/uploads\/2026\/01\/AZTEX.png","width":500,"height":500,"caption":"AZTEX"},"image":{"@id":"https:\/\/aztex.ee\/da\/#\/schema\/logo\/image\/"},"sameAs":["https:\/\/www.facebook.com\/AztexEE","https:\/\/www.instagram.com\/aztexeesti\/","https:\/\/www.youtube.com\/@AZTEXEE","https:\/\/www.pinterest.com\/aztex_eesti\/","https:\/\/www.tiktok.com\/@aztexeesti","https:\/\/www.trustpilot.com\/review\/aztex.ee","https:\/\/www.linkedin.com\/company\/aztex-ee\/","https:\/\/www.wikidata.org\/wiki\/Q137560182"]}]}},"_links":{"self":[{"href":"https:\/\/aztex.ee\/da\/wp-json\/wp\/v2\/product\/47594","targetHints":{"allow":["GET"]}}],"collection":[{"href":"https:\/\/aztex.ee\/da\/wp-json\/wp\/v2\/product"}],"about":[{"href":"https:\/\/aztex.ee\/da\/wp-json\/wp\/v2\/types\/product"}],"replies":[{"embeddable":true,"href":"https:\/\/aztex.ee\/da\/wp-json\/wp\/v2\/comments?post=47594"}],"version-history":[{"count":0,"href":"https:\/\/aztex.ee\/da\/wp-json\/wp\/v2\/product\/47594\/revisions"}],"wp:featuredmedia":[{"embeddable":true,"href":"https:\/\/aztex.ee\/da\/wp-json\/wp\/v2\/media\/47968"}],"wp:attachment":[{"href":"https:\/\/aztex.ee\/da\/wp-json\/wp\/v2\/media?parent=47594"}],"wp:term":[{"taxonomy":"product_brand","embeddable":true,"href":"https:\/\/aztex.ee\/da\/wp-json\/wp\/v2\/product_brand?post=47594"},{"taxonomy":"product_cat","embeddable":true,"href":"https:\/\/aztex.ee\/da\/wp-json\/wp\/v2\/product_cat?post=47594"},{"taxonomy":"product_tag","embeddable":true,"href":"https:\/\/aztex.ee\/da\/wp-json\/wp\/v2\/product_tag?post=47594"}],"curies":[{"name":"wp","href":"https:\/\/api.w.org\/{rel}","templated":true}]}}