{"id":45942,"date":"2025-01-25T10:24:23","date_gmt":"2025-01-25T10:24:23","guid":{"rendered":"https:\/\/aztex.ee\/?post_type=product&#038;p=45942"},"modified":"2026-04-11T12:19:49","modified_gmt":"2026-04-11T12:19:49","slug":"bambus-badehaandklaede-70x140-cm","status":"publish","type":"product","link":"https:\/\/aztex.ee\/da\/pood\/haandklaeder-og-badehaandklaeder\/bambus-badehaandklaede-70x140-cm\/","title":{"rendered":"Bambus badeh\u00e5ndkl\u00e6de 70&#215;140 cm"},"content":{"rendered":"<p><strong>Bambus badeh\u00e5ndkl\u00e6de \u2013 luksus og praktisk i din hverdag<\/strong><\/p>\n<p>Et badeh\u00e5ndkl\u00e6de af bambus er den perfekte kombination af praktisk og luksus, der tilbyder mere end blot bl\u00f8dhed. St\u00f8rrelsen p\u00e5 70&#215;140 cm g\u00f8r dette badeh\u00e5ndkl\u00e6de til et ideelt valg til hverdagsbrug, hvilket giver behagelig komfort, samtidig med at det er en stilfuld og funktionel tilf\u00f8jelse til dit badev\u00e6relse.<\/p>\n<p><strong>Hvorfor v\u00e6lge et bambus badeh\u00e5ndkl\u00e6de?<\/strong><\/p>\n<p><strong>Superabsorberende og hurtigt\u00f8rrende:<\/strong><br \/>\nBambusfibre er kendt for deres enest\u00e5ende absorptionsevne. H\u00e5ndkl\u00e6det absorberer \u00f8jeblikkeligt fugt og efterlader huden t\u00f8r og frisk, mens selve h\u00e5ndkl\u00e6det t\u00f8rrer hurtigere end almindelige bomuldsh\u00e5ndkl\u00e6der. Denne funktion g\u00f8r den ogs\u00e5 til et fremragende valg til aktiv livsstil og hyppig brug.<\/p>\n<p><strong>Naturlig antibakteriel:<\/strong><br \/>\nBambusfibrenes naturlige antibakterielle egenskaber holder h\u00e5ndkl\u00e6det friskere i l\u00e6ngere tid, forhindrer dannelsen af \u200b\u200bubehagelige lugte og sikrer hygiejne selv efter l\u00e6ngere tids brug. Et badeh\u00e5ndkl\u00e6de af bambus er ogs\u00e5 et godt valg for folk med f\u00f8lsom hud.<\/p>\n<p><strong>Bl\u00f8dhed og komfort:<\/strong><br \/>\nDen silkebl\u00f8de tekstur af bambusfibre fork\u00e6ler huden ved hver ber\u00f8ring. Badeh\u00e5ndkl\u00e6det er ideelt til dem, der s\u00e6tter pris p\u00e5 en luksuri\u00f8s f\u00f8lelse hver dag og bekymrer sig om deres huds velv\u00e6re.<\/p>\n<p><strong>Tidl\u00f8st og stilfuldt design:<\/strong><br \/>\nDet naturlige look og minimalistiske design g\u00f8r dette badeh\u00e5ndkl\u00e6de velegnet til ethvert badev\u00e6relse &#8211; uanset om det er moderne, klassisk eller naturinspireret.<\/p>\n<p><strong>Holdbarhed og b\u00e6redygtighed:<\/strong><br \/>\nEt badeh\u00e5ndkl\u00e6de i bambus er ikke kun smukt og praktisk, men ogs\u00e5 et milj\u00f8venligt valg. Bambus er en hurtigt fornyelig ressource, der bruger mindre vand og kemikalier til at vokse sammenlignet med traditionelle fibre. S\u00e5 du kan nyde luksusen ved et h\u00e5ndkl\u00e6de, velvidende at du g\u00f8r noget godt for naturen.<\/p>\n<p>Dette h\u00e5ndkl\u00e6de er ikke bare en forbrugsvare \u2013 det er en hverdagsforn\u00f8jelse, der kombinerer komfort, kvalitet og omsorg for naturen. N\u00e5r du f\u00f8rst har pr\u00f8vet det, vil du aldrig vende tilbage til almindelige h\u00e5ndkl\u00e6der. Bestil i dag og tilf\u00f8j bl\u00f8dhed til dit badev\u00e6relse, der holder i \u00e5revis!<\/p>\n","protected":false},"excerpt":{"rendered":"<ul>\n<li>Materiale: 100% bambus<\/li>\n<li>St\u00f8rrelse: 70\u00d7140 cm \u00b13<\/li>\n<li>V\u00e6gt: 520g\/m2<\/li>\n<\/ul>\n","protected":false},"featured_media":46105,"comment_status":"open","ping_status":"closed","template":"","meta":[],"product_brand":[],"product_cat":[1590,1704,1638,980,475],"product_tag":[],"class_list":{"0":"post-45942","1":"product","2":"type-product","3":"status-publish","4":"has-post-thumbnail","6":"product_cat-badehandklaeder","7":"product_cat-badehandklaeder-70x140-cm","8":"product_cat-bambus-badehandklaeder","9":"product_cat-bambus-handklaeder","10":"product_cat-haandklaeder-og-badehaandklaeder","12":"first","13":"instock","14":"shipping-taxable","15":"purchasable","16":"product-type-variable"},"yoast_head":"<!-- This site is optimized with the Yoast SEO plugin v27.4 - https:\/\/yoast.com\/product\/yoast-seo-wordpress\/ -->\n<title>Bambus badeh\u00e5ndkl\u00e6de 70x140 cm | 100% bambus - AZTEX<\/title>\n<meta name=\"description\" content=\"Luksuri\u00f8st og bl\u00f8dt bambus-badeh\u00e5ndkl\u00e6de i st\u00f8rrelsen 70x140 cm giver maksimal komfort, fremragende sugeevne og er sk\u00e5nsomt mod huden.\" \/>\n<meta name=\"robots\" content=\"index, follow, max-snippet:-1, max-image-preview:large, max-video-preview:-1\" \/>\n<link rel=\"canonical\" href=\"https:\/\/aztex.ee\/da\/pood\/haandklaeder-og-badehaandklaeder\/bambus-badehaandklaede-70x140-cm\/\" \/>\n<meta property=\"og:locale\" content=\"da_DK\" \/>\n<meta property=\"og:type\" content=\"article\" \/>\n<meta property=\"og:title\" content=\"Bambus badeh\u00e5ndkl\u00e6de 70x140 cm | 100% bambus - AZTEX\" \/>\n<meta property=\"og:description\" content=\"Luksuri\u00f8st og bl\u00f8dt bambus-badeh\u00e5ndkl\u00e6de i st\u00f8rrelsen 70x140 cm giver maksimal komfort, fremragende sugeevne og er sk\u00e5nsomt mod huden.\" \/>\n<meta property=\"og:url\" content=\"https:\/\/aztex.ee\/da\/pood\/haandklaeder-og-badehaandklaeder\/bambus-badehaandklaede-70x140-cm\/\" \/>\n<meta property=\"og:site_name\" content=\"AZTEX\" \/>\n<meta property=\"article:publisher\" content=\"https:\/\/www.facebook.com\/AztexEE\" \/>\n<meta property=\"article:modified_time\" content=\"2026-04-11T12:19:49+00:00\" \/>\n<meta property=\"og:image\" content=\"https:\/\/aztex.ee\/wp-content\/uploads\/2025\/01\/Bambusest-vanniratikud.jpg\" \/>\n\t<meta property=\"og:image:width\" content=\"800\" \/>\n\t<meta property=\"og:image:height\" content=\"800\" \/>\n\t<meta property=\"og:image:type\" content=\"image\/jpeg\" \/>\n<meta name=\"twitter:card\" content=\"summary_large_image\" \/>\n<meta name=\"twitter:label1\" content=\"Estimeret l\u00e6setid\" \/>\n\t<meta name=\"twitter:data1\" content=\"2 minutter\" \/>\n<script type=\"application\/ld+json\" class=\"yoast-schema-graph\">{\"@context\":\"https:\\\/\\\/schema.org\",\"@graph\":[{\"@type\":[\"WebPage\",\"ItemPage\"],\"@id\":\"https:\\\/\\\/aztex.ee\\\/da\\\/pood\\\/haandklaeder-og-badehaandklaeder\\\/bambus-badehaandklaede-70x140-cm\\\/\",\"url\":\"https:\\\/\\\/aztex.ee\\\/da\\\/pood\\\/haandklaeder-og-badehaandklaeder\\\/bambus-badehaandklaede-70x140-cm\\\/\",\"name\":\"Bambus badeh\u00e5ndkl\u00e6de 70x140 cm | 100% bambus - AZTEX\",\"isPartOf\":{\"@id\":\"https:\\\/\\\/aztex.ee\\\/da\\\/#website\"},\"primaryImageOfPage\":{\"@id\":\"https:\\\/\\\/aztex.ee\\\/da\\\/pood\\\/haandklaeder-og-badehaandklaeder\\\/bambus-badehaandklaede-70x140-cm\\\/#primaryimage\"},\"image\":{\"@id\":\"https:\\\/\\\/aztex.ee\\\/da\\\/pood\\\/haandklaeder-og-badehaandklaeder\\\/bambus-badehaandklaede-70x140-cm\\\/#primaryimage\"},\"thumbnailUrl\":\"https:\\\/\\\/aztex.ee\\\/wp-content\\\/uploads\\\/2025\\\/01\\\/Bambusest-vanniratikud.jpg\",\"datePublished\":\"2025-01-25T10:24:23+00:00\",\"dateModified\":\"2026-04-11T12:19:49+00:00\",\"description\":\"Luksuri\u00f8st og bl\u00f8dt bambus-badeh\u00e5ndkl\u00e6de i st\u00f8rrelsen 70x140 cm giver maksimal komfort, fremragende sugeevne og er sk\u00e5nsomt mod huden.\",\"breadcrumb\":{\"@id\":\"https:\\\/\\\/aztex.ee\\\/da\\\/pood\\\/haandklaeder-og-badehaandklaeder\\\/bambus-badehaandklaede-70x140-cm\\\/#breadcrumb\"},\"inLanguage\":\"da-DK\",\"potentialAction\":[{\"@type\":\"ReadAction\",\"target\":[\"https:\\\/\\\/aztex.ee\\\/da\\\/pood\\\/haandklaeder-og-badehaandklaeder\\\/bambus-badehaandklaede-70x140-cm\\\/\"]}]},{\"@type\":\"ImageObject\",\"inLanguage\":\"da-DK\",\"@id\":\"https:\\\/\\\/aztex.ee\\\/da\\\/pood\\\/haandklaeder-og-badehaandklaeder\\\/bambus-badehaandklaede-70x140-cm\\\/#primaryimage\",\"url\":\"https:\\\/\\\/aztex.ee\\\/wp-content\\\/uploads\\\/2025\\\/01\\\/Bambusest-vanniratikud.jpg\",\"contentUrl\":\"https:\\\/\\\/aztex.ee\\\/wp-content\\\/uploads\\\/2025\\\/01\\\/Bambusest-vanniratikud.jpg\",\"width\":800,\"height\":800,\"caption\":\"Bambusest vannir\u00e4tikud\"},{\"@type\":\"BreadcrumbList\",\"@id\":\"https:\\\/\\\/aztex.ee\\\/da\\\/pood\\\/haandklaeder-og-badehaandklaeder\\\/bambus-badehaandklaede-70x140-cm\\\/#breadcrumb\",\"itemListElement\":[{\"@type\":\"ListItem\",\"position\":1,\"name\":\"Forside\",\"item\":\"https:\\\/\\\/aztex.ee\\\/da\\\/\"},{\"@type\":\"ListItem\",\"position\":2,\"name\":\"Butik\",\"item\":\"https:\\\/\\\/aztex.ee\\\/da\\\/butik\\\/\"},{\"@type\":\"ListItem\",\"position\":3,\"name\":\"Bambus badeh\u00e5ndkl\u00e6de 70&#215;140 cm\"}]},{\"@type\":\"WebSite\",\"@id\":\"https:\\\/\\\/aztex.ee\\\/da\\\/#website\",\"url\":\"https:\\\/\\\/aztex.ee\\\/da\\\/\",\"name\":\"AZTEX\",\"description\":\"\",\"publisher\":{\"@id\":\"https:\\\/\\\/aztex.ee\\\/da\\\/#organization\"},\"potentialAction\":[{\"@type\":\"SearchAction\",\"target\":{\"@type\":\"EntryPoint\",\"urlTemplate\":\"https:\\\/\\\/aztex.ee\\\/da\\\/?s={search_term_string}\"},\"query-input\":{\"@type\":\"PropertyValueSpecification\",\"valueRequired\":true,\"valueName\":\"search_term_string\"}}],\"inLanguage\":\"da-DK\"},{\"@type\":\"Organization\",\"@id\":\"https:\\\/\\\/aztex.ee\\\/da\\\/#organization\",\"name\":\"AZTEX\",\"url\":\"https:\\\/\\\/aztex.ee\\\/da\\\/\",\"logo\":{\"@type\":\"ImageObject\",\"inLanguage\":\"da-DK\",\"@id\":\"https:\\\/\\\/aztex.ee\\\/da\\\/#\\\/schema\\\/logo\\\/image\\\/\",\"url\":\"https:\\\/\\\/aztex.ee\\\/wp-content\\\/uploads\\\/2026\\\/01\\\/AZTEX.png\",\"contentUrl\":\"https:\\\/\\\/aztex.ee\\\/wp-content\\\/uploads\\\/2026\\\/01\\\/AZTEX.png\",\"width\":500,\"height\":500,\"caption\":\"AZTEX\"},\"image\":{\"@id\":\"https:\\\/\\\/aztex.ee\\\/da\\\/#\\\/schema\\\/logo\\\/image\\\/\"},\"sameAs\":[\"https:\\\/\\\/www.facebook.com\\\/AztexEE\",\"https:\\\/\\\/www.instagram.com\\\/aztexeesti\\\/\",\"https:\\\/\\\/www.youtube.com\\\/@AZTEXEE\",\"https:\\\/\\\/www.pinterest.com\\\/aztex_eesti\\\/\",\"https:\\\/\\\/www.tiktok.com\\\/@aztexeesti\",\"https:\\\/\\\/www.trustpilot.com\\\/review\\\/aztex.ee\",\"https:\\\/\\\/www.linkedin.com\\\/company\\\/aztex-ee\\\/\",\"https:\\\/\\\/www.wikidata.org\\\/wiki\\\/Q137560182\"]}]}<\/script>\n<!-- \/ Yoast SEO plugin. -->","yoast_head_json":{"title":"Bambus badeh\u00e5ndkl\u00e6de 70x140 cm | 100% bambus - AZTEX","description":"Luksuri\u00f8st og bl\u00f8dt bambus-badeh\u00e5ndkl\u00e6de i st\u00f8rrelsen 70x140 cm giver maksimal komfort, fremragende sugeevne og er sk\u00e5nsomt mod huden.","robots":{"index":"index","follow":"follow","max-snippet":"max-snippet:-1","max-image-preview":"max-image-preview:large","max-video-preview":"max-video-preview:-1"},"canonical":"https:\/\/aztex.ee\/da\/pood\/haandklaeder-og-badehaandklaeder\/bambus-badehaandklaede-70x140-cm\/","og_locale":"da_DK","og_type":"article","og_title":"Bambus badeh\u00e5ndkl\u00e6de 70x140 cm | 100% bambus - AZTEX","og_description":"Luksuri\u00f8st og bl\u00f8dt bambus-badeh\u00e5ndkl\u00e6de i st\u00f8rrelsen 70x140 cm giver maksimal komfort, fremragende sugeevne og er sk\u00e5nsomt mod huden.","og_url":"https:\/\/aztex.ee\/da\/pood\/haandklaeder-og-badehaandklaeder\/bambus-badehaandklaede-70x140-cm\/","og_site_name":"AZTEX","article_publisher":"https:\/\/www.facebook.com\/AztexEE","article_modified_time":"2026-04-11T12:19:49+00:00","og_image":[{"width":800,"height":800,"url":"https:\/\/aztex.ee\/wp-content\/uploads\/2025\/01\/Bambusest-vanniratikud.jpg","type":"image\/jpeg"}],"twitter_card":"summary_large_image","twitter_misc":{"Estimeret l\u00e6setid":"2 minutter"},"schema":{"@context":"https:\/\/schema.org","@graph":[{"@type":["WebPage","ItemPage"],"@id":"https:\/\/aztex.ee\/da\/pood\/haandklaeder-og-badehaandklaeder\/bambus-badehaandklaede-70x140-cm\/","url":"https:\/\/aztex.ee\/da\/pood\/haandklaeder-og-badehaandklaeder\/bambus-badehaandklaede-70x140-cm\/","name":"Bambus badeh\u00e5ndkl\u00e6de 70x140 cm | 100% bambus - AZTEX","isPartOf":{"@id":"https:\/\/aztex.ee\/da\/#website"},"primaryImageOfPage":{"@id":"https:\/\/aztex.ee\/da\/pood\/haandklaeder-og-badehaandklaeder\/bambus-badehaandklaede-70x140-cm\/#primaryimage"},"image":{"@id":"https:\/\/aztex.ee\/da\/pood\/haandklaeder-og-badehaandklaeder\/bambus-badehaandklaede-70x140-cm\/#primaryimage"},"thumbnailUrl":"https:\/\/aztex.ee\/wp-content\/uploads\/2025\/01\/Bambusest-vanniratikud.jpg","datePublished":"2025-01-25T10:24:23+00:00","dateModified":"2026-04-11T12:19:49+00:00","description":"Luksuri\u00f8st og bl\u00f8dt bambus-badeh\u00e5ndkl\u00e6de i st\u00f8rrelsen 70x140 cm giver maksimal komfort, fremragende sugeevne og er sk\u00e5nsomt mod huden.","breadcrumb":{"@id":"https:\/\/aztex.ee\/da\/pood\/haandklaeder-og-badehaandklaeder\/bambus-badehaandklaede-70x140-cm\/#breadcrumb"},"inLanguage":"da-DK","potentialAction":[{"@type":"ReadAction","target":["https:\/\/aztex.ee\/da\/pood\/haandklaeder-og-badehaandklaeder\/bambus-badehaandklaede-70x140-cm\/"]}]},{"@type":"ImageObject","inLanguage":"da-DK","@id":"https:\/\/aztex.ee\/da\/pood\/haandklaeder-og-badehaandklaeder\/bambus-badehaandklaede-70x140-cm\/#primaryimage","url":"https:\/\/aztex.ee\/wp-content\/uploads\/2025\/01\/Bambusest-vanniratikud.jpg","contentUrl":"https:\/\/aztex.ee\/wp-content\/uploads\/2025\/01\/Bambusest-vanniratikud.jpg","width":800,"height":800,"caption":"Bambusest vannir\u00e4tikud"},{"@type":"BreadcrumbList","@id":"https:\/\/aztex.ee\/da\/pood\/haandklaeder-og-badehaandklaeder\/bambus-badehaandklaede-70x140-cm\/#breadcrumb","itemListElement":[{"@type":"ListItem","position":1,"name":"Forside","item":"https:\/\/aztex.ee\/da\/"},{"@type":"ListItem","position":2,"name":"Butik","item":"https:\/\/aztex.ee\/da\/butik\/"},{"@type":"ListItem","position":3,"name":"Bambus badeh\u00e5ndkl\u00e6de 70&#215;140 cm"}]},{"@type":"WebSite","@id":"https:\/\/aztex.ee\/da\/#website","url":"https:\/\/aztex.ee\/da\/","name":"AZTEX","description":"","publisher":{"@id":"https:\/\/aztex.ee\/da\/#organization"},"potentialAction":[{"@type":"SearchAction","target":{"@type":"EntryPoint","urlTemplate":"https:\/\/aztex.ee\/da\/?s={search_term_string}"},"query-input":{"@type":"PropertyValueSpecification","valueRequired":true,"valueName":"search_term_string"}}],"inLanguage":"da-DK"},{"@type":"Organization","@id":"https:\/\/aztex.ee\/da\/#organization","name":"AZTEX","url":"https:\/\/aztex.ee\/da\/","logo":{"@type":"ImageObject","inLanguage":"da-DK","@id":"https:\/\/aztex.ee\/da\/#\/schema\/logo\/image\/","url":"https:\/\/aztex.ee\/wp-content\/uploads\/2026\/01\/AZTEX.png","contentUrl":"https:\/\/aztex.ee\/wp-content\/uploads\/2026\/01\/AZTEX.png","width":500,"height":500,"caption":"AZTEX"},"image":{"@id":"https:\/\/aztex.ee\/da\/#\/schema\/logo\/image\/"},"sameAs":["https:\/\/www.facebook.com\/AztexEE","https:\/\/www.instagram.com\/aztexeesti\/","https:\/\/www.youtube.com\/@AZTEXEE","https:\/\/www.pinterest.com\/aztex_eesti\/","https:\/\/www.tiktok.com\/@aztexeesti","https:\/\/www.trustpilot.com\/review\/aztex.ee","https:\/\/www.linkedin.com\/company\/aztex-ee\/","https:\/\/www.wikidata.org\/wiki\/Q137560182"]}]}},"_links":{"self":[{"href":"https:\/\/aztex.ee\/da\/wp-json\/wp\/v2\/product\/45942","targetHints":{"allow":["GET"]}}],"collection":[{"href":"https:\/\/aztex.ee\/da\/wp-json\/wp\/v2\/product"}],"about":[{"href":"https:\/\/aztex.ee\/da\/wp-json\/wp\/v2\/types\/product"}],"replies":[{"embeddable":true,"href":"https:\/\/aztex.ee\/da\/wp-json\/wp\/v2\/comments?post=45942"}],"version-history":[{"count":0,"href":"https:\/\/aztex.ee\/da\/wp-json\/wp\/v2\/product\/45942\/revisions"}],"wp:featuredmedia":[{"embeddable":true,"href":"https:\/\/aztex.ee\/da\/wp-json\/wp\/v2\/media\/46105"}],"wp:attachment":[{"href":"https:\/\/aztex.ee\/da\/wp-json\/wp\/v2\/media?parent=45942"}],"wp:term":[{"taxonomy":"product_brand","embeddable":true,"href":"https:\/\/aztex.ee\/da\/wp-json\/wp\/v2\/product_brand?post=45942"},{"taxonomy":"product_cat","embeddable":true,"href":"https:\/\/aztex.ee\/da\/wp-json\/wp\/v2\/product_cat?post=45942"},{"taxonomy":"product_tag","embeddable":true,"href":"https:\/\/aztex.ee\/da\/wp-json\/wp\/v2\/product_tag?post=45942"}],"curies":[{"name":"wp","href":"https:\/\/api.w.org\/{rel}","templated":true}]}}