{"id":45709,"date":"2025-01-24T10:19:54","date_gmt":"2025-01-24T10:19:54","guid":{"rendered":"https:\/\/aztex.ee\/pood\/Ikke%20kategoriseret\/vanniratik-80x160-cm\/"},"modified":"2026-04-09T15:47:41","modified_gmt":"2026-04-09T15:47:41","slug":"badehaandklaede-80x160-cm","status":"publish","type":"product","link":"https:\/\/aztex.ee\/da\/pood\/haandklaeder-og-badehaandklaeder\/badehaandklaede-80x160-cm\/","title":{"rendered":"Badeh\u00e5ndkl\u00e6de 80&#215;160 cm"},"content":{"rendered":"<p><strong>Bomulds badeh\u00e5ndkl\u00e6de 80\u00d7160 cm \u2013 den perfekte balance mellem kvalitet og komfort.<\/strong><\/p>\n<p>Oplev \u00e6gte luksus og hverdagskomfort i et badeh\u00e5ndkl\u00e6de af 100 % bomuld. Lavet af h\u00f8jkvalitets bomuld kombinerer dette badeh\u00e5ndkl\u00e6de holdbarhed, bl\u00f8dhed og fremragende sugeevne, hvilket giver den perfekte l\u00f8sning til hvert \u00f8jeblik &#8211; uanset om det er til hverdagsbrug eller til at nyde mere specielle \u00f8jeblikke.<\/p>\n<p><strong>F\u00f8rsteklasses materiale:<\/strong> Badeh\u00e5ndkl\u00e6det er lavet af 100% bomuld, som sikrer enest\u00e5ende sugeevne, samtidig med at det er sk\u00e5nsomt og hudvenligt. Bomuldsstoffet absorberer fugt hurtigt og effektivt.<\/p>\n<p><strong>Let at pleje, langtidsholdbar holdbarhed:<\/strong> Det maskinvaskbare og slidst\u00e6rke materiale sikrer, at badeh\u00e5ndkl\u00e6det bevarer sin kvalitet og udseende selv efter gentagne vask. Dens levetid og bl\u00f8dhed g\u00f8r den til en p\u00e5lidelig f\u00f8lgesvend i hverdagen.<\/p>\n<p><strong>Perfekt st\u00f8rrelse og komfort:<\/strong> St\u00f8rrelsen 80\u00d7160 cm er ideel til hverdagsbrug derhjemme, i spaen eller endda p\u00e5 rejse, hvilket giver komfort i enhver situation.<\/p>\n<p><strong>Elegance og stil:<\/strong> Badeh\u00e5ndkl\u00e6dets enkle og tidl\u00f8se design passer ind i ethvert badev\u00e6relse og giver rummet varme og elegance. Det er en detalje, der vil forbedre interi\u00f8ret i dit hjem, samtidig med at det giver praktisk og komfort.<\/p>\n<p>Bomulds badeh\u00e5ndkl\u00e6det er det ideelle valg til hverdagsbrug og som gave. Dens balance mellem h\u00f8j kvalitet og stil g\u00f8r den til en v\u00e6rdifuld tilf\u00f8jelse til ethvert badev\u00e6relse, da den er b\u00e5de praktisk og luksuri\u00f8s.<\/p>\n","protected":false},"excerpt":{"rendered":"<ul>\n<li>Materiale: 100% bomuld<\/li>\n<li>St\u00f8rrelse: 80\u00d7160 cm \u00b13<\/li>\n<li>V\u00e6gt: 750g\/m2<\/li>\n<\/ul>\n","protected":false},"featured_media":44906,"comment_status":"open","ping_status":"closed","template":"","meta":[],"product_brand":[],"product_cat":[1590,1747,475],"product_tag":[],"class_list":{"0":"post-45709","1":"product","2":"type-product","3":"status-publish","4":"has-post-thumbnail","6":"product_cat-badehandklaeder","7":"product_cat-badehandklaeder-80x160-cm","8":"product_cat-haandklaeder-og-badehaandklaeder","10":"first","11":"instock","12":"shipping-taxable","13":"purchasable","14":"product-type-variable"},"yoast_head":"<!-- This site is optimized with the Yoast SEO plugin v27.4 - https:\/\/yoast.com\/product\/yoast-seo-wordpress\/ -->\n<title>Badeh\u00e5ndkl\u00e6de 80x160 cm | 100% bomuld - AZTEX<\/title>\n<meta name=\"description\" content=\"100% bomulds badeh\u00e5ndkl\u00e6de st\u00f8rrelse 80x160 cm, er sk\u00e5nsom mod huden og skaber en behagelig f\u00f8lelse med sin bl\u00f8de tekstur og naturlige materiale.\" \/>\n<meta name=\"robots\" content=\"index, follow, max-snippet:-1, max-image-preview:large, max-video-preview:-1\" \/>\n<link rel=\"canonical\" href=\"https:\/\/aztex.ee\/da\/pood\/haandklaeder-og-badehaandklaeder\/badehaandklaede-80x160-cm\/\" \/>\n<meta property=\"og:locale\" content=\"da_DK\" \/>\n<meta property=\"og:type\" content=\"article\" \/>\n<meta property=\"og:title\" content=\"Badeh\u00e5ndkl\u00e6de 80x160 cm | 100% bomuld - AZTEX\" \/>\n<meta property=\"og:description\" content=\"100% bomulds badeh\u00e5ndkl\u00e6de st\u00f8rrelse 80x160 cm, er sk\u00e5nsom mod huden og skaber en behagelig f\u00f8lelse med sin bl\u00f8de tekstur og naturlige materiale.\" \/>\n<meta property=\"og:url\" content=\"https:\/\/aztex.ee\/da\/pood\/haandklaeder-og-badehaandklaeder\/badehaandklaede-80x160-cm\/\" \/>\n<meta property=\"og:site_name\" content=\"AZTEX\" \/>\n<meta property=\"article:publisher\" content=\"https:\/\/www.facebook.com\/AztexEE\" \/>\n<meta property=\"article:modified_time\" content=\"2026-04-09T15:47:41+00:00\" \/>\n<meta property=\"og:image\" content=\"https:\/\/aztex.ee\/wp-content\/uploads\/2025\/01\/Vanniratikud-80x160-cm-1.jpg\" \/>\n\t<meta property=\"og:image:width\" content=\"800\" \/>\n\t<meta property=\"og:image:height\" content=\"800\" \/>\n\t<meta property=\"og:image:type\" content=\"image\/jpeg\" \/>\n<meta name=\"twitter:card\" content=\"summary_large_image\" \/>\n<meta name=\"twitter:label1\" content=\"Estimeret l\u00e6setid\" \/>\n\t<meta name=\"twitter:data1\" content=\"2 minutter\" \/>\n<script type=\"application\/ld+json\" class=\"yoast-schema-graph\">{\"@context\":\"https:\\\/\\\/schema.org\",\"@graph\":[{\"@type\":[\"WebPage\",\"ItemPage\"],\"@id\":\"https:\\\/\\\/aztex.ee\\\/da\\\/pood\\\/haandklaeder-og-badehaandklaeder\\\/badehaandklaede-80x160-cm\\\/\",\"url\":\"https:\\\/\\\/aztex.ee\\\/da\\\/pood\\\/haandklaeder-og-badehaandklaeder\\\/badehaandklaede-80x160-cm\\\/\",\"name\":\"Badeh\u00e5ndkl\u00e6de 80x160 cm | 100% bomuld - AZTEX\",\"isPartOf\":{\"@id\":\"https:\\\/\\\/aztex.ee\\\/da\\\/#website\"},\"primaryImageOfPage\":{\"@id\":\"https:\\\/\\\/aztex.ee\\\/da\\\/pood\\\/haandklaeder-og-badehaandklaeder\\\/badehaandklaede-80x160-cm\\\/#primaryimage\"},\"image\":{\"@id\":\"https:\\\/\\\/aztex.ee\\\/da\\\/pood\\\/haandklaeder-og-badehaandklaeder\\\/badehaandklaede-80x160-cm\\\/#primaryimage\"},\"thumbnailUrl\":\"https:\\\/\\\/aztex.ee\\\/wp-content\\\/uploads\\\/2025\\\/01\\\/Vanniratikud-80x160-cm-1.jpg\",\"datePublished\":\"2025-01-24T10:19:54+00:00\",\"dateModified\":\"2026-04-09T15:47:41+00:00\",\"description\":\"100% bomulds badeh\u00e5ndkl\u00e6de st\u00f8rrelse 80x160 cm, er sk\u00e5nsom mod huden og skaber en behagelig f\u00f8lelse med sin bl\u00f8de tekstur og naturlige materiale.\",\"breadcrumb\":{\"@id\":\"https:\\\/\\\/aztex.ee\\\/da\\\/pood\\\/haandklaeder-og-badehaandklaeder\\\/badehaandklaede-80x160-cm\\\/#breadcrumb\"},\"inLanguage\":\"da-DK\",\"potentialAction\":[{\"@type\":\"ReadAction\",\"target\":[\"https:\\\/\\\/aztex.ee\\\/da\\\/pood\\\/haandklaeder-og-badehaandklaeder\\\/badehaandklaede-80x160-cm\\\/\"]}]},{\"@type\":\"ImageObject\",\"inLanguage\":\"da-DK\",\"@id\":\"https:\\\/\\\/aztex.ee\\\/da\\\/pood\\\/haandklaeder-og-badehaandklaeder\\\/badehaandklaede-80x160-cm\\\/#primaryimage\",\"url\":\"https:\\\/\\\/aztex.ee\\\/wp-content\\\/uploads\\\/2025\\\/01\\\/Vanniratikud-80x160-cm-1.jpg\",\"contentUrl\":\"https:\\\/\\\/aztex.ee\\\/wp-content\\\/uploads\\\/2025\\\/01\\\/Vanniratikud-80x160-cm-1.jpg\",\"width\":800,\"height\":800,\"caption\":\"Vannir\u00e4tikud 80x160 cm\"},{\"@type\":\"BreadcrumbList\",\"@id\":\"https:\\\/\\\/aztex.ee\\\/da\\\/pood\\\/haandklaeder-og-badehaandklaeder\\\/badehaandklaede-80x160-cm\\\/#breadcrumb\",\"itemListElement\":[{\"@type\":\"ListItem\",\"position\":1,\"name\":\"Forside\",\"item\":\"https:\\\/\\\/aztex.ee\\\/da\\\/\"},{\"@type\":\"ListItem\",\"position\":2,\"name\":\"Butik\",\"item\":\"https:\\\/\\\/aztex.ee\\\/da\\\/butik\\\/\"},{\"@type\":\"ListItem\",\"position\":3,\"name\":\"Badeh\u00e5ndkl\u00e6de 80&#215;160 cm\"}]},{\"@type\":\"WebSite\",\"@id\":\"https:\\\/\\\/aztex.ee\\\/da\\\/#website\",\"url\":\"https:\\\/\\\/aztex.ee\\\/da\\\/\",\"name\":\"AZTEX\",\"description\":\"\",\"publisher\":{\"@id\":\"https:\\\/\\\/aztex.ee\\\/da\\\/#organization\"},\"potentialAction\":[{\"@type\":\"SearchAction\",\"target\":{\"@type\":\"EntryPoint\",\"urlTemplate\":\"https:\\\/\\\/aztex.ee\\\/da\\\/?s={search_term_string}\"},\"query-input\":{\"@type\":\"PropertyValueSpecification\",\"valueRequired\":true,\"valueName\":\"search_term_string\"}}],\"inLanguage\":\"da-DK\"},{\"@type\":\"Organization\",\"@id\":\"https:\\\/\\\/aztex.ee\\\/da\\\/#organization\",\"name\":\"AZTEX\",\"url\":\"https:\\\/\\\/aztex.ee\\\/da\\\/\",\"logo\":{\"@type\":\"ImageObject\",\"inLanguage\":\"da-DK\",\"@id\":\"https:\\\/\\\/aztex.ee\\\/da\\\/#\\\/schema\\\/logo\\\/image\\\/\",\"url\":\"https:\\\/\\\/aztex.ee\\\/wp-content\\\/uploads\\\/2026\\\/01\\\/AZTEX.png\",\"contentUrl\":\"https:\\\/\\\/aztex.ee\\\/wp-content\\\/uploads\\\/2026\\\/01\\\/AZTEX.png\",\"width\":500,\"height\":500,\"caption\":\"AZTEX\"},\"image\":{\"@id\":\"https:\\\/\\\/aztex.ee\\\/da\\\/#\\\/schema\\\/logo\\\/image\\\/\"},\"sameAs\":[\"https:\\\/\\\/www.facebook.com\\\/AztexEE\",\"https:\\\/\\\/www.instagram.com\\\/aztexeesti\\\/\",\"https:\\\/\\\/www.youtube.com\\\/@AZTEXEE\",\"https:\\\/\\\/www.pinterest.com\\\/aztex_eesti\\\/\",\"https:\\\/\\\/www.tiktok.com\\\/@aztexeesti\",\"https:\\\/\\\/www.trustpilot.com\\\/review\\\/aztex.ee\",\"https:\\\/\\\/www.linkedin.com\\\/company\\\/aztex-ee\\\/\",\"https:\\\/\\\/www.wikidata.org\\\/wiki\\\/Q137560182\"]}]}<\/script>\n<!-- \/ Yoast SEO plugin. -->","yoast_head_json":{"title":"Badeh\u00e5ndkl\u00e6de 80x160 cm | 100% bomuld - AZTEX","description":"100% bomulds badeh\u00e5ndkl\u00e6de st\u00f8rrelse 80x160 cm, er sk\u00e5nsom mod huden og skaber en behagelig f\u00f8lelse med sin bl\u00f8de tekstur og naturlige materiale.","robots":{"index":"index","follow":"follow","max-snippet":"max-snippet:-1","max-image-preview":"max-image-preview:large","max-video-preview":"max-video-preview:-1"},"canonical":"https:\/\/aztex.ee\/da\/pood\/haandklaeder-og-badehaandklaeder\/badehaandklaede-80x160-cm\/","og_locale":"da_DK","og_type":"article","og_title":"Badeh\u00e5ndkl\u00e6de 80x160 cm | 100% bomuld - AZTEX","og_description":"100% bomulds badeh\u00e5ndkl\u00e6de st\u00f8rrelse 80x160 cm, er sk\u00e5nsom mod huden og skaber en behagelig f\u00f8lelse med sin bl\u00f8de tekstur og naturlige materiale.","og_url":"https:\/\/aztex.ee\/da\/pood\/haandklaeder-og-badehaandklaeder\/badehaandklaede-80x160-cm\/","og_site_name":"AZTEX","article_publisher":"https:\/\/www.facebook.com\/AztexEE","article_modified_time":"2026-04-09T15:47:41+00:00","og_image":[{"width":800,"height":800,"url":"https:\/\/aztex.ee\/wp-content\/uploads\/2025\/01\/Vanniratikud-80x160-cm-1.jpg","type":"image\/jpeg"}],"twitter_card":"summary_large_image","twitter_misc":{"Estimeret l\u00e6setid":"2 minutter"},"schema":{"@context":"https:\/\/schema.org","@graph":[{"@type":["WebPage","ItemPage"],"@id":"https:\/\/aztex.ee\/da\/pood\/haandklaeder-og-badehaandklaeder\/badehaandklaede-80x160-cm\/","url":"https:\/\/aztex.ee\/da\/pood\/haandklaeder-og-badehaandklaeder\/badehaandklaede-80x160-cm\/","name":"Badeh\u00e5ndkl\u00e6de 80x160 cm | 100% bomuld - AZTEX","isPartOf":{"@id":"https:\/\/aztex.ee\/da\/#website"},"primaryImageOfPage":{"@id":"https:\/\/aztex.ee\/da\/pood\/haandklaeder-og-badehaandklaeder\/badehaandklaede-80x160-cm\/#primaryimage"},"image":{"@id":"https:\/\/aztex.ee\/da\/pood\/haandklaeder-og-badehaandklaeder\/badehaandklaede-80x160-cm\/#primaryimage"},"thumbnailUrl":"https:\/\/aztex.ee\/wp-content\/uploads\/2025\/01\/Vanniratikud-80x160-cm-1.jpg","datePublished":"2025-01-24T10:19:54+00:00","dateModified":"2026-04-09T15:47:41+00:00","description":"100% bomulds badeh\u00e5ndkl\u00e6de st\u00f8rrelse 80x160 cm, er sk\u00e5nsom mod huden og skaber en behagelig f\u00f8lelse med sin bl\u00f8de tekstur og naturlige materiale.","breadcrumb":{"@id":"https:\/\/aztex.ee\/da\/pood\/haandklaeder-og-badehaandklaeder\/badehaandklaede-80x160-cm\/#breadcrumb"},"inLanguage":"da-DK","potentialAction":[{"@type":"ReadAction","target":["https:\/\/aztex.ee\/da\/pood\/haandklaeder-og-badehaandklaeder\/badehaandklaede-80x160-cm\/"]}]},{"@type":"ImageObject","inLanguage":"da-DK","@id":"https:\/\/aztex.ee\/da\/pood\/haandklaeder-og-badehaandklaeder\/badehaandklaede-80x160-cm\/#primaryimage","url":"https:\/\/aztex.ee\/wp-content\/uploads\/2025\/01\/Vanniratikud-80x160-cm-1.jpg","contentUrl":"https:\/\/aztex.ee\/wp-content\/uploads\/2025\/01\/Vanniratikud-80x160-cm-1.jpg","width":800,"height":800,"caption":"Vannir\u00e4tikud 80x160 cm"},{"@type":"BreadcrumbList","@id":"https:\/\/aztex.ee\/da\/pood\/haandklaeder-og-badehaandklaeder\/badehaandklaede-80x160-cm\/#breadcrumb","itemListElement":[{"@type":"ListItem","position":1,"name":"Forside","item":"https:\/\/aztex.ee\/da\/"},{"@type":"ListItem","position":2,"name":"Butik","item":"https:\/\/aztex.ee\/da\/butik\/"},{"@type":"ListItem","position":3,"name":"Badeh\u00e5ndkl\u00e6de 80&#215;160 cm"}]},{"@type":"WebSite","@id":"https:\/\/aztex.ee\/da\/#website","url":"https:\/\/aztex.ee\/da\/","name":"AZTEX","description":"","publisher":{"@id":"https:\/\/aztex.ee\/da\/#organization"},"potentialAction":[{"@type":"SearchAction","target":{"@type":"EntryPoint","urlTemplate":"https:\/\/aztex.ee\/da\/?s={search_term_string}"},"query-input":{"@type":"PropertyValueSpecification","valueRequired":true,"valueName":"search_term_string"}}],"inLanguage":"da-DK"},{"@type":"Organization","@id":"https:\/\/aztex.ee\/da\/#organization","name":"AZTEX","url":"https:\/\/aztex.ee\/da\/","logo":{"@type":"ImageObject","inLanguage":"da-DK","@id":"https:\/\/aztex.ee\/da\/#\/schema\/logo\/image\/","url":"https:\/\/aztex.ee\/wp-content\/uploads\/2026\/01\/AZTEX.png","contentUrl":"https:\/\/aztex.ee\/wp-content\/uploads\/2026\/01\/AZTEX.png","width":500,"height":500,"caption":"AZTEX"},"image":{"@id":"https:\/\/aztex.ee\/da\/#\/schema\/logo\/image\/"},"sameAs":["https:\/\/www.facebook.com\/AztexEE","https:\/\/www.instagram.com\/aztexeesti\/","https:\/\/www.youtube.com\/@AZTEXEE","https:\/\/www.pinterest.com\/aztex_eesti\/","https:\/\/www.tiktok.com\/@aztexeesti","https:\/\/www.trustpilot.com\/review\/aztex.ee","https:\/\/www.linkedin.com\/company\/aztex-ee\/","https:\/\/www.wikidata.org\/wiki\/Q137560182"]}]}},"_links":{"self":[{"href":"https:\/\/aztex.ee\/da\/wp-json\/wp\/v2\/product\/45709","targetHints":{"allow":["GET"]}}],"collection":[{"href":"https:\/\/aztex.ee\/da\/wp-json\/wp\/v2\/product"}],"about":[{"href":"https:\/\/aztex.ee\/da\/wp-json\/wp\/v2\/types\/product"}],"replies":[{"embeddable":true,"href":"https:\/\/aztex.ee\/da\/wp-json\/wp\/v2\/comments?post=45709"}],"version-history":[{"count":0,"href":"https:\/\/aztex.ee\/da\/wp-json\/wp\/v2\/product\/45709\/revisions"}],"wp:featuredmedia":[{"embeddable":true,"href":"https:\/\/aztex.ee\/da\/wp-json\/wp\/v2\/media\/44906"}],"wp:attachment":[{"href":"https:\/\/aztex.ee\/da\/wp-json\/wp\/v2\/media?parent=45709"}],"wp:term":[{"taxonomy":"product_brand","embeddable":true,"href":"https:\/\/aztex.ee\/da\/wp-json\/wp\/v2\/product_brand?post=45709"},{"taxonomy":"product_cat","embeddable":true,"href":"https:\/\/aztex.ee\/da\/wp-json\/wp\/v2\/product_cat?post=45709"},{"taxonomy":"product_tag","embeddable":true,"href":"https:\/\/aztex.ee\/da\/wp-json\/wp\/v2\/product_tag?post=45709"}],"curies":[{"name":"wp","href":"https:\/\/api.w.org\/{rel}","templated":true}]}}