{"id":41385,"date":"2024-12-29T19:21:50","date_gmt":"2024-12-29T19:21:50","guid":{"rendered":"https:\/\/aztex.ee\/?post_type=product&#038;p=41385"},"modified":"2026-03-21T17:22:29","modified_gmt":"2026-03-21T17:22:29","slug":"oekologisk-bambus-haandklaede","status":"publish","type":"product","link":"https:\/\/aztex.ee\/da\/pood\/haandklaeder-og-badehaandklaeder\/oekologisk-bambus-haandklaede\/","title":{"rendered":"Bambus h\u00e5ndkl\u00e6de"},"content":{"rendered":"<p>Bambus h\u00e5ndkl\u00e6de \u2013 et luksuri\u00f8st og milj\u00f8venligt valg<\/p>\n<p>Et bambus h\u00e5ndkl\u00e6de er det perfekte valg for dem, der v\u00e6rds\u00e6tter kvalitet, bl\u00f8dhed og b\u00e6redygtighed. Dette h\u00e5ndkl\u00e6de er lavet af naturlige bambusfibre og er et milj\u00f8venligt alternativ til traditionelle materialer. Bambusfibre er naturligt bl\u00f8de og giver en blid og fork\u00e6lende f\u00f8lelse til huden. Dette g\u00f8r et bambush\u00e5ndkl\u00e6de fantastisk til f\u00f8lsom hud, da det ikke irriterer huden eller efterlader en ru f\u00f8lelse.<\/p>\n<p>Bambus h\u00e5ndkl\u00e6der er kendt for deres enest\u00e5ende sugeevne, idet de er i stand til at absorbere op til tre gange mere fugt end bomuldsh\u00e5ndkl\u00e6der. Denne egenskab g\u00f8r dem ideelle til daglig brug p\u00e5 badev\u00e6relset, spaen eller endda p\u00e5 stranden. Derudover t\u00f8rrer disse h\u00e5ndkl\u00e6der hurtigt, hvilket hj\u00e6lper med at forhindre ubehagelige lugte for\u00e5rsaget af fugt. Bambusfibrenes naturlige antibakterielle egenskaber hj\u00e6lper ogs\u00e5 med at holde h\u00e5ndkl\u00e6det hygiejnisk og friskt selv efter gentagen brug.<\/p>\n<p>Milj\u00f8venlighed er en af \u200b\u200bde st\u00f8rste fordele ved bambush\u00e5ndkl\u00e6der. Bambus er en hurtigt fornyelig plante, der vokser uden pesticider og g\u00f8dning. Produkter fremstillet af bambusfiber er biologisk nedbrydelige og reducerer milj\u00f8belastningen, hvilket g\u00f8r dem ideelle til folk, der \u00f8nsker at beskytte naturen med deres forbrugsvalg.<\/p>\n<p>Stilfuldt designede bambush\u00e5ndkl\u00e6der passer ind i ethvert hjem og byder p\u00e5 b\u00e5de praktisk og \u00e6stetisk forn\u00f8jelse. Et bambush\u00e5ndkl\u00e6de er ogs\u00e5 en fantastisk gave, der vil gl\u00e6de enhver modtager.<\/p>\n<p>Nem at passe &#8211; vask h\u00e5ndkl\u00e6det p\u00e5 et sk\u00e5nsomt program op til 40 \u00b0C og undg\u00e5 t\u00f8rring ved h\u00f8je temperaturer for at bevare dets bl\u00f8dhed og holdbarhed. Et bambush\u00e5ndkl\u00e6de kombinerer naturens sk\u00f8nhed med praktisk, hvilket giver en uforglemmelig oplevelse.<\/p>\n","protected":false},"excerpt":{"rendered":"<ul>\n<li>Materiale: 100% bambus<\/li>\n<li>St\u00f8rrelse: 35\u00d775 cm \u00b13<\/li>\n<li>V\u00e6gt: 420g\/m2<\/li>\n<\/ul>\n","protected":false},"featured_media":41616,"comment_status":"open","ping_status":"closed","template":"","meta":[],"product_brand":[],"product_cat":[1615,980,1729,769,475],"product_tag":[],"class_list":{"0":"post-41385","1":"product","2":"type-product","3":"status-publish","4":"has-post-thumbnail","6":"product_cat-bambus-handklaede","7":"product_cat-bambus-handklaeder","8":"product_cat-handklaeder","9":"product_cat-handklaeder-35x75-cm","10":"product_cat-haandklaeder-og-badehaandklaeder","12":"first","13":"instock","14":"shipping-taxable","15":"purchasable","16":"product-type-variable"},"yoast_head":"<!-- This site is optimized with the Yoast SEO plugin v27.3 - https:\/\/yoast.com\/product\/yoast-seo-wordpress\/ -->\n<title>\u00d8kologisk bambus h\u00e5ndkl\u00e6de | AZTEX<\/title>\n<meta name=\"description\" content=\"Bambus H\u00e5ndkl\u00e6de er bl\u00f8dt og hudvenligt, hvilket g\u00f8r det ideelt til hverdagsbrug. Takket v\u00e6re den hurtigt\u00f8rrende er den et godt valg til ethvert hjem.\" \/>\n<meta name=\"robots\" content=\"index, follow, max-snippet:-1, max-image-preview:large, max-video-preview:-1\" \/>\n<link rel=\"canonical\" href=\"https:\/\/aztex.ee\/da\/pood\/haandklaeder-og-badehaandklaeder\/oekologisk-bambus-haandklaede\/\" \/>\n<meta property=\"og:locale\" content=\"da_DK\" \/>\n<meta property=\"og:type\" content=\"article\" \/>\n<meta property=\"og:title\" content=\"\u00d8kologisk bambus h\u00e5ndkl\u00e6de | AZTEX\" \/>\n<meta property=\"og:description\" content=\"Bambus H\u00e5ndkl\u00e6de er bl\u00f8dt og hudvenligt, hvilket g\u00f8r det ideelt til hverdagsbrug. Takket v\u00e6re den hurtigt\u00f8rrende er den et godt valg til ethvert hjem.\" \/>\n<meta property=\"og:url\" content=\"https:\/\/aztex.ee\/da\/pood\/haandklaeder-og-badehaandklaeder\/oekologisk-bambus-haandklaede\/\" \/>\n<meta property=\"og:site_name\" content=\"AZTEX\" \/>\n<meta property=\"article:publisher\" content=\"https:\/\/www.facebook.com\/AztexEE\" \/>\n<meta property=\"article:modified_time\" content=\"2026-03-21T17:22:29+00:00\" \/>\n<meta property=\"og:image\" content=\"https:\/\/aztex.ee\/wp-content\/uploads\/2024\/12\/Ratik-Bambusest.jpg\" \/>\n\t<meta property=\"og:image:width\" content=\"800\" \/>\n\t<meta property=\"og:image:height\" content=\"800\" \/>\n\t<meta property=\"og:image:type\" content=\"image\/jpeg\" \/>\n<meta name=\"twitter:card\" content=\"summary_large_image\" \/>\n<meta name=\"twitter:label1\" content=\"Estimeret l\u00e6setid\" \/>\n\t<meta name=\"twitter:data1\" content=\"2 minutter\" \/>\n<script type=\"application\/ld+json\" class=\"yoast-schema-graph\">{\"@context\":\"https:\\\/\\\/schema.org\",\"@graph\":[{\"@type\":[\"WebPage\",\"ItemPage\"],\"@id\":\"https:\\\/\\\/aztex.ee\\\/da\\\/pood\\\/haandklaeder-og-badehaandklaeder\\\/oekologisk-bambus-haandklaede\\\/\",\"url\":\"https:\\\/\\\/aztex.ee\\\/da\\\/pood\\\/haandklaeder-og-badehaandklaeder\\\/oekologisk-bambus-haandklaede\\\/\",\"name\":\"\u00d8kologisk bambus h\u00e5ndkl\u00e6de | AZTEX\",\"isPartOf\":{\"@id\":\"https:\\\/\\\/aztex.ee\\\/da\\\/#website\"},\"primaryImageOfPage\":{\"@id\":\"https:\\\/\\\/aztex.ee\\\/da\\\/pood\\\/haandklaeder-og-badehaandklaeder\\\/oekologisk-bambus-haandklaede\\\/#primaryimage\"},\"image\":{\"@id\":\"https:\\\/\\\/aztex.ee\\\/da\\\/pood\\\/haandklaeder-og-badehaandklaeder\\\/oekologisk-bambus-haandklaede\\\/#primaryimage\"},\"thumbnailUrl\":\"https:\\\/\\\/aztex.ee\\\/wp-content\\\/uploads\\\/2024\\\/12\\\/Ratik-Bambusest.jpg\",\"datePublished\":\"2024-12-29T19:21:50+00:00\",\"dateModified\":\"2026-03-21T17:22:29+00:00\",\"description\":\"Bambus H\u00e5ndkl\u00e6de er bl\u00f8dt og hudvenligt, hvilket g\u00f8r det ideelt til hverdagsbrug. Takket v\u00e6re den hurtigt\u00f8rrende er den et godt valg til ethvert hjem.\",\"breadcrumb\":{\"@id\":\"https:\\\/\\\/aztex.ee\\\/da\\\/pood\\\/haandklaeder-og-badehaandklaeder\\\/oekologisk-bambus-haandklaede\\\/#breadcrumb\"},\"inLanguage\":\"da-DK\",\"potentialAction\":[{\"@type\":\"ReadAction\",\"target\":[\"https:\\\/\\\/aztex.ee\\\/da\\\/pood\\\/haandklaeder-og-badehaandklaeder\\\/oekologisk-bambus-haandklaede\\\/\"]}]},{\"@type\":\"ImageObject\",\"inLanguage\":\"da-DK\",\"@id\":\"https:\\\/\\\/aztex.ee\\\/da\\\/pood\\\/haandklaeder-og-badehaandklaeder\\\/oekologisk-bambus-haandklaede\\\/#primaryimage\",\"url\":\"https:\\\/\\\/aztex.ee\\\/wp-content\\\/uploads\\\/2024\\\/12\\\/Ratik-Bambusest.jpg\",\"contentUrl\":\"https:\\\/\\\/aztex.ee\\\/wp-content\\\/uploads\\\/2024\\\/12\\\/Ratik-Bambusest.jpg\",\"width\":800,\"height\":800,\"caption\":\"R\u00e4tik Bambusest\"},{\"@type\":\"BreadcrumbList\",\"@id\":\"https:\\\/\\\/aztex.ee\\\/da\\\/pood\\\/haandklaeder-og-badehaandklaeder\\\/oekologisk-bambus-haandklaede\\\/#breadcrumb\",\"itemListElement\":[{\"@type\":\"ListItem\",\"position\":1,\"name\":\"Forside\",\"item\":\"https:\\\/\\\/aztex.ee\\\/da\\\/\"},{\"@type\":\"ListItem\",\"position\":2,\"name\":\"Butik\",\"item\":\"https:\\\/\\\/aztex.ee\\\/da\\\/butik\\\/\"},{\"@type\":\"ListItem\",\"position\":3,\"name\":\"Bambus h\u00e5ndkl\u00e6de\"}]},{\"@type\":\"WebSite\",\"@id\":\"https:\\\/\\\/aztex.ee\\\/da\\\/#website\",\"url\":\"https:\\\/\\\/aztex.ee\\\/da\\\/\",\"name\":\"AZTEX\",\"description\":\"\",\"publisher\":{\"@id\":\"https:\\\/\\\/aztex.ee\\\/da\\\/#organization\"},\"potentialAction\":[{\"@type\":\"SearchAction\",\"target\":{\"@type\":\"EntryPoint\",\"urlTemplate\":\"https:\\\/\\\/aztex.ee\\\/da\\\/?s={search_term_string}\"},\"query-input\":{\"@type\":\"PropertyValueSpecification\",\"valueRequired\":true,\"valueName\":\"search_term_string\"}}],\"inLanguage\":\"da-DK\"},{\"@type\":\"Organization\",\"@id\":\"https:\\\/\\\/aztex.ee\\\/da\\\/#organization\",\"name\":\"AZTEX\",\"url\":\"https:\\\/\\\/aztex.ee\\\/da\\\/\",\"logo\":{\"@type\":\"ImageObject\",\"inLanguage\":\"da-DK\",\"@id\":\"https:\\\/\\\/aztex.ee\\\/da\\\/#\\\/schema\\\/logo\\\/image\\\/\",\"url\":\"https:\\\/\\\/aztex.ee\\\/wp-content\\\/uploads\\\/2026\\\/01\\\/AZTEX.png\",\"contentUrl\":\"https:\\\/\\\/aztex.ee\\\/wp-content\\\/uploads\\\/2026\\\/01\\\/AZTEX.png\",\"width\":500,\"height\":500,\"caption\":\"AZTEX\"},\"image\":{\"@id\":\"https:\\\/\\\/aztex.ee\\\/da\\\/#\\\/schema\\\/logo\\\/image\\\/\"},\"sameAs\":[\"https:\\\/\\\/www.facebook.com\\\/AztexEE\",\"https:\\\/\\\/www.instagram.com\\\/aztexeesti\\\/\",\"https:\\\/\\\/www.youtube.com\\\/@AZTEXEE\",\"https:\\\/\\\/www.pinterest.com\\\/aztex_eesti\\\/\",\"https:\\\/\\\/www.tiktok.com\\\/@aztexeesti\",\"https:\\\/\\\/www.trustpilot.com\\\/review\\\/aztex.ee\",\"https:\\\/\\\/www.linkedin.com\\\/company\\\/aztex-ee\\\/\",\"https:\\\/\\\/www.wikidata.org\\\/wiki\\\/Q137560182\"]}]}<\/script>\n<!-- \/ Yoast SEO plugin. -->","yoast_head_json":{"title":"\u00d8kologisk bambus h\u00e5ndkl\u00e6de | AZTEX","description":"Bambus H\u00e5ndkl\u00e6de er bl\u00f8dt og hudvenligt, hvilket g\u00f8r det ideelt til hverdagsbrug. Takket v\u00e6re den hurtigt\u00f8rrende er den et godt valg til ethvert hjem.","robots":{"index":"index","follow":"follow","max-snippet":"max-snippet:-1","max-image-preview":"max-image-preview:large","max-video-preview":"max-video-preview:-1"},"canonical":"https:\/\/aztex.ee\/da\/pood\/haandklaeder-og-badehaandklaeder\/oekologisk-bambus-haandklaede\/","og_locale":"da_DK","og_type":"article","og_title":"\u00d8kologisk bambus h\u00e5ndkl\u00e6de | AZTEX","og_description":"Bambus H\u00e5ndkl\u00e6de er bl\u00f8dt og hudvenligt, hvilket g\u00f8r det ideelt til hverdagsbrug. Takket v\u00e6re den hurtigt\u00f8rrende er den et godt valg til ethvert hjem.","og_url":"https:\/\/aztex.ee\/da\/pood\/haandklaeder-og-badehaandklaeder\/oekologisk-bambus-haandklaede\/","og_site_name":"AZTEX","article_publisher":"https:\/\/www.facebook.com\/AztexEE","article_modified_time":"2026-03-21T17:22:29+00:00","og_image":[{"width":800,"height":800,"url":"https:\/\/aztex.ee\/wp-content\/uploads\/2024\/12\/Ratik-Bambusest.jpg","type":"image\/jpeg"}],"twitter_card":"summary_large_image","twitter_misc":{"Estimeret l\u00e6setid":"2 minutter"},"schema":{"@context":"https:\/\/schema.org","@graph":[{"@type":["WebPage","ItemPage"],"@id":"https:\/\/aztex.ee\/da\/pood\/haandklaeder-og-badehaandklaeder\/oekologisk-bambus-haandklaede\/","url":"https:\/\/aztex.ee\/da\/pood\/haandklaeder-og-badehaandklaeder\/oekologisk-bambus-haandklaede\/","name":"\u00d8kologisk bambus h\u00e5ndkl\u00e6de | AZTEX","isPartOf":{"@id":"https:\/\/aztex.ee\/da\/#website"},"primaryImageOfPage":{"@id":"https:\/\/aztex.ee\/da\/pood\/haandklaeder-og-badehaandklaeder\/oekologisk-bambus-haandklaede\/#primaryimage"},"image":{"@id":"https:\/\/aztex.ee\/da\/pood\/haandklaeder-og-badehaandklaeder\/oekologisk-bambus-haandklaede\/#primaryimage"},"thumbnailUrl":"https:\/\/aztex.ee\/wp-content\/uploads\/2024\/12\/Ratik-Bambusest.jpg","datePublished":"2024-12-29T19:21:50+00:00","dateModified":"2026-03-21T17:22:29+00:00","description":"Bambus H\u00e5ndkl\u00e6de er bl\u00f8dt og hudvenligt, hvilket g\u00f8r det ideelt til hverdagsbrug. Takket v\u00e6re den hurtigt\u00f8rrende er den et godt valg til ethvert hjem.","breadcrumb":{"@id":"https:\/\/aztex.ee\/da\/pood\/haandklaeder-og-badehaandklaeder\/oekologisk-bambus-haandklaede\/#breadcrumb"},"inLanguage":"da-DK","potentialAction":[{"@type":"ReadAction","target":["https:\/\/aztex.ee\/da\/pood\/haandklaeder-og-badehaandklaeder\/oekologisk-bambus-haandklaede\/"]}]},{"@type":"ImageObject","inLanguage":"da-DK","@id":"https:\/\/aztex.ee\/da\/pood\/haandklaeder-og-badehaandklaeder\/oekologisk-bambus-haandklaede\/#primaryimage","url":"https:\/\/aztex.ee\/wp-content\/uploads\/2024\/12\/Ratik-Bambusest.jpg","contentUrl":"https:\/\/aztex.ee\/wp-content\/uploads\/2024\/12\/Ratik-Bambusest.jpg","width":800,"height":800,"caption":"R\u00e4tik Bambusest"},{"@type":"BreadcrumbList","@id":"https:\/\/aztex.ee\/da\/pood\/haandklaeder-og-badehaandklaeder\/oekologisk-bambus-haandklaede\/#breadcrumb","itemListElement":[{"@type":"ListItem","position":1,"name":"Forside","item":"https:\/\/aztex.ee\/da\/"},{"@type":"ListItem","position":2,"name":"Butik","item":"https:\/\/aztex.ee\/da\/butik\/"},{"@type":"ListItem","position":3,"name":"Bambus h\u00e5ndkl\u00e6de"}]},{"@type":"WebSite","@id":"https:\/\/aztex.ee\/da\/#website","url":"https:\/\/aztex.ee\/da\/","name":"AZTEX","description":"","publisher":{"@id":"https:\/\/aztex.ee\/da\/#organization"},"potentialAction":[{"@type":"SearchAction","target":{"@type":"EntryPoint","urlTemplate":"https:\/\/aztex.ee\/da\/?s={search_term_string}"},"query-input":{"@type":"PropertyValueSpecification","valueRequired":true,"valueName":"search_term_string"}}],"inLanguage":"da-DK"},{"@type":"Organization","@id":"https:\/\/aztex.ee\/da\/#organization","name":"AZTEX","url":"https:\/\/aztex.ee\/da\/","logo":{"@type":"ImageObject","inLanguage":"da-DK","@id":"https:\/\/aztex.ee\/da\/#\/schema\/logo\/image\/","url":"https:\/\/aztex.ee\/wp-content\/uploads\/2026\/01\/AZTEX.png","contentUrl":"https:\/\/aztex.ee\/wp-content\/uploads\/2026\/01\/AZTEX.png","width":500,"height":500,"caption":"AZTEX"},"image":{"@id":"https:\/\/aztex.ee\/da\/#\/schema\/logo\/image\/"},"sameAs":["https:\/\/www.facebook.com\/AztexEE","https:\/\/www.instagram.com\/aztexeesti\/","https:\/\/www.youtube.com\/@AZTEXEE","https:\/\/www.pinterest.com\/aztex_eesti\/","https:\/\/www.tiktok.com\/@aztexeesti","https:\/\/www.trustpilot.com\/review\/aztex.ee","https:\/\/www.linkedin.com\/company\/aztex-ee\/","https:\/\/www.wikidata.org\/wiki\/Q137560182"]}]}},"_links":{"self":[{"href":"https:\/\/aztex.ee\/da\/wp-json\/wp\/v2\/product\/41385","targetHints":{"allow":["GET"]}}],"collection":[{"href":"https:\/\/aztex.ee\/da\/wp-json\/wp\/v2\/product"}],"about":[{"href":"https:\/\/aztex.ee\/da\/wp-json\/wp\/v2\/types\/product"}],"replies":[{"embeddable":true,"href":"https:\/\/aztex.ee\/da\/wp-json\/wp\/v2\/comments?post=41385"}],"version-history":[{"count":0,"href":"https:\/\/aztex.ee\/da\/wp-json\/wp\/v2\/product\/41385\/revisions"}],"wp:featuredmedia":[{"embeddable":true,"href":"https:\/\/aztex.ee\/da\/wp-json\/wp\/v2\/media\/41616"}],"wp:attachment":[{"href":"https:\/\/aztex.ee\/da\/wp-json\/wp\/v2\/media?parent=41385"}],"wp:term":[{"taxonomy":"product_brand","embeddable":true,"href":"https:\/\/aztex.ee\/da\/wp-json\/wp\/v2\/product_brand?post=41385"},{"taxonomy":"product_cat","embeddable":true,"href":"https:\/\/aztex.ee\/da\/wp-json\/wp\/v2\/product_cat?post=41385"},{"taxonomy":"product_tag","embeddable":true,"href":"https:\/\/aztex.ee\/da\/wp-json\/wp\/v2\/product_tag?post=41385"}],"curies":[{"name":"wp","href":"https:\/\/api.w.org\/{rel}","templated":true}]}}