{"id":40728,"date":"2024-12-29T01:34:10","date_gmt":"2024-12-29T01:34:10","guid":{"rendered":"https:\/\/aztex.ee\/?post_type=product&#038;p=40728"},"modified":"2026-03-28T22:10:21","modified_gmt":"2026-03-28T22:10:21","slug":"naturligt-bambus-haandklaede","status":"publish","type":"product","link":"https:\/\/aztex.ee\/da\/pood\/haandklaeder-og-badehaandklaeder\/naturligt-bambus-haandklaede\/","title":{"rendered":"Bambus h\u00e5ndkl\u00e6de"},"content":{"rendered":"<p>Bambus h\u00e5ndkl\u00e6de er det bedste valg, der kombinerer naturlig sk\u00f8nhed og praktisk, og tilbyder dig luksuri\u00f8s bl\u00f8dhed og tidl\u00f8s elegance. Dette h\u00e5ndkl\u00e6de er lavet af 100% bambusfiber og er designet til at give en enest\u00e5ende brugeroplevelse, da det er b\u00e5de holdbart og ekstremt sk\u00e5nsomt mod huden. Bambusfibrenes unikke egenskaber, s\u00e5som fremragende sugeevne og hurtigt\u00f8rrende, g\u00f8r den til den ideelle ledsager til b\u00e5de hverdagsbrug og specielle \u00f8jeblikke, hvor du har brug for noget mere end blot et h\u00e5ndkl\u00e6de.<\/p>\n<p>Bambusens naturlige antibakterielle og hypoallergene egenskaber g\u00f8r det til et fremragende valg for personer med f\u00f8lsom hud. Dette h\u00e5ndkl\u00e6de er ikke kun praktisk, men ogs\u00e5 en sundhedsvenlig l\u00f8sning, der hj\u00e6lper med at holde din hud ren og frisk. Uanset om du har t\u00f8r eller f\u00f8lsom hud, giver et bambush\u00e5ndkl\u00e6de den pleje, du har brug for, samtidig med at det giver bl\u00f8dhed og komfort.<\/p>\n<p>Ud over dets brugervenlighed skiller et bambus h\u00e5ndkl\u00e6de sig ogs\u00e5 ud for dets holdbarhed og lette pleje. Bambusfibre er kendt for deres holdbarhed, hvilket betyder, at h\u00e5ndkl\u00e6det holder sig i god form i lang tid, selv ved hyppig vask. Milj\u00f8venligheden er ogs\u00e5 v\u00e6sentlig \u2013 bambus er et b\u00e6redygtigt materiale, der dyrkes uden brug af skadelige kemikalier.<\/p>\n<p>Et bambus h\u00e5ndkl\u00e6de er ikke kun en praktisk genstand, men ogs\u00e5 en stilfuld tilf\u00f8jelse til dit hjems indretning. Dets minimalistiske og elegante design vil komplementere dit badev\u00e6relse og bringe en hyggelig og luksuri\u00f8s atmosf\u00e6re til rummet. Den bl\u00f8de tekstur og naturlige farver skaber harmoni og komfort, der vil g\u00f8re hver dag speciel.<\/p>\n<p>Hvis du leder efter et h\u00e5ndkl\u00e6de, der kombinerer bl\u00f8dhed, holdbarhed og milj\u00f8venlighed, s\u00e5 er et bambush\u00e5ndkl\u00e6de det perfekte valg. Pas p\u00e5 din hud, dit hjem og din natur, og tilf\u00f8j v\u00e6rdi og pleje til din hverdag.<\/p>\n","protected":false},"excerpt":{"rendered":"<ul>\n<li>Materiale: 100% bambus<\/li>\n<li>St\u00f8rrelse: 35\u00d775 cm \u00b13<\/li>\n<li>V\u00e6gt: 420g\/m2<\/li>\n<\/ul>\n","protected":false},"featured_media":40893,"comment_status":"open","ping_status":"closed","template":"","meta":[],"product_brand":[],"product_cat":[1615,980,1729,769,475],"product_tag":[],"class_list":{"0":"post-40728","1":"product","2":"type-product","3":"status-publish","4":"has-post-thumbnail","6":"product_cat-bambus-handklaede","7":"product_cat-bambus-handklaeder","8":"product_cat-handklaeder","9":"product_cat-handklaeder-35x75-cm","10":"product_cat-haandklaeder-og-badehaandklaeder","12":"first","13":"instock","14":"shipping-taxable","15":"purchasable","16":"product-type-variable"},"yoast_head":"<!-- This site is optimized with the Yoast SEO plugin v27.3 - https:\/\/yoast.com\/product\/yoast-seo-wordpress\/ -->\n<title>Bambus h\u00e5ndkl\u00e6de | AZTEX<\/title>\n<meta name=\"description\" content=\"Bambus h\u00e5ndkl\u00e6der er bl\u00f8de og ideelle til hverdagsbrug. Deres hurtigt\u00f8rrende egenskaber g\u00f8r dem til et praktisk valg... | AZTEX boligtekstil\" \/>\n<meta name=\"robots\" content=\"index, follow, max-snippet:-1, max-image-preview:large, max-video-preview:-1\" \/>\n<link rel=\"canonical\" href=\"https:\/\/aztex.ee\/da\/pood\/haandklaeder-og-badehaandklaeder\/naturligt-bambus-haandklaede\/\" \/>\n<meta property=\"og:locale\" content=\"da_DK\" \/>\n<meta property=\"og:type\" content=\"article\" \/>\n<meta property=\"og:title\" content=\"Bambus h\u00e5ndkl\u00e6de | AZTEX\" \/>\n<meta property=\"og:description\" content=\"Bambus h\u00e5ndkl\u00e6der er bl\u00f8de og ideelle til hverdagsbrug. Deres hurtigt\u00f8rrende egenskaber g\u00f8r dem til et praktisk valg... | AZTEX boligtekstil\" \/>\n<meta property=\"og:url\" content=\"https:\/\/aztex.ee\/da\/pood\/haandklaeder-og-badehaandklaeder\/naturligt-bambus-haandklaede\/\" \/>\n<meta property=\"og:site_name\" content=\"AZTEX\" \/>\n<meta property=\"article:publisher\" content=\"https:\/\/www.facebook.com\/AztexEE\" \/>\n<meta property=\"article:modified_time\" content=\"2026-03-28T22:10:21+00:00\" \/>\n<meta property=\"og:image\" content=\"https:\/\/aztex.ee\/wp-content\/uploads\/2024\/12\/Bambusest-ratik.jpg\" \/>\n\t<meta property=\"og:image:width\" content=\"800\" \/>\n\t<meta property=\"og:image:height\" content=\"800\" \/>\n\t<meta property=\"og:image:type\" content=\"image\/jpeg\" \/>\n<meta name=\"twitter:card\" content=\"summary_large_image\" \/>\n<meta name=\"twitter:label1\" content=\"Estimeret l\u00e6setid\" \/>\n\t<meta name=\"twitter:data1\" content=\"2 minutter\" \/>\n<script type=\"application\/ld+json\" class=\"yoast-schema-graph\">{\"@context\":\"https:\\\/\\\/schema.org\",\"@graph\":[{\"@type\":[\"WebPage\",\"ItemPage\"],\"@id\":\"https:\\\/\\\/aztex.ee\\\/da\\\/pood\\\/haandklaeder-og-badehaandklaeder\\\/naturligt-bambus-haandklaede\\\/\",\"url\":\"https:\\\/\\\/aztex.ee\\\/da\\\/pood\\\/haandklaeder-og-badehaandklaeder\\\/naturligt-bambus-haandklaede\\\/\",\"name\":\"Bambus h\u00e5ndkl\u00e6de | AZTEX\",\"isPartOf\":{\"@id\":\"https:\\\/\\\/aztex.ee\\\/da\\\/#website\"},\"primaryImageOfPage\":{\"@id\":\"https:\\\/\\\/aztex.ee\\\/da\\\/pood\\\/haandklaeder-og-badehaandklaeder\\\/naturligt-bambus-haandklaede\\\/#primaryimage\"},\"image\":{\"@id\":\"https:\\\/\\\/aztex.ee\\\/da\\\/pood\\\/haandklaeder-og-badehaandklaeder\\\/naturligt-bambus-haandklaede\\\/#primaryimage\"},\"thumbnailUrl\":\"https:\\\/\\\/aztex.ee\\\/wp-content\\\/uploads\\\/2024\\\/12\\\/Bambusest-ratik.jpg\",\"datePublished\":\"2024-12-29T01:34:10+00:00\",\"dateModified\":\"2026-03-28T22:10:21+00:00\",\"description\":\"Bambus h\u00e5ndkl\u00e6der er bl\u00f8de og ideelle til hverdagsbrug. Deres hurtigt\u00f8rrende egenskaber g\u00f8r dem til et praktisk valg... | AZTEX boligtekstil\",\"breadcrumb\":{\"@id\":\"https:\\\/\\\/aztex.ee\\\/da\\\/pood\\\/haandklaeder-og-badehaandklaeder\\\/naturligt-bambus-haandklaede\\\/#breadcrumb\"},\"inLanguage\":\"da-DK\",\"potentialAction\":[{\"@type\":\"ReadAction\",\"target\":[\"https:\\\/\\\/aztex.ee\\\/da\\\/pood\\\/haandklaeder-og-badehaandklaeder\\\/naturligt-bambus-haandklaede\\\/\"]}]},{\"@type\":\"ImageObject\",\"inLanguage\":\"da-DK\",\"@id\":\"https:\\\/\\\/aztex.ee\\\/da\\\/pood\\\/haandklaeder-og-badehaandklaeder\\\/naturligt-bambus-haandklaede\\\/#primaryimage\",\"url\":\"https:\\\/\\\/aztex.ee\\\/wp-content\\\/uploads\\\/2024\\\/12\\\/Bambusest-ratik.jpg\",\"contentUrl\":\"https:\\\/\\\/aztex.ee\\\/wp-content\\\/uploads\\\/2024\\\/12\\\/Bambusest-ratik.jpg\",\"width\":800,\"height\":800,\"caption\":\"Bambusest r\u00e4tik\"},{\"@type\":\"BreadcrumbList\",\"@id\":\"https:\\\/\\\/aztex.ee\\\/da\\\/pood\\\/haandklaeder-og-badehaandklaeder\\\/naturligt-bambus-haandklaede\\\/#breadcrumb\",\"itemListElement\":[{\"@type\":\"ListItem\",\"position\":1,\"name\":\"Forside\",\"item\":\"https:\\\/\\\/aztex.ee\\\/da\\\/\"},{\"@type\":\"ListItem\",\"position\":2,\"name\":\"Butik\",\"item\":\"https:\\\/\\\/aztex.ee\\\/da\\\/butik\\\/\"},{\"@type\":\"ListItem\",\"position\":3,\"name\":\"Bambus h\u00e5ndkl\u00e6de\"}]},{\"@type\":\"WebSite\",\"@id\":\"https:\\\/\\\/aztex.ee\\\/da\\\/#website\",\"url\":\"https:\\\/\\\/aztex.ee\\\/da\\\/\",\"name\":\"AZTEX\",\"description\":\"\",\"publisher\":{\"@id\":\"https:\\\/\\\/aztex.ee\\\/da\\\/#organization\"},\"potentialAction\":[{\"@type\":\"SearchAction\",\"target\":{\"@type\":\"EntryPoint\",\"urlTemplate\":\"https:\\\/\\\/aztex.ee\\\/da\\\/?s={search_term_string}\"},\"query-input\":{\"@type\":\"PropertyValueSpecification\",\"valueRequired\":true,\"valueName\":\"search_term_string\"}}],\"inLanguage\":\"da-DK\"},{\"@type\":\"Organization\",\"@id\":\"https:\\\/\\\/aztex.ee\\\/da\\\/#organization\",\"name\":\"AZTEX\",\"url\":\"https:\\\/\\\/aztex.ee\\\/da\\\/\",\"logo\":{\"@type\":\"ImageObject\",\"inLanguage\":\"da-DK\",\"@id\":\"https:\\\/\\\/aztex.ee\\\/da\\\/#\\\/schema\\\/logo\\\/image\\\/\",\"url\":\"https:\\\/\\\/aztex.ee\\\/wp-content\\\/uploads\\\/2026\\\/01\\\/AZTEX.png\",\"contentUrl\":\"https:\\\/\\\/aztex.ee\\\/wp-content\\\/uploads\\\/2026\\\/01\\\/AZTEX.png\",\"width\":500,\"height\":500,\"caption\":\"AZTEX\"},\"image\":{\"@id\":\"https:\\\/\\\/aztex.ee\\\/da\\\/#\\\/schema\\\/logo\\\/image\\\/\"},\"sameAs\":[\"https:\\\/\\\/www.facebook.com\\\/AztexEE\",\"https:\\\/\\\/www.instagram.com\\\/aztexeesti\\\/\",\"https:\\\/\\\/www.youtube.com\\\/@AZTEXEE\",\"https:\\\/\\\/www.pinterest.com\\\/aztex_eesti\\\/\",\"https:\\\/\\\/www.tiktok.com\\\/@aztexeesti\",\"https:\\\/\\\/www.trustpilot.com\\\/review\\\/aztex.ee\",\"https:\\\/\\\/www.linkedin.com\\\/company\\\/aztex-ee\\\/\",\"https:\\\/\\\/www.wikidata.org\\\/wiki\\\/Q137560182\"]}]}<\/script>\n<!-- \/ Yoast SEO plugin. -->","yoast_head_json":{"title":"Bambus h\u00e5ndkl\u00e6de | AZTEX","description":"Bambus h\u00e5ndkl\u00e6der er bl\u00f8de og ideelle til hverdagsbrug. Deres hurtigt\u00f8rrende egenskaber g\u00f8r dem til et praktisk valg... | AZTEX boligtekstil","robots":{"index":"index","follow":"follow","max-snippet":"max-snippet:-1","max-image-preview":"max-image-preview:large","max-video-preview":"max-video-preview:-1"},"canonical":"https:\/\/aztex.ee\/da\/pood\/haandklaeder-og-badehaandklaeder\/naturligt-bambus-haandklaede\/","og_locale":"da_DK","og_type":"article","og_title":"Bambus h\u00e5ndkl\u00e6de | AZTEX","og_description":"Bambus h\u00e5ndkl\u00e6der er bl\u00f8de og ideelle til hverdagsbrug. Deres hurtigt\u00f8rrende egenskaber g\u00f8r dem til et praktisk valg... | AZTEX boligtekstil","og_url":"https:\/\/aztex.ee\/da\/pood\/haandklaeder-og-badehaandklaeder\/naturligt-bambus-haandklaede\/","og_site_name":"AZTEX","article_publisher":"https:\/\/www.facebook.com\/AztexEE","article_modified_time":"2026-03-28T22:10:21+00:00","og_image":[{"width":800,"height":800,"url":"https:\/\/aztex.ee\/wp-content\/uploads\/2024\/12\/Bambusest-ratik.jpg","type":"image\/jpeg"}],"twitter_card":"summary_large_image","twitter_misc":{"Estimeret l\u00e6setid":"2 minutter"},"schema":{"@context":"https:\/\/schema.org","@graph":[{"@type":["WebPage","ItemPage"],"@id":"https:\/\/aztex.ee\/da\/pood\/haandklaeder-og-badehaandklaeder\/naturligt-bambus-haandklaede\/","url":"https:\/\/aztex.ee\/da\/pood\/haandklaeder-og-badehaandklaeder\/naturligt-bambus-haandklaede\/","name":"Bambus h\u00e5ndkl\u00e6de | AZTEX","isPartOf":{"@id":"https:\/\/aztex.ee\/da\/#website"},"primaryImageOfPage":{"@id":"https:\/\/aztex.ee\/da\/pood\/haandklaeder-og-badehaandklaeder\/naturligt-bambus-haandklaede\/#primaryimage"},"image":{"@id":"https:\/\/aztex.ee\/da\/pood\/haandklaeder-og-badehaandklaeder\/naturligt-bambus-haandklaede\/#primaryimage"},"thumbnailUrl":"https:\/\/aztex.ee\/wp-content\/uploads\/2024\/12\/Bambusest-ratik.jpg","datePublished":"2024-12-29T01:34:10+00:00","dateModified":"2026-03-28T22:10:21+00:00","description":"Bambus h\u00e5ndkl\u00e6der er bl\u00f8de og ideelle til hverdagsbrug. Deres hurtigt\u00f8rrende egenskaber g\u00f8r dem til et praktisk valg... | AZTEX boligtekstil","breadcrumb":{"@id":"https:\/\/aztex.ee\/da\/pood\/haandklaeder-og-badehaandklaeder\/naturligt-bambus-haandklaede\/#breadcrumb"},"inLanguage":"da-DK","potentialAction":[{"@type":"ReadAction","target":["https:\/\/aztex.ee\/da\/pood\/haandklaeder-og-badehaandklaeder\/naturligt-bambus-haandklaede\/"]}]},{"@type":"ImageObject","inLanguage":"da-DK","@id":"https:\/\/aztex.ee\/da\/pood\/haandklaeder-og-badehaandklaeder\/naturligt-bambus-haandklaede\/#primaryimage","url":"https:\/\/aztex.ee\/wp-content\/uploads\/2024\/12\/Bambusest-ratik.jpg","contentUrl":"https:\/\/aztex.ee\/wp-content\/uploads\/2024\/12\/Bambusest-ratik.jpg","width":800,"height":800,"caption":"Bambusest r\u00e4tik"},{"@type":"BreadcrumbList","@id":"https:\/\/aztex.ee\/da\/pood\/haandklaeder-og-badehaandklaeder\/naturligt-bambus-haandklaede\/#breadcrumb","itemListElement":[{"@type":"ListItem","position":1,"name":"Forside","item":"https:\/\/aztex.ee\/da\/"},{"@type":"ListItem","position":2,"name":"Butik","item":"https:\/\/aztex.ee\/da\/butik\/"},{"@type":"ListItem","position":3,"name":"Bambus h\u00e5ndkl\u00e6de"}]},{"@type":"WebSite","@id":"https:\/\/aztex.ee\/da\/#website","url":"https:\/\/aztex.ee\/da\/","name":"AZTEX","description":"","publisher":{"@id":"https:\/\/aztex.ee\/da\/#organization"},"potentialAction":[{"@type":"SearchAction","target":{"@type":"EntryPoint","urlTemplate":"https:\/\/aztex.ee\/da\/?s={search_term_string}"},"query-input":{"@type":"PropertyValueSpecification","valueRequired":true,"valueName":"search_term_string"}}],"inLanguage":"da-DK"},{"@type":"Organization","@id":"https:\/\/aztex.ee\/da\/#organization","name":"AZTEX","url":"https:\/\/aztex.ee\/da\/","logo":{"@type":"ImageObject","inLanguage":"da-DK","@id":"https:\/\/aztex.ee\/da\/#\/schema\/logo\/image\/","url":"https:\/\/aztex.ee\/wp-content\/uploads\/2026\/01\/AZTEX.png","contentUrl":"https:\/\/aztex.ee\/wp-content\/uploads\/2026\/01\/AZTEX.png","width":500,"height":500,"caption":"AZTEX"},"image":{"@id":"https:\/\/aztex.ee\/da\/#\/schema\/logo\/image\/"},"sameAs":["https:\/\/www.facebook.com\/AztexEE","https:\/\/www.instagram.com\/aztexeesti\/","https:\/\/www.youtube.com\/@AZTEXEE","https:\/\/www.pinterest.com\/aztex_eesti\/","https:\/\/www.tiktok.com\/@aztexeesti","https:\/\/www.trustpilot.com\/review\/aztex.ee","https:\/\/www.linkedin.com\/company\/aztex-ee\/","https:\/\/www.wikidata.org\/wiki\/Q137560182"]}]}},"_links":{"self":[{"href":"https:\/\/aztex.ee\/da\/wp-json\/wp\/v2\/product\/40728","targetHints":{"allow":["GET"]}}],"collection":[{"href":"https:\/\/aztex.ee\/da\/wp-json\/wp\/v2\/product"}],"about":[{"href":"https:\/\/aztex.ee\/da\/wp-json\/wp\/v2\/types\/product"}],"replies":[{"embeddable":true,"href":"https:\/\/aztex.ee\/da\/wp-json\/wp\/v2\/comments?post=40728"}],"version-history":[{"count":0,"href":"https:\/\/aztex.ee\/da\/wp-json\/wp\/v2\/product\/40728\/revisions"}],"wp:featuredmedia":[{"embeddable":true,"href":"https:\/\/aztex.ee\/da\/wp-json\/wp\/v2\/media\/40893"}],"wp:attachment":[{"href":"https:\/\/aztex.ee\/da\/wp-json\/wp\/v2\/media?parent=40728"}],"wp:term":[{"taxonomy":"product_brand","embeddable":true,"href":"https:\/\/aztex.ee\/da\/wp-json\/wp\/v2\/product_brand?post=40728"},{"taxonomy":"product_cat","embeddable":true,"href":"https:\/\/aztex.ee\/da\/wp-json\/wp\/v2\/product_cat?post=40728"},{"taxonomy":"product_tag","embeddable":true,"href":"https:\/\/aztex.ee\/da\/wp-json\/wp\/v2\/product_tag?post=40728"}],"curies":[{"name":"wp","href":"https:\/\/api.w.org\/{rel}","templated":true}]}}