{"id":39711,"date":"2024-12-21T22:40:25","date_gmt":"2024-12-21T22:40:25","guid":{"rendered":"https:\/\/aztex.ee\/pood\/Ikke%20kategoriseret\/bambus-haandklaede\/"},"modified":"2026-04-08T10:48:36","modified_gmt":"2026-04-08T10:48:36","slug":"bambus-haandklaede","status":"publish","type":"product","link":"https:\/\/aztex.ee\/da\/pood\/haandklaeder-og-badehaandklaeder\/bambus-haandklaede\/","title":{"rendered":"Bambus h\u00e5ndkl\u00e6de"},"content":{"rendered":"<p>Bambuss naturlige bl\u00f8dhed og elegance med vores h\u00f8jkvalitets bambush\u00e5ndkl\u00e6de!<\/p>\n<p>Bambush\u00e5ndkl\u00e6det er lavet af 100% bambusfiber, der tilbyder enest\u00e5ende bl\u00f8dhed og holdbarhed. Bambusfibrenes fremragende sugeevne sikrer, at h\u00e5ndkl\u00e6det t\u00f8rrer hurtigt og altid er klar til n\u00e6ste brug. Bambusens naturlige antibakterielle og hypoallergene egenskaber g\u00f8r den ideel til f\u00f8lsom hud, der hj\u00e6lper med at holde huden sund og frisk. Det er det bedste valg til b\u00e5de hverdagsbrug og til personer med f\u00f8lsomme hudproblemer, som leder efter en blid og plejende l\u00f8sning.<\/p>\n<p>Det praktiske ved h\u00e5ndkl\u00e6det er ikke begr\u00e6nset til dets brugervenlighed. Takket v\u00e6re holdbarheden af \u200b\u200bbambusfibre er den nem at pleje og har en lang levetid. At tr\u00e6ffe et milj\u00f8bevidst valg har aldrig v\u00e6ret nemmere \u2013 bambus er et b\u00e6redygtigt og hurtigt fornybart materiale, hvilket g\u00f8r det b\u00e5de til et \u00f8kologisk ansvarligt og elegant valg. Der bruges ingen pesticider eller herbicider til at dyrke bambus, hvilket g\u00f8r dette materiale sikkert for b\u00e5de milj\u00f8et og mennesker.<\/p>\n<p>Tilf\u00f8j luksuri\u00f8s komfort til din hverdag, som ogs\u00e5 vil forbedre dit badev\u00e6relsesinteri\u00f8r. Et bambush\u00e5ndkl\u00e6de er en \u00e6stetisk og funktionel tilf\u00f8jelse til ethvert hjem, der tilbyder en kombination af naturlig kvalitet og praktisk bekvemmelighed. Dens elegante design og bl\u00f8de touch bringer harmoni og omsorg til hver dag.<\/p>\n<p>Pas p\u00e5 dig selv og naturen med dette bl\u00f8de, holdbare og milj\u00f8venlige bambush\u00e5ndkl\u00e6de!<\/p>\n","protected":false},"excerpt":{"rendered":"<ul>\n<li>Materiale: 100% bambus<\/li>\n<li>St\u00f8rrelse: 35\u00d775 cm \u00b13<\/li>\n<li>V\u00e6gt: 420g\/m2<\/li>\n<\/ul>\n","protected":false},"featured_media":39079,"comment_status":"open","ping_status":"closed","template":"","meta":[],"product_brand":[],"product_cat":[1615,980,1729,769,475],"product_tag":[],"class_list":{"0":"post-39711","1":"product","2":"type-product","3":"status-publish","4":"has-post-thumbnail","6":"product_cat-bambus-handklaede","7":"product_cat-bambus-handklaeder","8":"product_cat-handklaeder","9":"product_cat-handklaeder-35x75-cm","10":"product_cat-haandklaeder-og-badehaandklaeder","12":"first","13":"instock","14":"shipping-taxable","15":"purchasable","16":"product-type-variable"},"yoast_head":"<!-- This site is optimized with the Yoast SEO plugin v27.4 - https:\/\/yoast.com\/product\/yoast-seo-wordpress\/ -->\n<title>Bambus h\u00e5ndkl\u00e6de | AZTEX<\/title>\n<meta name=\"description\" content=\"Bambus h\u00e5ndkl\u00e6de tilbyder den perfekte kombination af naturlig kvalitet og praktisk. Dette h\u00e5ndkl\u00e6de er udelukkende lavet af bambusfiber.\" \/>\n<meta name=\"robots\" content=\"index, follow, max-snippet:-1, max-image-preview:large, max-video-preview:-1\" \/>\n<link rel=\"canonical\" href=\"https:\/\/aztex.ee\/da\/pood\/haandklaeder-og-badehaandklaeder\/bambus-haandklaede\/\" \/>\n<meta property=\"og:locale\" content=\"da_DK\" \/>\n<meta property=\"og:type\" content=\"article\" \/>\n<meta property=\"og:title\" content=\"Bambus h\u00e5ndkl\u00e6de | AZTEX\" \/>\n<meta property=\"og:description\" content=\"Bambus h\u00e5ndkl\u00e6de tilbyder den perfekte kombination af naturlig kvalitet og praktisk. Dette h\u00e5ndkl\u00e6de er udelukkende lavet af bambusfiber.\" \/>\n<meta property=\"og:url\" content=\"https:\/\/aztex.ee\/da\/pood\/haandklaeder-og-badehaandklaeder\/bambus-haandklaede\/\" \/>\n<meta property=\"og:site_name\" content=\"AZTEX\" \/>\n<meta property=\"article:publisher\" content=\"https:\/\/www.facebook.com\/AztexEE\" \/>\n<meta property=\"article:modified_time\" content=\"2026-04-08T10:48:36+00:00\" \/>\n<meta property=\"og:image\" content=\"https:\/\/aztex.ee\/wp-content\/uploads\/2024\/12\/Bambusest-ratikud-1-1.jpg\" \/>\n\t<meta property=\"og:image:width\" content=\"800\" \/>\n\t<meta property=\"og:image:height\" content=\"800\" \/>\n\t<meta property=\"og:image:type\" content=\"image\/jpeg\" \/>\n<meta name=\"twitter:card\" content=\"summary_large_image\" \/>\n<meta name=\"twitter:label1\" content=\"Estimeret l\u00e6setid\" \/>\n\t<meta name=\"twitter:data1\" content=\"2 minutter\" \/>\n<script type=\"application\/ld+json\" class=\"yoast-schema-graph\">{\"@context\":\"https:\\\/\\\/schema.org\",\"@graph\":[{\"@type\":[\"WebPage\",\"ItemPage\"],\"@id\":\"https:\\\/\\\/aztex.ee\\\/da\\\/pood\\\/haandklaeder-og-badehaandklaeder\\\/bambus-haandklaede\\\/\",\"url\":\"https:\\\/\\\/aztex.ee\\\/da\\\/pood\\\/haandklaeder-og-badehaandklaeder\\\/bambus-haandklaede\\\/\",\"name\":\"Bambus h\u00e5ndkl\u00e6de | AZTEX\",\"isPartOf\":{\"@id\":\"https:\\\/\\\/aztex.ee\\\/da\\\/#website\"},\"primaryImageOfPage\":{\"@id\":\"https:\\\/\\\/aztex.ee\\\/da\\\/pood\\\/haandklaeder-og-badehaandklaeder\\\/bambus-haandklaede\\\/#primaryimage\"},\"image\":{\"@id\":\"https:\\\/\\\/aztex.ee\\\/da\\\/pood\\\/haandklaeder-og-badehaandklaeder\\\/bambus-haandklaede\\\/#primaryimage\"},\"thumbnailUrl\":\"https:\\\/\\\/aztex.ee\\\/wp-content\\\/uploads\\\/2024\\\/12\\\/Bambusest-ratikud-1-1.jpg\",\"datePublished\":\"2024-12-21T22:40:25+00:00\",\"dateModified\":\"2026-04-08T10:48:36+00:00\",\"description\":\"Bambus h\u00e5ndkl\u00e6de tilbyder den perfekte kombination af naturlig kvalitet og praktisk. Dette h\u00e5ndkl\u00e6de er udelukkende lavet af bambusfiber.\",\"breadcrumb\":{\"@id\":\"https:\\\/\\\/aztex.ee\\\/da\\\/pood\\\/haandklaeder-og-badehaandklaeder\\\/bambus-haandklaede\\\/#breadcrumb\"},\"inLanguage\":\"da-DK\",\"potentialAction\":[{\"@type\":\"ReadAction\",\"target\":[\"https:\\\/\\\/aztex.ee\\\/da\\\/pood\\\/haandklaeder-og-badehaandklaeder\\\/bambus-haandklaede\\\/\"]}]},{\"@type\":\"ImageObject\",\"inLanguage\":\"da-DK\",\"@id\":\"https:\\\/\\\/aztex.ee\\\/da\\\/pood\\\/haandklaeder-og-badehaandklaeder\\\/bambus-haandklaede\\\/#primaryimage\",\"url\":\"https:\\\/\\\/aztex.ee\\\/wp-content\\\/uploads\\\/2024\\\/12\\\/Bambusest-ratikud-1-1.jpg\",\"contentUrl\":\"https:\\\/\\\/aztex.ee\\\/wp-content\\\/uploads\\\/2024\\\/12\\\/Bambusest-ratikud-1-1.jpg\",\"width\":800,\"height\":800,\"caption\":\"Bambus h\u00e5ndkl\u00e6de\"},{\"@type\":\"BreadcrumbList\",\"@id\":\"https:\\\/\\\/aztex.ee\\\/da\\\/pood\\\/haandklaeder-og-badehaandklaeder\\\/bambus-haandklaede\\\/#breadcrumb\",\"itemListElement\":[{\"@type\":\"ListItem\",\"position\":1,\"name\":\"Forside\",\"item\":\"https:\\\/\\\/aztex.ee\\\/da\\\/\"},{\"@type\":\"ListItem\",\"position\":2,\"name\":\"Butik\",\"item\":\"https:\\\/\\\/aztex.ee\\\/da\\\/butik\\\/\"},{\"@type\":\"ListItem\",\"position\":3,\"name\":\"Bambus h\u00e5ndkl\u00e6de\"}]},{\"@type\":\"WebSite\",\"@id\":\"https:\\\/\\\/aztex.ee\\\/da\\\/#website\",\"url\":\"https:\\\/\\\/aztex.ee\\\/da\\\/\",\"name\":\"AZTEX\",\"description\":\"\",\"publisher\":{\"@id\":\"https:\\\/\\\/aztex.ee\\\/da\\\/#organization\"},\"potentialAction\":[{\"@type\":\"SearchAction\",\"target\":{\"@type\":\"EntryPoint\",\"urlTemplate\":\"https:\\\/\\\/aztex.ee\\\/da\\\/?s={search_term_string}\"},\"query-input\":{\"@type\":\"PropertyValueSpecification\",\"valueRequired\":true,\"valueName\":\"search_term_string\"}}],\"inLanguage\":\"da-DK\"},{\"@type\":\"Organization\",\"@id\":\"https:\\\/\\\/aztex.ee\\\/da\\\/#organization\",\"name\":\"AZTEX\",\"url\":\"https:\\\/\\\/aztex.ee\\\/da\\\/\",\"logo\":{\"@type\":\"ImageObject\",\"inLanguage\":\"da-DK\",\"@id\":\"https:\\\/\\\/aztex.ee\\\/da\\\/#\\\/schema\\\/logo\\\/image\\\/\",\"url\":\"https:\\\/\\\/aztex.ee\\\/wp-content\\\/uploads\\\/2026\\\/01\\\/AZTEX.png\",\"contentUrl\":\"https:\\\/\\\/aztex.ee\\\/wp-content\\\/uploads\\\/2026\\\/01\\\/AZTEX.png\",\"width\":500,\"height\":500,\"caption\":\"AZTEX\"},\"image\":{\"@id\":\"https:\\\/\\\/aztex.ee\\\/da\\\/#\\\/schema\\\/logo\\\/image\\\/\"},\"sameAs\":[\"https:\\\/\\\/www.facebook.com\\\/AztexEE\",\"https:\\\/\\\/www.instagram.com\\\/aztexeesti\\\/\",\"https:\\\/\\\/www.youtube.com\\\/@AZTEXEE\",\"https:\\\/\\\/www.pinterest.com\\\/aztex_eesti\\\/\",\"https:\\\/\\\/www.tiktok.com\\\/@aztexeesti\",\"https:\\\/\\\/www.trustpilot.com\\\/review\\\/aztex.ee\",\"https:\\\/\\\/www.linkedin.com\\\/company\\\/aztex-ee\\\/\",\"https:\\\/\\\/www.wikidata.org\\\/wiki\\\/Q137560182\"]}]}<\/script>\n<!-- \/ Yoast SEO plugin. -->","yoast_head_json":{"title":"Bambus h\u00e5ndkl\u00e6de | AZTEX","description":"Bambus h\u00e5ndkl\u00e6de tilbyder den perfekte kombination af naturlig kvalitet og praktisk. Dette h\u00e5ndkl\u00e6de er udelukkende lavet af bambusfiber.","robots":{"index":"index","follow":"follow","max-snippet":"max-snippet:-1","max-image-preview":"max-image-preview:large","max-video-preview":"max-video-preview:-1"},"canonical":"https:\/\/aztex.ee\/da\/pood\/haandklaeder-og-badehaandklaeder\/bambus-haandklaede\/","og_locale":"da_DK","og_type":"article","og_title":"Bambus h\u00e5ndkl\u00e6de | AZTEX","og_description":"Bambus h\u00e5ndkl\u00e6de tilbyder den perfekte kombination af naturlig kvalitet og praktisk. Dette h\u00e5ndkl\u00e6de er udelukkende lavet af bambusfiber.","og_url":"https:\/\/aztex.ee\/da\/pood\/haandklaeder-og-badehaandklaeder\/bambus-haandklaede\/","og_site_name":"AZTEX","article_publisher":"https:\/\/www.facebook.com\/AztexEE","article_modified_time":"2026-04-08T10:48:36+00:00","og_image":[{"width":800,"height":800,"url":"https:\/\/aztex.ee\/wp-content\/uploads\/2024\/12\/Bambusest-ratikud-1-1.jpg","type":"image\/jpeg"}],"twitter_card":"summary_large_image","twitter_misc":{"Estimeret l\u00e6setid":"2 minutter"},"schema":{"@context":"https:\/\/schema.org","@graph":[{"@type":["WebPage","ItemPage"],"@id":"https:\/\/aztex.ee\/da\/pood\/haandklaeder-og-badehaandklaeder\/bambus-haandklaede\/","url":"https:\/\/aztex.ee\/da\/pood\/haandklaeder-og-badehaandklaeder\/bambus-haandklaede\/","name":"Bambus h\u00e5ndkl\u00e6de | AZTEX","isPartOf":{"@id":"https:\/\/aztex.ee\/da\/#website"},"primaryImageOfPage":{"@id":"https:\/\/aztex.ee\/da\/pood\/haandklaeder-og-badehaandklaeder\/bambus-haandklaede\/#primaryimage"},"image":{"@id":"https:\/\/aztex.ee\/da\/pood\/haandklaeder-og-badehaandklaeder\/bambus-haandklaede\/#primaryimage"},"thumbnailUrl":"https:\/\/aztex.ee\/wp-content\/uploads\/2024\/12\/Bambusest-ratikud-1-1.jpg","datePublished":"2024-12-21T22:40:25+00:00","dateModified":"2026-04-08T10:48:36+00:00","description":"Bambus h\u00e5ndkl\u00e6de tilbyder den perfekte kombination af naturlig kvalitet og praktisk. Dette h\u00e5ndkl\u00e6de er udelukkende lavet af bambusfiber.","breadcrumb":{"@id":"https:\/\/aztex.ee\/da\/pood\/haandklaeder-og-badehaandklaeder\/bambus-haandklaede\/#breadcrumb"},"inLanguage":"da-DK","potentialAction":[{"@type":"ReadAction","target":["https:\/\/aztex.ee\/da\/pood\/haandklaeder-og-badehaandklaeder\/bambus-haandklaede\/"]}]},{"@type":"ImageObject","inLanguage":"da-DK","@id":"https:\/\/aztex.ee\/da\/pood\/haandklaeder-og-badehaandklaeder\/bambus-haandklaede\/#primaryimage","url":"https:\/\/aztex.ee\/wp-content\/uploads\/2024\/12\/Bambusest-ratikud-1-1.jpg","contentUrl":"https:\/\/aztex.ee\/wp-content\/uploads\/2024\/12\/Bambusest-ratikud-1-1.jpg","width":800,"height":800,"caption":"Bambus h\u00e5ndkl\u00e6de"},{"@type":"BreadcrumbList","@id":"https:\/\/aztex.ee\/da\/pood\/haandklaeder-og-badehaandklaeder\/bambus-haandklaede\/#breadcrumb","itemListElement":[{"@type":"ListItem","position":1,"name":"Forside","item":"https:\/\/aztex.ee\/da\/"},{"@type":"ListItem","position":2,"name":"Butik","item":"https:\/\/aztex.ee\/da\/butik\/"},{"@type":"ListItem","position":3,"name":"Bambus h\u00e5ndkl\u00e6de"}]},{"@type":"WebSite","@id":"https:\/\/aztex.ee\/da\/#website","url":"https:\/\/aztex.ee\/da\/","name":"AZTEX","description":"","publisher":{"@id":"https:\/\/aztex.ee\/da\/#organization"},"potentialAction":[{"@type":"SearchAction","target":{"@type":"EntryPoint","urlTemplate":"https:\/\/aztex.ee\/da\/?s={search_term_string}"},"query-input":{"@type":"PropertyValueSpecification","valueRequired":true,"valueName":"search_term_string"}}],"inLanguage":"da-DK"},{"@type":"Organization","@id":"https:\/\/aztex.ee\/da\/#organization","name":"AZTEX","url":"https:\/\/aztex.ee\/da\/","logo":{"@type":"ImageObject","inLanguage":"da-DK","@id":"https:\/\/aztex.ee\/da\/#\/schema\/logo\/image\/","url":"https:\/\/aztex.ee\/wp-content\/uploads\/2026\/01\/AZTEX.png","contentUrl":"https:\/\/aztex.ee\/wp-content\/uploads\/2026\/01\/AZTEX.png","width":500,"height":500,"caption":"AZTEX"},"image":{"@id":"https:\/\/aztex.ee\/da\/#\/schema\/logo\/image\/"},"sameAs":["https:\/\/www.facebook.com\/AztexEE","https:\/\/www.instagram.com\/aztexeesti\/","https:\/\/www.youtube.com\/@AZTEXEE","https:\/\/www.pinterest.com\/aztex_eesti\/","https:\/\/www.tiktok.com\/@aztexeesti","https:\/\/www.trustpilot.com\/review\/aztex.ee","https:\/\/www.linkedin.com\/company\/aztex-ee\/","https:\/\/www.wikidata.org\/wiki\/Q137560182"]}]}},"_links":{"self":[{"href":"https:\/\/aztex.ee\/da\/wp-json\/wp\/v2\/product\/39711","targetHints":{"allow":["GET"]}}],"collection":[{"href":"https:\/\/aztex.ee\/da\/wp-json\/wp\/v2\/product"}],"about":[{"href":"https:\/\/aztex.ee\/da\/wp-json\/wp\/v2\/types\/product"}],"replies":[{"embeddable":true,"href":"https:\/\/aztex.ee\/da\/wp-json\/wp\/v2\/comments?post=39711"}],"version-history":[{"count":0,"href":"https:\/\/aztex.ee\/da\/wp-json\/wp\/v2\/product\/39711\/revisions"}],"wp:featuredmedia":[{"embeddable":true,"href":"https:\/\/aztex.ee\/da\/wp-json\/wp\/v2\/media\/39079"}],"wp:attachment":[{"href":"https:\/\/aztex.ee\/da\/wp-json\/wp\/v2\/media?parent=39711"}],"wp:term":[{"taxonomy":"product_brand","embeddable":true,"href":"https:\/\/aztex.ee\/da\/wp-json\/wp\/v2\/product_brand?post=39711"},{"taxonomy":"product_cat","embeddable":true,"href":"https:\/\/aztex.ee\/da\/wp-json\/wp\/v2\/product_cat?post=39711"},{"taxonomy":"product_tag","embeddable":true,"href":"https:\/\/aztex.ee\/da\/wp-json\/wp\/v2\/product_tag?post=39711"}],"curies":[{"name":"wp","href":"https:\/\/api.w.org\/{rel}","templated":true}]}}