{"id":31778,"date":"2024-11-11T15:24:24","date_gmt":"2024-11-11T15:24:24","guid":{"rendered":"https:\/\/aztex.ee\/?post_type=product&#038;p=31778"},"modified":"2026-02-17T14:25:28","modified_gmt":"2026-02-17T14:25:28","slug":"dynebetraek-saet-gold-leaf","status":"publish","type":"product","link":"https:\/\/aztex.ee\/da\/pood\/sengetoej\/dynebetraek-saet-gold-leaf\/","title":{"rendered":"Dynebetr\u00e6k s\u00e6t | Gold leaf"},"content":{"rendered":"<p>Senges\u00e6t af 100 % bomuld bringer naturlig bl\u00f8dhed og komfort til dit sovev\u00e6relse, som du virkelig vil nyde. Dette senget\u00f8j er lavet af \u00e5ndbart, \u00e6gte bomuld, som hj\u00e6lper kroppen med at holde den ideelle temperatur i l\u00f8bet af natten, hvilket giver k\u00f8lighed p\u00e5 varme n\u00e6tter og varme p\u00e5 k\u00f8ligere. Det er et godt valg for dem, der leder efter et naturligt materiale, der er sk\u00e5nsomt selv p\u00e5 f\u00f8lsom hud.<\/p>\n<p>Senget\u00f8jets tidl\u00f8se og elegante design vil forbedre ethvert sovev\u00e6relse og bringe bl\u00f8dhed og ro til rummet. Bomulden af \u200b\u200bh\u00f8j kvalitet forbliver holdbar og bliver endnu bl\u00f8dere med hver vask, hvilket giver en luksuri\u00f8s f\u00f8lelse, der holder. Nyd en virkelig hyggelig og naturn\u00e6r ferie hver aften med senget\u00f8j af 100 % bomuld.<\/p>\n","protected":false},"excerpt":{"rendered":"<p>Naturligt bl\u00f8dt og \u00e5ndbart senges\u00e6t i 100% bomuld, der sikrer en behagelig og afslappende s\u00f8vn.<\/p>\n<ul>\n<li>Materiale: 100% bomuld<\/li>\n<li>Stof: Satin<\/li>\n<li>Tr\u00e5dantal: 255 TC<\/li>\n<li>Dynebetr\u00e6k: 200\u00d7230 cm<\/li>\n<li>Pudebetr\u00e6k: 50\u00d775 cm (2 stk)<\/li>\n<li>Lagen: Medf\u00f8lger ikke<\/li>\n<li>Komfort: \u00c5ndbar og bl\u00f8d tekstur<\/li>\n<\/ul>\n<p><img loading=\"lazy\" decoding=\"async\" class=\"alignnone size-full wp-image-30406\" src=\"https:\/\/aztex.ee\/wp-content\/uploads\/2024\/11\/100puuvilll.png\" alt=\"\" width=\"275\" height=\"76\" srcset=\"https:\/\/aztex.ee\/wp-content\/uploads\/2024\/11\/100puuvilll.png 275w, https:\/\/aztex.ee\/wp-content\/uploads\/2024\/11\/100puuvilll-150x41.png 150w\" sizes=\"auto, (max-width: 275px) 100vw, 275px\" \/><\/p>\n","protected":false},"featured_media":31799,"comment_status":"open","ping_status":"closed","template":"","meta":[],"product_brand":[],"product_cat":[257,163,376,596,130,495],"product_tag":[],"class_list":{"0":"post-31778","1":"product","2":"type-product","3":"status-publish","4":"has-post-thumbnail","6":"product_cat-bomuld-sengetoj-200-230","7":"product_cat-bomulds-sengetoj","8":"product_cat-satin-sengetoj","9":"product_cat-satin-sengetoj-saet","10":"product_cat-sengetoej","11":"product_cat-sengetoj-saet","13":"first","14":"instock","15":"shipping-taxable","16":"purchasable","17":"product-type-simple"},"yoast_head":"<!-- This site is optimized with the Yoast SEO plugin v27.4 - https:\/\/yoast.com\/product\/yoast-seo-wordpress\/ -->\n<title>Dynebetr\u00e6k s\u00e6t | Gold leaf | AZTEX<\/title>\n<meta name=\"description\" content=\"Bomuld senget\u00f8j s\u00e6t 200x230 cm Gold leaf, det perfekte valg til bl\u00f8d og behagelig s\u00f8vn. Det giver en kvalitetss\u00f8vnoplevelse med sin 100% bomuldstekstur...\" \/>\n<meta name=\"robots\" content=\"index, follow, max-snippet:-1, max-image-preview:large, max-video-preview:-1\" \/>\n<link rel=\"canonical\" href=\"https:\/\/aztex.ee\/da\/pood\/sengetoej\/dynebetraek-saet-gold-leaf\/\" \/>\n<meta property=\"og:locale\" content=\"da_DK\" \/>\n<meta property=\"og:type\" content=\"article\" \/>\n<meta property=\"og:title\" content=\"Dynebetr\u00e6k s\u00e6t | Gold leaf | AZTEX\" \/>\n<meta property=\"og:description\" content=\"Bomuld senget\u00f8j s\u00e6t 200x230 cm Gold leaf, det perfekte valg til bl\u00f8d og behagelig s\u00f8vn. Det giver en kvalitetss\u00f8vnoplevelse med sin 100% bomuldstekstur...\" \/>\n<meta property=\"og:url\" content=\"https:\/\/aztex.ee\/da\/pood\/sengetoej\/dynebetraek-saet-gold-leaf\/\" \/>\n<meta property=\"og:site_name\" content=\"AZTEX\" \/>\n<meta property=\"article:publisher\" content=\"https:\/\/www.facebook.com\/AztexEE\" \/>\n<meta property=\"article:modified_time\" content=\"2026-02-17T14:25:28+00:00\" \/>\n<meta property=\"og:image\" content=\"https:\/\/aztex.ee\/wp-content\/uploads\/2024\/11\/Voodipesukomplekt-10.jpg\" \/>\n\t<meta property=\"og:image:width\" content=\"800\" \/>\n\t<meta property=\"og:image:height\" content=\"800\" \/>\n\t<meta property=\"og:image:type\" content=\"image\/jpeg\" \/>\n<meta name=\"twitter:card\" content=\"summary_large_image\" \/>\n<meta name=\"twitter:label1\" content=\"Estimeret l\u00e6setid\" \/>\n\t<meta name=\"twitter:data1\" content=\"1 minut\" \/>\n<script type=\"application\/ld+json\" class=\"yoast-schema-graph\">{\"@context\":\"https:\\\/\\\/schema.org\",\"@graph\":[{\"@type\":[\"WebPage\",\"ItemPage\"],\"@id\":\"https:\\\/\\\/aztex.ee\\\/da\\\/pood\\\/sengetoej\\\/dynebetraek-saet-gold-leaf\\\/\",\"url\":\"https:\\\/\\\/aztex.ee\\\/da\\\/pood\\\/sengetoej\\\/dynebetraek-saet-gold-leaf\\\/\",\"name\":\"Dynebetr\u00e6k s\u00e6t | Gold leaf | AZTEX\",\"isPartOf\":{\"@id\":\"https:\\\/\\\/aztex.ee\\\/da\\\/#website\"},\"primaryImageOfPage\":{\"@id\":\"https:\\\/\\\/aztex.ee\\\/da\\\/pood\\\/sengetoej\\\/dynebetraek-saet-gold-leaf\\\/#primaryimage\"},\"image\":{\"@id\":\"https:\\\/\\\/aztex.ee\\\/da\\\/pood\\\/sengetoej\\\/dynebetraek-saet-gold-leaf\\\/#primaryimage\"},\"thumbnailUrl\":\"https:\\\/\\\/aztex.ee\\\/wp-content\\\/uploads\\\/2024\\\/11\\\/Voodipesukomplekt-10.jpg\",\"datePublished\":\"2024-11-11T15:24:24+00:00\",\"dateModified\":\"2026-02-17T14:25:28+00:00\",\"description\":\"Bomuld senget\u00f8j s\u00e6t 200x230 cm Gold leaf, det perfekte valg til bl\u00f8d og behagelig s\u00f8vn. Det giver en kvalitetss\u00f8vnoplevelse med sin 100% bomuldstekstur...\",\"breadcrumb\":{\"@id\":\"https:\\\/\\\/aztex.ee\\\/da\\\/pood\\\/sengetoej\\\/dynebetraek-saet-gold-leaf\\\/#breadcrumb\"},\"inLanguage\":\"da-DK\",\"potentialAction\":[{\"@type\":\"ReadAction\",\"target\":[\"https:\\\/\\\/aztex.ee\\\/da\\\/pood\\\/sengetoej\\\/dynebetraek-saet-gold-leaf\\\/\"]}]},{\"@type\":\"ImageObject\",\"inLanguage\":\"da-DK\",\"@id\":\"https:\\\/\\\/aztex.ee\\\/da\\\/pood\\\/sengetoej\\\/dynebetraek-saet-gold-leaf\\\/#primaryimage\",\"url\":\"https:\\\/\\\/aztex.ee\\\/wp-content\\\/uploads\\\/2024\\\/11\\\/Voodipesukomplekt-10.jpg\",\"contentUrl\":\"https:\\\/\\\/aztex.ee\\\/wp-content\\\/uploads\\\/2024\\\/11\\\/Voodipesukomplekt-10.jpg\",\"width\":800,\"height\":800,\"caption\":\"Voodipesukomplekt\"},{\"@type\":\"BreadcrumbList\",\"@id\":\"https:\\\/\\\/aztex.ee\\\/da\\\/pood\\\/sengetoej\\\/dynebetraek-saet-gold-leaf\\\/#breadcrumb\",\"itemListElement\":[{\"@type\":\"ListItem\",\"position\":1,\"name\":\"Forside\",\"item\":\"https:\\\/\\\/aztex.ee\\\/da\\\/\"},{\"@type\":\"ListItem\",\"position\":2,\"name\":\"Butik\",\"item\":\"https:\\\/\\\/aztex.ee\\\/da\\\/butik\\\/\"},{\"@type\":\"ListItem\",\"position\":3,\"name\":\"Dynebetr\u00e6k s\u00e6t | Gold leaf\"}]},{\"@type\":\"WebSite\",\"@id\":\"https:\\\/\\\/aztex.ee\\\/da\\\/#website\",\"url\":\"https:\\\/\\\/aztex.ee\\\/da\\\/\",\"name\":\"AZTEX\",\"description\":\"\",\"publisher\":{\"@id\":\"https:\\\/\\\/aztex.ee\\\/da\\\/#organization\"},\"potentialAction\":[{\"@type\":\"SearchAction\",\"target\":{\"@type\":\"EntryPoint\",\"urlTemplate\":\"https:\\\/\\\/aztex.ee\\\/da\\\/?s={search_term_string}\"},\"query-input\":{\"@type\":\"PropertyValueSpecification\",\"valueRequired\":true,\"valueName\":\"search_term_string\"}}],\"inLanguage\":\"da-DK\"},{\"@type\":\"Organization\",\"@id\":\"https:\\\/\\\/aztex.ee\\\/da\\\/#organization\",\"name\":\"AZTEX\",\"url\":\"https:\\\/\\\/aztex.ee\\\/da\\\/\",\"logo\":{\"@type\":\"ImageObject\",\"inLanguage\":\"da-DK\",\"@id\":\"https:\\\/\\\/aztex.ee\\\/da\\\/#\\\/schema\\\/logo\\\/image\\\/\",\"url\":\"https:\\\/\\\/aztex.ee\\\/wp-content\\\/uploads\\\/2026\\\/01\\\/AZTEX.png\",\"contentUrl\":\"https:\\\/\\\/aztex.ee\\\/wp-content\\\/uploads\\\/2026\\\/01\\\/AZTEX.png\",\"width\":500,\"height\":500,\"caption\":\"AZTEX\"},\"image\":{\"@id\":\"https:\\\/\\\/aztex.ee\\\/da\\\/#\\\/schema\\\/logo\\\/image\\\/\"},\"sameAs\":[\"https:\\\/\\\/www.facebook.com\\\/AztexEE\",\"https:\\\/\\\/www.instagram.com\\\/aztexeesti\\\/\",\"https:\\\/\\\/www.youtube.com\\\/@AZTEXEE\",\"https:\\\/\\\/www.pinterest.com\\\/aztex_eesti\\\/\",\"https:\\\/\\\/www.tiktok.com\\\/@aztexeesti\",\"https:\\\/\\\/www.trustpilot.com\\\/review\\\/aztex.ee\",\"https:\\\/\\\/www.linkedin.com\\\/company\\\/aztex-ee\\\/\",\"https:\\\/\\\/www.wikidata.org\\\/wiki\\\/Q137560182\"]}]}<\/script>\n<!-- \/ Yoast SEO plugin. -->","yoast_head_json":{"title":"Dynebetr\u00e6k s\u00e6t | Gold leaf | AZTEX","description":"Bomuld senget\u00f8j s\u00e6t 200x230 cm Gold leaf, det perfekte valg til bl\u00f8d og behagelig s\u00f8vn. Det giver en kvalitetss\u00f8vnoplevelse med sin 100% bomuldstekstur...","robots":{"index":"index","follow":"follow","max-snippet":"max-snippet:-1","max-image-preview":"max-image-preview:large","max-video-preview":"max-video-preview:-1"},"canonical":"https:\/\/aztex.ee\/da\/pood\/sengetoej\/dynebetraek-saet-gold-leaf\/","og_locale":"da_DK","og_type":"article","og_title":"Dynebetr\u00e6k s\u00e6t | Gold leaf | AZTEX","og_description":"Bomuld senget\u00f8j s\u00e6t 200x230 cm Gold leaf, det perfekte valg til bl\u00f8d og behagelig s\u00f8vn. Det giver en kvalitetss\u00f8vnoplevelse med sin 100% bomuldstekstur...","og_url":"https:\/\/aztex.ee\/da\/pood\/sengetoej\/dynebetraek-saet-gold-leaf\/","og_site_name":"AZTEX","article_publisher":"https:\/\/www.facebook.com\/AztexEE","article_modified_time":"2026-02-17T14:25:28+00:00","og_image":[{"width":800,"height":800,"url":"https:\/\/aztex.ee\/wp-content\/uploads\/2024\/11\/Voodipesukomplekt-10.jpg","type":"image\/jpeg"}],"twitter_card":"summary_large_image","twitter_misc":{"Estimeret l\u00e6setid":"1 minut"},"schema":{"@context":"https:\/\/schema.org","@graph":[{"@type":["WebPage","ItemPage"],"@id":"https:\/\/aztex.ee\/da\/pood\/sengetoej\/dynebetraek-saet-gold-leaf\/","url":"https:\/\/aztex.ee\/da\/pood\/sengetoej\/dynebetraek-saet-gold-leaf\/","name":"Dynebetr\u00e6k s\u00e6t | Gold leaf | AZTEX","isPartOf":{"@id":"https:\/\/aztex.ee\/da\/#website"},"primaryImageOfPage":{"@id":"https:\/\/aztex.ee\/da\/pood\/sengetoej\/dynebetraek-saet-gold-leaf\/#primaryimage"},"image":{"@id":"https:\/\/aztex.ee\/da\/pood\/sengetoej\/dynebetraek-saet-gold-leaf\/#primaryimage"},"thumbnailUrl":"https:\/\/aztex.ee\/wp-content\/uploads\/2024\/11\/Voodipesukomplekt-10.jpg","datePublished":"2024-11-11T15:24:24+00:00","dateModified":"2026-02-17T14:25:28+00:00","description":"Bomuld senget\u00f8j s\u00e6t 200x230 cm Gold leaf, det perfekte valg til bl\u00f8d og behagelig s\u00f8vn. Det giver en kvalitetss\u00f8vnoplevelse med sin 100% bomuldstekstur...","breadcrumb":{"@id":"https:\/\/aztex.ee\/da\/pood\/sengetoej\/dynebetraek-saet-gold-leaf\/#breadcrumb"},"inLanguage":"da-DK","potentialAction":[{"@type":"ReadAction","target":["https:\/\/aztex.ee\/da\/pood\/sengetoej\/dynebetraek-saet-gold-leaf\/"]}]},{"@type":"ImageObject","inLanguage":"da-DK","@id":"https:\/\/aztex.ee\/da\/pood\/sengetoej\/dynebetraek-saet-gold-leaf\/#primaryimage","url":"https:\/\/aztex.ee\/wp-content\/uploads\/2024\/11\/Voodipesukomplekt-10.jpg","contentUrl":"https:\/\/aztex.ee\/wp-content\/uploads\/2024\/11\/Voodipesukomplekt-10.jpg","width":800,"height":800,"caption":"Voodipesukomplekt"},{"@type":"BreadcrumbList","@id":"https:\/\/aztex.ee\/da\/pood\/sengetoej\/dynebetraek-saet-gold-leaf\/#breadcrumb","itemListElement":[{"@type":"ListItem","position":1,"name":"Forside","item":"https:\/\/aztex.ee\/da\/"},{"@type":"ListItem","position":2,"name":"Butik","item":"https:\/\/aztex.ee\/da\/butik\/"},{"@type":"ListItem","position":3,"name":"Dynebetr\u00e6k s\u00e6t | Gold leaf"}]},{"@type":"WebSite","@id":"https:\/\/aztex.ee\/da\/#website","url":"https:\/\/aztex.ee\/da\/","name":"AZTEX","description":"","publisher":{"@id":"https:\/\/aztex.ee\/da\/#organization"},"potentialAction":[{"@type":"SearchAction","target":{"@type":"EntryPoint","urlTemplate":"https:\/\/aztex.ee\/da\/?s={search_term_string}"},"query-input":{"@type":"PropertyValueSpecification","valueRequired":true,"valueName":"search_term_string"}}],"inLanguage":"da-DK"},{"@type":"Organization","@id":"https:\/\/aztex.ee\/da\/#organization","name":"AZTEX","url":"https:\/\/aztex.ee\/da\/","logo":{"@type":"ImageObject","inLanguage":"da-DK","@id":"https:\/\/aztex.ee\/da\/#\/schema\/logo\/image\/","url":"https:\/\/aztex.ee\/wp-content\/uploads\/2026\/01\/AZTEX.png","contentUrl":"https:\/\/aztex.ee\/wp-content\/uploads\/2026\/01\/AZTEX.png","width":500,"height":500,"caption":"AZTEX"},"image":{"@id":"https:\/\/aztex.ee\/da\/#\/schema\/logo\/image\/"},"sameAs":["https:\/\/www.facebook.com\/AztexEE","https:\/\/www.instagram.com\/aztexeesti\/","https:\/\/www.youtube.com\/@AZTEXEE","https:\/\/www.pinterest.com\/aztex_eesti\/","https:\/\/www.tiktok.com\/@aztexeesti","https:\/\/www.trustpilot.com\/review\/aztex.ee","https:\/\/www.linkedin.com\/company\/aztex-ee\/","https:\/\/www.wikidata.org\/wiki\/Q137560182"]}]}},"_links":{"self":[{"href":"https:\/\/aztex.ee\/da\/wp-json\/wp\/v2\/product\/31778","targetHints":{"allow":["GET"]}}],"collection":[{"href":"https:\/\/aztex.ee\/da\/wp-json\/wp\/v2\/product"}],"about":[{"href":"https:\/\/aztex.ee\/da\/wp-json\/wp\/v2\/types\/product"}],"replies":[{"embeddable":true,"href":"https:\/\/aztex.ee\/da\/wp-json\/wp\/v2\/comments?post=31778"}],"version-history":[{"count":0,"href":"https:\/\/aztex.ee\/da\/wp-json\/wp\/v2\/product\/31778\/revisions"}],"wp:featuredmedia":[{"embeddable":true,"href":"https:\/\/aztex.ee\/da\/wp-json\/wp\/v2\/media\/31799"}],"wp:attachment":[{"href":"https:\/\/aztex.ee\/da\/wp-json\/wp\/v2\/media?parent=31778"}],"wp:term":[{"taxonomy":"product_brand","embeddable":true,"href":"https:\/\/aztex.ee\/da\/wp-json\/wp\/v2\/product_brand?post=31778"},{"taxonomy":"product_cat","embeddable":true,"href":"https:\/\/aztex.ee\/da\/wp-json\/wp\/v2\/product_cat?post=31778"},{"taxonomy":"product_tag","embeddable":true,"href":"https:\/\/aztex.ee\/da\/wp-json\/wp\/v2\/product_tag?post=31778"}],"curies":[{"name":"wp","href":"https:\/\/api.w.org\/{rel}","templated":true}]}}