{"id":24800,"date":"2024-09-29T09:47:19","date_gmt":"2024-09-29T09:47:19","guid":{"rendered":"https:\/\/aztex.ee\/?post_type=product&#038;p=24800"},"modified":"2026-03-31T14:45:37","modified_gmt":"2026-03-31T14:45:37","slug":"satin-sengetoej-saet-marsh","status":"publish","type":"product","link":"https:\/\/aztex.ee\/da\/pood\/sengetoej\/satin-sengetoej-saet-marsh\/","title":{"rendered":"Satin senget\u00f8j s\u00e6t | Marsh"},"content":{"rendered":"<p>Senges\u00e6t i satin er det perfekte valg, hvis du leder efter bl\u00f8dhed og elegance i dit sovev\u00e6relse. Fremstillet af h\u00f8jkvalitets bomuld, der k\u00e6rtegner huden og skaber en luksuri\u00f8s soveoplevelse. Det \u00e5ndbare materiale regulerer kropstemperaturen og sikrer, at du sover behageligt p\u00e5 alle \u00e5rstider &#8211; uanset om det er k\u00f8ligere om sommeren eller varmere om vinteren. Derudover er senget\u00f8jet let at passe og maskinvaskes, hvilket g\u00f8r det perfekt til hverdagsbrug. Opdater dit sovev\u00e6relse med vores smukke satin senges\u00e6t og nyd den luksuri\u00f8se komfort, du altid har \u00f8nsket dig!<\/p>\n","protected":false},"excerpt":{"rendered":"<p>Satin senges\u00e6t er sk\u00e5nsomt mod huden og \u00e5ndbart, hvilket sikrer et ideelt sovemilj\u00f8.<\/p>\n<ul>\n<li>Materiale: 100% bomuld<\/li>\n<li>Stof: Satin<\/li>\n<li>Tr\u00e5dantal: 300 TC<\/li>\n<li>Dynebetr\u00e6k: 200\u00d7220 cm<\/li>\n<li>Pudebetr\u00e6k: 50\u00d775 cm (2 stk)<\/li>\n<li>Lagen: Medf\u00f8lger ikke<\/li>\n<li>Komfort: \u00c5ndbar og bl\u00f8d tekstur<\/li>\n<\/ul>\n<p><img loading=\"lazy\" decoding=\"async\" class=\"alignnone size-full wp-image-24726\" src=\"https:\/\/aztex.ee\/wp-content\/uploads\/2024\/09\/cottonlogo33.png\" alt=\"\" width=\"165\" height=\"73\" srcset=\"https:\/\/aztex.ee\/wp-content\/uploads\/2024\/09\/cottonlogo33.png 165w, https:\/\/aztex.ee\/wp-content\/uploads\/2024\/09\/cottonlogo33-150x66.png 150w\" sizes=\"auto, (max-width: 165px) 100vw, 165px\" \/><\/p>\n","protected":false},"featured_media":24881,"comment_status":"open","ping_status":"closed","template":"","meta":[],"product_brand":[],"product_cat":[256,163,376,596,130,495],"product_tag":[],"class_list":{"0":"post-24800","1":"product","2":"type-product","3":"status-publish","4":"has-post-thumbnail","6":"product_cat-bomuld-sengetoj-200-220","7":"product_cat-bomulds-sengetoj","8":"product_cat-satin-sengetoj","9":"product_cat-satin-sengetoj-saet","10":"product_cat-sengetoej","11":"product_cat-sengetoj-saet","13":"first","14":"instock","15":"shipping-taxable","16":"purchasable","17":"product-type-simple"},"yoast_head":"<!-- This site is optimized with the Yoast SEO plugin v27.3 - https:\/\/yoast.com\/product\/yoast-seo-wordpress\/ -->\n<title>Satin senget\u00f8j s\u00e6t | Marsh | AZTEX<\/title>\n<meta name=\"description\" content=\"Senges\u00e6t 200x220 af 100 % bomuldssatin med elegante lavendelm\u00f8nstre bringer en naturinspireret elegance til dit sovev\u00e6relse. Den giver en behagelig s\u00f8vn ..\" \/>\n<meta name=\"robots\" content=\"index, follow, max-snippet:-1, max-image-preview:large, max-video-preview:-1\" \/>\n<link rel=\"canonical\" href=\"https:\/\/aztex.ee\/da\/pood\/sengetoej\/satin-sengetoej-saet-marsh\/\" \/>\n<meta property=\"og:locale\" content=\"da_DK\" \/>\n<meta property=\"og:type\" content=\"article\" \/>\n<meta property=\"og:title\" content=\"Satin senget\u00f8j s\u00e6t | Marsh | AZTEX\" \/>\n<meta property=\"og:description\" content=\"Senges\u00e6t 200x220 af 100 % bomuldssatin med elegante lavendelm\u00f8nstre bringer en naturinspireret elegance til dit sovev\u00e6relse. Den giver en behagelig s\u00f8vn ..\" \/>\n<meta property=\"og:url\" content=\"https:\/\/aztex.ee\/da\/pood\/sengetoej\/satin-sengetoej-saet-marsh\/\" \/>\n<meta property=\"og:site_name\" content=\"AZTEX\" \/>\n<meta property=\"article:publisher\" content=\"https:\/\/www.facebook.com\/AztexEE\" \/>\n<meta property=\"article:modified_time\" content=\"2026-03-31T14:45:37+00:00\" \/>\n<meta property=\"og:image\" content=\"https:\/\/aztex.ee\/wp-content\/uploads\/2024\/09\/Satiinist-voodipesukomplekt-200x220-4.jpg\" \/>\n\t<meta property=\"og:image:width\" content=\"800\" \/>\n\t<meta property=\"og:image:height\" content=\"800\" \/>\n\t<meta property=\"og:image:type\" content=\"image\/jpeg\" \/>\n<meta name=\"twitter:card\" content=\"summary_large_image\" \/>\n<meta name=\"twitter:label1\" content=\"Estimeret l\u00e6setid\" \/>\n\t<meta name=\"twitter:data1\" content=\"1 minut\" \/>\n<script type=\"application\/ld+json\" class=\"yoast-schema-graph\">{\"@context\":\"https:\\\/\\\/schema.org\",\"@graph\":[{\"@type\":[\"WebPage\",\"ItemPage\"],\"@id\":\"https:\\\/\\\/aztex.ee\\\/da\\\/pood\\\/sengetoej\\\/satin-sengetoej-saet-marsh\\\/\",\"url\":\"https:\\\/\\\/aztex.ee\\\/da\\\/pood\\\/sengetoej\\\/satin-sengetoej-saet-marsh\\\/\",\"name\":\"Satin senget\u00f8j s\u00e6t | Marsh | AZTEX\",\"isPartOf\":{\"@id\":\"https:\\\/\\\/aztex.ee\\\/da\\\/#website\"},\"primaryImageOfPage\":{\"@id\":\"https:\\\/\\\/aztex.ee\\\/da\\\/pood\\\/sengetoej\\\/satin-sengetoej-saet-marsh\\\/#primaryimage\"},\"image\":{\"@id\":\"https:\\\/\\\/aztex.ee\\\/da\\\/pood\\\/sengetoej\\\/satin-sengetoej-saet-marsh\\\/#primaryimage\"},\"thumbnailUrl\":\"https:\\\/\\\/aztex.ee\\\/wp-content\\\/uploads\\\/2024\\\/09\\\/Satiinist-voodipesukomplekt-200x220-4.jpg\",\"datePublished\":\"2024-09-29T09:47:19+00:00\",\"dateModified\":\"2026-03-31T14:45:37+00:00\",\"description\":\"Senges\u00e6t 200x220 af 100 % bomuldssatin med elegante lavendelm\u00f8nstre bringer en naturinspireret elegance til dit sovev\u00e6relse. Den giver en behagelig s\u00f8vn ..\",\"breadcrumb\":{\"@id\":\"https:\\\/\\\/aztex.ee\\\/da\\\/pood\\\/sengetoej\\\/satin-sengetoej-saet-marsh\\\/#breadcrumb\"},\"inLanguage\":\"da-DK\",\"potentialAction\":[{\"@type\":\"ReadAction\",\"target\":[\"https:\\\/\\\/aztex.ee\\\/da\\\/pood\\\/sengetoej\\\/satin-sengetoej-saet-marsh\\\/\"]}]},{\"@type\":\"ImageObject\",\"inLanguage\":\"da-DK\",\"@id\":\"https:\\\/\\\/aztex.ee\\\/da\\\/pood\\\/sengetoej\\\/satin-sengetoej-saet-marsh\\\/#primaryimage\",\"url\":\"https:\\\/\\\/aztex.ee\\\/wp-content\\\/uploads\\\/2024\\\/09\\\/Satiinist-voodipesukomplekt-200x220-4.jpg\",\"contentUrl\":\"https:\\\/\\\/aztex.ee\\\/wp-content\\\/uploads\\\/2024\\\/09\\\/Satiinist-voodipesukomplekt-200x220-4.jpg\",\"width\":800,\"height\":800},{\"@type\":\"BreadcrumbList\",\"@id\":\"https:\\\/\\\/aztex.ee\\\/da\\\/pood\\\/sengetoej\\\/satin-sengetoej-saet-marsh\\\/#breadcrumb\",\"itemListElement\":[{\"@type\":\"ListItem\",\"position\":1,\"name\":\"Forside\",\"item\":\"https:\\\/\\\/aztex.ee\\\/da\\\/\"},{\"@type\":\"ListItem\",\"position\":2,\"name\":\"Butik\",\"item\":\"https:\\\/\\\/aztex.ee\\\/da\\\/butik\\\/\"},{\"@type\":\"ListItem\",\"position\":3,\"name\":\"Satin senget\u00f8j s\u00e6t | Marsh\"}]},{\"@type\":\"WebSite\",\"@id\":\"https:\\\/\\\/aztex.ee\\\/da\\\/#website\",\"url\":\"https:\\\/\\\/aztex.ee\\\/da\\\/\",\"name\":\"AZTEX\",\"description\":\"\",\"publisher\":{\"@id\":\"https:\\\/\\\/aztex.ee\\\/da\\\/#organization\"},\"potentialAction\":[{\"@type\":\"SearchAction\",\"target\":{\"@type\":\"EntryPoint\",\"urlTemplate\":\"https:\\\/\\\/aztex.ee\\\/da\\\/?s={search_term_string}\"},\"query-input\":{\"@type\":\"PropertyValueSpecification\",\"valueRequired\":true,\"valueName\":\"search_term_string\"}}],\"inLanguage\":\"da-DK\"},{\"@type\":\"Organization\",\"@id\":\"https:\\\/\\\/aztex.ee\\\/da\\\/#organization\",\"name\":\"AZTEX\",\"url\":\"https:\\\/\\\/aztex.ee\\\/da\\\/\",\"logo\":{\"@type\":\"ImageObject\",\"inLanguage\":\"da-DK\",\"@id\":\"https:\\\/\\\/aztex.ee\\\/da\\\/#\\\/schema\\\/logo\\\/image\\\/\",\"url\":\"https:\\\/\\\/aztex.ee\\\/wp-content\\\/uploads\\\/2026\\\/01\\\/AZTEX.png\",\"contentUrl\":\"https:\\\/\\\/aztex.ee\\\/wp-content\\\/uploads\\\/2026\\\/01\\\/AZTEX.png\",\"width\":500,\"height\":500,\"caption\":\"AZTEX\"},\"image\":{\"@id\":\"https:\\\/\\\/aztex.ee\\\/da\\\/#\\\/schema\\\/logo\\\/image\\\/\"},\"sameAs\":[\"https:\\\/\\\/www.facebook.com\\\/AztexEE\",\"https:\\\/\\\/www.instagram.com\\\/aztexeesti\\\/\",\"https:\\\/\\\/www.youtube.com\\\/@AZTEXEE\",\"https:\\\/\\\/www.pinterest.com\\\/aztex_eesti\\\/\",\"https:\\\/\\\/www.tiktok.com\\\/@aztexeesti\",\"https:\\\/\\\/www.trustpilot.com\\\/review\\\/aztex.ee\",\"https:\\\/\\\/www.linkedin.com\\\/company\\\/aztex-ee\\\/\",\"https:\\\/\\\/www.wikidata.org\\\/wiki\\\/Q137560182\"]}]}<\/script>\n<!-- \/ Yoast SEO plugin. -->","yoast_head_json":{"title":"Satin senget\u00f8j s\u00e6t | Marsh | AZTEX","description":"Senges\u00e6t 200x220 af 100 % bomuldssatin med elegante lavendelm\u00f8nstre bringer en naturinspireret elegance til dit sovev\u00e6relse. Den giver en behagelig s\u00f8vn ..","robots":{"index":"index","follow":"follow","max-snippet":"max-snippet:-1","max-image-preview":"max-image-preview:large","max-video-preview":"max-video-preview:-1"},"canonical":"https:\/\/aztex.ee\/da\/pood\/sengetoej\/satin-sengetoej-saet-marsh\/","og_locale":"da_DK","og_type":"article","og_title":"Satin senget\u00f8j s\u00e6t | Marsh | AZTEX","og_description":"Senges\u00e6t 200x220 af 100 % bomuldssatin med elegante lavendelm\u00f8nstre bringer en naturinspireret elegance til dit sovev\u00e6relse. Den giver en behagelig s\u00f8vn ..","og_url":"https:\/\/aztex.ee\/da\/pood\/sengetoej\/satin-sengetoej-saet-marsh\/","og_site_name":"AZTEX","article_publisher":"https:\/\/www.facebook.com\/AztexEE","article_modified_time":"2026-03-31T14:45:37+00:00","og_image":[{"width":800,"height":800,"url":"https:\/\/aztex.ee\/wp-content\/uploads\/2024\/09\/Satiinist-voodipesukomplekt-200x220-4.jpg","type":"image\/jpeg"}],"twitter_card":"summary_large_image","twitter_misc":{"Estimeret l\u00e6setid":"1 minut"},"schema":{"@context":"https:\/\/schema.org","@graph":[{"@type":["WebPage","ItemPage"],"@id":"https:\/\/aztex.ee\/da\/pood\/sengetoej\/satin-sengetoej-saet-marsh\/","url":"https:\/\/aztex.ee\/da\/pood\/sengetoej\/satin-sengetoej-saet-marsh\/","name":"Satin senget\u00f8j s\u00e6t | Marsh | AZTEX","isPartOf":{"@id":"https:\/\/aztex.ee\/da\/#website"},"primaryImageOfPage":{"@id":"https:\/\/aztex.ee\/da\/pood\/sengetoej\/satin-sengetoej-saet-marsh\/#primaryimage"},"image":{"@id":"https:\/\/aztex.ee\/da\/pood\/sengetoej\/satin-sengetoej-saet-marsh\/#primaryimage"},"thumbnailUrl":"https:\/\/aztex.ee\/wp-content\/uploads\/2024\/09\/Satiinist-voodipesukomplekt-200x220-4.jpg","datePublished":"2024-09-29T09:47:19+00:00","dateModified":"2026-03-31T14:45:37+00:00","description":"Senges\u00e6t 200x220 af 100 % bomuldssatin med elegante lavendelm\u00f8nstre bringer en naturinspireret elegance til dit sovev\u00e6relse. Den giver en behagelig s\u00f8vn ..","breadcrumb":{"@id":"https:\/\/aztex.ee\/da\/pood\/sengetoej\/satin-sengetoej-saet-marsh\/#breadcrumb"},"inLanguage":"da-DK","potentialAction":[{"@type":"ReadAction","target":["https:\/\/aztex.ee\/da\/pood\/sengetoej\/satin-sengetoej-saet-marsh\/"]}]},{"@type":"ImageObject","inLanguage":"da-DK","@id":"https:\/\/aztex.ee\/da\/pood\/sengetoej\/satin-sengetoej-saet-marsh\/#primaryimage","url":"https:\/\/aztex.ee\/wp-content\/uploads\/2024\/09\/Satiinist-voodipesukomplekt-200x220-4.jpg","contentUrl":"https:\/\/aztex.ee\/wp-content\/uploads\/2024\/09\/Satiinist-voodipesukomplekt-200x220-4.jpg","width":800,"height":800},{"@type":"BreadcrumbList","@id":"https:\/\/aztex.ee\/da\/pood\/sengetoej\/satin-sengetoej-saet-marsh\/#breadcrumb","itemListElement":[{"@type":"ListItem","position":1,"name":"Forside","item":"https:\/\/aztex.ee\/da\/"},{"@type":"ListItem","position":2,"name":"Butik","item":"https:\/\/aztex.ee\/da\/butik\/"},{"@type":"ListItem","position":3,"name":"Satin senget\u00f8j s\u00e6t | Marsh"}]},{"@type":"WebSite","@id":"https:\/\/aztex.ee\/da\/#website","url":"https:\/\/aztex.ee\/da\/","name":"AZTEX","description":"","publisher":{"@id":"https:\/\/aztex.ee\/da\/#organization"},"potentialAction":[{"@type":"SearchAction","target":{"@type":"EntryPoint","urlTemplate":"https:\/\/aztex.ee\/da\/?s={search_term_string}"},"query-input":{"@type":"PropertyValueSpecification","valueRequired":true,"valueName":"search_term_string"}}],"inLanguage":"da-DK"},{"@type":"Organization","@id":"https:\/\/aztex.ee\/da\/#organization","name":"AZTEX","url":"https:\/\/aztex.ee\/da\/","logo":{"@type":"ImageObject","inLanguage":"da-DK","@id":"https:\/\/aztex.ee\/da\/#\/schema\/logo\/image\/","url":"https:\/\/aztex.ee\/wp-content\/uploads\/2026\/01\/AZTEX.png","contentUrl":"https:\/\/aztex.ee\/wp-content\/uploads\/2026\/01\/AZTEX.png","width":500,"height":500,"caption":"AZTEX"},"image":{"@id":"https:\/\/aztex.ee\/da\/#\/schema\/logo\/image\/"},"sameAs":["https:\/\/www.facebook.com\/AztexEE","https:\/\/www.instagram.com\/aztexeesti\/","https:\/\/www.youtube.com\/@AZTEXEE","https:\/\/www.pinterest.com\/aztex_eesti\/","https:\/\/www.tiktok.com\/@aztexeesti","https:\/\/www.trustpilot.com\/review\/aztex.ee","https:\/\/www.linkedin.com\/company\/aztex-ee\/","https:\/\/www.wikidata.org\/wiki\/Q137560182"]}]}},"_links":{"self":[{"href":"https:\/\/aztex.ee\/da\/wp-json\/wp\/v2\/product\/24800","targetHints":{"allow":["GET"]}}],"collection":[{"href":"https:\/\/aztex.ee\/da\/wp-json\/wp\/v2\/product"}],"about":[{"href":"https:\/\/aztex.ee\/da\/wp-json\/wp\/v2\/types\/product"}],"replies":[{"embeddable":true,"href":"https:\/\/aztex.ee\/da\/wp-json\/wp\/v2\/comments?post=24800"}],"version-history":[{"count":0,"href":"https:\/\/aztex.ee\/da\/wp-json\/wp\/v2\/product\/24800\/revisions"}],"wp:featuredmedia":[{"embeddable":true,"href":"https:\/\/aztex.ee\/da\/wp-json\/wp\/v2\/media\/24881"}],"wp:attachment":[{"href":"https:\/\/aztex.ee\/da\/wp-json\/wp\/v2\/media?parent=24800"}],"wp:term":[{"taxonomy":"product_brand","embeddable":true,"href":"https:\/\/aztex.ee\/da\/wp-json\/wp\/v2\/product_brand?post=24800"},{"taxonomy":"product_cat","embeddable":true,"href":"https:\/\/aztex.ee\/da\/wp-json\/wp\/v2\/product_cat?post=24800"},{"taxonomy":"product_tag","embeddable":true,"href":"https:\/\/aztex.ee\/da\/wp-json\/wp\/v2\/product_tag?post=24800"}],"curies":[{"name":"wp","href":"https:\/\/api.w.org\/{rel}","templated":true}]}}