{"id":108459,"date":"2026-03-28T20:24:37","date_gmt":"2026-03-28T20:24:37","guid":{"rendered":"https:\/\/aztex.ee\/?post_type=product&#038;p=108459"},"modified":"2026-03-28T20:42:16","modified_gmt":"2026-03-28T20:42:16","slug":"lagen-i-bambus-noegen-farve","status":"publish","type":"product","link":"https:\/\/aztex.ee\/da\/pood\/bambus-lagner\/lagen-i-bambus-noegen-farve\/","title":{"rendered":"Lagen i bambus \u2013 N\u00f8gen farve"},"content":{"rendered":"<p>Bambus er naturligt bl\u00f8dt, \u00e5ndbart og holdbart, hvilket g\u00f8r det til et ideelt valg til boligtekstiler. Bambusfibre er silkebl\u00f8de og ligger blidt p\u00e5 huden, hvilket giver luksuri\u00f8s komfort i hverdagen. Derudover har dette materiale en fremragende fugtabsorption, der hj\u00e6lper med at holde huden t\u00f8r og sikrer en frisk f\u00f8lelse hele natten.<\/p>\n<p>En af de s\u00e6rlige egenskaber ved bambus er dens naturlige antibakterielle og hypoallergene egenskaber. Dette er med til at reducere spredningen af \u200b\u200bubehagelige lugte og bakterier, hvilket g\u00f8r produkter fremstillet af bambus s\u00e6rligt velegnede til personer med f\u00f8lsom hud. Derudover kan bambusfibre regulere temperaturen, hvilket giver k\u00f8lighed om sommeren og varme om vinteren.<\/p>\n<p>Bambus er ogs\u00e5 et b\u00e6redygtigt materiale, der vokser hurtigt og kr\u00e6ver v\u00e6sentligt mindre vand for at vokse end mange andre fibre. Dette g\u00f8r bambustekstiler til et milj\u00f8venligt valg, der kombinerer en livsstil t\u00e6t p\u00e5 naturen med f\u00f8rsteklasses komfort.<\/p>\n","protected":false},"excerpt":{"rendered":"<p>Lagen i bambus sikrer en frisk s\u00f8vn, er antibakteriel og silkebl\u00f8d.<\/p>\n<ul>\n<li>Farve: N\u00f8gen farve<\/li>\n<li>Materiale: 100% bambus<\/li>\n<li>Tr\u00e5dantal: 300 TC<\/li>\n<li>St\u00f8rrelse: 220&#215;240 cm \u00b13<\/li>\n<\/ul>\n<p><img loading=\"lazy\" decoding=\"async\" class=\"alignnone wp-image-20226\" src=\"https:\/\/aztex.ee\/wp-content\/uploads\/2024\/09\/oekotex100.png\" alt=\"\" width=\"196\" height=\"69\" srcset=\"https:\/\/aztex.ee\/wp-content\/uploads\/2024\/09\/oekotex100.png 204w, https:\/\/aztex.ee\/wp-content\/uploads\/2024\/09\/oekotex100-150x53.png 150w\" sizes=\"auto, (max-width: 196px) 100vw, 196px\" \/><img loading=\"lazy\" decoding=\"async\" class=\"alignnone wp-image-20260\" src=\"https:\/\/aztex.ee\/wp-content\/uploads\/2024\/09\/bambuuss.png\" alt=\"\" width=\"75\" height=\"75\" srcset=\"https:\/\/aztex.ee\/wp-content\/uploads\/2024\/09\/bambuuss.png 204w, https:\/\/aztex.ee\/wp-content\/uploads\/2024\/09\/bambuuss-150x150.png 150w\" sizes=\"auto, (max-width: 75px) 100vw, 75px\" \/><\/p>\n","protected":false},"featured_media":108480,"comment_status":"open","ping_status":"closed","template":"","meta":[],"product_brand":[],"product_cat":[535,1793],"product_tag":[],"class_list":{"0":"post-108459","1":"product","2":"type-product","3":"status-publish","4":"has-post-thumbnail","6":"product_cat-bambus-lagner","7":"product_cat-lagner","9":"first","10":"instock","11":"shipping-taxable","12":"purchasable","13":"product-type-simple"},"yoast_head":"<!-- This site is optimized with the Yoast SEO plugin v27.6 - https:\/\/yoast.com\/product\/yoast-seo-wordpress\/ -->\n<title>Bambus lyocell lagen | AZTEX<\/title>\n<meta name=\"description\" content=\"Milj\u00f8venligt bambus lagen er bl\u00f8dt og glat, s\u00e5 huden kan \u00e5nde. Det giver en rolig s\u00f8vn, langvarig friskhed og tilf\u00f8rer sengen et elegant udseende.\" \/>\n<meta name=\"robots\" content=\"index, follow, max-snippet:-1, max-image-preview:large, max-video-preview:-1\" \/>\n<link rel=\"canonical\" href=\"https:\/\/aztex.ee\/da\/pood\/bambus-lagner\/lagen-i-bambus-noegen-farve\/\" \/>\n<meta property=\"og:locale\" content=\"da_DK\" \/>\n<meta property=\"og:type\" content=\"article\" \/>\n<meta property=\"og:title\" content=\"Bambus lyocell lagen | AZTEX\" \/>\n<meta property=\"og:description\" content=\"Milj\u00f8venligt bambus lagen er bl\u00f8dt og glat, s\u00e5 huden kan \u00e5nde. Det giver en rolig s\u00f8vn, langvarig friskhed og tilf\u00f8rer sengen et elegant udseende.\" \/>\n<meta property=\"og:url\" content=\"https:\/\/aztex.ee\/da\/pood\/bambus-lagner\/lagen-i-bambus-noegen-farve\/\" \/>\n<meta property=\"og:site_name\" content=\"AZTEX\" \/>\n<meta property=\"article:publisher\" content=\"https:\/\/www.facebook.com\/AztexEE\" \/>\n<meta property=\"article:modified_time\" content=\"2026-03-28T20:42:16+00:00\" \/>\n<meta property=\"og:image\" content=\"https:\/\/aztex.ee\/wp-content\/uploads\/2026\/03\/Bambusest-lyocell-voodilina.jpg\" \/>\n\t<meta property=\"og:image:width\" content=\"800\" \/>\n\t<meta property=\"og:image:height\" content=\"800\" \/>\n\t<meta property=\"og:image:type\" content=\"image\/jpeg\" \/>\n<meta name=\"twitter:card\" content=\"summary_large_image\" \/>\n<meta name=\"twitter:label1\" content=\"Estimeret l\u00e6setid\" \/>\n\t<meta name=\"twitter:data1\" content=\"1 minut\" \/>\n<script type=\"application\/ld+json\" class=\"yoast-schema-graph\">{\"@context\":\"https:\\\/\\\/schema.org\",\"@graph\":[{\"@type\":[\"WebPage\",\"ItemPage\"],\"@id\":\"https:\\\/\\\/aztex.ee\\\/da\\\/pood\\\/bambus-lagner\\\/lagen-i-bambus-noegen-farve\\\/\",\"url\":\"https:\\\/\\\/aztex.ee\\\/da\\\/pood\\\/bambus-lagner\\\/lagen-i-bambus-noegen-farve\\\/\",\"name\":\"Bambus lyocell lagen | AZTEX\",\"isPartOf\":{\"@id\":\"https:\\\/\\\/aztex.ee\\\/da\\\/#website\"},\"primaryImageOfPage\":{\"@id\":\"https:\\\/\\\/aztex.ee\\\/da\\\/pood\\\/bambus-lagner\\\/lagen-i-bambus-noegen-farve\\\/#primaryimage\"},\"image\":{\"@id\":\"https:\\\/\\\/aztex.ee\\\/da\\\/pood\\\/bambus-lagner\\\/lagen-i-bambus-noegen-farve\\\/#primaryimage\"},\"thumbnailUrl\":\"https:\\\/\\\/aztex.ee\\\/wp-content\\\/uploads\\\/2026\\\/03\\\/Bambusest-lyocell-voodilina.jpg\",\"datePublished\":\"2026-03-28T20:24:37+00:00\",\"dateModified\":\"2026-03-28T20:42:16+00:00\",\"description\":\"Milj\u00f8venligt bambus lagen er bl\u00f8dt og glat, s\u00e5 huden kan \u00e5nde. Det giver en rolig s\u00f8vn, langvarig friskhed og tilf\u00f8rer sengen et elegant udseende.\",\"breadcrumb\":{\"@id\":\"https:\\\/\\\/aztex.ee\\\/da\\\/pood\\\/bambus-lagner\\\/lagen-i-bambus-noegen-farve\\\/#breadcrumb\"},\"inLanguage\":\"da-DK\",\"potentialAction\":[{\"@type\":\"ReadAction\",\"target\":[\"https:\\\/\\\/aztex.ee\\\/da\\\/pood\\\/bambus-lagner\\\/lagen-i-bambus-noegen-farve\\\/\"]}]},{\"@type\":\"ImageObject\",\"inLanguage\":\"da-DK\",\"@id\":\"https:\\\/\\\/aztex.ee\\\/da\\\/pood\\\/bambus-lagner\\\/lagen-i-bambus-noegen-farve\\\/#primaryimage\",\"url\":\"https:\\\/\\\/aztex.ee\\\/wp-content\\\/uploads\\\/2026\\\/03\\\/Bambusest-lyocell-voodilina.jpg\",\"contentUrl\":\"https:\\\/\\\/aztex.ee\\\/wp-content\\\/uploads\\\/2026\\\/03\\\/Bambusest-lyocell-voodilina.jpg\",\"width\":800,\"height\":800,\"caption\":\"Bambusest lyocell voodilina\"},{\"@type\":\"BreadcrumbList\",\"@id\":\"https:\\\/\\\/aztex.ee\\\/da\\\/pood\\\/bambus-lagner\\\/lagen-i-bambus-noegen-farve\\\/#breadcrumb\",\"itemListElement\":[{\"@type\":\"ListItem\",\"position\":1,\"name\":\"Forside\",\"item\":\"https:\\\/\\\/aztex.ee\\\/da\\\/\"},{\"@type\":\"ListItem\",\"position\":2,\"name\":\"Butik\",\"item\":\"https:\\\/\\\/aztex.ee\\\/da\\\/butik\\\/\"},{\"@type\":\"ListItem\",\"position\":3,\"name\":\"Lagen i bambus \u2013 N\u00f8gen farve\"}]},{\"@type\":\"WebSite\",\"@id\":\"https:\\\/\\\/aztex.ee\\\/da\\\/#website\",\"url\":\"https:\\\/\\\/aztex.ee\\\/da\\\/\",\"name\":\"AZTEX\",\"description\":\"\",\"publisher\":{\"@id\":\"https:\\\/\\\/aztex.ee\\\/da\\\/#organization\"},\"potentialAction\":[{\"@type\":\"SearchAction\",\"target\":{\"@type\":\"EntryPoint\",\"urlTemplate\":\"https:\\\/\\\/aztex.ee\\\/da\\\/?s={search_term_string}\"},\"query-input\":{\"@type\":\"PropertyValueSpecification\",\"valueRequired\":true,\"valueName\":\"search_term_string\"}}],\"inLanguage\":\"da-DK\"},{\"@type\":\"Organization\",\"@id\":\"https:\\\/\\\/aztex.ee\\\/da\\\/#organization\",\"name\":\"AZTEX\",\"url\":\"https:\\\/\\\/aztex.ee\\\/da\\\/\",\"logo\":{\"@type\":\"ImageObject\",\"inLanguage\":\"da-DK\",\"@id\":\"https:\\\/\\\/aztex.ee\\\/da\\\/#\\\/schema\\\/logo\\\/image\\\/\",\"url\":\"https:\\\/\\\/aztex.ee\\\/wp-content\\\/uploads\\\/2026\\\/01\\\/AZTEX.png\",\"contentUrl\":\"https:\\\/\\\/aztex.ee\\\/wp-content\\\/uploads\\\/2026\\\/01\\\/AZTEX.png\",\"width\":500,\"height\":500,\"caption\":\"AZTEX\"},\"image\":{\"@id\":\"https:\\\/\\\/aztex.ee\\\/da\\\/#\\\/schema\\\/logo\\\/image\\\/\"},\"sameAs\":[\"https:\\\/\\\/www.facebook.com\\\/AztexEE\",\"https:\\\/\\\/www.instagram.com\\\/aztexeesti\\\/\",\"https:\\\/\\\/www.youtube.com\\\/@AZTEXEE\",\"https:\\\/\\\/www.pinterest.com\\\/aztex_eesti\\\/\",\"https:\\\/\\\/www.tiktok.com\\\/@aztexeesti\",\"https:\\\/\\\/www.trustpilot.com\\\/review\\\/aztex.ee\",\"https:\\\/\\\/www.linkedin.com\\\/company\\\/aztex-ee\\\/\",\"https:\\\/\\\/www.wikidata.org\\\/wiki\\\/Q137560182\"]}]}<\/script>\n<!-- \/ Yoast SEO plugin. -->","yoast_head_json":{"title":"Bambus lyocell lagen | AZTEX","description":"Milj\u00f8venligt bambus lagen er bl\u00f8dt og glat, s\u00e5 huden kan \u00e5nde. Det giver en rolig s\u00f8vn, langvarig friskhed og tilf\u00f8rer sengen et elegant udseende.","robots":{"index":"index","follow":"follow","max-snippet":"max-snippet:-1","max-image-preview":"max-image-preview:large","max-video-preview":"max-video-preview:-1"},"canonical":"https:\/\/aztex.ee\/da\/pood\/bambus-lagner\/lagen-i-bambus-noegen-farve\/","og_locale":"da_DK","og_type":"article","og_title":"Bambus lyocell lagen | AZTEX","og_description":"Milj\u00f8venligt bambus lagen er bl\u00f8dt og glat, s\u00e5 huden kan \u00e5nde. Det giver en rolig s\u00f8vn, langvarig friskhed og tilf\u00f8rer sengen et elegant udseende.","og_url":"https:\/\/aztex.ee\/da\/pood\/bambus-lagner\/lagen-i-bambus-noegen-farve\/","og_site_name":"AZTEX","article_publisher":"https:\/\/www.facebook.com\/AztexEE","article_modified_time":"2026-03-28T20:42:16+00:00","og_image":[{"width":800,"height":800,"url":"https:\/\/aztex.ee\/wp-content\/uploads\/2026\/03\/Bambusest-lyocell-voodilina.jpg","type":"image\/jpeg"}],"twitter_card":"summary_large_image","twitter_misc":{"Estimeret l\u00e6setid":"1 minut"},"schema":{"@context":"https:\/\/schema.org","@graph":[{"@type":["WebPage","ItemPage"],"@id":"https:\/\/aztex.ee\/da\/pood\/bambus-lagner\/lagen-i-bambus-noegen-farve\/","url":"https:\/\/aztex.ee\/da\/pood\/bambus-lagner\/lagen-i-bambus-noegen-farve\/","name":"Bambus lyocell lagen | AZTEX","isPartOf":{"@id":"https:\/\/aztex.ee\/da\/#website"},"primaryImageOfPage":{"@id":"https:\/\/aztex.ee\/da\/pood\/bambus-lagner\/lagen-i-bambus-noegen-farve\/#primaryimage"},"image":{"@id":"https:\/\/aztex.ee\/da\/pood\/bambus-lagner\/lagen-i-bambus-noegen-farve\/#primaryimage"},"thumbnailUrl":"https:\/\/aztex.ee\/wp-content\/uploads\/2026\/03\/Bambusest-lyocell-voodilina.jpg","datePublished":"2026-03-28T20:24:37+00:00","dateModified":"2026-03-28T20:42:16+00:00","description":"Milj\u00f8venligt bambus lagen er bl\u00f8dt og glat, s\u00e5 huden kan \u00e5nde. Det giver en rolig s\u00f8vn, langvarig friskhed og tilf\u00f8rer sengen et elegant udseende.","breadcrumb":{"@id":"https:\/\/aztex.ee\/da\/pood\/bambus-lagner\/lagen-i-bambus-noegen-farve\/#breadcrumb"},"inLanguage":"da-DK","potentialAction":[{"@type":"ReadAction","target":["https:\/\/aztex.ee\/da\/pood\/bambus-lagner\/lagen-i-bambus-noegen-farve\/"]}]},{"@type":"ImageObject","inLanguage":"da-DK","@id":"https:\/\/aztex.ee\/da\/pood\/bambus-lagner\/lagen-i-bambus-noegen-farve\/#primaryimage","url":"https:\/\/aztex.ee\/wp-content\/uploads\/2026\/03\/Bambusest-lyocell-voodilina.jpg","contentUrl":"https:\/\/aztex.ee\/wp-content\/uploads\/2026\/03\/Bambusest-lyocell-voodilina.jpg","width":800,"height":800,"caption":"Bambusest lyocell voodilina"},{"@type":"BreadcrumbList","@id":"https:\/\/aztex.ee\/da\/pood\/bambus-lagner\/lagen-i-bambus-noegen-farve\/#breadcrumb","itemListElement":[{"@type":"ListItem","position":1,"name":"Forside","item":"https:\/\/aztex.ee\/da\/"},{"@type":"ListItem","position":2,"name":"Butik","item":"https:\/\/aztex.ee\/da\/butik\/"},{"@type":"ListItem","position":3,"name":"Lagen i bambus \u2013 N\u00f8gen farve"}]},{"@type":"WebSite","@id":"https:\/\/aztex.ee\/da\/#website","url":"https:\/\/aztex.ee\/da\/","name":"AZTEX","description":"","publisher":{"@id":"https:\/\/aztex.ee\/da\/#organization"},"potentialAction":[{"@type":"SearchAction","target":{"@type":"EntryPoint","urlTemplate":"https:\/\/aztex.ee\/da\/?s={search_term_string}"},"query-input":{"@type":"PropertyValueSpecification","valueRequired":true,"valueName":"search_term_string"}}],"inLanguage":"da-DK"},{"@type":"Organization","@id":"https:\/\/aztex.ee\/da\/#organization","name":"AZTEX","url":"https:\/\/aztex.ee\/da\/","logo":{"@type":"ImageObject","inLanguage":"da-DK","@id":"https:\/\/aztex.ee\/da\/#\/schema\/logo\/image\/","url":"https:\/\/aztex.ee\/wp-content\/uploads\/2026\/01\/AZTEX.png","contentUrl":"https:\/\/aztex.ee\/wp-content\/uploads\/2026\/01\/AZTEX.png","width":500,"height":500,"caption":"AZTEX"},"image":{"@id":"https:\/\/aztex.ee\/da\/#\/schema\/logo\/image\/"},"sameAs":["https:\/\/www.facebook.com\/AztexEE","https:\/\/www.instagram.com\/aztexeesti\/","https:\/\/www.youtube.com\/@AZTEXEE","https:\/\/www.pinterest.com\/aztex_eesti\/","https:\/\/www.tiktok.com\/@aztexeesti","https:\/\/www.trustpilot.com\/review\/aztex.ee","https:\/\/www.linkedin.com\/company\/aztex-ee\/","https:\/\/www.wikidata.org\/wiki\/Q137560182"]}]}},"_links":{"self":[{"href":"https:\/\/aztex.ee\/da\/wp-json\/wp\/v2\/product\/108459","targetHints":{"allow":["GET"]}}],"collection":[{"href":"https:\/\/aztex.ee\/da\/wp-json\/wp\/v2\/product"}],"about":[{"href":"https:\/\/aztex.ee\/da\/wp-json\/wp\/v2\/types\/product"}],"replies":[{"embeddable":true,"href":"https:\/\/aztex.ee\/da\/wp-json\/wp\/v2\/comments?post=108459"}],"version-history":[{"count":2,"href":"https:\/\/aztex.ee\/da\/wp-json\/wp\/v2\/product\/108459\/revisions"}],"predecessor-version":[{"id":108555,"href":"https:\/\/aztex.ee\/da\/wp-json\/wp\/v2\/product\/108459\/revisions\/108555"}],"wp:featuredmedia":[{"embeddable":true,"href":"https:\/\/aztex.ee\/da\/wp-json\/wp\/v2\/media\/108480"}],"wp:attachment":[{"href":"https:\/\/aztex.ee\/da\/wp-json\/wp\/v2\/media?parent=108459"}],"wp:term":[{"taxonomy":"product_brand","embeddable":true,"href":"https:\/\/aztex.ee\/da\/wp-json\/wp\/v2\/product_brand?post=108459"},{"taxonomy":"product_cat","embeddable":true,"href":"https:\/\/aztex.ee\/da\/wp-json\/wp\/v2\/product_cat?post=108459"},{"taxonomy":"product_tag","embeddable":true,"href":"https:\/\/aztex.ee\/da\/wp-json\/wp\/v2\/product_tag?post=108459"}],"curies":[{"name":"wp","href":"https:\/\/api.w.org\/{rel}","templated":true}]}}