{"id":19015,"date":"2024-08-15T14:44:36","date_gmt":"2024-08-15T14:44:36","guid":{"rendered":"https:\/\/aztex.ee\/info\/"},"modified":"2024-08-20T09:12:50","modified_gmt":"2024-08-20T09:12:50","slug":"information","status":"publish","type":"page","link":"https:\/\/aztex.ee\/da\/information\/","title":{"rendered":"Information"},"content":{"rendered":"\n<p><strong>AZTEX<\/strong> \u2013 kvalitet, komfort og elegance i din hverdag<\/p>\n\n\n\n<p>Velkommen til den vidunderlige verden af \u200b\u200b<strong>AZTEX<\/strong>, hvor vi skaber det hjem, du altid har dr\u00f8mt om! Vi er stolte af at introducere dig til vores virksomhed, som er dedikeret til at s\u00e6lge kvalitets tekstilprodukter.<\/p>\n\n\n\n<p>Vores udvalg af t\u00e6pper, b\u00f8rnet\u00e6pper, h\u00e5ndkl\u00e6der og senges\u00e6t er rigt og mangfoldigt, og alle vores produkter deler et f\u00e6lles tr\u00e6k &#8211; kvalitet. T\u00e6pper holder dig varm p\u00e5 kolde n\u00e6tter, mens de tilf\u00f8jer farve og flair til dit sovev\u00e6relse. T\u00e6pper til b\u00f8rn er dejlige bl\u00f8de og giver den komfort, de skal bruge for at f\u00f8le sig bedst. H\u00e5ndkl\u00e6derne er bl\u00f8de og meget absorberende og g\u00f8r hver morgen- og aftenrutine til et lykkeligt \u00f8jeblik. Senges\u00e6t skaber en unik atmosf\u00e6re i dit sovev\u00e6relse, samtidig med at de er bl\u00f8de og holdbare.<\/p>\n\n\n\n<p><strong>AZTEX<\/strong>&#8216; mission er at tilbyde dig mere end blot tekstilprodukter. Vi \u00f8nsker at bringe komfort, varme og stil til dit liv. Vi vil gerne hj\u00e6lpe dig med at skabe et hjem, der afspejler din personlighed og smag, og hvor du altid vil f\u00f8le dig velkommen og godt tilpas.<\/p>\n\n\n\n<p>Udover vores produkter har vi ogs\u00e5 et hj\u00e6lpsomt team, der altid st\u00e5r klar til at hj\u00e6lpe og r\u00e5dgive dig. Vi er her for at dele vores viden og erfaring med dig for at hj\u00e6lpe dig med at finde de perfekte tekstilprodukter, der passer til dine behov og \u00f8nsker.<\/p>\n\n\n\n<p>Vi er taknemmelige for, at du har valgt os som din boligindretningspartner, og vi lover fortsat at overg\u00e5 dine forventninger p\u00e5 alle omr\u00e5der. Tak fordi du er en del af vores familie og lader os v\u00e6re en del af dit hjem.<\/p>\n","protected":false},"excerpt":{"rendered":"<p>AZTEX \u2013 kvalitet, komfort og elegance i din hverdag Velkommen til den vidunderlige verden af \u200b\u200bAZTEX, hvor vi skaber det<\/p>\n","protected":false},"author":1,"featured_media":0,"parent":0,"menu_order":0,"comment_status":"closed","ping_status":"closed","template":"","meta":{"footnotes":""},"class_list":["post-19015","page","type-page","status-publish","hentry"],"yoast_head":"<!-- This site is optimized with the Yoast SEO plugin v27.6 - https:\/\/yoast.com\/product\/yoast-seo-wordpress\/ -->\n<title>Information | AZTEX<\/title>\n<meta name=\"description\" content=\"Vores udvalg af t\u00e6pper, b\u00f8rnet\u00e6pper, h\u00e5ndkl\u00e6der og senges\u00e6t er rigt og mangfoldigt, og alle vores produkter deler et f\u00e6lles tr\u00e6k - kvalitet.\" \/>\n<meta name=\"robots\" content=\"index, follow, max-snippet:-1, max-image-preview:large, max-video-preview:-1\" \/>\n<link rel=\"canonical\" href=\"https:\/\/aztex.ee\/da\/information\/\" \/>\n<meta property=\"og:locale\" content=\"da_DK\" \/>\n<meta property=\"og:type\" content=\"article\" \/>\n<meta property=\"og:title\" content=\"Information | AZTEX\" \/>\n<meta property=\"og:description\" content=\"Vores udvalg af t\u00e6pper, b\u00f8rnet\u00e6pper, h\u00e5ndkl\u00e6der og senges\u00e6t er rigt og mangfoldigt, og alle vores produkter deler et f\u00e6lles tr\u00e6k - kvalitet.\" \/>\n<meta property=\"og:url\" content=\"https:\/\/aztex.ee\/da\/information\/\" \/>\n<meta property=\"og:site_name\" content=\"AZTEX\" \/>\n<meta property=\"article:publisher\" content=\"https:\/\/www.facebook.com\/AztexEE\" \/>\n<meta property=\"article:modified_time\" content=\"2024-08-20T09:12:50+00:00\" \/>\n<meta name=\"twitter:card\" content=\"summary_large_image\" \/>\n<meta name=\"twitter:label1\" content=\"Estimeret l\u00e6setid\" \/>\n\t<meta name=\"twitter:data1\" content=\"2 minutter\" \/>\n<script type=\"application\/ld+json\" class=\"yoast-schema-graph\">{\"@context\":\"https:\\\/\\\/schema.org\",\"@graph\":[{\"@type\":\"WebPage\",\"@id\":\"https:\\\/\\\/aztex.ee\\\/da\\\/information\\\/\",\"url\":\"https:\\\/\\\/aztex.ee\\\/da\\\/information\\\/\",\"name\":\"Information | AZTEX\",\"isPartOf\":{\"@id\":\"https:\\\/\\\/aztex.ee\\\/da\\\/#website\"},\"datePublished\":\"2024-08-15T14:44:36+00:00\",\"dateModified\":\"2024-08-20T09:12:50+00:00\",\"description\":\"Vores udvalg af t\u00e6pper, b\u00f8rnet\u00e6pper, h\u00e5ndkl\u00e6der og senges\u00e6t er rigt og mangfoldigt, og alle vores produkter deler et f\u00e6lles tr\u00e6k - kvalitet.\",\"breadcrumb\":{\"@id\":\"https:\\\/\\\/aztex.ee\\\/da\\\/information\\\/#breadcrumb\"},\"inLanguage\":\"da-DK\",\"potentialAction\":[{\"@type\":\"ReadAction\",\"target\":[\"https:\\\/\\\/aztex.ee\\\/da\\\/information\\\/\"]}]},{\"@type\":\"BreadcrumbList\",\"@id\":\"https:\\\/\\\/aztex.ee\\\/da\\\/information\\\/#breadcrumb\",\"itemListElement\":[{\"@type\":\"ListItem\",\"position\":1,\"name\":\"Forside\",\"item\":\"https:\\\/\\\/aztex.ee\\\/da\\\/\"},{\"@type\":\"ListItem\",\"position\":2,\"name\":\"Information\"}]},{\"@type\":\"WebSite\",\"@id\":\"https:\\\/\\\/aztex.ee\\\/da\\\/#website\",\"url\":\"https:\\\/\\\/aztex.ee\\\/da\\\/\",\"name\":\"AZTEX\",\"description\":\"\",\"publisher\":{\"@id\":\"https:\\\/\\\/aztex.ee\\\/da\\\/#organization\"},\"potentialAction\":[{\"@type\":\"SearchAction\",\"target\":{\"@type\":\"EntryPoint\",\"urlTemplate\":\"https:\\\/\\\/aztex.ee\\\/da\\\/?s={search_term_string}\"},\"query-input\":{\"@type\":\"PropertyValueSpecification\",\"valueRequired\":true,\"valueName\":\"search_term_string\"}}],\"inLanguage\":\"da-DK\"},{\"@type\":\"Organization\",\"@id\":\"https:\\\/\\\/aztex.ee\\\/da\\\/#organization\",\"name\":\"AZTEX\",\"url\":\"https:\\\/\\\/aztex.ee\\\/da\\\/\",\"logo\":{\"@type\":\"ImageObject\",\"inLanguage\":\"da-DK\",\"@id\":\"https:\\\/\\\/aztex.ee\\\/da\\\/#\\\/schema\\\/logo\\\/image\\\/\",\"url\":\"https:\\\/\\\/aztex.ee\\\/wp-content\\\/uploads\\\/2026\\\/01\\\/AZTEX.png\",\"contentUrl\":\"https:\\\/\\\/aztex.ee\\\/wp-content\\\/uploads\\\/2026\\\/01\\\/AZTEX.png\",\"width\":500,\"height\":500,\"caption\":\"AZTEX\"},\"image\":{\"@id\":\"https:\\\/\\\/aztex.ee\\\/da\\\/#\\\/schema\\\/logo\\\/image\\\/\"},\"sameAs\":[\"https:\\\/\\\/www.facebook.com\\\/AztexEE\",\"https:\\\/\\\/www.instagram.com\\\/aztexeesti\\\/\",\"https:\\\/\\\/www.youtube.com\\\/@AZTEXEE\",\"https:\\\/\\\/www.pinterest.com\\\/aztex_eesti\\\/\",\"https:\\\/\\\/www.tiktok.com\\\/@aztexeesti\",\"https:\\\/\\\/www.trustpilot.com\\\/review\\\/aztex.ee\",\"https:\\\/\\\/www.linkedin.com\\\/company\\\/aztex-ee\\\/\",\"https:\\\/\\\/www.wikidata.org\\\/wiki\\\/Q137560182\"]}]}<\/script>\n<!-- \/ Yoast SEO plugin. -->","yoast_head_json":{"title":"Information | AZTEX","description":"Vores udvalg af t\u00e6pper, b\u00f8rnet\u00e6pper, h\u00e5ndkl\u00e6der og senges\u00e6t er rigt og mangfoldigt, og alle vores produkter deler et f\u00e6lles tr\u00e6k - kvalitet.","robots":{"index":"index","follow":"follow","max-snippet":"max-snippet:-1","max-image-preview":"max-image-preview:large","max-video-preview":"max-video-preview:-1"},"canonical":"https:\/\/aztex.ee\/da\/information\/","og_locale":"da_DK","og_type":"article","og_title":"Information | AZTEX","og_description":"Vores udvalg af t\u00e6pper, b\u00f8rnet\u00e6pper, h\u00e5ndkl\u00e6der og senges\u00e6t er rigt og mangfoldigt, og alle vores produkter deler et f\u00e6lles tr\u00e6k - kvalitet.","og_url":"https:\/\/aztex.ee\/da\/information\/","og_site_name":"AZTEX","article_publisher":"https:\/\/www.facebook.com\/AztexEE","article_modified_time":"2024-08-20T09:12:50+00:00","twitter_card":"summary_large_image","twitter_misc":{"Estimeret l\u00e6setid":"2 minutter"},"schema":{"@context":"https:\/\/schema.org","@graph":[{"@type":"WebPage","@id":"https:\/\/aztex.ee\/da\/information\/","url":"https:\/\/aztex.ee\/da\/information\/","name":"Information | AZTEX","isPartOf":{"@id":"https:\/\/aztex.ee\/da\/#website"},"datePublished":"2024-08-15T14:44:36+00:00","dateModified":"2024-08-20T09:12:50+00:00","description":"Vores udvalg af t\u00e6pper, b\u00f8rnet\u00e6pper, h\u00e5ndkl\u00e6der og senges\u00e6t er rigt og mangfoldigt, og alle vores produkter deler et f\u00e6lles tr\u00e6k - kvalitet.","breadcrumb":{"@id":"https:\/\/aztex.ee\/da\/information\/#breadcrumb"},"inLanguage":"da-DK","potentialAction":[{"@type":"ReadAction","target":["https:\/\/aztex.ee\/da\/information\/"]}]},{"@type":"BreadcrumbList","@id":"https:\/\/aztex.ee\/da\/information\/#breadcrumb","itemListElement":[{"@type":"ListItem","position":1,"name":"Forside","item":"https:\/\/aztex.ee\/da\/"},{"@type":"ListItem","position":2,"name":"Information"}]},{"@type":"WebSite","@id":"https:\/\/aztex.ee\/da\/#website","url":"https:\/\/aztex.ee\/da\/","name":"AZTEX","description":"","publisher":{"@id":"https:\/\/aztex.ee\/da\/#organization"},"potentialAction":[{"@type":"SearchAction","target":{"@type":"EntryPoint","urlTemplate":"https:\/\/aztex.ee\/da\/?s={search_term_string}"},"query-input":{"@type":"PropertyValueSpecification","valueRequired":true,"valueName":"search_term_string"}}],"inLanguage":"da-DK"},{"@type":"Organization","@id":"https:\/\/aztex.ee\/da\/#organization","name":"AZTEX","url":"https:\/\/aztex.ee\/da\/","logo":{"@type":"ImageObject","inLanguage":"da-DK","@id":"https:\/\/aztex.ee\/da\/#\/schema\/logo\/image\/","url":"https:\/\/aztex.ee\/wp-content\/uploads\/2026\/01\/AZTEX.png","contentUrl":"https:\/\/aztex.ee\/wp-content\/uploads\/2026\/01\/AZTEX.png","width":500,"height":500,"caption":"AZTEX"},"image":{"@id":"https:\/\/aztex.ee\/da\/#\/schema\/logo\/image\/"},"sameAs":["https:\/\/www.facebook.com\/AztexEE","https:\/\/www.instagram.com\/aztexeesti\/","https:\/\/www.youtube.com\/@AZTEXEE","https:\/\/www.pinterest.com\/aztex_eesti\/","https:\/\/www.tiktok.com\/@aztexeesti","https:\/\/www.trustpilot.com\/review\/aztex.ee","https:\/\/www.linkedin.com\/company\/aztex-ee\/","https:\/\/www.wikidata.org\/wiki\/Q137560182"]}]}},"_links":{"self":[{"href":"https:\/\/aztex.ee\/da\/wp-json\/wp\/v2\/pages\/19015","targetHints":{"allow":["GET"]}}],"collection":[{"href":"https:\/\/aztex.ee\/da\/wp-json\/wp\/v2\/pages"}],"about":[{"href":"https:\/\/aztex.ee\/da\/wp-json\/wp\/v2\/types\/page"}],"author":[{"embeddable":true,"href":"https:\/\/aztex.ee\/da\/wp-json\/wp\/v2\/users\/1"}],"replies":[{"embeddable":true,"href":"https:\/\/aztex.ee\/da\/wp-json\/wp\/v2\/comments?post=19015"}],"version-history":[{"count":0,"href":"https:\/\/aztex.ee\/da\/wp-json\/wp\/v2\/pages\/19015\/revisions"}],"wp:attachment":[{"href":"https:\/\/aztex.ee\/da\/wp-json\/wp\/v2\/media?parent=19015"}],"curies":[{"name":"wp","href":"https:\/\/api.w.org\/{rel}","templated":true}]}}