{"id":18919,"date":"2024-08-15T14:36:01","date_gmt":"2024-08-15T14:36:01","guid":{"rendered":"https:\/\/aztex.ee\/muugitingimused\/"},"modified":"2024-10-01T20:13:52","modified_gmt":"2024-10-01T20:13:52","slug":"salgsbetingelser","status":"publish","type":"page","link":"https:\/\/aztex.ee\/da\/salgsbetingelser\/","title":{"rendered":"Salgsbetingelser"},"content":{"rendered":"\n<p>Ejeren af \u200b\u200bonlinebutikken <strong>aztex.ee<\/strong> (herefter ben\u00e6vnt onlinebutikken) er <strong>Minu Baltic O\u00dc<\/strong> (registreringskode <strong>16809904<\/strong>), beliggende i Ida-Viru amt, L\u00fcganuse by, Papli 4-6, postnummer 43301<\/p>\n\n\n\n<ol class=\"wp-block-list\">\n<li>Gyldighed af salgskontrakt, produkt og prisinformation<\/li>\n<\/ol>\n\n\n\n<p>Salgsbetingelserne g\u00e6lder for k\u00f8b af varer fra Minu Baltic O\u00dcs onlinebutik. Priserne p\u00e5 de produkter, der s\u00e6lges i netbutikken, er angivet ved siden af \u200b\u200bprodukterne. Prisen inkluderer et gebyr for levering af varen, medmindre andet er angivet. Priserne p\u00e5 de produkter, der s\u00e6lges i netbutikken, er i euro, og der betales ogs\u00e5 i euro. Oplysninger om produktet gives i netbutikken direkte ved siden af \u200b\u200bproduktet.<\/p>\n\n\n\n<ol start=\"2\" class=\"wp-block-list\">\n<li>Dannelse af ordre \/ betalingsmuligheder<\/li>\n<\/ol>\n\n\n\n<p>For at bestille varerne skal du tilf\u00f8je de \u00f8nskede produkter til indk\u00f8bskurven. For at fuldf\u00f8re ordren skal du udfylde de p\u00e5kr\u00e6vede datafelter og v\u00e6lge den passende metode til produktlevering. Gebyrets st\u00f8rrelse vises derefter p\u00e5 sk\u00e6rmen, som kan betales sikkert via f\u00f8lgende betalingsmetoder:<\/p>\n\n\n\n<p>\u2013 Bankoverf\u00f8rsel;<\/p>\n\n\n\n<p>\u2013 estiske, lettiske, litauiske og finske bankforbindelser;<\/p>\n\n\n\n<p>\u2013 Betaling med kreditkort.<\/p>\n\n\n\n<p>For at betale med et banklink skal du klikke p\u00e5 din hjemmebanks logo, og du vil blive dirigeret til internetbankens side, hvor en forududfyldt betalingsordre venter p\u00e5 dig. S\u00f8rg for, at bel\u00f8bet er korrekt, og bekr\u00e6ft transaktionen. S\u00e5 glem ikke at klikke p\u00e5 knappen &#8220;Tilbage til forretningen&#8221; &#8211; dette er den eneste m\u00e5de at modtage en besked fra vores system om, at du har gennemf\u00f8rt betalingen.<\/p>\n\n\n\n<p>Du indtaster dine bankoplysninger direkte i Bankkortcentersystemet. Oplysninger relateret til din bankkonto og betaling gemmes ikke, en sikker SSL-forbindelse bruges til dataoverf\u00f8rsel.<\/p>\n\n\n\n<p>Minu Baltic O\u00dc er dataansvarlig for personoplysninger, Minu Baltic O\u00dc overf\u00f8rer de personoplysninger, der er n\u00f8dvendige for at foretage betalinger, til den autoriserede databehandler <strong>Maksekeskus AS<\/strong>.<\/p>\n\n\n\n<p>Kontrakten tr\u00e6der i kraft fra modtagelsen af \u200b\u200bdet bel\u00f8b, der skal betales til onlinebutikkens l\u00f8bende konto.<\/p>\n\n\n\n<ol start=\"3\" class=\"wp-block-list\">\n<li>Levering<\/li>\n<\/ol>\n\n\n\n<p>Varerne sendes til f\u00f8lgende lande: Estland og andre europ\u00e6iske lande i henhold til prisen vist i indk\u00f8bskurven og transportformen. Forsendelse til andre lande og regioner efter s\u00e6rskilt aftale.<\/p>\n\n\n\n<p>K\u00f8bte produkter p\u00e5l\u00e6gges porto (medmindre andet er angivet), som betales af k\u00f8ber. Vi leverer ordrerne i henhold til den transportform, du har valgt. Vi sender din ordre inden for 1-3 hverdage, efter at det bel\u00f8b, du betaler for ordren, er modtaget p\u00e5 Minu Baltic O\u00dcs foliokonto. I s\u00e6rlige tilf\u00e6lde kan leveringstiden v\u00e6re l\u00e6ngere, i s\u00e5 fald giver vi dig s\u00e6rskilt besked.<\/p>\n\n\n\n<p>S\u00e5fremt de bestilte varer ikke kan leveres p\u00e5 grund af varens oph\u00f8r eller af anden \u00e5rsag, vil k\u00f8ber hurtigst muligt blive informeret herom, og de indbetalte penge (inklusive omkostningerne ved levering af varen) vil blive returneret uden forsinkelse, dog senest inden for 14 dage efter afsendelse af meddelelsen.<\/p>\n\n\n\n<ol start=\"4\" class=\"wp-block-list\">\n<li>Produkter og produkttilg\u00e6ngelighed<\/li>\n<\/ol>\n\n\n\n<p>Vi opdaterer l\u00f8bende produktsortimentet. Det kan dog ske, at produkttilg\u00e6ngeligheden oph\u00f8rer, f\u00f8r produktkataloget er opdateret. I dette tilf\u00e6lde vil vi kontakte dig og efter aftale udskifte produktet eller annullere ordren. Hvis ordren annulleres p\u00e5 grund af udsolgt, udsteder vi en refusion inden for 7 hverdage.<\/p>\n\n\n\n<ol start=\"5\" class=\"wp-block-list\">\n<li>\u00d8vrige betingelser<\/li>\n<\/ol>\n\n\n\n<p>Vi forbeholder os retten til at \u00e6ndre og supplere priserne p\u00e5 de tilbudte produkter. \u00c6ndringer i denne henseende tr\u00e6der i kraft fra det \u00f8jeblik, de vises i vores netbutik.<\/p>\n\n\n\n<p>S\u00e6lger er ikke ansvarlig for mangler ved produktet, der er opst\u00e5et p\u00e5 grund af k\u00f8bers skyld, eller hvis manglen er opst\u00e5et som f\u00f8lge af forkert brug af produktet.<\/p>\n\n\n\n<p>S\u00e6lger har ret til at fortryde ordren, hvis beholdningen af \u200b\u200bbestilte varer er opbrugt.<\/p>\n\n\n\n<p>Hvis prisen p\u00e5 det tilbudte produkt i e-shoppen p\u00e5 grund af en teknisk fejl er \u00e6ndret\/gjort urimeligt billigt i forhold til varens normale markedspris, har s\u00e6lger ret til at tr\u00e6de tilbage fra salgstransaktionen af \u200b\u200bproduktet med en forkert pris p\u00e5 grund af den tekniske fejl, forudsat at s\u00e6lger endnu ikke har sendt varen til k\u00f8ber.<\/p>\n\n\n\n<ol start=\"6\" class=\"wp-block-list\">\n<li>Fremsendelse af reklamationer og returnering af varer<\/li>\n<\/ol>\n\n\n\n<p>Alle produkter er underlagt fristen for indgivelse af krav i henhold til \u00a7 218 i Civil Code. K\u00f8bsfakturaen er gyldig som bevis for returnering. I tilf\u00e6lde af produkter bedes du f\u00f8lge brugs- og plejevejledningen, der f\u00f8lger med produktet, og de tilh\u00f8rende instruktioner. Reklamationsretten g\u00e6lder ikke, hvis manglen p\u00e5 varer skyldes forkert brug af produktet eller beskadigelse af produktet. For at indgive en reklamation skal du sende en n\u00f8jagtig beskrivelse af defekten, navnet p\u00e5 den person, der har afgivet ordren, kontakttelefonnummer og ordrenummer til info@aztex.ee<\/p>\n\n\n\n<p>Returretten er 14 dage. Varerne skal v\u00e6re i original emballage med original faktura og alle markeringer. Varerne m\u00e5 ikke bruges. Efter modtagelse af fortrydelseserkl\u00e6ringen skal iv\u00e6rks\u00e6tteren returnere til forbrugeren uden forsinkelse, men senest 14 dage, alle gebyrer modtaget fra forbrugeren p\u00e5 grundlag af kontrakten, herunder omkostningerne ved at levere forbrugerens sag. Hvis forbrugeren udtrykkeligt har valgt en anden leveringsm\u00e5de end den billigste s\u00e6dvanlige leveringsm\u00e5de, der tilbydes af iv\u00e6rks\u00e6tteren, skal iv\u00e6rks\u00e6tteren ikke tilbagebetale omkostningerne til forbrugeren, der overstiger omkostningerne forbundet med den s\u00e6dvanlige leveringsm\u00e5de (V\u00d5S \u00a7 492 ). Hvis det returneringspligtige produkt er blevet \u00e5bnet eller beskadiget p\u00e5 anden m\u00e5de, er produktet ikke returpligtigt og anses for brugt. Returadresse og leveringsmetode aftales i hvert enkelt tilf\u00e6lde.<\/p>\n\n\n\n<p>For at kunne returnere varerne skal du indsende en ans\u00f8gning om fortrydelse fra k\u00f8bet af varen, hvis formular kan findes her: ans\u00f8gning om fortrydelse og sende den til e-mailadressen info@aztex.ee<br>senest inden for 14 dage efter modtagelse af varerne.<\/p>\n\n\n\n<p>Udgiften til returnering af varen afholdes af k\u00f8ber, medmindre \u00e5rsagen til returneringen ligger i, at varen, der skal returneres, ikke svarer til den bestilte (f.eks. et forkert eller defekt produkt).<\/p>\n\n\n\n<p>Hvis Kunden ikke afhenter ordren p\u00e5 posthuset\/pakkeautomaten inden for lagertiden, returneres ordren til Minu Baltic O\u00dc. For at modtage ordren skal kunden betale Minu Baltic O\u00dc omkostningerne ved returnering og genudstedelse af pakken i henhold til den aktuelle Omniva\/Itella Smartpost\/DPD-prisliste. De oprindelige transportomkostninger refunderes ikke under det n\u00e6vnte punkt.<\/p>\n\n\n\n<p>Tjenesteyderen er ansvarlig for manglende overensstemmelse eller mangler ved de solgte varer i forhold til aftalebetingelserne, der fremkommer inden for to \u00e5r efter, at varen er udleveret til forbrugeren. Inden for de f\u00f8rste seks m\u00e5neder fra varens levering til k\u00f8ber, foruds\u00e6ttes det, at manglen allerede var til stede p\u00e5 tidspunktet for varens levering.<\/p>\n\n\n\n<p>I tilf\u00e6lde af en mangel ved varen skal forbrugeren senest to m\u00e5neder informere s\u00e6lger herom, eller frems\u00e6tte reklamation (V\u00d5S \u00a7 220, stk. 1).<\/p>\n\n\n\n<p>Hvis der opdages en fejl, skal brugen af \u200b\u200bproduktet stoppes med det samme.<\/p>\n\n\n\n<p>Kravet skal indgives i en form, der giver mulighed for skriftlig gengivelse og skal angive:<\/p>\n\n\n\n<p>\u2013 navn og kontaktoplysninger p\u00e5 forbrugeren;<\/p>\n\n\n\n<p>\u2013 datoen for indgivelse af klagen;<\/p>\n\n\n\n<p>\u2013 mangel p\u00e5 varer eller tjenesteydelser;<\/p>\n\n\n\n<p>\u2013 krav til iv\u00e6rks\u00e6tteren;<\/p>\n\n\n\n<p>\u2013 der skal henvises til et dokument, der bekr\u00e6fter transaktionens gennemf\u00f8relse eller en garanti, eller en kopi heraf skal vedl\u00e6gges klagen.<\/p>\n\n\n\n<ol start=\"7\" class=\"wp-block-list\">\n<li>Uenigheder<\/li>\n<\/ol>\n\n\n\n<p>Alle uenigheder vil blive l\u00f8st gennem rimelig gensidig forhandling. Hvis parterne ikke n\u00e5r til enighed, vil uenighederne blive l\u00f8st i overensstemmelse med lovgivningen i Republikken Estland.<\/p>\n","protected":false},"excerpt":{"rendered":"<p>Ejeren af \u200b\u200bonlinebutikken aztex.ee (herefter ben\u00e6vnt onlinebutikken) er Minu Baltic O\u00dc (registreringskode 16809904), beliggende i Ida-Viru amt, L\u00fcganuse by, Papli<\/p>\n","protected":false},"author":1,"featured_media":0,"parent":0,"menu_order":0,"comment_status":"closed","ping_status":"closed","template":"","meta":{"footnotes":""},"class_list":["post-18919","page","type-page","status-publish","hentry"],"yoast_head":"<!-- This site is optimized with the Yoast SEO plugin v27.4 - https:\/\/yoast.com\/product\/yoast-seo-wordpress\/ -->\n<title>Salgsbetingelser | AZTEX<\/title>\n<meta name=\"description\" content=\"Ejeren af \u200b\u200bonlinebutikken aztex.ee (herefter ben\u00e6vnt onlinebutikken) er Minu Baltic O\u00dc (registreringskode 16809904)\" \/>\n<meta name=\"robots\" content=\"index, follow, max-snippet:-1, max-image-preview:large, max-video-preview:-1\" \/>\n<link rel=\"canonical\" href=\"https:\/\/aztex.ee\/da\/salgsbetingelser\/\" \/>\n<meta property=\"og:locale\" content=\"da_DK\" \/>\n<meta property=\"og:type\" content=\"article\" \/>\n<meta property=\"og:title\" content=\"Salgsbetingelser | AZTEX\" \/>\n<meta property=\"og:description\" content=\"Ejeren af \u200b\u200bonlinebutikken aztex.ee (herefter ben\u00e6vnt onlinebutikken) er Minu Baltic O\u00dc (registreringskode 16809904)\" \/>\n<meta property=\"og:url\" content=\"https:\/\/aztex.ee\/da\/salgsbetingelser\/\" \/>\n<meta property=\"og:site_name\" content=\"AZTEX\" \/>\n<meta property=\"article:publisher\" content=\"https:\/\/www.facebook.com\/AztexEE\" \/>\n<meta property=\"article:modified_time\" content=\"2024-10-01T20:13:52+00:00\" \/>\n<meta name=\"twitter:card\" content=\"summary_large_image\" \/>\n<meta name=\"twitter:label1\" content=\"Estimeret l\u00e6setid\" \/>\n\t<meta name=\"twitter:data1\" content=\"6 minutter\" \/>\n<script type=\"application\/ld+json\" class=\"yoast-schema-graph\">{\"@context\":\"https:\\\/\\\/schema.org\",\"@graph\":[{\"@type\":\"WebPage\",\"@id\":\"https:\\\/\\\/aztex.ee\\\/da\\\/salgsbetingelser\\\/\",\"url\":\"https:\\\/\\\/aztex.ee\\\/da\\\/salgsbetingelser\\\/\",\"name\":\"Salgsbetingelser | AZTEX\",\"isPartOf\":{\"@id\":\"https:\\\/\\\/aztex.ee\\\/da\\\/#website\"},\"datePublished\":\"2024-08-15T14:36:01+00:00\",\"dateModified\":\"2024-10-01T20:13:52+00:00\",\"description\":\"Ejeren af \u200b\u200bonlinebutikken aztex.ee (herefter ben\u00e6vnt onlinebutikken) er Minu Baltic O\u00dc (registreringskode 16809904)\",\"breadcrumb\":{\"@id\":\"https:\\\/\\\/aztex.ee\\\/da\\\/salgsbetingelser\\\/#breadcrumb\"},\"inLanguage\":\"da-DK\",\"potentialAction\":[{\"@type\":\"ReadAction\",\"target\":[\"https:\\\/\\\/aztex.ee\\\/da\\\/salgsbetingelser\\\/\"]}]},{\"@type\":\"BreadcrumbList\",\"@id\":\"https:\\\/\\\/aztex.ee\\\/da\\\/salgsbetingelser\\\/#breadcrumb\",\"itemListElement\":[{\"@type\":\"ListItem\",\"position\":1,\"name\":\"Forside\",\"item\":\"https:\\\/\\\/aztex.ee\\\/da\\\/\"},{\"@type\":\"ListItem\",\"position\":2,\"name\":\"Salgsbetingelser\"}]},{\"@type\":\"WebSite\",\"@id\":\"https:\\\/\\\/aztex.ee\\\/da\\\/#website\",\"url\":\"https:\\\/\\\/aztex.ee\\\/da\\\/\",\"name\":\"AZTEX\",\"description\":\"\",\"publisher\":{\"@id\":\"https:\\\/\\\/aztex.ee\\\/da\\\/#organization\"},\"potentialAction\":[{\"@type\":\"SearchAction\",\"target\":{\"@type\":\"EntryPoint\",\"urlTemplate\":\"https:\\\/\\\/aztex.ee\\\/da\\\/?s={search_term_string}\"},\"query-input\":{\"@type\":\"PropertyValueSpecification\",\"valueRequired\":true,\"valueName\":\"search_term_string\"}}],\"inLanguage\":\"da-DK\"},{\"@type\":\"Organization\",\"@id\":\"https:\\\/\\\/aztex.ee\\\/da\\\/#organization\",\"name\":\"AZTEX\",\"url\":\"https:\\\/\\\/aztex.ee\\\/da\\\/\",\"logo\":{\"@type\":\"ImageObject\",\"inLanguage\":\"da-DK\",\"@id\":\"https:\\\/\\\/aztex.ee\\\/da\\\/#\\\/schema\\\/logo\\\/image\\\/\",\"url\":\"https:\\\/\\\/aztex.ee\\\/wp-content\\\/uploads\\\/2026\\\/01\\\/AZTEX.png\",\"contentUrl\":\"https:\\\/\\\/aztex.ee\\\/wp-content\\\/uploads\\\/2026\\\/01\\\/AZTEX.png\",\"width\":500,\"height\":500,\"caption\":\"AZTEX\"},\"image\":{\"@id\":\"https:\\\/\\\/aztex.ee\\\/da\\\/#\\\/schema\\\/logo\\\/image\\\/\"},\"sameAs\":[\"https:\\\/\\\/www.facebook.com\\\/AztexEE\",\"https:\\\/\\\/www.instagram.com\\\/aztexeesti\\\/\",\"https:\\\/\\\/www.youtube.com\\\/@AZTEXEE\",\"https:\\\/\\\/www.pinterest.com\\\/aztex_eesti\\\/\",\"https:\\\/\\\/www.tiktok.com\\\/@aztexeesti\",\"https:\\\/\\\/www.trustpilot.com\\\/review\\\/aztex.ee\",\"https:\\\/\\\/www.linkedin.com\\\/company\\\/aztex-ee\\\/\",\"https:\\\/\\\/www.wikidata.org\\\/wiki\\\/Q137560182\"]}]}<\/script>\n<!-- \/ Yoast SEO plugin. -->","yoast_head_json":{"title":"Salgsbetingelser | AZTEX","description":"Ejeren af \u200b\u200bonlinebutikken aztex.ee (herefter ben\u00e6vnt onlinebutikken) er Minu Baltic O\u00dc (registreringskode 16809904)","robots":{"index":"index","follow":"follow","max-snippet":"max-snippet:-1","max-image-preview":"max-image-preview:large","max-video-preview":"max-video-preview:-1"},"canonical":"https:\/\/aztex.ee\/da\/salgsbetingelser\/","og_locale":"da_DK","og_type":"article","og_title":"Salgsbetingelser | AZTEX","og_description":"Ejeren af \u200b\u200bonlinebutikken aztex.ee (herefter ben\u00e6vnt onlinebutikken) er Minu Baltic O\u00dc (registreringskode 16809904)","og_url":"https:\/\/aztex.ee\/da\/salgsbetingelser\/","og_site_name":"AZTEX","article_publisher":"https:\/\/www.facebook.com\/AztexEE","article_modified_time":"2024-10-01T20:13:52+00:00","twitter_card":"summary_large_image","twitter_misc":{"Estimeret l\u00e6setid":"6 minutter"},"schema":{"@context":"https:\/\/schema.org","@graph":[{"@type":"WebPage","@id":"https:\/\/aztex.ee\/da\/salgsbetingelser\/","url":"https:\/\/aztex.ee\/da\/salgsbetingelser\/","name":"Salgsbetingelser | AZTEX","isPartOf":{"@id":"https:\/\/aztex.ee\/da\/#website"},"datePublished":"2024-08-15T14:36:01+00:00","dateModified":"2024-10-01T20:13:52+00:00","description":"Ejeren af \u200b\u200bonlinebutikken aztex.ee (herefter ben\u00e6vnt onlinebutikken) er Minu Baltic O\u00dc (registreringskode 16809904)","breadcrumb":{"@id":"https:\/\/aztex.ee\/da\/salgsbetingelser\/#breadcrumb"},"inLanguage":"da-DK","potentialAction":[{"@type":"ReadAction","target":["https:\/\/aztex.ee\/da\/salgsbetingelser\/"]}]},{"@type":"BreadcrumbList","@id":"https:\/\/aztex.ee\/da\/salgsbetingelser\/#breadcrumb","itemListElement":[{"@type":"ListItem","position":1,"name":"Forside","item":"https:\/\/aztex.ee\/da\/"},{"@type":"ListItem","position":2,"name":"Salgsbetingelser"}]},{"@type":"WebSite","@id":"https:\/\/aztex.ee\/da\/#website","url":"https:\/\/aztex.ee\/da\/","name":"AZTEX","description":"","publisher":{"@id":"https:\/\/aztex.ee\/da\/#organization"},"potentialAction":[{"@type":"SearchAction","target":{"@type":"EntryPoint","urlTemplate":"https:\/\/aztex.ee\/da\/?s={search_term_string}"},"query-input":{"@type":"PropertyValueSpecification","valueRequired":true,"valueName":"search_term_string"}}],"inLanguage":"da-DK"},{"@type":"Organization","@id":"https:\/\/aztex.ee\/da\/#organization","name":"AZTEX","url":"https:\/\/aztex.ee\/da\/","logo":{"@type":"ImageObject","inLanguage":"da-DK","@id":"https:\/\/aztex.ee\/da\/#\/schema\/logo\/image\/","url":"https:\/\/aztex.ee\/wp-content\/uploads\/2026\/01\/AZTEX.png","contentUrl":"https:\/\/aztex.ee\/wp-content\/uploads\/2026\/01\/AZTEX.png","width":500,"height":500,"caption":"AZTEX"},"image":{"@id":"https:\/\/aztex.ee\/da\/#\/schema\/logo\/image\/"},"sameAs":["https:\/\/www.facebook.com\/AztexEE","https:\/\/www.instagram.com\/aztexeesti\/","https:\/\/www.youtube.com\/@AZTEXEE","https:\/\/www.pinterest.com\/aztex_eesti\/","https:\/\/www.tiktok.com\/@aztexeesti","https:\/\/www.trustpilot.com\/review\/aztex.ee","https:\/\/www.linkedin.com\/company\/aztex-ee\/","https:\/\/www.wikidata.org\/wiki\/Q137560182"]}]}},"_links":{"self":[{"href":"https:\/\/aztex.ee\/da\/wp-json\/wp\/v2\/pages\/18919","targetHints":{"allow":["GET"]}}],"collection":[{"href":"https:\/\/aztex.ee\/da\/wp-json\/wp\/v2\/pages"}],"about":[{"href":"https:\/\/aztex.ee\/da\/wp-json\/wp\/v2\/types\/page"}],"author":[{"embeddable":true,"href":"https:\/\/aztex.ee\/da\/wp-json\/wp\/v2\/users\/1"}],"replies":[{"embeddable":true,"href":"https:\/\/aztex.ee\/da\/wp-json\/wp\/v2\/comments?post=18919"}],"version-history":[{"count":0,"href":"https:\/\/aztex.ee\/da\/wp-json\/wp\/v2\/pages\/18919\/revisions"}],"wp:attachment":[{"href":"https:\/\/aztex.ee\/da\/wp-json\/wp\/v2\/media?parent=18919"}],"curies":[{"name":"wp","href":"https:\/\/api.w.org\/{rel}","templated":true}]}}