{"id":18868,"date":"2024-08-03T17:33:06","date_gmt":"2024-08-03T17:33:06","guid":{"rendered":"https:\/\/aztex.ee\/privaatsuspoliitika\/"},"modified":"2024-10-01T20:12:58","modified_gmt":"2024-10-01T20:12:58","slug":"privatlivspolitik","status":"publish","type":"page","link":"https:\/\/aztex.ee\/da\/privatlivspolitik\/","title":{"rendered":"Privatlivspolitik"},"content":{"rendered":"\n<ol class=\"wp-block-list\">\n<li><strong>Almindelige bestemmelser<\/strong><\/li>\n<\/ol>\n\n\n\n<p>1.1. Denne privatlivspolitik regulerer principperne vedr\u00f8rende indsamling, behandling og opbevaring af personoplysninger. Personoplysninger indsamles, behandles og opbevares af den ansvarlige persondatabehandler <strong>Minu Baltic O\u00dc<\/strong> (herefter databehandleren).<\/p>\n\n\n\n<p>1.2. Et registreret i privatlivspolitikkens forstand er en kunde eller anden fysisk person, hvis personoplysninger behandles af databehandleren.<\/p>\n\n\n\n<p>1.3. En kunde i privatlivspolitikkens forstand er enhver, der k\u00f8ber varer eller tjenester fra databehandlerens hjemmeside.<\/p>\n\n\n\n<p>1.4. Databehandleren f\u00f8lger de principper for databehandling, der er fastsat i lovgivningen, blandt andet behandler databehandleren personoplysninger lovligt, retf\u00e6rdigt og sikkert. Databehandleren er i stand til at bekr\u00e6fte, at personoplysninger er behandlet i overensstemmelse med lovgivningens bestemmelser.<\/p>\n\n\n\n<ol start=\"2\" class=\"wp-block-list\">\n<li><strong>Indsamling, behandling og opbevaring af personoplysninger<\/strong><\/li>\n<\/ol>\n\n\n\n<p>2.1. De personoplysninger, som databehandleren indsamler, behandler og opbevarer, indsamles elektronisk, prim\u00e6rt via hjemmesiden og e-mail.<\/p>\n\n\n\n<p>2.2. Ved at dele sine personoplysninger giver den registrerede databehandleren ret til at indsamle, organisere, bruge og administrere personoplysninger til de form\u00e5l, der er angivet i privatlivspolitikken, som den registrerede direkte eller indirekte deler med databehandleren ved k\u00f8b af varer eller tjenester p\u00e5 hjemmesiden.<\/p>\n\n\n\n<p>2.3. Den registrerede er ansvarlig for at sikre, at de af vedkommende afgivne data er n\u00f8jagtige, korrekte og fuldst\u00e6ndige. Bevidst afgivelse af falske oplysninger betragtes som en overtr\u00e6delse af fortrolighedspolitikken. Den registrerede er forpligtet til straks at underrette databehandleren om \u00e6ndringer i de afgivne data.<\/p>\n\n\n\n<p>2.4. Databehandleren er ikke ansvarlig for skader p\u00e5 den registrerede eller tredjemand for\u00e5rsaget af, at den registrerede afgiver falske oplysninger.<\/p>\n\n\n\n<ol start=\"3\" class=\"wp-block-list\">\n<li><strong>Behandling af kunders personlige data<\/strong><\/li>\n<\/ol>\n\n\n\n<p>3.1. Databehandleren kan behandle f\u00f8lgende personoplysninger om den registrerede:<\/p>\n\n\n\n<p>3.1.1. For- og efternavn;<\/p>\n\n\n\n<p>3.1.2. Telefonnummer;<\/p>\n\n\n\n<p>3.1.3. E-mail adresse;<\/p>\n\n\n\n<p>3.1.4. Leveringsadresse;<\/p>\n\n\n\n<p>3.1.5. Nuv\u00e6rende kontonummer;<\/p>\n\n\n\n<p>3.1.6. Betalingskortoplysninger;<\/p>\n\n\n\n<p>3.2. Ud over ovenst\u00e5ende har databehandleren ret til at indsamle data om kunden, der er tilg\u00e6ngelige i offentlige registre.<\/p>\n\n\n\n<p>3.3. Retsgrundlaget for behandling af personoplysninger er artikel 6, stk. 1, litra a), (b), (c) og (f), i den generelle forordning om beskyttelse af personoplysninger:<\/p>\n\n\n\n<p>a) den registrerede har givet sit samtykke til at behandle sine personoplysninger til et eller flere specifikke form\u00e5l;<\/p>\n\n\n\n<p>b) behandlingen af \u200b\u200bpersonoplysninger er n\u00f8dvendig for opfyldelsen af \u200b\u200ben kontrakt, der er indg\u00e5et med deltagelse af den registrerede, eller for at tr\u00e6ffe foranstaltninger forud for indg\u00e5elsen af \u200b\u200bkontrakten i overensstemmelse med den registreredes anmodning;<\/p>\n\n\n\n<p>c) behandlingen af \u200b\u200bpersonoplysninger er n\u00f8dvendig for at opfylde den dataansvarliges juridiske forpligtelse;<\/p>\n\n\n\n<p>f) behandlingen af \u200b\u200bpersonoplysninger er n\u00f8dvendig i tilf\u00e6lde af en legitim interesse hos den dataansvarlige eller en tredjepart, medmindre en s\u00e5dan interesse opvejes af den registreredes interesser eller de grundl\u00e6ggende rettigheder og friheder, for hvilke personoplysninger skal beskyttes , is\u00e6r hvis den registrerede er et barn.<\/p>\n\n\n\n<p>3.4. Behandling af personoplysninger i henhold til form\u00e5let med behandlingen:<\/p>\n\n\n\n<p>3.4.1. Form\u00e5l med behandlingen &#8211; sikkerhed og sikkerhed<br>Den maksimale periode for opbevaring af personoplysninger &#8211; i henhold til de frister, der er angivet i loven<\/p>\n\n\n\n<p>3.4.2. Form\u00e5l med behandling &#8211; ordrebehandling<br>Den maksimale periode for opbevaring af personlige data \u2013 <strong>12 m\u00e5neder<\/strong><\/p>\n\n\n\n<p>3.4.3. Form\u00e5l med forarbejdning \u2013 sikring af, at e-butikstjenester fungerer<br>Den maksimale periode for opbevaring af personlige data \u2013 <strong>12 m\u00e5neder<\/strong><\/p>\n\n\n\n<p>3.4.4. Form\u00e5l med bearbejdning &#8211; kundestyring<br>Den maksimale periode for opbevaring af personlige data \u2013 <strong>12 m\u00e5neder<\/strong><\/p>\n\n\n\n<p>3.4.5. Form\u00e5l med behandling \u2013 \u00f8konomisk aktivitet, regnskab<br>Den maksimale periode for opbevaring af personoplysninger &#8211; i henhold til de frister, der er angivet i loven<\/p>\n\n\n\n<p>3.4.6. Form\u00e5l med forarbejdning &#8211; markedsf\u00f8ring<br>Den maksimale periode for opbevaring af personlige data \u2013 <strong>12 m\u00e5neder<\/strong><\/p>\n\n\n\n<p>3.5. Databehandleren har ret til at dele kunders personoplysninger med tredjeparter, s\u00e5som autoriserede databehandlere, revisorer, transport- og kurervirksomheder, virksomheder, der leverer overf\u00f8rselstjenester. Databehandleren er dataansvarlig for personoplysninger. Databehandleren videregiver de personoplysninger, der er n\u00f8dvendige for at foretage betalinger, til den autoriserede databehandler <strong>Maksekeskus AS<\/strong>.<\/p>\n\n\n\n<p>3.6. Ved behandling og opbevaring af den registreredes personoplysninger implementerer databehandleren organisatoriske og tekniske foranstaltninger, der sikrer beskyttelse af personoplysninger mod h\u00e6ndelig eller ulovlig tilintetg\u00f8relse, \u00e6ndring, videregivelse og enhver anden ulovlig behandling.<\/p>\n\n\n\n<p>3.7. Databehandleren opbevarer de registreredes data afh\u00e6ngigt af form\u00e5let med behandlingen, dog ikke l\u00e6ngere end 1 \u00e5r.<\/p>\n\n\n\n<ol start=\"4\" class=\"wp-block-list\">\n<li><strong>Den registreredes rettigheder<\/strong><\/li>\n<\/ol>\n\n\n\n<p>4.1. Den registrerede har ret til at f\u00e5 adgang til sine personoplysninger og til at konsultere dem.<\/p>\n\n\n\n<p>4.2. Den registrerede har ret til at modtage information om behandlingen af \u200b\u200bsine personoplysninger.<\/p>\n\n\n\n<p>4.3. Den registrerede har ret til at supplere eller rette un\u00f8jagtige data.<\/p>\n\n\n\n<p>4.4. Hvis databehandleren behandler den registreredes personoplysninger p\u00e5 baggrund af den registreredes samtykke, har den registrerede til enhver tid ret til at tr\u00e6kke samtykket tilbage.<\/p>\n\n\n\n<p>4.5. Den registrerede kan kontakte e-butikkens kundesupport p\u00e5 <strong>info@aztex.ee<\/strong> for at ud\u00f8ve deres rettigheder<\/p>\n\n\n\n<p>4.6. Den registrerede kan indgive en klage til Datatilsynet for at beskytte sine rettigheder.<\/p>\n\n\n\n<ol start=\"5\" class=\"wp-block-list\">\n<li><strong>Afsluttende bestemmelser<\/strong><\/li>\n<\/ol>\n\n\n\n<p>5.1. Disse databeskyttelsesbetingelser er udarbejdet i overensstemmelse med Europa-Parlamentets og R\u00e5dets forordning (EU) nr. 2016\/679 om beskyttelse af fysiske personer i forbindelse med behandling af personoplysninger og fri udveksling af s\u00e5danne oplysninger og om oph\u00e6velse af direktiv 95\/46\/EF\/EF (generel databeskyttelsesforordning), lovgivningen om beskyttelse af personoplysninger i Republikken Estland og lovgivningen i Republikken Estland og Den Europ\u00e6iske Union.<\/p>\n\n\n\n<p>5.2. Databehandleren har ret til helt eller delvist at \u00e6ndre databeskyttelsesbetingelserne ved at underrette de registrerede om \u00e6ndringerne via hjemmesiden <strong>aztex.ee<\/strong><\/p>\n\n\n\n<p><\/p>\n","protected":false},"excerpt":{"rendered":"<p>1.1. Denne privatlivspolitik regulerer principperne vedr\u00f8rende indsamling, behandling og opbevaring af personoplysninger. Personoplysninger indsamles, behandles og opbevares af den ansvarlige<\/p>\n","protected":false},"author":1,"featured_media":0,"parent":0,"menu_order":0,"comment_status":"closed","ping_status":"closed","template":"","meta":{"footnotes":""},"class_list":["post-18868","page","type-page","status-publish","hentry"],"yoast_head":"<!-- This site is optimized with the Yoast SEO plugin v27.4 - https:\/\/yoast.com\/product\/yoast-seo-wordpress\/ -->\n<title>Privatlivspolitik | AZTEX<\/title>\n<meta name=\"description\" content=\"Denne privatlivspolitik regulerer principperne vedr\u00f8rende indsamling, behandling og opbevaring af personoplysninger.\" \/>\n<meta name=\"robots\" content=\"index, follow, max-snippet:-1, max-image-preview:large, max-video-preview:-1\" \/>\n<link rel=\"canonical\" href=\"https:\/\/aztex.ee\/da\/privatlivspolitik\/\" \/>\n<meta property=\"og:locale\" content=\"da_DK\" \/>\n<meta property=\"og:type\" content=\"article\" \/>\n<meta property=\"og:title\" content=\"Privatlivspolitik | AZTEX\" \/>\n<meta property=\"og:description\" content=\"Denne privatlivspolitik regulerer principperne vedr\u00f8rende indsamling, behandling og opbevaring af personoplysninger.\" \/>\n<meta property=\"og:url\" content=\"https:\/\/aztex.ee\/da\/privatlivspolitik\/\" \/>\n<meta property=\"og:site_name\" content=\"AZTEX\" \/>\n<meta property=\"article:publisher\" content=\"https:\/\/www.facebook.com\/AztexEE\" \/>\n<meta property=\"article:modified_time\" content=\"2024-10-01T20:12:58+00:00\" \/>\n<meta name=\"twitter:card\" content=\"summary_large_image\" \/>\n<meta name=\"twitter:label1\" content=\"Estimeret l\u00e6setid\" \/>\n\t<meta name=\"twitter:data1\" content=\"5 minutter\" \/>\n<script type=\"application\/ld+json\" class=\"yoast-schema-graph\">{\"@context\":\"https:\\\/\\\/schema.org\",\"@graph\":[{\"@type\":\"WebPage\",\"@id\":\"https:\\\/\\\/aztex.ee\\\/da\\\/privatlivspolitik\\\/\",\"url\":\"https:\\\/\\\/aztex.ee\\\/da\\\/privatlivspolitik\\\/\",\"name\":\"Privatlivspolitik | AZTEX\",\"isPartOf\":{\"@id\":\"https:\\\/\\\/aztex.ee\\\/da\\\/#website\"},\"datePublished\":\"2024-08-03T17:33:06+00:00\",\"dateModified\":\"2024-10-01T20:12:58+00:00\",\"description\":\"Denne privatlivspolitik regulerer principperne vedr\u00f8rende indsamling, behandling og opbevaring af personoplysninger.\",\"breadcrumb\":{\"@id\":\"https:\\\/\\\/aztex.ee\\\/da\\\/privatlivspolitik\\\/#breadcrumb\"},\"inLanguage\":\"da-DK\",\"potentialAction\":[{\"@type\":\"ReadAction\",\"target\":[\"https:\\\/\\\/aztex.ee\\\/da\\\/privatlivspolitik\\\/\"]}]},{\"@type\":\"BreadcrumbList\",\"@id\":\"https:\\\/\\\/aztex.ee\\\/da\\\/privatlivspolitik\\\/#breadcrumb\",\"itemListElement\":[{\"@type\":\"ListItem\",\"position\":1,\"name\":\"Forside\",\"item\":\"https:\\\/\\\/aztex.ee\\\/da\\\/\"},{\"@type\":\"ListItem\",\"position\":2,\"name\":\"Privatlivspolitik\"}]},{\"@type\":\"WebSite\",\"@id\":\"https:\\\/\\\/aztex.ee\\\/da\\\/#website\",\"url\":\"https:\\\/\\\/aztex.ee\\\/da\\\/\",\"name\":\"AZTEX\",\"description\":\"\",\"publisher\":{\"@id\":\"https:\\\/\\\/aztex.ee\\\/da\\\/#organization\"},\"potentialAction\":[{\"@type\":\"SearchAction\",\"target\":{\"@type\":\"EntryPoint\",\"urlTemplate\":\"https:\\\/\\\/aztex.ee\\\/da\\\/?s={search_term_string}\"},\"query-input\":{\"@type\":\"PropertyValueSpecification\",\"valueRequired\":true,\"valueName\":\"search_term_string\"}}],\"inLanguage\":\"da-DK\"},{\"@type\":\"Organization\",\"@id\":\"https:\\\/\\\/aztex.ee\\\/da\\\/#organization\",\"name\":\"AZTEX\",\"url\":\"https:\\\/\\\/aztex.ee\\\/da\\\/\",\"logo\":{\"@type\":\"ImageObject\",\"inLanguage\":\"da-DK\",\"@id\":\"https:\\\/\\\/aztex.ee\\\/da\\\/#\\\/schema\\\/logo\\\/image\\\/\",\"url\":\"https:\\\/\\\/aztex.ee\\\/wp-content\\\/uploads\\\/2026\\\/01\\\/AZTEX.png\",\"contentUrl\":\"https:\\\/\\\/aztex.ee\\\/wp-content\\\/uploads\\\/2026\\\/01\\\/AZTEX.png\",\"width\":500,\"height\":500,\"caption\":\"AZTEX\"},\"image\":{\"@id\":\"https:\\\/\\\/aztex.ee\\\/da\\\/#\\\/schema\\\/logo\\\/image\\\/\"},\"sameAs\":[\"https:\\\/\\\/www.facebook.com\\\/AztexEE\",\"https:\\\/\\\/www.instagram.com\\\/aztexeesti\\\/\",\"https:\\\/\\\/www.youtube.com\\\/@AZTEXEE\",\"https:\\\/\\\/www.pinterest.com\\\/aztex_eesti\\\/\",\"https:\\\/\\\/www.tiktok.com\\\/@aztexeesti\",\"https:\\\/\\\/www.trustpilot.com\\\/review\\\/aztex.ee\",\"https:\\\/\\\/www.linkedin.com\\\/company\\\/aztex-ee\\\/\",\"https:\\\/\\\/www.wikidata.org\\\/wiki\\\/Q137560182\"]}]}<\/script>\n<!-- \/ Yoast SEO plugin. -->","yoast_head_json":{"title":"Privatlivspolitik | AZTEX","description":"Denne privatlivspolitik regulerer principperne vedr\u00f8rende indsamling, behandling og opbevaring af personoplysninger.","robots":{"index":"index","follow":"follow","max-snippet":"max-snippet:-1","max-image-preview":"max-image-preview:large","max-video-preview":"max-video-preview:-1"},"canonical":"https:\/\/aztex.ee\/da\/privatlivspolitik\/","og_locale":"da_DK","og_type":"article","og_title":"Privatlivspolitik | AZTEX","og_description":"Denne privatlivspolitik regulerer principperne vedr\u00f8rende indsamling, behandling og opbevaring af personoplysninger.","og_url":"https:\/\/aztex.ee\/da\/privatlivspolitik\/","og_site_name":"AZTEX","article_publisher":"https:\/\/www.facebook.com\/AztexEE","article_modified_time":"2024-10-01T20:12:58+00:00","twitter_card":"summary_large_image","twitter_misc":{"Estimeret l\u00e6setid":"5 minutter"},"schema":{"@context":"https:\/\/schema.org","@graph":[{"@type":"WebPage","@id":"https:\/\/aztex.ee\/da\/privatlivspolitik\/","url":"https:\/\/aztex.ee\/da\/privatlivspolitik\/","name":"Privatlivspolitik | AZTEX","isPartOf":{"@id":"https:\/\/aztex.ee\/da\/#website"},"datePublished":"2024-08-03T17:33:06+00:00","dateModified":"2024-10-01T20:12:58+00:00","description":"Denne privatlivspolitik regulerer principperne vedr\u00f8rende indsamling, behandling og opbevaring af personoplysninger.","breadcrumb":{"@id":"https:\/\/aztex.ee\/da\/privatlivspolitik\/#breadcrumb"},"inLanguage":"da-DK","potentialAction":[{"@type":"ReadAction","target":["https:\/\/aztex.ee\/da\/privatlivspolitik\/"]}]},{"@type":"BreadcrumbList","@id":"https:\/\/aztex.ee\/da\/privatlivspolitik\/#breadcrumb","itemListElement":[{"@type":"ListItem","position":1,"name":"Forside","item":"https:\/\/aztex.ee\/da\/"},{"@type":"ListItem","position":2,"name":"Privatlivspolitik"}]},{"@type":"WebSite","@id":"https:\/\/aztex.ee\/da\/#website","url":"https:\/\/aztex.ee\/da\/","name":"AZTEX","description":"","publisher":{"@id":"https:\/\/aztex.ee\/da\/#organization"},"potentialAction":[{"@type":"SearchAction","target":{"@type":"EntryPoint","urlTemplate":"https:\/\/aztex.ee\/da\/?s={search_term_string}"},"query-input":{"@type":"PropertyValueSpecification","valueRequired":true,"valueName":"search_term_string"}}],"inLanguage":"da-DK"},{"@type":"Organization","@id":"https:\/\/aztex.ee\/da\/#organization","name":"AZTEX","url":"https:\/\/aztex.ee\/da\/","logo":{"@type":"ImageObject","inLanguage":"da-DK","@id":"https:\/\/aztex.ee\/da\/#\/schema\/logo\/image\/","url":"https:\/\/aztex.ee\/wp-content\/uploads\/2026\/01\/AZTEX.png","contentUrl":"https:\/\/aztex.ee\/wp-content\/uploads\/2026\/01\/AZTEX.png","width":500,"height":500,"caption":"AZTEX"},"image":{"@id":"https:\/\/aztex.ee\/da\/#\/schema\/logo\/image\/"},"sameAs":["https:\/\/www.facebook.com\/AztexEE","https:\/\/www.instagram.com\/aztexeesti\/","https:\/\/www.youtube.com\/@AZTEXEE","https:\/\/www.pinterest.com\/aztex_eesti\/","https:\/\/www.tiktok.com\/@aztexeesti","https:\/\/www.trustpilot.com\/review\/aztex.ee","https:\/\/www.linkedin.com\/company\/aztex-ee\/","https:\/\/www.wikidata.org\/wiki\/Q137560182"]}]}},"_links":{"self":[{"href":"https:\/\/aztex.ee\/da\/wp-json\/wp\/v2\/pages\/18868","targetHints":{"allow":["GET"]}}],"collection":[{"href":"https:\/\/aztex.ee\/da\/wp-json\/wp\/v2\/pages"}],"about":[{"href":"https:\/\/aztex.ee\/da\/wp-json\/wp\/v2\/types\/page"}],"author":[{"embeddable":true,"href":"https:\/\/aztex.ee\/da\/wp-json\/wp\/v2\/users\/1"}],"replies":[{"embeddable":true,"href":"https:\/\/aztex.ee\/da\/wp-json\/wp\/v2\/comments?post=18868"}],"version-history":[{"count":0,"href":"https:\/\/aztex.ee\/da\/wp-json\/wp\/v2\/pages\/18868\/revisions"}],"wp:attachment":[{"href":"https:\/\/aztex.ee\/da\/wp-json\/wp\/v2\/media?parent=18868"}],"curies":[{"name":"wp","href":"https:\/\/api.w.org\/{rel}","templated":true}]}}