{"id":94138,"date":"2025-09-11T11:11:59","date_gmt":"2025-09-11T11:11:59","guid":{"rendered":"https:\/\/aztex.ee\/pood\/nezarazene\/hanesulgedest-padi\/"},"modified":"2026-05-14T17:30:21","modified_gmt":"2026-05-14T17:30:21","slug":"perovy-polstar","status":"publish","type":"product","link":"https:\/\/aztex.ee\/cs\/pood\/polstare\/perovy-polstar\/","title":{"rendered":"P\u00e9\u0159ov\u00fd pol\u0161t\u00e1\u0159"},"content":{"rendered":"<p><strong>P\u0159irozen\u011b m\u011bkk\u00e9 a luxusn\u00ed pohodl\u00ed<\/strong><\/p>\n<p>Pol\u0161t\u00e1\u0159 z hus\u00edho pe\u0159\u00ed je navr\u017een tak, aby ka\u017edou noc poskytoval skute\u010dnou m\u011bkkost a pohodl\u00ed. P\u0159irozen\u00e1 struktura hus\u00edho pe\u0159\u00ed vytv\u00e1\u0159\u00ed v\u00fdpl\u0148, kter\u00e1 je z\u00e1rove\u0148 vzdu\u0161n\u00e1 a elastick\u00e1, a p\u0159izp\u016fsobuje se poloze va\u0161\u00ed hlavy a krku pro hlubok\u00fd a klidn\u00fd sp\u00e1nek. M\u011bkk\u00fd, ale z\u00e1rove\u0148 podp\u016frn\u00fd pocit sni\u017euje nap\u011bt\u00ed a pom\u00e1h\u00e1 v\u00e1m ka\u017ed\u00e9 r\u00e1no se probudit sv\u011b\u017e\u00ed.<\/p>\n<p><strong>Vyv\u00e1\u017een\u00e1 prody\u0161nost a teplota<\/strong><\/p>\n<p>Hus\u00ed pe\u0159\u00ed je cen\u011bno pro svou vynikaj\u00edc\u00ed prody\u0161nost, kter\u00e1 zaji\u0161\u0165uje p\u0159irozen\u00fd pohyb vzduchu pol\u0161t\u00e1\u0159em. To udr\u017euje prost\u0159ed\u00ed pro span\u00ed sv\u011b\u017e\u00ed, zabra\u0148uje p\u0159eh\u0159\u00e1t\u00ed a poskytuje p\u0159\u00edjemn\u00e9 teplo i za chladn\u00fdch noc\u00ed. D\u00edky tomu je pol\u0161t\u00e1\u0159 vhodn\u00fd pro pou\u017eit\u00ed ve v\u0161ech ro\u010dn\u00edch obdob\u00edch &#8211; v zim\u011b vytv\u00e1\u0159\u00ed \u00fatuln\u00e9 teplo a v l\u00e9t\u011b lehk\u00fd a chladiv\u00fd pocit. Vzdu\u0161n\u00e1 struktura zaji\u0161\u0165uje, \u017ee sp\u00e1nek je v\u017edy pohodln\u00fd, bez ohledu na po\u010das\u00ed nebo ro\u010dn\u00ed obdob\u00ed.<\/p>\n<p><strong>Odoln\u00e1 a dlouhotrvaj\u00edc\u00ed volba<\/strong><\/p>\n<p>Vysoce kvalitn\u00ed pol\u0161t\u00e1\u0159 z hus\u00edho pe\u0159\u00ed si zachov\u00e1v\u00e1 sv\u016fj tvar a nad\u00fdchanost i po del\u0161\u00edm pou\u017e\u00edv\u00e1n\u00ed. V\u00fdpl\u0148 se neproh\u00fdb\u00e1 ani netvrdne, ale z\u016fst\u00e1v\u00e1 nad\u00fdchan\u00e1 a pohodln\u00e1 a poskytuje stejnou dobrou oporu ka\u017edou noc. D\u00edky tomu je pol\u0161t\u00e1\u0159 spolehliv\u00fdm spole\u010dn\u00edkem po mnoho let, kter\u00fd zaji\u0161\u0165uje ka\u017edodenn\u00ed pohodl\u00ed a jistotu, \u017ee sp\u00e1nek je v\u017edy kvalitn\u00ed. P\u0159i spr\u00e1vn\u00e9 p\u00e9\u010di si pol\u0161t\u00e1\u0159 zachov\u00e1 sv\u00e9 vlastnosti po dlouhou dobu a bude cennou investic\u00ed do \u00fatulnosti a zdrav\u00ed va\u0161eho domova.<\/p>\n<p><strong>P\u0159\u00edrodn\u00ed a pe\u010dliv\u011b vybran\u00fd materi\u00e1l<\/strong><\/p>\n<p>Pol\u0161t\u00e1\u0159 je vyroben z p\u0159\u00edrodn\u00edho hus\u00edho pe\u0159\u00ed, kter\u00e9 je zn\u00e1m\u00e9 svou m\u011bkkost\u00ed, vzdu\u0161nost\u00ed a pohodl\u00edm. P\u0159\u00edrodn\u00ed materi\u00e1l vytv\u00e1\u0159\u00ed uklid\u0148uj\u00edc\u00ed pocit, kter\u00fd kombinuje p\u0159\u00edjemn\u00e9 teplo a lehkost. Hus\u00ed pe\u0159\u00ed je po stalet\u00ed cen\u011bno pr\u00e1v\u011b pro sv\u00e9 jedine\u010dn\u00e9 vlastnosti, d\u00edky \u010demu\u017e je pol\u0161t\u00e1\u0159 vhodn\u00fd do ka\u017ed\u00e9 dom\u00e1cnosti, kde se cen\u00ed kvalita, zdrav\u00ed a volby bl\u00edzk\u00e9 p\u0159\u00edrod\u011b.<\/p>\n<p><strong>P\u00e9\u010de<\/strong><\/p>\n<p>P\u00e9\u010de je snadn\u00e1 a pom\u00e1h\u00e1 pol\u0161t\u00e1\u0159i z\u016fstat dlouho sv\u011b\u017e\u00ed a nad\u00fdchan\u00fd. Pro dosa\u017een\u00ed nejlep\u0161\u00edch v\u00fdsledk\u016f se doporu\u010duje pol\u0161t\u00e1\u0159 pravideln\u011b v\u011btrat venku, aby se obnovila jeho p\u0159irozen\u00e1 vzdu\u0161nost a odstranila se denn\u00ed vlhkost. Pou\u017eit\u00ed chr\u00e1ni\u010de pol\u0161t\u00e1\u0159e pom\u00e1h\u00e1 udr\u017eovat v\u00fdpl\u0148 \u010distou a prodlu\u017euje \u017eivotnost pol\u0161t\u00e1\u0159e. V p\u0159\u00edpad\u011b pot\u0159eby lze pol\u0161t\u00e1\u0159 pr\u00e1t dle pokyn\u016f pro p\u00e9\u010di, aby se zachovaly jeho p\u0159irozen\u00e9 vlastnosti a kvalita. Spr\u00e1vn\u00e1 p\u00e9\u010de zajist\u00ed, \u017ee pol\u0161t\u00e1\u0159 z\u016fstane pohodln\u00fd a podp\u016frn\u00fd po mnoho let.<\/p>\n","protected":false},"excerpt":{"rendered":"<p>Tento luxusn\u00ed pol\u0161t\u00e1\u0159 z hus\u00edho pe\u0159\u00ed nab\u00edz\u00ed m\u011bkkou oporu a p\u0159irozen\u00e9 pohodl\u00ed pro kvalitn\u00ed sp\u00e1nek.<\/p>\n<ul>\n<li>V\u00fdpl\u0148 pol\u0161t\u00e1\u0159e: 85% hus\u00edho pe\u0159\u00ed \/ 15% hus\u00edho prachov\u00e9ho pe\u0159\u00ed<\/li>\n<li>Potahov\u00e1 l\u00e1tka: 100% Egyptsk\u00e1 bavlna<\/li>\n<li>Pr\u00e1t v pra\u010dce: Ano<\/li>\n<li>V\u00fd\u0161ka pol\u0161t\u00e1\u0159e: St\u0159edn\u00ed<\/li>\n<\/ul>\n<p><img loading=\"lazy\" decoding=\"async\" class=\"alignnone wp-image-94116\" src=\"https:\/\/aztex.ee\/wp-content\/uploads\/2025\/09\/globalrecyled-400x201.png\" alt=\"\" width=\"111\" height=\"56\" srcset=\"https:\/\/aztex.ee\/wp-content\/uploads\/2025\/09\/globalrecyled-400x201.png 400w, https:\/\/aztex.ee\/wp-content\/uploads\/2025\/09\/globalrecyled-430x216.png 430w, https:\/\/aztex.ee\/wp-content\/uploads\/2025\/09\/globalrecyled-150x75.png 150w, https:\/\/aztex.ee\/wp-content\/uploads\/2025\/09\/globalrecyled.png 600w\" sizes=\"auto, (max-width: 111px) 100vw, 111px\" \/><img loading=\"lazy\" decoding=\"async\" class=\"alignnone wp-image-94119\" src=\"https:\/\/aztex.ee\/wp-content\/uploads\/2025\/09\/oeko100ser.png\" alt=\"\" width=\"53\" height=\"50\" srcset=\"https:\/\/aztex.ee\/wp-content\/uploads\/2025\/09\/oeko100ser.png 200w, https:\/\/aztex.ee\/wp-content\/uploads\/2025\/09\/oeko100ser-150x142.png 150w\" sizes=\"auto, (max-width: 53px) 100vw, 53px\" \/><img loading=\"lazy\" decoding=\"async\" class=\"alignnone wp-image-94114\" src=\"https:\/\/aztex.ee\/wp-content\/uploads\/2025\/09\/RDS.png\" alt=\"\" width=\"55\" height=\"55\" srcset=\"https:\/\/aztex.ee\/wp-content\/uploads\/2025\/09\/RDS.png 200w, https:\/\/aztex.ee\/wp-content\/uploads\/2025\/09\/RDS-150x150.png 150w\" sizes=\"auto, (max-width: 55px) 100vw, 55px\" \/><img loading=\"lazy\" decoding=\"async\" class=\"alignnone wp-image-94115\" src=\"https:\/\/aztex.ee\/wp-content\/uploads\/2025\/09\/BSCI.png\" alt=\"\" width=\"55\" height=\"55\" srcset=\"https:\/\/aztex.ee\/wp-content\/uploads\/2025\/09\/BSCI.png 200w, https:\/\/aztex.ee\/wp-content\/uploads\/2025\/09\/BSCI-150x150.png 150w\" sizes=\"auto, (max-width: 55px) 100vw, 55px\" \/><img loading=\"lazy\" decoding=\"async\" class=\"alignnone wp-image-94112\" src=\"https:\/\/aztex.ee\/wp-content\/uploads\/2025\/09\/logo_downpass_en.png\" alt=\"\" width=\"49\" height=\"53\" srcset=\"https:\/\/aztex.ee\/wp-content\/uploads\/2025\/09\/logo_downpass_en.png 240w, https:\/\/aztex.ee\/wp-content\/uploads\/2025\/09\/logo_downpass_en-150x163.png 150w\" sizes=\"auto, (max-width: 49px) 100vw, 49px\" \/><\/p>\n","protected":false},"featured_media":94134,"comment_status":"open","ping_status":"closed","template":"","meta":[],"product_brand":[],"product_cat":[6141,6094],"product_tag":[],"class_list":{"0":"post-94138","1":"product","2":"type-product","3":"status-publish","4":"has-post-thumbnail","6":"product_cat-perove-polstare","7":"product_cat-polstare","9":"first","10":"instock","11":"shipping-taxable","12":"purchasable","13":"product-type-variable"},"yoast_head":"<!-- This site is optimized with the Yoast SEO plugin v27.6 - https:\/\/yoast.com\/product\/yoast-seo-wordpress\/ -->\n<title>Pol\u0161t\u00e1\u0159 z hus\u00edho pe\u0159\u00ed | AZTEX<\/title>\n<meta name=\"description\" content=\"P\u00e9\u0159ov\u00fd pol\u0161t\u00e1\u0159 p\u0159in\u00e1\u0161\u00ed do lo\u017enice p\u0159irozen\u00e9 pohodl\u00ed a trvalou kvalitu. M\u011bkk\u00e1, nad\u00fdchan\u00e1 a prody\u0161n\u00e1 v\u00fdpl\u0148 zaji\u0161\u0165uje hlubok\u00fd a klidn\u00fd sp\u00e1nek.\" \/>\n<meta name=\"robots\" content=\"index, follow, max-snippet:-1, max-image-preview:large, max-video-preview:-1\" \/>\n<link rel=\"canonical\" href=\"https:\/\/aztex.ee\/cs\/pood\/polstare\/perovy-polstar\/\" \/>\n<meta property=\"og:locale\" content=\"cs_CZ\" \/>\n<meta property=\"og:type\" content=\"article\" \/>\n<meta property=\"og:title\" content=\"Pol\u0161t\u00e1\u0159 z hus\u00edho pe\u0159\u00ed | AZTEX\" \/>\n<meta property=\"og:description\" content=\"P\u00e9\u0159ov\u00fd pol\u0161t\u00e1\u0159 p\u0159in\u00e1\u0161\u00ed do lo\u017enice p\u0159irozen\u00e9 pohodl\u00ed a trvalou kvalitu. M\u011bkk\u00e1, nad\u00fdchan\u00e1 a prody\u0161n\u00e1 v\u00fdpl\u0148 zaji\u0161\u0165uje hlubok\u00fd a klidn\u00fd sp\u00e1nek.\" \/>\n<meta property=\"og:url\" content=\"https:\/\/aztex.ee\/cs\/pood\/polstare\/perovy-polstar\/\" \/>\n<meta property=\"og:site_name\" content=\"AZTEX\" \/>\n<meta property=\"article:publisher\" content=\"https:\/\/www.facebook.com\/AztexEE\" \/>\n<meta property=\"article:modified_time\" content=\"2026-05-14T17:30:21+00:00\" \/>\n<meta property=\"og:image\" content=\"https:\/\/aztex.ee\/wp-content\/uploads\/2025\/09\/Hanesulgedest-padi.jpg\" \/>\n\t<meta property=\"og:image:width\" content=\"800\" \/>\n\t<meta property=\"og:image:height\" content=\"800\" \/>\n\t<meta property=\"og:image:type\" content=\"image\/jpeg\" \/>\n<meta name=\"twitter:card\" content=\"summary_large_image\" \/>\n<meta name=\"twitter:label1\" content=\"Odhadovan\u00e1 doba \u010dten\u00ed\" \/>\n\t<meta name=\"twitter:data1\" content=\"3 minuta\" \/>\n<script type=\"application\/ld+json\" class=\"yoast-schema-graph\">{\"@context\":\"https:\\\/\\\/schema.org\",\"@graph\":[{\"@type\":[\"WebPage\",\"ItemPage\"],\"@id\":\"https:\\\/\\\/aztex.ee\\\/cs\\\/pood\\\/polstare\\\/perovy-polstar\\\/\",\"url\":\"https:\\\/\\\/aztex.ee\\\/cs\\\/pood\\\/polstare\\\/perovy-polstar\\\/\",\"name\":\"Pol\u0161t\u00e1\u0159 z hus\u00edho pe\u0159\u00ed | AZTEX\",\"isPartOf\":{\"@id\":\"https:\\\/\\\/aztex.ee\\\/cs\\\/#website\"},\"primaryImageOfPage\":{\"@id\":\"https:\\\/\\\/aztex.ee\\\/cs\\\/pood\\\/polstare\\\/perovy-polstar\\\/#primaryimage\"},\"image\":{\"@id\":\"https:\\\/\\\/aztex.ee\\\/cs\\\/pood\\\/polstare\\\/perovy-polstar\\\/#primaryimage\"},\"thumbnailUrl\":\"https:\\\/\\\/aztex.ee\\\/wp-content\\\/uploads\\\/2025\\\/09\\\/Hanesulgedest-padi.jpg\",\"datePublished\":\"2025-09-11T11:11:59+00:00\",\"dateModified\":\"2026-05-14T17:30:21+00:00\",\"description\":\"P\u00e9\u0159ov\u00fd pol\u0161t\u00e1\u0159 p\u0159in\u00e1\u0161\u00ed do lo\u017enice p\u0159irozen\u00e9 pohodl\u00ed a trvalou kvalitu. M\u011bkk\u00e1, nad\u00fdchan\u00e1 a prody\u0161n\u00e1 v\u00fdpl\u0148 zaji\u0161\u0165uje hlubok\u00fd a klidn\u00fd sp\u00e1nek.\",\"breadcrumb\":{\"@id\":\"https:\\\/\\\/aztex.ee\\\/cs\\\/pood\\\/polstare\\\/perovy-polstar\\\/#breadcrumb\"},\"inLanguage\":\"cs\",\"potentialAction\":[{\"@type\":\"ReadAction\",\"target\":[\"https:\\\/\\\/aztex.ee\\\/cs\\\/pood\\\/polstare\\\/perovy-polstar\\\/\"]}]},{\"@type\":\"ImageObject\",\"inLanguage\":\"cs\",\"@id\":\"https:\\\/\\\/aztex.ee\\\/cs\\\/pood\\\/polstare\\\/perovy-polstar\\\/#primaryimage\",\"url\":\"https:\\\/\\\/aztex.ee\\\/wp-content\\\/uploads\\\/2025\\\/09\\\/Hanesulgedest-padi.jpg\",\"contentUrl\":\"https:\\\/\\\/aztex.ee\\\/wp-content\\\/uploads\\\/2025\\\/09\\\/Hanesulgedest-padi.jpg\",\"width\":800,\"height\":800,\"caption\":\"Hanesulgedest padi\"},{\"@type\":\"BreadcrumbList\",\"@id\":\"https:\\\/\\\/aztex.ee\\\/cs\\\/pood\\\/polstare\\\/perovy-polstar\\\/#breadcrumb\",\"itemListElement\":[{\"@type\":\"ListItem\",\"position\":1,\"name\":\"Dom\u016f\",\"item\":\"https:\\\/\\\/aztex.ee\\\/cs\\\/\"},{\"@type\":\"ListItem\",\"position\":2,\"name\":\"Obchod\",\"item\":\"https:\\\/\\\/aztex.ee\\\/cs\\\/obchod\\\/\"},{\"@type\":\"ListItem\",\"position\":3,\"name\":\"P\u00e9\u0159ov\u00fd pol\u0161t\u00e1\u0159\"}]},{\"@type\":\"WebSite\",\"@id\":\"https:\\\/\\\/aztex.ee\\\/cs\\\/#website\",\"url\":\"https:\\\/\\\/aztex.ee\\\/cs\\\/\",\"name\":\"AZTEX\",\"description\":\"\",\"publisher\":{\"@id\":\"https:\\\/\\\/aztex.ee\\\/cs\\\/#organization\"},\"potentialAction\":[{\"@type\":\"SearchAction\",\"target\":{\"@type\":\"EntryPoint\",\"urlTemplate\":\"https:\\\/\\\/aztex.ee\\\/cs\\\/?s={search_term_string}\"},\"query-input\":{\"@type\":\"PropertyValueSpecification\",\"valueRequired\":true,\"valueName\":\"search_term_string\"}}],\"inLanguage\":\"cs\"},{\"@type\":\"Organization\",\"@id\":\"https:\\\/\\\/aztex.ee\\\/cs\\\/#organization\",\"name\":\"AZTEX\",\"url\":\"https:\\\/\\\/aztex.ee\\\/cs\\\/\",\"logo\":{\"@type\":\"ImageObject\",\"inLanguage\":\"cs\",\"@id\":\"https:\\\/\\\/aztex.ee\\\/cs\\\/#\\\/schema\\\/logo\\\/image\\\/\",\"url\":\"https:\\\/\\\/aztex.ee\\\/wp-content\\\/uploads\\\/2026\\\/01\\\/AZTEX.png\",\"contentUrl\":\"https:\\\/\\\/aztex.ee\\\/wp-content\\\/uploads\\\/2026\\\/01\\\/AZTEX.png\",\"width\":500,\"height\":500,\"caption\":\"AZTEX\"},\"image\":{\"@id\":\"https:\\\/\\\/aztex.ee\\\/cs\\\/#\\\/schema\\\/logo\\\/image\\\/\"},\"sameAs\":[\"https:\\\/\\\/www.facebook.com\\\/AztexEE\",\"https:\\\/\\\/www.instagram.com\\\/aztexeesti\\\/\",\"https:\\\/\\\/www.youtube.com\\\/@AZTEXEE\",\"https:\\\/\\\/www.pinterest.com\\\/aztex_eesti\\\/\",\"https:\\\/\\\/www.tiktok.com\\\/@aztexeesti\",\"https:\\\/\\\/www.trustpilot.com\\\/review\\\/aztex.ee\",\"https:\\\/\\\/www.linkedin.com\\\/company\\\/aztex-ee\\\/\",\"https:\\\/\\\/www.wikidata.org\\\/wiki\\\/Q137560182\"]}]}<\/script>\n<!-- \/ Yoast SEO plugin. -->","yoast_head_json":{"title":"Pol\u0161t\u00e1\u0159 z hus\u00edho pe\u0159\u00ed | AZTEX","description":"P\u00e9\u0159ov\u00fd pol\u0161t\u00e1\u0159 p\u0159in\u00e1\u0161\u00ed do lo\u017enice p\u0159irozen\u00e9 pohodl\u00ed a trvalou kvalitu. M\u011bkk\u00e1, nad\u00fdchan\u00e1 a prody\u0161n\u00e1 v\u00fdpl\u0148 zaji\u0161\u0165uje hlubok\u00fd a klidn\u00fd sp\u00e1nek.","robots":{"index":"index","follow":"follow","max-snippet":"max-snippet:-1","max-image-preview":"max-image-preview:large","max-video-preview":"max-video-preview:-1"},"canonical":"https:\/\/aztex.ee\/cs\/pood\/polstare\/perovy-polstar\/","og_locale":"cs_CZ","og_type":"article","og_title":"Pol\u0161t\u00e1\u0159 z hus\u00edho pe\u0159\u00ed | AZTEX","og_description":"P\u00e9\u0159ov\u00fd pol\u0161t\u00e1\u0159 p\u0159in\u00e1\u0161\u00ed do lo\u017enice p\u0159irozen\u00e9 pohodl\u00ed a trvalou kvalitu. M\u011bkk\u00e1, nad\u00fdchan\u00e1 a prody\u0161n\u00e1 v\u00fdpl\u0148 zaji\u0161\u0165uje hlubok\u00fd a klidn\u00fd sp\u00e1nek.","og_url":"https:\/\/aztex.ee\/cs\/pood\/polstare\/perovy-polstar\/","og_site_name":"AZTEX","article_publisher":"https:\/\/www.facebook.com\/AztexEE","article_modified_time":"2026-05-14T17:30:21+00:00","og_image":[{"width":800,"height":800,"url":"https:\/\/aztex.ee\/wp-content\/uploads\/2025\/09\/Hanesulgedest-padi.jpg","type":"image\/jpeg"}],"twitter_card":"summary_large_image","twitter_misc":{"Odhadovan\u00e1 doba \u010dten\u00ed":"3 minuta"},"schema":{"@context":"https:\/\/schema.org","@graph":[{"@type":["WebPage","ItemPage"],"@id":"https:\/\/aztex.ee\/cs\/pood\/polstare\/perovy-polstar\/","url":"https:\/\/aztex.ee\/cs\/pood\/polstare\/perovy-polstar\/","name":"Pol\u0161t\u00e1\u0159 z hus\u00edho pe\u0159\u00ed | AZTEX","isPartOf":{"@id":"https:\/\/aztex.ee\/cs\/#website"},"primaryImageOfPage":{"@id":"https:\/\/aztex.ee\/cs\/pood\/polstare\/perovy-polstar\/#primaryimage"},"image":{"@id":"https:\/\/aztex.ee\/cs\/pood\/polstare\/perovy-polstar\/#primaryimage"},"thumbnailUrl":"https:\/\/aztex.ee\/wp-content\/uploads\/2025\/09\/Hanesulgedest-padi.jpg","datePublished":"2025-09-11T11:11:59+00:00","dateModified":"2026-05-14T17:30:21+00:00","description":"P\u00e9\u0159ov\u00fd pol\u0161t\u00e1\u0159 p\u0159in\u00e1\u0161\u00ed do lo\u017enice p\u0159irozen\u00e9 pohodl\u00ed a trvalou kvalitu. M\u011bkk\u00e1, nad\u00fdchan\u00e1 a prody\u0161n\u00e1 v\u00fdpl\u0148 zaji\u0161\u0165uje hlubok\u00fd a klidn\u00fd sp\u00e1nek.","breadcrumb":{"@id":"https:\/\/aztex.ee\/cs\/pood\/polstare\/perovy-polstar\/#breadcrumb"},"inLanguage":"cs","potentialAction":[{"@type":"ReadAction","target":["https:\/\/aztex.ee\/cs\/pood\/polstare\/perovy-polstar\/"]}]},{"@type":"ImageObject","inLanguage":"cs","@id":"https:\/\/aztex.ee\/cs\/pood\/polstare\/perovy-polstar\/#primaryimage","url":"https:\/\/aztex.ee\/wp-content\/uploads\/2025\/09\/Hanesulgedest-padi.jpg","contentUrl":"https:\/\/aztex.ee\/wp-content\/uploads\/2025\/09\/Hanesulgedest-padi.jpg","width":800,"height":800,"caption":"Hanesulgedest padi"},{"@type":"BreadcrumbList","@id":"https:\/\/aztex.ee\/cs\/pood\/polstare\/perovy-polstar\/#breadcrumb","itemListElement":[{"@type":"ListItem","position":1,"name":"Dom\u016f","item":"https:\/\/aztex.ee\/cs\/"},{"@type":"ListItem","position":2,"name":"Obchod","item":"https:\/\/aztex.ee\/cs\/obchod\/"},{"@type":"ListItem","position":3,"name":"P\u00e9\u0159ov\u00fd pol\u0161t\u00e1\u0159"}]},{"@type":"WebSite","@id":"https:\/\/aztex.ee\/cs\/#website","url":"https:\/\/aztex.ee\/cs\/","name":"AZTEX","description":"","publisher":{"@id":"https:\/\/aztex.ee\/cs\/#organization"},"potentialAction":[{"@type":"SearchAction","target":{"@type":"EntryPoint","urlTemplate":"https:\/\/aztex.ee\/cs\/?s={search_term_string}"},"query-input":{"@type":"PropertyValueSpecification","valueRequired":true,"valueName":"search_term_string"}}],"inLanguage":"cs"},{"@type":"Organization","@id":"https:\/\/aztex.ee\/cs\/#organization","name":"AZTEX","url":"https:\/\/aztex.ee\/cs\/","logo":{"@type":"ImageObject","inLanguage":"cs","@id":"https:\/\/aztex.ee\/cs\/#\/schema\/logo\/image\/","url":"https:\/\/aztex.ee\/wp-content\/uploads\/2026\/01\/AZTEX.png","contentUrl":"https:\/\/aztex.ee\/wp-content\/uploads\/2026\/01\/AZTEX.png","width":500,"height":500,"caption":"AZTEX"},"image":{"@id":"https:\/\/aztex.ee\/cs\/#\/schema\/logo\/image\/"},"sameAs":["https:\/\/www.facebook.com\/AztexEE","https:\/\/www.instagram.com\/aztexeesti\/","https:\/\/www.youtube.com\/@AZTEXEE","https:\/\/www.pinterest.com\/aztex_eesti\/","https:\/\/www.tiktok.com\/@aztexeesti","https:\/\/www.trustpilot.com\/review\/aztex.ee","https:\/\/www.linkedin.com\/company\/aztex-ee\/","https:\/\/www.wikidata.org\/wiki\/Q137560182"]}]}},"_links":{"self":[{"href":"https:\/\/aztex.ee\/cs\/wp-json\/wp\/v2\/product\/94138","targetHints":{"allow":["GET"]}}],"collection":[{"href":"https:\/\/aztex.ee\/cs\/wp-json\/wp\/v2\/product"}],"about":[{"href":"https:\/\/aztex.ee\/cs\/wp-json\/wp\/v2\/types\/product"}],"replies":[{"embeddable":true,"href":"https:\/\/aztex.ee\/cs\/wp-json\/wp\/v2\/comments?post=94138"}],"version-history":[{"count":0,"href":"https:\/\/aztex.ee\/cs\/wp-json\/wp\/v2\/product\/94138\/revisions"}],"wp:featuredmedia":[{"embeddable":true,"href":"https:\/\/aztex.ee\/cs\/wp-json\/wp\/v2\/media\/94134"}],"wp:attachment":[{"href":"https:\/\/aztex.ee\/cs\/wp-json\/wp\/v2\/media?parent=94138"}],"wp:term":[{"taxonomy":"product_brand","embeddable":true,"href":"https:\/\/aztex.ee\/cs\/wp-json\/wp\/v2\/product_brand?post=94138"},{"taxonomy":"product_cat","embeddable":true,"href":"https:\/\/aztex.ee\/cs\/wp-json\/wp\/v2\/product_cat?post=94138"},{"taxonomy":"product_tag","embeddable":true,"href":"https:\/\/aztex.ee\/cs\/wp-json\/wp\/v2\/product_tag?post=94138"}],"curies":[{"name":"wp","href":"https:\/\/api.w.org\/{rel}","templated":true}]}}