{"id":91462,"date":"2025-08-16T00:37:50","date_gmt":"2025-08-16T00:37:50","guid":{"rendered":"https:\/\/aztex.ee\/?post_type=product&#038;p=91462"},"modified":"2025-12-17T01:19:42","modified_gmt":"2025-12-17T01:19:42","slug":"luxusni-konopne-povleceni-seda","status":"publish","type":"product","link":"https:\/\/aztex.ee\/cs\/pood\/povleceni\/luxusni-konopne-povleceni-seda\/","title":{"rendered":"Luxusn\u00ed konopn\u00e9 povle\u010den\u00ed | \u0160ed\u00e1"},"content":{"rendered":"<p>Konopn\u00e9 povle\u010den\u00ed je ekologick\u00e1 a odoln\u00e1 volba. Vyr\u00e1b\u00ed se z p\u0159\u00edrodn\u00edch vl\u00e1ken rostliny konop\u00ed, kter\u00e1 maj\u00ed \u0159adu v\u00fdhod. Konopn\u00e1 vl\u00e1kna jsou velmi pevn\u00e1 a odoln\u00e1, tak\u017ee konopn\u00e9 povle\u010den\u00ed vydr\u017e\u00ed d\u00e9le ne\u017e v\u011bt\u0161ina ostatn\u00edch l\u00e1tek a bude m\u011bk\u010d\u00ed a pohodln\u011bj\u0161\u00ed s ka\u017ed\u00fdm pran\u00edm.<\/p>\n<p>Konopn\u00e9 povle\u010den\u00ed m\u00e1 p\u0159irozen\u00e9 antibakteri\u00e1ln\u00ed vlastnosti, d\u00edky kter\u00fdm je hygienick\u00e9 a pom\u00e1h\u00e1 sni\u017eovat mno\u017estv\u00ed bakteri\u00ed a alergen\u016f ve va\u0161\u00ed posteli. Toto povle\u010den\u00ed je skv\u011bl\u00e9 pro alergie nebo ko\u017en\u00ed onemocn\u011bn\u00ed a poskytuje hygieni\u010dt\u011bj\u0161\u00ed sp\u00e1nek. Jeliko\u017e je konop\u00ed pova\u017eov\u00e1no za hypoalergenn\u00ed materi\u00e1l, konopn\u00e1 podest\u00fdlka obvykle nevyvol\u00e1v\u00e1 alergick\u00e9 reakce.<\/p>\n<p>\u2013 Konopn\u00e9 povle\u010den\u00ed se snadno udr\u017euje, konop\u00ed lze pr\u00e1t v pra\u010dce a rychle schne.<br \/>\n\u2013 Konopn\u00e9 povle\u010den\u00ed perte nejl\u00e9pe ve vla\u017en\u00e9 vod\u011b, povle\u010den\u00ed tak vydr\u017e\u00ed d\u00e9le sv\u011b\u017e\u00ed a kr\u00e1sn\u00e9. Teplota vody by m\u011bla b\u00fdt 30-40 \u2103.<br \/>\n\u2013 Doporu\u010duje se su\u0161en\u00ed n\u00edzkou rychlost\u00ed, aby se l\u00e1tka neroztrhla.<br \/>\n\u2013 P\u0159irozen\u00fd vzhled konop\u00ed je m\u00edrn\u011b vr\u00e1s\u010dit\u00fd. Pokud v\u0161ak chcete m\u00edt povle\u010den\u00ed hladk\u00e9, m\u016f\u017eete je \u017eehlit na m\u00edrn\u00e9m ohni.<\/p>\n<p>Konopn\u00e9 povlaky na pe\u0159iny jsou baleny v s\u00e1\u010dku ze stejn\u00e9 l\u00e1tky.<\/p>\n","protected":false},"excerpt":{"rendered":"<p>100% konopn\u00fd povlak na p\u0159ikr\u00fdvku je hypoalergenn\u00ed a antibakteri\u00e1ln\u00ed.<\/p>\n<ul>\n<li>Barva: \u0160ed\u00e1<\/li>\n<li>Materi\u00e1l: 100% Konop\u00ed, 180 g\/m\u00b2<\/li>\n<li>Povlak na pe\u0159inu: 200\u00d7220 cm<\/li>\n<li>Povlak na pol\u0161t\u00e1\u0159: 50\u00d770 cm (2 ks)<\/li>\n<\/ul>\n<p><img loading=\"lazy\" decoding=\"async\" class=\"alignnone size-full wp-image-20226\" src=\"https:\/\/aztex.ee\/wp-content\/uploads\/2024\/09\/oekotex100.png\" alt=\"\" width=\"204\" height=\"72\" srcset=\"https:\/\/aztex.ee\/wp-content\/uploads\/2024\/09\/oekotex100.png 204w, https:\/\/aztex.ee\/wp-content\/uploads\/2024\/09\/oekotex100-150x53.png 150w\" sizes=\"auto, (max-width: 204px) 100vw, 204px\" \/><img loading=\"lazy\" decoding=\"async\" class=\"alignnone wp-image-20896\" src=\"https:\/\/aztex.ee\/wp-content\/uploads\/2024\/09\/NATURALHEMP.png\" alt=\"\" width=\"79\" height=\"79\" srcset=\"https:\/\/aztex.ee\/wp-content\/uploads\/2024\/09\/NATURALHEMP.png 300w, https:\/\/aztex.ee\/wp-content\/uploads\/2024\/09\/NATURALHEMP-150x150.png 150w\" sizes=\"auto, (max-width: 79px) 100vw, 79px\" \/><\/p>\n","protected":false},"featured_media":91484,"comment_status":"open","ping_status":"closed","template":"","meta":[],"product_brand":[],"product_cat":[362,360,417,494],"product_tag":[],"class_list":{"0":"post-91462","1":"product","2":"type-product","3":"status-publish","4":"has-post-thumbnail","6":"product_cat-konopne-povleceni","7":"product_cat-povleceni","8":"product_cat-povleceni-z-konopi","9":"product_cat-sady-povleceni","11":"first","12":"outofstock","13":"sale","14":"shipping-taxable","15":"purchasable","16":"product-type-simple"},"yoast_head":"<!-- This site is optimized with the Yoast SEO plugin v27.3 - https:\/\/yoast.com\/product\/yoast-seo-wordpress\/ -->\n<title>Luxusn\u00ed konopn\u00e9 povle\u010den\u00ed na p\u0159ikr\u00fdvku - \u0160ed\u00e1 | AZTEX<\/title>\n<meta name=\"description\" content=\"Povle\u010den\u00ed z organick\u00e9ho konop\u00ed vytv\u00e1\u0159\u00ed obzvl\u00e1\u0161t\u011b luxusn\u00ed a p\u0159irozen\u00e9 prost\u0159ed\u00ed pro span\u00ed v ka\u017ed\u00e9m ro\u010dn\u00edm obdob\u00ed d\u00edky antibakteri\u00e1ln\u00edm vlastnostem a m\u011bkk\u00e9, prody\u0161n\u00e9 textu\u0159e.\" \/>\n<meta name=\"robots\" content=\"index, follow, max-snippet:-1, max-image-preview:large, max-video-preview:-1\" \/>\n<link rel=\"canonical\" href=\"https:\/\/aztex.ee\/cs\/pood\/povleceni\/luxusni-konopne-povleceni-seda\/\" \/>\n<meta property=\"og:locale\" content=\"cs_CZ\" \/>\n<meta property=\"og:type\" content=\"article\" \/>\n<meta property=\"og:title\" content=\"Luxusn\u00ed konopn\u00e9 povle\u010den\u00ed na p\u0159ikr\u00fdvku - \u0160ed\u00e1 | AZTEX\" \/>\n<meta property=\"og:description\" content=\"Povle\u010den\u00ed z organick\u00e9ho konop\u00ed vytv\u00e1\u0159\u00ed obzvl\u00e1\u0161t\u011b luxusn\u00ed a p\u0159irozen\u00e9 prost\u0159ed\u00ed pro span\u00ed v ka\u017ed\u00e9m ro\u010dn\u00edm obdob\u00ed d\u00edky antibakteri\u00e1ln\u00edm vlastnostem a m\u011bkk\u00e9, prody\u0161n\u00e9 textu\u0159e.\" \/>\n<meta property=\"og:url\" content=\"https:\/\/aztex.ee\/cs\/pood\/povleceni\/luxusni-konopne-povleceni-seda\/\" \/>\n<meta property=\"og:site_name\" content=\"AZTEX\" \/>\n<meta property=\"article:publisher\" content=\"https:\/\/www.facebook.com\/AztexEE\" \/>\n<meta property=\"article:modified_time\" content=\"2025-12-17T01:19:42+00:00\" \/>\n<meta property=\"og:image\" content=\"https:\/\/aztex.ee\/wp-content\/uploads\/2025\/08\/Kanepist-voodipesukomplekt-Hall.jpg\" \/>\n\t<meta property=\"og:image:width\" content=\"800\" \/>\n\t<meta property=\"og:image:height\" content=\"800\" \/>\n\t<meta property=\"og:image:type\" content=\"image\/jpeg\" \/>\n<meta name=\"twitter:card\" content=\"summary_large_image\" \/>\n<meta name=\"twitter:label1\" content=\"Odhadovan\u00e1 doba \u010dten\u00ed\" \/>\n\t<meta name=\"twitter:data1\" content=\"2 minuta\" \/>\n<script type=\"application\/ld+json\" class=\"yoast-schema-graph\">{\"@context\":\"https:\\\/\\\/schema.org\",\"@graph\":[{\"@type\":[\"WebPage\",\"ItemPage\"],\"@id\":\"https:\\\/\\\/aztex.ee\\\/cs\\\/pood\\\/povleceni\\\/luxusni-konopne-povleceni-seda\\\/\",\"url\":\"https:\\\/\\\/aztex.ee\\\/cs\\\/pood\\\/povleceni\\\/luxusni-konopne-povleceni-seda\\\/\",\"name\":\"Luxusn\u00ed konopn\u00e9 povle\u010den\u00ed na p\u0159ikr\u00fdvku - \u0160ed\u00e1 | AZTEX\",\"isPartOf\":{\"@id\":\"https:\\\/\\\/aztex.ee\\\/cs\\\/#website\"},\"primaryImageOfPage\":{\"@id\":\"https:\\\/\\\/aztex.ee\\\/cs\\\/pood\\\/povleceni\\\/luxusni-konopne-povleceni-seda\\\/#primaryimage\"},\"image\":{\"@id\":\"https:\\\/\\\/aztex.ee\\\/cs\\\/pood\\\/povleceni\\\/luxusni-konopne-povleceni-seda\\\/#primaryimage\"},\"thumbnailUrl\":\"https:\\\/\\\/aztex.ee\\\/wp-content\\\/uploads\\\/2025\\\/08\\\/Kanepist-voodipesukomplekt-Hall.jpg\",\"datePublished\":\"2025-08-16T00:37:50+00:00\",\"dateModified\":\"2025-12-17T01:19:42+00:00\",\"description\":\"Povle\u010den\u00ed z organick\u00e9ho konop\u00ed vytv\u00e1\u0159\u00ed obzvl\u00e1\u0161t\u011b luxusn\u00ed a p\u0159irozen\u00e9 prost\u0159ed\u00ed pro span\u00ed v ka\u017ed\u00e9m ro\u010dn\u00edm obdob\u00ed d\u00edky antibakteri\u00e1ln\u00edm vlastnostem a m\u011bkk\u00e9, prody\u0161n\u00e9 textu\u0159e.\",\"breadcrumb\":{\"@id\":\"https:\\\/\\\/aztex.ee\\\/cs\\\/pood\\\/povleceni\\\/luxusni-konopne-povleceni-seda\\\/#breadcrumb\"},\"inLanguage\":\"cs\",\"potentialAction\":[{\"@type\":\"ReadAction\",\"target\":[\"https:\\\/\\\/aztex.ee\\\/cs\\\/pood\\\/povleceni\\\/luxusni-konopne-povleceni-seda\\\/\"]}]},{\"@type\":\"ImageObject\",\"inLanguage\":\"cs\",\"@id\":\"https:\\\/\\\/aztex.ee\\\/cs\\\/pood\\\/povleceni\\\/luxusni-konopne-povleceni-seda\\\/#primaryimage\",\"url\":\"https:\\\/\\\/aztex.ee\\\/wp-content\\\/uploads\\\/2025\\\/08\\\/Kanepist-voodipesukomplekt-Hall.jpg\",\"contentUrl\":\"https:\\\/\\\/aztex.ee\\\/wp-content\\\/uploads\\\/2025\\\/08\\\/Kanepist-voodipesukomplekt-Hall.jpg\",\"width\":800,\"height\":800,\"caption\":\"Kanepist voodipesukomplekt Hall\"},{\"@type\":\"BreadcrumbList\",\"@id\":\"https:\\\/\\\/aztex.ee\\\/cs\\\/pood\\\/povleceni\\\/luxusni-konopne-povleceni-seda\\\/#breadcrumb\",\"itemListElement\":[{\"@type\":\"ListItem\",\"position\":1,\"name\":\"Dom\u016f\",\"item\":\"https:\\\/\\\/aztex.ee\\\/cs\\\/\"},{\"@type\":\"ListItem\",\"position\":2,\"name\":\"Obchod\",\"item\":\"https:\\\/\\\/aztex.ee\\\/cs\\\/obchod\\\/\"},{\"@type\":\"ListItem\",\"position\":3,\"name\":\"Luxusn\u00ed konopn\u00e9 povle\u010den\u00ed | \u0160ed\u00e1\"}]},{\"@type\":\"WebSite\",\"@id\":\"https:\\\/\\\/aztex.ee\\\/cs\\\/#website\",\"url\":\"https:\\\/\\\/aztex.ee\\\/cs\\\/\",\"name\":\"AZTEX\",\"description\":\"\",\"publisher\":{\"@id\":\"https:\\\/\\\/aztex.ee\\\/cs\\\/#organization\"},\"potentialAction\":[{\"@type\":\"SearchAction\",\"target\":{\"@type\":\"EntryPoint\",\"urlTemplate\":\"https:\\\/\\\/aztex.ee\\\/cs\\\/?s={search_term_string}\"},\"query-input\":{\"@type\":\"PropertyValueSpecification\",\"valueRequired\":true,\"valueName\":\"search_term_string\"}}],\"inLanguage\":\"cs\"},{\"@type\":\"Organization\",\"@id\":\"https:\\\/\\\/aztex.ee\\\/cs\\\/#organization\",\"name\":\"AZTEX\",\"url\":\"https:\\\/\\\/aztex.ee\\\/cs\\\/\",\"logo\":{\"@type\":\"ImageObject\",\"inLanguage\":\"cs\",\"@id\":\"https:\\\/\\\/aztex.ee\\\/cs\\\/#\\\/schema\\\/logo\\\/image\\\/\",\"url\":\"https:\\\/\\\/aztex.ee\\\/wp-content\\\/uploads\\\/2026\\\/01\\\/AZTEX.png\",\"contentUrl\":\"https:\\\/\\\/aztex.ee\\\/wp-content\\\/uploads\\\/2026\\\/01\\\/AZTEX.png\",\"width\":500,\"height\":500,\"caption\":\"AZTEX\"},\"image\":{\"@id\":\"https:\\\/\\\/aztex.ee\\\/cs\\\/#\\\/schema\\\/logo\\\/image\\\/\"},\"sameAs\":[\"https:\\\/\\\/www.facebook.com\\\/AztexEE\",\"https:\\\/\\\/www.instagram.com\\\/aztexeesti\\\/\",\"https:\\\/\\\/www.youtube.com\\\/@AZTEXEE\",\"https:\\\/\\\/www.pinterest.com\\\/aztex_eesti\\\/\",\"https:\\\/\\\/www.tiktok.com\\\/@aztexeesti\",\"https:\\\/\\\/www.trustpilot.com\\\/review\\\/aztex.ee\",\"https:\\\/\\\/www.linkedin.com\\\/company\\\/aztex-ee\\\/\",\"https:\\\/\\\/www.wikidata.org\\\/wiki\\\/Q137560182\"]}]}<\/script>\n<!-- \/ Yoast SEO plugin. -->","yoast_head_json":{"title":"Luxusn\u00ed konopn\u00e9 povle\u010den\u00ed na p\u0159ikr\u00fdvku - \u0160ed\u00e1 | AZTEX","description":"Povle\u010den\u00ed z organick\u00e9ho konop\u00ed vytv\u00e1\u0159\u00ed obzvl\u00e1\u0161t\u011b luxusn\u00ed a p\u0159irozen\u00e9 prost\u0159ed\u00ed pro span\u00ed v ka\u017ed\u00e9m ro\u010dn\u00edm obdob\u00ed d\u00edky antibakteri\u00e1ln\u00edm vlastnostem a m\u011bkk\u00e9, prody\u0161n\u00e9 textu\u0159e.","robots":{"index":"index","follow":"follow","max-snippet":"max-snippet:-1","max-image-preview":"max-image-preview:large","max-video-preview":"max-video-preview:-1"},"canonical":"https:\/\/aztex.ee\/cs\/pood\/povleceni\/luxusni-konopne-povleceni-seda\/","og_locale":"cs_CZ","og_type":"article","og_title":"Luxusn\u00ed konopn\u00e9 povle\u010den\u00ed na p\u0159ikr\u00fdvku - \u0160ed\u00e1 | AZTEX","og_description":"Povle\u010den\u00ed z organick\u00e9ho konop\u00ed vytv\u00e1\u0159\u00ed obzvl\u00e1\u0161t\u011b luxusn\u00ed a p\u0159irozen\u00e9 prost\u0159ed\u00ed pro span\u00ed v ka\u017ed\u00e9m ro\u010dn\u00edm obdob\u00ed d\u00edky antibakteri\u00e1ln\u00edm vlastnostem a m\u011bkk\u00e9, prody\u0161n\u00e9 textu\u0159e.","og_url":"https:\/\/aztex.ee\/cs\/pood\/povleceni\/luxusni-konopne-povleceni-seda\/","og_site_name":"AZTEX","article_publisher":"https:\/\/www.facebook.com\/AztexEE","article_modified_time":"2025-12-17T01:19:42+00:00","og_image":[{"width":800,"height":800,"url":"https:\/\/aztex.ee\/wp-content\/uploads\/2025\/08\/Kanepist-voodipesukomplekt-Hall.jpg","type":"image\/jpeg"}],"twitter_card":"summary_large_image","twitter_misc":{"Odhadovan\u00e1 doba \u010dten\u00ed":"2 minuta"},"schema":{"@context":"https:\/\/schema.org","@graph":[{"@type":["WebPage","ItemPage"],"@id":"https:\/\/aztex.ee\/cs\/pood\/povleceni\/luxusni-konopne-povleceni-seda\/","url":"https:\/\/aztex.ee\/cs\/pood\/povleceni\/luxusni-konopne-povleceni-seda\/","name":"Luxusn\u00ed konopn\u00e9 povle\u010den\u00ed na p\u0159ikr\u00fdvku - \u0160ed\u00e1 | AZTEX","isPartOf":{"@id":"https:\/\/aztex.ee\/cs\/#website"},"primaryImageOfPage":{"@id":"https:\/\/aztex.ee\/cs\/pood\/povleceni\/luxusni-konopne-povleceni-seda\/#primaryimage"},"image":{"@id":"https:\/\/aztex.ee\/cs\/pood\/povleceni\/luxusni-konopne-povleceni-seda\/#primaryimage"},"thumbnailUrl":"https:\/\/aztex.ee\/wp-content\/uploads\/2025\/08\/Kanepist-voodipesukomplekt-Hall.jpg","datePublished":"2025-08-16T00:37:50+00:00","dateModified":"2025-12-17T01:19:42+00:00","description":"Povle\u010den\u00ed z organick\u00e9ho konop\u00ed vytv\u00e1\u0159\u00ed obzvl\u00e1\u0161t\u011b luxusn\u00ed a p\u0159irozen\u00e9 prost\u0159ed\u00ed pro span\u00ed v ka\u017ed\u00e9m ro\u010dn\u00edm obdob\u00ed d\u00edky antibakteri\u00e1ln\u00edm vlastnostem a m\u011bkk\u00e9, prody\u0161n\u00e9 textu\u0159e.","breadcrumb":{"@id":"https:\/\/aztex.ee\/cs\/pood\/povleceni\/luxusni-konopne-povleceni-seda\/#breadcrumb"},"inLanguage":"cs","potentialAction":[{"@type":"ReadAction","target":["https:\/\/aztex.ee\/cs\/pood\/povleceni\/luxusni-konopne-povleceni-seda\/"]}]},{"@type":"ImageObject","inLanguage":"cs","@id":"https:\/\/aztex.ee\/cs\/pood\/povleceni\/luxusni-konopne-povleceni-seda\/#primaryimage","url":"https:\/\/aztex.ee\/wp-content\/uploads\/2025\/08\/Kanepist-voodipesukomplekt-Hall.jpg","contentUrl":"https:\/\/aztex.ee\/wp-content\/uploads\/2025\/08\/Kanepist-voodipesukomplekt-Hall.jpg","width":800,"height":800,"caption":"Kanepist voodipesukomplekt Hall"},{"@type":"BreadcrumbList","@id":"https:\/\/aztex.ee\/cs\/pood\/povleceni\/luxusni-konopne-povleceni-seda\/#breadcrumb","itemListElement":[{"@type":"ListItem","position":1,"name":"Dom\u016f","item":"https:\/\/aztex.ee\/cs\/"},{"@type":"ListItem","position":2,"name":"Obchod","item":"https:\/\/aztex.ee\/cs\/obchod\/"},{"@type":"ListItem","position":3,"name":"Luxusn\u00ed konopn\u00e9 povle\u010den\u00ed | \u0160ed\u00e1"}]},{"@type":"WebSite","@id":"https:\/\/aztex.ee\/cs\/#website","url":"https:\/\/aztex.ee\/cs\/","name":"AZTEX","description":"","publisher":{"@id":"https:\/\/aztex.ee\/cs\/#organization"},"potentialAction":[{"@type":"SearchAction","target":{"@type":"EntryPoint","urlTemplate":"https:\/\/aztex.ee\/cs\/?s={search_term_string}"},"query-input":{"@type":"PropertyValueSpecification","valueRequired":true,"valueName":"search_term_string"}}],"inLanguage":"cs"},{"@type":"Organization","@id":"https:\/\/aztex.ee\/cs\/#organization","name":"AZTEX","url":"https:\/\/aztex.ee\/cs\/","logo":{"@type":"ImageObject","inLanguage":"cs","@id":"https:\/\/aztex.ee\/cs\/#\/schema\/logo\/image\/","url":"https:\/\/aztex.ee\/wp-content\/uploads\/2026\/01\/AZTEX.png","contentUrl":"https:\/\/aztex.ee\/wp-content\/uploads\/2026\/01\/AZTEX.png","width":500,"height":500,"caption":"AZTEX"},"image":{"@id":"https:\/\/aztex.ee\/cs\/#\/schema\/logo\/image\/"},"sameAs":["https:\/\/www.facebook.com\/AztexEE","https:\/\/www.instagram.com\/aztexeesti\/","https:\/\/www.youtube.com\/@AZTEXEE","https:\/\/www.pinterest.com\/aztex_eesti\/","https:\/\/www.tiktok.com\/@aztexeesti","https:\/\/www.trustpilot.com\/review\/aztex.ee","https:\/\/www.linkedin.com\/company\/aztex-ee\/","https:\/\/www.wikidata.org\/wiki\/Q137560182"]}]}},"_links":{"self":[{"href":"https:\/\/aztex.ee\/cs\/wp-json\/wp\/v2\/product\/91462","targetHints":{"allow":["GET"]}}],"collection":[{"href":"https:\/\/aztex.ee\/cs\/wp-json\/wp\/v2\/product"}],"about":[{"href":"https:\/\/aztex.ee\/cs\/wp-json\/wp\/v2\/types\/product"}],"replies":[{"embeddable":true,"href":"https:\/\/aztex.ee\/cs\/wp-json\/wp\/v2\/comments?post=91462"}],"version-history":[{"count":0,"href":"https:\/\/aztex.ee\/cs\/wp-json\/wp\/v2\/product\/91462\/revisions"}],"wp:featuredmedia":[{"embeddable":true,"href":"https:\/\/aztex.ee\/cs\/wp-json\/wp\/v2\/media\/91484"}],"wp:attachment":[{"href":"https:\/\/aztex.ee\/cs\/wp-json\/wp\/v2\/media?parent=91462"}],"wp:term":[{"taxonomy":"product_brand","embeddable":true,"href":"https:\/\/aztex.ee\/cs\/wp-json\/wp\/v2\/product_brand?post=91462"},{"taxonomy":"product_cat","embeddable":true,"href":"https:\/\/aztex.ee\/cs\/wp-json\/wp\/v2\/product_cat?post=91462"},{"taxonomy":"product_tag","embeddable":true,"href":"https:\/\/aztex.ee\/cs\/wp-json\/wp\/v2\/product_tag?post=91462"}],"curies":[{"name":"wp","href":"https:\/\/api.w.org\/{rel}","templated":true}]}}