{"id":91149,"date":"2025-08-15T15:44:39","date_gmt":"2025-08-15T15:44:39","guid":{"rendered":"https:\/\/aztex.ee\/?post_type=product&#038;p=91149"},"modified":"2025-08-15T16:11:43","modified_gmt":"2025-08-15T16:11:43","slug":"konopny-povlak-na-polstar-horcice","status":"publish","type":"product","link":"https:\/\/aztex.ee\/cs\/pood\/konopne-povlaky-na-polstare\/konopny-povlak-na-polstar-horcice\/","title":{"rendered":"Konopn\u00fd povlak na pol\u0161t\u00e1\u0159 | Ho\u0159\u010dice"},"content":{"rendered":"<p>Konopn\u00fd povlak na pol\u0161t\u00e1\u0159 dod\u00e1v\u00e1 ka\u017ed\u00e9 lo\u017enici luxusn\u00ed a modern\u00ed vzhled d\u00edky p\u0159irozenosti konop\u00ed. Tento materi\u00e1l poskytuje povlaku na pol\u0161t\u00e1\u0159 odolnost a dlouhou \u017eivotnost, tak\u017ee je skv\u011blou volbou pro ty, kte\u0159\u00ed preferuj\u00ed ekologick\u00fd \u017eivotn\u00ed styl.<\/p>\n<p>Pou\u017eit\u00ed konopn\u00e9ho povlaku na pol\u0161t\u00e1\u0159 podporuje dobr\u00fd sp\u00e1nek a zlep\u0161uje celkovou pohodu. Antibakteri\u00e1ln\u00ed a alergenn\u00ed vlastnosti konop\u00ed z n\u011bj d\u011blaj\u00ed ide\u00e1ln\u00ed volbu pro alergiky i astmatiky, proto\u017ee konop\u00ed odpuzuje bakterie a udr\u017e\u00ed povlak na pol\u0161t\u00e1\u0159i d\u00e9le \u010dist\u00fd.<\/p>\n","protected":false},"excerpt":{"rendered":"<p>Konopn\u00fd povlak na pol\u0161t\u00e1\u0159 je odoln\u00fd, prody\u0161n\u00fd a \u0161etrn\u00fd k poko\u017ece pro pohodln\u00fd sp\u00e1nek.<\/p>\n<ul>\n<li>Barva: Ho\u0159\u010dice<\/li>\n<li>Materi\u00e1l: 100% Konop\u00ed, 180 g\/m\u00b2<\/li>\n<\/ul>\n<p><img loading=\"lazy\" decoding=\"async\" class=\"alignnone size-full wp-image-20226\" src=\"https:\/\/aztex.ee\/wp-content\/uploads\/2024\/09\/oekotex100.png\" alt=\"\" width=\"204\" height=\"72\" srcset=\"https:\/\/aztex.ee\/wp-content\/uploads\/2024\/09\/oekotex100.png 204w, https:\/\/aztex.ee\/wp-content\/uploads\/2024\/09\/oekotex100-150x53.png 150w\" sizes=\"auto, (max-width: 204px) 100vw, 204px\" \/><img loading=\"lazy\" decoding=\"async\" class=\"alignnone wp-image-20896\" src=\"https:\/\/aztex.ee\/wp-content\/uploads\/2024\/09\/NATURALHEMP.png\" alt=\"\" width=\"79\" height=\"79\" srcset=\"https:\/\/aztex.ee\/wp-content\/uploads\/2024\/09\/NATURALHEMP.png 300w, https:\/\/aztex.ee\/wp-content\/uploads\/2024\/09\/NATURALHEMP-150x150.png 150w\" sizes=\"auto, (max-width: 79px) 100vw, 79px\" \/><\/p>\n","protected":false},"featured_media":91362,"comment_status":"open","ping_status":"closed","template":"","meta":[],"product_brand":[],"product_cat":[454,1770],"product_tag":[],"class_list":{"0":"post-91149","1":"product","2":"type-product","3":"status-publish","4":"has-post-thumbnail","6":"product_cat-konopne-povlaky-na-polstare","7":"product_cat-povlaky-na-polstare","9":"first","10":"instock","11":"shipping-taxable","12":"purchasable","13":"product-type-variable"},"yoast_head":"<!-- This site is optimized with the Yoast SEO plugin v27.3 - https:\/\/yoast.com\/product\/yoast-seo-wordpress\/ -->\n<title>Povlak na pol\u0161t\u00e1\u0159 z konop\u00ed - Ho\u0159\u010dice | AZTEX<\/title>\n<meta name=\"description\" content=\"Povlak na pol\u0161t\u00e1\u0159 z konop\u00ed je m\u011bkk\u00fd, prody\u0161n\u00fd a antibakteri\u00e1ln\u00ed. Udr\u017euje pol\u0161t\u00e1\u0159 sv\u011b\u017e\u00ed, reguluje vlhkost a je vhodn\u00fd i pro citlivou a alergickou poko\u017eku.\" \/>\n<meta name=\"robots\" content=\"index, follow, max-snippet:-1, max-image-preview:large, max-video-preview:-1\" \/>\n<link rel=\"canonical\" href=\"https:\/\/aztex.ee\/cs\/pood\/konopne-povlaky-na-polstare\/konopny-povlak-na-polstar-horcice\/\" \/>\n<meta property=\"og:locale\" content=\"cs_CZ\" \/>\n<meta property=\"og:type\" content=\"article\" \/>\n<meta property=\"og:title\" content=\"Povlak na pol\u0161t\u00e1\u0159 z konop\u00ed - Ho\u0159\u010dice | AZTEX\" \/>\n<meta property=\"og:description\" content=\"Povlak na pol\u0161t\u00e1\u0159 z konop\u00ed je m\u011bkk\u00fd, prody\u0161n\u00fd a antibakteri\u00e1ln\u00ed. Udr\u017euje pol\u0161t\u00e1\u0159 sv\u011b\u017e\u00ed, reguluje vlhkost a je vhodn\u00fd i pro citlivou a alergickou poko\u017eku.\" \/>\n<meta property=\"og:url\" content=\"https:\/\/aztex.ee\/cs\/pood\/konopne-povlaky-na-polstare\/konopny-povlak-na-polstar-horcice\/\" \/>\n<meta property=\"og:site_name\" content=\"AZTEX\" \/>\n<meta property=\"article:publisher\" content=\"https:\/\/www.facebook.com\/AztexEE\" \/>\n<meta property=\"article:modified_time\" content=\"2025-08-15T16:11:43+00:00\" \/>\n<meta property=\"og:image\" content=\"https:\/\/aztex.ee\/wp-content\/uploads\/2025\/08\/Sinep-varv-Kanepist-padjapuur.jpg\" \/>\n\t<meta property=\"og:image:width\" content=\"800\" \/>\n\t<meta property=\"og:image:height\" content=\"800\" \/>\n\t<meta property=\"og:image:type\" content=\"image\/jpeg\" \/>\n<meta name=\"twitter:card\" content=\"summary_large_image\" \/>\n<meta name=\"twitter:label1\" content=\"Odhadovan\u00e1 doba \u010dten\u00ed\" \/>\n\t<meta name=\"twitter:data1\" content=\"1 minuta\" \/>\n<script type=\"application\/ld+json\" class=\"yoast-schema-graph\">{\"@context\":\"https:\\\/\\\/schema.org\",\"@graph\":[{\"@type\":[\"WebPage\",\"ItemPage\"],\"@id\":\"https:\\\/\\\/aztex.ee\\\/cs\\\/pood\\\/konopne-povlaky-na-polstare\\\/konopny-povlak-na-polstar-horcice\\\/\",\"url\":\"https:\\\/\\\/aztex.ee\\\/cs\\\/pood\\\/konopne-povlaky-na-polstare\\\/konopny-povlak-na-polstar-horcice\\\/\",\"name\":\"Povlak na pol\u0161t\u00e1\u0159 z konop\u00ed - Ho\u0159\u010dice | AZTEX\",\"isPartOf\":{\"@id\":\"https:\\\/\\\/aztex.ee\\\/cs\\\/#website\"},\"primaryImageOfPage\":{\"@id\":\"https:\\\/\\\/aztex.ee\\\/cs\\\/pood\\\/konopne-povlaky-na-polstare\\\/konopny-povlak-na-polstar-horcice\\\/#primaryimage\"},\"image\":{\"@id\":\"https:\\\/\\\/aztex.ee\\\/cs\\\/pood\\\/konopne-povlaky-na-polstare\\\/konopny-povlak-na-polstar-horcice\\\/#primaryimage\"},\"thumbnailUrl\":\"https:\\\/\\\/aztex.ee\\\/wp-content\\\/uploads\\\/2025\\\/08\\\/Sinep-varv-Kanepist-padjapuur.jpg\",\"datePublished\":\"2025-08-15T15:44:39+00:00\",\"dateModified\":\"2025-08-15T16:11:43+00:00\",\"description\":\"Povlak na pol\u0161t\u00e1\u0159 z konop\u00ed je m\u011bkk\u00fd, prody\u0161n\u00fd a antibakteri\u00e1ln\u00ed. Udr\u017euje pol\u0161t\u00e1\u0159 sv\u011b\u017e\u00ed, reguluje vlhkost a je vhodn\u00fd i pro citlivou a alergickou poko\u017eku.\",\"breadcrumb\":{\"@id\":\"https:\\\/\\\/aztex.ee\\\/cs\\\/pood\\\/konopne-povlaky-na-polstare\\\/konopny-povlak-na-polstar-horcice\\\/#breadcrumb\"},\"inLanguage\":\"cs\",\"potentialAction\":[{\"@type\":\"ReadAction\",\"target\":[\"https:\\\/\\\/aztex.ee\\\/cs\\\/pood\\\/konopne-povlaky-na-polstare\\\/konopny-povlak-na-polstar-horcice\\\/\"]}]},{\"@type\":\"ImageObject\",\"inLanguage\":\"cs\",\"@id\":\"https:\\\/\\\/aztex.ee\\\/cs\\\/pood\\\/konopne-povlaky-na-polstare\\\/konopny-povlak-na-polstar-horcice\\\/#primaryimage\",\"url\":\"https:\\\/\\\/aztex.ee\\\/wp-content\\\/uploads\\\/2025\\\/08\\\/Sinep-varv-Kanepist-padjapuur.jpg\",\"contentUrl\":\"https:\\\/\\\/aztex.ee\\\/wp-content\\\/uploads\\\/2025\\\/08\\\/Sinep-varv-Kanepist-padjapuur.jpg\",\"width\":800,\"height\":800,\"caption\":\"Sinep v\u00e4rv Kanepist padjap\u00fc\u00fcr\"},{\"@type\":\"BreadcrumbList\",\"@id\":\"https:\\\/\\\/aztex.ee\\\/cs\\\/pood\\\/konopne-povlaky-na-polstare\\\/konopny-povlak-na-polstar-horcice\\\/#breadcrumb\",\"itemListElement\":[{\"@type\":\"ListItem\",\"position\":1,\"name\":\"Dom\u016f\",\"item\":\"https:\\\/\\\/aztex.ee\\\/cs\\\/\"},{\"@type\":\"ListItem\",\"position\":2,\"name\":\"Obchod\",\"item\":\"https:\\\/\\\/aztex.ee\\\/cs\\\/obchod\\\/\"},{\"@type\":\"ListItem\",\"position\":3,\"name\":\"Konopn\u00fd povlak na pol\u0161t\u00e1\u0159 | Ho\u0159\u010dice\"}]},{\"@type\":\"WebSite\",\"@id\":\"https:\\\/\\\/aztex.ee\\\/cs\\\/#website\",\"url\":\"https:\\\/\\\/aztex.ee\\\/cs\\\/\",\"name\":\"AZTEX\",\"description\":\"\",\"publisher\":{\"@id\":\"https:\\\/\\\/aztex.ee\\\/cs\\\/#organization\"},\"potentialAction\":[{\"@type\":\"SearchAction\",\"target\":{\"@type\":\"EntryPoint\",\"urlTemplate\":\"https:\\\/\\\/aztex.ee\\\/cs\\\/?s={search_term_string}\"},\"query-input\":{\"@type\":\"PropertyValueSpecification\",\"valueRequired\":true,\"valueName\":\"search_term_string\"}}],\"inLanguage\":\"cs\"},{\"@type\":\"Organization\",\"@id\":\"https:\\\/\\\/aztex.ee\\\/cs\\\/#organization\",\"name\":\"AZTEX\",\"url\":\"https:\\\/\\\/aztex.ee\\\/cs\\\/\",\"logo\":{\"@type\":\"ImageObject\",\"inLanguage\":\"cs\",\"@id\":\"https:\\\/\\\/aztex.ee\\\/cs\\\/#\\\/schema\\\/logo\\\/image\\\/\",\"url\":\"https:\\\/\\\/aztex.ee\\\/wp-content\\\/uploads\\\/2026\\\/01\\\/AZTEX.png\",\"contentUrl\":\"https:\\\/\\\/aztex.ee\\\/wp-content\\\/uploads\\\/2026\\\/01\\\/AZTEX.png\",\"width\":500,\"height\":500,\"caption\":\"AZTEX\"},\"image\":{\"@id\":\"https:\\\/\\\/aztex.ee\\\/cs\\\/#\\\/schema\\\/logo\\\/image\\\/\"},\"sameAs\":[\"https:\\\/\\\/www.facebook.com\\\/AztexEE\",\"https:\\\/\\\/www.instagram.com\\\/aztexeesti\\\/\",\"https:\\\/\\\/www.youtube.com\\\/@AZTEXEE\",\"https:\\\/\\\/www.pinterest.com\\\/aztex_eesti\\\/\",\"https:\\\/\\\/www.tiktok.com\\\/@aztexeesti\",\"https:\\\/\\\/www.trustpilot.com\\\/review\\\/aztex.ee\",\"https:\\\/\\\/www.linkedin.com\\\/company\\\/aztex-ee\\\/\",\"https:\\\/\\\/www.wikidata.org\\\/wiki\\\/Q137560182\"]}]}<\/script>\n<!-- \/ Yoast SEO plugin. -->","yoast_head_json":{"title":"Povlak na pol\u0161t\u00e1\u0159 z konop\u00ed - Ho\u0159\u010dice | AZTEX","description":"Povlak na pol\u0161t\u00e1\u0159 z konop\u00ed je m\u011bkk\u00fd, prody\u0161n\u00fd a antibakteri\u00e1ln\u00ed. Udr\u017euje pol\u0161t\u00e1\u0159 sv\u011b\u017e\u00ed, reguluje vlhkost a je vhodn\u00fd i pro citlivou a alergickou poko\u017eku.","robots":{"index":"index","follow":"follow","max-snippet":"max-snippet:-1","max-image-preview":"max-image-preview:large","max-video-preview":"max-video-preview:-1"},"canonical":"https:\/\/aztex.ee\/cs\/pood\/konopne-povlaky-na-polstare\/konopny-povlak-na-polstar-horcice\/","og_locale":"cs_CZ","og_type":"article","og_title":"Povlak na pol\u0161t\u00e1\u0159 z konop\u00ed - Ho\u0159\u010dice | AZTEX","og_description":"Povlak na pol\u0161t\u00e1\u0159 z konop\u00ed je m\u011bkk\u00fd, prody\u0161n\u00fd a antibakteri\u00e1ln\u00ed. Udr\u017euje pol\u0161t\u00e1\u0159 sv\u011b\u017e\u00ed, reguluje vlhkost a je vhodn\u00fd i pro citlivou a alergickou poko\u017eku.","og_url":"https:\/\/aztex.ee\/cs\/pood\/konopne-povlaky-na-polstare\/konopny-povlak-na-polstar-horcice\/","og_site_name":"AZTEX","article_publisher":"https:\/\/www.facebook.com\/AztexEE","article_modified_time":"2025-08-15T16:11:43+00:00","og_image":[{"width":800,"height":800,"url":"https:\/\/aztex.ee\/wp-content\/uploads\/2025\/08\/Sinep-varv-Kanepist-padjapuur.jpg","type":"image\/jpeg"}],"twitter_card":"summary_large_image","twitter_misc":{"Odhadovan\u00e1 doba \u010dten\u00ed":"1 minuta"},"schema":{"@context":"https:\/\/schema.org","@graph":[{"@type":["WebPage","ItemPage"],"@id":"https:\/\/aztex.ee\/cs\/pood\/konopne-povlaky-na-polstare\/konopny-povlak-na-polstar-horcice\/","url":"https:\/\/aztex.ee\/cs\/pood\/konopne-povlaky-na-polstare\/konopny-povlak-na-polstar-horcice\/","name":"Povlak na pol\u0161t\u00e1\u0159 z konop\u00ed - Ho\u0159\u010dice | AZTEX","isPartOf":{"@id":"https:\/\/aztex.ee\/cs\/#website"},"primaryImageOfPage":{"@id":"https:\/\/aztex.ee\/cs\/pood\/konopne-povlaky-na-polstare\/konopny-povlak-na-polstar-horcice\/#primaryimage"},"image":{"@id":"https:\/\/aztex.ee\/cs\/pood\/konopne-povlaky-na-polstare\/konopny-povlak-na-polstar-horcice\/#primaryimage"},"thumbnailUrl":"https:\/\/aztex.ee\/wp-content\/uploads\/2025\/08\/Sinep-varv-Kanepist-padjapuur.jpg","datePublished":"2025-08-15T15:44:39+00:00","dateModified":"2025-08-15T16:11:43+00:00","description":"Povlak na pol\u0161t\u00e1\u0159 z konop\u00ed je m\u011bkk\u00fd, prody\u0161n\u00fd a antibakteri\u00e1ln\u00ed. Udr\u017euje pol\u0161t\u00e1\u0159 sv\u011b\u017e\u00ed, reguluje vlhkost a je vhodn\u00fd i pro citlivou a alergickou poko\u017eku.","breadcrumb":{"@id":"https:\/\/aztex.ee\/cs\/pood\/konopne-povlaky-na-polstare\/konopny-povlak-na-polstar-horcice\/#breadcrumb"},"inLanguage":"cs","potentialAction":[{"@type":"ReadAction","target":["https:\/\/aztex.ee\/cs\/pood\/konopne-povlaky-na-polstare\/konopny-povlak-na-polstar-horcice\/"]}]},{"@type":"ImageObject","inLanguage":"cs","@id":"https:\/\/aztex.ee\/cs\/pood\/konopne-povlaky-na-polstare\/konopny-povlak-na-polstar-horcice\/#primaryimage","url":"https:\/\/aztex.ee\/wp-content\/uploads\/2025\/08\/Sinep-varv-Kanepist-padjapuur.jpg","contentUrl":"https:\/\/aztex.ee\/wp-content\/uploads\/2025\/08\/Sinep-varv-Kanepist-padjapuur.jpg","width":800,"height":800,"caption":"Sinep v\u00e4rv Kanepist padjap\u00fc\u00fcr"},{"@type":"BreadcrumbList","@id":"https:\/\/aztex.ee\/cs\/pood\/konopne-povlaky-na-polstare\/konopny-povlak-na-polstar-horcice\/#breadcrumb","itemListElement":[{"@type":"ListItem","position":1,"name":"Dom\u016f","item":"https:\/\/aztex.ee\/cs\/"},{"@type":"ListItem","position":2,"name":"Obchod","item":"https:\/\/aztex.ee\/cs\/obchod\/"},{"@type":"ListItem","position":3,"name":"Konopn\u00fd povlak na pol\u0161t\u00e1\u0159 | Ho\u0159\u010dice"}]},{"@type":"WebSite","@id":"https:\/\/aztex.ee\/cs\/#website","url":"https:\/\/aztex.ee\/cs\/","name":"AZTEX","description":"","publisher":{"@id":"https:\/\/aztex.ee\/cs\/#organization"},"potentialAction":[{"@type":"SearchAction","target":{"@type":"EntryPoint","urlTemplate":"https:\/\/aztex.ee\/cs\/?s={search_term_string}"},"query-input":{"@type":"PropertyValueSpecification","valueRequired":true,"valueName":"search_term_string"}}],"inLanguage":"cs"},{"@type":"Organization","@id":"https:\/\/aztex.ee\/cs\/#organization","name":"AZTEX","url":"https:\/\/aztex.ee\/cs\/","logo":{"@type":"ImageObject","inLanguage":"cs","@id":"https:\/\/aztex.ee\/cs\/#\/schema\/logo\/image\/","url":"https:\/\/aztex.ee\/wp-content\/uploads\/2026\/01\/AZTEX.png","contentUrl":"https:\/\/aztex.ee\/wp-content\/uploads\/2026\/01\/AZTEX.png","width":500,"height":500,"caption":"AZTEX"},"image":{"@id":"https:\/\/aztex.ee\/cs\/#\/schema\/logo\/image\/"},"sameAs":["https:\/\/www.facebook.com\/AztexEE","https:\/\/www.instagram.com\/aztexeesti\/","https:\/\/www.youtube.com\/@AZTEXEE","https:\/\/www.pinterest.com\/aztex_eesti\/","https:\/\/www.tiktok.com\/@aztexeesti","https:\/\/www.trustpilot.com\/review\/aztex.ee","https:\/\/www.linkedin.com\/company\/aztex-ee\/","https:\/\/www.wikidata.org\/wiki\/Q137560182"]}]}},"_links":{"self":[{"href":"https:\/\/aztex.ee\/cs\/wp-json\/wp\/v2\/product\/91149","targetHints":{"allow":["GET"]}}],"collection":[{"href":"https:\/\/aztex.ee\/cs\/wp-json\/wp\/v2\/product"}],"about":[{"href":"https:\/\/aztex.ee\/cs\/wp-json\/wp\/v2\/types\/product"}],"replies":[{"embeddable":true,"href":"https:\/\/aztex.ee\/cs\/wp-json\/wp\/v2\/comments?post=91149"}],"version-history":[{"count":0,"href":"https:\/\/aztex.ee\/cs\/wp-json\/wp\/v2\/product\/91149\/revisions"}],"wp:featuredmedia":[{"embeddable":true,"href":"https:\/\/aztex.ee\/cs\/wp-json\/wp\/v2\/media\/91362"}],"wp:attachment":[{"href":"https:\/\/aztex.ee\/cs\/wp-json\/wp\/v2\/media?parent=91149"}],"wp:term":[{"taxonomy":"product_brand","embeddable":true,"href":"https:\/\/aztex.ee\/cs\/wp-json\/wp\/v2\/product_brand?post=91149"},{"taxonomy":"product_cat","embeddable":true,"href":"https:\/\/aztex.ee\/cs\/wp-json\/wp\/v2\/product_cat?post=91149"},{"taxonomy":"product_tag","embeddable":true,"href":"https:\/\/aztex.ee\/cs\/wp-json\/wp\/v2\/product_tag?post=91149"}],"curies":[{"name":"wp","href":"https:\/\/api.w.org\/{rel}","templated":true}]}}