{"id":87169,"date":"2025-05-17T20:18:23","date_gmt":"2025-05-17T20:18:23","guid":{"rendered":"https:\/\/aztex.ee\/?post_type=product&#038;p=87169"},"modified":"2025-10-20T11:06:18","modified_gmt":"2025-10-20T11:06:18","slug":"sada-organickeho-bambusoveho-povleceni-kobaltova-modra","status":"publish","type":"product","link":"https:\/\/aztex.ee\/cs\/pood\/povleceni\/sada-organickeho-bambusoveho-povleceni-kobaltova-modra\/","title":{"rendered":"Sada 100% Organick\u00e9ho Bambusov\u00e9ho Povle\u010den\u00ed | Kobaltov\u00e1 modr\u00e1"},"content":{"rendered":"<p>Bambusov\u00e9 lo\u017en\u00ed soupravy jsou vysoce kvalitn\u00ed, m\u011bkk\u00e9 a prody\u0161n\u00e9 textiln\u00ed v\u00fdrobky vyroben\u00e9 z p\u0159\u00edrodn\u00edho bambusov\u00e9ho vl\u00e1kna. Tyto sady jsou navr\u017eeny tak, aby u\u017eivatel\u016fm poskytovaly pohodln\u00fd z\u00e1\u017eitek ze sp\u00e1nku. Bambusov\u00e9 vl\u00e1kno je p\u0159irozen\u011b prody\u0161n\u00e9 a odv\u00e1d\u00ed vlhkost, co\u017e zabra\u0148uje pocen\u00ed a udr\u017euje v\u00e1s d\u00e9le sv\u011b\u017e\u00ed a \u010dist\u00e9.<\/p>\n<p>P\u0159i v\u00fdrob\u011b bambusov\u00fdch lo\u017en\u00edch souprav se pou\u017e\u00edvaj\u00ed ekologick\u00e9 a udr\u017eiteln\u00e9 materi\u00e1ly. Bambusov\u00e1 rostlina roste rychle a m\u00e1 n\u00edzkou spot\u0159ebu vody, co\u017e sni\u017euje dopad v\u00fdrobn\u00edho procesu na \u017eivotn\u00ed prost\u0159ed\u00ed. D\u00edky jemn\u00e9 textu\u0159e nab\u00edz\u00ed bambusov\u00e9 vl\u00e1kno luxusn\u00ed pocit a jemn\u011b se dot\u00fdk\u00e1 poko\u017eky, ani\u017e by ji dr\u00e1\u017edilo.<\/p>\n<p>Tyto lo\u017en\u00ed soupravy maj\u00ed p\u0159irozen\u011b antibakteri\u00e1ln\u00ed a antialergick\u00e9 vlastnosti, kter\u00e9 zaji\u0161\u0165uj\u00ed hygienu a pohodl\u00ed b\u011bhem sp\u00e1nku. Jsou zn\u00e1m\u00e9 sv\u00fdm osv\u011b\u017euj\u00edc\u00edm a chladiv\u00fdm \u00fa\u010dinkem, zejm\u00e9na v tepl\u00e9m po\u010das\u00ed.<\/p>\n<p>Celkov\u011b jsou bambusov\u00e9 lo\u017en\u00ed soupravy \u0161etrn\u00e9 k \u017eivotn\u00edmu prost\u0159ed\u00ed a poskytuj\u00ed vysoce kvalitn\u00ed span\u00ed, d\u00edky \u010demu\u017e jsou ide\u00e1ln\u00ed volbou pro ka\u017ed\u00e9ho, kdo hled\u00e1 pohodl\u00ed a udr\u017eitelnost.<\/p>\n","protected":false},"excerpt":{"rendered":"<p>100% ekologicky p\u011bstovan\u00e9 bambusov\u00e9 povle\u010den\u00ed je hypoalergenn\u00ed a antibakteri\u00e1ln\u00ed.<\/p>\n<ul>\n<li>Barva: Kobaltov\u00e1 modr\u00e1<\/li>\n<li>Materi\u00e1l: 100% bambus<\/li>\n<li>Po\u010det vl\u00e1ken: 300 TC<\/li>\n<li>Povlak na pe\u0159inu: 200\u00d7220 cm<\/li>\n<li>Povlak na pol\u0161t\u00e1\u0159: 50\u00d770 cm (2 ks)<\/li>\n<li>Prost\u011bradlo: 220\u00d7240 cm<\/li>\n<\/ul>\n<p><img loading=\"lazy\" decoding=\"async\" class=\"alignnone wp-image-20226\" src=\"https:\/\/aztex.ee\/wp-content\/uploads\/2024\/09\/oekotex100.png\" alt=\"\" width=\"196\" height=\"69\" srcset=\"https:\/\/aztex.ee\/wp-content\/uploads\/2024\/09\/oekotex100.png 204w, https:\/\/aztex.ee\/wp-content\/uploads\/2024\/09\/oekotex100-150x53.png 150w\" sizes=\"auto, (max-width: 196px) 100vw, 196px\" \/><img loading=\"lazy\" decoding=\"async\" class=\"alignnone wp-image-20260\" src=\"https:\/\/aztex.ee\/wp-content\/uploads\/2024\/09\/bambuuss.png\" alt=\"\" width=\"75\" height=\"75\" srcset=\"https:\/\/aztex.ee\/wp-content\/uploads\/2024\/09\/bambuuss.png 204w, https:\/\/aztex.ee\/wp-content\/uploads\/2024\/09\/bambuuss-150x150.png 150w\" sizes=\"auto, (max-width: 75px) 100vw, 75px\" \/><\/p>\n<p>Hypoalergenn\u00ed a v\u00fdborn\u011b absorbuje vlhkost, co\u017e z n\u011bj \u010din\u00ed ide\u00e1ln\u00ed volbu pro citlivou poko\u017eku nebo ekz\u00e9my, zejm\u00e9na pro ty, kte\u0159\u00ed maj\u00ed sklon se v noci potit.<br \/>\nBambusov\u00e9 lo\u017en\u00ed soupravy jsou baleny v s\u00e1\u010dku vyroben\u00e9m ze stejn\u00e9 l\u00e1tky.<\/p>\n","protected":false},"featured_media":87189,"comment_status":"open","ping_status":"closed","template":"","meta":[],"product_brand":[],"product_cat":[394,361,360,494],"product_tag":[],"class_list":{"0":"post-87169","1":"product","2":"type-product","3":"status-publish","4":"has-post-thumbnail","6":"product_cat-bambusove-lozni-povleceni","7":"product_cat-bambusove-povleceni","8":"product_cat-povleceni","9":"product_cat-sady-povleceni","11":"first","12":"instock","13":"sale","14":"shipping-taxable","15":"purchasable","16":"product-type-simple"},"yoast_head":"<!-- This site is optimized with the Yoast SEO plugin v27.3 - https:\/\/yoast.com\/product\/yoast-seo-wordpress\/ -->\n<title>Luxusn\u00ed povle\u010den\u00ed 100% bambus - Kobaltov\u00e1 modr\u00e1 | AZTEX<\/title>\n<meta name=\"description\" content=\"Tato antibakteri\u00e1ln\u00ed a odoln\u00e1 sada povle\u010den\u00ed na pe\u0159inu z bambusu je skv\u011blou volbou pro ty, kte\u0159\u00ed si cen\u00ed kvality, dlouh\u00e9 \u017eivotnosti a m\u011bkkosti na dotek.\" \/>\n<meta name=\"robots\" content=\"index, follow, max-snippet:-1, max-image-preview:large, max-video-preview:-1\" \/>\n<link rel=\"canonical\" href=\"https:\/\/aztex.ee\/cs\/pood\/povleceni\/sada-organickeho-bambusoveho-povleceni-kobaltova-modra\/\" \/>\n<meta property=\"og:locale\" content=\"cs_CZ\" \/>\n<meta property=\"og:type\" content=\"article\" \/>\n<meta property=\"og:title\" content=\"Luxusn\u00ed povle\u010den\u00ed 100% bambus - Kobaltov\u00e1 modr\u00e1 | AZTEX\" \/>\n<meta property=\"og:description\" content=\"Tato antibakteri\u00e1ln\u00ed a odoln\u00e1 sada povle\u010den\u00ed na pe\u0159inu z bambusu je skv\u011blou volbou pro ty, kte\u0159\u00ed si cen\u00ed kvality, dlouh\u00e9 \u017eivotnosti a m\u011bkkosti na dotek.\" \/>\n<meta property=\"og:url\" content=\"https:\/\/aztex.ee\/cs\/pood\/povleceni\/sada-organickeho-bambusoveho-povleceni-kobaltova-modra\/\" \/>\n<meta property=\"og:site_name\" content=\"AZTEX\" \/>\n<meta property=\"article:publisher\" content=\"https:\/\/www.facebook.com\/AztexEE\" \/>\n<meta property=\"article:modified_time\" content=\"2025-10-20T11:06:18+00:00\" \/>\n<meta property=\"og:image\" content=\"https:\/\/aztex.ee\/wp-content\/uploads\/2025\/05\/Voodipesukomplekt-bambus-Koobaltsinine.jpg\" \/>\n\t<meta property=\"og:image:width\" content=\"800\" \/>\n\t<meta property=\"og:image:height\" content=\"800\" \/>\n\t<meta property=\"og:image:type\" content=\"image\/jpeg\" \/>\n<meta name=\"twitter:card\" content=\"summary_large_image\" \/>\n<meta name=\"twitter:label1\" content=\"Odhadovan\u00e1 doba \u010dten\u00ed\" \/>\n\t<meta name=\"twitter:data1\" content=\"1 minuta\" \/>\n<script type=\"application\/ld+json\" class=\"yoast-schema-graph\">{\"@context\":\"https:\\\/\\\/schema.org\",\"@graph\":[{\"@type\":[\"WebPage\",\"ItemPage\"],\"@id\":\"https:\\\/\\\/aztex.ee\\\/cs\\\/pood\\\/povleceni\\\/sada-organickeho-bambusoveho-povleceni-kobaltova-modra\\\/\",\"url\":\"https:\\\/\\\/aztex.ee\\\/cs\\\/pood\\\/povleceni\\\/sada-organickeho-bambusoveho-povleceni-kobaltova-modra\\\/\",\"name\":\"Luxusn\u00ed povle\u010den\u00ed 100% bambus - Kobaltov\u00e1 modr\u00e1 | AZTEX\",\"isPartOf\":{\"@id\":\"https:\\\/\\\/aztex.ee\\\/cs\\\/#website\"},\"primaryImageOfPage\":{\"@id\":\"https:\\\/\\\/aztex.ee\\\/cs\\\/pood\\\/povleceni\\\/sada-organickeho-bambusoveho-povleceni-kobaltova-modra\\\/#primaryimage\"},\"image\":{\"@id\":\"https:\\\/\\\/aztex.ee\\\/cs\\\/pood\\\/povleceni\\\/sada-organickeho-bambusoveho-povleceni-kobaltova-modra\\\/#primaryimage\"},\"thumbnailUrl\":\"https:\\\/\\\/aztex.ee\\\/wp-content\\\/uploads\\\/2025\\\/05\\\/Voodipesukomplekt-bambus-Koobaltsinine.jpg\",\"datePublished\":\"2025-05-17T20:18:23+00:00\",\"dateModified\":\"2025-10-20T11:06:18+00:00\",\"description\":\"Tato antibakteri\u00e1ln\u00ed a odoln\u00e1 sada povle\u010den\u00ed na pe\u0159inu z bambusu je skv\u011blou volbou pro ty, kte\u0159\u00ed si cen\u00ed kvality, dlouh\u00e9 \u017eivotnosti a m\u011bkkosti na dotek.\",\"breadcrumb\":{\"@id\":\"https:\\\/\\\/aztex.ee\\\/cs\\\/pood\\\/povleceni\\\/sada-organickeho-bambusoveho-povleceni-kobaltova-modra\\\/#breadcrumb\"},\"inLanguage\":\"cs\",\"potentialAction\":[{\"@type\":\"ReadAction\",\"target\":[\"https:\\\/\\\/aztex.ee\\\/cs\\\/pood\\\/povleceni\\\/sada-organickeho-bambusoveho-povleceni-kobaltova-modra\\\/\"]}]},{\"@type\":\"ImageObject\",\"inLanguage\":\"cs\",\"@id\":\"https:\\\/\\\/aztex.ee\\\/cs\\\/pood\\\/povleceni\\\/sada-organickeho-bambusoveho-povleceni-kobaltova-modra\\\/#primaryimage\",\"url\":\"https:\\\/\\\/aztex.ee\\\/wp-content\\\/uploads\\\/2025\\\/05\\\/Voodipesukomplekt-bambus-Koobaltsinine.jpg\",\"contentUrl\":\"https:\\\/\\\/aztex.ee\\\/wp-content\\\/uploads\\\/2025\\\/05\\\/Voodipesukomplekt-bambus-Koobaltsinine.jpg\",\"width\":800,\"height\":800,\"caption\":\"Voodipesukomplekt bambus Koobaltsinine\"},{\"@type\":\"BreadcrumbList\",\"@id\":\"https:\\\/\\\/aztex.ee\\\/cs\\\/pood\\\/povleceni\\\/sada-organickeho-bambusoveho-povleceni-kobaltova-modra\\\/#breadcrumb\",\"itemListElement\":[{\"@type\":\"ListItem\",\"position\":1,\"name\":\"Dom\u016f\",\"item\":\"https:\\\/\\\/aztex.ee\\\/cs\\\/\"},{\"@type\":\"ListItem\",\"position\":2,\"name\":\"Obchod\",\"item\":\"https:\\\/\\\/aztex.ee\\\/cs\\\/obchod\\\/\"},{\"@type\":\"ListItem\",\"position\":3,\"name\":\"Sada 100% Organick\u00e9ho Bambusov\u00e9ho Povle\u010den\u00ed | Kobaltov\u00e1 modr\u00e1\"}]},{\"@type\":\"WebSite\",\"@id\":\"https:\\\/\\\/aztex.ee\\\/cs\\\/#website\",\"url\":\"https:\\\/\\\/aztex.ee\\\/cs\\\/\",\"name\":\"AZTEX\",\"description\":\"\",\"publisher\":{\"@id\":\"https:\\\/\\\/aztex.ee\\\/cs\\\/#organization\"},\"potentialAction\":[{\"@type\":\"SearchAction\",\"target\":{\"@type\":\"EntryPoint\",\"urlTemplate\":\"https:\\\/\\\/aztex.ee\\\/cs\\\/?s={search_term_string}\"},\"query-input\":{\"@type\":\"PropertyValueSpecification\",\"valueRequired\":true,\"valueName\":\"search_term_string\"}}],\"inLanguage\":\"cs\"},{\"@type\":\"Organization\",\"@id\":\"https:\\\/\\\/aztex.ee\\\/cs\\\/#organization\",\"name\":\"AZTEX\",\"url\":\"https:\\\/\\\/aztex.ee\\\/cs\\\/\",\"logo\":{\"@type\":\"ImageObject\",\"inLanguage\":\"cs\",\"@id\":\"https:\\\/\\\/aztex.ee\\\/cs\\\/#\\\/schema\\\/logo\\\/image\\\/\",\"url\":\"https:\\\/\\\/aztex.ee\\\/wp-content\\\/uploads\\\/2026\\\/01\\\/AZTEX.png\",\"contentUrl\":\"https:\\\/\\\/aztex.ee\\\/wp-content\\\/uploads\\\/2026\\\/01\\\/AZTEX.png\",\"width\":500,\"height\":500,\"caption\":\"AZTEX\"},\"image\":{\"@id\":\"https:\\\/\\\/aztex.ee\\\/cs\\\/#\\\/schema\\\/logo\\\/image\\\/\"},\"sameAs\":[\"https:\\\/\\\/www.facebook.com\\\/AztexEE\",\"https:\\\/\\\/www.instagram.com\\\/aztexeesti\\\/\",\"https:\\\/\\\/www.youtube.com\\\/@AZTEXEE\",\"https:\\\/\\\/www.pinterest.com\\\/aztex_eesti\\\/\",\"https:\\\/\\\/www.tiktok.com\\\/@aztexeesti\",\"https:\\\/\\\/www.trustpilot.com\\\/review\\\/aztex.ee\",\"https:\\\/\\\/www.linkedin.com\\\/company\\\/aztex-ee\\\/\",\"https:\\\/\\\/www.wikidata.org\\\/wiki\\\/Q137560182\"]}]}<\/script>\n<!-- \/ Yoast SEO plugin. -->","yoast_head_json":{"title":"Luxusn\u00ed povle\u010den\u00ed 100% bambus - Kobaltov\u00e1 modr\u00e1 | AZTEX","description":"Tato antibakteri\u00e1ln\u00ed a odoln\u00e1 sada povle\u010den\u00ed na pe\u0159inu z bambusu je skv\u011blou volbou pro ty, kte\u0159\u00ed si cen\u00ed kvality, dlouh\u00e9 \u017eivotnosti a m\u011bkkosti na dotek.","robots":{"index":"index","follow":"follow","max-snippet":"max-snippet:-1","max-image-preview":"max-image-preview:large","max-video-preview":"max-video-preview:-1"},"canonical":"https:\/\/aztex.ee\/cs\/pood\/povleceni\/sada-organickeho-bambusoveho-povleceni-kobaltova-modra\/","og_locale":"cs_CZ","og_type":"article","og_title":"Luxusn\u00ed povle\u010den\u00ed 100% bambus - Kobaltov\u00e1 modr\u00e1 | AZTEX","og_description":"Tato antibakteri\u00e1ln\u00ed a odoln\u00e1 sada povle\u010den\u00ed na pe\u0159inu z bambusu je skv\u011blou volbou pro ty, kte\u0159\u00ed si cen\u00ed kvality, dlouh\u00e9 \u017eivotnosti a m\u011bkkosti na dotek.","og_url":"https:\/\/aztex.ee\/cs\/pood\/povleceni\/sada-organickeho-bambusoveho-povleceni-kobaltova-modra\/","og_site_name":"AZTEX","article_publisher":"https:\/\/www.facebook.com\/AztexEE","article_modified_time":"2025-10-20T11:06:18+00:00","og_image":[{"width":800,"height":800,"url":"https:\/\/aztex.ee\/wp-content\/uploads\/2025\/05\/Voodipesukomplekt-bambus-Koobaltsinine.jpg","type":"image\/jpeg"}],"twitter_card":"summary_large_image","twitter_misc":{"Odhadovan\u00e1 doba \u010dten\u00ed":"1 minuta"},"schema":{"@context":"https:\/\/schema.org","@graph":[{"@type":["WebPage","ItemPage"],"@id":"https:\/\/aztex.ee\/cs\/pood\/povleceni\/sada-organickeho-bambusoveho-povleceni-kobaltova-modra\/","url":"https:\/\/aztex.ee\/cs\/pood\/povleceni\/sada-organickeho-bambusoveho-povleceni-kobaltova-modra\/","name":"Luxusn\u00ed povle\u010den\u00ed 100% bambus - Kobaltov\u00e1 modr\u00e1 | AZTEX","isPartOf":{"@id":"https:\/\/aztex.ee\/cs\/#website"},"primaryImageOfPage":{"@id":"https:\/\/aztex.ee\/cs\/pood\/povleceni\/sada-organickeho-bambusoveho-povleceni-kobaltova-modra\/#primaryimage"},"image":{"@id":"https:\/\/aztex.ee\/cs\/pood\/povleceni\/sada-organickeho-bambusoveho-povleceni-kobaltova-modra\/#primaryimage"},"thumbnailUrl":"https:\/\/aztex.ee\/wp-content\/uploads\/2025\/05\/Voodipesukomplekt-bambus-Koobaltsinine.jpg","datePublished":"2025-05-17T20:18:23+00:00","dateModified":"2025-10-20T11:06:18+00:00","description":"Tato antibakteri\u00e1ln\u00ed a odoln\u00e1 sada povle\u010den\u00ed na pe\u0159inu z bambusu je skv\u011blou volbou pro ty, kte\u0159\u00ed si cen\u00ed kvality, dlouh\u00e9 \u017eivotnosti a m\u011bkkosti na dotek.","breadcrumb":{"@id":"https:\/\/aztex.ee\/cs\/pood\/povleceni\/sada-organickeho-bambusoveho-povleceni-kobaltova-modra\/#breadcrumb"},"inLanguage":"cs","potentialAction":[{"@type":"ReadAction","target":["https:\/\/aztex.ee\/cs\/pood\/povleceni\/sada-organickeho-bambusoveho-povleceni-kobaltova-modra\/"]}]},{"@type":"ImageObject","inLanguage":"cs","@id":"https:\/\/aztex.ee\/cs\/pood\/povleceni\/sada-organickeho-bambusoveho-povleceni-kobaltova-modra\/#primaryimage","url":"https:\/\/aztex.ee\/wp-content\/uploads\/2025\/05\/Voodipesukomplekt-bambus-Koobaltsinine.jpg","contentUrl":"https:\/\/aztex.ee\/wp-content\/uploads\/2025\/05\/Voodipesukomplekt-bambus-Koobaltsinine.jpg","width":800,"height":800,"caption":"Voodipesukomplekt bambus Koobaltsinine"},{"@type":"BreadcrumbList","@id":"https:\/\/aztex.ee\/cs\/pood\/povleceni\/sada-organickeho-bambusoveho-povleceni-kobaltova-modra\/#breadcrumb","itemListElement":[{"@type":"ListItem","position":1,"name":"Dom\u016f","item":"https:\/\/aztex.ee\/cs\/"},{"@type":"ListItem","position":2,"name":"Obchod","item":"https:\/\/aztex.ee\/cs\/obchod\/"},{"@type":"ListItem","position":3,"name":"Sada 100% Organick\u00e9ho Bambusov\u00e9ho Povle\u010den\u00ed | Kobaltov\u00e1 modr\u00e1"}]},{"@type":"WebSite","@id":"https:\/\/aztex.ee\/cs\/#website","url":"https:\/\/aztex.ee\/cs\/","name":"AZTEX","description":"","publisher":{"@id":"https:\/\/aztex.ee\/cs\/#organization"},"potentialAction":[{"@type":"SearchAction","target":{"@type":"EntryPoint","urlTemplate":"https:\/\/aztex.ee\/cs\/?s={search_term_string}"},"query-input":{"@type":"PropertyValueSpecification","valueRequired":true,"valueName":"search_term_string"}}],"inLanguage":"cs"},{"@type":"Organization","@id":"https:\/\/aztex.ee\/cs\/#organization","name":"AZTEX","url":"https:\/\/aztex.ee\/cs\/","logo":{"@type":"ImageObject","inLanguage":"cs","@id":"https:\/\/aztex.ee\/cs\/#\/schema\/logo\/image\/","url":"https:\/\/aztex.ee\/wp-content\/uploads\/2026\/01\/AZTEX.png","contentUrl":"https:\/\/aztex.ee\/wp-content\/uploads\/2026\/01\/AZTEX.png","width":500,"height":500,"caption":"AZTEX"},"image":{"@id":"https:\/\/aztex.ee\/cs\/#\/schema\/logo\/image\/"},"sameAs":["https:\/\/www.facebook.com\/AztexEE","https:\/\/www.instagram.com\/aztexeesti\/","https:\/\/www.youtube.com\/@AZTEXEE","https:\/\/www.pinterest.com\/aztex_eesti\/","https:\/\/www.tiktok.com\/@aztexeesti","https:\/\/www.trustpilot.com\/review\/aztex.ee","https:\/\/www.linkedin.com\/company\/aztex-ee\/","https:\/\/www.wikidata.org\/wiki\/Q137560182"]}]}},"_links":{"self":[{"href":"https:\/\/aztex.ee\/cs\/wp-json\/wp\/v2\/product\/87169","targetHints":{"allow":["GET"]}}],"collection":[{"href":"https:\/\/aztex.ee\/cs\/wp-json\/wp\/v2\/product"}],"about":[{"href":"https:\/\/aztex.ee\/cs\/wp-json\/wp\/v2\/types\/product"}],"replies":[{"embeddable":true,"href":"https:\/\/aztex.ee\/cs\/wp-json\/wp\/v2\/comments?post=87169"}],"version-history":[{"count":0,"href":"https:\/\/aztex.ee\/cs\/wp-json\/wp\/v2\/product\/87169\/revisions"}],"wp:featuredmedia":[{"embeddable":true,"href":"https:\/\/aztex.ee\/cs\/wp-json\/wp\/v2\/media\/87189"}],"wp:attachment":[{"href":"https:\/\/aztex.ee\/cs\/wp-json\/wp\/v2\/media?parent=87169"}],"wp:term":[{"taxonomy":"product_brand","embeddable":true,"href":"https:\/\/aztex.ee\/cs\/wp-json\/wp\/v2\/product_brand?post=87169"},{"taxonomy":"product_cat","embeddable":true,"href":"https:\/\/aztex.ee\/cs\/wp-json\/wp\/v2\/product_cat?post=87169"},{"taxonomy":"product_tag","embeddable":true,"href":"https:\/\/aztex.ee\/cs\/wp-json\/wp\/v2\/product_tag?post=87169"}],"curies":[{"name":"wp","href":"https:\/\/api.w.org\/{rel}","templated":true}]}}