{"id":81786,"date":"2025-04-27T12:40:39","date_gmt":"2025-04-27T12:40:39","guid":{"rendered":"https:\/\/aztex.ee\/?post_type=product&#038;p=81786"},"modified":"2025-04-27T12:53:16","modified_gmt":"2025-04-27T12:53:16","slug":"povlak-na-polstar-tencel-tresnove-ruzova","status":"publish","type":"product","link":"https:\/\/aztex.ee\/cs\/pood\/povlaky-na-polstare\/povlak-na-polstar-tencel-tresnove-ruzova\/","title":{"rendered":"Povlak na pol\u0161t\u00e1\u0159 Tencel \u2013 T\u0159e\u0161\u0148ov\u011b r\u016f\u017eov\u00e1"},"content":{"rendered":"<p><strong>P\u0159irozen\u011b m\u011bkk\u00e9<\/strong><\/p>\n<p>Tkanina Tencel je vyrobena z eukalyptov\u00e9 celul\u00f3zy, kter\u00e1 je zpracov\u00e1na ekologick\u00fdm procesem Lyocell. Celul\u00f3za je rozpu\u0161t\u011bna v netoxick\u00e9m rozpou\u0161t\u011bdle, pot\u00e9 slisov\u00e1na do vl\u00e1ken a zpracov\u00e1na na p\u0159\u00edzi, d\u00edky \u010demu\u017e je tkanina m\u011bkk\u00e1, prody\u0161n\u00e1, pevn\u00e1 a ekologicky udr\u017eiteln\u00e1.<\/p>\n<p><strong>\u0160etrn\u00e9 k poko\u017ece<\/strong><\/p>\n<p>Tencel je ide\u00e1ln\u00ed volbou pro citlivou poko\u017eku, proto\u017ee je hypoalergenn\u00ed. Jeho hladk\u00fd povrch sni\u017euje podr\u00e1\u017ed\u011bn\u00ed zp\u016fsoben\u00e9 t\u0159en\u00edm a pom\u00e1h\u00e1 udr\u017eovat p\u0159irozenou rovnov\u00e1hu vlhkosti poko\u017eky. Povlak na pol\u0161t\u00e1\u0159 Tencel zaji\u0161\u0165uje kvalitn\u00ed sp\u00e1nek a z\u00e1rove\u0148 pe\u010duje o poko\u017eku.<\/p>\n<p><strong>Elegantn\u00ed vzhled<\/strong><\/p>\n<p>Povlak na pol\u0161t\u00e1\u0159 Tencel se hod\u00ed ke v\u0161em souprav\u00e1m lo\u017en\u00edho pr\u00e1dla a dod\u00e1v\u00e1 lo\u017enici jednoduch\u00fd a elegantn\u00ed vzhled, kter\u00fd dopln\u00ed jak\u00fdkoli design interi\u00e9ru. Jeho klasick\u00fd a stylov\u00fd vzhled se hod\u00ed do v\u0161ech typ\u016f interi\u00e9r\u016f &#8211; od modern\u00edch po tradi\u010dn\u00ed lo\u017enice. Povlak na pol\u0161t\u00e1\u0159 Tencel m\u00e1 luxusn\u00ed a elegantn\u00ed vzhled, kter\u00fd zp\u0159\u00edjemn\u00ed ka\u017ed\u00fd okam\u017eik sp\u00e1nku.<\/p>\n<p><strong>P\u00e9\u010de<\/strong><\/p>\n<p>Snadn\u00e1 \u00fadr\u017eba &#8211; pran\u00ed v pra\u010dce p\u0159i n\u00edzk\u00e9 teplot\u011b pro zachov\u00e1n\u00ed vlastnost\u00ed l\u00e1tky. Pro dlouhodobou trvanlivost a m\u011bkkost doporu\u010dujeme su\u0161en\u00ed na vzduchu.<\/p>\n","protected":false},"excerpt":{"rendered":"<p>Povlaky na pol\u0161t\u00e1\u0159e Tencel jsou vyrobeny z eukalyptov\u00fdch vl\u00e1ken.<\/p>\n<ul>\n<li>Barva: T\u0159e\u0161\u0148ov\u011b r\u016f\u017eov\u00e1<\/li>\n<li>Materi\u00e1l: 100% Tencel<\/li>\n<li>Po\u010det vl\u00e1ken: 60S \/ 300TC<\/li>\n<\/ul>\n<p><img loading=\"lazy\" decoding=\"async\" class=\"alignnone wp-image-63145\" src=\"https:\/\/aztex.ee\/wp-content\/uploads\/2025\/03\/tencel-certified-400x129.png\" alt=\"\" width=\"131\" height=\"42\" srcset=\"https:\/\/aztex.ee\/wp-content\/uploads\/2025\/03\/tencel-certified-400x129.png 400w, https:\/\/aztex.ee\/wp-content\/uploads\/2025\/03\/tencel-certified-430x139.png 430w, https:\/\/aztex.ee\/wp-content\/uploads\/2025\/03\/tencel-certified-150x49.png 150w, https:\/\/aztex.ee\/wp-content\/uploads\/2025\/03\/tencel-certified.png 516w\" sizes=\"auto, (max-width: 131px) 100vw, 131px\" \/><img loading=\"lazy\" decoding=\"async\" class=\"alignnone wp-image-63168\" src=\"https:\/\/aztex.ee\/wp-content\/uploads\/2025\/03\/oeko-tex-standard-100.png\" alt=\"\" width=\"130\" height=\"43\" srcset=\"https:\/\/aztex.ee\/wp-content\/uploads\/2025\/03\/oeko-tex-standard-100.png 200w, https:\/\/aztex.ee\/wp-content\/uploads\/2025\/03\/oeko-tex-standard-100-150x50.png 150w\" sizes=\"auto, (max-width: 130px) 100vw, 130px\" \/><\/p>\n","protected":false},"featured_media":81892,"comment_status":"open","ping_status":"closed","template":"","meta":[],"product_brand":[],"product_cat":[1770,6025],"product_tag":[],"class_list":{"0":"post-81786","1":"product","2":"type-product","3":"status-publish","4":"has-post-thumbnail","6":"product_cat-povlaky-na-polstare","7":"product_cat-tencelovy-povlaky-na-polstar","9":"first","10":"instock","11":"shipping-taxable","12":"purchasable","13":"product-type-variable"},"yoast_head":"<!-- This site is optimized with the Yoast SEO plugin v27.6 - https:\/\/yoast.com\/product\/yoast-seo-wordpress\/ -->\n<title>Povlak na pol\u0161t\u00e1\u0159 Tencel - T\u0159e\u0161\u0148ov\u011b r\u016f\u017eov\u00e1 | AZTEX<\/title>\n<meta name=\"description\" content=\"T\u0159e\u0161\u0148ov\u011b r\u016f\u017eov\u00e1 povlak na pol\u0161t\u00e1\u0159 TENCEL\u2122 je \u0161etrn\u00e1 a odoln\u00e1 volba, kter\u00e1 poskytuje p\u0159\u00edjemn\u00fd pocit chl\u00e1dku p\u0159i sp\u00e1nku a dod\u00e1v\u00e1 lo\u017enici elegantn\u00ed vzhled.\" \/>\n<meta name=\"robots\" content=\"index, follow, max-snippet:-1, max-image-preview:large, max-video-preview:-1\" \/>\n<link rel=\"canonical\" href=\"https:\/\/aztex.ee\/cs\/pood\/povlaky-na-polstare\/povlak-na-polstar-tencel-tresnove-ruzova\/\" \/>\n<meta property=\"og:locale\" content=\"cs_CZ\" \/>\n<meta property=\"og:type\" content=\"article\" \/>\n<meta property=\"og:title\" content=\"Povlak na pol\u0161t\u00e1\u0159 Tencel - T\u0159e\u0161\u0148ov\u011b r\u016f\u017eov\u00e1 | AZTEX\" \/>\n<meta property=\"og:description\" content=\"T\u0159e\u0161\u0148ov\u011b r\u016f\u017eov\u00e1 povlak na pol\u0161t\u00e1\u0159 TENCEL\u2122 je \u0161etrn\u00e1 a odoln\u00e1 volba, kter\u00e1 poskytuje p\u0159\u00edjemn\u00fd pocit chl\u00e1dku p\u0159i sp\u00e1nku a dod\u00e1v\u00e1 lo\u017enici elegantn\u00ed vzhled.\" \/>\n<meta property=\"og:url\" content=\"https:\/\/aztex.ee\/cs\/pood\/povlaky-na-polstare\/povlak-na-polstar-tencel-tresnove-ruzova\/\" \/>\n<meta property=\"og:site_name\" content=\"AZTEX\" \/>\n<meta property=\"article:publisher\" content=\"https:\/\/www.facebook.com\/AztexEE\" \/>\n<meta property=\"article:modified_time\" content=\"2025-04-27T12:53:16+00:00\" \/>\n<meta property=\"og:image\" content=\"https:\/\/aztex.ee\/wp-content\/uploads\/2025\/04\/Tencel-padjapuur-Kirsiroosa.jpg\" \/>\n\t<meta property=\"og:image:width\" content=\"800\" \/>\n\t<meta property=\"og:image:height\" content=\"800\" \/>\n\t<meta property=\"og:image:type\" content=\"image\/jpeg\" \/>\n<meta name=\"twitter:card\" content=\"summary_large_image\" \/>\n<meta name=\"twitter:label1\" content=\"Odhadovan\u00e1 doba \u010dten\u00ed\" \/>\n\t<meta name=\"twitter:data1\" content=\"2 minuta\" \/>\n<script type=\"application\/ld+json\" class=\"yoast-schema-graph\">{\"@context\":\"https:\\\/\\\/schema.org\",\"@graph\":[{\"@type\":[\"WebPage\",\"ItemPage\"],\"@id\":\"https:\\\/\\\/aztex.ee\\\/cs\\\/pood\\\/povlaky-na-polstare\\\/povlak-na-polstar-tencel-tresnove-ruzova\\\/\",\"url\":\"https:\\\/\\\/aztex.ee\\\/cs\\\/pood\\\/povlaky-na-polstare\\\/povlak-na-polstar-tencel-tresnove-ruzova\\\/\",\"name\":\"Povlak na pol\u0161t\u00e1\u0159 Tencel - T\u0159e\u0161\u0148ov\u011b r\u016f\u017eov\u00e1 | AZTEX\",\"isPartOf\":{\"@id\":\"https:\\\/\\\/aztex.ee\\\/cs\\\/#website\"},\"primaryImageOfPage\":{\"@id\":\"https:\\\/\\\/aztex.ee\\\/cs\\\/pood\\\/povlaky-na-polstare\\\/povlak-na-polstar-tencel-tresnove-ruzova\\\/#primaryimage\"},\"image\":{\"@id\":\"https:\\\/\\\/aztex.ee\\\/cs\\\/pood\\\/povlaky-na-polstare\\\/povlak-na-polstar-tencel-tresnove-ruzova\\\/#primaryimage\"},\"thumbnailUrl\":\"https:\\\/\\\/aztex.ee\\\/wp-content\\\/uploads\\\/2025\\\/04\\\/Tencel-padjapuur-Kirsiroosa.jpg\",\"datePublished\":\"2025-04-27T12:40:39+00:00\",\"dateModified\":\"2025-04-27T12:53:16+00:00\",\"description\":\"T\u0159e\u0161\u0148ov\u011b r\u016f\u017eov\u00e1 povlak na pol\u0161t\u00e1\u0159 TENCEL\u2122 je \u0161etrn\u00e1 a odoln\u00e1 volba, kter\u00e1 poskytuje p\u0159\u00edjemn\u00fd pocit chl\u00e1dku p\u0159i sp\u00e1nku a dod\u00e1v\u00e1 lo\u017enici elegantn\u00ed vzhled.\",\"breadcrumb\":{\"@id\":\"https:\\\/\\\/aztex.ee\\\/cs\\\/pood\\\/povlaky-na-polstare\\\/povlak-na-polstar-tencel-tresnove-ruzova\\\/#breadcrumb\"},\"inLanguage\":\"cs\",\"potentialAction\":[{\"@type\":\"ReadAction\",\"target\":[\"https:\\\/\\\/aztex.ee\\\/cs\\\/pood\\\/povlaky-na-polstare\\\/povlak-na-polstar-tencel-tresnove-ruzova\\\/\"]}]},{\"@type\":\"ImageObject\",\"inLanguage\":\"cs\",\"@id\":\"https:\\\/\\\/aztex.ee\\\/cs\\\/pood\\\/povlaky-na-polstare\\\/povlak-na-polstar-tencel-tresnove-ruzova\\\/#primaryimage\",\"url\":\"https:\\\/\\\/aztex.ee\\\/wp-content\\\/uploads\\\/2025\\\/04\\\/Tencel-padjapuur-Kirsiroosa.jpg\",\"contentUrl\":\"https:\\\/\\\/aztex.ee\\\/wp-content\\\/uploads\\\/2025\\\/04\\\/Tencel-padjapuur-Kirsiroosa.jpg\",\"width\":800,\"height\":800,\"caption\":\"Tencel padjap\u00fc\u00fcr Kirsiroosa\"},{\"@type\":\"BreadcrumbList\",\"@id\":\"https:\\\/\\\/aztex.ee\\\/cs\\\/pood\\\/povlaky-na-polstare\\\/povlak-na-polstar-tencel-tresnove-ruzova\\\/#breadcrumb\",\"itemListElement\":[{\"@type\":\"ListItem\",\"position\":1,\"name\":\"Dom\u016f\",\"item\":\"https:\\\/\\\/aztex.ee\\\/cs\\\/\"},{\"@type\":\"ListItem\",\"position\":2,\"name\":\"Obchod\",\"item\":\"https:\\\/\\\/aztex.ee\\\/cs\\\/obchod\\\/\"},{\"@type\":\"ListItem\",\"position\":3,\"name\":\"Povlak na pol\u0161t\u00e1\u0159 Tencel \u2013 T\u0159e\u0161\u0148ov\u011b r\u016f\u017eov\u00e1\"}]},{\"@type\":\"WebSite\",\"@id\":\"https:\\\/\\\/aztex.ee\\\/cs\\\/#website\",\"url\":\"https:\\\/\\\/aztex.ee\\\/cs\\\/\",\"name\":\"AZTEX\",\"description\":\"\",\"publisher\":{\"@id\":\"https:\\\/\\\/aztex.ee\\\/cs\\\/#organization\"},\"potentialAction\":[{\"@type\":\"SearchAction\",\"target\":{\"@type\":\"EntryPoint\",\"urlTemplate\":\"https:\\\/\\\/aztex.ee\\\/cs\\\/?s={search_term_string}\"},\"query-input\":{\"@type\":\"PropertyValueSpecification\",\"valueRequired\":true,\"valueName\":\"search_term_string\"}}],\"inLanguage\":\"cs\"},{\"@type\":\"Organization\",\"@id\":\"https:\\\/\\\/aztex.ee\\\/cs\\\/#organization\",\"name\":\"AZTEX\",\"url\":\"https:\\\/\\\/aztex.ee\\\/cs\\\/\",\"logo\":{\"@type\":\"ImageObject\",\"inLanguage\":\"cs\",\"@id\":\"https:\\\/\\\/aztex.ee\\\/cs\\\/#\\\/schema\\\/logo\\\/image\\\/\",\"url\":\"https:\\\/\\\/aztex.ee\\\/wp-content\\\/uploads\\\/2026\\\/01\\\/AZTEX.png\",\"contentUrl\":\"https:\\\/\\\/aztex.ee\\\/wp-content\\\/uploads\\\/2026\\\/01\\\/AZTEX.png\",\"width\":500,\"height\":500,\"caption\":\"AZTEX\"},\"image\":{\"@id\":\"https:\\\/\\\/aztex.ee\\\/cs\\\/#\\\/schema\\\/logo\\\/image\\\/\"},\"sameAs\":[\"https:\\\/\\\/www.facebook.com\\\/AztexEE\",\"https:\\\/\\\/www.instagram.com\\\/aztexeesti\\\/\",\"https:\\\/\\\/www.youtube.com\\\/@AZTEXEE\",\"https:\\\/\\\/www.pinterest.com\\\/aztex_eesti\\\/\",\"https:\\\/\\\/www.tiktok.com\\\/@aztexeesti\",\"https:\\\/\\\/www.trustpilot.com\\\/review\\\/aztex.ee\",\"https:\\\/\\\/www.linkedin.com\\\/company\\\/aztex-ee\\\/\",\"https:\\\/\\\/www.wikidata.org\\\/wiki\\\/Q137560182\"]}]}<\/script>\n<!-- \/ Yoast SEO plugin. -->","yoast_head_json":{"title":"Povlak na pol\u0161t\u00e1\u0159 Tencel - T\u0159e\u0161\u0148ov\u011b r\u016f\u017eov\u00e1 | AZTEX","description":"T\u0159e\u0161\u0148ov\u011b r\u016f\u017eov\u00e1 povlak na pol\u0161t\u00e1\u0159 TENCEL\u2122 je \u0161etrn\u00e1 a odoln\u00e1 volba, kter\u00e1 poskytuje p\u0159\u00edjemn\u00fd pocit chl\u00e1dku p\u0159i sp\u00e1nku a dod\u00e1v\u00e1 lo\u017enici elegantn\u00ed vzhled.","robots":{"index":"index","follow":"follow","max-snippet":"max-snippet:-1","max-image-preview":"max-image-preview:large","max-video-preview":"max-video-preview:-1"},"canonical":"https:\/\/aztex.ee\/cs\/pood\/povlaky-na-polstare\/povlak-na-polstar-tencel-tresnove-ruzova\/","og_locale":"cs_CZ","og_type":"article","og_title":"Povlak na pol\u0161t\u00e1\u0159 Tencel - T\u0159e\u0161\u0148ov\u011b r\u016f\u017eov\u00e1 | AZTEX","og_description":"T\u0159e\u0161\u0148ov\u011b r\u016f\u017eov\u00e1 povlak na pol\u0161t\u00e1\u0159 TENCEL\u2122 je \u0161etrn\u00e1 a odoln\u00e1 volba, kter\u00e1 poskytuje p\u0159\u00edjemn\u00fd pocit chl\u00e1dku p\u0159i sp\u00e1nku a dod\u00e1v\u00e1 lo\u017enici elegantn\u00ed vzhled.","og_url":"https:\/\/aztex.ee\/cs\/pood\/povlaky-na-polstare\/povlak-na-polstar-tencel-tresnove-ruzova\/","og_site_name":"AZTEX","article_publisher":"https:\/\/www.facebook.com\/AztexEE","article_modified_time":"2025-04-27T12:53:16+00:00","og_image":[{"width":800,"height":800,"url":"https:\/\/aztex.ee\/wp-content\/uploads\/2025\/04\/Tencel-padjapuur-Kirsiroosa.jpg","type":"image\/jpeg"}],"twitter_card":"summary_large_image","twitter_misc":{"Odhadovan\u00e1 doba \u010dten\u00ed":"2 minuta"},"schema":{"@context":"https:\/\/schema.org","@graph":[{"@type":["WebPage","ItemPage"],"@id":"https:\/\/aztex.ee\/cs\/pood\/povlaky-na-polstare\/povlak-na-polstar-tencel-tresnove-ruzova\/","url":"https:\/\/aztex.ee\/cs\/pood\/povlaky-na-polstare\/povlak-na-polstar-tencel-tresnove-ruzova\/","name":"Povlak na pol\u0161t\u00e1\u0159 Tencel - T\u0159e\u0161\u0148ov\u011b r\u016f\u017eov\u00e1 | AZTEX","isPartOf":{"@id":"https:\/\/aztex.ee\/cs\/#website"},"primaryImageOfPage":{"@id":"https:\/\/aztex.ee\/cs\/pood\/povlaky-na-polstare\/povlak-na-polstar-tencel-tresnove-ruzova\/#primaryimage"},"image":{"@id":"https:\/\/aztex.ee\/cs\/pood\/povlaky-na-polstare\/povlak-na-polstar-tencel-tresnove-ruzova\/#primaryimage"},"thumbnailUrl":"https:\/\/aztex.ee\/wp-content\/uploads\/2025\/04\/Tencel-padjapuur-Kirsiroosa.jpg","datePublished":"2025-04-27T12:40:39+00:00","dateModified":"2025-04-27T12:53:16+00:00","description":"T\u0159e\u0161\u0148ov\u011b r\u016f\u017eov\u00e1 povlak na pol\u0161t\u00e1\u0159 TENCEL\u2122 je \u0161etrn\u00e1 a odoln\u00e1 volba, kter\u00e1 poskytuje p\u0159\u00edjemn\u00fd pocit chl\u00e1dku p\u0159i sp\u00e1nku a dod\u00e1v\u00e1 lo\u017enici elegantn\u00ed vzhled.","breadcrumb":{"@id":"https:\/\/aztex.ee\/cs\/pood\/povlaky-na-polstare\/povlak-na-polstar-tencel-tresnove-ruzova\/#breadcrumb"},"inLanguage":"cs","potentialAction":[{"@type":"ReadAction","target":["https:\/\/aztex.ee\/cs\/pood\/povlaky-na-polstare\/povlak-na-polstar-tencel-tresnove-ruzova\/"]}]},{"@type":"ImageObject","inLanguage":"cs","@id":"https:\/\/aztex.ee\/cs\/pood\/povlaky-na-polstare\/povlak-na-polstar-tencel-tresnove-ruzova\/#primaryimage","url":"https:\/\/aztex.ee\/wp-content\/uploads\/2025\/04\/Tencel-padjapuur-Kirsiroosa.jpg","contentUrl":"https:\/\/aztex.ee\/wp-content\/uploads\/2025\/04\/Tencel-padjapuur-Kirsiroosa.jpg","width":800,"height":800,"caption":"Tencel padjap\u00fc\u00fcr Kirsiroosa"},{"@type":"BreadcrumbList","@id":"https:\/\/aztex.ee\/cs\/pood\/povlaky-na-polstare\/povlak-na-polstar-tencel-tresnove-ruzova\/#breadcrumb","itemListElement":[{"@type":"ListItem","position":1,"name":"Dom\u016f","item":"https:\/\/aztex.ee\/cs\/"},{"@type":"ListItem","position":2,"name":"Obchod","item":"https:\/\/aztex.ee\/cs\/obchod\/"},{"@type":"ListItem","position":3,"name":"Povlak na pol\u0161t\u00e1\u0159 Tencel \u2013 T\u0159e\u0161\u0148ov\u011b r\u016f\u017eov\u00e1"}]},{"@type":"WebSite","@id":"https:\/\/aztex.ee\/cs\/#website","url":"https:\/\/aztex.ee\/cs\/","name":"AZTEX","description":"","publisher":{"@id":"https:\/\/aztex.ee\/cs\/#organization"},"potentialAction":[{"@type":"SearchAction","target":{"@type":"EntryPoint","urlTemplate":"https:\/\/aztex.ee\/cs\/?s={search_term_string}"},"query-input":{"@type":"PropertyValueSpecification","valueRequired":true,"valueName":"search_term_string"}}],"inLanguage":"cs"},{"@type":"Organization","@id":"https:\/\/aztex.ee\/cs\/#organization","name":"AZTEX","url":"https:\/\/aztex.ee\/cs\/","logo":{"@type":"ImageObject","inLanguage":"cs","@id":"https:\/\/aztex.ee\/cs\/#\/schema\/logo\/image\/","url":"https:\/\/aztex.ee\/wp-content\/uploads\/2026\/01\/AZTEX.png","contentUrl":"https:\/\/aztex.ee\/wp-content\/uploads\/2026\/01\/AZTEX.png","width":500,"height":500,"caption":"AZTEX"},"image":{"@id":"https:\/\/aztex.ee\/cs\/#\/schema\/logo\/image\/"},"sameAs":["https:\/\/www.facebook.com\/AztexEE","https:\/\/www.instagram.com\/aztexeesti\/","https:\/\/www.youtube.com\/@AZTEXEE","https:\/\/www.pinterest.com\/aztex_eesti\/","https:\/\/www.tiktok.com\/@aztexeesti","https:\/\/www.trustpilot.com\/review\/aztex.ee","https:\/\/www.linkedin.com\/company\/aztex-ee\/","https:\/\/www.wikidata.org\/wiki\/Q137560182"]}]}},"_links":{"self":[{"href":"https:\/\/aztex.ee\/cs\/wp-json\/wp\/v2\/product\/81786","targetHints":{"allow":["GET"]}}],"collection":[{"href":"https:\/\/aztex.ee\/cs\/wp-json\/wp\/v2\/product"}],"about":[{"href":"https:\/\/aztex.ee\/cs\/wp-json\/wp\/v2\/types\/product"}],"replies":[{"embeddable":true,"href":"https:\/\/aztex.ee\/cs\/wp-json\/wp\/v2\/comments?post=81786"}],"version-history":[{"count":0,"href":"https:\/\/aztex.ee\/cs\/wp-json\/wp\/v2\/product\/81786\/revisions"}],"wp:featuredmedia":[{"embeddable":true,"href":"https:\/\/aztex.ee\/cs\/wp-json\/wp\/v2\/media\/81892"}],"wp:attachment":[{"href":"https:\/\/aztex.ee\/cs\/wp-json\/wp\/v2\/media?parent=81786"}],"wp:term":[{"taxonomy":"product_brand","embeddable":true,"href":"https:\/\/aztex.ee\/cs\/wp-json\/wp\/v2\/product_brand?post=81786"},{"taxonomy":"product_cat","embeddable":true,"href":"https:\/\/aztex.ee\/cs\/wp-json\/wp\/v2\/product_cat?post=81786"},{"taxonomy":"product_tag","embeddable":true,"href":"https:\/\/aztex.ee\/cs\/wp-json\/wp\/v2\/product_tag?post=81786"}],"curies":[{"name":"wp","href":"https:\/\/api.w.org\/{rel}","templated":true}]}}