{"id":79407,"date":"2025-04-14T14:53:18","date_gmt":"2025-04-14T14:53:18","guid":{"rendered":"https:\/\/aztex.ee\/?post_type=product&#038;p=79407"},"modified":"2025-04-14T15:08:08","modified_gmt":"2025-04-14T15:08:08","slug":"bambusovy-povlak-na-polstar-pomerancovy","status":"publish","type":"product","link":"https:\/\/aztex.ee\/cs\/pood\/bambusove-povlaky-na-polstare\/bambusovy-povlak-na-polstar-pomerancovy\/","title":{"rendered":"Bambusov\u00fd povlak na pol\u0161t\u00e1\u0159 \u2013 Pomeran\u010dov\u00fd"},"content":{"rendered":"<p>Bambusov\u00fd povlak na pol\u0161t\u00e1\u0159 je prody\u0161n\u00fd a \u0161etrn\u00fd k poko\u017ece, poskytuje pohodln\u00fd a osv\u011b\u017euj\u00edc\u00ed sp\u00e1nek. P\u0159irozen\u00e9 vlastnosti bambusov\u00fdch vl\u00e1ken pom\u00e1haj\u00ed regulovat teplotu a absorbovat vlhkost, \u010d\u00edm\u017e udr\u017euj\u00ed povlak na pol\u0161t\u00e1\u0159i such\u00fd a \u010dist\u00fd. Nav\u00edc je antibakteri\u00e1ln\u00ed a hypoalergenn\u00ed, tak\u017ee je ide\u00e1ln\u00ed pro citlivou poko\u017eku.<\/p>\n<p>Hladk\u00e1 a jemn\u00e1 tkanina je p\u0159\u00edjemn\u00e1 na dotek a snadno se udr\u017euje &#8211; lze pr\u00e1t v pra\u010dce a je odoln\u00e1. Jemn\u00e1 textura si zachov\u00e1v\u00e1 svou kvalitu i po opakovan\u00e9m myt\u00ed a poskytuje p\u0159\u00edjemn\u00fd odpo\u010dinek ka\u017edou noc.<\/p>\n<p>Bambusov\u00fd povlak na pol\u0161t\u00e1\u0159 se skv\u011ble hod\u00ed do ka\u017ed\u00e9 lo\u017enice, nab\u00edz\u00ed jak prakti\u010dnost, tak elegantn\u00ed vzhled. Jeho neutr\u00e1ln\u00ed a p\u0159\u00edrodn\u00ed t\u00f3ny vytv\u00e1\u0159ej\u00ed klidnou a \u00fatulnou atmosf\u00e9ru a snadno se hod\u00ed k r\u016fzn\u00fdm sad\u00e1m lo\u017en\u00edho pr\u00e1dla. U\u017eijte si ka\u017ed\u00fd ve\u010der m\u011bkk\u00fd a sv\u011b\u017e\u00ed pocit, d\u00edky kter\u00e9mu bude sp\u00e1nek skute\u010dn\u011b osv\u011b\u017euj\u00edc\u00ed.<\/p>\n","protected":false},"excerpt":{"rendered":"<p>Bambusov\u00fd povlak na pol\u0161t\u00e1\u0159 je p\u0159\u00edrodn\u00ed, m\u011bkk\u00fd a prody\u0161n\u00fd a zaji\u0161\u0165uje kvalitn\u00ed sp\u00e1nek.<\/p>\n<ul>\n<li>Barva: Pomeran\u010dov\u00fd<\/li>\n<li>Materi\u00e1l: 100% bambus<\/li>\n<li>Po\u010det vl\u00e1ken: 300 TC<\/li>\n<\/ul>\n<p><img loading=\"lazy\" decoding=\"async\" class=\"alignnone wp-image-20226\" src=\"https:\/\/aztex.ee\/wp-content\/uploads\/2024\/09\/oekotex100.png\" alt=\"\" width=\"196\" height=\"69\" srcset=\"https:\/\/aztex.ee\/wp-content\/uploads\/2024\/09\/oekotex100.png 204w, https:\/\/aztex.ee\/wp-content\/uploads\/2024\/09\/oekotex100-150x53.png 150w\" sizes=\"auto, (max-width: 196px) 100vw, 196px\" \/><img loading=\"lazy\" decoding=\"async\" class=\"alignnone wp-image-20260\" src=\"https:\/\/aztex.ee\/wp-content\/uploads\/2024\/09\/bambuuss.png\" alt=\"\" width=\"75\" height=\"75\" srcset=\"https:\/\/aztex.ee\/wp-content\/uploads\/2024\/09\/bambuuss.png 204w, https:\/\/aztex.ee\/wp-content\/uploads\/2024\/09\/bambuuss-150x150.png 150w\" sizes=\"auto, (max-width: 75px) 100vw, 75px\" \/><\/p>\n","protected":false},"featured_media":79513,"comment_status":"open","ping_status":"closed","template":"","meta":[],"product_brand":[],"product_cat":[515,1770],"product_tag":[],"class_list":{"0":"post-79407","1":"product","2":"type-product","3":"status-publish","4":"has-post-thumbnail","6":"product_cat-bambusove-povlaky-na-polstare","7":"product_cat-povlaky-na-polstare","9":"first","10":"instock","11":"shipping-taxable","12":"purchasable","13":"product-type-variable"},"yoast_head":"<!-- This site is optimized with the Yoast SEO plugin v27.6 - https:\/\/yoast.com\/product\/yoast-seo-wordpress\/ -->\n<title>Bambusov\u00fd povlak na pol\u0161t\u00e1\u0159 - Pomeran\u010dov\u00fd | AZTEX<\/title>\n<meta name=\"description\" content=\"Pomeran\u010dov\u00fd 100% Bambusov\u00fd povlak na pol\u0161t\u00e1\u0159 je m\u011bkk\u00fd, prody\u0161n\u00fd, \u0161etrn\u00fd k poko\u017ece a antibakteri\u00e1ln\u00ed. Ide\u00e1ln\u00ed volba pro citlivou poko\u017eku, zaji\u0161\u0165uj\u00edc\u00ed sv\u011b\u017eest\" \/>\n<meta name=\"robots\" content=\"index, follow, max-snippet:-1, max-image-preview:large, max-video-preview:-1\" \/>\n<link rel=\"canonical\" href=\"https:\/\/aztex.ee\/cs\/pood\/bambusove-povlaky-na-polstare\/bambusovy-povlak-na-polstar-pomerancovy\/\" \/>\n<meta property=\"og:locale\" content=\"cs_CZ\" \/>\n<meta property=\"og:type\" content=\"article\" \/>\n<meta property=\"og:title\" content=\"Bambusov\u00fd povlak na pol\u0161t\u00e1\u0159 - Pomeran\u010dov\u00fd | AZTEX\" \/>\n<meta property=\"og:description\" content=\"Pomeran\u010dov\u00fd 100% Bambusov\u00fd povlak na pol\u0161t\u00e1\u0159 je m\u011bkk\u00fd, prody\u0161n\u00fd, \u0161etrn\u00fd k poko\u017ece a antibakteri\u00e1ln\u00ed. Ide\u00e1ln\u00ed volba pro citlivou poko\u017eku, zaji\u0161\u0165uj\u00edc\u00ed sv\u011b\u017eest\" \/>\n<meta property=\"og:url\" content=\"https:\/\/aztex.ee\/cs\/pood\/bambusove-povlaky-na-polstare\/bambusovy-povlak-na-polstar-pomerancovy\/\" \/>\n<meta property=\"og:site_name\" content=\"AZTEX\" \/>\n<meta property=\"article:publisher\" content=\"https:\/\/www.facebook.com\/AztexEE\" \/>\n<meta property=\"article:modified_time\" content=\"2025-04-14T15:08:08+00:00\" \/>\n<meta property=\"og:image\" content=\"https:\/\/aztex.ee\/wp-content\/uploads\/2025\/04\/Bambusest-padjapuur-Oranz.jpg\" \/>\n\t<meta property=\"og:image:width\" content=\"800\" \/>\n\t<meta property=\"og:image:height\" content=\"800\" \/>\n\t<meta property=\"og:image:type\" content=\"image\/jpeg\" \/>\n<meta name=\"twitter:card\" content=\"summary_large_image\" \/>\n<meta name=\"twitter:label1\" content=\"Odhadovan\u00e1 doba \u010dten\u00ed\" \/>\n\t<meta name=\"twitter:data1\" content=\"1 minuta\" \/>\n<script type=\"application\/ld+json\" class=\"yoast-schema-graph\">{\"@context\":\"https:\\\/\\\/schema.org\",\"@graph\":[{\"@type\":[\"WebPage\",\"ItemPage\"],\"@id\":\"https:\\\/\\\/aztex.ee\\\/cs\\\/pood\\\/bambusove-povlaky-na-polstare\\\/bambusovy-povlak-na-polstar-pomerancovy\\\/\",\"url\":\"https:\\\/\\\/aztex.ee\\\/cs\\\/pood\\\/bambusove-povlaky-na-polstare\\\/bambusovy-povlak-na-polstar-pomerancovy\\\/\",\"name\":\"Bambusov\u00fd povlak na pol\u0161t\u00e1\u0159 - Pomeran\u010dov\u00fd | AZTEX\",\"isPartOf\":{\"@id\":\"https:\\\/\\\/aztex.ee\\\/cs\\\/#website\"},\"primaryImageOfPage\":{\"@id\":\"https:\\\/\\\/aztex.ee\\\/cs\\\/pood\\\/bambusove-povlaky-na-polstare\\\/bambusovy-povlak-na-polstar-pomerancovy\\\/#primaryimage\"},\"image\":{\"@id\":\"https:\\\/\\\/aztex.ee\\\/cs\\\/pood\\\/bambusove-povlaky-na-polstare\\\/bambusovy-povlak-na-polstar-pomerancovy\\\/#primaryimage\"},\"thumbnailUrl\":\"https:\\\/\\\/aztex.ee\\\/wp-content\\\/uploads\\\/2025\\\/04\\\/Bambusest-padjapuur-Oranz.jpg\",\"datePublished\":\"2025-04-14T14:53:18+00:00\",\"dateModified\":\"2025-04-14T15:08:08+00:00\",\"description\":\"Pomeran\u010dov\u00fd 100% Bambusov\u00fd povlak na pol\u0161t\u00e1\u0159 je m\u011bkk\u00fd, prody\u0161n\u00fd, \u0161etrn\u00fd k poko\u017ece a antibakteri\u00e1ln\u00ed. Ide\u00e1ln\u00ed volba pro citlivou poko\u017eku, zaji\u0161\u0165uj\u00edc\u00ed sv\u011b\u017eest\",\"breadcrumb\":{\"@id\":\"https:\\\/\\\/aztex.ee\\\/cs\\\/pood\\\/bambusove-povlaky-na-polstare\\\/bambusovy-povlak-na-polstar-pomerancovy\\\/#breadcrumb\"},\"inLanguage\":\"cs\",\"potentialAction\":[{\"@type\":\"ReadAction\",\"target\":[\"https:\\\/\\\/aztex.ee\\\/cs\\\/pood\\\/bambusove-povlaky-na-polstare\\\/bambusovy-povlak-na-polstar-pomerancovy\\\/\"]}]},{\"@type\":\"ImageObject\",\"inLanguage\":\"cs\",\"@id\":\"https:\\\/\\\/aztex.ee\\\/cs\\\/pood\\\/bambusove-povlaky-na-polstare\\\/bambusovy-povlak-na-polstar-pomerancovy\\\/#primaryimage\",\"url\":\"https:\\\/\\\/aztex.ee\\\/wp-content\\\/uploads\\\/2025\\\/04\\\/Bambusest-padjapuur-Oranz.jpg\",\"contentUrl\":\"https:\\\/\\\/aztex.ee\\\/wp-content\\\/uploads\\\/2025\\\/04\\\/Bambusest-padjapuur-Oranz.jpg\",\"width\":800,\"height\":800,\"caption\":\"Bambusest padjap\u00fc\u00fcr Oran\u017e\"},{\"@type\":\"BreadcrumbList\",\"@id\":\"https:\\\/\\\/aztex.ee\\\/cs\\\/pood\\\/bambusove-povlaky-na-polstare\\\/bambusovy-povlak-na-polstar-pomerancovy\\\/#breadcrumb\",\"itemListElement\":[{\"@type\":\"ListItem\",\"position\":1,\"name\":\"Dom\u016f\",\"item\":\"https:\\\/\\\/aztex.ee\\\/cs\\\/\"},{\"@type\":\"ListItem\",\"position\":2,\"name\":\"Obchod\",\"item\":\"https:\\\/\\\/aztex.ee\\\/cs\\\/obchod\\\/\"},{\"@type\":\"ListItem\",\"position\":3,\"name\":\"Bambusov\u00fd povlak na pol\u0161t\u00e1\u0159 \u2013 Pomeran\u010dov\u00fd\"}]},{\"@type\":\"WebSite\",\"@id\":\"https:\\\/\\\/aztex.ee\\\/cs\\\/#website\",\"url\":\"https:\\\/\\\/aztex.ee\\\/cs\\\/\",\"name\":\"AZTEX\",\"description\":\"\",\"publisher\":{\"@id\":\"https:\\\/\\\/aztex.ee\\\/cs\\\/#organization\"},\"potentialAction\":[{\"@type\":\"SearchAction\",\"target\":{\"@type\":\"EntryPoint\",\"urlTemplate\":\"https:\\\/\\\/aztex.ee\\\/cs\\\/?s={search_term_string}\"},\"query-input\":{\"@type\":\"PropertyValueSpecification\",\"valueRequired\":true,\"valueName\":\"search_term_string\"}}],\"inLanguage\":\"cs\"},{\"@type\":\"Organization\",\"@id\":\"https:\\\/\\\/aztex.ee\\\/cs\\\/#organization\",\"name\":\"AZTEX\",\"url\":\"https:\\\/\\\/aztex.ee\\\/cs\\\/\",\"logo\":{\"@type\":\"ImageObject\",\"inLanguage\":\"cs\",\"@id\":\"https:\\\/\\\/aztex.ee\\\/cs\\\/#\\\/schema\\\/logo\\\/image\\\/\",\"url\":\"https:\\\/\\\/aztex.ee\\\/wp-content\\\/uploads\\\/2026\\\/01\\\/AZTEX.png\",\"contentUrl\":\"https:\\\/\\\/aztex.ee\\\/wp-content\\\/uploads\\\/2026\\\/01\\\/AZTEX.png\",\"width\":500,\"height\":500,\"caption\":\"AZTEX\"},\"image\":{\"@id\":\"https:\\\/\\\/aztex.ee\\\/cs\\\/#\\\/schema\\\/logo\\\/image\\\/\"},\"sameAs\":[\"https:\\\/\\\/www.facebook.com\\\/AztexEE\",\"https:\\\/\\\/www.instagram.com\\\/aztexeesti\\\/\",\"https:\\\/\\\/www.youtube.com\\\/@AZTEXEE\",\"https:\\\/\\\/www.pinterest.com\\\/aztex_eesti\\\/\",\"https:\\\/\\\/www.tiktok.com\\\/@aztexeesti\",\"https:\\\/\\\/www.trustpilot.com\\\/review\\\/aztex.ee\",\"https:\\\/\\\/www.linkedin.com\\\/company\\\/aztex-ee\\\/\",\"https:\\\/\\\/www.wikidata.org\\\/wiki\\\/Q137560182\"]}]}<\/script>\n<!-- \/ Yoast SEO plugin. -->","yoast_head_json":{"title":"Bambusov\u00fd povlak na pol\u0161t\u00e1\u0159 - Pomeran\u010dov\u00fd | AZTEX","description":"Pomeran\u010dov\u00fd 100% Bambusov\u00fd povlak na pol\u0161t\u00e1\u0159 je m\u011bkk\u00fd, prody\u0161n\u00fd, \u0161etrn\u00fd k poko\u017ece a antibakteri\u00e1ln\u00ed. Ide\u00e1ln\u00ed volba pro citlivou poko\u017eku, zaji\u0161\u0165uj\u00edc\u00ed sv\u011b\u017eest","robots":{"index":"index","follow":"follow","max-snippet":"max-snippet:-1","max-image-preview":"max-image-preview:large","max-video-preview":"max-video-preview:-1"},"canonical":"https:\/\/aztex.ee\/cs\/pood\/bambusove-povlaky-na-polstare\/bambusovy-povlak-na-polstar-pomerancovy\/","og_locale":"cs_CZ","og_type":"article","og_title":"Bambusov\u00fd povlak na pol\u0161t\u00e1\u0159 - Pomeran\u010dov\u00fd | AZTEX","og_description":"Pomeran\u010dov\u00fd 100% Bambusov\u00fd povlak na pol\u0161t\u00e1\u0159 je m\u011bkk\u00fd, prody\u0161n\u00fd, \u0161etrn\u00fd k poko\u017ece a antibakteri\u00e1ln\u00ed. Ide\u00e1ln\u00ed volba pro citlivou poko\u017eku, zaji\u0161\u0165uj\u00edc\u00ed sv\u011b\u017eest","og_url":"https:\/\/aztex.ee\/cs\/pood\/bambusove-povlaky-na-polstare\/bambusovy-povlak-na-polstar-pomerancovy\/","og_site_name":"AZTEX","article_publisher":"https:\/\/www.facebook.com\/AztexEE","article_modified_time":"2025-04-14T15:08:08+00:00","og_image":[{"width":800,"height":800,"url":"https:\/\/aztex.ee\/wp-content\/uploads\/2025\/04\/Bambusest-padjapuur-Oranz.jpg","type":"image\/jpeg"}],"twitter_card":"summary_large_image","twitter_misc":{"Odhadovan\u00e1 doba \u010dten\u00ed":"1 minuta"},"schema":{"@context":"https:\/\/schema.org","@graph":[{"@type":["WebPage","ItemPage"],"@id":"https:\/\/aztex.ee\/cs\/pood\/bambusove-povlaky-na-polstare\/bambusovy-povlak-na-polstar-pomerancovy\/","url":"https:\/\/aztex.ee\/cs\/pood\/bambusove-povlaky-na-polstare\/bambusovy-povlak-na-polstar-pomerancovy\/","name":"Bambusov\u00fd povlak na pol\u0161t\u00e1\u0159 - Pomeran\u010dov\u00fd | AZTEX","isPartOf":{"@id":"https:\/\/aztex.ee\/cs\/#website"},"primaryImageOfPage":{"@id":"https:\/\/aztex.ee\/cs\/pood\/bambusove-povlaky-na-polstare\/bambusovy-povlak-na-polstar-pomerancovy\/#primaryimage"},"image":{"@id":"https:\/\/aztex.ee\/cs\/pood\/bambusove-povlaky-na-polstare\/bambusovy-povlak-na-polstar-pomerancovy\/#primaryimage"},"thumbnailUrl":"https:\/\/aztex.ee\/wp-content\/uploads\/2025\/04\/Bambusest-padjapuur-Oranz.jpg","datePublished":"2025-04-14T14:53:18+00:00","dateModified":"2025-04-14T15:08:08+00:00","description":"Pomeran\u010dov\u00fd 100% Bambusov\u00fd povlak na pol\u0161t\u00e1\u0159 je m\u011bkk\u00fd, prody\u0161n\u00fd, \u0161etrn\u00fd k poko\u017ece a antibakteri\u00e1ln\u00ed. Ide\u00e1ln\u00ed volba pro citlivou poko\u017eku, zaji\u0161\u0165uj\u00edc\u00ed sv\u011b\u017eest","breadcrumb":{"@id":"https:\/\/aztex.ee\/cs\/pood\/bambusove-povlaky-na-polstare\/bambusovy-povlak-na-polstar-pomerancovy\/#breadcrumb"},"inLanguage":"cs","potentialAction":[{"@type":"ReadAction","target":["https:\/\/aztex.ee\/cs\/pood\/bambusove-povlaky-na-polstare\/bambusovy-povlak-na-polstar-pomerancovy\/"]}]},{"@type":"ImageObject","inLanguage":"cs","@id":"https:\/\/aztex.ee\/cs\/pood\/bambusove-povlaky-na-polstare\/bambusovy-povlak-na-polstar-pomerancovy\/#primaryimage","url":"https:\/\/aztex.ee\/wp-content\/uploads\/2025\/04\/Bambusest-padjapuur-Oranz.jpg","contentUrl":"https:\/\/aztex.ee\/wp-content\/uploads\/2025\/04\/Bambusest-padjapuur-Oranz.jpg","width":800,"height":800,"caption":"Bambusest padjap\u00fc\u00fcr Oran\u017e"},{"@type":"BreadcrumbList","@id":"https:\/\/aztex.ee\/cs\/pood\/bambusove-povlaky-na-polstare\/bambusovy-povlak-na-polstar-pomerancovy\/#breadcrumb","itemListElement":[{"@type":"ListItem","position":1,"name":"Dom\u016f","item":"https:\/\/aztex.ee\/cs\/"},{"@type":"ListItem","position":2,"name":"Obchod","item":"https:\/\/aztex.ee\/cs\/obchod\/"},{"@type":"ListItem","position":3,"name":"Bambusov\u00fd povlak na pol\u0161t\u00e1\u0159 \u2013 Pomeran\u010dov\u00fd"}]},{"@type":"WebSite","@id":"https:\/\/aztex.ee\/cs\/#website","url":"https:\/\/aztex.ee\/cs\/","name":"AZTEX","description":"","publisher":{"@id":"https:\/\/aztex.ee\/cs\/#organization"},"potentialAction":[{"@type":"SearchAction","target":{"@type":"EntryPoint","urlTemplate":"https:\/\/aztex.ee\/cs\/?s={search_term_string}"},"query-input":{"@type":"PropertyValueSpecification","valueRequired":true,"valueName":"search_term_string"}}],"inLanguage":"cs"},{"@type":"Organization","@id":"https:\/\/aztex.ee\/cs\/#organization","name":"AZTEX","url":"https:\/\/aztex.ee\/cs\/","logo":{"@type":"ImageObject","inLanguage":"cs","@id":"https:\/\/aztex.ee\/cs\/#\/schema\/logo\/image\/","url":"https:\/\/aztex.ee\/wp-content\/uploads\/2026\/01\/AZTEX.png","contentUrl":"https:\/\/aztex.ee\/wp-content\/uploads\/2026\/01\/AZTEX.png","width":500,"height":500,"caption":"AZTEX"},"image":{"@id":"https:\/\/aztex.ee\/cs\/#\/schema\/logo\/image\/"},"sameAs":["https:\/\/www.facebook.com\/AztexEE","https:\/\/www.instagram.com\/aztexeesti\/","https:\/\/www.youtube.com\/@AZTEXEE","https:\/\/www.pinterest.com\/aztex_eesti\/","https:\/\/www.tiktok.com\/@aztexeesti","https:\/\/www.trustpilot.com\/review\/aztex.ee","https:\/\/www.linkedin.com\/company\/aztex-ee\/","https:\/\/www.wikidata.org\/wiki\/Q137560182"]}]}},"_links":{"self":[{"href":"https:\/\/aztex.ee\/cs\/wp-json\/wp\/v2\/product\/79407","targetHints":{"allow":["GET"]}}],"collection":[{"href":"https:\/\/aztex.ee\/cs\/wp-json\/wp\/v2\/product"}],"about":[{"href":"https:\/\/aztex.ee\/cs\/wp-json\/wp\/v2\/types\/product"}],"replies":[{"embeddable":true,"href":"https:\/\/aztex.ee\/cs\/wp-json\/wp\/v2\/comments?post=79407"}],"version-history":[{"count":0,"href":"https:\/\/aztex.ee\/cs\/wp-json\/wp\/v2\/product\/79407\/revisions"}],"wp:featuredmedia":[{"embeddable":true,"href":"https:\/\/aztex.ee\/cs\/wp-json\/wp\/v2\/media\/79513"}],"wp:attachment":[{"href":"https:\/\/aztex.ee\/cs\/wp-json\/wp\/v2\/media?parent=79407"}],"wp:term":[{"taxonomy":"product_brand","embeddable":true,"href":"https:\/\/aztex.ee\/cs\/wp-json\/wp\/v2\/product_brand?post=79407"},{"taxonomy":"product_cat","embeddable":true,"href":"https:\/\/aztex.ee\/cs\/wp-json\/wp\/v2\/product_cat?post=79407"},{"taxonomy":"product_tag","embeddable":true,"href":"https:\/\/aztex.ee\/cs\/wp-json\/wp\/v2\/product_tag?post=79407"}],"curies":[{"name":"wp","href":"https:\/\/api.w.org\/{rel}","templated":true}]}}