{"id":73665,"date":"2025-03-28T22:57:25","date_gmt":"2025-03-28T22:57:25","guid":{"rendered":"https:\/\/aztex.ee\/?post_type=product&#038;p=73665"},"modified":"2026-04-12T18:52:29","modified_gmt":"2026-04-12T18:52:29","slug":"osuska","status":"publish","type":"product","link":"https:\/\/aztex.ee\/cs\/pood\/rucniky-a-osusky\/osuska\/","title":{"rendered":"Osu\u0161ka 70&#215;140 cm"},"content":{"rendered":"<p><strong>Bavln\u011bn\u00e1 osu\u0161ka &#8211; m\u011bkk\u00fd a k poko\u017ece p\u0159\u00edjemn\u00fd materi\u00e1l<\/strong><\/p>\n<p>Bavln\u011bn\u00e1 osu\u0161ka je vyrobena ze 100% vysoce kvalitn\u00ed bavlny, kter\u00e1 poskytuje mimo\u0159\u00e1dnou m\u011bkkost a pohodl\u00ed. Ka\u017ed\u00e9 pou\u017eit\u00ed p\u0159in\u00e1\u0161\u00ed jemn\u00fd dotek na poko\u017ece, tak\u017ee ka\u017ed\u00e9 myt\u00ed je p\u0159\u00edjemn\u00fdm z\u00e1\u017eitkem. Bavlna je \u0161etrn\u00e1 k poko\u017ece a je vhodn\u00e1 i pro citlivou poko\u017eku, poskytuje \u00fa\u010dinnou ochranu proti podr\u00e1\u017ed\u011bn\u00ed.<\/p>\n<p><strong>V\u00fdborn\u00e1 savost a rychl\u00e9 schnut\u00ed<\/strong><\/p>\n<p>Hust\u00e1 vazba osu\u0161ky zaji\u0161\u0165uje v\u00fdbornou savost, kter\u00e1 pom\u00e1h\u00e1 rychle absorbovat vlhkost a vysu\u0161ovat t\u011blo. To je d\u016fle\u017eit\u00e9 zejm\u00e9na pro pocit sv\u011b\u017eesti a rychl\u00e9ho vysu\u0161en\u00ed. Osu\u0161ka nav\u00edc rychle schne, je p\u0159ipravena k dal\u0161\u00edmu pou\u017eit\u00ed b\u011bhem kr\u00e1tk\u00e9 doby, ani\u017e by ztratila svou m\u011bkkost.<\/p>\n<p><strong>Dlouh\u00e1 \u017eivotnost a odolnost<\/strong><\/p>\n<p>D\u00edky vysoce kvalitn\u00ed bavln\u011b je tato osu\u0161ka extr\u00e9mn\u011b odoln\u00e1, zachov\u00e1v\u00e1 si sv\u016fj vzhled a vlastnosti i po n\u011bkolika vypr\u00e1n\u00ed. Osu\u0161ka neztr\u00e1c\u00ed svou m\u011bkkost ani savost ani \u010dast\u00fdm pou\u017e\u00edv\u00e1n\u00edm a pran\u00edm. Je to skv\u011bl\u00e1 investice, kter\u00e1 nab\u00edz\u00ed dlouhotrvaj\u00edc\u00ed pohodl\u00ed a odolnost.<\/p>\n<p><strong>V\u0161estrann\u00e9 pou\u017eit\u00ed<\/strong><\/p>\n<p>Bavln\u011bn\u00e1 osu\u0161ka se skv\u011ble hod\u00ed do ka\u017ed\u00e9 dom\u00e1c\u00ed koupelny, ale je tak\u00e9 skv\u011blou volbou do l\u00e1zn\u00ed, sauny nebo na pl\u00e1\u017e. A\u0165 u\u017e se jedn\u00e1 o rann\u00ed sprchu, ve\u010dern\u00ed koupel nebo si u\u017e\u00edv\u00e1te den volna \u2013 tato osu\u0161ka vnese do ka\u017ed\u00e9ho okam\u017eiku extra m\u011bkkost a teplo.<\/p>\n<p><strong>Snadn\u00e1 p\u00e9\u010de<\/strong><\/p>\n<p>Osu\u0161ka je nen\u00e1ro\u010dn\u00e1 na \u00fadr\u017ebu &#8211; lze ji pr\u00e1t v pra\u010dce a rychle schnou, svou kvalitu a sv\u011b\u017eest si zachov\u00e1v\u00e1 p\u0159i ka\u017ed\u00e9m pou\u017eit\u00ed. P\u0159irozen\u00e1 vlastnost bavlny ji \u010din\u00ed odolnou v\u016f\u010di pran\u00ed, a tak je osu\u0161ka v\u017edy p\u0159ipravena k dal\u0161\u00edmu pou\u017eit\u00ed. Nen\u00ed t\u0159eba se ob\u00e1vat vyblednut\u00ed barev, proto\u017ee je navr\u017een tak, aby vydr\u017eel a poskytoval dlouhodob\u00fd po\u017eitek.<\/p>\n<p>Bavln\u011bn\u00e1 osu\u0161ka je perfektn\u00edm dopl\u0148kem do ka\u017ed\u00e9 koupelny. Jeho elegantn\u00ed design a vysoce kvalitn\u00ed materi\u00e1l ozvl\u00e1\u0161tn\u00ed ka\u017edodenn\u00ed rutiny a zajist\u00ed teplo a m\u011bkkost p\u0159i ka\u017ed\u00e9m pou\u017eit\u00ed. Odolnost a snadn\u00e1 \u00fadr\u017eba osu\u0161ky zajist\u00ed dlouhotrvaj\u00edc\u00ed po\u017eitek, v\u017edy p\u0159ipraven\u00fd p\u0159in\u00e9st pohodl\u00ed do ka\u017ed\u00e9ho dne.<\/p>\n","protected":false},"excerpt":{"rendered":"<ul>\n<li>Materi\u00e1l: 100% bavlna<\/li>\n<li>Rozm\u011br: 70&#215;140 cm \u00b13<\/li>\n<li>Gram\u00e1\u017e: 450g\/m2<\/li>\n<\/ul>\n","protected":false},"featured_media":73767,"comment_status":"open","ping_status":"closed","template":"","meta":[],"product_brand":[],"product_cat":[474,1589,1703],"product_tag":[],"class_list":{"0":"post-73665","1":"product","2":"type-product","3":"status-publish","4":"has-post-thumbnail","6":"product_cat-rucniky-a-osusky","7":"product_cat-rucniky-do-koupelny","8":"product_cat-rucniky-do-koupelny-70x140-cm","10":"first","11":"instock","12":"shipping-taxable","13":"purchasable","14":"product-type-variable"},"yoast_head":"<!-- This site is optimized with the Yoast SEO plugin v27.4 - https:\/\/yoast.com\/product\/yoast-seo-wordpress\/ -->\n<title>Bavln\u011bn\u00e1 osu\u0161ka - M\u011bkk\u00e1 a Natural | AZTEX<\/title>\n<meta name=\"description\" content=\"Luxusn\u00ed, m\u011bkk\u00e1 a vysoce sav\u00e1 bavln\u011bn\u00e1 osu\u0161ka rychle schne. Dlouhotrvaj\u00edc\u00ed a jemn\u00fd na dotek, ide\u00e1ln\u00ed pro ka\u017edodenn\u00ed pou\u017eit\u00ed.\" \/>\n<meta name=\"robots\" content=\"index, follow, max-snippet:-1, max-image-preview:large, max-video-preview:-1\" \/>\n<link rel=\"canonical\" href=\"https:\/\/aztex.ee\/cs\/pood\/rucniky-a-osusky\/osuska\/\" \/>\n<meta property=\"og:locale\" content=\"cs_CZ\" \/>\n<meta property=\"og:type\" content=\"article\" \/>\n<meta property=\"og:title\" content=\"Bavln\u011bn\u00e1 osu\u0161ka - M\u011bkk\u00e1 a Natural | AZTEX\" \/>\n<meta property=\"og:description\" content=\"Luxusn\u00ed, m\u011bkk\u00e1 a vysoce sav\u00e1 bavln\u011bn\u00e1 osu\u0161ka rychle schne. Dlouhotrvaj\u00edc\u00ed a jemn\u00fd na dotek, ide\u00e1ln\u00ed pro ka\u017edodenn\u00ed pou\u017eit\u00ed.\" \/>\n<meta property=\"og:url\" content=\"https:\/\/aztex.ee\/cs\/pood\/rucniky-a-osusky\/osuska\/\" \/>\n<meta property=\"og:site_name\" content=\"AZTEX\" \/>\n<meta property=\"article:publisher\" content=\"https:\/\/www.facebook.com\/AztexEE\" \/>\n<meta property=\"article:modified_time\" content=\"2026-04-12T18:52:29+00:00\" \/>\n<meta property=\"og:image\" content=\"https:\/\/aztex.ee\/wp-content\/uploads\/2025\/03\/Vanniratik-70x140-2.jpg\" \/>\n\t<meta property=\"og:image:width\" content=\"800\" \/>\n\t<meta property=\"og:image:height\" content=\"800\" \/>\n\t<meta property=\"og:image:type\" content=\"image\/jpeg\" \/>\n<meta name=\"twitter:card\" content=\"summary_large_image\" \/>\n<meta name=\"twitter:label1\" content=\"Odhadovan\u00e1 doba \u010dten\u00ed\" \/>\n\t<meta name=\"twitter:data1\" content=\"2 minuta\" \/>\n<script type=\"application\/ld+json\" class=\"yoast-schema-graph\">{\"@context\":\"https:\\\/\\\/schema.org\",\"@graph\":[{\"@type\":[\"WebPage\",\"ItemPage\"],\"@id\":\"https:\\\/\\\/aztex.ee\\\/cs\\\/pood\\\/rucniky-a-osusky\\\/osuska\\\/\",\"url\":\"https:\\\/\\\/aztex.ee\\\/cs\\\/pood\\\/rucniky-a-osusky\\\/osuska\\\/\",\"name\":\"Bavln\u011bn\u00e1 osu\u0161ka - M\u011bkk\u00e1 a Natural | AZTEX\",\"isPartOf\":{\"@id\":\"https:\\\/\\\/aztex.ee\\\/cs\\\/#website\"},\"primaryImageOfPage\":{\"@id\":\"https:\\\/\\\/aztex.ee\\\/cs\\\/pood\\\/rucniky-a-osusky\\\/osuska\\\/#primaryimage\"},\"image\":{\"@id\":\"https:\\\/\\\/aztex.ee\\\/cs\\\/pood\\\/rucniky-a-osusky\\\/osuska\\\/#primaryimage\"},\"thumbnailUrl\":\"https:\\\/\\\/aztex.ee\\\/wp-content\\\/uploads\\\/2025\\\/03\\\/Vanniratik-70x140-2.jpg\",\"datePublished\":\"2025-03-28T22:57:25+00:00\",\"dateModified\":\"2026-04-12T18:52:29+00:00\",\"description\":\"Luxusn\u00ed, m\u011bkk\u00e1 a vysoce sav\u00e1 bavln\u011bn\u00e1 osu\u0161ka rychle schne. Dlouhotrvaj\u00edc\u00ed a jemn\u00fd na dotek, ide\u00e1ln\u00ed pro ka\u017edodenn\u00ed pou\u017eit\u00ed.\",\"breadcrumb\":{\"@id\":\"https:\\\/\\\/aztex.ee\\\/cs\\\/pood\\\/rucniky-a-osusky\\\/osuska\\\/#breadcrumb\"},\"inLanguage\":\"cs\",\"potentialAction\":[{\"@type\":\"ReadAction\",\"target\":[\"https:\\\/\\\/aztex.ee\\\/cs\\\/pood\\\/rucniky-a-osusky\\\/osuska\\\/\"]}]},{\"@type\":\"ImageObject\",\"inLanguage\":\"cs\",\"@id\":\"https:\\\/\\\/aztex.ee\\\/cs\\\/pood\\\/rucniky-a-osusky\\\/osuska\\\/#primaryimage\",\"url\":\"https:\\\/\\\/aztex.ee\\\/wp-content\\\/uploads\\\/2025\\\/03\\\/Vanniratik-70x140-2.jpg\",\"contentUrl\":\"https:\\\/\\\/aztex.ee\\\/wp-content\\\/uploads\\\/2025\\\/03\\\/Vanniratik-70x140-2.jpg\",\"width\":800,\"height\":800,\"caption\":\"Vannir\u00e4tik 70x140\"},{\"@type\":\"BreadcrumbList\",\"@id\":\"https:\\\/\\\/aztex.ee\\\/cs\\\/pood\\\/rucniky-a-osusky\\\/osuska\\\/#breadcrumb\",\"itemListElement\":[{\"@type\":\"ListItem\",\"position\":1,\"name\":\"Dom\u016f\",\"item\":\"https:\\\/\\\/aztex.ee\\\/cs\\\/\"},{\"@type\":\"ListItem\",\"position\":2,\"name\":\"Obchod\",\"item\":\"https:\\\/\\\/aztex.ee\\\/cs\\\/obchod\\\/\"},{\"@type\":\"ListItem\",\"position\":3,\"name\":\"Osu\u0161ka 70&#215;140 cm\"}]},{\"@type\":\"WebSite\",\"@id\":\"https:\\\/\\\/aztex.ee\\\/cs\\\/#website\",\"url\":\"https:\\\/\\\/aztex.ee\\\/cs\\\/\",\"name\":\"AZTEX\",\"description\":\"\",\"publisher\":{\"@id\":\"https:\\\/\\\/aztex.ee\\\/cs\\\/#organization\"},\"potentialAction\":[{\"@type\":\"SearchAction\",\"target\":{\"@type\":\"EntryPoint\",\"urlTemplate\":\"https:\\\/\\\/aztex.ee\\\/cs\\\/?s={search_term_string}\"},\"query-input\":{\"@type\":\"PropertyValueSpecification\",\"valueRequired\":true,\"valueName\":\"search_term_string\"}}],\"inLanguage\":\"cs\"},{\"@type\":\"Organization\",\"@id\":\"https:\\\/\\\/aztex.ee\\\/cs\\\/#organization\",\"name\":\"AZTEX\",\"url\":\"https:\\\/\\\/aztex.ee\\\/cs\\\/\",\"logo\":{\"@type\":\"ImageObject\",\"inLanguage\":\"cs\",\"@id\":\"https:\\\/\\\/aztex.ee\\\/cs\\\/#\\\/schema\\\/logo\\\/image\\\/\",\"url\":\"https:\\\/\\\/aztex.ee\\\/wp-content\\\/uploads\\\/2026\\\/01\\\/AZTEX.png\",\"contentUrl\":\"https:\\\/\\\/aztex.ee\\\/wp-content\\\/uploads\\\/2026\\\/01\\\/AZTEX.png\",\"width\":500,\"height\":500,\"caption\":\"AZTEX\"},\"image\":{\"@id\":\"https:\\\/\\\/aztex.ee\\\/cs\\\/#\\\/schema\\\/logo\\\/image\\\/\"},\"sameAs\":[\"https:\\\/\\\/www.facebook.com\\\/AztexEE\",\"https:\\\/\\\/www.instagram.com\\\/aztexeesti\\\/\",\"https:\\\/\\\/www.youtube.com\\\/@AZTEXEE\",\"https:\\\/\\\/www.pinterest.com\\\/aztex_eesti\\\/\",\"https:\\\/\\\/www.tiktok.com\\\/@aztexeesti\",\"https:\\\/\\\/www.trustpilot.com\\\/review\\\/aztex.ee\",\"https:\\\/\\\/www.linkedin.com\\\/company\\\/aztex-ee\\\/\",\"https:\\\/\\\/www.wikidata.org\\\/wiki\\\/Q137560182\"]}]}<\/script>\n<!-- \/ Yoast SEO plugin. -->","yoast_head_json":{"title":"Bavln\u011bn\u00e1 osu\u0161ka - M\u011bkk\u00e1 a Natural | AZTEX","description":"Luxusn\u00ed, m\u011bkk\u00e1 a vysoce sav\u00e1 bavln\u011bn\u00e1 osu\u0161ka rychle schne. Dlouhotrvaj\u00edc\u00ed a jemn\u00fd na dotek, ide\u00e1ln\u00ed pro ka\u017edodenn\u00ed pou\u017eit\u00ed.","robots":{"index":"index","follow":"follow","max-snippet":"max-snippet:-1","max-image-preview":"max-image-preview:large","max-video-preview":"max-video-preview:-1"},"canonical":"https:\/\/aztex.ee\/cs\/pood\/rucniky-a-osusky\/osuska\/","og_locale":"cs_CZ","og_type":"article","og_title":"Bavln\u011bn\u00e1 osu\u0161ka - M\u011bkk\u00e1 a Natural | AZTEX","og_description":"Luxusn\u00ed, m\u011bkk\u00e1 a vysoce sav\u00e1 bavln\u011bn\u00e1 osu\u0161ka rychle schne. Dlouhotrvaj\u00edc\u00ed a jemn\u00fd na dotek, ide\u00e1ln\u00ed pro ka\u017edodenn\u00ed pou\u017eit\u00ed.","og_url":"https:\/\/aztex.ee\/cs\/pood\/rucniky-a-osusky\/osuska\/","og_site_name":"AZTEX","article_publisher":"https:\/\/www.facebook.com\/AztexEE","article_modified_time":"2026-04-12T18:52:29+00:00","og_image":[{"width":800,"height":800,"url":"https:\/\/aztex.ee\/wp-content\/uploads\/2025\/03\/Vanniratik-70x140-2.jpg","type":"image\/jpeg"}],"twitter_card":"summary_large_image","twitter_misc":{"Odhadovan\u00e1 doba \u010dten\u00ed":"2 minuta"},"schema":{"@context":"https:\/\/schema.org","@graph":[{"@type":["WebPage","ItemPage"],"@id":"https:\/\/aztex.ee\/cs\/pood\/rucniky-a-osusky\/osuska\/","url":"https:\/\/aztex.ee\/cs\/pood\/rucniky-a-osusky\/osuska\/","name":"Bavln\u011bn\u00e1 osu\u0161ka - M\u011bkk\u00e1 a Natural | AZTEX","isPartOf":{"@id":"https:\/\/aztex.ee\/cs\/#website"},"primaryImageOfPage":{"@id":"https:\/\/aztex.ee\/cs\/pood\/rucniky-a-osusky\/osuska\/#primaryimage"},"image":{"@id":"https:\/\/aztex.ee\/cs\/pood\/rucniky-a-osusky\/osuska\/#primaryimage"},"thumbnailUrl":"https:\/\/aztex.ee\/wp-content\/uploads\/2025\/03\/Vanniratik-70x140-2.jpg","datePublished":"2025-03-28T22:57:25+00:00","dateModified":"2026-04-12T18:52:29+00:00","description":"Luxusn\u00ed, m\u011bkk\u00e1 a vysoce sav\u00e1 bavln\u011bn\u00e1 osu\u0161ka rychle schne. Dlouhotrvaj\u00edc\u00ed a jemn\u00fd na dotek, ide\u00e1ln\u00ed pro ka\u017edodenn\u00ed pou\u017eit\u00ed.","breadcrumb":{"@id":"https:\/\/aztex.ee\/cs\/pood\/rucniky-a-osusky\/osuska\/#breadcrumb"},"inLanguage":"cs","potentialAction":[{"@type":"ReadAction","target":["https:\/\/aztex.ee\/cs\/pood\/rucniky-a-osusky\/osuska\/"]}]},{"@type":"ImageObject","inLanguage":"cs","@id":"https:\/\/aztex.ee\/cs\/pood\/rucniky-a-osusky\/osuska\/#primaryimage","url":"https:\/\/aztex.ee\/wp-content\/uploads\/2025\/03\/Vanniratik-70x140-2.jpg","contentUrl":"https:\/\/aztex.ee\/wp-content\/uploads\/2025\/03\/Vanniratik-70x140-2.jpg","width":800,"height":800,"caption":"Vannir\u00e4tik 70x140"},{"@type":"BreadcrumbList","@id":"https:\/\/aztex.ee\/cs\/pood\/rucniky-a-osusky\/osuska\/#breadcrumb","itemListElement":[{"@type":"ListItem","position":1,"name":"Dom\u016f","item":"https:\/\/aztex.ee\/cs\/"},{"@type":"ListItem","position":2,"name":"Obchod","item":"https:\/\/aztex.ee\/cs\/obchod\/"},{"@type":"ListItem","position":3,"name":"Osu\u0161ka 70&#215;140 cm"}]},{"@type":"WebSite","@id":"https:\/\/aztex.ee\/cs\/#website","url":"https:\/\/aztex.ee\/cs\/","name":"AZTEX","description":"","publisher":{"@id":"https:\/\/aztex.ee\/cs\/#organization"},"potentialAction":[{"@type":"SearchAction","target":{"@type":"EntryPoint","urlTemplate":"https:\/\/aztex.ee\/cs\/?s={search_term_string}"},"query-input":{"@type":"PropertyValueSpecification","valueRequired":true,"valueName":"search_term_string"}}],"inLanguage":"cs"},{"@type":"Organization","@id":"https:\/\/aztex.ee\/cs\/#organization","name":"AZTEX","url":"https:\/\/aztex.ee\/cs\/","logo":{"@type":"ImageObject","inLanguage":"cs","@id":"https:\/\/aztex.ee\/cs\/#\/schema\/logo\/image\/","url":"https:\/\/aztex.ee\/wp-content\/uploads\/2026\/01\/AZTEX.png","contentUrl":"https:\/\/aztex.ee\/wp-content\/uploads\/2026\/01\/AZTEX.png","width":500,"height":500,"caption":"AZTEX"},"image":{"@id":"https:\/\/aztex.ee\/cs\/#\/schema\/logo\/image\/"},"sameAs":["https:\/\/www.facebook.com\/AztexEE","https:\/\/www.instagram.com\/aztexeesti\/","https:\/\/www.youtube.com\/@AZTEXEE","https:\/\/www.pinterest.com\/aztex_eesti\/","https:\/\/www.tiktok.com\/@aztexeesti","https:\/\/www.trustpilot.com\/review\/aztex.ee","https:\/\/www.linkedin.com\/company\/aztex-ee\/","https:\/\/www.wikidata.org\/wiki\/Q137560182"]}]}},"_links":{"self":[{"href":"https:\/\/aztex.ee\/cs\/wp-json\/wp\/v2\/product\/73665","targetHints":{"allow":["GET"]}}],"collection":[{"href":"https:\/\/aztex.ee\/cs\/wp-json\/wp\/v2\/product"}],"about":[{"href":"https:\/\/aztex.ee\/cs\/wp-json\/wp\/v2\/types\/product"}],"replies":[{"embeddable":true,"href":"https:\/\/aztex.ee\/cs\/wp-json\/wp\/v2\/comments?post=73665"}],"version-history":[{"count":0,"href":"https:\/\/aztex.ee\/cs\/wp-json\/wp\/v2\/product\/73665\/revisions"}],"wp:featuredmedia":[{"embeddable":true,"href":"https:\/\/aztex.ee\/cs\/wp-json\/wp\/v2\/media\/73767"}],"wp:attachment":[{"href":"https:\/\/aztex.ee\/cs\/wp-json\/wp\/v2\/media?parent=73665"}],"wp:term":[{"taxonomy":"product_brand","embeddable":true,"href":"https:\/\/aztex.ee\/cs\/wp-json\/wp\/v2\/product_brand?post=73665"},{"taxonomy":"product_cat","embeddable":true,"href":"https:\/\/aztex.ee\/cs\/wp-json\/wp\/v2\/product_cat?post=73665"},{"taxonomy":"product_tag","embeddable":true,"href":"https:\/\/aztex.ee\/cs\/wp-json\/wp\/v2\/product_tag?post=73665"}],"curies":[{"name":"wp","href":"https:\/\/api.w.org\/{rel}","templated":true}]}}