{"id":73119,"date":"2025-03-26T23:20:05","date_gmt":"2025-03-26T23:20:05","guid":{"rendered":"https:\/\/aztex.ee\/?post_type=product&#038;p=73119"},"modified":"2026-04-08T10:48:37","modified_gmt":"2026-04-08T10:48:37","slug":"bavlneny-rucnik-35x75-cm","status":"publish","type":"product","link":"https:\/\/aztex.ee\/cs\/pood\/rucniky-a-osusky\/bavlneny-rucnik-35x75-cm\/","title":{"rendered":"Bavln\u011bn\u00fd ru\u010dn\u00edk 35&#215;75 cm"},"content":{"rendered":"<p><strong>Bavln\u011bn\u00fd ru\u010dn\u00edk \u2013 m\u011bkkost a dlouhotrvaj\u00edc\u00ed kvalita<\/strong><\/p>\n<p>Bavlna je jedn\u00edm z nejobl\u00edben\u011bj\u0161\u00edch materi\u00e1l\u016f pro v\u00fdrobu ru\u010dn\u00edk\u016f, proto\u017ee je p\u0159irozen\u011b m\u011bkk\u00e1, prody\u0161n\u00e1 a p\u0159\u00edjemn\u00e1 k poko\u017ece. Tento ru\u010dn\u00edk je vyroben z vysoce kvalitn\u00ed bavlny, kter\u00e1 je p\u0159\u00edjemn\u011b jemn\u00e1 k poko\u017ece a je vhodn\u00e1 i pro citlivou poko\u017eku. P\u0159\u00edrodn\u00ed vl\u00e1kno propou\u0161t\u00ed vzduch, pom\u00e1h\u00e1 ru\u010dn\u00edku rychle schnout a poskytuje maxim\u00e1ln\u00ed pohodl\u00ed p\u0159i ka\u017edodenn\u00edm pou\u017e\u00edv\u00e1n\u00ed.<\/p>\n<p><strong>V\u00fdborn\u00e1 savost a rychl\u00e9 schnut\u00ed<\/strong><\/p>\n<p>Bavln\u011bn\u00fd ru\u010dn\u00edk rychle a \u00fa\u010dinn\u011b absorbuje vlhkost, tak\u017ee su\u0161en\u00ed je obzvl\u00e1\u0161t\u011b pohodln\u00e9 a p\u0159\u00edjemn\u00e9. D\u00edky tomu se skv\u011ble hod\u00ed do koupelny, sauny i na pl\u00e1\u017e. Bavln\u011bn\u00fd ru\u010dn\u00edk nav\u00edc rychle schne, co\u017e pom\u00e1h\u00e1 p\u0159edch\u00e1zet nep\u0159\u00edjemn\u00e9mu z\u00e1pachu a udr\u017e\u00ed ho dlouho sv\u011b\u017e\u00ed.<\/p>\n<p><strong>Odoln\u00e9 a kvalitn\u00ed<\/strong><\/p>\n<p>Pe\u010dliv\u011b vybran\u00fd materi\u00e1l a pevn\u00e9 \u0161vy zajist\u00ed, \u017ee ru\u010dn\u00edk vydr\u017e\u00ed \u010dast\u00e9 pran\u00ed, zachov\u00e1 si po dlouhou dobu svou m\u011bkkost a dobrou savost. D\u00edky kvalitn\u00ed technice tkan\u00ed se ru\u010dn\u00edk rychle nezacpe ani neztrat\u00ed sv\u016fj p\u016fvodn\u00ed tvar. To znamen\u00e1, \u017ee z\u016fstane v\u017edy m\u011bkk\u00fd a spolehliv\u00fd spole\u010dn\u00edk po cel\u00e1 l\u00e9ta.<\/p>\n<p><strong>Stylov\u00fd a v\u0161estrann\u00fd<\/strong><\/p>\n<p>Bavln\u011bn\u00fd ru\u010dn\u00edk je k dispozici v n\u011bkolika kr\u00e1sn\u00fdch barv\u00e1ch, kter\u00e9 dopln\u00ed ka\u017edou koupelnu. Klasick\u00fd a nad\u010dasov\u00fd design umo\u017e\u0148uje snadnou kombinaci s dal\u0161\u00edm koupelnov\u00fdm textilem.<\/p>\n<p><strong>Snadn\u00e1 p\u00e9\u010de a dlouhotrvaj\u00edc\u00ed sv\u011b\u017eest<\/strong><\/p>\n<p>Bavln\u011bn\u00fd ru\u010dn\u00edk se snadno udr\u017euje, lze jej pr\u00e1t v pra\u010dce a zachov\u00e1v\u00e1 si barvu a hebkost i po n\u011bkolika vypr\u00e1n\u00edch. Pro dosa\u017een\u00ed nejlep\u0161\u00edch v\u00fdsledk\u016f se doporu\u010duje ru\u010dn\u00edk pr\u00e1t na ni\u017e\u0161\u00ed teplotu a vyhnout se nadm\u011brn\u00e9mu pou\u017e\u00edv\u00e1n\u00ed aviv\u00e1\u017ee, kter\u00e1 m\u016f\u017ee ovlivnit savost. P\u0159i spr\u00e1vn\u00e9 p\u00e9\u010di z\u016fstane ru\u010dn\u00edk m\u011bkk\u00fd, sav\u00fd a p\u0159\u00edjemn\u011b sv\u011b\u017e\u00ed po dlouhou dobu.<\/p>\n<p>Bavln\u011bn\u00fd ru\u010dn\u00edk nab\u00edz\u00ed p\u0159irozenou m\u011bkkost, vynikaj\u00edc\u00ed savost a odolnost, d\u00edky \u010demu\u017e je spolehlivou a dlouhotrvaj\u00edc\u00ed volbou pro ka\u017edodenn\u00ed pou\u017eit\u00ed.<\/p>\n","protected":false},"excerpt":{"rendered":"<ul>\n<li>Materi\u00e1l: 100% bavlna<\/li>\n<li>Rozm\u011br: 35\u00d775 cm \u00b13<\/li>\n<li>Gram\u00e1\u017e: 450g\/m2<\/li>\n<\/ul>\n","protected":false},"featured_media":73261,"comment_status":"open","ping_status":"closed","template":"","meta":[],"product_brand":[],"product_cat":[1728,768,474],"product_tag":[],"class_list":{"0":"post-73119","1":"product","2":"type-product","3":"status-publish","4":"has-post-thumbnail","6":"product_cat-rucniky","7":"product_cat-rucniky-35x75-cm","8":"product_cat-rucniky-a-osusky","10":"first","11":"instock","12":"shipping-taxable","13":"purchasable","14":"product-type-variable"},"yoast_head":"<!-- This site is optimized with the Yoast SEO plugin v27.4 - https:\/\/yoast.com\/product\/yoast-seo-wordpress\/ -->\n<title>Bavln\u011bn\u00fd ru\u010dn\u00edk 100% bio bavlna | AZTEX<\/title>\n<meta name=\"description\" content=\"M\u011bkk\u00fd a vysoce sav\u00fd bavln\u011bn\u00fd ru\u010dn\u00edk je perfektn\u00ed volbou pro ka\u017edodenn\u00ed pou\u017eit\u00ed, nab\u00edz\u00ed v\u00fdjime\u010dnou kvalitu, dlouhotrvaj\u00edc\u00ed pohodl\u00ed a...\" \/>\n<meta name=\"robots\" content=\"index, follow, max-snippet:-1, max-image-preview:large, max-video-preview:-1\" \/>\n<link rel=\"canonical\" href=\"https:\/\/aztex.ee\/cs\/pood\/rucniky-a-osusky\/bavlneny-rucnik-35x75-cm\/\" \/>\n<meta property=\"og:locale\" content=\"cs_CZ\" \/>\n<meta property=\"og:type\" content=\"article\" \/>\n<meta property=\"og:title\" content=\"Bavln\u011bn\u00fd ru\u010dn\u00edk 100% bio bavlna | AZTEX\" \/>\n<meta property=\"og:description\" content=\"M\u011bkk\u00fd a vysoce sav\u00fd bavln\u011bn\u00fd ru\u010dn\u00edk je perfektn\u00ed volbou pro ka\u017edodenn\u00ed pou\u017eit\u00ed, nab\u00edz\u00ed v\u00fdjime\u010dnou kvalitu, dlouhotrvaj\u00edc\u00ed pohodl\u00ed a...\" \/>\n<meta property=\"og:url\" content=\"https:\/\/aztex.ee\/cs\/pood\/rucniky-a-osusky\/bavlneny-rucnik-35x75-cm\/\" \/>\n<meta property=\"og:site_name\" content=\"AZTEX\" \/>\n<meta property=\"article:publisher\" content=\"https:\/\/www.facebook.com\/AztexEE\" \/>\n<meta property=\"article:modified_time\" content=\"2026-04-08T10:48:37+00:00\" \/>\n<meta property=\"og:image\" content=\"https:\/\/aztex.ee\/wp-content\/uploads\/2025\/03\/Puuvillane-ratik-35x75-cm.jpg\" \/>\n\t<meta property=\"og:image:width\" content=\"800\" \/>\n\t<meta property=\"og:image:height\" content=\"800\" \/>\n\t<meta property=\"og:image:type\" content=\"image\/jpeg\" \/>\n<meta name=\"twitter:card\" content=\"summary_large_image\" \/>\n<meta name=\"twitter:label1\" content=\"Odhadovan\u00e1 doba \u010dten\u00ed\" \/>\n\t<meta name=\"twitter:data1\" content=\"2 minuta\" \/>\n<script type=\"application\/ld+json\" class=\"yoast-schema-graph\">{\"@context\":\"https:\\\/\\\/schema.org\",\"@graph\":[{\"@type\":[\"WebPage\",\"ItemPage\"],\"@id\":\"https:\\\/\\\/aztex.ee\\\/cs\\\/pood\\\/rucniky-a-osusky\\\/bavlneny-rucnik-35x75-cm\\\/\",\"url\":\"https:\\\/\\\/aztex.ee\\\/cs\\\/pood\\\/rucniky-a-osusky\\\/bavlneny-rucnik-35x75-cm\\\/\",\"name\":\"Bavln\u011bn\u00fd ru\u010dn\u00edk 100% bio bavlna | AZTEX\",\"isPartOf\":{\"@id\":\"https:\\\/\\\/aztex.ee\\\/cs\\\/#website\"},\"primaryImageOfPage\":{\"@id\":\"https:\\\/\\\/aztex.ee\\\/cs\\\/pood\\\/rucniky-a-osusky\\\/bavlneny-rucnik-35x75-cm\\\/#primaryimage\"},\"image\":{\"@id\":\"https:\\\/\\\/aztex.ee\\\/cs\\\/pood\\\/rucniky-a-osusky\\\/bavlneny-rucnik-35x75-cm\\\/#primaryimage\"},\"thumbnailUrl\":\"https:\\\/\\\/aztex.ee\\\/wp-content\\\/uploads\\\/2025\\\/03\\\/Puuvillane-ratik-35x75-cm.jpg\",\"datePublished\":\"2025-03-26T23:20:05+00:00\",\"dateModified\":\"2026-04-08T10:48:37+00:00\",\"description\":\"M\u011bkk\u00fd a vysoce sav\u00fd bavln\u011bn\u00fd ru\u010dn\u00edk je perfektn\u00ed volbou pro ka\u017edodenn\u00ed pou\u017eit\u00ed, nab\u00edz\u00ed v\u00fdjime\u010dnou kvalitu, dlouhotrvaj\u00edc\u00ed pohodl\u00ed a...\",\"breadcrumb\":{\"@id\":\"https:\\\/\\\/aztex.ee\\\/cs\\\/pood\\\/rucniky-a-osusky\\\/bavlneny-rucnik-35x75-cm\\\/#breadcrumb\"},\"inLanguage\":\"cs\",\"potentialAction\":[{\"@type\":\"ReadAction\",\"target\":[\"https:\\\/\\\/aztex.ee\\\/cs\\\/pood\\\/rucniky-a-osusky\\\/bavlneny-rucnik-35x75-cm\\\/\"]}]},{\"@type\":\"ImageObject\",\"inLanguage\":\"cs\",\"@id\":\"https:\\\/\\\/aztex.ee\\\/cs\\\/pood\\\/rucniky-a-osusky\\\/bavlneny-rucnik-35x75-cm\\\/#primaryimage\",\"url\":\"https:\\\/\\\/aztex.ee\\\/wp-content\\\/uploads\\\/2025\\\/03\\\/Puuvillane-ratik-35x75-cm.jpg\",\"contentUrl\":\"https:\\\/\\\/aztex.ee\\\/wp-content\\\/uploads\\\/2025\\\/03\\\/Puuvillane-ratik-35x75-cm.jpg\",\"width\":800,\"height\":800,\"caption\":\"Puuvillane r\u00e4tik 35x75 cm\"},{\"@type\":\"BreadcrumbList\",\"@id\":\"https:\\\/\\\/aztex.ee\\\/cs\\\/pood\\\/rucniky-a-osusky\\\/bavlneny-rucnik-35x75-cm\\\/#breadcrumb\",\"itemListElement\":[{\"@type\":\"ListItem\",\"position\":1,\"name\":\"Dom\u016f\",\"item\":\"https:\\\/\\\/aztex.ee\\\/cs\\\/\"},{\"@type\":\"ListItem\",\"position\":2,\"name\":\"Obchod\",\"item\":\"https:\\\/\\\/aztex.ee\\\/cs\\\/obchod\\\/\"},{\"@type\":\"ListItem\",\"position\":3,\"name\":\"Bavln\u011bn\u00fd ru\u010dn\u00edk 35&#215;75 cm\"}]},{\"@type\":\"WebSite\",\"@id\":\"https:\\\/\\\/aztex.ee\\\/cs\\\/#website\",\"url\":\"https:\\\/\\\/aztex.ee\\\/cs\\\/\",\"name\":\"AZTEX\",\"description\":\"\",\"publisher\":{\"@id\":\"https:\\\/\\\/aztex.ee\\\/cs\\\/#organization\"},\"potentialAction\":[{\"@type\":\"SearchAction\",\"target\":{\"@type\":\"EntryPoint\",\"urlTemplate\":\"https:\\\/\\\/aztex.ee\\\/cs\\\/?s={search_term_string}\"},\"query-input\":{\"@type\":\"PropertyValueSpecification\",\"valueRequired\":true,\"valueName\":\"search_term_string\"}}],\"inLanguage\":\"cs\"},{\"@type\":\"Organization\",\"@id\":\"https:\\\/\\\/aztex.ee\\\/cs\\\/#organization\",\"name\":\"AZTEX\",\"url\":\"https:\\\/\\\/aztex.ee\\\/cs\\\/\",\"logo\":{\"@type\":\"ImageObject\",\"inLanguage\":\"cs\",\"@id\":\"https:\\\/\\\/aztex.ee\\\/cs\\\/#\\\/schema\\\/logo\\\/image\\\/\",\"url\":\"https:\\\/\\\/aztex.ee\\\/wp-content\\\/uploads\\\/2026\\\/01\\\/AZTEX.png\",\"contentUrl\":\"https:\\\/\\\/aztex.ee\\\/wp-content\\\/uploads\\\/2026\\\/01\\\/AZTEX.png\",\"width\":500,\"height\":500,\"caption\":\"AZTEX\"},\"image\":{\"@id\":\"https:\\\/\\\/aztex.ee\\\/cs\\\/#\\\/schema\\\/logo\\\/image\\\/\"},\"sameAs\":[\"https:\\\/\\\/www.facebook.com\\\/AztexEE\",\"https:\\\/\\\/www.instagram.com\\\/aztexeesti\\\/\",\"https:\\\/\\\/www.youtube.com\\\/@AZTEXEE\",\"https:\\\/\\\/www.pinterest.com\\\/aztex_eesti\\\/\",\"https:\\\/\\\/www.tiktok.com\\\/@aztexeesti\",\"https:\\\/\\\/www.trustpilot.com\\\/review\\\/aztex.ee\",\"https:\\\/\\\/www.linkedin.com\\\/company\\\/aztex-ee\\\/\",\"https:\\\/\\\/www.wikidata.org\\\/wiki\\\/Q137560182\"]}]}<\/script>\n<!-- \/ Yoast SEO plugin. -->","yoast_head_json":{"title":"Bavln\u011bn\u00fd ru\u010dn\u00edk 100% bio bavlna | AZTEX","description":"M\u011bkk\u00fd a vysoce sav\u00fd bavln\u011bn\u00fd ru\u010dn\u00edk je perfektn\u00ed volbou pro ka\u017edodenn\u00ed pou\u017eit\u00ed, nab\u00edz\u00ed v\u00fdjime\u010dnou kvalitu, dlouhotrvaj\u00edc\u00ed pohodl\u00ed a...","robots":{"index":"index","follow":"follow","max-snippet":"max-snippet:-1","max-image-preview":"max-image-preview:large","max-video-preview":"max-video-preview:-1"},"canonical":"https:\/\/aztex.ee\/cs\/pood\/rucniky-a-osusky\/bavlneny-rucnik-35x75-cm\/","og_locale":"cs_CZ","og_type":"article","og_title":"Bavln\u011bn\u00fd ru\u010dn\u00edk 100% bio bavlna | AZTEX","og_description":"M\u011bkk\u00fd a vysoce sav\u00fd bavln\u011bn\u00fd ru\u010dn\u00edk je perfektn\u00ed volbou pro ka\u017edodenn\u00ed pou\u017eit\u00ed, nab\u00edz\u00ed v\u00fdjime\u010dnou kvalitu, dlouhotrvaj\u00edc\u00ed pohodl\u00ed a...","og_url":"https:\/\/aztex.ee\/cs\/pood\/rucniky-a-osusky\/bavlneny-rucnik-35x75-cm\/","og_site_name":"AZTEX","article_publisher":"https:\/\/www.facebook.com\/AztexEE","article_modified_time":"2026-04-08T10:48:37+00:00","og_image":[{"width":800,"height":800,"url":"https:\/\/aztex.ee\/wp-content\/uploads\/2025\/03\/Puuvillane-ratik-35x75-cm.jpg","type":"image\/jpeg"}],"twitter_card":"summary_large_image","twitter_misc":{"Odhadovan\u00e1 doba \u010dten\u00ed":"2 minuta"},"schema":{"@context":"https:\/\/schema.org","@graph":[{"@type":["WebPage","ItemPage"],"@id":"https:\/\/aztex.ee\/cs\/pood\/rucniky-a-osusky\/bavlneny-rucnik-35x75-cm\/","url":"https:\/\/aztex.ee\/cs\/pood\/rucniky-a-osusky\/bavlneny-rucnik-35x75-cm\/","name":"Bavln\u011bn\u00fd ru\u010dn\u00edk 100% bio bavlna | AZTEX","isPartOf":{"@id":"https:\/\/aztex.ee\/cs\/#website"},"primaryImageOfPage":{"@id":"https:\/\/aztex.ee\/cs\/pood\/rucniky-a-osusky\/bavlneny-rucnik-35x75-cm\/#primaryimage"},"image":{"@id":"https:\/\/aztex.ee\/cs\/pood\/rucniky-a-osusky\/bavlneny-rucnik-35x75-cm\/#primaryimage"},"thumbnailUrl":"https:\/\/aztex.ee\/wp-content\/uploads\/2025\/03\/Puuvillane-ratik-35x75-cm.jpg","datePublished":"2025-03-26T23:20:05+00:00","dateModified":"2026-04-08T10:48:37+00:00","description":"M\u011bkk\u00fd a vysoce sav\u00fd bavln\u011bn\u00fd ru\u010dn\u00edk je perfektn\u00ed volbou pro ka\u017edodenn\u00ed pou\u017eit\u00ed, nab\u00edz\u00ed v\u00fdjime\u010dnou kvalitu, dlouhotrvaj\u00edc\u00ed pohodl\u00ed a...","breadcrumb":{"@id":"https:\/\/aztex.ee\/cs\/pood\/rucniky-a-osusky\/bavlneny-rucnik-35x75-cm\/#breadcrumb"},"inLanguage":"cs","potentialAction":[{"@type":"ReadAction","target":["https:\/\/aztex.ee\/cs\/pood\/rucniky-a-osusky\/bavlneny-rucnik-35x75-cm\/"]}]},{"@type":"ImageObject","inLanguage":"cs","@id":"https:\/\/aztex.ee\/cs\/pood\/rucniky-a-osusky\/bavlneny-rucnik-35x75-cm\/#primaryimage","url":"https:\/\/aztex.ee\/wp-content\/uploads\/2025\/03\/Puuvillane-ratik-35x75-cm.jpg","contentUrl":"https:\/\/aztex.ee\/wp-content\/uploads\/2025\/03\/Puuvillane-ratik-35x75-cm.jpg","width":800,"height":800,"caption":"Puuvillane r\u00e4tik 35x75 cm"},{"@type":"BreadcrumbList","@id":"https:\/\/aztex.ee\/cs\/pood\/rucniky-a-osusky\/bavlneny-rucnik-35x75-cm\/#breadcrumb","itemListElement":[{"@type":"ListItem","position":1,"name":"Dom\u016f","item":"https:\/\/aztex.ee\/cs\/"},{"@type":"ListItem","position":2,"name":"Obchod","item":"https:\/\/aztex.ee\/cs\/obchod\/"},{"@type":"ListItem","position":3,"name":"Bavln\u011bn\u00fd ru\u010dn\u00edk 35&#215;75 cm"}]},{"@type":"WebSite","@id":"https:\/\/aztex.ee\/cs\/#website","url":"https:\/\/aztex.ee\/cs\/","name":"AZTEX","description":"","publisher":{"@id":"https:\/\/aztex.ee\/cs\/#organization"},"potentialAction":[{"@type":"SearchAction","target":{"@type":"EntryPoint","urlTemplate":"https:\/\/aztex.ee\/cs\/?s={search_term_string}"},"query-input":{"@type":"PropertyValueSpecification","valueRequired":true,"valueName":"search_term_string"}}],"inLanguage":"cs"},{"@type":"Organization","@id":"https:\/\/aztex.ee\/cs\/#organization","name":"AZTEX","url":"https:\/\/aztex.ee\/cs\/","logo":{"@type":"ImageObject","inLanguage":"cs","@id":"https:\/\/aztex.ee\/cs\/#\/schema\/logo\/image\/","url":"https:\/\/aztex.ee\/wp-content\/uploads\/2026\/01\/AZTEX.png","contentUrl":"https:\/\/aztex.ee\/wp-content\/uploads\/2026\/01\/AZTEX.png","width":500,"height":500,"caption":"AZTEX"},"image":{"@id":"https:\/\/aztex.ee\/cs\/#\/schema\/logo\/image\/"},"sameAs":["https:\/\/www.facebook.com\/AztexEE","https:\/\/www.instagram.com\/aztexeesti\/","https:\/\/www.youtube.com\/@AZTEXEE","https:\/\/www.pinterest.com\/aztex_eesti\/","https:\/\/www.tiktok.com\/@aztexeesti","https:\/\/www.trustpilot.com\/review\/aztex.ee","https:\/\/www.linkedin.com\/company\/aztex-ee\/","https:\/\/www.wikidata.org\/wiki\/Q137560182"]}]}},"_links":{"self":[{"href":"https:\/\/aztex.ee\/cs\/wp-json\/wp\/v2\/product\/73119","targetHints":{"allow":["GET"]}}],"collection":[{"href":"https:\/\/aztex.ee\/cs\/wp-json\/wp\/v2\/product"}],"about":[{"href":"https:\/\/aztex.ee\/cs\/wp-json\/wp\/v2\/types\/product"}],"replies":[{"embeddable":true,"href":"https:\/\/aztex.ee\/cs\/wp-json\/wp\/v2\/comments?post=73119"}],"version-history":[{"count":0,"href":"https:\/\/aztex.ee\/cs\/wp-json\/wp\/v2\/product\/73119\/revisions"}],"wp:featuredmedia":[{"embeddable":true,"href":"https:\/\/aztex.ee\/cs\/wp-json\/wp\/v2\/media\/73261"}],"wp:attachment":[{"href":"https:\/\/aztex.ee\/cs\/wp-json\/wp\/v2\/media?parent=73119"}],"wp:term":[{"taxonomy":"product_brand","embeddable":true,"href":"https:\/\/aztex.ee\/cs\/wp-json\/wp\/v2\/product_brand?post=73119"},{"taxonomy":"product_cat","embeddable":true,"href":"https:\/\/aztex.ee\/cs\/wp-json\/wp\/v2\/product_cat?post=73119"},{"taxonomy":"product_tag","embeddable":true,"href":"https:\/\/aztex.ee\/cs\/wp-json\/wp\/v2\/product_tag?post=73119"}],"curies":[{"name":"wp","href":"https:\/\/api.w.org\/{rel}","templated":true}]}}