{"id":71548,"date":"2025-03-25T16:35:27","date_gmt":"2025-03-25T16:35:27","guid":{"rendered":"https:\/\/aztex.ee\/?post_type=product&#038;p=71548"},"modified":"2025-07-25T11:53:04","modified_gmt":"2025-07-25T11:53:04","slug":"raschel-deka-220x240-cm","status":"publish","type":"product","link":"https:\/\/aztex.ee\/cs\/pood\/deky-a-pledy\/raschel-deka-220x240-cm\/","title":{"rendered":"Raschel deka 220&#215;240 cm | 3 kg"},"content":{"rendered":"<p><strong>Luxusn\u00ed a m\u011bkk\u00e1 deka Raschel &#8211; pohodl\u00ed v ka\u017ed\u00e9m ro\u010dn\u00edm obdob\u00ed<\/strong><\/p>\n<p>Deka Raschel v rozm\u011bru 220&#215;240 cm je ide\u00e1ln\u00ed volbou pro ty, kte\u0159\u00ed oce\u0148uj\u00ed teplo, m\u011bkkost a pohodl\u00ed. D\u00edky speci\u00e1ln\u00ed technice tkan\u00ed ra\u0161elem m\u00e1 tato deka v\u00fdjime\u010dn\u011b hustou a nad\u00fdchanou texturu, kter\u00e1 pom\u00e1h\u00e1 udr\u017eet teplo a vytv\u00e1\u0159\u00ed p\u0159\u00edjemn\u011b \u00fatuln\u00fd pocit. Je skv\u011bl\u00fdm spole\u010dn\u00edkem na chladn\u00e9 ve\u010dery, nab\u00edz\u00ed relaxaci jak v lo\u017enici, tak na pohovce v ob\u00fdvac\u00edm pokoji.<\/p>\n<p><strong>Vysoce kvalitn\u00ed a odoln\u00fd materi\u00e1l<\/strong><\/p>\n<p>Deka je vyrobena z m\u011bkk\u00e9ho a hust\u00e9ho vl\u00e1kna, kter\u00e9 zaji\u0161\u0165uje v\u00fdjime\u010dn\u011b p\u0159\u00edjemn\u00fd omak a vynikaj\u00edc\u00ed udr\u017een\u00ed tepla. Jej\u00ed hladk\u00fd a luxusn\u00ed povrch dod\u00e1v\u00e1 interi\u00e9ru elegantn\u00ed vzhled a \u010din\u00ed deku obzvl\u00e1\u0161t\u011b p\u0159\u00edjemnou p\u0159i pou\u017e\u00edv\u00e1n\u00ed. Odoln\u00e1 l\u00e1tka se nema\u010dk\u00e1 a zachov\u00e1v\u00e1 si kr\u00e1sn\u00fd vzhled i p\u0159i dlouhodob\u00e9m pou\u017e\u00edv\u00e1n\u00ed. D\u00edky tomu je spolehlivou volbou, kter\u00e1 bude poskytovat teplo a \u00fatulnost po cel\u00e1 l\u00e9ta bez kompromis\u016f v kvalit\u011b.<\/p>\n<p><strong>V\u0161estrann\u00e1 a stylov\u00e1 volba do ka\u017ed\u00e9ho interi\u00e9ru<\/strong><\/p>\n<p>Rozm\u011bry p\u0159ikr\u00fdvky 220&#215;240 cm poskytuj\u00ed dostatek prostoru jak pro o samot\u011b, tak pro sd\u00edlen\u00ed. D\u00edky sv\u00e9 univerz\u00e1ln\u00ed velikosti je ide\u00e1ln\u00ed volbou pro span\u00ed na posteli, \u010dten\u00ed na pohovce nebo dokonce relaxaci na terase za chladn\u00e9ho ve\u010dera. M\u011bkk\u00fd a h\u0159ejiv\u00fd materi\u00e1l poskytuje t\u011blu p\u0159\u00edjemnou ochranu v ka\u017ed\u00e9 situaci. Nav\u00edc je nejen praktick\u00fd, ale i stylov\u00fd interi\u00e9rov\u00fd prvek, kter\u00fd dopln\u00ed ka\u017ed\u00fd interi\u00e9r a navod\u00ed luxusn\u011bj\u0161\u00ed a dom\u00e1ckej\u0161\u00ed pocit.<\/p>\n<p><strong>Snadn\u00e1 p\u00e9\u010de a dlouhotrvaj\u00edc\u00ed kr\u00e1sa<\/strong><\/p>\n<p>Pro zachov\u00e1n\u00ed kr\u00e1sn\u00e9ho vzhledu a hebkosti p\u0159ikr\u00fdvky se doporu\u010duje ru\u010dn\u00ed pran\u00ed nebo chemick\u00e9 \u010di\u0161t\u011bn\u00ed. Po vypr\u00e1n\u00ed by m\u011bla b\u00fdt deka vysu\u0161ena na vzduchu, vyvarujte se p\u0159\u00edm\u00e9ho tepla, kter\u00e9 m\u016f\u017ee po\u0161kodit materi\u00e1l. D\u00edky kvalitn\u00ed a pe\u010dliv\u011b zpracovan\u00e9 l\u00e1tce si p\u0159ikr\u00fdvka zachov\u00e1v\u00e1 svou hebkost a reprezentativn\u00ed vzhled i po n\u011bkolika pou\u017eit\u00edch. To znamen\u00e1, \u017ee bude v\u017edy vypadat jako nov\u00fd a poskytne pohodl\u00ed a teplo po dlouhou dobu.<\/p>\n<p><strong>Najd\u011bte si sv\u016fj obl\u00edben\u00fd styl<\/strong><\/p>\n<p>Raschelov\u00e9 p\u0159ikr\u00fdvky jsou k dispozici v r\u016fzn\u00fdch barv\u00e1ch a vzorech, aby vyhovovaly ka\u017ed\u00e9mu vkusu a interi\u00e9ru. Klasick\u00e9 pln\u00e9 barvy dod\u00e1vaj\u00ed m\u00edstnosti klidn\u00fd a elegantn\u00ed n\u00e1dech, zat\u00edmco vzorovan\u00e9 mo\u017enosti dod\u00e1vaj\u00ed \u017eivost a osobitost.<\/p>\n<p>Raschel deky jsou perfektn\u00ed volbou, kter\u00e1 kombinuje eleganci, pohodl\u00ed a odolnost. S t\u00edmto m\u011bkk\u00fdm a h\u0159ejiv\u00fdm materi\u00e1lem si u\u017eijete \u00fatulnost v ka\u017ed\u00e9m ro\u010dn\u00edm obdob\u00ed a vytvo\u0159\u00edte tak p\u0159\u00edjemnou a luxusn\u00ed atmosf\u00e9ru ve va\u0161em domov\u011b.<\/p>\n","protected":false},"excerpt":{"rendered":"<ul>\n<li>Materi\u00e1l: Polyester<\/li>\n<li>Rozm\u011br: 220&#215;240 cm \u00b13<\/li>\n<li>Gram\u00e1\u017e: 3 kg<\/li>\n<\/ul>\n","protected":false},"featured_media":71650,"comment_status":"open","ping_status":"closed","template":"","meta":[],"product_brand":[],"product_cat":[1862,3037,3100],"product_tag":[],"class_list":{"0":"post-71548","1":"product","2":"type-product","3":"status-publish","4":"has-post-thumbnail","6":"product_cat-deky-a-pledy","7":"product_cat-raschel-prikryvky","8":"product_cat-raschel-prikryvky-220x240-cm","10":"first","11":"instock","12":"shipping-taxable","13":"purchasable","14":"product-type-variable"},"yoast_head":"<!-- This site is optimized with the Yoast SEO plugin v27.3 - https:\/\/yoast.com\/product\/yoast-seo-wordpress\/ -->\n<title>Raschel deka 220x240 cm | AZTEX<\/title>\n<meta name=\"description\" content=\"Tato tepl\u00e1 a m\u011bkk\u00e1 deka Raschel nab\u00edz\u00ed luxusn\u00ed pohodl\u00ed a vynikaj\u00edc\u00ed teplo. Odoln\u00e9 a nen\u00e1ro\u010dn\u00e9 na \u00fadr\u017ebu \u2013 perfektn\u00ed volba pro ka\u017ed\u00e9 ro\u010dn\u00ed obdob\u00ed!\" \/>\n<meta name=\"robots\" content=\"index, follow, max-snippet:-1, max-image-preview:large, max-video-preview:-1\" \/>\n<link rel=\"canonical\" href=\"https:\/\/aztex.ee\/cs\/pood\/deky-a-pledy\/raschel-deka-220x240-cm\/\" \/>\n<meta property=\"og:locale\" content=\"cs_CZ\" \/>\n<meta property=\"og:type\" content=\"article\" \/>\n<meta property=\"og:title\" content=\"Raschel deka 220x240 cm | AZTEX\" \/>\n<meta property=\"og:description\" content=\"Tato tepl\u00e1 a m\u011bkk\u00e1 deka Raschel nab\u00edz\u00ed luxusn\u00ed pohodl\u00ed a vynikaj\u00edc\u00ed teplo. Odoln\u00e9 a nen\u00e1ro\u010dn\u00e9 na \u00fadr\u017ebu \u2013 perfektn\u00ed volba pro ka\u017ed\u00e9 ro\u010dn\u00ed obdob\u00ed!\" \/>\n<meta property=\"og:url\" content=\"https:\/\/aztex.ee\/cs\/pood\/deky-a-pledy\/raschel-deka-220x240-cm\/\" \/>\n<meta property=\"og:site_name\" content=\"AZTEX\" \/>\n<meta property=\"article:publisher\" content=\"https:\/\/www.facebook.com\/AztexEE\" \/>\n<meta property=\"article:modified_time\" content=\"2025-07-25T11:53:04+00:00\" \/>\n<meta property=\"og:image\" content=\"https:\/\/aztex.ee\/wp-content\/uploads\/2025\/03\/Raschel-tekk-Black-Feather.jpg\" \/>\n\t<meta property=\"og:image:width\" content=\"800\" \/>\n\t<meta property=\"og:image:height\" content=\"800\" \/>\n\t<meta property=\"og:image:type\" content=\"image\/jpeg\" \/>\n<meta name=\"twitter:card\" content=\"summary_large_image\" \/>\n<meta name=\"twitter:label1\" content=\"Odhadovan\u00e1 doba \u010dten\u00ed\" \/>\n\t<meta name=\"twitter:data1\" content=\"3 minuta\" \/>\n<script type=\"application\/ld+json\" class=\"yoast-schema-graph\">{\"@context\":\"https:\\\/\\\/schema.org\",\"@graph\":[{\"@type\":[\"WebPage\",\"ItemPage\"],\"@id\":\"https:\\\/\\\/aztex.ee\\\/cs\\\/pood\\\/deky-a-pledy\\\/raschel-deka-220x240-cm\\\/\",\"url\":\"https:\\\/\\\/aztex.ee\\\/cs\\\/pood\\\/deky-a-pledy\\\/raschel-deka-220x240-cm\\\/\",\"name\":\"Raschel deka 220x240 cm | AZTEX\",\"isPartOf\":{\"@id\":\"https:\\\/\\\/aztex.ee\\\/cs\\\/#website\"},\"primaryImageOfPage\":{\"@id\":\"https:\\\/\\\/aztex.ee\\\/cs\\\/pood\\\/deky-a-pledy\\\/raschel-deka-220x240-cm\\\/#primaryimage\"},\"image\":{\"@id\":\"https:\\\/\\\/aztex.ee\\\/cs\\\/pood\\\/deky-a-pledy\\\/raschel-deka-220x240-cm\\\/#primaryimage\"},\"thumbnailUrl\":\"https:\\\/\\\/aztex.ee\\\/wp-content\\\/uploads\\\/2025\\\/03\\\/Raschel-tekk-Black-Feather.jpg\",\"datePublished\":\"2025-03-25T16:35:27+00:00\",\"dateModified\":\"2025-07-25T11:53:04+00:00\",\"description\":\"Tato tepl\u00e1 a m\u011bkk\u00e1 deka Raschel nab\u00edz\u00ed luxusn\u00ed pohodl\u00ed a vynikaj\u00edc\u00ed teplo. Odoln\u00e9 a nen\u00e1ro\u010dn\u00e9 na \u00fadr\u017ebu \u2013 perfektn\u00ed volba pro ka\u017ed\u00e9 ro\u010dn\u00ed obdob\u00ed!\",\"breadcrumb\":{\"@id\":\"https:\\\/\\\/aztex.ee\\\/cs\\\/pood\\\/deky-a-pledy\\\/raschel-deka-220x240-cm\\\/#breadcrumb\"},\"inLanguage\":\"cs\",\"potentialAction\":[{\"@type\":\"ReadAction\",\"target\":[\"https:\\\/\\\/aztex.ee\\\/cs\\\/pood\\\/deky-a-pledy\\\/raschel-deka-220x240-cm\\\/\"]}]},{\"@type\":\"ImageObject\",\"inLanguage\":\"cs\",\"@id\":\"https:\\\/\\\/aztex.ee\\\/cs\\\/pood\\\/deky-a-pledy\\\/raschel-deka-220x240-cm\\\/#primaryimage\",\"url\":\"https:\\\/\\\/aztex.ee\\\/wp-content\\\/uploads\\\/2025\\\/03\\\/Raschel-tekk-Black-Feather.jpg\",\"contentUrl\":\"https:\\\/\\\/aztex.ee\\\/wp-content\\\/uploads\\\/2025\\\/03\\\/Raschel-tekk-Black-Feather.jpg\",\"width\":800,\"height\":800,\"caption\":\"Raschel tekk 220x240 cm\"},{\"@type\":\"BreadcrumbList\",\"@id\":\"https:\\\/\\\/aztex.ee\\\/cs\\\/pood\\\/deky-a-pledy\\\/raschel-deka-220x240-cm\\\/#breadcrumb\",\"itemListElement\":[{\"@type\":\"ListItem\",\"position\":1,\"name\":\"Dom\u016f\",\"item\":\"https:\\\/\\\/aztex.ee\\\/cs\\\/\"},{\"@type\":\"ListItem\",\"position\":2,\"name\":\"Obchod\",\"item\":\"https:\\\/\\\/aztex.ee\\\/cs\\\/obchod\\\/\"},{\"@type\":\"ListItem\",\"position\":3,\"name\":\"Raschel deka 220&#215;240 cm | 3 kg\"}]},{\"@type\":\"WebSite\",\"@id\":\"https:\\\/\\\/aztex.ee\\\/cs\\\/#website\",\"url\":\"https:\\\/\\\/aztex.ee\\\/cs\\\/\",\"name\":\"AZTEX\",\"description\":\"\",\"publisher\":{\"@id\":\"https:\\\/\\\/aztex.ee\\\/cs\\\/#organization\"},\"potentialAction\":[{\"@type\":\"SearchAction\",\"target\":{\"@type\":\"EntryPoint\",\"urlTemplate\":\"https:\\\/\\\/aztex.ee\\\/cs\\\/?s={search_term_string}\"},\"query-input\":{\"@type\":\"PropertyValueSpecification\",\"valueRequired\":true,\"valueName\":\"search_term_string\"}}],\"inLanguage\":\"cs\"},{\"@type\":\"Organization\",\"@id\":\"https:\\\/\\\/aztex.ee\\\/cs\\\/#organization\",\"name\":\"AZTEX\",\"url\":\"https:\\\/\\\/aztex.ee\\\/cs\\\/\",\"logo\":{\"@type\":\"ImageObject\",\"inLanguage\":\"cs\",\"@id\":\"https:\\\/\\\/aztex.ee\\\/cs\\\/#\\\/schema\\\/logo\\\/image\\\/\",\"url\":\"https:\\\/\\\/aztex.ee\\\/wp-content\\\/uploads\\\/2026\\\/01\\\/AZTEX.png\",\"contentUrl\":\"https:\\\/\\\/aztex.ee\\\/wp-content\\\/uploads\\\/2026\\\/01\\\/AZTEX.png\",\"width\":500,\"height\":500,\"caption\":\"AZTEX\"},\"image\":{\"@id\":\"https:\\\/\\\/aztex.ee\\\/cs\\\/#\\\/schema\\\/logo\\\/image\\\/\"},\"sameAs\":[\"https:\\\/\\\/www.facebook.com\\\/AztexEE\",\"https:\\\/\\\/www.instagram.com\\\/aztexeesti\\\/\",\"https:\\\/\\\/www.youtube.com\\\/@AZTEXEE\",\"https:\\\/\\\/www.pinterest.com\\\/aztex_eesti\\\/\",\"https:\\\/\\\/www.tiktok.com\\\/@aztexeesti\",\"https:\\\/\\\/www.trustpilot.com\\\/review\\\/aztex.ee\",\"https:\\\/\\\/www.linkedin.com\\\/company\\\/aztex-ee\\\/\",\"https:\\\/\\\/www.wikidata.org\\\/wiki\\\/Q137560182\"]}]}<\/script>\n<!-- \/ Yoast SEO plugin. -->","yoast_head_json":{"title":"Raschel deka 220x240 cm | AZTEX","description":"Tato tepl\u00e1 a m\u011bkk\u00e1 deka Raschel nab\u00edz\u00ed luxusn\u00ed pohodl\u00ed a vynikaj\u00edc\u00ed teplo. Odoln\u00e9 a nen\u00e1ro\u010dn\u00e9 na \u00fadr\u017ebu \u2013 perfektn\u00ed volba pro ka\u017ed\u00e9 ro\u010dn\u00ed obdob\u00ed!","robots":{"index":"index","follow":"follow","max-snippet":"max-snippet:-1","max-image-preview":"max-image-preview:large","max-video-preview":"max-video-preview:-1"},"canonical":"https:\/\/aztex.ee\/cs\/pood\/deky-a-pledy\/raschel-deka-220x240-cm\/","og_locale":"cs_CZ","og_type":"article","og_title":"Raschel deka 220x240 cm | AZTEX","og_description":"Tato tepl\u00e1 a m\u011bkk\u00e1 deka Raschel nab\u00edz\u00ed luxusn\u00ed pohodl\u00ed a vynikaj\u00edc\u00ed teplo. Odoln\u00e9 a nen\u00e1ro\u010dn\u00e9 na \u00fadr\u017ebu \u2013 perfektn\u00ed volba pro ka\u017ed\u00e9 ro\u010dn\u00ed obdob\u00ed!","og_url":"https:\/\/aztex.ee\/cs\/pood\/deky-a-pledy\/raschel-deka-220x240-cm\/","og_site_name":"AZTEX","article_publisher":"https:\/\/www.facebook.com\/AztexEE","article_modified_time":"2025-07-25T11:53:04+00:00","og_image":[{"width":800,"height":800,"url":"https:\/\/aztex.ee\/wp-content\/uploads\/2025\/03\/Raschel-tekk-Black-Feather.jpg","type":"image\/jpeg"}],"twitter_card":"summary_large_image","twitter_misc":{"Odhadovan\u00e1 doba \u010dten\u00ed":"3 minuta"},"schema":{"@context":"https:\/\/schema.org","@graph":[{"@type":["WebPage","ItemPage"],"@id":"https:\/\/aztex.ee\/cs\/pood\/deky-a-pledy\/raschel-deka-220x240-cm\/","url":"https:\/\/aztex.ee\/cs\/pood\/deky-a-pledy\/raschel-deka-220x240-cm\/","name":"Raschel deka 220x240 cm | AZTEX","isPartOf":{"@id":"https:\/\/aztex.ee\/cs\/#website"},"primaryImageOfPage":{"@id":"https:\/\/aztex.ee\/cs\/pood\/deky-a-pledy\/raschel-deka-220x240-cm\/#primaryimage"},"image":{"@id":"https:\/\/aztex.ee\/cs\/pood\/deky-a-pledy\/raschel-deka-220x240-cm\/#primaryimage"},"thumbnailUrl":"https:\/\/aztex.ee\/wp-content\/uploads\/2025\/03\/Raschel-tekk-Black-Feather.jpg","datePublished":"2025-03-25T16:35:27+00:00","dateModified":"2025-07-25T11:53:04+00:00","description":"Tato tepl\u00e1 a m\u011bkk\u00e1 deka Raschel nab\u00edz\u00ed luxusn\u00ed pohodl\u00ed a vynikaj\u00edc\u00ed teplo. Odoln\u00e9 a nen\u00e1ro\u010dn\u00e9 na \u00fadr\u017ebu \u2013 perfektn\u00ed volba pro ka\u017ed\u00e9 ro\u010dn\u00ed obdob\u00ed!","breadcrumb":{"@id":"https:\/\/aztex.ee\/cs\/pood\/deky-a-pledy\/raschel-deka-220x240-cm\/#breadcrumb"},"inLanguage":"cs","potentialAction":[{"@type":"ReadAction","target":["https:\/\/aztex.ee\/cs\/pood\/deky-a-pledy\/raschel-deka-220x240-cm\/"]}]},{"@type":"ImageObject","inLanguage":"cs","@id":"https:\/\/aztex.ee\/cs\/pood\/deky-a-pledy\/raschel-deka-220x240-cm\/#primaryimage","url":"https:\/\/aztex.ee\/wp-content\/uploads\/2025\/03\/Raschel-tekk-Black-Feather.jpg","contentUrl":"https:\/\/aztex.ee\/wp-content\/uploads\/2025\/03\/Raschel-tekk-Black-Feather.jpg","width":800,"height":800,"caption":"Raschel tekk 220x240 cm"},{"@type":"BreadcrumbList","@id":"https:\/\/aztex.ee\/cs\/pood\/deky-a-pledy\/raschel-deka-220x240-cm\/#breadcrumb","itemListElement":[{"@type":"ListItem","position":1,"name":"Dom\u016f","item":"https:\/\/aztex.ee\/cs\/"},{"@type":"ListItem","position":2,"name":"Obchod","item":"https:\/\/aztex.ee\/cs\/obchod\/"},{"@type":"ListItem","position":3,"name":"Raschel deka 220&#215;240 cm | 3 kg"}]},{"@type":"WebSite","@id":"https:\/\/aztex.ee\/cs\/#website","url":"https:\/\/aztex.ee\/cs\/","name":"AZTEX","description":"","publisher":{"@id":"https:\/\/aztex.ee\/cs\/#organization"},"potentialAction":[{"@type":"SearchAction","target":{"@type":"EntryPoint","urlTemplate":"https:\/\/aztex.ee\/cs\/?s={search_term_string}"},"query-input":{"@type":"PropertyValueSpecification","valueRequired":true,"valueName":"search_term_string"}}],"inLanguage":"cs"},{"@type":"Organization","@id":"https:\/\/aztex.ee\/cs\/#organization","name":"AZTEX","url":"https:\/\/aztex.ee\/cs\/","logo":{"@type":"ImageObject","inLanguage":"cs","@id":"https:\/\/aztex.ee\/cs\/#\/schema\/logo\/image\/","url":"https:\/\/aztex.ee\/wp-content\/uploads\/2026\/01\/AZTEX.png","contentUrl":"https:\/\/aztex.ee\/wp-content\/uploads\/2026\/01\/AZTEX.png","width":500,"height":500,"caption":"AZTEX"},"image":{"@id":"https:\/\/aztex.ee\/cs\/#\/schema\/logo\/image\/"},"sameAs":["https:\/\/www.facebook.com\/AztexEE","https:\/\/www.instagram.com\/aztexeesti\/","https:\/\/www.youtube.com\/@AZTEXEE","https:\/\/www.pinterest.com\/aztex_eesti\/","https:\/\/www.tiktok.com\/@aztexeesti","https:\/\/www.trustpilot.com\/review\/aztex.ee","https:\/\/www.linkedin.com\/company\/aztex-ee\/","https:\/\/www.wikidata.org\/wiki\/Q137560182"]}]}},"_links":{"self":[{"href":"https:\/\/aztex.ee\/cs\/wp-json\/wp\/v2\/product\/71548","targetHints":{"allow":["GET"]}}],"collection":[{"href":"https:\/\/aztex.ee\/cs\/wp-json\/wp\/v2\/product"}],"about":[{"href":"https:\/\/aztex.ee\/cs\/wp-json\/wp\/v2\/types\/product"}],"replies":[{"embeddable":true,"href":"https:\/\/aztex.ee\/cs\/wp-json\/wp\/v2\/comments?post=71548"}],"version-history":[{"count":0,"href":"https:\/\/aztex.ee\/cs\/wp-json\/wp\/v2\/product\/71548\/revisions"}],"wp:featuredmedia":[{"embeddable":true,"href":"https:\/\/aztex.ee\/cs\/wp-json\/wp\/v2\/media\/71650"}],"wp:attachment":[{"href":"https:\/\/aztex.ee\/cs\/wp-json\/wp\/v2\/media?parent=71548"}],"wp:term":[{"taxonomy":"product_brand","embeddable":true,"href":"https:\/\/aztex.ee\/cs\/wp-json\/wp\/v2\/product_brand?post=71548"},{"taxonomy":"product_cat","embeddable":true,"href":"https:\/\/aztex.ee\/cs\/wp-json\/wp\/v2\/product_cat?post=71548"},{"taxonomy":"product_tag","embeddable":true,"href":"https:\/\/aztex.ee\/cs\/wp-json\/wp\/v2\/product_tag?post=71548"}],"curies":[{"name":"wp","href":"https:\/\/api.w.org\/{rel}","templated":true}]}}