{"id":68725,"date":"2025-03-19T15:50:35","date_gmt":"2025-03-19T15:50:35","guid":{"rendered":"https:\/\/aztex.ee\/pood\/neza\u0159azen\u00e9\/laste-voodipesukomplekt\/"},"modified":"2026-03-08T15:03:15","modified_gmt":"2026-03-08T15:03:15","slug":"sada-detskeho-povleceni","status":"publish","type":"product","link":"https:\/\/aztex.ee\/cs\/pood\/detsky-svet\/sada-detskeho-povleceni\/","title":{"rendered":"Sada d\u011btsk\u00e9ho povle\u010den\u00ed"},"content":{"rendered":"<p><strong>Sada d\u011btsk\u00e9ho povle\u010den\u00ed &#8211; hebkost a radost v ka\u017ed\u00e9m snu<\/strong><\/p>\n<p><strong>100% bavlna &#8211; p\u0159irozen\u011b m\u011bkk\u00e1 a prody\u0161n\u00e1<\/strong><\/p>\n<p>Sp\u00e1nek d\u00edt\u011bte je z\u00e1sadn\u00ed pro r\u016fst a odpo\u010dinek. Pro zaji\u0161t\u011bn\u00ed pohodln\u00e9 a klidn\u00e9 noci je toto povle\u010den\u00ed vyrobeno ze 100% prody\u0161n\u00e9 a m\u011bkk\u00e9 bavlny. Bavln\u011bn\u00e1 tkanina dob\u0159e absorbuje vlhkost, pom\u00e1h\u00e1 t\u011blu udr\u017eovat optim\u00e1ln\u00ed teplotu a je \u0161etrn\u00e1 k poko\u017ece i pro citlivou poko\u017eku. To zaji\u0161\u0165uje p\u0159\u00edjemn\u00fd a bezpe\u010dn\u00fd sp\u00e1nek po cel\u00fd rok. V l\u00e9t\u011b chlad\u00ed a v zim\u011b h\u0159eje. Povle\u010den\u00ed je nav\u00edc lehk\u00e9 a jemn\u00e9, poskytuje d\u00edt\u011bti \u00fatuln\u00fd a m\u011bkk\u00fd pocit, kter\u00fd mu pom\u00e1h\u00e1 uvolnit se a rychleji usnout.<\/p>\n<p><strong>Hrav\u00e9 vzory pro radostn\u00fd pokoj<\/strong><\/p>\n<p>D\u011bti objevuj\u00ed sv\u011bt hrou, barvami a tvary. Tato lo\u017en\u00ed souprava se vyzna\u010duje roztomil\u00fdmi a vesel\u00fdmi potisky, d\u00edky nim\u017e je lo\u017enice teplej\u0161\u00ed a l\u00e1kav\u011bj\u0161\u00ed. Na v\u00fdb\u011br jsou r\u016fzn\u00e9 designy, kter\u00e9 zajist\u00ed ka\u017ed\u00e9mu d\u00edt\u011bti m\u00edsto na span\u00ed, kter\u00e9 se mu l\u00edb\u00ed. Z\u00e1bavn\u00e9 vzory nejsou jen dekorativn\u00ed \u2013 p\u0159isp\u00edvaj\u00ed tak\u00e9 k rozvoji d\u011btsk\u00e9 fantazie a m\u011bn\u00ed postel nejen v m\u00edsto na span\u00ed, ale tak\u00e9 v kreativn\u00ed prost\u0159ed\u00ed, kde m\u016f\u017ee za\u010d\u00edt dal\u0161\u00ed dobrodru\u017estv\u00ed.<\/p>\n<p><strong>Pohodl\u00ed a prakti\u010dnost pro ka\u017edodenn\u00ed pou\u017eit\u00ed<\/strong><\/p>\n<p>Krom\u011b kr\u00e1sn\u00e9ho vzhledu je tato lo\u017en\u00ed souprava tak\u00e9 praktick\u00e1 a odoln\u00e1. Proto\u017ee d\u011btsk\u00e9 povle\u010den\u00ed pot\u0159ebuje \u010dast\u00e9 pran\u00ed, je souprava vyrobena z materi\u00e1lu, kter\u00fd se snadno udr\u017euje \u2013 lze pr\u00e1t v pra\u010dce, rychle schne a i po opakovan\u00e9m pran\u00ed si zachov\u00e1v\u00e1 sv\u00e9 barvy a hebkost. Bavln\u011bn\u00e1 tkanina je odoln\u00e1 a odoln\u00e1 proti opot\u0159eben\u00ed, proto z\u016fst\u00e1v\u00e1 dlouho kr\u00e1sn\u00e1 a vydr\u017e\u00ed aktivn\u00ed pou\u017e\u00edv\u00e1n\u00ed. Tkanina b\u011bhem pran\u00ed neztr\u00e1c\u00ed tvar ani nezdrs\u0148uje, v\u017edy si zachov\u00e1v\u00e1 p\u0159\u00edjemnou m\u011bkkost.<\/p>\n<p><strong>Hod\u00ed se do ka\u017ed\u00e9ho d\u011btsk\u00e9ho pokoje \u2013 \u0161irok\u00e1 \u0161k\u00e1la barev a vzor\u016f<\/strong><\/p>\n<p>Sada d\u011btsk\u00e9ho povle\u010den\u00ed je k dispozici v n\u011bkolika r\u016fzn\u00fdch barv\u00e1ch a vzorech, aby se hodila do ka\u017ed\u00e9ho d\u011btsk\u00e9ho pokoje. A\u0165 u\u017e je pokoj minimalistick\u00fd nebo pln\u00fd pestr\u00fdch barev \u2013 tato sada dod\u00e1v\u00e1 \u00fatulnost a vytv\u00e1\u0159\u00ed p\u0159\u00edjemnou atmosf\u00e9ru, kde se d\u00edt\u011b c\u00edt\u00ed bezpe\u010dn\u011b a pohodln\u011b.<\/p>\n<p><strong>Bavln\u011bn\u00e9 d\u011btsk\u00e9 povle\u010den\u00ed &#8211; za\u010d\u00e1tek pln\u011bn\u00ed sn\u016f<\/strong><\/p>\n<p>Dobr\u00fd sp\u00e1nek je nezbytn\u00fd pro pohodu a v\u00fdvoj d\u00edt\u011bte. M\u011bkk\u00e1, prody\u0161n\u00e1 a roztomile navr\u017een\u00e1 lo\u017en\u00ed souprava u\u010din\u00ed ka\u017edou noc p\u0159ed span\u00edm v\u00edtan\u00fdm okam\u017eikem a p\u0159isp\u011bje ke klidn\u00e9mu a klidn\u00e9mu sp\u00e1nku.<\/p>\n","protected":false},"excerpt":{"rendered":"<ul>\n<li>Materi\u00e1l: 100% Bavlna<\/li>\n<li>Povlak na pe\u0159inu: 120&#215;150 cm<\/li>\n<li>Potah matrace: 60&#215;135 cm<\/li>\n<li>Povlak na pol\u0161t\u00e1\u0159: 30&#215;50 cm<\/li>\n<\/ul>\n","protected":false},"featured_media":68006,"comment_status":"open","ping_status":"closed","template":"","meta":[],"product_brand":[],"product_cat":[2252,2208],"product_tag":[],"class_list":{"0":"post-68725","1":"product","2":"type-product","3":"status-publish","4":"has-post-thumbnail","6":"product_cat-detske-povleceni","7":"product_cat-detsky-svet","9":"first","10":"instock","11":"shipping-taxable","12":"purchasable","13":"product-type-variable"},"yoast_head":"<!-- This site is optimized with the Yoast SEO plugin v27.3 - https:\/\/yoast.com\/product\/yoast-seo-wordpress\/ -->\n<title>Sada d\u011btsk\u00e9ho povle\u010den\u00ed | AZTEX<\/title>\n<meta name=\"description\" content=\"Tato bavln\u011bn\u00e1 sada d\u011btsk\u00e9ho povle\u010den\u00ed je m\u011bkk\u00e1, prody\u0161n\u00e1 a \u0161etrn\u00e1 k poko\u017ece. Roztomil\u00e9 vzory, snadn\u00e1 p\u00e9\u010de a odoln\u00e1 kvalita zajist\u00ed klidn\u00fd sp\u00e1nek ka\u017edou noc\" \/>\n<meta name=\"robots\" content=\"index, follow, max-snippet:-1, max-image-preview:large, max-video-preview:-1\" \/>\n<link rel=\"canonical\" href=\"https:\/\/aztex.ee\/cs\/pood\/detsky-svet\/sada-detskeho-povleceni\/\" \/>\n<meta property=\"og:locale\" content=\"cs_CZ\" \/>\n<meta property=\"og:type\" content=\"article\" \/>\n<meta property=\"og:title\" content=\"Sada d\u011btsk\u00e9ho povle\u010den\u00ed | AZTEX\" \/>\n<meta property=\"og:description\" content=\"Tato bavln\u011bn\u00e1 sada d\u011btsk\u00e9ho povle\u010den\u00ed je m\u011bkk\u00e1, prody\u0161n\u00e1 a \u0161etrn\u00e1 k poko\u017ece. Roztomil\u00e9 vzory, snadn\u00e1 p\u00e9\u010de a odoln\u00e1 kvalita zajist\u00ed klidn\u00fd sp\u00e1nek ka\u017edou noc\" \/>\n<meta property=\"og:url\" content=\"https:\/\/aztex.ee\/cs\/pood\/detsky-svet\/sada-detskeho-povleceni\/\" \/>\n<meta property=\"og:site_name\" content=\"AZTEX\" \/>\n<meta property=\"article:publisher\" content=\"https:\/\/www.facebook.com\/AztexEE\" \/>\n<meta property=\"article:modified_time\" content=\"2026-03-08T15:03:15+00:00\" \/>\n<meta property=\"og:image\" content=\"https:\/\/aztex.ee\/wp-content\/uploads\/2025\/03\/Laste-voodipesukomplekt-Kosmos-1.jpg\" \/>\n\t<meta property=\"og:image:width\" content=\"800\" \/>\n\t<meta property=\"og:image:height\" content=\"800\" \/>\n\t<meta property=\"og:image:type\" content=\"image\/jpeg\" \/>\n<meta name=\"twitter:card\" content=\"summary_large_image\" \/>\n<meta name=\"twitter:label1\" content=\"Odhadovan\u00e1 doba \u010dten\u00ed\" \/>\n\t<meta name=\"twitter:data1\" content=\"3 minuta\" \/>\n<script type=\"application\/ld+json\" class=\"yoast-schema-graph\">{\"@context\":\"https:\\\/\\\/schema.org\",\"@graph\":[{\"@type\":[\"WebPage\",\"ItemPage\"],\"@id\":\"https:\\\/\\\/aztex.ee\\\/cs\\\/pood\\\/detsky-svet\\\/sada-detskeho-povleceni\\\/\",\"url\":\"https:\\\/\\\/aztex.ee\\\/cs\\\/pood\\\/detsky-svet\\\/sada-detskeho-povleceni\\\/\",\"name\":\"Sada d\u011btsk\u00e9ho povle\u010den\u00ed | AZTEX\",\"isPartOf\":{\"@id\":\"https:\\\/\\\/aztex.ee\\\/cs\\\/#website\"},\"primaryImageOfPage\":{\"@id\":\"https:\\\/\\\/aztex.ee\\\/cs\\\/pood\\\/detsky-svet\\\/sada-detskeho-povleceni\\\/#primaryimage\"},\"image\":{\"@id\":\"https:\\\/\\\/aztex.ee\\\/cs\\\/pood\\\/detsky-svet\\\/sada-detskeho-povleceni\\\/#primaryimage\"},\"thumbnailUrl\":\"https:\\\/\\\/aztex.ee\\\/wp-content\\\/uploads\\\/2025\\\/03\\\/Laste-voodipesukomplekt-Kosmos-1.jpg\",\"datePublished\":\"2025-03-19T15:50:35+00:00\",\"dateModified\":\"2026-03-08T15:03:15+00:00\",\"description\":\"Tato bavln\u011bn\u00e1 sada d\u011btsk\u00e9ho povle\u010den\u00ed je m\u011bkk\u00e1, prody\u0161n\u00e1 a \u0161etrn\u00e1 k poko\u017ece. Roztomil\u00e9 vzory, snadn\u00e1 p\u00e9\u010de a odoln\u00e1 kvalita zajist\u00ed klidn\u00fd sp\u00e1nek ka\u017edou noc\",\"breadcrumb\":{\"@id\":\"https:\\\/\\\/aztex.ee\\\/cs\\\/pood\\\/detsky-svet\\\/sada-detskeho-povleceni\\\/#breadcrumb\"},\"inLanguage\":\"cs\",\"potentialAction\":[{\"@type\":\"ReadAction\",\"target\":[\"https:\\\/\\\/aztex.ee\\\/cs\\\/pood\\\/detsky-svet\\\/sada-detskeho-povleceni\\\/\"]}]},{\"@type\":\"ImageObject\",\"inLanguage\":\"cs\",\"@id\":\"https:\\\/\\\/aztex.ee\\\/cs\\\/pood\\\/detsky-svet\\\/sada-detskeho-povleceni\\\/#primaryimage\",\"url\":\"https:\\\/\\\/aztex.ee\\\/wp-content\\\/uploads\\\/2025\\\/03\\\/Laste-voodipesukomplekt-Kosmos-1.jpg\",\"contentUrl\":\"https:\\\/\\\/aztex.ee\\\/wp-content\\\/uploads\\\/2025\\\/03\\\/Laste-voodipesukomplekt-Kosmos-1.jpg\",\"width\":800,\"height\":800,\"caption\":\"Laste voodipesukomplekt\"},{\"@type\":\"BreadcrumbList\",\"@id\":\"https:\\\/\\\/aztex.ee\\\/cs\\\/pood\\\/detsky-svet\\\/sada-detskeho-povleceni\\\/#breadcrumb\",\"itemListElement\":[{\"@type\":\"ListItem\",\"position\":1,\"name\":\"Dom\u016f\",\"item\":\"https:\\\/\\\/aztex.ee\\\/cs\\\/\"},{\"@type\":\"ListItem\",\"position\":2,\"name\":\"Obchod\",\"item\":\"https:\\\/\\\/aztex.ee\\\/cs\\\/obchod\\\/\"},{\"@type\":\"ListItem\",\"position\":3,\"name\":\"Sada d\u011btsk\u00e9ho povle\u010den\u00ed\"}]},{\"@type\":\"WebSite\",\"@id\":\"https:\\\/\\\/aztex.ee\\\/cs\\\/#website\",\"url\":\"https:\\\/\\\/aztex.ee\\\/cs\\\/\",\"name\":\"AZTEX\",\"description\":\"\",\"publisher\":{\"@id\":\"https:\\\/\\\/aztex.ee\\\/cs\\\/#organization\"},\"potentialAction\":[{\"@type\":\"SearchAction\",\"target\":{\"@type\":\"EntryPoint\",\"urlTemplate\":\"https:\\\/\\\/aztex.ee\\\/cs\\\/?s={search_term_string}\"},\"query-input\":{\"@type\":\"PropertyValueSpecification\",\"valueRequired\":true,\"valueName\":\"search_term_string\"}}],\"inLanguage\":\"cs\"},{\"@type\":\"Organization\",\"@id\":\"https:\\\/\\\/aztex.ee\\\/cs\\\/#organization\",\"name\":\"AZTEX\",\"url\":\"https:\\\/\\\/aztex.ee\\\/cs\\\/\",\"logo\":{\"@type\":\"ImageObject\",\"inLanguage\":\"cs\",\"@id\":\"https:\\\/\\\/aztex.ee\\\/cs\\\/#\\\/schema\\\/logo\\\/image\\\/\",\"url\":\"https:\\\/\\\/aztex.ee\\\/wp-content\\\/uploads\\\/2026\\\/01\\\/AZTEX.png\",\"contentUrl\":\"https:\\\/\\\/aztex.ee\\\/wp-content\\\/uploads\\\/2026\\\/01\\\/AZTEX.png\",\"width\":500,\"height\":500,\"caption\":\"AZTEX\"},\"image\":{\"@id\":\"https:\\\/\\\/aztex.ee\\\/cs\\\/#\\\/schema\\\/logo\\\/image\\\/\"},\"sameAs\":[\"https:\\\/\\\/www.facebook.com\\\/AztexEE\",\"https:\\\/\\\/www.instagram.com\\\/aztexeesti\\\/\",\"https:\\\/\\\/www.youtube.com\\\/@AZTEXEE\",\"https:\\\/\\\/www.pinterest.com\\\/aztex_eesti\\\/\",\"https:\\\/\\\/www.tiktok.com\\\/@aztexeesti\",\"https:\\\/\\\/www.trustpilot.com\\\/review\\\/aztex.ee\",\"https:\\\/\\\/www.linkedin.com\\\/company\\\/aztex-ee\\\/\",\"https:\\\/\\\/www.wikidata.org\\\/wiki\\\/Q137560182\"]}]}<\/script>\n<!-- \/ Yoast SEO plugin. -->","yoast_head_json":{"title":"Sada d\u011btsk\u00e9ho povle\u010den\u00ed | AZTEX","description":"Tato bavln\u011bn\u00e1 sada d\u011btsk\u00e9ho povle\u010den\u00ed je m\u011bkk\u00e1, prody\u0161n\u00e1 a \u0161etrn\u00e1 k poko\u017ece. Roztomil\u00e9 vzory, snadn\u00e1 p\u00e9\u010de a odoln\u00e1 kvalita zajist\u00ed klidn\u00fd sp\u00e1nek ka\u017edou noc","robots":{"index":"index","follow":"follow","max-snippet":"max-snippet:-1","max-image-preview":"max-image-preview:large","max-video-preview":"max-video-preview:-1"},"canonical":"https:\/\/aztex.ee\/cs\/pood\/detsky-svet\/sada-detskeho-povleceni\/","og_locale":"cs_CZ","og_type":"article","og_title":"Sada d\u011btsk\u00e9ho povle\u010den\u00ed | AZTEX","og_description":"Tato bavln\u011bn\u00e1 sada d\u011btsk\u00e9ho povle\u010den\u00ed je m\u011bkk\u00e1, prody\u0161n\u00e1 a \u0161etrn\u00e1 k poko\u017ece. Roztomil\u00e9 vzory, snadn\u00e1 p\u00e9\u010de a odoln\u00e1 kvalita zajist\u00ed klidn\u00fd sp\u00e1nek ka\u017edou noc","og_url":"https:\/\/aztex.ee\/cs\/pood\/detsky-svet\/sada-detskeho-povleceni\/","og_site_name":"AZTEX","article_publisher":"https:\/\/www.facebook.com\/AztexEE","article_modified_time":"2026-03-08T15:03:15+00:00","og_image":[{"width":800,"height":800,"url":"https:\/\/aztex.ee\/wp-content\/uploads\/2025\/03\/Laste-voodipesukomplekt-Kosmos-1.jpg","type":"image\/jpeg"}],"twitter_card":"summary_large_image","twitter_misc":{"Odhadovan\u00e1 doba \u010dten\u00ed":"3 minuta"},"schema":{"@context":"https:\/\/schema.org","@graph":[{"@type":["WebPage","ItemPage"],"@id":"https:\/\/aztex.ee\/cs\/pood\/detsky-svet\/sada-detskeho-povleceni\/","url":"https:\/\/aztex.ee\/cs\/pood\/detsky-svet\/sada-detskeho-povleceni\/","name":"Sada d\u011btsk\u00e9ho povle\u010den\u00ed | AZTEX","isPartOf":{"@id":"https:\/\/aztex.ee\/cs\/#website"},"primaryImageOfPage":{"@id":"https:\/\/aztex.ee\/cs\/pood\/detsky-svet\/sada-detskeho-povleceni\/#primaryimage"},"image":{"@id":"https:\/\/aztex.ee\/cs\/pood\/detsky-svet\/sada-detskeho-povleceni\/#primaryimage"},"thumbnailUrl":"https:\/\/aztex.ee\/wp-content\/uploads\/2025\/03\/Laste-voodipesukomplekt-Kosmos-1.jpg","datePublished":"2025-03-19T15:50:35+00:00","dateModified":"2026-03-08T15:03:15+00:00","description":"Tato bavln\u011bn\u00e1 sada d\u011btsk\u00e9ho povle\u010den\u00ed je m\u011bkk\u00e1, prody\u0161n\u00e1 a \u0161etrn\u00e1 k poko\u017ece. Roztomil\u00e9 vzory, snadn\u00e1 p\u00e9\u010de a odoln\u00e1 kvalita zajist\u00ed klidn\u00fd sp\u00e1nek ka\u017edou noc","breadcrumb":{"@id":"https:\/\/aztex.ee\/cs\/pood\/detsky-svet\/sada-detskeho-povleceni\/#breadcrumb"},"inLanguage":"cs","potentialAction":[{"@type":"ReadAction","target":["https:\/\/aztex.ee\/cs\/pood\/detsky-svet\/sada-detskeho-povleceni\/"]}]},{"@type":"ImageObject","inLanguage":"cs","@id":"https:\/\/aztex.ee\/cs\/pood\/detsky-svet\/sada-detskeho-povleceni\/#primaryimage","url":"https:\/\/aztex.ee\/wp-content\/uploads\/2025\/03\/Laste-voodipesukomplekt-Kosmos-1.jpg","contentUrl":"https:\/\/aztex.ee\/wp-content\/uploads\/2025\/03\/Laste-voodipesukomplekt-Kosmos-1.jpg","width":800,"height":800,"caption":"Laste voodipesukomplekt"},{"@type":"BreadcrumbList","@id":"https:\/\/aztex.ee\/cs\/pood\/detsky-svet\/sada-detskeho-povleceni\/#breadcrumb","itemListElement":[{"@type":"ListItem","position":1,"name":"Dom\u016f","item":"https:\/\/aztex.ee\/cs\/"},{"@type":"ListItem","position":2,"name":"Obchod","item":"https:\/\/aztex.ee\/cs\/obchod\/"},{"@type":"ListItem","position":3,"name":"Sada d\u011btsk\u00e9ho povle\u010den\u00ed"}]},{"@type":"WebSite","@id":"https:\/\/aztex.ee\/cs\/#website","url":"https:\/\/aztex.ee\/cs\/","name":"AZTEX","description":"","publisher":{"@id":"https:\/\/aztex.ee\/cs\/#organization"},"potentialAction":[{"@type":"SearchAction","target":{"@type":"EntryPoint","urlTemplate":"https:\/\/aztex.ee\/cs\/?s={search_term_string}"},"query-input":{"@type":"PropertyValueSpecification","valueRequired":true,"valueName":"search_term_string"}}],"inLanguage":"cs"},{"@type":"Organization","@id":"https:\/\/aztex.ee\/cs\/#organization","name":"AZTEX","url":"https:\/\/aztex.ee\/cs\/","logo":{"@type":"ImageObject","inLanguage":"cs","@id":"https:\/\/aztex.ee\/cs\/#\/schema\/logo\/image\/","url":"https:\/\/aztex.ee\/wp-content\/uploads\/2026\/01\/AZTEX.png","contentUrl":"https:\/\/aztex.ee\/wp-content\/uploads\/2026\/01\/AZTEX.png","width":500,"height":500,"caption":"AZTEX"},"image":{"@id":"https:\/\/aztex.ee\/cs\/#\/schema\/logo\/image\/"},"sameAs":["https:\/\/www.facebook.com\/AztexEE","https:\/\/www.instagram.com\/aztexeesti\/","https:\/\/www.youtube.com\/@AZTEXEE","https:\/\/www.pinterest.com\/aztex_eesti\/","https:\/\/www.tiktok.com\/@aztexeesti","https:\/\/www.trustpilot.com\/review\/aztex.ee","https:\/\/www.linkedin.com\/company\/aztex-ee\/","https:\/\/www.wikidata.org\/wiki\/Q137560182"]}]}},"_links":{"self":[{"href":"https:\/\/aztex.ee\/cs\/wp-json\/wp\/v2\/product\/68725","targetHints":{"allow":["GET"]}}],"collection":[{"href":"https:\/\/aztex.ee\/cs\/wp-json\/wp\/v2\/product"}],"about":[{"href":"https:\/\/aztex.ee\/cs\/wp-json\/wp\/v2\/types\/product"}],"replies":[{"embeddable":true,"href":"https:\/\/aztex.ee\/cs\/wp-json\/wp\/v2\/comments?post=68725"}],"version-history":[{"count":0,"href":"https:\/\/aztex.ee\/cs\/wp-json\/wp\/v2\/product\/68725\/revisions"}],"wp:featuredmedia":[{"embeddable":true,"href":"https:\/\/aztex.ee\/cs\/wp-json\/wp\/v2\/media\/68006"}],"wp:attachment":[{"href":"https:\/\/aztex.ee\/cs\/wp-json\/wp\/v2\/media?parent=68725"}],"wp:term":[{"taxonomy":"product_brand","embeddable":true,"href":"https:\/\/aztex.ee\/cs\/wp-json\/wp\/v2\/product_brand?post=68725"},{"taxonomy":"product_cat","embeddable":true,"href":"https:\/\/aztex.ee\/cs\/wp-json\/wp\/v2\/product_cat?post=68725"},{"taxonomy":"product_tag","embeddable":true,"href":"https:\/\/aztex.ee\/cs\/wp-json\/wp\/v2\/product_tag?post=68725"}],"curies":[{"name":"wp","href":"https:\/\/api.w.org\/{rel}","templated":true}]}}