{"id":64389,"date":"2025-03-08T22:43:38","date_gmt":"2025-03-08T22:43:38","guid":{"rendered":"https:\/\/aztex.ee\/?post_type=product&#038;p=64389"},"modified":"2025-03-09T19:07:29","modified_gmt":"2025-03-09T19:07:29","slug":"povleceni-tencel-svetle-zelena","status":"publish","type":"product","link":"https:\/\/aztex.ee\/cs\/pood\/povleceni\/povleceni-tencel-svetle-zelena\/","title":{"rendered":"Povle\u010den\u00ed Tencel | Sv\u011btle zelen\u00e1"},"content":{"rendered":"<p><strong>Luxusn\u00ed lo\u017en\u00ed souprava Eukalyptus Tencel \u2013 hedv\u00e1bn\u011b hebk\u00e1, prody\u0161n\u00e1 a v\u00fdjime\u010dn\u011b pohodln\u00e1<\/strong><\/p>\n<p><strong>Mimo\u0159\u00e1dn\u00fd komfort a kvalita<\/strong><br \/>\nLo\u017en\u00ed souprava Tencel je navr\u017eena tak, aby zajistila co nejklidn\u011bj\u0161\u00ed a regenera\u010dn\u00ed sp\u00e1nek a nab\u00edz\u00ed v\u00fdjime\u010dn\u00fd komfort a kvalitu. Je vyrobena z tkaniny Tencel, kter\u00e1 poch\u00e1z\u00ed z eukalyptu, kter\u00fd je zn\u00e1m\u00fd pro svou hedv\u00e1bnou m\u011bkkost, prody\u0161nost a vlastnosti odv\u00e1d\u011bj\u00edc\u00ed vlhkost. Povle\u010den\u00ed Tencel v\u00e1s v l\u00e9t\u011b ochlad\u00ed a v zim\u011b zah\u0159eje, tak\u017ee v\u00e1\u0161 sp\u00e1nek bude v\u017edy osv\u011b\u017euj\u00edc\u00ed a osv\u011b\u017euj\u00edc\u00ed.<\/p>\n<p><strong>Luxusn\u00ed textura a elegantn\u00ed vzhled<\/strong><br \/>\nL\u00e1tka je hladk\u00e1, jemn\u00e1 a p\u0159\u00edjemn\u00e1 na poko\u017ece a poskytuje skute\u010dn\u011b luxusn\u00ed z\u00e1\u017eitek b\u011bhem sp\u00e1nku. Povle\u010den\u00ed Tencel se kr\u00e1sn\u011b zav\u011b\u0161uje, dod\u00e1v\u00e1 posteli elegantn\u00ed a p\u0159\u00edv\u011btiv\u00fd vzhled a d\u011bl\u00e1 z lo\u017enice stylov\u00e9 m\u00edsto. Vzdu\u0161nost a lehkost pom\u00e1haj\u00ed zajistit neust\u00e1l\u00fd pohyb vzduchu, aby se zabr\u00e1nilo no\u010dn\u00edmu pocen\u00ed a povle\u010den\u00ed bylo v\u017edy \u010derstv\u00e9.<\/p>\n<p><strong>Trvanlivost a trvanlivost<\/strong><br \/>\nPovle\u010den\u00ed Tencel je odoln\u00e9 a trvanliv\u00e9 \u2013 i po n\u011bkolika vypr\u00e1n\u00edch si zachov\u00e1v\u00e1 m\u011bkkost, kr\u00e1sn\u00fd spl\u00fdvavost a kvalitu. Ka\u017edou noc j\u00edt sp\u00e1t se st\u00e1v\u00e1 skute\u010dn\u00fdm pot\u011b\u0161en\u00edm, proto\u017ee povle\u010den\u00ed z\u016fst\u00e1v\u00e1 sv\u011b\u017e\u00ed a p\u0159\u00edjemn\u00e9 a poskytuje ten nejlep\u0161\u00ed z\u00e1\u017eitek ze sp\u00e1nku.<\/p>\n<p><strong>Ide\u00e1ln\u00ed volba pro milovn\u00edky p\u0159\u00edrody a pohodl\u00ed<\/strong><br \/>\nPovle\u010den\u00ed Tencel je ide\u00e1ln\u00ed volbou pro ty, kte\u0159\u00ed ocen\u00ed p\u0159\u00edrodn\u00ed materi\u00e1ly a cht\u011bj\u00ed si u\u017e\u00edt vy\u0161\u0161\u00ed kvalitu, luxusn\u00ed pohodl\u00ed a dokonal\u00fd sp\u00e1nek.<\/p>\n","protected":false},"excerpt":{"rendered":"<p>100% ekologick\u00fd eukalyptov\u00fd souprava tencelov\u00e9ho povle\u010den\u00ed je v\u00fdjime\u010dn\u011b m\u011bkk\u00fd, prody\u0161n\u00fd a luxusn\u00ed.<\/p>\n<ul>\n<li>Materi\u00e1l: 100% Tencel<\/li>\n<li>Po\u010det vl\u00e1ken: 60S \/ 300TC<\/li>\n<li>Povlak na pe\u0159inu: 200\u00d7220 cm<\/li>\n<li>Povlak na pol\u0161t\u00e1\u0159: 50\u00d770 cm (2 ks)<\/li>\n<li>Prost\u011bradlo: 220\u00d7240 cm<\/li>\n<\/ul>\n<p><img loading=\"lazy\" decoding=\"async\" class=\"alignnone wp-image-63145\" src=\"https:\/\/aztex.ee\/wp-content\/uploads\/2025\/03\/tencel-certified-400x129.png\" alt=\"\" width=\"131\" height=\"42\" srcset=\"https:\/\/aztex.ee\/wp-content\/uploads\/2025\/03\/tencel-certified-400x129.png 400w, https:\/\/aztex.ee\/wp-content\/uploads\/2025\/03\/tencel-certified-430x139.png 430w, https:\/\/aztex.ee\/wp-content\/uploads\/2025\/03\/tencel-certified-150x49.png 150w, https:\/\/aztex.ee\/wp-content\/uploads\/2025\/03\/tencel-certified.png 516w\" sizes=\"auto, (max-width: 131px) 100vw, 131px\" \/><img loading=\"lazy\" decoding=\"async\" class=\"alignnone wp-image-63168\" src=\"https:\/\/aztex.ee\/wp-content\/uploads\/2025\/03\/oeko-tex-standard-100.png\" alt=\"\" width=\"130\" height=\"43\" srcset=\"https:\/\/aztex.ee\/wp-content\/uploads\/2025\/03\/oeko-tex-standard-100.png 200w, https:\/\/aztex.ee\/wp-content\/uploads\/2025\/03\/oeko-tex-standard-100-150x50.png 150w\" sizes=\"auto, (max-width: 130px) 100vw, 130px\" \/><\/p>\n<p>Sada povle\u010den\u00ed Tencel je balena v ta\u0161ce ze stejn\u00e9 l\u00e1tky Tencel, kter\u00e1 dod\u00e1v\u00e1 produktu extra eleganci a je\u0161t\u011b v\u00edce ho ozvl\u00e1\u0161t\u0148uje.<\/p>\n","protected":false},"featured_media":64395,"comment_status":"open","ping_status":"closed","template":"","meta":[],"product_brand":[],"product_cat":[360,363,494,4556],"product_tag":[],"class_list":{"0":"post-64389","1":"product","2":"type-product","3":"status-publish","4":"has-post-thumbnail","6":"product_cat-povleceni","7":"product_cat-povleceni-tencel","8":"product_cat-sady-povleceni","9":"product_cat-tencelove-povleceni","11":"first","12":"outofstock","13":"shipping-taxable","14":"purchasable","15":"product-type-simple"},"yoast_head":"<!-- This site is optimized with the Yoast SEO plugin v27.4 - https:\/\/yoast.com\/product\/yoast-seo-wordpress\/ -->\n<title>Povle\u010den\u00ed Tencel - Sv\u011btle zelen\u00e1 | AZTEX<\/title>\n<meta name=\"description\" content=\"Luxusn\u00ed Sv\u011btle zelen\u00e1 souprava povle\u010den\u00ed TENCEL\u2122 je hedv\u00e1bn\u011b hebk\u00e1, prody\u0161n\u00e1 a \u0161etrn\u00e1 k poko\u017ece. Jeho lehk\u00e1 a hladk\u00e1 textura zaji\u0161\u0165uje sv\u011b\u017e\u00ed a pohodln\u00fd\" \/>\n<meta name=\"robots\" content=\"index, follow, max-snippet:-1, max-image-preview:large, max-video-preview:-1\" \/>\n<link rel=\"canonical\" href=\"https:\/\/aztex.ee\/cs\/pood\/povleceni\/povleceni-tencel-svetle-zelena\/\" \/>\n<meta property=\"og:locale\" content=\"cs_CZ\" \/>\n<meta property=\"og:type\" content=\"article\" \/>\n<meta property=\"og:title\" content=\"Povle\u010den\u00ed Tencel - Sv\u011btle zelen\u00e1 | AZTEX\" \/>\n<meta property=\"og:description\" content=\"Luxusn\u00ed Sv\u011btle zelen\u00e1 souprava povle\u010den\u00ed TENCEL\u2122 je hedv\u00e1bn\u011b hebk\u00e1, prody\u0161n\u00e1 a \u0161etrn\u00e1 k poko\u017ece. Jeho lehk\u00e1 a hladk\u00e1 textura zaji\u0161\u0165uje sv\u011b\u017e\u00ed a pohodln\u00fd\" \/>\n<meta property=\"og:url\" content=\"https:\/\/aztex.ee\/cs\/pood\/povleceni\/povleceni-tencel-svetle-zelena\/\" \/>\n<meta property=\"og:site_name\" content=\"AZTEX\" \/>\n<meta property=\"article:publisher\" content=\"https:\/\/www.facebook.com\/AztexEE\" \/>\n<meta property=\"article:modified_time\" content=\"2025-03-09T19:07:29+00:00\" \/>\n<meta property=\"og:image\" content=\"https:\/\/aztex.ee\/wp-content\/uploads\/2025\/03\/Tencel-voodipesukomplekt-Heleroheline.jpg\" \/>\n\t<meta property=\"og:image:width\" content=\"800\" \/>\n\t<meta property=\"og:image:height\" content=\"800\" \/>\n\t<meta property=\"og:image:type\" content=\"image\/jpeg\" \/>\n<meta name=\"twitter:card\" content=\"summary_large_image\" \/>\n<meta name=\"twitter:label1\" content=\"Odhadovan\u00e1 doba \u010dten\u00ed\" \/>\n\t<meta name=\"twitter:data1\" content=\"2 minuta\" \/>\n<script type=\"application\/ld+json\" class=\"yoast-schema-graph\">{\"@context\":\"https:\\\/\\\/schema.org\",\"@graph\":[{\"@type\":[\"WebPage\",\"ItemPage\"],\"@id\":\"https:\\\/\\\/aztex.ee\\\/cs\\\/pood\\\/povleceni\\\/povleceni-tencel-svetle-zelena\\\/\",\"url\":\"https:\\\/\\\/aztex.ee\\\/cs\\\/pood\\\/povleceni\\\/povleceni-tencel-svetle-zelena\\\/\",\"name\":\"Povle\u010den\u00ed Tencel - Sv\u011btle zelen\u00e1 | AZTEX\",\"isPartOf\":{\"@id\":\"https:\\\/\\\/aztex.ee\\\/cs\\\/#website\"},\"primaryImageOfPage\":{\"@id\":\"https:\\\/\\\/aztex.ee\\\/cs\\\/pood\\\/povleceni\\\/povleceni-tencel-svetle-zelena\\\/#primaryimage\"},\"image\":{\"@id\":\"https:\\\/\\\/aztex.ee\\\/cs\\\/pood\\\/povleceni\\\/povleceni-tencel-svetle-zelena\\\/#primaryimage\"},\"thumbnailUrl\":\"https:\\\/\\\/aztex.ee\\\/wp-content\\\/uploads\\\/2025\\\/03\\\/Tencel-voodipesukomplekt-Heleroheline.jpg\",\"datePublished\":\"2025-03-08T22:43:38+00:00\",\"dateModified\":\"2025-03-09T19:07:29+00:00\",\"description\":\"Luxusn\u00ed Sv\u011btle zelen\u00e1 souprava povle\u010den\u00ed TENCEL\u2122 je hedv\u00e1bn\u011b hebk\u00e1, prody\u0161n\u00e1 a \u0161etrn\u00e1 k poko\u017ece. Jeho lehk\u00e1 a hladk\u00e1 textura zaji\u0161\u0165uje sv\u011b\u017e\u00ed a pohodln\u00fd\",\"breadcrumb\":{\"@id\":\"https:\\\/\\\/aztex.ee\\\/cs\\\/pood\\\/povleceni\\\/povleceni-tencel-svetle-zelena\\\/#breadcrumb\"},\"inLanguage\":\"cs\",\"potentialAction\":[{\"@type\":\"ReadAction\",\"target\":[\"https:\\\/\\\/aztex.ee\\\/cs\\\/pood\\\/povleceni\\\/povleceni-tencel-svetle-zelena\\\/\"]}]},{\"@type\":\"ImageObject\",\"inLanguage\":\"cs\",\"@id\":\"https:\\\/\\\/aztex.ee\\\/cs\\\/pood\\\/povleceni\\\/povleceni-tencel-svetle-zelena\\\/#primaryimage\",\"url\":\"https:\\\/\\\/aztex.ee\\\/wp-content\\\/uploads\\\/2025\\\/03\\\/Tencel-voodipesukomplekt-Heleroheline.jpg\",\"contentUrl\":\"https:\\\/\\\/aztex.ee\\\/wp-content\\\/uploads\\\/2025\\\/03\\\/Tencel-voodipesukomplekt-Heleroheline.jpg\",\"width\":800,\"height\":800,\"caption\":\"Tencel voodipesukomplekt Heleroheline\"},{\"@type\":\"BreadcrumbList\",\"@id\":\"https:\\\/\\\/aztex.ee\\\/cs\\\/pood\\\/povleceni\\\/povleceni-tencel-svetle-zelena\\\/#breadcrumb\",\"itemListElement\":[{\"@type\":\"ListItem\",\"position\":1,\"name\":\"Dom\u016f\",\"item\":\"https:\\\/\\\/aztex.ee\\\/cs\\\/\"},{\"@type\":\"ListItem\",\"position\":2,\"name\":\"Obchod\",\"item\":\"https:\\\/\\\/aztex.ee\\\/cs\\\/obchod\\\/\"},{\"@type\":\"ListItem\",\"position\":3,\"name\":\"Povle\u010den\u00ed Tencel | Sv\u011btle zelen\u00e1\"}]},{\"@type\":\"WebSite\",\"@id\":\"https:\\\/\\\/aztex.ee\\\/cs\\\/#website\",\"url\":\"https:\\\/\\\/aztex.ee\\\/cs\\\/\",\"name\":\"AZTEX\",\"description\":\"\",\"publisher\":{\"@id\":\"https:\\\/\\\/aztex.ee\\\/cs\\\/#organization\"},\"potentialAction\":[{\"@type\":\"SearchAction\",\"target\":{\"@type\":\"EntryPoint\",\"urlTemplate\":\"https:\\\/\\\/aztex.ee\\\/cs\\\/?s={search_term_string}\"},\"query-input\":{\"@type\":\"PropertyValueSpecification\",\"valueRequired\":true,\"valueName\":\"search_term_string\"}}],\"inLanguage\":\"cs\"},{\"@type\":\"Organization\",\"@id\":\"https:\\\/\\\/aztex.ee\\\/cs\\\/#organization\",\"name\":\"AZTEX\",\"url\":\"https:\\\/\\\/aztex.ee\\\/cs\\\/\",\"logo\":{\"@type\":\"ImageObject\",\"inLanguage\":\"cs\",\"@id\":\"https:\\\/\\\/aztex.ee\\\/cs\\\/#\\\/schema\\\/logo\\\/image\\\/\",\"url\":\"https:\\\/\\\/aztex.ee\\\/wp-content\\\/uploads\\\/2026\\\/01\\\/AZTEX.png\",\"contentUrl\":\"https:\\\/\\\/aztex.ee\\\/wp-content\\\/uploads\\\/2026\\\/01\\\/AZTEX.png\",\"width\":500,\"height\":500,\"caption\":\"AZTEX\"},\"image\":{\"@id\":\"https:\\\/\\\/aztex.ee\\\/cs\\\/#\\\/schema\\\/logo\\\/image\\\/\"},\"sameAs\":[\"https:\\\/\\\/www.facebook.com\\\/AztexEE\",\"https:\\\/\\\/www.instagram.com\\\/aztexeesti\\\/\",\"https:\\\/\\\/www.youtube.com\\\/@AZTEXEE\",\"https:\\\/\\\/www.pinterest.com\\\/aztex_eesti\\\/\",\"https:\\\/\\\/www.tiktok.com\\\/@aztexeesti\",\"https:\\\/\\\/www.trustpilot.com\\\/review\\\/aztex.ee\",\"https:\\\/\\\/www.linkedin.com\\\/company\\\/aztex-ee\\\/\",\"https:\\\/\\\/www.wikidata.org\\\/wiki\\\/Q137560182\"]}]}<\/script>\n<!-- \/ Yoast SEO plugin. -->","yoast_head_json":{"title":"Povle\u010den\u00ed Tencel - Sv\u011btle zelen\u00e1 | AZTEX","description":"Luxusn\u00ed Sv\u011btle zelen\u00e1 souprava povle\u010den\u00ed TENCEL\u2122 je hedv\u00e1bn\u011b hebk\u00e1, prody\u0161n\u00e1 a \u0161etrn\u00e1 k poko\u017ece. Jeho lehk\u00e1 a hladk\u00e1 textura zaji\u0161\u0165uje sv\u011b\u017e\u00ed a pohodln\u00fd","robots":{"index":"index","follow":"follow","max-snippet":"max-snippet:-1","max-image-preview":"max-image-preview:large","max-video-preview":"max-video-preview:-1"},"canonical":"https:\/\/aztex.ee\/cs\/pood\/povleceni\/povleceni-tencel-svetle-zelena\/","og_locale":"cs_CZ","og_type":"article","og_title":"Povle\u010den\u00ed Tencel - Sv\u011btle zelen\u00e1 | AZTEX","og_description":"Luxusn\u00ed Sv\u011btle zelen\u00e1 souprava povle\u010den\u00ed TENCEL\u2122 je hedv\u00e1bn\u011b hebk\u00e1, prody\u0161n\u00e1 a \u0161etrn\u00e1 k poko\u017ece. Jeho lehk\u00e1 a hladk\u00e1 textura zaji\u0161\u0165uje sv\u011b\u017e\u00ed a pohodln\u00fd","og_url":"https:\/\/aztex.ee\/cs\/pood\/povleceni\/povleceni-tencel-svetle-zelena\/","og_site_name":"AZTEX","article_publisher":"https:\/\/www.facebook.com\/AztexEE","article_modified_time":"2025-03-09T19:07:29+00:00","og_image":[{"width":800,"height":800,"url":"https:\/\/aztex.ee\/wp-content\/uploads\/2025\/03\/Tencel-voodipesukomplekt-Heleroheline.jpg","type":"image\/jpeg"}],"twitter_card":"summary_large_image","twitter_misc":{"Odhadovan\u00e1 doba \u010dten\u00ed":"2 minuta"},"schema":{"@context":"https:\/\/schema.org","@graph":[{"@type":["WebPage","ItemPage"],"@id":"https:\/\/aztex.ee\/cs\/pood\/povleceni\/povleceni-tencel-svetle-zelena\/","url":"https:\/\/aztex.ee\/cs\/pood\/povleceni\/povleceni-tencel-svetle-zelena\/","name":"Povle\u010den\u00ed Tencel - Sv\u011btle zelen\u00e1 | AZTEX","isPartOf":{"@id":"https:\/\/aztex.ee\/cs\/#website"},"primaryImageOfPage":{"@id":"https:\/\/aztex.ee\/cs\/pood\/povleceni\/povleceni-tencel-svetle-zelena\/#primaryimage"},"image":{"@id":"https:\/\/aztex.ee\/cs\/pood\/povleceni\/povleceni-tencel-svetle-zelena\/#primaryimage"},"thumbnailUrl":"https:\/\/aztex.ee\/wp-content\/uploads\/2025\/03\/Tencel-voodipesukomplekt-Heleroheline.jpg","datePublished":"2025-03-08T22:43:38+00:00","dateModified":"2025-03-09T19:07:29+00:00","description":"Luxusn\u00ed Sv\u011btle zelen\u00e1 souprava povle\u010den\u00ed TENCEL\u2122 je hedv\u00e1bn\u011b hebk\u00e1, prody\u0161n\u00e1 a \u0161etrn\u00e1 k poko\u017ece. Jeho lehk\u00e1 a hladk\u00e1 textura zaji\u0161\u0165uje sv\u011b\u017e\u00ed a pohodln\u00fd","breadcrumb":{"@id":"https:\/\/aztex.ee\/cs\/pood\/povleceni\/povleceni-tencel-svetle-zelena\/#breadcrumb"},"inLanguage":"cs","potentialAction":[{"@type":"ReadAction","target":["https:\/\/aztex.ee\/cs\/pood\/povleceni\/povleceni-tencel-svetle-zelena\/"]}]},{"@type":"ImageObject","inLanguage":"cs","@id":"https:\/\/aztex.ee\/cs\/pood\/povleceni\/povleceni-tencel-svetle-zelena\/#primaryimage","url":"https:\/\/aztex.ee\/wp-content\/uploads\/2025\/03\/Tencel-voodipesukomplekt-Heleroheline.jpg","contentUrl":"https:\/\/aztex.ee\/wp-content\/uploads\/2025\/03\/Tencel-voodipesukomplekt-Heleroheline.jpg","width":800,"height":800,"caption":"Tencel voodipesukomplekt Heleroheline"},{"@type":"BreadcrumbList","@id":"https:\/\/aztex.ee\/cs\/pood\/povleceni\/povleceni-tencel-svetle-zelena\/#breadcrumb","itemListElement":[{"@type":"ListItem","position":1,"name":"Dom\u016f","item":"https:\/\/aztex.ee\/cs\/"},{"@type":"ListItem","position":2,"name":"Obchod","item":"https:\/\/aztex.ee\/cs\/obchod\/"},{"@type":"ListItem","position":3,"name":"Povle\u010den\u00ed Tencel | Sv\u011btle zelen\u00e1"}]},{"@type":"WebSite","@id":"https:\/\/aztex.ee\/cs\/#website","url":"https:\/\/aztex.ee\/cs\/","name":"AZTEX","description":"","publisher":{"@id":"https:\/\/aztex.ee\/cs\/#organization"},"potentialAction":[{"@type":"SearchAction","target":{"@type":"EntryPoint","urlTemplate":"https:\/\/aztex.ee\/cs\/?s={search_term_string}"},"query-input":{"@type":"PropertyValueSpecification","valueRequired":true,"valueName":"search_term_string"}}],"inLanguage":"cs"},{"@type":"Organization","@id":"https:\/\/aztex.ee\/cs\/#organization","name":"AZTEX","url":"https:\/\/aztex.ee\/cs\/","logo":{"@type":"ImageObject","inLanguage":"cs","@id":"https:\/\/aztex.ee\/cs\/#\/schema\/logo\/image\/","url":"https:\/\/aztex.ee\/wp-content\/uploads\/2026\/01\/AZTEX.png","contentUrl":"https:\/\/aztex.ee\/wp-content\/uploads\/2026\/01\/AZTEX.png","width":500,"height":500,"caption":"AZTEX"},"image":{"@id":"https:\/\/aztex.ee\/cs\/#\/schema\/logo\/image\/"},"sameAs":["https:\/\/www.facebook.com\/AztexEE","https:\/\/www.instagram.com\/aztexeesti\/","https:\/\/www.youtube.com\/@AZTEXEE","https:\/\/www.pinterest.com\/aztex_eesti\/","https:\/\/www.tiktok.com\/@aztexeesti","https:\/\/www.trustpilot.com\/review\/aztex.ee","https:\/\/www.linkedin.com\/company\/aztex-ee\/","https:\/\/www.wikidata.org\/wiki\/Q137560182"]}]}},"_links":{"self":[{"href":"https:\/\/aztex.ee\/cs\/wp-json\/wp\/v2\/product\/64389","targetHints":{"allow":["GET"]}}],"collection":[{"href":"https:\/\/aztex.ee\/cs\/wp-json\/wp\/v2\/product"}],"about":[{"href":"https:\/\/aztex.ee\/cs\/wp-json\/wp\/v2\/types\/product"}],"replies":[{"embeddable":true,"href":"https:\/\/aztex.ee\/cs\/wp-json\/wp\/v2\/comments?post=64389"}],"version-history":[{"count":0,"href":"https:\/\/aztex.ee\/cs\/wp-json\/wp\/v2\/product\/64389\/revisions"}],"wp:featuredmedia":[{"embeddable":true,"href":"https:\/\/aztex.ee\/cs\/wp-json\/wp\/v2\/media\/64395"}],"wp:attachment":[{"href":"https:\/\/aztex.ee\/cs\/wp-json\/wp\/v2\/media?parent=64389"}],"wp:term":[{"taxonomy":"product_brand","embeddable":true,"href":"https:\/\/aztex.ee\/cs\/wp-json\/wp\/v2\/product_brand?post=64389"},{"taxonomy":"product_cat","embeddable":true,"href":"https:\/\/aztex.ee\/cs\/wp-json\/wp\/v2\/product_cat?post=64389"},{"taxonomy":"product_tag","embeddable":true,"href":"https:\/\/aztex.ee\/cs\/wp-json\/wp\/v2\/product_tag?post=64389"}],"curies":[{"name":"wp","href":"https:\/\/api.w.org\/{rel}","templated":true}]}}