{"id":59763,"date":"2025-02-26T09:58:55","date_gmt":"2025-02-26T09:58:55","guid":{"rendered":"https:\/\/aztex.ee\/?post_type=product&#038;p=59763"},"modified":"2026-02-01T16:43:44","modified_gmt":"2026-02-01T16:43:44","slug":"sherpa-fleecova-deka-150x200-cm","status":"publish","type":"product","link":"https:\/\/aztex.ee\/cs\/pood\/deky-a-pledy\/sherpa-fleecova-deka-150x200-cm\/","title":{"rendered":"Sherpa fleecov\u00e1 deka 150&#215;200 cm"},"content":{"rendered":"<p><strong>Fleecov\u00e1 deka Sherpa 150\u00d7200 cm \u2013 m\u011bkk\u00e1 a h\u0159ejiv\u00e1<\/strong><\/p>\n<p>S touto vysoce kvalitn\u00ed fleecovou dekou Sherpa se budete c\u00edtit doma v\u017edy pohodln\u011b a v teple. Tato deka je navr\u017eena tak, aby poskytovala to nejlep\u0161\u00ed teplo a pohodl\u00ed, aby byly ka\u017edodenn\u00ed chv\u00edle je\u0161t\u011b p\u0159\u00edjemn\u011bj\u0161\u00ed.<\/p>\n<p><strong>Pohodl\u00ed v ka\u017ed\u00e9 situaci<\/strong><br \/>\nFleecov\u00e1 deka Sherpa 150\u00d7200 cm se sv\u00fdmi rozm\u011bry skv\u011ble hod\u00ed do ka\u017ed\u00e9 situace. A\u0165 u\u017e relaxujete na pohovce, poskytujete extra teplo na posteli nebo sp\u00edte &#8211; fleecov\u00e1 deka Sherpa nab\u00edz\u00ed dokonalou lehkost a teplo p\u0159i ka\u017ed\u00e9m pou\u017eit\u00ed. Velikost se tak\u00e9 dob\u0159e hod\u00ed pro hosty nebo jako p\u0159ikr\u00fdvka nav\u00edc na postel, aby byl ka\u017ed\u00fd den pln\u00fd tepla.<\/p>\n<p><strong>Snadn\u00e1 p\u00e9\u010de a odoln\u00e1<\/strong><br \/>\nP\u00e9\u010de o fleecovou deku Sherpa je snadn\u00e1 a pohodln\u00e1, proto\u017ee ji lze pr\u00e1t v pra\u010dce. Po vypr\u00e1n\u00ed z\u016fst\u00e1v\u00e1 m\u011bkk\u00e1, poskytuje trval\u00e9 teplo a kvalitu. Pro zachov\u00e1n\u00ed kr\u00e1sy a trvanlivosti v\u00fdrobku doporu\u010dujeme pr\u00e1t na n\u00edzk\u00e9 teploty. Fleecov\u00e1 deka rychle schne a nevy\u017eaduje samostatn\u00e9 su\u0161en\u00ed, d\u00edky \u010demu\u017e je v ka\u017edodenn\u00edm \u017eivot\u011b je\u0161t\u011b prakti\u010dt\u011bj\u0161\u00ed.<\/p>\n<p><strong>Pohoda a teplo v ka\u017ed\u00e9m okam\u017eiku<\/strong><br \/>\nFleecov\u00e1 deka Sherpa nejen zah\u0159eje, ale tak\u00e9 nab\u00edz\u00ed dokonalou ka\u017edodenn\u00ed relaxaci. A\u0165 u\u017e jde o p\u0159\u00edjemn\u00fd ve\u010der doma, \u010dten\u00ed knihy nebo dom\u00e1c\u00ed pr\u00e1ce \u2013 fleecov\u00e1 deka Sherpa ud\u011bl\u00e1 ka\u017ed\u00fd okam\u017eik v\u00fdjime\u010dn\u00fdm.<\/p>\n","protected":false},"excerpt":{"rendered":"<ul>\n<li>Materi\u00e1l: Kor\u00e1lov\u00fd fleece<\/li>\n<li>Rozm\u011br: 150&#215;200 cm \u00b13<\/li>\n<li>Gram\u00e1\u017e: 1,1 kg<\/li>\n<\/ul>\n","protected":false},"featured_media":59954,"comment_status":"open","ping_status":"closed","template":"","meta":[],"product_brand":[],"product_cat":[1862,4463,4503],"product_tag":[],"class_list":{"0":"post-59763","1":"product","2":"type-product","3":"status-publish","4":"has-post-thumbnail","6":"product_cat-deky-a-pledy","7":"product_cat-fleecove-deky-sherpa","8":"product_cat-fleecove-deky-sherpa-150x200-cm","10":"first","11":"instock","12":"shipping-taxable","13":"purchasable","14":"product-type-variable"},"yoast_head":"<!-- This site is optimized with the Yoast SEO plugin v27.4 - https:\/\/yoast.com\/product\/yoast-seo-wordpress\/ -->\n<title>Sherpa fleecov\u00e1 deka 150x200 cm | AZTEX<\/title>\n<meta name=\"description\" content=\"Ultra m\u011bkk\u00e1 a h\u0159ejiv\u00e1 fleecov\u00e1 deka Sherpa o rozm\u011brech 150x200 cm, kter\u00e1 nab\u00edz\u00ed maxim\u00e1ln\u00ed pohodl\u00ed. Perfektn\u00ed spole\u010dn\u00edk pro chladn\u011bj\u0161\u00ed ve\u010dery a relaxaci.\" \/>\n<meta name=\"robots\" content=\"index, follow, max-snippet:-1, max-image-preview:large, max-video-preview:-1\" \/>\n<link rel=\"canonical\" href=\"https:\/\/aztex.ee\/cs\/pood\/deky-a-pledy\/sherpa-fleecova-deka-150x200-cm\/\" \/>\n<meta property=\"og:locale\" content=\"cs_CZ\" \/>\n<meta property=\"og:type\" content=\"article\" \/>\n<meta property=\"og:title\" content=\"Sherpa fleecov\u00e1 deka 150x200 cm | AZTEX\" \/>\n<meta property=\"og:description\" content=\"Ultra m\u011bkk\u00e1 a h\u0159ejiv\u00e1 fleecov\u00e1 deka Sherpa o rozm\u011brech 150x200 cm, kter\u00e1 nab\u00edz\u00ed maxim\u00e1ln\u00ed pohodl\u00ed. Perfektn\u00ed spole\u010dn\u00edk pro chladn\u011bj\u0161\u00ed ve\u010dery a relaxaci.\" \/>\n<meta property=\"og:url\" content=\"https:\/\/aztex.ee\/cs\/pood\/deky-a-pledy\/sherpa-fleecova-deka-150x200-cm\/\" \/>\n<meta property=\"og:site_name\" content=\"AZTEX\" \/>\n<meta property=\"article:publisher\" content=\"https:\/\/www.facebook.com\/AztexEE\" \/>\n<meta property=\"article:modified_time\" content=\"2026-02-01T16:43:44+00:00\" \/>\n<meta property=\"og:image\" content=\"https:\/\/aztex.ee\/wp-content\/uploads\/2025\/02\/Sherpa-fliis-tekk-150x200-cm.jpg\" \/>\n\t<meta property=\"og:image:width\" content=\"800\" \/>\n\t<meta property=\"og:image:height\" content=\"800\" \/>\n\t<meta property=\"og:image:type\" content=\"image\/jpeg\" \/>\n<meta name=\"twitter:card\" content=\"summary_large_image\" \/>\n<meta name=\"twitter:label1\" content=\"Odhadovan\u00e1 doba \u010dten\u00ed\" \/>\n\t<meta name=\"twitter:data1\" content=\"2 minuta\" \/>\n<script type=\"application\/ld+json\" class=\"yoast-schema-graph\">{\"@context\":\"https:\\\/\\\/schema.org\",\"@graph\":[{\"@type\":[\"WebPage\",\"ItemPage\"],\"@id\":\"https:\\\/\\\/aztex.ee\\\/cs\\\/pood\\\/deky-a-pledy\\\/sherpa-fleecova-deka-150x200-cm\\\/\",\"url\":\"https:\\\/\\\/aztex.ee\\\/cs\\\/pood\\\/deky-a-pledy\\\/sherpa-fleecova-deka-150x200-cm\\\/\",\"name\":\"Sherpa fleecov\u00e1 deka 150x200 cm | AZTEX\",\"isPartOf\":{\"@id\":\"https:\\\/\\\/aztex.ee\\\/cs\\\/#website\"},\"primaryImageOfPage\":{\"@id\":\"https:\\\/\\\/aztex.ee\\\/cs\\\/pood\\\/deky-a-pledy\\\/sherpa-fleecova-deka-150x200-cm\\\/#primaryimage\"},\"image\":{\"@id\":\"https:\\\/\\\/aztex.ee\\\/cs\\\/pood\\\/deky-a-pledy\\\/sherpa-fleecova-deka-150x200-cm\\\/#primaryimage\"},\"thumbnailUrl\":\"https:\\\/\\\/aztex.ee\\\/wp-content\\\/uploads\\\/2025\\\/02\\\/Sherpa-fliis-tekk-150x200-cm.jpg\",\"datePublished\":\"2025-02-26T09:58:55+00:00\",\"dateModified\":\"2026-02-01T16:43:44+00:00\",\"description\":\"Ultra m\u011bkk\u00e1 a h\u0159ejiv\u00e1 fleecov\u00e1 deka Sherpa o rozm\u011brech 150x200 cm, kter\u00e1 nab\u00edz\u00ed maxim\u00e1ln\u00ed pohodl\u00ed. Perfektn\u00ed spole\u010dn\u00edk pro chladn\u011bj\u0161\u00ed ve\u010dery a relaxaci.\",\"breadcrumb\":{\"@id\":\"https:\\\/\\\/aztex.ee\\\/cs\\\/pood\\\/deky-a-pledy\\\/sherpa-fleecova-deka-150x200-cm\\\/#breadcrumb\"},\"inLanguage\":\"cs\",\"potentialAction\":[{\"@type\":\"ReadAction\",\"target\":[\"https:\\\/\\\/aztex.ee\\\/cs\\\/pood\\\/deky-a-pledy\\\/sherpa-fleecova-deka-150x200-cm\\\/\"]}]},{\"@type\":\"ImageObject\",\"inLanguage\":\"cs\",\"@id\":\"https:\\\/\\\/aztex.ee\\\/cs\\\/pood\\\/deky-a-pledy\\\/sherpa-fleecova-deka-150x200-cm\\\/#primaryimage\",\"url\":\"https:\\\/\\\/aztex.ee\\\/wp-content\\\/uploads\\\/2025\\\/02\\\/Sherpa-fliis-tekk-150x200-cm.jpg\",\"contentUrl\":\"https:\\\/\\\/aztex.ee\\\/wp-content\\\/uploads\\\/2025\\\/02\\\/Sherpa-fliis-tekk-150x200-cm.jpg\",\"width\":800,\"height\":800,\"caption\":\"Sherpa fliis tekk 150x200 cm\"},{\"@type\":\"BreadcrumbList\",\"@id\":\"https:\\\/\\\/aztex.ee\\\/cs\\\/pood\\\/deky-a-pledy\\\/sherpa-fleecova-deka-150x200-cm\\\/#breadcrumb\",\"itemListElement\":[{\"@type\":\"ListItem\",\"position\":1,\"name\":\"Dom\u016f\",\"item\":\"https:\\\/\\\/aztex.ee\\\/cs\\\/\"},{\"@type\":\"ListItem\",\"position\":2,\"name\":\"Obchod\",\"item\":\"https:\\\/\\\/aztex.ee\\\/cs\\\/obchod\\\/\"},{\"@type\":\"ListItem\",\"position\":3,\"name\":\"Sherpa fleecov\u00e1 deka 150&#215;200 cm\"}]},{\"@type\":\"WebSite\",\"@id\":\"https:\\\/\\\/aztex.ee\\\/cs\\\/#website\",\"url\":\"https:\\\/\\\/aztex.ee\\\/cs\\\/\",\"name\":\"AZTEX\",\"description\":\"\",\"publisher\":{\"@id\":\"https:\\\/\\\/aztex.ee\\\/cs\\\/#organization\"},\"potentialAction\":[{\"@type\":\"SearchAction\",\"target\":{\"@type\":\"EntryPoint\",\"urlTemplate\":\"https:\\\/\\\/aztex.ee\\\/cs\\\/?s={search_term_string}\"},\"query-input\":{\"@type\":\"PropertyValueSpecification\",\"valueRequired\":true,\"valueName\":\"search_term_string\"}}],\"inLanguage\":\"cs\"},{\"@type\":\"Organization\",\"@id\":\"https:\\\/\\\/aztex.ee\\\/cs\\\/#organization\",\"name\":\"AZTEX\",\"url\":\"https:\\\/\\\/aztex.ee\\\/cs\\\/\",\"logo\":{\"@type\":\"ImageObject\",\"inLanguage\":\"cs\",\"@id\":\"https:\\\/\\\/aztex.ee\\\/cs\\\/#\\\/schema\\\/logo\\\/image\\\/\",\"url\":\"https:\\\/\\\/aztex.ee\\\/wp-content\\\/uploads\\\/2026\\\/01\\\/AZTEX.png\",\"contentUrl\":\"https:\\\/\\\/aztex.ee\\\/wp-content\\\/uploads\\\/2026\\\/01\\\/AZTEX.png\",\"width\":500,\"height\":500,\"caption\":\"AZTEX\"},\"image\":{\"@id\":\"https:\\\/\\\/aztex.ee\\\/cs\\\/#\\\/schema\\\/logo\\\/image\\\/\"},\"sameAs\":[\"https:\\\/\\\/www.facebook.com\\\/AztexEE\",\"https:\\\/\\\/www.instagram.com\\\/aztexeesti\\\/\",\"https:\\\/\\\/www.youtube.com\\\/@AZTEXEE\",\"https:\\\/\\\/www.pinterest.com\\\/aztex_eesti\\\/\",\"https:\\\/\\\/www.tiktok.com\\\/@aztexeesti\",\"https:\\\/\\\/www.trustpilot.com\\\/review\\\/aztex.ee\",\"https:\\\/\\\/www.linkedin.com\\\/company\\\/aztex-ee\\\/\",\"https:\\\/\\\/www.wikidata.org\\\/wiki\\\/Q137560182\"]}]}<\/script>\n<!-- \/ Yoast SEO plugin. -->","yoast_head_json":{"title":"Sherpa fleecov\u00e1 deka 150x200 cm | AZTEX","description":"Ultra m\u011bkk\u00e1 a h\u0159ejiv\u00e1 fleecov\u00e1 deka Sherpa o rozm\u011brech 150x200 cm, kter\u00e1 nab\u00edz\u00ed maxim\u00e1ln\u00ed pohodl\u00ed. Perfektn\u00ed spole\u010dn\u00edk pro chladn\u011bj\u0161\u00ed ve\u010dery a relaxaci.","robots":{"index":"index","follow":"follow","max-snippet":"max-snippet:-1","max-image-preview":"max-image-preview:large","max-video-preview":"max-video-preview:-1"},"canonical":"https:\/\/aztex.ee\/cs\/pood\/deky-a-pledy\/sherpa-fleecova-deka-150x200-cm\/","og_locale":"cs_CZ","og_type":"article","og_title":"Sherpa fleecov\u00e1 deka 150x200 cm | AZTEX","og_description":"Ultra m\u011bkk\u00e1 a h\u0159ejiv\u00e1 fleecov\u00e1 deka Sherpa o rozm\u011brech 150x200 cm, kter\u00e1 nab\u00edz\u00ed maxim\u00e1ln\u00ed pohodl\u00ed. Perfektn\u00ed spole\u010dn\u00edk pro chladn\u011bj\u0161\u00ed ve\u010dery a relaxaci.","og_url":"https:\/\/aztex.ee\/cs\/pood\/deky-a-pledy\/sherpa-fleecova-deka-150x200-cm\/","og_site_name":"AZTEX","article_publisher":"https:\/\/www.facebook.com\/AztexEE","article_modified_time":"2026-02-01T16:43:44+00:00","og_image":[{"width":800,"height":800,"url":"https:\/\/aztex.ee\/wp-content\/uploads\/2025\/02\/Sherpa-fliis-tekk-150x200-cm.jpg","type":"image\/jpeg"}],"twitter_card":"summary_large_image","twitter_misc":{"Odhadovan\u00e1 doba \u010dten\u00ed":"2 minuta"},"schema":{"@context":"https:\/\/schema.org","@graph":[{"@type":["WebPage","ItemPage"],"@id":"https:\/\/aztex.ee\/cs\/pood\/deky-a-pledy\/sherpa-fleecova-deka-150x200-cm\/","url":"https:\/\/aztex.ee\/cs\/pood\/deky-a-pledy\/sherpa-fleecova-deka-150x200-cm\/","name":"Sherpa fleecov\u00e1 deka 150x200 cm | AZTEX","isPartOf":{"@id":"https:\/\/aztex.ee\/cs\/#website"},"primaryImageOfPage":{"@id":"https:\/\/aztex.ee\/cs\/pood\/deky-a-pledy\/sherpa-fleecova-deka-150x200-cm\/#primaryimage"},"image":{"@id":"https:\/\/aztex.ee\/cs\/pood\/deky-a-pledy\/sherpa-fleecova-deka-150x200-cm\/#primaryimage"},"thumbnailUrl":"https:\/\/aztex.ee\/wp-content\/uploads\/2025\/02\/Sherpa-fliis-tekk-150x200-cm.jpg","datePublished":"2025-02-26T09:58:55+00:00","dateModified":"2026-02-01T16:43:44+00:00","description":"Ultra m\u011bkk\u00e1 a h\u0159ejiv\u00e1 fleecov\u00e1 deka Sherpa o rozm\u011brech 150x200 cm, kter\u00e1 nab\u00edz\u00ed maxim\u00e1ln\u00ed pohodl\u00ed. Perfektn\u00ed spole\u010dn\u00edk pro chladn\u011bj\u0161\u00ed ve\u010dery a relaxaci.","breadcrumb":{"@id":"https:\/\/aztex.ee\/cs\/pood\/deky-a-pledy\/sherpa-fleecova-deka-150x200-cm\/#breadcrumb"},"inLanguage":"cs","potentialAction":[{"@type":"ReadAction","target":["https:\/\/aztex.ee\/cs\/pood\/deky-a-pledy\/sherpa-fleecova-deka-150x200-cm\/"]}]},{"@type":"ImageObject","inLanguage":"cs","@id":"https:\/\/aztex.ee\/cs\/pood\/deky-a-pledy\/sherpa-fleecova-deka-150x200-cm\/#primaryimage","url":"https:\/\/aztex.ee\/wp-content\/uploads\/2025\/02\/Sherpa-fliis-tekk-150x200-cm.jpg","contentUrl":"https:\/\/aztex.ee\/wp-content\/uploads\/2025\/02\/Sherpa-fliis-tekk-150x200-cm.jpg","width":800,"height":800,"caption":"Sherpa fliis tekk 150x200 cm"},{"@type":"BreadcrumbList","@id":"https:\/\/aztex.ee\/cs\/pood\/deky-a-pledy\/sherpa-fleecova-deka-150x200-cm\/#breadcrumb","itemListElement":[{"@type":"ListItem","position":1,"name":"Dom\u016f","item":"https:\/\/aztex.ee\/cs\/"},{"@type":"ListItem","position":2,"name":"Obchod","item":"https:\/\/aztex.ee\/cs\/obchod\/"},{"@type":"ListItem","position":3,"name":"Sherpa fleecov\u00e1 deka 150&#215;200 cm"}]},{"@type":"WebSite","@id":"https:\/\/aztex.ee\/cs\/#website","url":"https:\/\/aztex.ee\/cs\/","name":"AZTEX","description":"","publisher":{"@id":"https:\/\/aztex.ee\/cs\/#organization"},"potentialAction":[{"@type":"SearchAction","target":{"@type":"EntryPoint","urlTemplate":"https:\/\/aztex.ee\/cs\/?s={search_term_string}"},"query-input":{"@type":"PropertyValueSpecification","valueRequired":true,"valueName":"search_term_string"}}],"inLanguage":"cs"},{"@type":"Organization","@id":"https:\/\/aztex.ee\/cs\/#organization","name":"AZTEX","url":"https:\/\/aztex.ee\/cs\/","logo":{"@type":"ImageObject","inLanguage":"cs","@id":"https:\/\/aztex.ee\/cs\/#\/schema\/logo\/image\/","url":"https:\/\/aztex.ee\/wp-content\/uploads\/2026\/01\/AZTEX.png","contentUrl":"https:\/\/aztex.ee\/wp-content\/uploads\/2026\/01\/AZTEX.png","width":500,"height":500,"caption":"AZTEX"},"image":{"@id":"https:\/\/aztex.ee\/cs\/#\/schema\/logo\/image\/"},"sameAs":["https:\/\/www.facebook.com\/AztexEE","https:\/\/www.instagram.com\/aztexeesti\/","https:\/\/www.youtube.com\/@AZTEXEE","https:\/\/www.pinterest.com\/aztex_eesti\/","https:\/\/www.tiktok.com\/@aztexeesti","https:\/\/www.trustpilot.com\/review\/aztex.ee","https:\/\/www.linkedin.com\/company\/aztex-ee\/","https:\/\/www.wikidata.org\/wiki\/Q137560182"]}]}},"_links":{"self":[{"href":"https:\/\/aztex.ee\/cs\/wp-json\/wp\/v2\/product\/59763","targetHints":{"allow":["GET"]}}],"collection":[{"href":"https:\/\/aztex.ee\/cs\/wp-json\/wp\/v2\/product"}],"about":[{"href":"https:\/\/aztex.ee\/cs\/wp-json\/wp\/v2\/types\/product"}],"replies":[{"embeddable":true,"href":"https:\/\/aztex.ee\/cs\/wp-json\/wp\/v2\/comments?post=59763"}],"version-history":[{"count":0,"href":"https:\/\/aztex.ee\/cs\/wp-json\/wp\/v2\/product\/59763\/revisions"}],"wp:featuredmedia":[{"embeddable":true,"href":"https:\/\/aztex.ee\/cs\/wp-json\/wp\/v2\/media\/59954"}],"wp:attachment":[{"href":"https:\/\/aztex.ee\/cs\/wp-json\/wp\/v2\/media?parent=59763"}],"wp:term":[{"taxonomy":"product_brand","embeddable":true,"href":"https:\/\/aztex.ee\/cs\/wp-json\/wp\/v2\/product_brand?post=59763"},{"taxonomy":"product_cat","embeddable":true,"href":"https:\/\/aztex.ee\/cs\/wp-json\/wp\/v2\/product_cat?post=59763"},{"taxonomy":"product_tag","embeddable":true,"href":"https:\/\/aztex.ee\/cs\/wp-json\/wp\/v2\/product_tag?post=59763"}],"curies":[{"name":"wp","href":"https:\/\/api.w.org\/{rel}","templated":true}]}}