{"id":57204,"date":"2025-02-18T09:05:31","date_gmt":"2025-02-18T09:05:31","guid":{"rendered":"https:\/\/aztex.ee\/?post_type=product&#038;p=57204"},"modified":"2026-04-07T12:51:23","modified_gmt":"2026-04-07T12:51:23","slug":"pled-130x180-cm","status":"publish","type":"product","link":"https:\/\/aztex.ee\/cs\/pood\/deky-a-pledy\/pled-130x180-cm\/","title":{"rendered":"Pl\u00e9d 130&#215;180 cm"},"content":{"rendered":"<p><strong>M\u011bkk\u00fd a stylov\u00fd pl\u00e9d pro ka\u017ed\u00fd okam\u017eik<\/strong><\/p>\n<p>Vysoce kvalitn\u00ed pl\u00e9d poskytuje teplo a pohodl\u00ed v ka\u017ed\u00e9 situaci. Je dokonal\u00fdm spole\u010dn\u00edkem na chladn\u00e9 ve\u010dery, poskytuje p\u0159\u00edjemnou m\u011bkkost jak p\u0159i \u010dten\u00ed knihy na pohovce, tak p\u0159i u\u017e\u00edv\u00e1n\u00ed si \u010derstv\u00e9ho vzduchu na terase. D\u00edky sv\u00e9mu stylov\u00e9mu designu se hod\u00ed do ka\u017ed\u00e9ho interi\u00e9ru a m\u00edstnosti dod\u00e1 \u00fatulnost a eleganci.<\/p>\n<p><strong>P\u0159\u00edjemn\u00fd a kvalitn\u00ed materi\u00e1l<\/strong><br \/>\nPl\u00e9d je vyroben z m\u011bkk\u00e9ho a odoln\u00e9ho materi\u00e1lu, kter\u00fd je jemn\u00fd a p\u0159\u00edjemn\u00fd na poko\u017ece. Udr\u017euje t\u011blo dostate\u010dn\u011b tepl\u00e9, ale nen\u00ed p\u0159\u00edli\u0161 t\u011b\u017ek\u00e9 ani hork\u00e9. Lehk\u00e1, p\u0159esto hust\u00e1 a vysoce kvalitn\u00ed tkan\u00e1 l\u00e1tka zaji\u0161\u0165uje maxim\u00e1ln\u00ed pohodl\u00ed. Vhodn\u00e9 pro pou\u017eit\u00ed v ka\u017ed\u00e9m ro\u010dn\u00edm obdob\u00ed &#8211; poskytuje teplo za chladn\u00fdch zimn\u00edch ve\u010der\u016f a je ide\u00e1ln\u00ed pro posezen\u00ed venku za chladn\u011bj\u0161\u00edch letn\u00edch ve\u010der\u016f.<\/p>\n<p><strong>Vhodn\u00e9 do ka\u017ed\u00e9ho interi\u00e9ru<\/strong><br \/>\nNad\u010dasov\u00fd design a kr\u00e1sn\u00e9 barevn\u00e9 t\u00f3ny d\u011blaj\u00ed z tohoto pl\u00e9du ide\u00e1ln\u00ed volbu do ka\u017ed\u00e9 dom\u00e1cnosti. Um\u00edst\u011bte jej na pohovku, postel nebo k\u0159eslo a dodejte m\u00edstnosti charakter a \u00fatulnou n\u00e1ladu. D\u00edky sv\u00e9mu elegantn\u00edmu vzhledu se pl\u00e9d hod\u00ed do modern\u00edch i klasick\u00fdch interi\u00e9r\u016f, je praktick\u00fdm i dekorativn\u00edm prvkem.<\/p>\n<p><strong>Snadn\u00e1 p\u00e9\u010de a odoln\u00e1<\/strong><br \/>\nPl\u00e9d je nen\u00e1ro\u010dn\u00fd na \u00fadr\u017ebu, tak\u017ee z\u016fstane m\u011bkk\u00fd a kr\u00e1sn\u00fd po dlouhou dobu. Odoln\u00e9 materi\u00e1ly a kvalitn\u00ed zpracov\u00e1n\u00ed zajist\u00ed, \u017ee si i po n\u011bkolika vypr\u00e1n\u00edch zachov\u00e1 sv\u016fj tvar a barvu. D\u00edky rychleschnouc\u00ed tkanin\u011b, kterou lze pr\u00e1t v pra\u010dce, je pohodln\u00e9 a bezstarostn\u00e9 pro ka\u017edodenn\u00ed pou\u017eit\u00ed.<\/p>\n<p>Vneste do sv\u00e9ho domova v\u00edce tepla a pohodl\u00ed s t\u00edmto kr\u00e1sn\u00fdm, praktick\u00fdm a odoln\u00fdm pl\u00e9dem \u2013 u\u017e\u00edvejte si ka\u017edodenn\u00ed luxus ka\u017edou chv\u00edli!<\/p>\n","protected":false},"excerpt":{"rendered":"<ul>\n<li>Materi\u00e1l: Akryl<\/li>\n<li>Rozm\u011br: 130&#215;180 cm \u00b13<\/li>\n<li>Gram\u00e1\u017e: 0,520 kg<\/li>\n<\/ul>\n","protected":false},"featured_media":57395,"comment_status":"open","ping_status":"closed","template":"","meta":[],"product_brand":[],"product_cat":[1862,3473],"product_tag":[],"class_list":{"0":"post-57204","1":"product","2":"type-product","3":"status-publish","4":"has-post-thumbnail","6":"product_cat-deky-a-pledy","7":"product_cat-pledy","9":"first","10":"instock","11":"shipping-taxable","12":"purchasable","13":"product-type-variable"},"yoast_head":"<!-- This site is optimized with the Yoast SEO plugin v27.4 - https:\/\/yoast.com\/product\/yoast-seo-wordpress\/ -->\n<title>Pl\u00e9d 130x180 cm | AZTEX<\/title>\n<meta name=\"description\" content=\"\u00datuln\u00fd a m\u011bkk\u00fd pl\u00e9d p\u0159in\u00e1\u0161\u00ed teplo do ka\u017ed\u00e9ho domova. Dokonal\u00fd spole\u010dn\u00edk na chladn\u00e9 ve\u010dery \u2013 u\u017eijte si pohodl\u00ed a styl! | Bytov\u00fd textil AZTEX\" \/>\n<meta name=\"robots\" content=\"index, follow, max-snippet:-1, max-image-preview:large, max-video-preview:-1\" \/>\n<link rel=\"canonical\" href=\"https:\/\/aztex.ee\/cs\/pood\/deky-a-pledy\/pled-130x180-cm\/\" \/>\n<meta property=\"og:locale\" content=\"cs_CZ\" \/>\n<meta property=\"og:type\" content=\"article\" \/>\n<meta property=\"og:title\" content=\"Pl\u00e9d 130x180 cm | AZTEX\" \/>\n<meta property=\"og:description\" content=\"\u00datuln\u00fd a m\u011bkk\u00fd pl\u00e9d p\u0159in\u00e1\u0161\u00ed teplo do ka\u017ed\u00e9ho domova. Dokonal\u00fd spole\u010dn\u00edk na chladn\u00e9 ve\u010dery \u2013 u\u017eijte si pohodl\u00ed a styl! | Bytov\u00fd textil AZTEX\" \/>\n<meta property=\"og:url\" content=\"https:\/\/aztex.ee\/cs\/pood\/deky-a-pledy\/pled-130x180-cm\/\" \/>\n<meta property=\"og:site_name\" content=\"AZTEX\" \/>\n<meta property=\"article:publisher\" content=\"https:\/\/www.facebook.com\/AztexEE\" \/>\n<meta property=\"article:modified_time\" content=\"2026-04-07T12:51:23+00:00\" \/>\n<meta property=\"og:image\" content=\"https:\/\/aztex.ee\/wp-content\/uploads\/2025\/02\/Pleed-130x180-cm.jpg\" \/>\n\t<meta property=\"og:image:width\" content=\"800\" \/>\n\t<meta property=\"og:image:height\" content=\"800\" \/>\n\t<meta property=\"og:image:type\" content=\"image\/jpeg\" \/>\n<meta name=\"twitter:card\" content=\"summary_large_image\" \/>\n<meta name=\"twitter:label1\" content=\"Odhadovan\u00e1 doba \u010dten\u00ed\" \/>\n\t<meta name=\"twitter:data1\" content=\"2 minuta\" \/>\n<script type=\"application\/ld+json\" class=\"yoast-schema-graph\">{\"@context\":\"https:\\\/\\\/schema.org\",\"@graph\":[{\"@type\":[\"WebPage\",\"ItemPage\"],\"@id\":\"https:\\\/\\\/aztex.ee\\\/cs\\\/pood\\\/deky-a-pledy\\\/pled-130x180-cm\\\/\",\"url\":\"https:\\\/\\\/aztex.ee\\\/cs\\\/pood\\\/deky-a-pledy\\\/pled-130x180-cm\\\/\",\"name\":\"Pl\u00e9d 130x180 cm | AZTEX\",\"isPartOf\":{\"@id\":\"https:\\\/\\\/aztex.ee\\\/cs\\\/#website\"},\"primaryImageOfPage\":{\"@id\":\"https:\\\/\\\/aztex.ee\\\/cs\\\/pood\\\/deky-a-pledy\\\/pled-130x180-cm\\\/#primaryimage\"},\"image\":{\"@id\":\"https:\\\/\\\/aztex.ee\\\/cs\\\/pood\\\/deky-a-pledy\\\/pled-130x180-cm\\\/#primaryimage\"},\"thumbnailUrl\":\"https:\\\/\\\/aztex.ee\\\/wp-content\\\/uploads\\\/2025\\\/02\\\/Pleed-130x180-cm.jpg\",\"datePublished\":\"2025-02-18T09:05:31+00:00\",\"dateModified\":\"2026-04-07T12:51:23+00:00\",\"description\":\"\u00datuln\u00fd a m\u011bkk\u00fd pl\u00e9d p\u0159in\u00e1\u0161\u00ed teplo do ka\u017ed\u00e9ho domova. Dokonal\u00fd spole\u010dn\u00edk na chladn\u00e9 ve\u010dery \u2013 u\u017eijte si pohodl\u00ed a styl! | Bytov\u00fd textil AZTEX\",\"breadcrumb\":{\"@id\":\"https:\\\/\\\/aztex.ee\\\/cs\\\/pood\\\/deky-a-pledy\\\/pled-130x180-cm\\\/#breadcrumb\"},\"inLanguage\":\"cs\",\"potentialAction\":[{\"@type\":\"ReadAction\",\"target\":[\"https:\\\/\\\/aztex.ee\\\/cs\\\/pood\\\/deky-a-pledy\\\/pled-130x180-cm\\\/\"]}]},{\"@type\":\"ImageObject\",\"inLanguage\":\"cs\",\"@id\":\"https:\\\/\\\/aztex.ee\\\/cs\\\/pood\\\/deky-a-pledy\\\/pled-130x180-cm\\\/#primaryimage\",\"url\":\"https:\\\/\\\/aztex.ee\\\/wp-content\\\/uploads\\\/2025\\\/02\\\/Pleed-130x180-cm.jpg\",\"contentUrl\":\"https:\\\/\\\/aztex.ee\\\/wp-content\\\/uploads\\\/2025\\\/02\\\/Pleed-130x180-cm.jpg\",\"width\":800,\"height\":800,\"caption\":\"Pleed 130x180 cm\"},{\"@type\":\"BreadcrumbList\",\"@id\":\"https:\\\/\\\/aztex.ee\\\/cs\\\/pood\\\/deky-a-pledy\\\/pled-130x180-cm\\\/#breadcrumb\",\"itemListElement\":[{\"@type\":\"ListItem\",\"position\":1,\"name\":\"Dom\u016f\",\"item\":\"https:\\\/\\\/aztex.ee\\\/cs\\\/\"},{\"@type\":\"ListItem\",\"position\":2,\"name\":\"Obchod\",\"item\":\"https:\\\/\\\/aztex.ee\\\/cs\\\/obchod\\\/\"},{\"@type\":\"ListItem\",\"position\":3,\"name\":\"Pl\u00e9d 130&#215;180 cm\"}]},{\"@type\":\"WebSite\",\"@id\":\"https:\\\/\\\/aztex.ee\\\/cs\\\/#website\",\"url\":\"https:\\\/\\\/aztex.ee\\\/cs\\\/\",\"name\":\"AZTEX\",\"description\":\"\",\"publisher\":{\"@id\":\"https:\\\/\\\/aztex.ee\\\/cs\\\/#organization\"},\"potentialAction\":[{\"@type\":\"SearchAction\",\"target\":{\"@type\":\"EntryPoint\",\"urlTemplate\":\"https:\\\/\\\/aztex.ee\\\/cs\\\/?s={search_term_string}\"},\"query-input\":{\"@type\":\"PropertyValueSpecification\",\"valueRequired\":true,\"valueName\":\"search_term_string\"}}],\"inLanguage\":\"cs\"},{\"@type\":\"Organization\",\"@id\":\"https:\\\/\\\/aztex.ee\\\/cs\\\/#organization\",\"name\":\"AZTEX\",\"url\":\"https:\\\/\\\/aztex.ee\\\/cs\\\/\",\"logo\":{\"@type\":\"ImageObject\",\"inLanguage\":\"cs\",\"@id\":\"https:\\\/\\\/aztex.ee\\\/cs\\\/#\\\/schema\\\/logo\\\/image\\\/\",\"url\":\"https:\\\/\\\/aztex.ee\\\/wp-content\\\/uploads\\\/2026\\\/01\\\/AZTEX.png\",\"contentUrl\":\"https:\\\/\\\/aztex.ee\\\/wp-content\\\/uploads\\\/2026\\\/01\\\/AZTEX.png\",\"width\":500,\"height\":500,\"caption\":\"AZTEX\"},\"image\":{\"@id\":\"https:\\\/\\\/aztex.ee\\\/cs\\\/#\\\/schema\\\/logo\\\/image\\\/\"},\"sameAs\":[\"https:\\\/\\\/www.facebook.com\\\/AztexEE\",\"https:\\\/\\\/www.instagram.com\\\/aztexeesti\\\/\",\"https:\\\/\\\/www.youtube.com\\\/@AZTEXEE\",\"https:\\\/\\\/www.pinterest.com\\\/aztex_eesti\\\/\",\"https:\\\/\\\/www.tiktok.com\\\/@aztexeesti\",\"https:\\\/\\\/www.trustpilot.com\\\/review\\\/aztex.ee\",\"https:\\\/\\\/www.linkedin.com\\\/company\\\/aztex-ee\\\/\",\"https:\\\/\\\/www.wikidata.org\\\/wiki\\\/Q137560182\"]}]}<\/script>\n<!-- \/ Yoast SEO plugin. -->","yoast_head_json":{"title":"Pl\u00e9d 130x180 cm | AZTEX","description":"\u00datuln\u00fd a m\u011bkk\u00fd pl\u00e9d p\u0159in\u00e1\u0161\u00ed teplo do ka\u017ed\u00e9ho domova. Dokonal\u00fd spole\u010dn\u00edk na chladn\u00e9 ve\u010dery \u2013 u\u017eijte si pohodl\u00ed a styl! | Bytov\u00fd textil AZTEX","robots":{"index":"index","follow":"follow","max-snippet":"max-snippet:-1","max-image-preview":"max-image-preview:large","max-video-preview":"max-video-preview:-1"},"canonical":"https:\/\/aztex.ee\/cs\/pood\/deky-a-pledy\/pled-130x180-cm\/","og_locale":"cs_CZ","og_type":"article","og_title":"Pl\u00e9d 130x180 cm | AZTEX","og_description":"\u00datuln\u00fd a m\u011bkk\u00fd pl\u00e9d p\u0159in\u00e1\u0161\u00ed teplo do ka\u017ed\u00e9ho domova. Dokonal\u00fd spole\u010dn\u00edk na chladn\u00e9 ve\u010dery \u2013 u\u017eijte si pohodl\u00ed a styl! | Bytov\u00fd textil AZTEX","og_url":"https:\/\/aztex.ee\/cs\/pood\/deky-a-pledy\/pled-130x180-cm\/","og_site_name":"AZTEX","article_publisher":"https:\/\/www.facebook.com\/AztexEE","article_modified_time":"2026-04-07T12:51:23+00:00","og_image":[{"width":800,"height":800,"url":"https:\/\/aztex.ee\/wp-content\/uploads\/2025\/02\/Pleed-130x180-cm.jpg","type":"image\/jpeg"}],"twitter_card":"summary_large_image","twitter_misc":{"Odhadovan\u00e1 doba \u010dten\u00ed":"2 minuta"},"schema":{"@context":"https:\/\/schema.org","@graph":[{"@type":["WebPage","ItemPage"],"@id":"https:\/\/aztex.ee\/cs\/pood\/deky-a-pledy\/pled-130x180-cm\/","url":"https:\/\/aztex.ee\/cs\/pood\/deky-a-pledy\/pled-130x180-cm\/","name":"Pl\u00e9d 130x180 cm | AZTEX","isPartOf":{"@id":"https:\/\/aztex.ee\/cs\/#website"},"primaryImageOfPage":{"@id":"https:\/\/aztex.ee\/cs\/pood\/deky-a-pledy\/pled-130x180-cm\/#primaryimage"},"image":{"@id":"https:\/\/aztex.ee\/cs\/pood\/deky-a-pledy\/pled-130x180-cm\/#primaryimage"},"thumbnailUrl":"https:\/\/aztex.ee\/wp-content\/uploads\/2025\/02\/Pleed-130x180-cm.jpg","datePublished":"2025-02-18T09:05:31+00:00","dateModified":"2026-04-07T12:51:23+00:00","description":"\u00datuln\u00fd a m\u011bkk\u00fd pl\u00e9d p\u0159in\u00e1\u0161\u00ed teplo do ka\u017ed\u00e9ho domova. Dokonal\u00fd spole\u010dn\u00edk na chladn\u00e9 ve\u010dery \u2013 u\u017eijte si pohodl\u00ed a styl! | Bytov\u00fd textil AZTEX","breadcrumb":{"@id":"https:\/\/aztex.ee\/cs\/pood\/deky-a-pledy\/pled-130x180-cm\/#breadcrumb"},"inLanguage":"cs","potentialAction":[{"@type":"ReadAction","target":["https:\/\/aztex.ee\/cs\/pood\/deky-a-pledy\/pled-130x180-cm\/"]}]},{"@type":"ImageObject","inLanguage":"cs","@id":"https:\/\/aztex.ee\/cs\/pood\/deky-a-pledy\/pled-130x180-cm\/#primaryimage","url":"https:\/\/aztex.ee\/wp-content\/uploads\/2025\/02\/Pleed-130x180-cm.jpg","contentUrl":"https:\/\/aztex.ee\/wp-content\/uploads\/2025\/02\/Pleed-130x180-cm.jpg","width":800,"height":800,"caption":"Pleed 130x180 cm"},{"@type":"BreadcrumbList","@id":"https:\/\/aztex.ee\/cs\/pood\/deky-a-pledy\/pled-130x180-cm\/#breadcrumb","itemListElement":[{"@type":"ListItem","position":1,"name":"Dom\u016f","item":"https:\/\/aztex.ee\/cs\/"},{"@type":"ListItem","position":2,"name":"Obchod","item":"https:\/\/aztex.ee\/cs\/obchod\/"},{"@type":"ListItem","position":3,"name":"Pl\u00e9d 130&#215;180 cm"}]},{"@type":"WebSite","@id":"https:\/\/aztex.ee\/cs\/#website","url":"https:\/\/aztex.ee\/cs\/","name":"AZTEX","description":"","publisher":{"@id":"https:\/\/aztex.ee\/cs\/#organization"},"potentialAction":[{"@type":"SearchAction","target":{"@type":"EntryPoint","urlTemplate":"https:\/\/aztex.ee\/cs\/?s={search_term_string}"},"query-input":{"@type":"PropertyValueSpecification","valueRequired":true,"valueName":"search_term_string"}}],"inLanguage":"cs"},{"@type":"Organization","@id":"https:\/\/aztex.ee\/cs\/#organization","name":"AZTEX","url":"https:\/\/aztex.ee\/cs\/","logo":{"@type":"ImageObject","inLanguage":"cs","@id":"https:\/\/aztex.ee\/cs\/#\/schema\/logo\/image\/","url":"https:\/\/aztex.ee\/wp-content\/uploads\/2026\/01\/AZTEX.png","contentUrl":"https:\/\/aztex.ee\/wp-content\/uploads\/2026\/01\/AZTEX.png","width":500,"height":500,"caption":"AZTEX"},"image":{"@id":"https:\/\/aztex.ee\/cs\/#\/schema\/logo\/image\/"},"sameAs":["https:\/\/www.facebook.com\/AztexEE","https:\/\/www.instagram.com\/aztexeesti\/","https:\/\/www.youtube.com\/@AZTEXEE","https:\/\/www.pinterest.com\/aztex_eesti\/","https:\/\/www.tiktok.com\/@aztexeesti","https:\/\/www.trustpilot.com\/review\/aztex.ee","https:\/\/www.linkedin.com\/company\/aztex-ee\/","https:\/\/www.wikidata.org\/wiki\/Q137560182"]}]}},"_links":{"self":[{"href":"https:\/\/aztex.ee\/cs\/wp-json\/wp\/v2\/product\/57204","targetHints":{"allow":["GET"]}}],"collection":[{"href":"https:\/\/aztex.ee\/cs\/wp-json\/wp\/v2\/product"}],"about":[{"href":"https:\/\/aztex.ee\/cs\/wp-json\/wp\/v2\/types\/product"}],"replies":[{"embeddable":true,"href":"https:\/\/aztex.ee\/cs\/wp-json\/wp\/v2\/comments?post=57204"}],"version-history":[{"count":0,"href":"https:\/\/aztex.ee\/cs\/wp-json\/wp\/v2\/product\/57204\/revisions"}],"wp:featuredmedia":[{"embeddable":true,"href":"https:\/\/aztex.ee\/cs\/wp-json\/wp\/v2\/media\/57395"}],"wp:attachment":[{"href":"https:\/\/aztex.ee\/cs\/wp-json\/wp\/v2\/media?parent=57204"}],"wp:term":[{"taxonomy":"product_brand","embeddable":true,"href":"https:\/\/aztex.ee\/cs\/wp-json\/wp\/v2\/product_brand?post=57204"},{"taxonomy":"product_cat","embeddable":true,"href":"https:\/\/aztex.ee\/cs\/wp-json\/wp\/v2\/product_cat?post=57204"},{"taxonomy":"product_tag","embeddable":true,"href":"https:\/\/aztex.ee\/cs\/wp-json\/wp\/v2\/product_tag?post=57204"}],"curies":[{"name":"wp","href":"https:\/\/api.w.org\/{rel}","templated":true}]}}