{"id":55137,"date":"2025-02-13T18:53:53","date_gmt":"2025-02-13T18:53:53","guid":{"rendered":"https:\/\/aztex.ee\/?post_type=product&#038;p=55137"},"modified":"2026-04-24T09:14:55","modified_gmt":"2026-04-24T09:14:55","slug":"mekka-fleecova-deka-180x200-cm","status":"publish","type":"product","link":"https:\/\/aztex.ee\/cs\/pood\/deky-a-pledy\/mekka-fleecova-deka-180x200-cm\/","title":{"rendered":"M\u011bkk\u00e1 fleecov\u00e1 deka 180&#215;200 cm"},"content":{"rendered":"<p><strong>M\u011bkk\u00e1 a h\u0159ejiv\u00e1 fleecov\u00e1 deka 180&#215;200 cm \u2013 \u00fatulnost pro ka\u017ed\u00fd den<\/strong><\/p>\n<p>U\u017eijte si maxim\u00e1ln\u00ed pohodl\u00ed s kvalitn\u00ed a m\u011bkkou fleecovou dekou! Velk\u00e1 deka 180&#215;200 cm se skv\u011ble hod\u00ed jak na postel, tak na pohovku, poskytuje teplo a pohodu v ka\u017ed\u00e9m ro\u010dn\u00edm obdob\u00ed. D\u00edky lehk\u00e9mu, prody\u0161n\u00e9mu a odoln\u00e9mu materi\u00e1lu je ka\u017ed\u00fd okam\u017eik odpo\u010dinku je\u0161t\u011b p\u0159\u00edjemn\u011bj\u0161\u00ed.<\/p>\n<p><strong>Vysoce kvalitn\u00ed a odoln\u00fd materi\u00e1l<\/strong><br \/>\nFleece materi\u00e1l zaji\u0161\u0165uje dokonalou rovnov\u00e1hu mezi teplem a pohybem vzduchu. Deka je lehk\u00e1, p\u0159esto h\u0159ejiv\u00e1, poskytuje pohodl\u00ed i v chladn\u011bj\u0161\u00edch ve\u010derech. Odoln\u00e1 tkanina si zachov\u00e1v\u00e1 sv\u016fj tvar a barvu i po opakovan\u00e9m pran\u00ed, tak\u017ee je volbou s dlouhou \u017eivotnost\u00ed.<\/p>\n<p><strong>Snadn\u00e1 \u00fadr\u017eba a prakti\u010dnost<\/strong><br \/>\nFleecov\u00e1 deka je ur\u010dena pro ka\u017edodenn\u00ed pou\u017eit\u00ed a je nen\u00e1ro\u010dn\u00e1 na \u00fadr\u017ebu. Materi\u00e1l, kter\u00fd lze pr\u00e1t v pra\u010dce, neztr\u00e1c\u00ed m\u011bkkost ani barvu ani po n\u011bkolika vypr\u00e1n\u00edch. Deka nav\u00edc rychle schne, tak\u017ee je ide\u00e1ln\u00ed pro ty, kte\u0159\u00ed oce\u0148uj\u00ed prakti\u010dnost a pohodl\u00ed.<\/p>\n<p><strong>V\u0161estrann\u00e9 pou\u017eit\u00ed<\/strong><br \/>\nDeka je ide\u00e1ln\u00ed jak na postel, tak na pohovku, poskytuje extra teplo a m\u011bkkost. D\u00edky sv\u00e9 lehkosti je skv\u011bl\u00fdm spole\u010dn\u00edkem na v\u00fdlety, kempov\u00e1n\u00ed a pikniky &#8211; snadno se slo\u017e\u00ed a vezme s sebou. Za chladn\u00fdch ve\u010der\u016f poskytuje deka teplo i p\u0159i posezen\u00ed na terase nebo balkon\u011b.<\/p>\n<p><strong>Skv\u011bl\u00fd n\u00e1pad na d\u00e1rek<\/strong><br \/>\nFleecov\u00e1 deka je perfektn\u00ed d\u00e1rek pro bl\u00edzk\u00e9, kte\u0159\u00ed si r\u00e1di u\u017e\u00edvaj\u00ed pohodu a teplo. Jeho m\u011bkk\u00fd a luxusn\u00ed materi\u00e1l z n\u011bj d\u011bl\u00e1 milovan\u00e9ho spole\u010dn\u00edka v ka\u017ed\u00e9 dom\u00e1cnosti.<\/p>\n<p>Dodejte sv\u00e9mu \u017eivotu v\u00edce pohodl\u00ed a tepla s touto m\u011bkkou fleecovou dekou a u\u017eijte si p\u0159\u00edjemn\u00e9 chv\u00edle v ka\u017ed\u00e9m ro\u010dn\u00edm obdob\u00ed!<\/p>\n","protected":false},"excerpt":{"rendered":"<ul>\n<li>Materi\u00e1l: Kor\u00e1lov\u00fd fleece<\/li>\n<li>Rozm\u011br: 180&#215;200 cm \u00b13<\/li>\n<li>Gram\u00e1\u017e: 1,2 kg<\/li>\n<\/ul>\n","protected":false},"featured_media":55351,"comment_status":"open","ping_status":"closed","template":"","meta":[],"product_brand":[],"product_cat":[1862,3127,3411],"product_tag":[],"class_list":{"0":"post-55137","1":"product","2":"type-product","3":"status-publish","4":"has-post-thumbnail","6":"product_cat-deky-a-pledy","7":"product_cat-fleecove-deky","8":"product_cat-fleecove-deky-180x200-cm","10":"first","11":"instock","12":"shipping-taxable","13":"purchasable","14":"product-type-variable"},"yoast_head":"<!-- This site is optimized with the Yoast SEO plugin v27.6 - https:\/\/yoast.com\/product\/yoast-seo-wordpress\/ -->\n<title>M\u011bkk\u00e1 fleecov\u00e1 deka 180x200 cm | AZTEX<\/title>\n<meta name=\"description\" content=\"Pohodln\u00e1 a h\u0159ejiv\u00e1 fleecov\u00e1 deka o rozm\u011bru 180x200 cm. Ide\u00e1ln\u00ed pro ka\u017edodenn\u00ed pou\u017eit\u00ed, nab\u00edz\u00ed p\u0159\u00edjemnou jemnost na poko\u017ece, kter\u00e1 vytv\u00e1\u0159\u00ed dobr\u00fd pocit.\" \/>\n<meta name=\"robots\" content=\"index, follow, max-snippet:-1, max-image-preview:large, max-video-preview:-1\" \/>\n<link rel=\"canonical\" href=\"https:\/\/aztex.ee\/cs\/pood\/deky-a-pledy\/mekka-fleecova-deka-180x200-cm\/\" \/>\n<meta property=\"og:locale\" content=\"cs_CZ\" \/>\n<meta property=\"og:type\" content=\"article\" \/>\n<meta property=\"og:title\" content=\"M\u011bkk\u00e1 fleecov\u00e1 deka 180x200 cm | AZTEX\" \/>\n<meta property=\"og:description\" content=\"Pohodln\u00e1 a h\u0159ejiv\u00e1 fleecov\u00e1 deka o rozm\u011bru 180x200 cm. Ide\u00e1ln\u00ed pro ka\u017edodenn\u00ed pou\u017eit\u00ed, nab\u00edz\u00ed p\u0159\u00edjemnou jemnost na poko\u017ece, kter\u00e1 vytv\u00e1\u0159\u00ed dobr\u00fd pocit.\" \/>\n<meta property=\"og:url\" content=\"https:\/\/aztex.ee\/cs\/pood\/deky-a-pledy\/mekka-fleecova-deka-180x200-cm\/\" \/>\n<meta property=\"og:site_name\" content=\"AZTEX\" \/>\n<meta property=\"article:publisher\" content=\"https:\/\/www.facebook.com\/AztexEE\" \/>\n<meta property=\"article:modified_time\" content=\"2026-04-24T09:14:55+00:00\" \/>\n<meta property=\"og:image\" content=\"https:\/\/aztex.ee\/wp-content\/uploads\/2025\/02\/Pehme-fliistekk-180\u00d7200-cm.jpg\" \/>\n\t<meta property=\"og:image:width\" content=\"800\" \/>\n\t<meta property=\"og:image:height\" content=\"800\" \/>\n\t<meta property=\"og:image:type\" content=\"image\/jpeg\" \/>\n<meta name=\"twitter:card\" content=\"summary_large_image\" \/>\n<meta name=\"twitter:label1\" content=\"Odhadovan\u00e1 doba \u010dten\u00ed\" \/>\n\t<meta name=\"twitter:data1\" content=\"2 minuta\" \/>\n<script type=\"application\/ld+json\" class=\"yoast-schema-graph\">{\"@context\":\"https:\\\/\\\/schema.org\",\"@graph\":[{\"@type\":[\"WebPage\",\"ItemPage\"],\"@id\":\"https:\\\/\\\/aztex.ee\\\/cs\\\/pood\\\/deky-a-pledy\\\/mekka-fleecova-deka-180x200-cm\\\/\",\"url\":\"https:\\\/\\\/aztex.ee\\\/cs\\\/pood\\\/deky-a-pledy\\\/mekka-fleecova-deka-180x200-cm\\\/\",\"name\":\"M\u011bkk\u00e1 fleecov\u00e1 deka 180x200 cm | AZTEX\",\"isPartOf\":{\"@id\":\"https:\\\/\\\/aztex.ee\\\/cs\\\/#website\"},\"primaryImageOfPage\":{\"@id\":\"https:\\\/\\\/aztex.ee\\\/cs\\\/pood\\\/deky-a-pledy\\\/mekka-fleecova-deka-180x200-cm\\\/#primaryimage\"},\"image\":{\"@id\":\"https:\\\/\\\/aztex.ee\\\/cs\\\/pood\\\/deky-a-pledy\\\/mekka-fleecova-deka-180x200-cm\\\/#primaryimage\"},\"thumbnailUrl\":\"https:\\\/\\\/aztex.ee\\\/wp-content\\\/uploads\\\/2025\\\/02\\\/Pehme-fliistekk-180\u00d7200-cm.jpg\",\"datePublished\":\"2025-02-13T18:53:53+00:00\",\"dateModified\":\"2026-04-24T09:14:55+00:00\",\"description\":\"Pohodln\u00e1 a h\u0159ejiv\u00e1 fleecov\u00e1 deka o rozm\u011bru 180x200 cm. Ide\u00e1ln\u00ed pro ka\u017edodenn\u00ed pou\u017eit\u00ed, nab\u00edz\u00ed p\u0159\u00edjemnou jemnost na poko\u017ece, kter\u00e1 vytv\u00e1\u0159\u00ed dobr\u00fd pocit.\",\"breadcrumb\":{\"@id\":\"https:\\\/\\\/aztex.ee\\\/cs\\\/pood\\\/deky-a-pledy\\\/mekka-fleecova-deka-180x200-cm\\\/#breadcrumb\"},\"inLanguage\":\"cs\",\"potentialAction\":[{\"@type\":\"ReadAction\",\"target\":[\"https:\\\/\\\/aztex.ee\\\/cs\\\/pood\\\/deky-a-pledy\\\/mekka-fleecova-deka-180x200-cm\\\/\"]}]},{\"@type\":\"ImageObject\",\"inLanguage\":\"cs\",\"@id\":\"https:\\\/\\\/aztex.ee\\\/cs\\\/pood\\\/deky-a-pledy\\\/mekka-fleecova-deka-180x200-cm\\\/#primaryimage\",\"url\":\"https:\\\/\\\/aztex.ee\\\/wp-content\\\/uploads\\\/2025\\\/02\\\/Pehme-fliistekk-180\u00d7200-cm.jpg\",\"contentUrl\":\"https:\\\/\\\/aztex.ee\\\/wp-content\\\/uploads\\\/2025\\\/02\\\/Pehme-fliistekk-180\u00d7200-cm.jpg\",\"width\":800,\"height\":800,\"caption\":\"Pehme fliistekk 180\u00d7200 cm\"},{\"@type\":\"BreadcrumbList\",\"@id\":\"https:\\\/\\\/aztex.ee\\\/cs\\\/pood\\\/deky-a-pledy\\\/mekka-fleecova-deka-180x200-cm\\\/#breadcrumb\",\"itemListElement\":[{\"@type\":\"ListItem\",\"position\":1,\"name\":\"Dom\u016f\",\"item\":\"https:\\\/\\\/aztex.ee\\\/cs\\\/\"},{\"@type\":\"ListItem\",\"position\":2,\"name\":\"Obchod\",\"item\":\"https:\\\/\\\/aztex.ee\\\/cs\\\/obchod\\\/\"},{\"@type\":\"ListItem\",\"position\":3,\"name\":\"M\u011bkk\u00e1 fleecov\u00e1 deka 180&#215;200 cm\"}]},{\"@type\":\"WebSite\",\"@id\":\"https:\\\/\\\/aztex.ee\\\/cs\\\/#website\",\"url\":\"https:\\\/\\\/aztex.ee\\\/cs\\\/\",\"name\":\"AZTEX\",\"description\":\"\",\"publisher\":{\"@id\":\"https:\\\/\\\/aztex.ee\\\/cs\\\/#organization\"},\"potentialAction\":[{\"@type\":\"SearchAction\",\"target\":{\"@type\":\"EntryPoint\",\"urlTemplate\":\"https:\\\/\\\/aztex.ee\\\/cs\\\/?s={search_term_string}\"},\"query-input\":{\"@type\":\"PropertyValueSpecification\",\"valueRequired\":true,\"valueName\":\"search_term_string\"}}],\"inLanguage\":\"cs\"},{\"@type\":\"Organization\",\"@id\":\"https:\\\/\\\/aztex.ee\\\/cs\\\/#organization\",\"name\":\"AZTEX\",\"url\":\"https:\\\/\\\/aztex.ee\\\/cs\\\/\",\"logo\":{\"@type\":\"ImageObject\",\"inLanguage\":\"cs\",\"@id\":\"https:\\\/\\\/aztex.ee\\\/cs\\\/#\\\/schema\\\/logo\\\/image\\\/\",\"url\":\"https:\\\/\\\/aztex.ee\\\/wp-content\\\/uploads\\\/2026\\\/01\\\/AZTEX.png\",\"contentUrl\":\"https:\\\/\\\/aztex.ee\\\/wp-content\\\/uploads\\\/2026\\\/01\\\/AZTEX.png\",\"width\":500,\"height\":500,\"caption\":\"AZTEX\"},\"image\":{\"@id\":\"https:\\\/\\\/aztex.ee\\\/cs\\\/#\\\/schema\\\/logo\\\/image\\\/\"},\"sameAs\":[\"https:\\\/\\\/www.facebook.com\\\/AztexEE\",\"https:\\\/\\\/www.instagram.com\\\/aztexeesti\\\/\",\"https:\\\/\\\/www.youtube.com\\\/@AZTEXEE\",\"https:\\\/\\\/www.pinterest.com\\\/aztex_eesti\\\/\",\"https:\\\/\\\/www.tiktok.com\\\/@aztexeesti\",\"https:\\\/\\\/www.trustpilot.com\\\/review\\\/aztex.ee\",\"https:\\\/\\\/www.linkedin.com\\\/company\\\/aztex-ee\\\/\",\"https:\\\/\\\/www.wikidata.org\\\/wiki\\\/Q137560182\"]}]}<\/script>\n<!-- \/ Yoast SEO plugin. -->","yoast_head_json":{"title":"M\u011bkk\u00e1 fleecov\u00e1 deka 180x200 cm | AZTEX","description":"Pohodln\u00e1 a h\u0159ejiv\u00e1 fleecov\u00e1 deka o rozm\u011bru 180x200 cm. Ide\u00e1ln\u00ed pro ka\u017edodenn\u00ed pou\u017eit\u00ed, nab\u00edz\u00ed p\u0159\u00edjemnou jemnost na poko\u017ece, kter\u00e1 vytv\u00e1\u0159\u00ed dobr\u00fd pocit.","robots":{"index":"index","follow":"follow","max-snippet":"max-snippet:-1","max-image-preview":"max-image-preview:large","max-video-preview":"max-video-preview:-1"},"canonical":"https:\/\/aztex.ee\/cs\/pood\/deky-a-pledy\/mekka-fleecova-deka-180x200-cm\/","og_locale":"cs_CZ","og_type":"article","og_title":"M\u011bkk\u00e1 fleecov\u00e1 deka 180x200 cm | AZTEX","og_description":"Pohodln\u00e1 a h\u0159ejiv\u00e1 fleecov\u00e1 deka o rozm\u011bru 180x200 cm. Ide\u00e1ln\u00ed pro ka\u017edodenn\u00ed pou\u017eit\u00ed, nab\u00edz\u00ed p\u0159\u00edjemnou jemnost na poko\u017ece, kter\u00e1 vytv\u00e1\u0159\u00ed dobr\u00fd pocit.","og_url":"https:\/\/aztex.ee\/cs\/pood\/deky-a-pledy\/mekka-fleecova-deka-180x200-cm\/","og_site_name":"AZTEX","article_publisher":"https:\/\/www.facebook.com\/AztexEE","article_modified_time":"2026-04-24T09:14:55+00:00","og_image":[{"width":800,"height":800,"url":"https:\/\/aztex.ee\/wp-content\/uploads\/2025\/02\/Pehme-fliistekk-180\u00d7200-cm.jpg","type":"image\/jpeg"}],"twitter_card":"summary_large_image","twitter_misc":{"Odhadovan\u00e1 doba \u010dten\u00ed":"2 minuta"},"schema":{"@context":"https:\/\/schema.org","@graph":[{"@type":["WebPage","ItemPage"],"@id":"https:\/\/aztex.ee\/cs\/pood\/deky-a-pledy\/mekka-fleecova-deka-180x200-cm\/","url":"https:\/\/aztex.ee\/cs\/pood\/deky-a-pledy\/mekka-fleecova-deka-180x200-cm\/","name":"M\u011bkk\u00e1 fleecov\u00e1 deka 180x200 cm | AZTEX","isPartOf":{"@id":"https:\/\/aztex.ee\/cs\/#website"},"primaryImageOfPage":{"@id":"https:\/\/aztex.ee\/cs\/pood\/deky-a-pledy\/mekka-fleecova-deka-180x200-cm\/#primaryimage"},"image":{"@id":"https:\/\/aztex.ee\/cs\/pood\/deky-a-pledy\/mekka-fleecova-deka-180x200-cm\/#primaryimage"},"thumbnailUrl":"https:\/\/aztex.ee\/wp-content\/uploads\/2025\/02\/Pehme-fliistekk-180\u00d7200-cm.jpg","datePublished":"2025-02-13T18:53:53+00:00","dateModified":"2026-04-24T09:14:55+00:00","description":"Pohodln\u00e1 a h\u0159ejiv\u00e1 fleecov\u00e1 deka o rozm\u011bru 180x200 cm. Ide\u00e1ln\u00ed pro ka\u017edodenn\u00ed pou\u017eit\u00ed, nab\u00edz\u00ed p\u0159\u00edjemnou jemnost na poko\u017ece, kter\u00e1 vytv\u00e1\u0159\u00ed dobr\u00fd pocit.","breadcrumb":{"@id":"https:\/\/aztex.ee\/cs\/pood\/deky-a-pledy\/mekka-fleecova-deka-180x200-cm\/#breadcrumb"},"inLanguage":"cs","potentialAction":[{"@type":"ReadAction","target":["https:\/\/aztex.ee\/cs\/pood\/deky-a-pledy\/mekka-fleecova-deka-180x200-cm\/"]}]},{"@type":"ImageObject","inLanguage":"cs","@id":"https:\/\/aztex.ee\/cs\/pood\/deky-a-pledy\/mekka-fleecova-deka-180x200-cm\/#primaryimage","url":"https:\/\/aztex.ee\/wp-content\/uploads\/2025\/02\/Pehme-fliistekk-180\u00d7200-cm.jpg","contentUrl":"https:\/\/aztex.ee\/wp-content\/uploads\/2025\/02\/Pehme-fliistekk-180\u00d7200-cm.jpg","width":800,"height":800,"caption":"Pehme fliistekk 180\u00d7200 cm"},{"@type":"BreadcrumbList","@id":"https:\/\/aztex.ee\/cs\/pood\/deky-a-pledy\/mekka-fleecova-deka-180x200-cm\/#breadcrumb","itemListElement":[{"@type":"ListItem","position":1,"name":"Dom\u016f","item":"https:\/\/aztex.ee\/cs\/"},{"@type":"ListItem","position":2,"name":"Obchod","item":"https:\/\/aztex.ee\/cs\/obchod\/"},{"@type":"ListItem","position":3,"name":"M\u011bkk\u00e1 fleecov\u00e1 deka 180&#215;200 cm"}]},{"@type":"WebSite","@id":"https:\/\/aztex.ee\/cs\/#website","url":"https:\/\/aztex.ee\/cs\/","name":"AZTEX","description":"","publisher":{"@id":"https:\/\/aztex.ee\/cs\/#organization"},"potentialAction":[{"@type":"SearchAction","target":{"@type":"EntryPoint","urlTemplate":"https:\/\/aztex.ee\/cs\/?s={search_term_string}"},"query-input":{"@type":"PropertyValueSpecification","valueRequired":true,"valueName":"search_term_string"}}],"inLanguage":"cs"},{"@type":"Organization","@id":"https:\/\/aztex.ee\/cs\/#organization","name":"AZTEX","url":"https:\/\/aztex.ee\/cs\/","logo":{"@type":"ImageObject","inLanguage":"cs","@id":"https:\/\/aztex.ee\/cs\/#\/schema\/logo\/image\/","url":"https:\/\/aztex.ee\/wp-content\/uploads\/2026\/01\/AZTEX.png","contentUrl":"https:\/\/aztex.ee\/wp-content\/uploads\/2026\/01\/AZTEX.png","width":500,"height":500,"caption":"AZTEX"},"image":{"@id":"https:\/\/aztex.ee\/cs\/#\/schema\/logo\/image\/"},"sameAs":["https:\/\/www.facebook.com\/AztexEE","https:\/\/www.instagram.com\/aztexeesti\/","https:\/\/www.youtube.com\/@AZTEXEE","https:\/\/www.pinterest.com\/aztex_eesti\/","https:\/\/www.tiktok.com\/@aztexeesti","https:\/\/www.trustpilot.com\/review\/aztex.ee","https:\/\/www.linkedin.com\/company\/aztex-ee\/","https:\/\/www.wikidata.org\/wiki\/Q137560182"]}]}},"_links":{"self":[{"href":"https:\/\/aztex.ee\/cs\/wp-json\/wp\/v2\/product\/55137","targetHints":{"allow":["GET"]}}],"collection":[{"href":"https:\/\/aztex.ee\/cs\/wp-json\/wp\/v2\/product"}],"about":[{"href":"https:\/\/aztex.ee\/cs\/wp-json\/wp\/v2\/types\/product"}],"replies":[{"embeddable":true,"href":"https:\/\/aztex.ee\/cs\/wp-json\/wp\/v2\/comments?post=55137"}],"version-history":[{"count":0,"href":"https:\/\/aztex.ee\/cs\/wp-json\/wp\/v2\/product\/55137\/revisions"}],"wp:featuredmedia":[{"embeddable":true,"href":"https:\/\/aztex.ee\/cs\/wp-json\/wp\/v2\/media\/55351"}],"wp:attachment":[{"href":"https:\/\/aztex.ee\/cs\/wp-json\/wp\/v2\/media?parent=55137"}],"wp:term":[{"taxonomy":"product_brand","embeddable":true,"href":"https:\/\/aztex.ee\/cs\/wp-json\/wp\/v2\/product_brand?post=55137"},{"taxonomy":"product_cat","embeddable":true,"href":"https:\/\/aztex.ee\/cs\/wp-json\/wp\/v2\/product_cat?post=55137"},{"taxonomy":"product_tag","embeddable":true,"href":"https:\/\/aztex.ee\/cs\/wp-json\/wp\/v2\/product_tag?post=55137"}],"curies":[{"name":"wp","href":"https:\/\/api.w.org\/{rel}","templated":true}]}}