{"id":50089,"date":"2025-02-05T22:02:46","date_gmt":"2025-02-05T22:02:46","guid":{"rendered":"https:\/\/aztex.ee\/?post_type=product&#038;p=50089"},"modified":"2026-04-29T11:46:27","modified_gmt":"2026-04-29T11:46:27","slug":"raschel-deka-200x230-cm","status":"publish","type":"product","link":"https:\/\/aztex.ee\/cs\/pood\/deky-a-pledy\/raschel-deka-200x230-cm\/","title":{"rendered":"Raschel deka 200&#215;230 cm | 3,5 kg"},"content":{"rendered":"<p><strong>Raschel deka \u2013 luxusn\u00ed m\u011bkkost a styl<\/strong><\/p>\n<p>Deka Raschel kombinuje teplo, pohodl\u00ed a styl v jednom produktu. D\u00edky luxusn\u00ed m\u011bkkosti je ka\u017edodenn\u00ed pou\u017e\u00edv\u00e1n\u00ed \u00fatuln\u00e9 a p\u0159\u00edjemn\u00e9. Textura deky nab\u00edz\u00ed p\u0159\u00edjemn\u00fd z\u00e1\u017eitek, je m\u011bkk\u00e1 a z\u00e1rove\u0148 dostate\u010dn\u011b odoln\u00e1, aby zajistila dlouhodob\u00e9 pou\u017e\u00edv\u00e1n\u00ed. R\u016fzn\u00e9 barevn\u00e9 t\u00f3ny a kr\u00e1sn\u00e9 vzory se hod\u00ed do ka\u017ed\u00e9ho interi\u00e9ru a dodaj\u00ed m\u00edstnostem teplo, eleganci a styl.<\/p>\n<p>Deka Raschel je ur\u010dena k pou\u017eit\u00ed nejen v posteli, ale tak\u00e9 na pohovce nebo v jin\u00fdch m\u00edstnostech, kde je touha dodat teplo a luxusn\u00ed atmosf\u00e9ru. Tlou\u0161\u0165ka p\u0159ikr\u00fdvky Raschel zaji\u0161\u0165uje efekt zadr\u017eov\u00e1n\u00ed tepla, zat\u00edmco m\u011bkk\u00e1 textura \u010din\u00ed ka\u017ed\u00e9 pou\u017eit\u00ed zvl\u00e1\u0161tn\u00edm a pohodln\u00fdm.<\/p>\n<p><strong>Teplo a pohodl\u00ed<\/strong><\/p>\n<p>Deka Raschel nab\u00edz\u00ed v\u00fdjime\u010dn\u00e9 teplo a pohodl\u00ed a je ide\u00e1ln\u00ed volbou pro chladn\u011bj\u0161\u00ed dny. Jeho vlastnosti zadr\u017euj\u00edc\u00ed teplo zaji\u0161\u0165uj\u00ed p\u0159\u00edjemn\u00e9 a \u00fatuln\u00e9 prost\u0159ed\u00ed a poskytuj\u00ed dodate\u010dn\u00fd komfort, kdy\u017e je pot\u0159eba tepl\u00e9 a \u00fatuln\u00e9 prost\u0159ed\u00ed. Design deky je navr\u017een tak, aby poskytoval extra pocit tepla, ani\u017e by byl p\u0159\u00edli\u0161 t\u011b\u017ek\u00fd nebo nepohodln\u00fd.<\/p>\n<p><strong>Elegance a styl v ka\u017ed\u00e9 m\u00edstnosti<\/strong><\/p>\n<p>Design deky je jednoduch\u00fd a elegantn\u00ed, hod\u00ed se do ka\u017ed\u00e9ho interi\u00e9ru. Rozmanitost barev, od klasick\u00fdch neutr\u00e1ln\u00edch a\u017e po odv\u00e1\u017en\u011bj\u0161\u00ed t\u00f3ny, d\u011bl\u00e1 z deky Raschel vhodnou do ka\u017ed\u00e9 m\u00edstnosti, a\u0165 u\u017e klasick\u00e9, modern\u00ed nebo minimalistick\u00e9. Deka dod\u00e1v\u00e1 teplo a styl do ka\u017ed\u00e9 m\u00edstnosti a je dokonal\u00fdm dopl\u0148kem jak\u00e9hokoli interi\u00e9ru. Design deky dopln\u00ed ka\u017edou m\u00edstnost, dod\u00e1 teplo a luxusn\u00ed n\u00e1ladu. Deka Raschel je ide\u00e1ln\u00edm produktem, kter\u00fd kombinuje teplo, pohodl\u00ed a styl v jednom luxusn\u00edm z\u00e1\u017eitku.<\/p>\n","protected":false},"excerpt":{"rendered":"<ul>\n<li>Materi\u00e1l: Polyester<\/li>\n<li>Rozm\u011br: 200&#215;230 cm \u00b13<\/li>\n<li>Gram\u00e1\u017e: 3,5 kg<\/li>\n<\/ul>\n","protected":false},"featured_media":50238,"comment_status":"open","ping_status":"closed","template":"","meta":[],"product_brand":[],"product_cat":[1862,3037,3081],"product_tag":[],"class_list":{"0":"post-50089","1":"product","2":"type-product","3":"status-publish","4":"has-post-thumbnail","6":"product_cat-deky-a-pledy","7":"product_cat-raschel-prikryvky","8":"product_cat-raschel-prikryvky-200x230-cm","10":"first","11":"instock","12":"shipping-taxable","13":"purchasable","14":"product-type-variable"},"yoast_head":"<!-- This site is optimized with the Yoast SEO plugin v27.6 - https:\/\/yoast.com\/product\/yoast-seo-wordpress\/ -->\n<title>Dvouvrstv\u00e1 deka 200x230 cm | AZTEX<\/title>\n<meta name=\"description\" content=\"Raschel deka v sob\u011b snoub\u00ed jemnost a eleganci, hod\u00ed se do ka\u017ed\u00e9ho interi\u00e9ru. Nab\u00edz\u00ed teplo a luxusn\u00ed pohodl\u00ed, je to perfektn\u00ed volba pro styl\" \/>\n<meta name=\"robots\" content=\"index, follow, max-snippet:-1, max-image-preview:large, max-video-preview:-1\" \/>\n<link rel=\"canonical\" href=\"https:\/\/aztex.ee\/cs\/pood\/deky-a-pledy\/raschel-deka-200x230-cm\/\" \/>\n<meta property=\"og:locale\" content=\"cs_CZ\" \/>\n<meta property=\"og:type\" content=\"article\" \/>\n<meta property=\"og:title\" content=\"Dvouvrstv\u00e1 deka 200x230 cm | AZTEX\" \/>\n<meta property=\"og:description\" content=\"Raschel deka v sob\u011b snoub\u00ed jemnost a eleganci, hod\u00ed se do ka\u017ed\u00e9ho interi\u00e9ru. Nab\u00edz\u00ed teplo a luxusn\u00ed pohodl\u00ed, je to perfektn\u00ed volba pro styl\" \/>\n<meta property=\"og:url\" content=\"https:\/\/aztex.ee\/cs\/pood\/deky-a-pledy\/raschel-deka-200x230-cm\/\" \/>\n<meta property=\"og:site_name\" content=\"AZTEX\" \/>\n<meta property=\"article:publisher\" content=\"https:\/\/www.facebook.com\/AztexEE\" \/>\n<meta property=\"article:modified_time\" content=\"2026-04-29T11:46:27+00:00\" \/>\n<meta property=\"og:image\" content=\"https:\/\/aztex.ee\/wp-content\/uploads\/2025\/02\/Raschel-tekk.jpg\" \/>\n\t<meta property=\"og:image:width\" content=\"800\" \/>\n\t<meta property=\"og:image:height\" content=\"800\" \/>\n\t<meta property=\"og:image:type\" content=\"image\/jpeg\" \/>\n<meta name=\"twitter:card\" content=\"summary_large_image\" \/>\n<meta name=\"twitter:label1\" content=\"Odhadovan\u00e1 doba \u010dten\u00ed\" \/>\n\t<meta name=\"twitter:data1\" content=\"2 minuta\" \/>\n<script type=\"application\/ld+json\" class=\"yoast-schema-graph\">{\"@context\":\"https:\\\/\\\/schema.org\",\"@graph\":[{\"@type\":[\"WebPage\",\"ItemPage\"],\"@id\":\"https:\\\/\\\/aztex.ee\\\/cs\\\/pood\\\/deky-a-pledy\\\/raschel-deka-200x230-cm\\\/\",\"url\":\"https:\\\/\\\/aztex.ee\\\/cs\\\/pood\\\/deky-a-pledy\\\/raschel-deka-200x230-cm\\\/\",\"name\":\"Dvouvrstv\u00e1 deka 200x230 cm | AZTEX\",\"isPartOf\":{\"@id\":\"https:\\\/\\\/aztex.ee\\\/cs\\\/#website\"},\"primaryImageOfPage\":{\"@id\":\"https:\\\/\\\/aztex.ee\\\/cs\\\/pood\\\/deky-a-pledy\\\/raschel-deka-200x230-cm\\\/#primaryimage\"},\"image\":{\"@id\":\"https:\\\/\\\/aztex.ee\\\/cs\\\/pood\\\/deky-a-pledy\\\/raschel-deka-200x230-cm\\\/#primaryimage\"},\"thumbnailUrl\":\"https:\\\/\\\/aztex.ee\\\/wp-content\\\/uploads\\\/2025\\\/02\\\/Raschel-tekk.jpg\",\"datePublished\":\"2025-02-05T22:02:46+00:00\",\"dateModified\":\"2026-04-29T11:46:27+00:00\",\"description\":\"Raschel deka v sob\u011b snoub\u00ed jemnost a eleganci, hod\u00ed se do ka\u017ed\u00e9ho interi\u00e9ru. Nab\u00edz\u00ed teplo a luxusn\u00ed pohodl\u00ed, je to perfektn\u00ed volba pro styl\",\"breadcrumb\":{\"@id\":\"https:\\\/\\\/aztex.ee\\\/cs\\\/pood\\\/deky-a-pledy\\\/raschel-deka-200x230-cm\\\/#breadcrumb\"},\"inLanguage\":\"cs\",\"potentialAction\":[{\"@type\":\"ReadAction\",\"target\":[\"https:\\\/\\\/aztex.ee\\\/cs\\\/pood\\\/deky-a-pledy\\\/raschel-deka-200x230-cm\\\/\"]}]},{\"@type\":\"ImageObject\",\"inLanguage\":\"cs\",\"@id\":\"https:\\\/\\\/aztex.ee\\\/cs\\\/pood\\\/deky-a-pledy\\\/raschel-deka-200x230-cm\\\/#primaryimage\",\"url\":\"https:\\\/\\\/aztex.ee\\\/wp-content\\\/uploads\\\/2025\\\/02\\\/Raschel-tekk.jpg\",\"contentUrl\":\"https:\\\/\\\/aztex.ee\\\/wp-content\\\/uploads\\\/2025\\\/02\\\/Raschel-tekk.jpg\",\"width\":800,\"height\":800,\"caption\":\"Raschel tekk\"},{\"@type\":\"BreadcrumbList\",\"@id\":\"https:\\\/\\\/aztex.ee\\\/cs\\\/pood\\\/deky-a-pledy\\\/raschel-deka-200x230-cm\\\/#breadcrumb\",\"itemListElement\":[{\"@type\":\"ListItem\",\"position\":1,\"name\":\"Dom\u016f\",\"item\":\"https:\\\/\\\/aztex.ee\\\/cs\\\/\"},{\"@type\":\"ListItem\",\"position\":2,\"name\":\"Obchod\",\"item\":\"https:\\\/\\\/aztex.ee\\\/cs\\\/obchod\\\/\"},{\"@type\":\"ListItem\",\"position\":3,\"name\":\"Raschel deka 200&#215;230 cm | 3,5 kg\"}]},{\"@type\":\"WebSite\",\"@id\":\"https:\\\/\\\/aztex.ee\\\/cs\\\/#website\",\"url\":\"https:\\\/\\\/aztex.ee\\\/cs\\\/\",\"name\":\"AZTEX\",\"description\":\"\",\"publisher\":{\"@id\":\"https:\\\/\\\/aztex.ee\\\/cs\\\/#organization\"},\"potentialAction\":[{\"@type\":\"SearchAction\",\"target\":{\"@type\":\"EntryPoint\",\"urlTemplate\":\"https:\\\/\\\/aztex.ee\\\/cs\\\/?s={search_term_string}\"},\"query-input\":{\"@type\":\"PropertyValueSpecification\",\"valueRequired\":true,\"valueName\":\"search_term_string\"}}],\"inLanguage\":\"cs\"},{\"@type\":\"Organization\",\"@id\":\"https:\\\/\\\/aztex.ee\\\/cs\\\/#organization\",\"name\":\"AZTEX\",\"url\":\"https:\\\/\\\/aztex.ee\\\/cs\\\/\",\"logo\":{\"@type\":\"ImageObject\",\"inLanguage\":\"cs\",\"@id\":\"https:\\\/\\\/aztex.ee\\\/cs\\\/#\\\/schema\\\/logo\\\/image\\\/\",\"url\":\"https:\\\/\\\/aztex.ee\\\/wp-content\\\/uploads\\\/2026\\\/01\\\/AZTEX.png\",\"contentUrl\":\"https:\\\/\\\/aztex.ee\\\/wp-content\\\/uploads\\\/2026\\\/01\\\/AZTEX.png\",\"width\":500,\"height\":500,\"caption\":\"AZTEX\"},\"image\":{\"@id\":\"https:\\\/\\\/aztex.ee\\\/cs\\\/#\\\/schema\\\/logo\\\/image\\\/\"},\"sameAs\":[\"https:\\\/\\\/www.facebook.com\\\/AztexEE\",\"https:\\\/\\\/www.instagram.com\\\/aztexeesti\\\/\",\"https:\\\/\\\/www.youtube.com\\\/@AZTEXEE\",\"https:\\\/\\\/www.pinterest.com\\\/aztex_eesti\\\/\",\"https:\\\/\\\/www.tiktok.com\\\/@aztexeesti\",\"https:\\\/\\\/www.trustpilot.com\\\/review\\\/aztex.ee\",\"https:\\\/\\\/www.linkedin.com\\\/company\\\/aztex-ee\\\/\",\"https:\\\/\\\/www.wikidata.org\\\/wiki\\\/Q137560182\"]}]}<\/script>\n<!-- \/ Yoast SEO plugin. -->","yoast_head_json":{"title":"Dvouvrstv\u00e1 deka 200x230 cm | AZTEX","description":"Raschel deka v sob\u011b snoub\u00ed jemnost a eleganci, hod\u00ed se do ka\u017ed\u00e9ho interi\u00e9ru. Nab\u00edz\u00ed teplo a luxusn\u00ed pohodl\u00ed, je to perfektn\u00ed volba pro styl","robots":{"index":"index","follow":"follow","max-snippet":"max-snippet:-1","max-image-preview":"max-image-preview:large","max-video-preview":"max-video-preview:-1"},"canonical":"https:\/\/aztex.ee\/cs\/pood\/deky-a-pledy\/raschel-deka-200x230-cm\/","og_locale":"cs_CZ","og_type":"article","og_title":"Dvouvrstv\u00e1 deka 200x230 cm | AZTEX","og_description":"Raschel deka v sob\u011b snoub\u00ed jemnost a eleganci, hod\u00ed se do ka\u017ed\u00e9ho interi\u00e9ru. Nab\u00edz\u00ed teplo a luxusn\u00ed pohodl\u00ed, je to perfektn\u00ed volba pro styl","og_url":"https:\/\/aztex.ee\/cs\/pood\/deky-a-pledy\/raschel-deka-200x230-cm\/","og_site_name":"AZTEX","article_publisher":"https:\/\/www.facebook.com\/AztexEE","article_modified_time":"2026-04-29T11:46:27+00:00","og_image":[{"width":800,"height":800,"url":"https:\/\/aztex.ee\/wp-content\/uploads\/2025\/02\/Raschel-tekk.jpg","type":"image\/jpeg"}],"twitter_card":"summary_large_image","twitter_misc":{"Odhadovan\u00e1 doba \u010dten\u00ed":"2 minuta"},"schema":{"@context":"https:\/\/schema.org","@graph":[{"@type":["WebPage","ItemPage"],"@id":"https:\/\/aztex.ee\/cs\/pood\/deky-a-pledy\/raschel-deka-200x230-cm\/","url":"https:\/\/aztex.ee\/cs\/pood\/deky-a-pledy\/raschel-deka-200x230-cm\/","name":"Dvouvrstv\u00e1 deka 200x230 cm | AZTEX","isPartOf":{"@id":"https:\/\/aztex.ee\/cs\/#website"},"primaryImageOfPage":{"@id":"https:\/\/aztex.ee\/cs\/pood\/deky-a-pledy\/raschel-deka-200x230-cm\/#primaryimage"},"image":{"@id":"https:\/\/aztex.ee\/cs\/pood\/deky-a-pledy\/raschel-deka-200x230-cm\/#primaryimage"},"thumbnailUrl":"https:\/\/aztex.ee\/wp-content\/uploads\/2025\/02\/Raschel-tekk.jpg","datePublished":"2025-02-05T22:02:46+00:00","dateModified":"2026-04-29T11:46:27+00:00","description":"Raschel deka v sob\u011b snoub\u00ed jemnost a eleganci, hod\u00ed se do ka\u017ed\u00e9ho interi\u00e9ru. Nab\u00edz\u00ed teplo a luxusn\u00ed pohodl\u00ed, je to perfektn\u00ed volba pro styl","breadcrumb":{"@id":"https:\/\/aztex.ee\/cs\/pood\/deky-a-pledy\/raschel-deka-200x230-cm\/#breadcrumb"},"inLanguage":"cs","potentialAction":[{"@type":"ReadAction","target":["https:\/\/aztex.ee\/cs\/pood\/deky-a-pledy\/raschel-deka-200x230-cm\/"]}]},{"@type":"ImageObject","inLanguage":"cs","@id":"https:\/\/aztex.ee\/cs\/pood\/deky-a-pledy\/raschel-deka-200x230-cm\/#primaryimage","url":"https:\/\/aztex.ee\/wp-content\/uploads\/2025\/02\/Raschel-tekk.jpg","contentUrl":"https:\/\/aztex.ee\/wp-content\/uploads\/2025\/02\/Raschel-tekk.jpg","width":800,"height":800,"caption":"Raschel tekk"},{"@type":"BreadcrumbList","@id":"https:\/\/aztex.ee\/cs\/pood\/deky-a-pledy\/raschel-deka-200x230-cm\/#breadcrumb","itemListElement":[{"@type":"ListItem","position":1,"name":"Dom\u016f","item":"https:\/\/aztex.ee\/cs\/"},{"@type":"ListItem","position":2,"name":"Obchod","item":"https:\/\/aztex.ee\/cs\/obchod\/"},{"@type":"ListItem","position":3,"name":"Raschel deka 200&#215;230 cm | 3,5 kg"}]},{"@type":"WebSite","@id":"https:\/\/aztex.ee\/cs\/#website","url":"https:\/\/aztex.ee\/cs\/","name":"AZTEX","description":"","publisher":{"@id":"https:\/\/aztex.ee\/cs\/#organization"},"potentialAction":[{"@type":"SearchAction","target":{"@type":"EntryPoint","urlTemplate":"https:\/\/aztex.ee\/cs\/?s={search_term_string}"},"query-input":{"@type":"PropertyValueSpecification","valueRequired":true,"valueName":"search_term_string"}}],"inLanguage":"cs"},{"@type":"Organization","@id":"https:\/\/aztex.ee\/cs\/#organization","name":"AZTEX","url":"https:\/\/aztex.ee\/cs\/","logo":{"@type":"ImageObject","inLanguage":"cs","@id":"https:\/\/aztex.ee\/cs\/#\/schema\/logo\/image\/","url":"https:\/\/aztex.ee\/wp-content\/uploads\/2026\/01\/AZTEX.png","contentUrl":"https:\/\/aztex.ee\/wp-content\/uploads\/2026\/01\/AZTEX.png","width":500,"height":500,"caption":"AZTEX"},"image":{"@id":"https:\/\/aztex.ee\/cs\/#\/schema\/logo\/image\/"},"sameAs":["https:\/\/www.facebook.com\/AztexEE","https:\/\/www.instagram.com\/aztexeesti\/","https:\/\/www.youtube.com\/@AZTEXEE","https:\/\/www.pinterest.com\/aztex_eesti\/","https:\/\/www.tiktok.com\/@aztexeesti","https:\/\/www.trustpilot.com\/review\/aztex.ee","https:\/\/www.linkedin.com\/company\/aztex-ee\/","https:\/\/www.wikidata.org\/wiki\/Q137560182"]}]}},"_links":{"self":[{"href":"https:\/\/aztex.ee\/cs\/wp-json\/wp\/v2\/product\/50089","targetHints":{"allow":["GET"]}}],"collection":[{"href":"https:\/\/aztex.ee\/cs\/wp-json\/wp\/v2\/product"}],"about":[{"href":"https:\/\/aztex.ee\/cs\/wp-json\/wp\/v2\/types\/product"}],"replies":[{"embeddable":true,"href":"https:\/\/aztex.ee\/cs\/wp-json\/wp\/v2\/comments?post=50089"}],"version-history":[{"count":0,"href":"https:\/\/aztex.ee\/cs\/wp-json\/wp\/v2\/product\/50089\/revisions"}],"wp:featuredmedia":[{"embeddable":true,"href":"https:\/\/aztex.ee\/cs\/wp-json\/wp\/v2\/media\/50238"}],"wp:attachment":[{"href":"https:\/\/aztex.ee\/cs\/wp-json\/wp\/v2\/media?parent=50089"}],"wp:term":[{"taxonomy":"product_brand","embeddable":true,"href":"https:\/\/aztex.ee\/cs\/wp-json\/wp\/v2\/product_brand?post=50089"},{"taxonomy":"product_cat","embeddable":true,"href":"https:\/\/aztex.ee\/cs\/wp-json\/wp\/v2\/product_cat?post=50089"},{"taxonomy":"product_tag","embeddable":true,"href":"https:\/\/aztex.ee\/cs\/wp-json\/wp\/v2\/product_tag?post=50089"}],"curies":[{"name":"wp","href":"https:\/\/api.w.org\/{rel}","templated":true}]}}