{"id":45934,"date":"2025-01-25T10:24:23","date_gmt":"2025-01-25T10:24:23","guid":{"rendered":"https:\/\/aztex.ee\/?post_type=product&#038;p=45934"},"modified":"2026-04-11T12:19:49","modified_gmt":"2026-04-11T12:19:49","slug":"bambusova-osuska-70x140-cm","status":"publish","type":"product","link":"https:\/\/aztex.ee\/cs\/pood\/rucniky-a-osusky\/bambusova-osuska-70x140-cm\/","title":{"rendered":"Bambusov\u00e1 osu\u0161ka 70&#215;140 cm"},"content":{"rendered":"<p><strong>Bambusov\u00e1 osu\u0161ka \u2013 luxus a prakti\u010dnost ve va\u0161em ka\u017edodenn\u00edm \u017eivot\u011b<\/strong><\/p>\n<p>Bambusov\u00e1 osu\u0161ka je dokonalou kombinac\u00ed prakti\u010dnosti a luxusu a nab\u00edz\u00ed v\u00edc ne\u017e jen hebkost. D\u00edky rozm\u011bru 70&#215;140 cm je tato osu\u0161ka ide\u00e1ln\u00ed volbou pro ka\u017edodenn\u00ed pou\u017eit\u00ed, poskytuje p\u0159\u00edjemn\u00fd komfort a z\u00e1rove\u0148 je stylov\u00fdm a funk\u010dn\u00edm dopl\u0148kem va\u0161\u00ed koupelny.<\/p>\n<p><strong>Pro\u010d zvolit bambusov\u00fd osu\u0161ka?<\/strong><\/p>\n<p><strong>Super absorp\u010dn\u00ed a rychleschnouc\u00ed:<\/strong><br \/>\nBambusov\u00e1 vl\u00e1kna jsou zn\u00e1m\u00e1 svou mimo\u0159\u00e1dnou absorp\u010dn\u00ed schopnost\u00ed. Ru\u010dn\u00edk okam\u017eit\u011b absorbuje vlhkost a zanech\u00e1v\u00e1 poko\u017eku suchou a sv\u011b\u017e\u00ed, zat\u00edmco ru\u010dn\u00edk samotn\u00fd schne rychleji ne\u017e b\u011b\u017en\u00e9 bavln\u011bn\u00e9 ru\u010dn\u00edky. D\u00edky t\u00e9to vlastnosti je tak\u00e9 vynikaj\u00edc\u00ed volbou pro aktivn\u00ed \u017eivotn\u00ed styl a \u010dast\u00e9 pou\u017e\u00edv\u00e1n\u00ed.<\/p>\n<p><strong>P\u0159irozen\u011b antibakteri\u00e1ln\u00ed:<\/strong><br \/>\nP\u0159irozen\u00e9 antibakteri\u00e1ln\u00ed vlastnosti bambusov\u00fdch vl\u00e1ken udr\u017euj\u00ed ru\u010dn\u00edk d\u00e9le sv\u011b\u017eest, zabra\u0148uj\u00ed vzniku nep\u0159\u00edjemn\u00fdch pach\u016f a zaji\u0161\u0165uj\u00ed hygienu i po del\u0161\u00edm pou\u017e\u00edv\u00e1n\u00ed. Bambusov\u00e1 osu\u0161ka je tak\u00e9 skv\u011blou volbou pro lidi s citlivou poko\u017ekou.<\/p>\n<p><strong>M\u011bkkost a pohodl\u00ed:<\/strong><br \/>\nHedv\u00e1bn\u00e1 textura bambusov\u00fdch vl\u00e1ken h\u00fd\u010dk\u00e1 poko\u017eku p\u0159i ka\u017ed\u00e9m doteku. Osu\u0161ka je ide\u00e1ln\u00ed pro ty, kte\u0159\u00ed ocen\u00ed pocit luxusu ka\u017ed\u00fd den a dbaj\u00ed na pohodu sv\u00e9 poko\u017eky.<\/p>\n<p><strong>Nad\u010dasov\u00fd a stylov\u00fd design:<\/strong><br \/>\nD\u00edky p\u0159\u00edrodn\u00edmu vzhledu a minimalistick\u00e9mu designu se tato osu\u0161ka hod\u00ed do ka\u017ed\u00e9 koupelny &#8211; a\u0165 u\u017e modern\u00ed, klasick\u00e9 nebo inspirovan\u00e9 p\u0159\u00edrodou.<\/p>\n<p><strong>Trvanlivost a udr\u017eitelnost:<\/strong><br \/>\nBambusov\u00e1 osu\u0161ka je nejen kr\u00e1sn\u00e1 a praktick\u00e1, ale tak\u00e9 ekologick\u00e1 volba. Bambus je rychle obnoviteln\u00fd zdroj, kter\u00fd ve srovn\u00e1n\u00ed s tradi\u010dn\u00edmi vl\u00e1kny vyu\u017e\u00edv\u00e1 k r\u016fstu m\u00e9n\u011b vody a chemik\u00e1li\u00ed. M\u016f\u017eete si tak u\u017e\u00edvat luxus ru\u010dn\u00edku s v\u011bdom\u00edm, \u017ee d\u011bl\u00e1te n\u011bco dobr\u00e9ho pro p\u0159\u00edrodu.<\/p>\n<p>Tento ru\u010dn\u00edk nen\u00ed jen spot\u0159ebn\u00ed zbo\u017e\u00ed &#8211; je to ka\u017edodenn\u00ed pot\u011b\u0161en\u00ed, kter\u00e9 v sob\u011b spojuje pohodl\u00ed, kvalitu a \u0161etrnost k p\u0159\u00edrod\u011b. Jakmile to jednou vyzkou\u0161\u00edte, u\u017e se nikdy nebudete cht\u00edt vr\u00e1tit k b\u011b\u017en\u00fdm ru\u010dn\u00edk\u016fm. Objednejte je\u0161t\u011b dnes a dodejte sv\u00e9 koupeln\u011b hebkost, kter\u00e1 vydr\u017e\u00ed roky!<\/p>\n","protected":false},"excerpt":{"rendered":"<ul>\n<li>Materi\u00e1l: 100% bambus<\/li>\n<li>Rozm\u011br: 70\u00d7140 cm \u00b13<\/li>\n<li>Gram\u00e1\u017e: 520g\/m2<\/li>\n<\/ul>\n","protected":false},"featured_media":46104,"comment_status":"open","ping_status":"closed","template":"","meta":[],"product_brand":[],"product_cat":[1637,979,474,1589,1703],"product_tag":[],"class_list":{"0":"post-45934","1":"product","2":"type-product","3":"status-publish","4":"has-post-thumbnail","6":"product_cat-bambusove-osusky","7":"product_cat-bambusove-osusky-a-rucniky","8":"product_cat-rucniky-a-osusky","9":"product_cat-rucniky-do-koupelny","10":"product_cat-rucniky-do-koupelny-70x140-cm","12":"first","13":"instock","14":"shipping-taxable","15":"purchasable","16":"product-type-variable"},"yoast_head":"<!-- This site is optimized with the Yoast SEO plugin v27.3 - https:\/\/yoast.com\/product\/yoast-seo-wordpress\/ -->\n<title>Bambusov\u00e1 osu\u0161ka 70x140 cm | 100% bambus - AZTEX<\/title>\n<meta name=\"description\" content=\"Luxusn\u00ed a m\u011bkk\u00e1 bambusov\u00e1 osu\u0161ka v rozm\u011bru 70x140 cm nab\u00edz\u00ed maxim\u00e1ln\u00ed pohodl\u00ed, v\u00fdbornou savost a je \u0161etrn\u00e1 k poko\u017ece. | AZTEX bytov\u00fd textil\" \/>\n<meta name=\"robots\" content=\"index, follow, max-snippet:-1, max-image-preview:large, max-video-preview:-1\" \/>\n<link rel=\"canonical\" href=\"https:\/\/aztex.ee\/cs\/pood\/rucniky-a-osusky\/bambusova-osuska-70x140-cm\/\" \/>\n<meta property=\"og:locale\" content=\"cs_CZ\" \/>\n<meta property=\"og:type\" content=\"article\" \/>\n<meta property=\"og:title\" content=\"Bambusov\u00e1 osu\u0161ka 70x140 cm | 100% bambus - AZTEX\" \/>\n<meta property=\"og:description\" content=\"Luxusn\u00ed a m\u011bkk\u00e1 bambusov\u00e1 osu\u0161ka v rozm\u011bru 70x140 cm nab\u00edz\u00ed maxim\u00e1ln\u00ed pohodl\u00ed, v\u00fdbornou savost a je \u0161etrn\u00e1 k poko\u017ece. | AZTEX bytov\u00fd textil\" \/>\n<meta property=\"og:url\" content=\"https:\/\/aztex.ee\/cs\/pood\/rucniky-a-osusky\/bambusova-osuska-70x140-cm\/\" \/>\n<meta property=\"og:site_name\" content=\"AZTEX\" \/>\n<meta property=\"article:publisher\" content=\"https:\/\/www.facebook.com\/AztexEE\" \/>\n<meta property=\"article:modified_time\" content=\"2026-04-11T12:19:49+00:00\" \/>\n<meta property=\"og:image\" content=\"https:\/\/aztex.ee\/wp-content\/uploads\/2025\/01\/Bambusest-vanniratikud.jpg\" \/>\n\t<meta property=\"og:image:width\" content=\"800\" \/>\n\t<meta property=\"og:image:height\" content=\"800\" \/>\n\t<meta property=\"og:image:type\" content=\"image\/jpeg\" \/>\n<meta name=\"twitter:card\" content=\"summary_large_image\" \/>\n<meta name=\"twitter:label1\" content=\"Odhadovan\u00e1 doba \u010dten\u00ed\" \/>\n\t<meta name=\"twitter:data1\" content=\"2 minuta\" \/>\n<script type=\"application\/ld+json\" class=\"yoast-schema-graph\">{\"@context\":\"https:\\\/\\\/schema.org\",\"@graph\":[{\"@type\":[\"WebPage\",\"ItemPage\"],\"@id\":\"https:\\\/\\\/aztex.ee\\\/cs\\\/pood\\\/rucniky-a-osusky\\\/bambusova-osuska-70x140-cm\\\/\",\"url\":\"https:\\\/\\\/aztex.ee\\\/cs\\\/pood\\\/rucniky-a-osusky\\\/bambusova-osuska-70x140-cm\\\/\",\"name\":\"Bambusov\u00e1 osu\u0161ka 70x140 cm | 100% bambus - AZTEX\",\"isPartOf\":{\"@id\":\"https:\\\/\\\/aztex.ee\\\/cs\\\/#website\"},\"primaryImageOfPage\":{\"@id\":\"https:\\\/\\\/aztex.ee\\\/cs\\\/pood\\\/rucniky-a-osusky\\\/bambusova-osuska-70x140-cm\\\/#primaryimage\"},\"image\":{\"@id\":\"https:\\\/\\\/aztex.ee\\\/cs\\\/pood\\\/rucniky-a-osusky\\\/bambusova-osuska-70x140-cm\\\/#primaryimage\"},\"thumbnailUrl\":\"https:\\\/\\\/aztex.ee\\\/wp-content\\\/uploads\\\/2025\\\/01\\\/Bambusest-vanniratikud.jpg\",\"datePublished\":\"2025-01-25T10:24:23+00:00\",\"dateModified\":\"2026-04-11T12:19:49+00:00\",\"description\":\"Luxusn\u00ed a m\u011bkk\u00e1 bambusov\u00e1 osu\u0161ka v rozm\u011bru 70x140 cm nab\u00edz\u00ed maxim\u00e1ln\u00ed pohodl\u00ed, v\u00fdbornou savost a je \u0161etrn\u00e1 k poko\u017ece. | AZTEX bytov\u00fd textil\",\"breadcrumb\":{\"@id\":\"https:\\\/\\\/aztex.ee\\\/cs\\\/pood\\\/rucniky-a-osusky\\\/bambusova-osuska-70x140-cm\\\/#breadcrumb\"},\"inLanguage\":\"cs\",\"potentialAction\":[{\"@type\":\"ReadAction\",\"target\":[\"https:\\\/\\\/aztex.ee\\\/cs\\\/pood\\\/rucniky-a-osusky\\\/bambusova-osuska-70x140-cm\\\/\"]}]},{\"@type\":\"ImageObject\",\"inLanguage\":\"cs\",\"@id\":\"https:\\\/\\\/aztex.ee\\\/cs\\\/pood\\\/rucniky-a-osusky\\\/bambusova-osuska-70x140-cm\\\/#primaryimage\",\"url\":\"https:\\\/\\\/aztex.ee\\\/wp-content\\\/uploads\\\/2025\\\/01\\\/Bambusest-vanniratikud.jpg\",\"contentUrl\":\"https:\\\/\\\/aztex.ee\\\/wp-content\\\/uploads\\\/2025\\\/01\\\/Bambusest-vanniratikud.jpg\",\"width\":800,\"height\":800,\"caption\":\"Bambusest vannir\u00e4tikud\"},{\"@type\":\"BreadcrumbList\",\"@id\":\"https:\\\/\\\/aztex.ee\\\/cs\\\/pood\\\/rucniky-a-osusky\\\/bambusova-osuska-70x140-cm\\\/#breadcrumb\",\"itemListElement\":[{\"@type\":\"ListItem\",\"position\":1,\"name\":\"Dom\u016f\",\"item\":\"https:\\\/\\\/aztex.ee\\\/cs\\\/\"},{\"@type\":\"ListItem\",\"position\":2,\"name\":\"Obchod\",\"item\":\"https:\\\/\\\/aztex.ee\\\/cs\\\/obchod\\\/\"},{\"@type\":\"ListItem\",\"position\":3,\"name\":\"Bambusov\u00e1 osu\u0161ka 70&#215;140 cm\"}]},{\"@type\":\"WebSite\",\"@id\":\"https:\\\/\\\/aztex.ee\\\/cs\\\/#website\",\"url\":\"https:\\\/\\\/aztex.ee\\\/cs\\\/\",\"name\":\"AZTEX\",\"description\":\"\",\"publisher\":{\"@id\":\"https:\\\/\\\/aztex.ee\\\/cs\\\/#organization\"},\"potentialAction\":[{\"@type\":\"SearchAction\",\"target\":{\"@type\":\"EntryPoint\",\"urlTemplate\":\"https:\\\/\\\/aztex.ee\\\/cs\\\/?s={search_term_string}\"},\"query-input\":{\"@type\":\"PropertyValueSpecification\",\"valueRequired\":true,\"valueName\":\"search_term_string\"}}],\"inLanguage\":\"cs\"},{\"@type\":\"Organization\",\"@id\":\"https:\\\/\\\/aztex.ee\\\/cs\\\/#organization\",\"name\":\"AZTEX\",\"url\":\"https:\\\/\\\/aztex.ee\\\/cs\\\/\",\"logo\":{\"@type\":\"ImageObject\",\"inLanguage\":\"cs\",\"@id\":\"https:\\\/\\\/aztex.ee\\\/cs\\\/#\\\/schema\\\/logo\\\/image\\\/\",\"url\":\"https:\\\/\\\/aztex.ee\\\/wp-content\\\/uploads\\\/2026\\\/01\\\/AZTEX.png\",\"contentUrl\":\"https:\\\/\\\/aztex.ee\\\/wp-content\\\/uploads\\\/2026\\\/01\\\/AZTEX.png\",\"width\":500,\"height\":500,\"caption\":\"AZTEX\"},\"image\":{\"@id\":\"https:\\\/\\\/aztex.ee\\\/cs\\\/#\\\/schema\\\/logo\\\/image\\\/\"},\"sameAs\":[\"https:\\\/\\\/www.facebook.com\\\/AztexEE\",\"https:\\\/\\\/www.instagram.com\\\/aztexeesti\\\/\",\"https:\\\/\\\/www.youtube.com\\\/@AZTEXEE\",\"https:\\\/\\\/www.pinterest.com\\\/aztex_eesti\\\/\",\"https:\\\/\\\/www.tiktok.com\\\/@aztexeesti\",\"https:\\\/\\\/www.trustpilot.com\\\/review\\\/aztex.ee\",\"https:\\\/\\\/www.linkedin.com\\\/company\\\/aztex-ee\\\/\",\"https:\\\/\\\/www.wikidata.org\\\/wiki\\\/Q137560182\"]}]}<\/script>\n<!-- \/ Yoast SEO plugin. -->","yoast_head_json":{"title":"Bambusov\u00e1 osu\u0161ka 70x140 cm | 100% bambus - AZTEX","description":"Luxusn\u00ed a m\u011bkk\u00e1 bambusov\u00e1 osu\u0161ka v rozm\u011bru 70x140 cm nab\u00edz\u00ed maxim\u00e1ln\u00ed pohodl\u00ed, v\u00fdbornou savost a je \u0161etrn\u00e1 k poko\u017ece. | AZTEX bytov\u00fd textil","robots":{"index":"index","follow":"follow","max-snippet":"max-snippet:-1","max-image-preview":"max-image-preview:large","max-video-preview":"max-video-preview:-1"},"canonical":"https:\/\/aztex.ee\/cs\/pood\/rucniky-a-osusky\/bambusova-osuska-70x140-cm\/","og_locale":"cs_CZ","og_type":"article","og_title":"Bambusov\u00e1 osu\u0161ka 70x140 cm | 100% bambus - AZTEX","og_description":"Luxusn\u00ed a m\u011bkk\u00e1 bambusov\u00e1 osu\u0161ka v rozm\u011bru 70x140 cm nab\u00edz\u00ed maxim\u00e1ln\u00ed pohodl\u00ed, v\u00fdbornou savost a je \u0161etrn\u00e1 k poko\u017ece. | AZTEX bytov\u00fd textil","og_url":"https:\/\/aztex.ee\/cs\/pood\/rucniky-a-osusky\/bambusova-osuska-70x140-cm\/","og_site_name":"AZTEX","article_publisher":"https:\/\/www.facebook.com\/AztexEE","article_modified_time":"2026-04-11T12:19:49+00:00","og_image":[{"width":800,"height":800,"url":"https:\/\/aztex.ee\/wp-content\/uploads\/2025\/01\/Bambusest-vanniratikud.jpg","type":"image\/jpeg"}],"twitter_card":"summary_large_image","twitter_misc":{"Odhadovan\u00e1 doba \u010dten\u00ed":"2 minuta"},"schema":{"@context":"https:\/\/schema.org","@graph":[{"@type":["WebPage","ItemPage"],"@id":"https:\/\/aztex.ee\/cs\/pood\/rucniky-a-osusky\/bambusova-osuska-70x140-cm\/","url":"https:\/\/aztex.ee\/cs\/pood\/rucniky-a-osusky\/bambusova-osuska-70x140-cm\/","name":"Bambusov\u00e1 osu\u0161ka 70x140 cm | 100% bambus - AZTEX","isPartOf":{"@id":"https:\/\/aztex.ee\/cs\/#website"},"primaryImageOfPage":{"@id":"https:\/\/aztex.ee\/cs\/pood\/rucniky-a-osusky\/bambusova-osuska-70x140-cm\/#primaryimage"},"image":{"@id":"https:\/\/aztex.ee\/cs\/pood\/rucniky-a-osusky\/bambusova-osuska-70x140-cm\/#primaryimage"},"thumbnailUrl":"https:\/\/aztex.ee\/wp-content\/uploads\/2025\/01\/Bambusest-vanniratikud.jpg","datePublished":"2025-01-25T10:24:23+00:00","dateModified":"2026-04-11T12:19:49+00:00","description":"Luxusn\u00ed a m\u011bkk\u00e1 bambusov\u00e1 osu\u0161ka v rozm\u011bru 70x140 cm nab\u00edz\u00ed maxim\u00e1ln\u00ed pohodl\u00ed, v\u00fdbornou savost a je \u0161etrn\u00e1 k poko\u017ece. | AZTEX bytov\u00fd textil","breadcrumb":{"@id":"https:\/\/aztex.ee\/cs\/pood\/rucniky-a-osusky\/bambusova-osuska-70x140-cm\/#breadcrumb"},"inLanguage":"cs","potentialAction":[{"@type":"ReadAction","target":["https:\/\/aztex.ee\/cs\/pood\/rucniky-a-osusky\/bambusova-osuska-70x140-cm\/"]}]},{"@type":"ImageObject","inLanguage":"cs","@id":"https:\/\/aztex.ee\/cs\/pood\/rucniky-a-osusky\/bambusova-osuska-70x140-cm\/#primaryimage","url":"https:\/\/aztex.ee\/wp-content\/uploads\/2025\/01\/Bambusest-vanniratikud.jpg","contentUrl":"https:\/\/aztex.ee\/wp-content\/uploads\/2025\/01\/Bambusest-vanniratikud.jpg","width":800,"height":800,"caption":"Bambusest vannir\u00e4tikud"},{"@type":"BreadcrumbList","@id":"https:\/\/aztex.ee\/cs\/pood\/rucniky-a-osusky\/bambusova-osuska-70x140-cm\/#breadcrumb","itemListElement":[{"@type":"ListItem","position":1,"name":"Dom\u016f","item":"https:\/\/aztex.ee\/cs\/"},{"@type":"ListItem","position":2,"name":"Obchod","item":"https:\/\/aztex.ee\/cs\/obchod\/"},{"@type":"ListItem","position":3,"name":"Bambusov\u00e1 osu\u0161ka 70&#215;140 cm"}]},{"@type":"WebSite","@id":"https:\/\/aztex.ee\/cs\/#website","url":"https:\/\/aztex.ee\/cs\/","name":"AZTEX","description":"","publisher":{"@id":"https:\/\/aztex.ee\/cs\/#organization"},"potentialAction":[{"@type":"SearchAction","target":{"@type":"EntryPoint","urlTemplate":"https:\/\/aztex.ee\/cs\/?s={search_term_string}"},"query-input":{"@type":"PropertyValueSpecification","valueRequired":true,"valueName":"search_term_string"}}],"inLanguage":"cs"},{"@type":"Organization","@id":"https:\/\/aztex.ee\/cs\/#organization","name":"AZTEX","url":"https:\/\/aztex.ee\/cs\/","logo":{"@type":"ImageObject","inLanguage":"cs","@id":"https:\/\/aztex.ee\/cs\/#\/schema\/logo\/image\/","url":"https:\/\/aztex.ee\/wp-content\/uploads\/2026\/01\/AZTEX.png","contentUrl":"https:\/\/aztex.ee\/wp-content\/uploads\/2026\/01\/AZTEX.png","width":500,"height":500,"caption":"AZTEX"},"image":{"@id":"https:\/\/aztex.ee\/cs\/#\/schema\/logo\/image\/"},"sameAs":["https:\/\/www.facebook.com\/AztexEE","https:\/\/www.instagram.com\/aztexeesti\/","https:\/\/www.youtube.com\/@AZTEXEE","https:\/\/www.pinterest.com\/aztex_eesti\/","https:\/\/www.tiktok.com\/@aztexeesti","https:\/\/www.trustpilot.com\/review\/aztex.ee","https:\/\/www.linkedin.com\/company\/aztex-ee\/","https:\/\/www.wikidata.org\/wiki\/Q137560182"]}]}},"_links":{"self":[{"href":"https:\/\/aztex.ee\/cs\/wp-json\/wp\/v2\/product\/45934","targetHints":{"allow":["GET"]}}],"collection":[{"href":"https:\/\/aztex.ee\/cs\/wp-json\/wp\/v2\/product"}],"about":[{"href":"https:\/\/aztex.ee\/cs\/wp-json\/wp\/v2\/types\/product"}],"replies":[{"embeddable":true,"href":"https:\/\/aztex.ee\/cs\/wp-json\/wp\/v2\/comments?post=45934"}],"version-history":[{"count":0,"href":"https:\/\/aztex.ee\/cs\/wp-json\/wp\/v2\/product\/45934\/revisions"}],"wp:featuredmedia":[{"embeddable":true,"href":"https:\/\/aztex.ee\/cs\/wp-json\/wp\/v2\/media\/46104"}],"wp:attachment":[{"href":"https:\/\/aztex.ee\/cs\/wp-json\/wp\/v2\/media?parent=45934"}],"wp:term":[{"taxonomy":"product_brand","embeddable":true,"href":"https:\/\/aztex.ee\/cs\/wp-json\/wp\/v2\/product_brand?post=45934"},{"taxonomy":"product_cat","embeddable":true,"href":"https:\/\/aztex.ee\/cs\/wp-json\/wp\/v2\/product_cat?post=45934"},{"taxonomy":"product_tag","embeddable":true,"href":"https:\/\/aztex.ee\/cs\/wp-json\/wp\/v2\/product_tag?post=45934"}],"curies":[{"name":"wp","href":"https:\/\/api.w.org\/{rel}","templated":true}]}}