{"id":45701,"date":"2025-01-24T10:19:54","date_gmt":"2025-01-24T10:19:54","guid":{"rendered":"https:\/\/aztex.ee\/pood\/neza\u0159azen\u00e9\/vanniratik-80x160-cm\/"},"modified":"2026-04-16T17:02:32","modified_gmt":"2026-04-16T17:02:32","slug":"osuska-80x160-cm","status":"publish","type":"product","link":"https:\/\/aztex.ee\/cs\/pood\/rucniky-a-osusky\/osuska-80x160-cm\/","title":{"rendered":"Osu\u0161ka 80&#215;160 cm"},"content":{"rendered":"<p><strong>Bavln\u011bn\u00e1 osu\u0161ka 80\u00d7160 cm \u2013 dokonal\u00e1 rovnov\u00e1ha kvality a pohodl\u00ed.<\/strong><\/p>\n<p>Za\u017eijte opravdov\u00fd luxus a ka\u017edodenn\u00ed pohodl\u00ed v osu\u0161ce ze 100% bavlny. Tato osu\u0161ka vyroben\u00e1 z vysoce kvalitn\u00ed bavlny v sob\u011b spojuje odolnost, m\u011bkkost a vynikaj\u00edc\u00ed savost a poskytuje dokonal\u00e9 \u0159e\u0161en\u00ed pro ka\u017ed\u00fd okam\u017eik \u2013 a\u0165 u\u017e pro ka\u017edodenn\u00ed pou\u017eit\u00ed, nebo pro radost ze zvl\u00e1\u0161tn\u011bj\u0161\u00edch okam\u017eik\u016f.<\/p>\n<p><strong>Prvot\u0159\u00eddn\u00ed materi\u00e1l:<\/strong> Osu\u0161ka je vyrobena ze 100% bavlny, kter\u00e1 zaji\u0161\u0165uje mimo\u0159\u00e1dnou savost a p\u0159itom je \u0161etrn\u00e1 a \u0161etrn\u00e1 k poko\u017ece. Bavln\u011bn\u00e1 tkanina rychle a efektivn\u011b absorbuje vlhkost.<\/p>\n<p><strong>Snadn\u00e1 \u00fadr\u017eba, dlouh\u00e1 \u017eivotnost:<\/strong> Odoln\u00fd materi\u00e1l, kter\u00fd lze pr\u00e1t v pra\u010dce, zaji\u0161\u0165uje, \u017ee si osu\u0161ka zachov\u00e1 svou kvalitu a vzhled i po opakovan\u00e9m pran\u00ed. Jeho dlouh\u00e1 \u017eivotnost a m\u011bkkost z n\u011bj \u010din\u00ed spolehliv\u00e9ho spole\u010dn\u00edka v ka\u017edodenn\u00edm \u017eivot\u011b.<\/p>\n<p><strong>Dokonal\u00e1 velikost a pohodl\u00ed:<\/strong> Velikost 80\u00d7160 cm je ide\u00e1ln\u00ed pro ka\u017edodenn\u00ed pou\u017eit\u00ed doma, v l\u00e1zn\u00edch nebo i na cest\u00e1ch, poskytuje pohodl\u00ed v ka\u017ed\u00e9 situaci.<\/p>\n<p><strong>Elegance a styl:<\/strong> Jednoduch\u00fd a nad\u010dasov\u00fd design osu\u0161ky se hod\u00ed do ka\u017ed\u00e9 koupelny a dod\u00e1 m\u00edstnosti teplo a eleganci. Jde o detail, kter\u00fd vylep\u0161\u00ed interi\u00e9r va\u0161eho domova a z\u00e1rove\u0148 poskytne prakti\u010dnost a pohodl\u00ed.<\/p>\n<p>Bavln\u011bn\u00e1 osu\u0161ka je ide\u00e1ln\u00ed volbou pro ka\u017edodenn\u00ed pou\u017eit\u00ed i jako d\u00e1rek. Jeho rovnov\u00e1ha mezi vysokou kvalitou a stylem z n\u011bj d\u011bl\u00e1 cenn\u00fd dopln\u011bk ka\u017ed\u00e9 koupelny, proto\u017ee je praktick\u00fd i luxusn\u00ed.<\/p>\n","protected":false},"excerpt":{"rendered":"<ul>\n<li>Materi\u00e1l: 100% bavlna<\/li>\n<li>Rozm\u011br: 80\u00d7160 cm \u00b13<\/li>\n<li>Gram\u00e1\u017e: 750g\/m2<\/li>\n<\/ul>\n","protected":false},"featured_media":44905,"comment_status":"open","ping_status":"closed","template":"","meta":[],"product_brand":[],"product_cat":[474,1589,1746],"product_tag":[],"class_list":{"0":"post-45701","1":"product","2":"type-product","3":"status-publish","4":"has-post-thumbnail","6":"product_cat-rucniky-a-osusky","7":"product_cat-rucniky-do-koupelny","8":"product_cat-rucniky-do-koupelny-80x160-cm","10":"first","11":"instock","12":"shipping-taxable","13":"purchasable","14":"product-type-variable"},"yoast_head":"<!-- This site is optimized with the Yoast SEO plugin v27.4 - https:\/\/yoast.com\/product\/yoast-seo-wordpress\/ -->\n<title>Osu\u0161ka 80x160 cm | 100% bavlna - AZTEX<\/title>\n<meta name=\"description\" content=\"Osu\u0161ka ze 100% bavlny o rozm\u011bru 80x160 cm je \u0161etrn\u00e1 k poko\u017ece a navozuje p\u0159\u00edjemn\u00fd pocit svou jemnou texturou a p\u0159\u00edrodn\u00edm materi\u00e1lem.\" \/>\n<meta name=\"robots\" content=\"index, follow, max-snippet:-1, max-image-preview:large, max-video-preview:-1\" \/>\n<link rel=\"canonical\" href=\"https:\/\/aztex.ee\/cs\/pood\/rucniky-a-osusky\/osuska-80x160-cm\/\" \/>\n<meta property=\"og:locale\" content=\"cs_CZ\" \/>\n<meta property=\"og:type\" content=\"article\" \/>\n<meta property=\"og:title\" content=\"Osu\u0161ka 80x160 cm | 100% bavlna - AZTEX\" \/>\n<meta property=\"og:description\" content=\"Osu\u0161ka ze 100% bavlny o rozm\u011bru 80x160 cm je \u0161etrn\u00e1 k poko\u017ece a navozuje p\u0159\u00edjemn\u00fd pocit svou jemnou texturou a p\u0159\u00edrodn\u00edm materi\u00e1lem.\" \/>\n<meta property=\"og:url\" content=\"https:\/\/aztex.ee\/cs\/pood\/rucniky-a-osusky\/osuska-80x160-cm\/\" \/>\n<meta property=\"og:site_name\" content=\"AZTEX\" \/>\n<meta property=\"article:publisher\" content=\"https:\/\/www.facebook.com\/AztexEE\" \/>\n<meta property=\"article:modified_time\" content=\"2026-04-16T17:02:32+00:00\" \/>\n<meta property=\"og:image\" content=\"https:\/\/aztex.ee\/wp-content\/uploads\/2025\/01\/Vanniratikud-80x160-cm-1.jpg\" \/>\n\t<meta property=\"og:image:width\" content=\"800\" \/>\n\t<meta property=\"og:image:height\" content=\"800\" \/>\n\t<meta property=\"og:image:type\" content=\"image\/jpeg\" \/>\n<meta name=\"twitter:card\" content=\"summary_large_image\" \/>\n<meta name=\"twitter:label1\" content=\"Odhadovan\u00e1 doba \u010dten\u00ed\" \/>\n\t<meta name=\"twitter:data1\" content=\"2 minuta\" \/>\n<script type=\"application\/ld+json\" class=\"yoast-schema-graph\">{\"@context\":\"https:\\\/\\\/schema.org\",\"@graph\":[{\"@type\":[\"WebPage\",\"ItemPage\"],\"@id\":\"https:\\\/\\\/aztex.ee\\\/cs\\\/pood\\\/rucniky-a-osusky\\\/osuska-80x160-cm\\\/\",\"url\":\"https:\\\/\\\/aztex.ee\\\/cs\\\/pood\\\/rucniky-a-osusky\\\/osuska-80x160-cm\\\/\",\"name\":\"Osu\u0161ka 80x160 cm | 100% bavlna - AZTEX\",\"isPartOf\":{\"@id\":\"https:\\\/\\\/aztex.ee\\\/cs\\\/#website\"},\"primaryImageOfPage\":{\"@id\":\"https:\\\/\\\/aztex.ee\\\/cs\\\/pood\\\/rucniky-a-osusky\\\/osuska-80x160-cm\\\/#primaryimage\"},\"image\":{\"@id\":\"https:\\\/\\\/aztex.ee\\\/cs\\\/pood\\\/rucniky-a-osusky\\\/osuska-80x160-cm\\\/#primaryimage\"},\"thumbnailUrl\":\"https:\\\/\\\/aztex.ee\\\/wp-content\\\/uploads\\\/2025\\\/01\\\/Vanniratikud-80x160-cm-1.jpg\",\"datePublished\":\"2025-01-24T10:19:54+00:00\",\"dateModified\":\"2026-04-16T17:02:32+00:00\",\"description\":\"Osu\u0161ka ze 100% bavlny o rozm\u011bru 80x160 cm je \u0161etrn\u00e1 k poko\u017ece a navozuje p\u0159\u00edjemn\u00fd pocit svou jemnou texturou a p\u0159\u00edrodn\u00edm materi\u00e1lem.\",\"breadcrumb\":{\"@id\":\"https:\\\/\\\/aztex.ee\\\/cs\\\/pood\\\/rucniky-a-osusky\\\/osuska-80x160-cm\\\/#breadcrumb\"},\"inLanguage\":\"cs\",\"potentialAction\":[{\"@type\":\"ReadAction\",\"target\":[\"https:\\\/\\\/aztex.ee\\\/cs\\\/pood\\\/rucniky-a-osusky\\\/osuska-80x160-cm\\\/\"]}]},{\"@type\":\"ImageObject\",\"inLanguage\":\"cs\",\"@id\":\"https:\\\/\\\/aztex.ee\\\/cs\\\/pood\\\/rucniky-a-osusky\\\/osuska-80x160-cm\\\/#primaryimage\",\"url\":\"https:\\\/\\\/aztex.ee\\\/wp-content\\\/uploads\\\/2025\\\/01\\\/Vanniratikud-80x160-cm-1.jpg\",\"contentUrl\":\"https:\\\/\\\/aztex.ee\\\/wp-content\\\/uploads\\\/2025\\\/01\\\/Vanniratikud-80x160-cm-1.jpg\",\"width\":800,\"height\":800,\"caption\":\"Vannir\u00e4tikud 80x160 cm\"},{\"@type\":\"BreadcrumbList\",\"@id\":\"https:\\\/\\\/aztex.ee\\\/cs\\\/pood\\\/rucniky-a-osusky\\\/osuska-80x160-cm\\\/#breadcrumb\",\"itemListElement\":[{\"@type\":\"ListItem\",\"position\":1,\"name\":\"Dom\u016f\",\"item\":\"https:\\\/\\\/aztex.ee\\\/cs\\\/\"},{\"@type\":\"ListItem\",\"position\":2,\"name\":\"Obchod\",\"item\":\"https:\\\/\\\/aztex.ee\\\/cs\\\/obchod\\\/\"},{\"@type\":\"ListItem\",\"position\":3,\"name\":\"Osu\u0161ka 80&#215;160 cm\"}]},{\"@type\":\"WebSite\",\"@id\":\"https:\\\/\\\/aztex.ee\\\/cs\\\/#website\",\"url\":\"https:\\\/\\\/aztex.ee\\\/cs\\\/\",\"name\":\"AZTEX\",\"description\":\"\",\"publisher\":{\"@id\":\"https:\\\/\\\/aztex.ee\\\/cs\\\/#organization\"},\"potentialAction\":[{\"@type\":\"SearchAction\",\"target\":{\"@type\":\"EntryPoint\",\"urlTemplate\":\"https:\\\/\\\/aztex.ee\\\/cs\\\/?s={search_term_string}\"},\"query-input\":{\"@type\":\"PropertyValueSpecification\",\"valueRequired\":true,\"valueName\":\"search_term_string\"}}],\"inLanguage\":\"cs\"},{\"@type\":\"Organization\",\"@id\":\"https:\\\/\\\/aztex.ee\\\/cs\\\/#organization\",\"name\":\"AZTEX\",\"url\":\"https:\\\/\\\/aztex.ee\\\/cs\\\/\",\"logo\":{\"@type\":\"ImageObject\",\"inLanguage\":\"cs\",\"@id\":\"https:\\\/\\\/aztex.ee\\\/cs\\\/#\\\/schema\\\/logo\\\/image\\\/\",\"url\":\"https:\\\/\\\/aztex.ee\\\/wp-content\\\/uploads\\\/2026\\\/01\\\/AZTEX.png\",\"contentUrl\":\"https:\\\/\\\/aztex.ee\\\/wp-content\\\/uploads\\\/2026\\\/01\\\/AZTEX.png\",\"width\":500,\"height\":500,\"caption\":\"AZTEX\"},\"image\":{\"@id\":\"https:\\\/\\\/aztex.ee\\\/cs\\\/#\\\/schema\\\/logo\\\/image\\\/\"},\"sameAs\":[\"https:\\\/\\\/www.facebook.com\\\/AztexEE\",\"https:\\\/\\\/www.instagram.com\\\/aztexeesti\\\/\",\"https:\\\/\\\/www.youtube.com\\\/@AZTEXEE\",\"https:\\\/\\\/www.pinterest.com\\\/aztex_eesti\\\/\",\"https:\\\/\\\/www.tiktok.com\\\/@aztexeesti\",\"https:\\\/\\\/www.trustpilot.com\\\/review\\\/aztex.ee\",\"https:\\\/\\\/www.linkedin.com\\\/company\\\/aztex-ee\\\/\",\"https:\\\/\\\/www.wikidata.org\\\/wiki\\\/Q137560182\"]}]}<\/script>\n<!-- \/ Yoast SEO plugin. -->","yoast_head_json":{"title":"Osu\u0161ka 80x160 cm | 100% bavlna - AZTEX","description":"Osu\u0161ka ze 100% bavlny o rozm\u011bru 80x160 cm je \u0161etrn\u00e1 k poko\u017ece a navozuje p\u0159\u00edjemn\u00fd pocit svou jemnou texturou a p\u0159\u00edrodn\u00edm materi\u00e1lem.","robots":{"index":"index","follow":"follow","max-snippet":"max-snippet:-1","max-image-preview":"max-image-preview:large","max-video-preview":"max-video-preview:-1"},"canonical":"https:\/\/aztex.ee\/cs\/pood\/rucniky-a-osusky\/osuska-80x160-cm\/","og_locale":"cs_CZ","og_type":"article","og_title":"Osu\u0161ka 80x160 cm | 100% bavlna - AZTEX","og_description":"Osu\u0161ka ze 100% bavlny o rozm\u011bru 80x160 cm je \u0161etrn\u00e1 k poko\u017ece a navozuje p\u0159\u00edjemn\u00fd pocit svou jemnou texturou a p\u0159\u00edrodn\u00edm materi\u00e1lem.","og_url":"https:\/\/aztex.ee\/cs\/pood\/rucniky-a-osusky\/osuska-80x160-cm\/","og_site_name":"AZTEX","article_publisher":"https:\/\/www.facebook.com\/AztexEE","article_modified_time":"2026-04-16T17:02:32+00:00","og_image":[{"width":800,"height":800,"url":"https:\/\/aztex.ee\/wp-content\/uploads\/2025\/01\/Vanniratikud-80x160-cm-1.jpg","type":"image\/jpeg"}],"twitter_card":"summary_large_image","twitter_misc":{"Odhadovan\u00e1 doba \u010dten\u00ed":"2 minuta"},"schema":{"@context":"https:\/\/schema.org","@graph":[{"@type":["WebPage","ItemPage"],"@id":"https:\/\/aztex.ee\/cs\/pood\/rucniky-a-osusky\/osuska-80x160-cm\/","url":"https:\/\/aztex.ee\/cs\/pood\/rucniky-a-osusky\/osuska-80x160-cm\/","name":"Osu\u0161ka 80x160 cm | 100% bavlna - AZTEX","isPartOf":{"@id":"https:\/\/aztex.ee\/cs\/#website"},"primaryImageOfPage":{"@id":"https:\/\/aztex.ee\/cs\/pood\/rucniky-a-osusky\/osuska-80x160-cm\/#primaryimage"},"image":{"@id":"https:\/\/aztex.ee\/cs\/pood\/rucniky-a-osusky\/osuska-80x160-cm\/#primaryimage"},"thumbnailUrl":"https:\/\/aztex.ee\/wp-content\/uploads\/2025\/01\/Vanniratikud-80x160-cm-1.jpg","datePublished":"2025-01-24T10:19:54+00:00","dateModified":"2026-04-16T17:02:32+00:00","description":"Osu\u0161ka ze 100% bavlny o rozm\u011bru 80x160 cm je \u0161etrn\u00e1 k poko\u017ece a navozuje p\u0159\u00edjemn\u00fd pocit svou jemnou texturou a p\u0159\u00edrodn\u00edm materi\u00e1lem.","breadcrumb":{"@id":"https:\/\/aztex.ee\/cs\/pood\/rucniky-a-osusky\/osuska-80x160-cm\/#breadcrumb"},"inLanguage":"cs","potentialAction":[{"@type":"ReadAction","target":["https:\/\/aztex.ee\/cs\/pood\/rucniky-a-osusky\/osuska-80x160-cm\/"]}]},{"@type":"ImageObject","inLanguage":"cs","@id":"https:\/\/aztex.ee\/cs\/pood\/rucniky-a-osusky\/osuska-80x160-cm\/#primaryimage","url":"https:\/\/aztex.ee\/wp-content\/uploads\/2025\/01\/Vanniratikud-80x160-cm-1.jpg","contentUrl":"https:\/\/aztex.ee\/wp-content\/uploads\/2025\/01\/Vanniratikud-80x160-cm-1.jpg","width":800,"height":800,"caption":"Vannir\u00e4tikud 80x160 cm"},{"@type":"BreadcrumbList","@id":"https:\/\/aztex.ee\/cs\/pood\/rucniky-a-osusky\/osuska-80x160-cm\/#breadcrumb","itemListElement":[{"@type":"ListItem","position":1,"name":"Dom\u016f","item":"https:\/\/aztex.ee\/cs\/"},{"@type":"ListItem","position":2,"name":"Obchod","item":"https:\/\/aztex.ee\/cs\/obchod\/"},{"@type":"ListItem","position":3,"name":"Osu\u0161ka 80&#215;160 cm"}]},{"@type":"WebSite","@id":"https:\/\/aztex.ee\/cs\/#website","url":"https:\/\/aztex.ee\/cs\/","name":"AZTEX","description":"","publisher":{"@id":"https:\/\/aztex.ee\/cs\/#organization"},"potentialAction":[{"@type":"SearchAction","target":{"@type":"EntryPoint","urlTemplate":"https:\/\/aztex.ee\/cs\/?s={search_term_string}"},"query-input":{"@type":"PropertyValueSpecification","valueRequired":true,"valueName":"search_term_string"}}],"inLanguage":"cs"},{"@type":"Organization","@id":"https:\/\/aztex.ee\/cs\/#organization","name":"AZTEX","url":"https:\/\/aztex.ee\/cs\/","logo":{"@type":"ImageObject","inLanguage":"cs","@id":"https:\/\/aztex.ee\/cs\/#\/schema\/logo\/image\/","url":"https:\/\/aztex.ee\/wp-content\/uploads\/2026\/01\/AZTEX.png","contentUrl":"https:\/\/aztex.ee\/wp-content\/uploads\/2026\/01\/AZTEX.png","width":500,"height":500,"caption":"AZTEX"},"image":{"@id":"https:\/\/aztex.ee\/cs\/#\/schema\/logo\/image\/"},"sameAs":["https:\/\/www.facebook.com\/AztexEE","https:\/\/www.instagram.com\/aztexeesti\/","https:\/\/www.youtube.com\/@AZTEXEE","https:\/\/www.pinterest.com\/aztex_eesti\/","https:\/\/www.tiktok.com\/@aztexeesti","https:\/\/www.trustpilot.com\/review\/aztex.ee","https:\/\/www.linkedin.com\/company\/aztex-ee\/","https:\/\/www.wikidata.org\/wiki\/Q137560182"]}]}},"_links":{"self":[{"href":"https:\/\/aztex.ee\/cs\/wp-json\/wp\/v2\/product\/45701","targetHints":{"allow":["GET"]}}],"collection":[{"href":"https:\/\/aztex.ee\/cs\/wp-json\/wp\/v2\/product"}],"about":[{"href":"https:\/\/aztex.ee\/cs\/wp-json\/wp\/v2\/types\/product"}],"replies":[{"embeddable":true,"href":"https:\/\/aztex.ee\/cs\/wp-json\/wp\/v2\/comments?post=45701"}],"version-history":[{"count":0,"href":"https:\/\/aztex.ee\/cs\/wp-json\/wp\/v2\/product\/45701\/revisions"}],"wp:featuredmedia":[{"embeddable":true,"href":"https:\/\/aztex.ee\/cs\/wp-json\/wp\/v2\/media\/44905"}],"wp:attachment":[{"href":"https:\/\/aztex.ee\/cs\/wp-json\/wp\/v2\/media?parent=45701"}],"wp:term":[{"taxonomy":"product_brand","embeddable":true,"href":"https:\/\/aztex.ee\/cs\/wp-json\/wp\/v2\/product_brand?post=45701"},{"taxonomy":"product_cat","embeddable":true,"href":"https:\/\/aztex.ee\/cs\/wp-json\/wp\/v2\/product_cat?post=45701"},{"taxonomy":"product_tag","embeddable":true,"href":"https:\/\/aztex.ee\/cs\/wp-json\/wp\/v2\/product_tag?post=45701"}],"curies":[{"name":"wp","href":"https:\/\/api.w.org\/{rel}","templated":true}]}}