{"id":44112,"date":"2025-01-22T18:25:30","date_gmt":"2025-01-22T18:25:30","guid":{"rendered":"https:\/\/aztex.ee\/?post_type=product&#038;p=44112"},"modified":"2026-04-02T14:07:23","modified_gmt":"2026-04-02T14:07:23","slug":"sada-bambusovych-rucniku-3ks","status":"publish","type":"product","link":"https:\/\/aztex.ee\/cs\/pood\/rucniky-a-osusky\/sada-bambusovych-rucniku-3ks\/","title":{"rendered":"Sada bambusov\u00fdch ru\u010dn\u00edk\u016f"},"content":{"rendered":"<p>Sada bambusov\u00fdch ru\u010dn\u00edk\u016f, kter\u00e1 obsahuje 1 osu\u0161ku a 2 ru\u010dn\u00edky, je ide\u00e1ln\u00ed pro ty, kte\u0159\u00ed hledaj\u00ed m\u011bkkost a prakti\u010dnost.<\/p>\n<p>Sada obsahuje:<br \/>\n1 velk\u00e1 osu\u0161ka (70\u00d7140 cm), kter\u00e1 poskytuje pohodln\u00e9 a pln\u00e9 kryt\u00ed.<br \/>\n2 men\u0161\u00ed ru\u010dn\u00edky (35\u00d775 cm), ide\u00e1ln\u00ed na osu\u0161en\u00ed obli\u010deje nebo rukou.<\/p>\n<p>Ru\u010dn\u00edky z bambusov\u00e9ho vl\u00e1kna jsou v\u00fdjime\u010dn\u011b m\u011bkk\u00e9, jemn\u00e9 k poko\u017ece a p\u016fsob\u00ed luxusn\u011b. D\u00edky p\u0159irozen\u00e9 struktu\u0159e bambusu maj\u00ed v\u00fdbornou savost a rychle schnou.<\/p>\n<p>Ru\u010dn\u00edky jsou tak\u00e9 antibakteri\u00e1ln\u00ed a dlouhotrvaj\u00edc\u00ed, svou kvalitu si zachov\u00e1vaj\u00ed i po opakovan\u00e9m pran\u00ed. Nad\u010dasov\u00fd a klasick\u00fd design se hod\u00ed do ka\u017ed\u00e9 koupelny a dod\u00e1v\u00e1 j\u00ed styl a eleganci.<\/p>\n<p>Tato sada bambusov\u00fdch ru\u010dn\u00edk\u016f je skv\u011blou volbou pro ka\u017edodenn\u00ed pou\u017eit\u00ed i jako d\u00e1rek.<\/p>\n","protected":false},"excerpt":{"rendered":"<ul>\n<li>Materi\u00e1l: 100% bambus<\/li>\n<li>Rozm\u011br: (70\u00d7140 cm 1 ks) + (35\u00d775 cm 2 ks)<\/li>\n<li>Gram\u00e1\u017e: 420g\/m2<\/li>\n<li>Sada obsahuje: 3 ks<\/li>\n<\/ul>\n","protected":false},"featured_media":44214,"comment_status":"open","ping_status":"closed","template":"","meta":[],"product_brand":[],"product_cat":[979,1658,474,1562],"product_tag":[],"class_list":{"0":"post-44112","1":"product","2":"type-product","3":"status-publish","4":"has-post-thumbnail","6":"product_cat-bambusove-osusky-a-rucniky","7":"product_cat-bambusove-sady-rucniku","8":"product_cat-rucniky-a-osusky","9":"product_cat-sady-rucniku","11":"first","12":"instock","13":"shipping-taxable","14":"purchasable","15":"product-type-variable"},"yoast_head":"<!-- This site is optimized with the Yoast SEO plugin v27.4 - https:\/\/yoast.com\/product\/yoast-seo-wordpress\/ -->\n<title>Sada 3 kus\u016f bambusov\u00fdch ru\u010dn\u00edk\u016f | AZTEX<\/title>\n<meta name=\"description\" content=\"Sada bio bambusov\u00fdch ru\u010dn\u00edk\u016f obsahuje 1 kus 70x140 cm a 2 kusy 35x75 cm ru\u010dn\u00edk\u016f s jemnou texturou a v\u00fdbornou savost\u00ed. | AZTEX bytov\u00fd textil\" \/>\n<meta name=\"robots\" content=\"index, follow, max-snippet:-1, max-image-preview:large, max-video-preview:-1\" \/>\n<link rel=\"canonical\" href=\"https:\/\/aztex.ee\/cs\/pood\/rucniky-a-osusky\/sada-bambusovych-rucniku-3ks\/\" \/>\n<meta property=\"og:locale\" content=\"cs_CZ\" \/>\n<meta property=\"og:type\" content=\"article\" \/>\n<meta property=\"og:title\" content=\"Sada 3 kus\u016f bambusov\u00fdch ru\u010dn\u00edk\u016f | AZTEX\" \/>\n<meta property=\"og:description\" content=\"Sada bio bambusov\u00fdch ru\u010dn\u00edk\u016f obsahuje 1 kus 70x140 cm a 2 kusy 35x75 cm ru\u010dn\u00edk\u016f s jemnou texturou a v\u00fdbornou savost\u00ed. | AZTEX bytov\u00fd textil\" \/>\n<meta property=\"og:url\" content=\"https:\/\/aztex.ee\/cs\/pood\/rucniky-a-osusky\/sada-bambusovych-rucniku-3ks\/\" \/>\n<meta property=\"og:site_name\" content=\"AZTEX\" \/>\n<meta property=\"article:publisher\" content=\"https:\/\/www.facebook.com\/AztexEE\" \/>\n<meta property=\"article:modified_time\" content=\"2026-04-02T14:07:23+00:00\" \/>\n<meta property=\"og:image\" content=\"https:\/\/aztex.ee\/wp-content\/uploads\/2025\/01\/Bambusest-ratikute-komplekt-1.jpg\" \/>\n\t<meta property=\"og:image:width\" content=\"800\" \/>\n\t<meta property=\"og:image:height\" content=\"800\" \/>\n\t<meta property=\"og:image:type\" content=\"image\/jpeg\" \/>\n<meta name=\"twitter:card\" content=\"summary_large_image\" \/>\n<meta name=\"twitter:label1\" content=\"Odhadovan\u00e1 doba \u010dten\u00ed\" \/>\n\t<meta name=\"twitter:data1\" content=\"1 minuta\" \/>\n<script type=\"application\/ld+json\" class=\"yoast-schema-graph\">{\"@context\":\"https:\\\/\\\/schema.org\",\"@graph\":[{\"@type\":[\"WebPage\",\"ItemPage\"],\"@id\":\"https:\\\/\\\/aztex.ee\\\/cs\\\/pood\\\/rucniky-a-osusky\\\/sada-bambusovych-rucniku-3ks\\\/\",\"url\":\"https:\\\/\\\/aztex.ee\\\/cs\\\/pood\\\/rucniky-a-osusky\\\/sada-bambusovych-rucniku-3ks\\\/\",\"name\":\"Sada 3 kus\u016f bambusov\u00fdch ru\u010dn\u00edk\u016f | AZTEX\",\"isPartOf\":{\"@id\":\"https:\\\/\\\/aztex.ee\\\/cs\\\/#website\"},\"primaryImageOfPage\":{\"@id\":\"https:\\\/\\\/aztex.ee\\\/cs\\\/pood\\\/rucniky-a-osusky\\\/sada-bambusovych-rucniku-3ks\\\/#primaryimage\"},\"image\":{\"@id\":\"https:\\\/\\\/aztex.ee\\\/cs\\\/pood\\\/rucniky-a-osusky\\\/sada-bambusovych-rucniku-3ks\\\/#primaryimage\"},\"thumbnailUrl\":\"https:\\\/\\\/aztex.ee\\\/wp-content\\\/uploads\\\/2025\\\/01\\\/Bambusest-ratikute-komplekt-1.jpg\",\"datePublished\":\"2025-01-22T18:25:30+00:00\",\"dateModified\":\"2026-04-02T14:07:23+00:00\",\"description\":\"Sada bio bambusov\u00fdch ru\u010dn\u00edk\u016f obsahuje 1 kus 70x140 cm a 2 kusy 35x75 cm ru\u010dn\u00edk\u016f s jemnou texturou a v\u00fdbornou savost\u00ed. | AZTEX bytov\u00fd textil\",\"breadcrumb\":{\"@id\":\"https:\\\/\\\/aztex.ee\\\/cs\\\/pood\\\/rucniky-a-osusky\\\/sada-bambusovych-rucniku-3ks\\\/#breadcrumb\"},\"inLanguage\":\"cs\",\"potentialAction\":[{\"@type\":\"ReadAction\",\"target\":[\"https:\\\/\\\/aztex.ee\\\/cs\\\/pood\\\/rucniky-a-osusky\\\/sada-bambusovych-rucniku-3ks\\\/\"]}]},{\"@type\":\"ImageObject\",\"inLanguage\":\"cs\",\"@id\":\"https:\\\/\\\/aztex.ee\\\/cs\\\/pood\\\/rucniky-a-osusky\\\/sada-bambusovych-rucniku-3ks\\\/#primaryimage\",\"url\":\"https:\\\/\\\/aztex.ee\\\/wp-content\\\/uploads\\\/2025\\\/01\\\/Bambusest-ratikute-komplekt-1.jpg\",\"contentUrl\":\"https:\\\/\\\/aztex.ee\\\/wp-content\\\/uploads\\\/2025\\\/01\\\/Bambusest-ratikute-komplekt-1.jpg\",\"width\":800,\"height\":800,\"caption\":\"Bambusest r\u00e4tikute komplekt\"},{\"@type\":\"BreadcrumbList\",\"@id\":\"https:\\\/\\\/aztex.ee\\\/cs\\\/pood\\\/rucniky-a-osusky\\\/sada-bambusovych-rucniku-3ks\\\/#breadcrumb\",\"itemListElement\":[{\"@type\":\"ListItem\",\"position\":1,\"name\":\"Dom\u016f\",\"item\":\"https:\\\/\\\/aztex.ee\\\/cs\\\/\"},{\"@type\":\"ListItem\",\"position\":2,\"name\":\"Obchod\",\"item\":\"https:\\\/\\\/aztex.ee\\\/cs\\\/obchod\\\/\"},{\"@type\":\"ListItem\",\"position\":3,\"name\":\"Sada bambusov\u00fdch ru\u010dn\u00edk\u016f\"}]},{\"@type\":\"WebSite\",\"@id\":\"https:\\\/\\\/aztex.ee\\\/cs\\\/#website\",\"url\":\"https:\\\/\\\/aztex.ee\\\/cs\\\/\",\"name\":\"AZTEX\",\"description\":\"\",\"publisher\":{\"@id\":\"https:\\\/\\\/aztex.ee\\\/cs\\\/#organization\"},\"potentialAction\":[{\"@type\":\"SearchAction\",\"target\":{\"@type\":\"EntryPoint\",\"urlTemplate\":\"https:\\\/\\\/aztex.ee\\\/cs\\\/?s={search_term_string}\"},\"query-input\":{\"@type\":\"PropertyValueSpecification\",\"valueRequired\":true,\"valueName\":\"search_term_string\"}}],\"inLanguage\":\"cs\"},{\"@type\":\"Organization\",\"@id\":\"https:\\\/\\\/aztex.ee\\\/cs\\\/#organization\",\"name\":\"AZTEX\",\"url\":\"https:\\\/\\\/aztex.ee\\\/cs\\\/\",\"logo\":{\"@type\":\"ImageObject\",\"inLanguage\":\"cs\",\"@id\":\"https:\\\/\\\/aztex.ee\\\/cs\\\/#\\\/schema\\\/logo\\\/image\\\/\",\"url\":\"https:\\\/\\\/aztex.ee\\\/wp-content\\\/uploads\\\/2026\\\/01\\\/AZTEX.png\",\"contentUrl\":\"https:\\\/\\\/aztex.ee\\\/wp-content\\\/uploads\\\/2026\\\/01\\\/AZTEX.png\",\"width\":500,\"height\":500,\"caption\":\"AZTEX\"},\"image\":{\"@id\":\"https:\\\/\\\/aztex.ee\\\/cs\\\/#\\\/schema\\\/logo\\\/image\\\/\"},\"sameAs\":[\"https:\\\/\\\/www.facebook.com\\\/AztexEE\",\"https:\\\/\\\/www.instagram.com\\\/aztexeesti\\\/\",\"https:\\\/\\\/www.youtube.com\\\/@AZTEXEE\",\"https:\\\/\\\/www.pinterest.com\\\/aztex_eesti\\\/\",\"https:\\\/\\\/www.tiktok.com\\\/@aztexeesti\",\"https:\\\/\\\/www.trustpilot.com\\\/review\\\/aztex.ee\",\"https:\\\/\\\/www.linkedin.com\\\/company\\\/aztex-ee\\\/\",\"https:\\\/\\\/www.wikidata.org\\\/wiki\\\/Q137560182\"]}]}<\/script>\n<!-- \/ Yoast SEO plugin. -->","yoast_head_json":{"title":"Sada 3 kus\u016f bambusov\u00fdch ru\u010dn\u00edk\u016f | AZTEX","description":"Sada bio bambusov\u00fdch ru\u010dn\u00edk\u016f obsahuje 1 kus 70x140 cm a 2 kusy 35x75 cm ru\u010dn\u00edk\u016f s jemnou texturou a v\u00fdbornou savost\u00ed. | AZTEX bytov\u00fd textil","robots":{"index":"index","follow":"follow","max-snippet":"max-snippet:-1","max-image-preview":"max-image-preview:large","max-video-preview":"max-video-preview:-1"},"canonical":"https:\/\/aztex.ee\/cs\/pood\/rucniky-a-osusky\/sada-bambusovych-rucniku-3ks\/","og_locale":"cs_CZ","og_type":"article","og_title":"Sada 3 kus\u016f bambusov\u00fdch ru\u010dn\u00edk\u016f | AZTEX","og_description":"Sada bio bambusov\u00fdch ru\u010dn\u00edk\u016f obsahuje 1 kus 70x140 cm a 2 kusy 35x75 cm ru\u010dn\u00edk\u016f s jemnou texturou a v\u00fdbornou savost\u00ed. | AZTEX bytov\u00fd textil","og_url":"https:\/\/aztex.ee\/cs\/pood\/rucniky-a-osusky\/sada-bambusovych-rucniku-3ks\/","og_site_name":"AZTEX","article_publisher":"https:\/\/www.facebook.com\/AztexEE","article_modified_time":"2026-04-02T14:07:23+00:00","og_image":[{"width":800,"height":800,"url":"https:\/\/aztex.ee\/wp-content\/uploads\/2025\/01\/Bambusest-ratikute-komplekt-1.jpg","type":"image\/jpeg"}],"twitter_card":"summary_large_image","twitter_misc":{"Odhadovan\u00e1 doba \u010dten\u00ed":"1 minuta"},"schema":{"@context":"https:\/\/schema.org","@graph":[{"@type":["WebPage","ItemPage"],"@id":"https:\/\/aztex.ee\/cs\/pood\/rucniky-a-osusky\/sada-bambusovych-rucniku-3ks\/","url":"https:\/\/aztex.ee\/cs\/pood\/rucniky-a-osusky\/sada-bambusovych-rucniku-3ks\/","name":"Sada 3 kus\u016f bambusov\u00fdch ru\u010dn\u00edk\u016f | AZTEX","isPartOf":{"@id":"https:\/\/aztex.ee\/cs\/#website"},"primaryImageOfPage":{"@id":"https:\/\/aztex.ee\/cs\/pood\/rucniky-a-osusky\/sada-bambusovych-rucniku-3ks\/#primaryimage"},"image":{"@id":"https:\/\/aztex.ee\/cs\/pood\/rucniky-a-osusky\/sada-bambusovych-rucniku-3ks\/#primaryimage"},"thumbnailUrl":"https:\/\/aztex.ee\/wp-content\/uploads\/2025\/01\/Bambusest-ratikute-komplekt-1.jpg","datePublished":"2025-01-22T18:25:30+00:00","dateModified":"2026-04-02T14:07:23+00:00","description":"Sada bio bambusov\u00fdch ru\u010dn\u00edk\u016f obsahuje 1 kus 70x140 cm a 2 kusy 35x75 cm ru\u010dn\u00edk\u016f s jemnou texturou a v\u00fdbornou savost\u00ed. | AZTEX bytov\u00fd textil","breadcrumb":{"@id":"https:\/\/aztex.ee\/cs\/pood\/rucniky-a-osusky\/sada-bambusovych-rucniku-3ks\/#breadcrumb"},"inLanguage":"cs","potentialAction":[{"@type":"ReadAction","target":["https:\/\/aztex.ee\/cs\/pood\/rucniky-a-osusky\/sada-bambusovych-rucniku-3ks\/"]}]},{"@type":"ImageObject","inLanguage":"cs","@id":"https:\/\/aztex.ee\/cs\/pood\/rucniky-a-osusky\/sada-bambusovych-rucniku-3ks\/#primaryimage","url":"https:\/\/aztex.ee\/wp-content\/uploads\/2025\/01\/Bambusest-ratikute-komplekt-1.jpg","contentUrl":"https:\/\/aztex.ee\/wp-content\/uploads\/2025\/01\/Bambusest-ratikute-komplekt-1.jpg","width":800,"height":800,"caption":"Bambusest r\u00e4tikute komplekt"},{"@type":"BreadcrumbList","@id":"https:\/\/aztex.ee\/cs\/pood\/rucniky-a-osusky\/sada-bambusovych-rucniku-3ks\/#breadcrumb","itemListElement":[{"@type":"ListItem","position":1,"name":"Dom\u016f","item":"https:\/\/aztex.ee\/cs\/"},{"@type":"ListItem","position":2,"name":"Obchod","item":"https:\/\/aztex.ee\/cs\/obchod\/"},{"@type":"ListItem","position":3,"name":"Sada bambusov\u00fdch ru\u010dn\u00edk\u016f"}]},{"@type":"WebSite","@id":"https:\/\/aztex.ee\/cs\/#website","url":"https:\/\/aztex.ee\/cs\/","name":"AZTEX","description":"","publisher":{"@id":"https:\/\/aztex.ee\/cs\/#organization"},"potentialAction":[{"@type":"SearchAction","target":{"@type":"EntryPoint","urlTemplate":"https:\/\/aztex.ee\/cs\/?s={search_term_string}"},"query-input":{"@type":"PropertyValueSpecification","valueRequired":true,"valueName":"search_term_string"}}],"inLanguage":"cs"},{"@type":"Organization","@id":"https:\/\/aztex.ee\/cs\/#organization","name":"AZTEX","url":"https:\/\/aztex.ee\/cs\/","logo":{"@type":"ImageObject","inLanguage":"cs","@id":"https:\/\/aztex.ee\/cs\/#\/schema\/logo\/image\/","url":"https:\/\/aztex.ee\/wp-content\/uploads\/2026\/01\/AZTEX.png","contentUrl":"https:\/\/aztex.ee\/wp-content\/uploads\/2026\/01\/AZTEX.png","width":500,"height":500,"caption":"AZTEX"},"image":{"@id":"https:\/\/aztex.ee\/cs\/#\/schema\/logo\/image\/"},"sameAs":["https:\/\/www.facebook.com\/AztexEE","https:\/\/www.instagram.com\/aztexeesti\/","https:\/\/www.youtube.com\/@AZTEXEE","https:\/\/www.pinterest.com\/aztex_eesti\/","https:\/\/www.tiktok.com\/@aztexeesti","https:\/\/www.trustpilot.com\/review\/aztex.ee","https:\/\/www.linkedin.com\/company\/aztex-ee\/","https:\/\/www.wikidata.org\/wiki\/Q137560182"]}]}},"_links":{"self":[{"href":"https:\/\/aztex.ee\/cs\/wp-json\/wp\/v2\/product\/44112","targetHints":{"allow":["GET"]}}],"collection":[{"href":"https:\/\/aztex.ee\/cs\/wp-json\/wp\/v2\/product"}],"about":[{"href":"https:\/\/aztex.ee\/cs\/wp-json\/wp\/v2\/types\/product"}],"replies":[{"embeddable":true,"href":"https:\/\/aztex.ee\/cs\/wp-json\/wp\/v2\/comments?post=44112"}],"version-history":[{"count":0,"href":"https:\/\/aztex.ee\/cs\/wp-json\/wp\/v2\/product\/44112\/revisions"}],"wp:featuredmedia":[{"embeddable":true,"href":"https:\/\/aztex.ee\/cs\/wp-json\/wp\/v2\/media\/44214"}],"wp:attachment":[{"href":"https:\/\/aztex.ee\/cs\/wp-json\/wp\/v2\/media?parent=44112"}],"wp:term":[{"taxonomy":"product_brand","embeddable":true,"href":"https:\/\/aztex.ee\/cs\/wp-json\/wp\/v2\/product_brand?post=44112"},{"taxonomy":"product_cat","embeddable":true,"href":"https:\/\/aztex.ee\/cs\/wp-json\/wp\/v2\/product_cat?post=44112"},{"taxonomy":"product_tag","embeddable":true,"href":"https:\/\/aztex.ee\/cs\/wp-json\/wp\/v2\/product_tag?post=44112"}],"curies":[{"name":"wp","href":"https:\/\/api.w.org\/{rel}","templated":true}]}}